{"id":17639,"date":"2023-06-07T16:16:23","date_gmt":"2023-06-07T14:16:23","guid":{"rendered":"https:\/\/www.vulcania.com\/?page_id=17639"},"modified":"2023-06-21T09:58:17","modified_gmt":"2023-06-21T07:58:17","slug":"animations-earth-in-space","status":"publish","type":"page","link":"https:\/\/www.vulcania.com\/en\/animations-earth-in-space\/","title":{"rendered":"Animations about the Earth in space"},"content":{"rendered":"<div class=\"wpb-content-wrapper\"><p>[vc_row][vc_column][vc_column_text el_class=&#8221;intro&#8221;]To better understand and apprehend our planet, we must get an overview, and therefore gain height. You will discover, on your own or with the Professor Yapadrisk\u2019s assistants, our Solar System and all the secrets of the blue planet in <a href=\"\/en\/animation\/machine-terre\/\" target=\"_blank\" rel=\"noopener\">Machine Terre<\/a> (Earth machine), and you will explore Earth from the sky with a scientific animator during <a href=\"\/en\/animation\/planete-devoilee\/\" target=\"_blank\" rel=\"noopener\">Plan\u00e8te d\u00e9voil\u00e9e<\/a> (Unveiled planet).[\/vc_column_text][\/vc_column][\/vc_row][vc_row full_width=&#8221;stretch_row&#8221; el_class=&#8221;clair&#8221;][vc_column][vc_empty_space height=&#8221;30&#8243;][vc_column_text]<\/p>\n<h2>List of animations about Earth in space<\/h2>\n<p>[\/vc_column_text][vc_masonry_grid post_type=&#8221;animation&#8221; max_items=&#8221;-1&#8243; item=&#8221;326&#8243; grid_id=&#8221;vc_gid:1687334201518-047badb4-ebb5-10&#8243; taxonomies=&#8221;29&#8243;][vc_empty_space height=&#8221;30&#8243;][\/vc_column][\/vc_row]<\/p>\n<\/div>","protected":false},"excerpt":{"rendered":"<p>[vc_row][vc_column][vc_column_text el_class=&#8221;intro&#8221;]To better understand and apprehend our planet, we must get an overview, and therefore gain height. You will discover, on your own or with the Professor Yapadrisk\u2019s assistants, our Solar System and all the secrets of the blue planet in Machine Terre (Earth machine), and you will explore Earth from the sky with a [&hellip;]<\/p>\n","protected":false},"author":4,"featured_media":0,"parent":0,"menu_order":0,"comment_status":"closed","ping_status":"closed","template":"","meta":{"_acf_changed":false,"_relevanssi_hide_post":"","_relevanssi_hide_content":"","_relevanssi_pin_for_all":"","_relevanssi_pin_keywords":"","_relevanssi_unpin_keywords":"","_relevanssi_related_keywords":"","_relevanssi_related_include_ids":"","_relevanssi_related_exclude_ids":"","_relevanssi_related_no_append":"","_relevanssi_related_not_related":"","_relevanssi_related_posts":"","_relevanssi_noindex_reason":"","footnotes":""},"acf":[],"yoast_head":"<!-- This site is optimized with the Yoast SEO plugin v22.9 - https:\/\/yoast.com\/wordpress\/plugins\/seo\/ -->\n<title>Activities and discovery of earth and space at Vulcania park<\/title>\n<meta name=\"description\" content=\"Discover our Solar System and all the secrets of the blue planet in Machine Terre, either on your own or with Professor Yapadrisk&#039;s assistants, and observe the Earth from space with a Planet Unveiled science animator.\" \/>\n<meta name=\"robots\" content=\"index, follow, max-snippet:-1, max-image-preview:large, max-video-preview:-1\" \/>\n<link rel=\"canonical\" href=\"https:\/\/www.vulcania.com\/en\/animations-earth-in-space\/\" \/>\n<meta property=\"og:locale\" content=\"en_US\" \/>\n<meta property=\"og:type\" content=\"article\" \/>\n<meta property=\"og:title\" content=\"Activities and discovery of earth and space at Vulcania park\" \/>\n<meta property=\"og:description\" content=\"Discover our Solar System and all the secrets of the blue planet in Machine Terre, either on your own or with Professor Yapadrisk&#039;s assistants, and observe the Earth from space with a Planet Unveiled science animator.\" \/>\n<meta property=\"og:url\" content=\"https:\/\/www.vulcania.com\/en\/animations-earth-in-space\/\" \/>\n<meta property=\"og:site_name\" content=\"Vulcania\" \/>\n<meta property=\"article:publisher\" content=\"https:\/\/www.facebook.com\/ParcVulcania\" \/>\n<meta property=\"article:modified_time\" content=\"2023-06-21T07:58:17+00:00\" \/>\n<meta property=\"og:image\" content=\"https:\/\/www.vulcania.com\/wp-content\/uploads\/2023\/03\/logo-vulcania.png\" \/>\n\t<meta property=\"og:image:width\" content=\"570\" \/>\n\t<meta property=\"og:image:height\" content=\"253\" \/>\n\t<meta property=\"og:image:type\" content=\"image\/png\" \/>\n<meta name=\"twitter:card\" content=\"summary_large_image\" \/>\n<meta name=\"twitter:site\" content=\"@parc_vulcania\" \/>\n<meta name=\"twitter:label1\" content=\"Est. reading time\" \/>\n\t<meta name=\"twitter:data1\" content=\"1 minute\" \/>\n<script type=\"application\/ld+json\" class=\"yoast-schema-graph\">{\"@context\":\"https:\/\/schema.org\",\"@graph\":[{\"@type\":\"WebPage\",\"@id\":\"https:\/\/www.vulcania.com\/en\/animations-earth-in-space\/\",\"url\":\"https:\/\/www.vulcania.com\/en\/animations-earth-in-space\/\",\"name\":\"Activities and discovery of earth and space at Vulcania park\",\"isPartOf\":{\"@id\":\"https:\/\/www.vulcania.com\/#website\"},\"datePublished\":\"2023-06-07T14:16:23+00:00\",\"dateModified\":\"2023-06-21T07:58:17+00:00\",\"description\":\"Discover our Solar System and all the secrets of the blue planet in Machine Terre, either on your own or with Professor Yapadrisk's assistants, and observe the Earth from space with a Planet Unveiled science animator.\",\"breadcrumb\":{\"@id\":\"https:\/\/www.vulcania.com\/en\/animations-earth-in-space\/#breadcrumb\"},\"inLanguage\":\"en-US\",\"potentialAction\":[{\"@type\":\"ReadAction\",\"target\":[\"https:\/\/www.vulcania.com\/en\/animations-earth-in-space\/\"]}]},{\"@type\":\"BreadcrumbList\",\"@id\":\"https:\/\/www.vulcania.com\/en\/animations-earth-in-space\/#breadcrumb\",\"itemListElement\":[{\"@type\":\"ListItem\",\"position\":1,\"name\":\"Accueil\",\"item\":\"https:\/\/www.vulcania.com\/en\/\"},{\"@type\":\"ListItem\",\"position\":2,\"name\":\"Animations about the Earth in space\"}]},{\"@type\":\"WebSite\",\"@id\":\"https:\/\/www.vulcania.com\/#website\",\"url\":\"https:\/\/www.vulcania.com\/\",\"name\":\"Vulcania\",\"description\":\"Parc \u00e0 th\u00e8me au c\u0153ur des volcans d&#039;Auvergne\",\"publisher\":{\"@id\":\"https:\/\/www.vulcania.com\/#organization\"},\"potentialAction\":[{\"@type\":\"SearchAction\",\"target\":{\"@type\":\"EntryPoint\",\"urlTemplate\":\"https:\/\/www.vulcania.com\/?s={search_term_string}\"},\"query-input\":\"required name=search_term_string\"}],\"inLanguage\":\"en-US\"},{\"@type\":\"Organization\",\"@id\":\"https:\/\/www.vulcania.com\/#organization\",\"name\":\"Vulcania\",\"url\":\"https:\/\/www.vulcania.com\/\",\"logo\":{\"@type\":\"ImageObject\",\"inLanguage\":\"en-US\",\"@id\":\"https:\/\/www.vulcania.com\/#\/schema\/logo\/image\/\",\"url\":\"https:\/\/www.vulcania.com\/wp-content\/uploads\/2023\/03\/logo-vulcania.png\",\"contentUrl\":\"https:\/\/www.vulcania.com\/wp-content\/uploads\/2023\/03\/logo-vulcania.png\",\"width\":570,\"height\":253,\"caption\":\"Vulcania\"},\"image\":{\"@id\":\"https:\/\/www.vulcania.com\/#\/schema\/logo\/image\/\"},\"sameAs\":[\"https:\/\/www.facebook.com\/ParcVulcania\",\"https:\/\/x.com\/parc_vulcania\",\"https:\/\/www.youtube.com\/user\/ParcVulcania\",\"https:\/\/www.instagram.com\/parcvulcania\/\"]}]}<\/script>\n<!-- \/ Yoast SEO plugin. -->","yoast_head_json":{"title":"Activities and discovery of earth and space at Vulcania park","description":"Discover our Solar System and all the secrets of the blue planet in Machine Terre, either on your own or with Professor Yapadrisk's assistants, and observe the Earth from space with a Planet Unveiled science animator.","robots":{"index":"index","follow":"follow","max-snippet":"max-snippet:-1","max-image-preview":"max-image-preview:large","max-video-preview":"max-video-preview:-1"},"canonical":"https:\/\/www.vulcania.com\/en\/animations-earth-in-space\/","og_locale":"en_US","og_type":"article","og_title":"Activities and discovery of earth and space at Vulcania park","og_description":"Discover our Solar System and all the secrets of the blue planet in Machine Terre, either on your own or with Professor Yapadrisk's assistants, and observe the Earth from space with a Planet Unveiled science animator.","og_url":"https:\/\/www.vulcania.com\/en\/animations-earth-in-space\/","og_site_name":"Vulcania","article_publisher":"https:\/\/www.facebook.com\/ParcVulcania","article_modified_time":"2023-06-21T07:58:17+00:00","og_image":[{"width":570,"height":253,"url":"https:\/\/www.vulcania.com\/wp-content\/uploads\/2023\/03\/logo-vulcania.png","type":"image\/png"}],"twitter_card":"summary_large_image","twitter_site":"@parc_vulcania","twitter_misc":{"Est. reading time":"1 minute"},"schema":{"@context":"https:\/\/schema.org","@graph":[{"@type":"WebPage","@id":"https:\/\/www.vulcania.com\/en\/animations-earth-in-space\/","url":"https:\/\/www.vulcania.com\/en\/animations-earth-in-space\/","name":"Activities and discovery of earth and space at Vulcania park","isPartOf":{"@id":"https:\/\/www.vulcania.com\/#website"},"datePublished":"2023-06-07T14:16:23+00:00","dateModified":"2023-06-21T07:58:17+00:00","description":"Discover our Solar System and all the secrets of the blue planet in Machine Terre, either on your own or with Professor Yapadrisk's assistants, and observe the Earth from space with a Planet Unveiled science animator.","breadcrumb":{"@id":"https:\/\/www.vulcania.com\/en\/animations-earth-in-space\/#breadcrumb"},"inLanguage":"en-US","potentialAction":[{"@type":"ReadAction","target":["https:\/\/www.vulcania.com\/en\/animations-earth-in-space\/"]}]},{"@type":"BreadcrumbList","@id":"https:\/\/www.vulcania.com\/en\/animations-earth-in-space\/#breadcrumb","itemListElement":[{"@type":"ListItem","position":1,"name":"Accueil","item":"https:\/\/www.vulcania.com\/en\/"},{"@type":"ListItem","position":2,"name":"Animations about the Earth in space"}]},{"@type":"WebSite","@id":"https:\/\/www.vulcania.com\/#website","url":"https:\/\/www.vulcania.com\/","name":"Vulcania","description":"Parc \u00e0 th\u00e8me au c\u0153ur des volcans d&#039;Auvergne","publisher":{"@id":"https:\/\/www.vulcania.com\/#organization"},"potentialAction":[{"@type":"SearchAction","target":{"@type":"EntryPoint","urlTemplate":"https:\/\/www.vulcania.com\/?s={search_term_string}"},"query-input":"required name=search_term_string"}],"inLanguage":"en-US"},{"@type":"Organization","@id":"https:\/\/www.vulcania.com\/#organization","name":"Vulcania","url":"https:\/\/www.vulcania.com\/","logo":{"@type":"ImageObject","inLanguage":"en-US","@id":"https:\/\/www.vulcania.com\/#\/schema\/logo\/image\/","url":"https:\/\/www.vulcania.com\/wp-content\/uploads\/2023\/03\/logo-vulcania.png","contentUrl":"https:\/\/www.vulcania.com\/wp-content\/uploads\/2023\/03\/logo-vulcania.png","width":570,"height":253,"caption":"Vulcania"},"image":{"@id":"https:\/\/www.vulcania.com\/#\/schema\/logo\/image\/"},"sameAs":["https:\/\/www.facebook.com\/ParcVulcania","https:\/\/x.com\/parc_vulcania","https:\/\/www.youtube.com\/user\/ParcVulcania","https:\/\/www.instagram.com\/parcvulcania\/"]}]}},"_links":{"self":[{"href":"https:\/\/www.vulcania.com\/en\/wp-json\/wp\/v2\/pages\/17639"}],"collection":[{"href":"https:\/\/www.vulcania.com\/en\/wp-json\/wp\/v2\/pages"}],"about":[{"href":"https:\/\/www.vulcania.com\/en\/wp-json\/wp\/v2\/types\/page"}],"author":[{"embeddable":true,"href":"https:\/\/www.vulcania.com\/en\/wp-json\/wp\/v2\/users\/4"}],"replies":[{"embeddable":true,"href":"https:\/\/www.vulcania.com\/en\/wp-json\/wp\/v2\/comments?post=17639"}],"version-history":[{"count":4,"href":"https:\/\/www.vulcania.com\/en\/wp-json\/wp\/v2\/pages\/17639\/revisions"}],"predecessor-version":[{"id":18094,"href":"https:\/\/www.vulcania.com\/en\/wp-json\/wp\/v2\/pages\/17639\/revisions\/18094"}],"wp:attachment":[{"href":"https:\/\/www.vulcania.com\/en\/wp-json\/wp\/v2\/media?parent=17639"}],"curies":[{"name":"wp","href":"https:\/\/api.w.org\/{rel}","templated":true}]}}