{"id":17672,"date":"2023-06-07T17:20:17","date_gmt":"2023-06-07T15:20:17","guid":{"rendered":"https:\/\/www.vulcania.com\/?page_id=17672"},"modified":"2023-06-16T16:52:41","modified_gmt":"2023-06-16T14:52:41","slug":"a-scientific-park","status":"publish","type":"page","link":"https:\/\/www.vulcania.com\/en\/a-scientific-park\/","title":{"rendered":"A scientific park"},"content":{"rendered":"<div class=\"wpb-content-wrapper\"><p>[vc_row content_placement=&#8221;middle&#8221;][vc_column width=&#8221;1\/2&#8243;][vc_single_image image=&#8221;16889&#8243; img_size=&#8221;&#8221; el_class=&#8221;coins-arrondis&#8221;][\/vc_column][vc_column width=&#8221;1\/2&#8243;][vc_column_text el_class=&#8221;intro&#8221;]Both a science park and an amusement park, Vulcania has a dual mission: to promote knowledge of the Earth sciences and to create economic dynamism throughout the Auvergne region.[\/vc_column_text][vc_column_text]These missions rely on Vulcania&#8217;s own skills, but also on networking with the scientific, educational and economic worlds. The content of the messages delivered to the public is systematically validated by an independent International Scientific Council. This work, developed since the opening of Vulcania in 2002, has made Vulcania a scientific reference and a tool with quantified economic benefits for the Auvergne region.[\/vc_column_text][\/vc_column][\/vc_row][vc_row][vc_column width=&#8221;1\/2&#8243;][vc_column_text]<\/p>\n<h2>A scientific team<\/h2>\n<p>[\/vc_column_text][vc_column_text]Visits, school workshops and scientific activities are led by scientific mediators, specialized in Earth Sciences. Many of these mediators are graduates of the volcanology courses offered by Blaise Pascal University in Clermont-Ferrand, further proof of Vulcania&#8217;s legitimacy within the Auvergne volcanoes.[\/vc_column_text][\/vc_column][vc_column width=&#8221;1\/2&#8243;][vc_column_text]<\/p>\n<h2>From scientific to educational: events designed for everyone<\/h2>\n<p>[\/vc_column_text][vc_column_text]<\/p>\n<div class=\"wpb_text_column wpb_content_element \">\n<div class=\"wpb_wrapper\">\n<p class=\"bodytext\">True to its educational mission, the Vulcania science park helps young visitors discover volcanoes and the forces of nature, an integral part of the school curriculum. The park&#8217;s rich scenography and volcano-related experiments are well-suited to interdisciplinary approaches such as History, Geography, Environmental Education, Physical Sciences, Architecture, Plastic Arts&#8230; Close ties have been forged with the world of education. An authentic and exceptional scenography thanks to the Krafft collections.<\/p>\n<p class=\"bodytext\">Maurice and Katia KRAFFT, legendary figures in French volcanology, criss-crossed the planet for twenty-five years to study the Earth&#8217;s fires. Visitors to Vulcania have the chance to see and hear volcanic testimonies from a real-life &#8220;volcano&#8221; experience, and to reproduce them in our science park. The rumblings of the Crater, for example, are a creation based on sounds recorded on volcanoes in Italy, Iceland and Indonesia.<\/p>\n<\/div>\n<\/div>\n<div class=\"wpb_text_column wpb_content_element \">\n<div class=\"wpb_wrapper\">\n<p>As an attraction park focused on observation and experimentation, Vulcania contributes fully to the understanding of the sometimes violent natural phenomena that govern our planet.<\/p>\n<\/div>\n<\/div>\n<p>[\/vc_column_text][\/vc_column][\/vc_row][vc_row][vc_column][vc_empty_space height=&#8221;60&#8243;][\/vc_column][\/vc_row]<\/p>\n<\/div>","protected":false},"excerpt":{"rendered":"<p>[vc_row content_placement=&#8221;middle&#8221;][vc_column width=&#8221;1\/2&#8243;][vc_single_image image=&#8221;16889&#8243; img_size=&#8221;&#8221; el_class=&#8221;coins-arrondis&#8221;][\/vc_column][vc_column width=&#8221;1\/2&#8243;][vc_column_text el_class=&#8221;intro&#8221;]Both a science park and an amusement park, Vulcania has a dual mission: to promote knowledge of the Earth sciences and to create economic dynamism throughout the Auvergne region.[\/vc_column_text][vc_column_text]These missions rely on Vulcania&#8217;s own skills, but also on networking with the scientific, educational and economic worlds. The content [&hellip;]<\/p>\n","protected":false},"author":4,"featured_media":0,"parent":0,"menu_order":0,"comment_status":"closed","ping_status":"closed","template":"","meta":{"_acf_changed":false,"_relevanssi_hide_post":"","_relevanssi_hide_content":"","_relevanssi_pin_for_all":"","_relevanssi_pin_keywords":"","_relevanssi_unpin_keywords":"","_relevanssi_related_keywords":"","_relevanssi_related_include_ids":"","_relevanssi_related_exclude_ids":"","_relevanssi_related_no_append":"","_relevanssi_related_not_related":"","_relevanssi_related_posts":"","_relevanssi_noindex_reason":"","footnotes":""},"acf":[],"yoast_head":"<!-- This site is optimized with the Yoast SEO plugin v22.9 - https:\/\/yoast.com\/wordpress\/plugins\/seo\/ -->\n<title>Vulcania science park in Auvergne: for the whole family<\/title>\n<meta name=\"description\" content=\"Discover the Vulcania park in Auvergne: a scientific theme park, unique in Europe, for the whole family. Educational activities to discover the secrets of science.\" \/>\n<meta name=\"robots\" content=\"index, follow, max-snippet:-1, max-image-preview:large, max-video-preview:-1\" \/>\n<link rel=\"canonical\" href=\"https:\/\/www.vulcania.com\/un-parc-scientifique\/\" \/>\n<meta property=\"og:locale\" content=\"en_US\" \/>\n<meta property=\"og:type\" content=\"article\" \/>\n<meta property=\"og:title\" content=\"Vulcania science park in Auvergne: for the whole family\" \/>\n<meta property=\"og:description\" content=\"Discover the Vulcania park in Auvergne: a scientific theme park, unique in Europe, for the whole family. Educational activities to discover the secrets of science.\" \/>\n<meta property=\"og:url\" content=\"https:\/\/www.vulcania.com\/un-parc-scientifique\/\" \/>\n<meta property=\"og:site_name\" content=\"Vulcania\" \/>\n<meta property=\"article:publisher\" content=\"https:\/\/www.facebook.com\/ParcVulcania\" \/>\n<meta property=\"article:modified_time\" content=\"2023-06-16T14:52:41+00:00\" \/>\n<meta property=\"og:image\" content=\"https:\/\/www.vulcania.com\/wp-content\/uploads\/2023\/03\/logo-vulcania.png\" \/>\n\t<meta property=\"og:image:width\" content=\"570\" \/>\n\t<meta property=\"og:image:height\" content=\"253\" \/>\n\t<meta property=\"og:image:type\" content=\"image\/png\" \/>\n<meta name=\"twitter:card\" content=\"summary_large_image\" \/>\n<meta name=\"twitter:site\" content=\"@parc_vulcania\" \/>\n<meta name=\"twitter:label1\" content=\"Est. reading time\" \/>\n\t<meta name=\"twitter:data1\" content=\"2 minutes\" \/>\n<script type=\"application\/ld+json\" class=\"yoast-schema-graph\">{\"@context\":\"https:\/\/schema.org\",\"@graph\":[{\"@type\":\"WebPage\",\"@id\":\"https:\/\/www.vulcania.com\/un-parc-scientifique\/\",\"url\":\"https:\/\/www.vulcania.com\/un-parc-scientifique\/\",\"name\":\"Vulcania science park in Auvergne: for the whole family\",\"isPartOf\":{\"@id\":\"https:\/\/www.vulcania.com\/#website\"},\"datePublished\":\"2023-06-07T15:20:17+00:00\",\"dateModified\":\"2023-06-16T14:52:41+00:00\",\"description\":\"Discover the Vulcania park in Auvergne: a scientific theme park, unique in Europe, for the whole family. Educational activities to discover the secrets of science.\",\"breadcrumb\":{\"@id\":\"https:\/\/www.vulcania.com\/un-parc-scientifique\/#breadcrumb\"},\"inLanguage\":\"en-US\",\"potentialAction\":[{\"@type\":\"ReadAction\",\"target\":[\"https:\/\/www.vulcania.com\/un-parc-scientifique\/\"]}]},{\"@type\":\"BreadcrumbList\",\"@id\":\"https:\/\/www.vulcania.com\/un-parc-scientifique\/#breadcrumb\",\"itemListElement\":[{\"@type\":\"ListItem\",\"position\":1,\"name\":\"Accueil\",\"item\":\"https:\/\/www.vulcania.com\/en\/\"},{\"@type\":\"ListItem\",\"position\":2,\"name\":\"A scientific park\"}]},{\"@type\":\"WebSite\",\"@id\":\"https:\/\/www.vulcania.com\/#website\",\"url\":\"https:\/\/www.vulcania.com\/\",\"name\":\"Vulcania\",\"description\":\"Parc \u00e0 th\u00e8me au c\u0153ur des volcans d&#039;Auvergne\",\"publisher\":{\"@id\":\"https:\/\/www.vulcania.com\/#organization\"},\"potentialAction\":[{\"@type\":\"SearchAction\",\"target\":{\"@type\":\"EntryPoint\",\"urlTemplate\":\"https:\/\/www.vulcania.com\/?s={search_term_string}\"},\"query-input\":\"required name=search_term_string\"}],\"inLanguage\":\"en-US\"},{\"@type\":\"Organization\",\"@id\":\"https:\/\/www.vulcania.com\/#organization\",\"name\":\"Vulcania\",\"url\":\"https:\/\/www.vulcania.com\/\",\"logo\":{\"@type\":\"ImageObject\",\"inLanguage\":\"en-US\",\"@id\":\"https:\/\/www.vulcania.com\/#\/schema\/logo\/image\/\",\"url\":\"https:\/\/www.vulcania.com\/wp-content\/uploads\/2023\/03\/logo-vulcania.png\",\"contentUrl\":\"https:\/\/www.vulcania.com\/wp-content\/uploads\/2023\/03\/logo-vulcania.png\",\"width\":570,\"height\":253,\"caption\":\"Vulcania\"},\"image\":{\"@id\":\"https:\/\/www.vulcania.com\/#\/schema\/logo\/image\/\"},\"sameAs\":[\"https:\/\/www.facebook.com\/ParcVulcania\",\"https:\/\/x.com\/parc_vulcania\",\"https:\/\/www.youtube.com\/user\/ParcVulcania\",\"https:\/\/www.instagram.com\/parcvulcania\/\"]}]}<\/script>\n<!-- \/ Yoast SEO plugin. -->","yoast_head_json":{"title":"Vulcania science park in Auvergne: for the whole family","description":"Discover the Vulcania park in Auvergne: a scientific theme park, unique in Europe, for the whole family. Educational activities to discover the secrets of science.","robots":{"index":"index","follow":"follow","max-snippet":"max-snippet:-1","max-image-preview":"max-image-preview:large","max-video-preview":"max-video-preview:-1"},"canonical":"https:\/\/www.vulcania.com\/un-parc-scientifique\/","og_locale":"en_US","og_type":"article","og_title":"Vulcania science park in Auvergne: for the whole family","og_description":"Discover the Vulcania park in Auvergne: a scientific theme park, unique in Europe, for the whole family. Educational activities to discover the secrets of science.","og_url":"https:\/\/www.vulcania.com\/un-parc-scientifique\/","og_site_name":"Vulcania","article_publisher":"https:\/\/www.facebook.com\/ParcVulcania","article_modified_time":"2023-06-16T14:52:41+00:00","og_image":[{"width":570,"height":253,"url":"https:\/\/www.vulcania.com\/wp-content\/uploads\/2023\/03\/logo-vulcania.png","type":"image\/png"}],"twitter_card":"summary_large_image","twitter_site":"@parc_vulcania","twitter_misc":{"Est. reading time":"2 minutes"},"schema":{"@context":"https:\/\/schema.org","@graph":[{"@type":"WebPage","@id":"https:\/\/www.vulcania.com\/un-parc-scientifique\/","url":"https:\/\/www.vulcania.com\/un-parc-scientifique\/","name":"Vulcania science park in Auvergne: for the whole family","isPartOf":{"@id":"https:\/\/www.vulcania.com\/#website"},"datePublished":"2023-06-07T15:20:17+00:00","dateModified":"2023-06-16T14:52:41+00:00","description":"Discover the Vulcania park in Auvergne: a scientific theme park, unique in Europe, for the whole family. Educational activities to discover the secrets of science.","breadcrumb":{"@id":"https:\/\/www.vulcania.com\/un-parc-scientifique\/#breadcrumb"},"inLanguage":"en-US","potentialAction":[{"@type":"ReadAction","target":["https:\/\/www.vulcania.com\/un-parc-scientifique\/"]}]},{"@type":"BreadcrumbList","@id":"https:\/\/www.vulcania.com\/un-parc-scientifique\/#breadcrumb","itemListElement":[{"@type":"ListItem","position":1,"name":"Accueil","item":"https:\/\/www.vulcania.com\/en\/"},{"@type":"ListItem","position":2,"name":"A scientific park"}]},{"@type":"WebSite","@id":"https:\/\/www.vulcania.com\/#website","url":"https:\/\/www.vulcania.com\/","name":"Vulcania","description":"Parc \u00e0 th\u00e8me au c\u0153ur des volcans d&#039;Auvergne","publisher":{"@id":"https:\/\/www.vulcania.com\/#organization"},"potentialAction":[{"@type":"SearchAction","target":{"@type":"EntryPoint","urlTemplate":"https:\/\/www.vulcania.com\/?s={search_term_string}"},"query-input":"required name=search_term_string"}],"inLanguage":"en-US"},{"@type":"Organization","@id":"https:\/\/www.vulcania.com\/#organization","name":"Vulcania","url":"https:\/\/www.vulcania.com\/","logo":{"@type":"ImageObject","inLanguage":"en-US","@id":"https:\/\/www.vulcania.com\/#\/schema\/logo\/image\/","url":"https:\/\/www.vulcania.com\/wp-content\/uploads\/2023\/03\/logo-vulcania.png","contentUrl":"https:\/\/www.vulcania.com\/wp-content\/uploads\/2023\/03\/logo-vulcania.png","width":570,"height":253,"caption":"Vulcania"},"image":{"@id":"https:\/\/www.vulcania.com\/#\/schema\/logo\/image\/"},"sameAs":["https:\/\/www.facebook.com\/ParcVulcania","https:\/\/x.com\/parc_vulcania","https:\/\/www.youtube.com\/user\/ParcVulcania","https:\/\/www.instagram.com\/parcvulcania\/"]}]}},"_links":{"self":[{"href":"https:\/\/www.vulcania.com\/en\/wp-json\/wp\/v2\/pages\/17672"}],"collection":[{"href":"https:\/\/www.vulcania.com\/en\/wp-json\/wp\/v2\/pages"}],"about":[{"href":"https:\/\/www.vulcania.com\/en\/wp-json\/wp\/v2\/types\/page"}],"author":[{"embeddable":true,"href":"https:\/\/www.vulcania.com\/en\/wp-json\/wp\/v2\/users\/4"}],"replies":[{"embeddable":true,"href":"https:\/\/www.vulcania.com\/en\/wp-json\/wp\/v2\/comments?post=17672"}],"version-history":[{"count":2,"href":"https:\/\/www.vulcania.com\/en\/wp-json\/wp\/v2\/pages\/17672\/revisions"}],"predecessor-version":[{"id":17674,"href":"https:\/\/www.vulcania.com\/en\/wp-json\/wp\/v2\/pages\/17672\/revisions\/17674"}],"wp:attachment":[{"href":"https:\/\/www.vulcania.com\/en\/wp-json\/wp\/v2\/media?parent=17672"}],"curies":[{"name":"wp","href":"https:\/\/api.w.org\/{rel}","templated":true}]}}