{"id":17716,"date":"2023-04-24T10:23:33","date_gmt":"2023-04-24T08:23:33","guid":{"rendered":"https:\/\/www.vulcania.com\/?page_id=17716"},"modified":"2025-11-20T09:47:44","modified_gmt":"2025-11-20T08:47:44","slug":"2-day-ticket","status":"publish","type":"page","link":"https:\/\/www.vulcania.com\/en\/2-day-ticket\/","title":{"rendered":"2-day ticket"},"content":{"rendered":"<div class=\"wpb-content-wrapper\"><p>[vc_row][vc_column width=&#8221;5\/6&#8243;][vc_column_text css=&#8221;.vc_custom_1763628436172{margin-bottom: 30px !important;}&#8221; el_class=&#8221;intro&#8221;]<\/p>\n<p style=\"text-align: justify;\">Set aside 2 consecutive days to take your time to explore all the Park\u2019s attractions:<strong> each day costs you only \u20ac21.50\/adult! <\/strong>(for visits on &#8220;<a href=\"\/en\/calendar\/\" target=\"_blank\" rel=\"noopener\">Green period<\/a>&#8221; dates)<\/p>\n<p>[\/vc_column_text][vc_column_text css=&#8221;&#8221; el_class=&#8221;bloc sombre annonce&#8221;]<strong>Vulcania is closed from 3 November 2025 to 24 March 2026 included. Entry tickets for the 2026 season will soon be available.<\/strong>[\/vc_column_text][\/vc_column][vc_column width=&#8221;1\/6&#8243;][vc_column_text css=&#8221;.vc_custom_1687188094826{margin-bottom: 30px !important;}&#8221; el_class=&#8221;sticker coul-1&#8243;]ONLINE<br \/>\nONLY[\/vc_column_text][\/vc_column][\/vc_row][vc_row][vc_column][vc_empty_space height=&#8221;30&#8243;][\/vc_column][\/vc_row][vc_row][vc_column width=&#8221;1\/2&#8243;][vc_column_text]<\/p>\n<h3>Prices<\/h3>\n<p>[\/vc_column_text][vc_column_text css=&#8221;&#8221; el_class=&#8221;tableau-mobile&#8221;]<\/p>\n<div class=\"wpb_text_column wpb_content_element tableau-mobile\">\n<div class=\"wpb_wrapper\">\n<table style=\"width: 98.5582%;\">\n<tbody>\n<tr>\n<th style=\"width: 25.5319%;\">Prices inc. VAR\/person*<\/th>\n<th class=\"vert\" style=\"width: 20.7856%;\">Green period<\/th>\n<th class=\"bleu\" style=\"width: 20.7856%;\">Blue period<\/th>\n<th class=\"jaune\" style=\"width: 20.9493%;\">Yellow period<\/th>\n<th style=\"width: 101.579%;\">\n<p style=\"color: #857ebd;\">Purple period<\/p>\n<\/th>\n<\/tr>\n<tr>\n<td style=\"width: 25.5319%;\">Adult<\/td>\n<td style=\"width: 20.7856%;\">\u20ac43.00<\/td>\n<td style=\"width: 20.7856%;\">\u20ac45.50<\/td>\n<td style=\"width: 122.528%; text-align: center;\" colspan=\"2\">\u20ac47.00<\/td>\n<\/tr>\n<tr>\n<td style=\"width: 25.5319%;\">Child<br \/>\n(6 to 16 years old)<\/td>\n<td style=\"width: 20.7856%;\">\u20ac35.00<\/td>\n<td style=\"width: 20.7856%;\">\u20ac37.50<\/td>\n<td style=\"width: 122.528%; text-align: center;\" colspan=\"2\">\u20ac38.50<\/td>\n<\/tr>\n<tr>\n<td style=\"width: 25.5319%;\">Young child<br \/>\n(3 to 5 years old)<\/td>\n<td style=\"width: 20.7856%;\">\u20ac13.00<\/td>\n<td style=\"width: 20.7856%;\">\u20ac14.00<\/td>\n<td style=\"width: 122.528%; text-align: center;\" colspan=\"2\">\u20ac15.00<\/td>\n<\/tr>\n<\/tbody>\n<\/table>\n<\/div>\n<\/div>\n<p>[\/vc_column_text][vc_column_text css=&#8221;&#8221; el_class=&#8221;legende_calendrier petit&#8221;]<em>*Prices include 10% of VAT. &#8211; Kids younger than 3 years old are our guests.<br \/>\n<\/em>Information on the <a href=\"\/en\/right-of-withdrawal\/\" target=\"_blank\" rel=\"noopener\">right of withdrawal and method of payment<\/a><em><br \/>\n<\/em><\/p>\n<ul>\n<li class=\"periode-verte\"><strong>Green Period<\/strong><br \/>\nLow season<\/li>\n<li class=\"periode-bleue\"><strong>Blue Period<\/strong><br \/>\nFrench school holidays and weekends with Fren bank holodays<\/li>\n<li class=\"periode-jaune\"><strong>Yellow Period<\/strong><br \/>\nSpecial events and attractions opened in the evening<\/li>\n<\/ul>\n<p><img decoding=\"async\" class=\"alignnone wp-image-20891\" src=\"https:\/\/www.vulcania.com\/wp-content\/uploads\/2024\/01\/periode-violette.png\" alt=\"\" width=\"25\" height=\"25\" \/> <strong>Purple period<\/strong><br \/>\n&#8220;Astronomiales&#8221; evenings[\/vc_column_text][\/vc_column][vc_column width=&#8221;1\/2&#8243;][vc_column_text css=&#8221;.vc_custom_1711616463811{margin-bottom: 15px !important;}&#8221; el_class=&#8221;bloc contour solide calendrier&#8221;]To find out the applicable periods, refer to\u00a0<a href=\"https:\/\/www.vulcania.com\/en\/calendar\/\" target=\"_blank\" rel=\"noopener\">the calendar<\/a>.[\/vc_column_text][vc_row_inner][vc_column_inner el_class=&#8221;bloc appel_a_action clair&#8221;][vc_column_text el_class=&#8221;sticker blanc&#8221;]Buy now[\/vc_column_text][vc_empty_space height=&#8221;30&#8243;][vc_column_text css=&#8221;.vc_custom_1762157672286{margin-bottom: 15px !important;}&#8221;]<strong>The 2-day tickets for the 2026 season will soon be available on <a href=\"https:\/\/billetterie.vulcania.com\/en-GB\/home\" target=\"_blank\" rel=\"noopener\">Vulcania\u2019s online ticketing<\/a>.<\/strong>[\/vc_column_text][vc_column_text]2nd-day ticket valid for the selected dates from 10am until the Park closes.[\/vc_column_text][vc_btn title=&#8221;Available soon&#8221; css=&#8221;&#8221; link=&#8221;url:%23&#8243; el_class=&#8221;bouton coul-3&#8243;][\/vc_column_inner][\/vc_row_inner][\/vc_column][\/vc_row][vc_row][vc_column][vc_empty_space height=&#8221;30&#8243;][\/vc_column][\/vc_row]<\/p>\n<\/div>","protected":false},"excerpt":{"rendered":"<p>[vc_row][vc_column width=&#8221;5\/6&#8243;][vc_column_text css=&#8221;.vc_custom_1763628436172{margin-bottom: 30px !important;}&#8221; el_class=&#8221;intro&#8221;] Set aside 2 consecutive days to take your time to explore all the Park\u2019s attractions: each day costs you only \u20ac21.50\/adult! (for visits on &#8220;Green period&#8221; dates) [\/vc_column_text][vc_column_text css=&#8221;&#8221; el_class=&#8221;bloc sombre annonce&#8221;]Vulcania is closed from 3 November 2025 to 24 March 2026 included. Entry tickets for the 2026 season [&hellip;]<\/p>\n","protected":false},"author":2,"featured_media":0,"parent":0,"menu_order":0,"comment_status":"closed","ping_status":"closed","template":"","meta":{"_acf_changed":false,"_relevanssi_hide_post":"","_relevanssi_hide_content":"","_relevanssi_pin_for_all":"","_relevanssi_pin_keywords":"","_relevanssi_unpin_keywords":"","_relevanssi_related_keywords":"","_relevanssi_related_include_ids":"","_relevanssi_related_exclude_ids":"","_relevanssi_related_no_append":"","_relevanssi_related_not_related":"","_relevanssi_related_posts":"","_relevanssi_noindex_reason":"","footnotes":""},"acf":[],"yoast_head":"<!-- This site is optimized with the Yoast SEO plugin v22.9 - https:\/\/yoast.com\/wordpress\/plugins\/seo\/ -->\n<title>Buy two-day tickets to visit Vulcania Park<\/title>\n<meta name=\"description\" content=\"Choose the date of your first day of visit and get 2 consecutive days to fully enjoy the park.\" \/>\n<meta name=\"robots\" content=\"index, follow, max-snippet:-1, max-image-preview:large, max-video-preview:-1\" \/>\n<link rel=\"canonical\" href=\"https:\/\/www.vulcania.com\/en\/2-day-ticket\/\" \/>\n<meta property=\"og:locale\" content=\"en_US\" \/>\n<meta property=\"og:type\" content=\"article\" \/>\n<meta property=\"og:title\" content=\"Buy two-day tickets to visit Vulcania Park\" \/>\n<meta property=\"og:description\" content=\"Choose the date of your first day of visit and get 2 consecutive days to fully enjoy the park.\" \/>\n<meta property=\"og:url\" content=\"https:\/\/www.vulcania.com\/en\/2-day-ticket\/\" \/>\n<meta property=\"og:site_name\" content=\"Vulcania\" \/>\n<meta property=\"article:publisher\" content=\"https:\/\/www.facebook.com\/ParcVulcania\" \/>\n<meta property=\"article:modified_time\" content=\"2025-11-20T08:47:44+00:00\" \/>\n<meta property=\"og:image\" content=\"https:\/\/www.vulcania.com\/wp-content\/uploads\/2024\/01\/periode-violette.png\" \/>\n<meta name=\"twitter:card\" content=\"summary_large_image\" \/>\n<meta name=\"twitter:site\" content=\"@parc_vulcania\" \/>\n<meta name=\"twitter:label1\" content=\"Est. reading time\" \/>\n\t<meta name=\"twitter:data1\" content=\"2 minutes\" \/>\n<script type=\"application\/ld+json\" class=\"yoast-schema-graph\">{\"@context\":\"https:\/\/schema.org\",\"@graph\":[{\"@type\":\"WebPage\",\"@id\":\"https:\/\/www.vulcania.com\/en\/2-day-ticket\/\",\"url\":\"https:\/\/www.vulcania.com\/en\/2-day-ticket\/\",\"name\":\"Buy two-day tickets to visit Vulcania Park\",\"isPartOf\":{\"@id\":\"https:\/\/www.vulcania.com\/#website\"},\"primaryImageOfPage\":{\"@id\":\"https:\/\/www.vulcania.com\/en\/2-day-ticket\/#primaryimage\"},\"image\":{\"@id\":\"https:\/\/www.vulcania.com\/en\/2-day-ticket\/#primaryimage\"},\"thumbnailUrl\":\"https:\/\/www.vulcania.com\/wp-content\/uploads\/2024\/01\/periode-violette.png\",\"datePublished\":\"2023-04-24T08:23:33+00:00\",\"dateModified\":\"2025-11-20T08:47:44+00:00\",\"description\":\"Choose the date of your first day of visit and get 2 consecutive days to fully enjoy the park.\",\"breadcrumb\":{\"@id\":\"https:\/\/www.vulcania.com\/en\/2-day-ticket\/#breadcrumb\"},\"inLanguage\":\"en-US\",\"potentialAction\":[{\"@type\":\"ReadAction\",\"target\":[\"https:\/\/www.vulcania.com\/en\/2-day-ticket\/\"]}]},{\"@type\":\"ImageObject\",\"inLanguage\":\"en-US\",\"@id\":\"https:\/\/www.vulcania.com\/en\/2-day-ticket\/#primaryimage\",\"url\":\"https:\/\/www.vulcania.com\/wp-content\/uploads\/2024\/01\/periode-violette.png\",\"contentUrl\":\"https:\/\/www.vulcania.com\/wp-content\/uploads\/2024\/01\/periode-violette.png\"},{\"@type\":\"BreadcrumbList\",\"@id\":\"https:\/\/www.vulcania.com\/en\/2-day-ticket\/#breadcrumb\",\"itemListElement\":[{\"@type\":\"ListItem\",\"position\":1,\"name\":\"Accueil\",\"item\":\"https:\/\/www.vulcania.com\/en\/\"},{\"@type\":\"ListItem\",\"position\":2,\"name\":\"2-day ticket\"}]},{\"@type\":\"WebSite\",\"@id\":\"https:\/\/www.vulcania.com\/#website\",\"url\":\"https:\/\/www.vulcania.com\/\",\"name\":\"Vulcania\",\"description\":\"Parc \u00e0 th\u00e8me au c\u0153ur des volcans d&#039;Auvergne\",\"publisher\":{\"@id\":\"https:\/\/www.vulcania.com\/#organization\"},\"potentialAction\":[{\"@type\":\"SearchAction\",\"target\":{\"@type\":\"EntryPoint\",\"urlTemplate\":\"https:\/\/www.vulcania.com\/?s={search_term_string}\"},\"query-input\":\"required name=search_term_string\"}],\"inLanguage\":\"en-US\"},{\"@type\":\"Organization\",\"@id\":\"https:\/\/www.vulcania.com\/#organization\",\"name\":\"Vulcania\",\"url\":\"https:\/\/www.vulcania.com\/\",\"logo\":{\"@type\":\"ImageObject\",\"inLanguage\":\"en-US\",\"@id\":\"https:\/\/www.vulcania.com\/#\/schema\/logo\/image\/\",\"url\":\"https:\/\/www.vulcania.com\/wp-content\/uploads\/2023\/03\/logo-vulcania.png\",\"contentUrl\":\"https:\/\/www.vulcania.com\/wp-content\/uploads\/2023\/03\/logo-vulcania.png\",\"width\":570,\"height\":253,\"caption\":\"Vulcania\"},\"image\":{\"@id\":\"https:\/\/www.vulcania.com\/#\/schema\/logo\/image\/\"},\"sameAs\":[\"https:\/\/www.facebook.com\/ParcVulcania\",\"https:\/\/x.com\/parc_vulcania\",\"https:\/\/www.youtube.com\/user\/ParcVulcania\",\"https:\/\/www.instagram.com\/parcvulcania\/\"]}]}<\/script>\n<!-- \/ Yoast SEO plugin. -->","yoast_head_json":{"title":"Buy two-day tickets to visit Vulcania Park","description":"Choose the date of your first day of visit and get 2 consecutive days to fully enjoy the park.","robots":{"index":"index","follow":"follow","max-snippet":"max-snippet:-1","max-image-preview":"max-image-preview:large","max-video-preview":"max-video-preview:-1"},"canonical":"https:\/\/www.vulcania.com\/en\/2-day-ticket\/","og_locale":"en_US","og_type":"article","og_title":"Buy two-day tickets to visit Vulcania Park","og_description":"Choose the date of your first day of visit and get 2 consecutive days to fully enjoy the park.","og_url":"https:\/\/www.vulcania.com\/en\/2-day-ticket\/","og_site_name":"Vulcania","article_publisher":"https:\/\/www.facebook.com\/ParcVulcania","article_modified_time":"2025-11-20T08:47:44+00:00","og_image":[{"url":"https:\/\/www.vulcania.com\/wp-content\/uploads\/2024\/01\/periode-violette.png"}],"twitter_card":"summary_large_image","twitter_site":"@parc_vulcania","twitter_misc":{"Est. reading time":"2 minutes"},"schema":{"@context":"https:\/\/schema.org","@graph":[{"@type":"WebPage","@id":"https:\/\/www.vulcania.com\/en\/2-day-ticket\/","url":"https:\/\/www.vulcania.com\/en\/2-day-ticket\/","name":"Buy two-day tickets to visit Vulcania Park","isPartOf":{"@id":"https:\/\/www.vulcania.com\/#website"},"primaryImageOfPage":{"@id":"https:\/\/www.vulcania.com\/en\/2-day-ticket\/#primaryimage"},"image":{"@id":"https:\/\/www.vulcania.com\/en\/2-day-ticket\/#primaryimage"},"thumbnailUrl":"https:\/\/www.vulcania.com\/wp-content\/uploads\/2024\/01\/periode-violette.png","datePublished":"2023-04-24T08:23:33+00:00","dateModified":"2025-11-20T08:47:44+00:00","description":"Choose the date of your first day of visit and get 2 consecutive days to fully enjoy the park.","breadcrumb":{"@id":"https:\/\/www.vulcania.com\/en\/2-day-ticket\/#breadcrumb"},"inLanguage":"en-US","potentialAction":[{"@type":"ReadAction","target":["https:\/\/www.vulcania.com\/en\/2-day-ticket\/"]}]},{"@type":"ImageObject","inLanguage":"en-US","@id":"https:\/\/www.vulcania.com\/en\/2-day-ticket\/#primaryimage","url":"https:\/\/www.vulcania.com\/wp-content\/uploads\/2024\/01\/periode-violette.png","contentUrl":"https:\/\/www.vulcania.com\/wp-content\/uploads\/2024\/01\/periode-violette.png"},{"@type":"BreadcrumbList","@id":"https:\/\/www.vulcania.com\/en\/2-day-ticket\/#breadcrumb","itemListElement":[{"@type":"ListItem","position":1,"name":"Accueil","item":"https:\/\/www.vulcania.com\/en\/"},{"@type":"ListItem","position":2,"name":"2-day ticket"}]},{"@type":"WebSite","@id":"https:\/\/www.vulcania.com\/#website","url":"https:\/\/www.vulcania.com\/","name":"Vulcania","description":"Parc \u00e0 th\u00e8me au c\u0153ur des volcans d&#039;Auvergne","publisher":{"@id":"https:\/\/www.vulcania.com\/#organization"},"potentialAction":[{"@type":"SearchAction","target":{"@type":"EntryPoint","urlTemplate":"https:\/\/www.vulcania.com\/?s={search_term_string}"},"query-input":"required name=search_term_string"}],"inLanguage":"en-US"},{"@type":"Organization","@id":"https:\/\/www.vulcania.com\/#organization","name":"Vulcania","url":"https:\/\/www.vulcania.com\/","logo":{"@type":"ImageObject","inLanguage":"en-US","@id":"https:\/\/www.vulcania.com\/#\/schema\/logo\/image\/","url":"https:\/\/www.vulcania.com\/wp-content\/uploads\/2023\/03\/logo-vulcania.png","contentUrl":"https:\/\/www.vulcania.com\/wp-content\/uploads\/2023\/03\/logo-vulcania.png","width":570,"height":253,"caption":"Vulcania"},"image":{"@id":"https:\/\/www.vulcania.com\/#\/schema\/logo\/image\/"},"sameAs":["https:\/\/www.facebook.com\/ParcVulcania","https:\/\/x.com\/parc_vulcania","https:\/\/www.youtube.com\/user\/ParcVulcania","https:\/\/www.instagram.com\/parcvulcania\/"]}]}},"_links":{"self":[{"href":"https:\/\/www.vulcania.com\/en\/wp-json\/wp\/v2\/pages\/17716"}],"collection":[{"href":"https:\/\/www.vulcania.com\/en\/wp-json\/wp\/v2\/pages"}],"about":[{"href":"https:\/\/www.vulcania.com\/en\/wp-json\/wp\/v2\/types\/page"}],"author":[{"embeddable":true,"href":"https:\/\/www.vulcania.com\/en\/wp-json\/wp\/v2\/users\/2"}],"replies":[{"embeddable":true,"href":"https:\/\/www.vulcania.com\/en\/wp-json\/wp\/v2\/comments?post=17716"}],"version-history":[{"count":19,"href":"https:\/\/www.vulcania.com\/en\/wp-json\/wp\/v2\/pages\/17716\/revisions"}],"predecessor-version":[{"id":29105,"href":"https:\/\/www.vulcania.com\/en\/wp-json\/wp\/v2\/pages\/17716\/revisions\/29105"}],"wp:attachment":[{"href":"https:\/\/www.vulcania.com\/en\/wp-json\/wp\/v2\/media?parent=17716"}],"curies":[{"name":"wp","href":"https:\/\/api.w.org\/{rel}","templated":true}]}}