{"id":17727,"date":"2023-04-11T21:21:19","date_gmt":"2023-04-11T19:21:19","guid":{"rendered":"https:\/\/www.vulcania.com\/?page_id=17727"},"modified":"2025-07-28T16:33:54","modified_gmt":"2025-07-28T14:33:54","slug":"activities-with-the-scientists-of-vulcania","status":"publish","type":"page","link":"https:\/\/www.vulcania.com\/en\/activities-with-the-scientists-of-vulcania\/","title":{"rendered":"Activities with the scientists of Vulcania"},"content":{"rendered":"<div class=\"wpb-content-wrapper\"><p>[vc_row][vc_column][vc_row_inner content_placement=&#8221;middle&#8221;][vc_column_inner width=&#8221;1\/6&#8243;][vc_single_image image=&#8221;26760&#8243; img_size=&#8221;120&#215;120&#8243; alignment=&#8221;center&#8221; css=&#8221;&#8221;][\/vc_column_inner][vc_column_inner width=&#8221;5\/6&#8243;][vc_column_text css=&#8221;.vc_custom_1712738255418{margin-bottom: 15px !important;}&#8221; el_class=&#8221;intro&#8221;]For each of 3 Vulcania\u2019s theme (<a href=\"\/animations-volcans\/\" target=\"_blank\" rel=\"noopener\">Volcanoes<\/a>, <a href=\"\/animations-phenomenes-naturels\/\" target=\"_blank\" rel=\"noopener\">Natural phenomena<\/a> and <a href=\"\/animations-terre-dans-espace\/\" target=\"_blank\" rel=\"noopener\">Space<\/a>), discover exhibition spaces in the company of our scientific animators![\/vc_column_text][vc_column_text]Explore the volcanoes of Auvergne with the commentaries of our animators through\u00a0<a href=\"\/en\/animation\/la-chaine-des-puys-en-relief\/\" target=\"_blank\" rel=\"noopener noreferrer\">l\u2019Expo Cha\u00eene Des Puys\u00a0<\/a>(Auvergne volcanoes exhibition), understand earthquakes, their formation, their measurement and the prevention of risks with\u00a0<a href=\"\/en\/animation\/seismes\/\" target=\"_blank\" rel=\"noopener noreferrer\">l\u2019Expo S\u00e9ismes<\/a>\u00a0(Earthquakes), discover the secrets of our blue planet with\u00a0<a href=\"\/en\/animation\/machine-terre\/\" target=\"_blank\" rel=\"noopener noreferrer\">Machine Terre\u00a0<\/a>(Earth Machine) and\u00a0<a href=\"\/en\/animation\/planete-devoilee\/\" target=\"_blank\" rel=\"noopener noreferrer\">Plan\u00e8te d\u00e9voil\u00e9e\u00a0<\/a>(Unveiled Planet) or take part in workshops to perform fun experiments![\/vc_column_text][\/vc_column_inner][\/vc_row_inner][\/vc_column][\/vc_row][vc_row][vc_column width=&#8221;1\/4&#8243;][vc_single_image image=&#8221;28283&#8243; img_size=&#8221;medium&#8221; alignment=&#8221;center&#8221; css=&#8221;&#8221;][\/vc_column][vc_column width=&#8221;3\/4&#8243;][vc_column_text css=&#8221;.vc_custom_1687246732487{margin-bottom: 15px !important;}&#8221;]<\/p>\n<h2>Why attend an animation <strong>with a Vulcania scientist?<\/strong><\/h2>\n<p>[\/vc_column_text][vc_column_text]<\/p>\n<p style=\"text-align: left;\">The Vulcania Park has a team of scientists who are passionate about Earth sciences!<\/p>\n<p>By taking advantage of the park\u2019s exhibition spaces (<a href=\"\/en\/animation\/machine-terre\/\" target=\"_blank\" rel=\"noopener noreferrer\">Machine Terre<\/a>,\u00a0<a href=\"\/en\/animation\/seismes\/\" target=\"_blank\" rel=\"noopener noreferrer\">Expo S\u00e9ismes<\/a>\u00a0and\u00a0<a href=\"\/en\/animation\/la-chaine-des-puys-en-relief\/\" target=\"_blank\" rel=\"noopener noreferrer\">Expo Cha\u00eene des Puys<\/a>), by observing the Earth from space during a\u00a0<a href=\"\/en\/animation\/planete-devoilee\/\" target=\"_blank\" rel=\"noopener noreferrer\">Plan\u00e8te d\u00e9voil\u00e9e<\/a>\u00a0(Unveiled Planet) session and by participating in workshops at the\u00a0<a href=\"\/en\/animation\/coin-des-experiences\/\" target=\"_blank\" rel=\"noopener noreferrer\">Coin des exp\u00e9riences<\/a>\u00a0(Experiment Corner), you will thus benefit from a\u00a0<strong>privileged moment of interactivity<\/strong>\u00a0to\u00a0<strong>ask all your questions<\/strong>\u00a0about volcanoes and natural phenomena, and thus thanks to\u00a0<strong>a tailor-made session<\/strong>![\/vc_column_text][vc_row_inner el_class=&#8221;bloc appel_a_action clair&#8221;][vc_column_inner][vc_column_text css=&#8221;&#8221; el_class=&#8221;sticker blanc&#8221;]\u20ac4.00\/adulte<br \/>\n\u20ac2.00\/child[\/vc_column_text][vc_empty_space height=&#8221;60&#8243;][vc_column_text css=&#8221;.vc_custom_1687246832640{margin-bottom: 15px !important;}&#8221;]<\/p>\n<h3>The discovery tour (only in French)<\/h3>\n<p>[\/vc_column_text][vc_column_text]<b>Would you like to learn about the history of the park and its unusual architecture, as well as the specific features of Auvergne Volcanoes and worldwide?\u00a0<\/b>Book your discovery tour at the same time as your entrance tickets on\u00a0<a href=\"https:\/\/billetterie.vulcania.com\/en-GB\/home\" target=\"_blank\" rel=\"noopener noreferrer\">our online ticketing<\/a>\u00a0or at the cash desk when you arrive on the day of your visit.[\/vc_column_text][\/vc_column_inner][\/vc_row_inner][\/vc_column][\/vc_row][vc_row full_width=&#8221;stretch_row&#8221; el_class=&#8221;clair&#8221;][vc_column][vc_empty_space height=&#8221;30&#8243;][\/vc_column][\/vc_row][vc_row full_width=&#8221;stretch_row&#8221; el_class=&#8221;clair&#8221;][vc_column][vc_empty_space height=&#8221;30&#8243;][vc_column_text el_class=&#8221;intro&#8221;]<\/p>\n<h2><strong>Workshops and animations<\/strong> with our scientists<\/h2>\n<p>[\/vc_column_text][vc_masonry_grid post_type=&#8221;animation&#8221; max_items=&#8221;-1&#8243; item=&#8221;326&#8243; grid_id=&#8221;vc_gid:1753713219398-29de6e3f-38fe-2&#8243; taxonomies=&#8221;40, 48&#8243;][vc_empty_space height=&#8221;30&#8243;][\/vc_column][\/vc_row][vc_row full_width=&#8221;stretch_row&#8221; el_class=&#8221;clair&#8221;][vc_column][vc_empty_space height=&#8221;30&#8243;][vc_column_text el_class=&#8221;intro&#8221;]<\/p>\n<h2><strong>Exhibitions deciphered<\/strong> by our scientific animators<\/h2>\n<p>[\/vc_column_text][vc_column_text el_class=&#8221;intro&#8221;]<\/p>\n<p style=\"text-align: left;\">Explore Vulcania\u2019s exhibitions with the explanations of the scientific animators, present to answer all your questions!<\/p>\n<p>[\/vc_column_text][vc_masonry_grid post_type=&#8221;animation&#8221; max_items=&#8221;-1&#8243; item=&#8221;326&#8243; grid_id=&#8221;vc_gid:1753713219399-f71e1de2-ef61-4&#8243; taxonomies=&#8221;47&#8243;][vc_empty_space height=&#8221;30&#8243;][\/vc_column][\/vc_row]<\/p>\n<\/div>","protected":false},"excerpt":{"rendered":"<p>[vc_row][vc_column][vc_row_inner content_placement=&#8221;middle&#8221;][vc_column_inner width=&#8221;1\/6&#8243;][vc_single_image image=&#8221;26760&#8243; img_size=&#8221;120&#215;120&#8243; alignment=&#8221;center&#8221; css=&#8221;&#8221;][\/vc_column_inner][vc_column_inner width=&#8221;5\/6&#8243;][vc_column_text css=&#8221;.vc_custom_1712738255418{margin-bottom: 15px !important;}&#8221; el_class=&#8221;intro&#8221;]For each of 3 Vulcania\u2019s theme (Volcanoes, Natural phenomena and Space), discover exhibition spaces in the company of our scientific animators![\/vc_column_text][vc_column_text]Explore the volcanoes of Auvergne with the commentaries of our animators through\u00a0l\u2019Expo Cha\u00eene Des Puys\u00a0(Auvergne volcanoes exhibition), understand earthquakes, their formation, their measurement and [&hellip;]<\/p>\n","protected":false},"author":2,"featured_media":0,"parent":0,"menu_order":0,"comment_status":"closed","ping_status":"closed","template":"","meta":{"_acf_changed":false,"_relevanssi_hide_post":"","_relevanssi_hide_content":"","_relevanssi_pin_for_all":"","_relevanssi_pin_keywords":"","_relevanssi_unpin_keywords":"","_relevanssi_related_keywords":"","_relevanssi_related_include_ids":"","_relevanssi_related_exclude_ids":"","_relevanssi_related_no_append":"","_relevanssi_related_not_related":"","_relevanssi_related_posts":"","_relevanssi_noindex_reason":"","footnotes":""},"acf":[],"yoast_head":"<!-- This site is optimized with the Yoast SEO plugin v22.9 - https:\/\/yoast.com\/wordpress\/plugins\/seo\/ -->\n<title>What scientific events are on at Vulcania?<\/title>\n<meta name=\"description\" content=\"Discover the workshops and exhibitions with commentary by Vulcania&#039;s passionate scientists, so you can learn while having fun!\" \/>\n<meta name=\"robots\" content=\"index, follow, max-snippet:-1, max-image-preview:large, max-video-preview:-1\" \/>\n<link rel=\"canonical\" href=\"https:\/\/www.vulcania.com\/en\/activities-with-the-scientists-of-vulcania\/\" \/>\n<meta property=\"og:locale\" content=\"en_US\" \/>\n<meta property=\"og:type\" content=\"article\" \/>\n<meta property=\"og:title\" content=\"What scientific events are on at Vulcania?\" \/>\n<meta property=\"og:description\" content=\"Discover the workshops and exhibitions with commentary by Vulcania&#039;s passionate scientists, so you can learn while having fun!\" \/>\n<meta property=\"og:url\" content=\"https:\/\/www.vulcania.com\/en\/activities-with-the-scientists-of-vulcania\/\" \/>\n<meta property=\"og:site_name\" content=\"Vulcania\" \/>\n<meta property=\"article:publisher\" content=\"https:\/\/www.facebook.com\/ParcVulcania\" \/>\n<meta property=\"article:modified_time\" content=\"2025-07-28T14:33:54+00:00\" \/>\n<meta property=\"og:image\" content=\"https:\/\/www.vulcania.com\/wp-content\/uploads\/2023\/03\/logo-vulcania.png\" \/>\n\t<meta property=\"og:image:width\" content=\"570\" \/>\n\t<meta property=\"og:image:height\" content=\"253\" \/>\n\t<meta property=\"og:image:type\" content=\"image\/png\" \/>\n<meta name=\"twitter:card\" content=\"summary_large_image\" \/>\n<meta name=\"twitter:site\" content=\"@parc_vulcania\" \/>\n<meta name=\"twitter:label1\" content=\"Est. reading time\" \/>\n\t<meta name=\"twitter:data1\" content=\"3 minutes\" \/>\n<script type=\"application\/ld+json\" class=\"yoast-schema-graph\">{\"@context\":\"https:\/\/schema.org\",\"@graph\":[{\"@type\":\"WebPage\",\"@id\":\"https:\/\/www.vulcania.com\/en\/activities-with-the-scientists-of-vulcania\/\",\"url\":\"https:\/\/www.vulcania.com\/en\/activities-with-the-scientists-of-vulcania\/\",\"name\":\"What scientific events are on at Vulcania?\",\"isPartOf\":{\"@id\":\"https:\/\/www.vulcania.com\/#website\"},\"datePublished\":\"2023-04-11T19:21:19+00:00\",\"dateModified\":\"2025-07-28T14:33:54+00:00\",\"description\":\"Discover the workshops and exhibitions with commentary by Vulcania's passionate scientists, so you can learn while having fun!\",\"breadcrumb\":{\"@id\":\"https:\/\/www.vulcania.com\/en\/activities-with-the-scientists-of-vulcania\/#breadcrumb\"},\"inLanguage\":\"en-US\",\"potentialAction\":[{\"@type\":\"ReadAction\",\"target\":[\"https:\/\/www.vulcania.com\/en\/activities-with-the-scientists-of-vulcania\/\"]}]},{\"@type\":\"BreadcrumbList\",\"@id\":\"https:\/\/www.vulcania.com\/en\/activities-with-the-scientists-of-vulcania\/#breadcrumb\",\"itemListElement\":[{\"@type\":\"ListItem\",\"position\":1,\"name\":\"Accueil\",\"item\":\"https:\/\/www.vulcania.com\/en\/\"},{\"@type\":\"ListItem\",\"position\":2,\"name\":\"Activities with the scientists of Vulcania\"}]},{\"@type\":\"WebSite\",\"@id\":\"https:\/\/www.vulcania.com\/#website\",\"url\":\"https:\/\/www.vulcania.com\/\",\"name\":\"Vulcania\",\"description\":\"Parc \u00e0 th\u00e8me au c\u0153ur des volcans d&#039;Auvergne\",\"publisher\":{\"@id\":\"https:\/\/www.vulcania.com\/#organization\"},\"potentialAction\":[{\"@type\":\"SearchAction\",\"target\":{\"@type\":\"EntryPoint\",\"urlTemplate\":\"https:\/\/www.vulcania.com\/?s={search_term_string}\"},\"query-input\":\"required name=search_term_string\"}],\"inLanguage\":\"en-US\"},{\"@type\":\"Organization\",\"@id\":\"https:\/\/www.vulcania.com\/#organization\",\"name\":\"Vulcania\",\"url\":\"https:\/\/www.vulcania.com\/\",\"logo\":{\"@type\":\"ImageObject\",\"inLanguage\":\"en-US\",\"@id\":\"https:\/\/www.vulcania.com\/#\/schema\/logo\/image\/\",\"url\":\"https:\/\/www.vulcania.com\/wp-content\/uploads\/2023\/03\/logo-vulcania.png\",\"contentUrl\":\"https:\/\/www.vulcania.com\/wp-content\/uploads\/2023\/03\/logo-vulcania.png\",\"width\":570,\"height\":253,\"caption\":\"Vulcania\"},\"image\":{\"@id\":\"https:\/\/www.vulcania.com\/#\/schema\/logo\/image\/\"},\"sameAs\":[\"https:\/\/www.facebook.com\/ParcVulcania\",\"https:\/\/x.com\/parc_vulcania\",\"https:\/\/www.youtube.com\/user\/ParcVulcania\",\"https:\/\/www.instagram.com\/parcvulcania\/\"]}]}<\/script>\n<!-- \/ Yoast SEO plugin. -->","yoast_head_json":{"title":"What scientific events are on at Vulcania?","description":"Discover the workshops and exhibitions with commentary by Vulcania's passionate scientists, so you can learn while having fun!","robots":{"index":"index","follow":"follow","max-snippet":"max-snippet:-1","max-image-preview":"max-image-preview:large","max-video-preview":"max-video-preview:-1"},"canonical":"https:\/\/www.vulcania.com\/en\/activities-with-the-scientists-of-vulcania\/","og_locale":"en_US","og_type":"article","og_title":"What scientific events are on at Vulcania?","og_description":"Discover the workshops and exhibitions with commentary by Vulcania's passionate scientists, so you can learn while having fun!","og_url":"https:\/\/www.vulcania.com\/en\/activities-with-the-scientists-of-vulcania\/","og_site_name":"Vulcania","article_publisher":"https:\/\/www.facebook.com\/ParcVulcania","article_modified_time":"2025-07-28T14:33:54+00:00","og_image":[{"width":570,"height":253,"url":"https:\/\/www.vulcania.com\/wp-content\/uploads\/2023\/03\/logo-vulcania.png","type":"image\/png"}],"twitter_card":"summary_large_image","twitter_site":"@parc_vulcania","twitter_misc":{"Est. reading time":"3 minutes"},"schema":{"@context":"https:\/\/schema.org","@graph":[{"@type":"WebPage","@id":"https:\/\/www.vulcania.com\/en\/activities-with-the-scientists-of-vulcania\/","url":"https:\/\/www.vulcania.com\/en\/activities-with-the-scientists-of-vulcania\/","name":"What scientific events are on at Vulcania?","isPartOf":{"@id":"https:\/\/www.vulcania.com\/#website"},"datePublished":"2023-04-11T19:21:19+00:00","dateModified":"2025-07-28T14:33:54+00:00","description":"Discover the workshops and exhibitions with commentary by Vulcania's passionate scientists, so you can learn while having fun!","breadcrumb":{"@id":"https:\/\/www.vulcania.com\/en\/activities-with-the-scientists-of-vulcania\/#breadcrumb"},"inLanguage":"en-US","potentialAction":[{"@type":"ReadAction","target":["https:\/\/www.vulcania.com\/en\/activities-with-the-scientists-of-vulcania\/"]}]},{"@type":"BreadcrumbList","@id":"https:\/\/www.vulcania.com\/en\/activities-with-the-scientists-of-vulcania\/#breadcrumb","itemListElement":[{"@type":"ListItem","position":1,"name":"Accueil","item":"https:\/\/www.vulcania.com\/en\/"},{"@type":"ListItem","position":2,"name":"Activities with the scientists of Vulcania"}]},{"@type":"WebSite","@id":"https:\/\/www.vulcania.com\/#website","url":"https:\/\/www.vulcania.com\/","name":"Vulcania","description":"Parc \u00e0 th\u00e8me au c\u0153ur des volcans d&#039;Auvergne","publisher":{"@id":"https:\/\/www.vulcania.com\/#organization"},"potentialAction":[{"@type":"SearchAction","target":{"@type":"EntryPoint","urlTemplate":"https:\/\/www.vulcania.com\/?s={search_term_string}"},"query-input":"required name=search_term_string"}],"inLanguage":"en-US"},{"@type":"Organization","@id":"https:\/\/www.vulcania.com\/#organization","name":"Vulcania","url":"https:\/\/www.vulcania.com\/","logo":{"@type":"ImageObject","inLanguage":"en-US","@id":"https:\/\/www.vulcania.com\/#\/schema\/logo\/image\/","url":"https:\/\/www.vulcania.com\/wp-content\/uploads\/2023\/03\/logo-vulcania.png","contentUrl":"https:\/\/www.vulcania.com\/wp-content\/uploads\/2023\/03\/logo-vulcania.png","width":570,"height":253,"caption":"Vulcania"},"image":{"@id":"https:\/\/www.vulcania.com\/#\/schema\/logo\/image\/"},"sameAs":["https:\/\/www.facebook.com\/ParcVulcania","https:\/\/x.com\/parc_vulcania","https:\/\/www.youtube.com\/user\/ParcVulcania","https:\/\/www.instagram.com\/parcvulcania\/"]}]}},"_links":{"self":[{"href":"https:\/\/www.vulcania.com\/en\/wp-json\/wp\/v2\/pages\/17727"}],"collection":[{"href":"https:\/\/www.vulcania.com\/en\/wp-json\/wp\/v2\/pages"}],"about":[{"href":"https:\/\/www.vulcania.com\/en\/wp-json\/wp\/v2\/types\/page"}],"author":[{"embeddable":true,"href":"https:\/\/www.vulcania.com\/en\/wp-json\/wp\/v2\/users\/2"}],"replies":[{"embeddable":true,"href":"https:\/\/www.vulcania.com\/en\/wp-json\/wp\/v2\/comments?post=17727"}],"version-history":[{"count":20,"href":"https:\/\/www.vulcania.com\/en\/wp-json\/wp\/v2\/pages\/17727\/revisions"}],"predecessor-version":[{"id":28286,"href":"https:\/\/www.vulcania.com\/en\/wp-json\/wp\/v2\/pages\/17727\/revisions\/28286"}],"wp:attachment":[{"href":"https:\/\/www.vulcania.com\/en\/wp-json\/wp\/v2\/media?parent=17727"}],"curies":[{"name":"wp","href":"https:\/\/api.w.org\/{rel}","templated":true}]}}