{"id":17962,"date":"2023-06-14T11:14:57","date_gmt":"2023-06-14T09:14:57","guid":{"rendered":"https:\/\/www.vulcania.com\/?page_id=17962"},"modified":"2023-06-20T15:51:02","modified_gmt":"2023-06-20T13:51:02","slug":"emotions","status":"publish","type":"page","link":"https:\/\/www.vulcania.com\/en\/emotions\/","title":{"rendered":"Get your fill of emotions !"},"content":{"rendered":"<div class=\"wpb-content-wrapper\"><p>[vc_row][vc_column][vc_column_text el_class=&#8221;intro&#8221;]Go explore and refuel emotions!\u00a0Discover landscapses of Auvergne and The Cha\u00eene des Puys volcanoes,\u00a0the fascinating story of volcanoes and its legends,\u00a0the beauty and fragility of our planet\u2026[\/vc_column_text][\/vc_column][\/vc_row][vc_row full_width=&#8221;stretch_row&#8221; el_class=&#8221;clair&#8221;][vc_column][vc_empty_space height=&#8221;30&#8243;][vc_column_text]<\/p>\n<h2>LIST OF Animations TO <strong>FILL YOU UP WITH EMOTIONS<\/strong><\/h2>\n<p>[\/vc_column_text][vc_masonry_grid post_type=&#8221;animation&#8221; max_items=&#8221;-1&#8243; item=&#8221;326&#8243; grid_id=&#8221;vc_gid:1687268923981-e9c64cbb-2936-0&#8243; taxonomies=&#8221;65&#8243;][vc_empty_space height=&#8221;30&#8243;][\/vc_column][\/vc_row]<\/p>\n<\/div>","protected":false},"excerpt":{"rendered":"<p>[vc_row][vc_column][vc_column_text el_class=&#8221;intro&#8221;]Go explore and refuel emotions!\u00a0Discover landscapses of Auvergne and The Cha\u00eene des Puys volcanoes,\u00a0the fascinating story of volcanoes and its legends,\u00a0the beauty and fragility of our planet\u2026[\/vc_column_text][\/vc_column][\/vc_row][vc_row full_width=&#8221;stretch_row&#8221; el_class=&#8221;clair&#8221;][vc_column][vc_empty_space height=&#8221;30&#8243;][vc_column_text] LIST OF Animations TO FILL YOU UP WITH EMOTIONS [\/vc_column_text][vc_masonry_grid post_type=&#8221;animation&#8221; max_items=&#8221;-1&#8243; item=&#8221;326&#8243; grid_id=&#8221;vc_gid:1687268923981-e9c64cbb-2936-0&#8243; taxonomies=&#8221;65&#8243;][vc_empty_space height=&#8221;30&#8243;][\/vc_column][\/vc_row]<\/p>\n","protected":false},"author":2,"featured_media":0,"parent":0,"menu_order":0,"comment_status":"closed","ping_status":"closed","template":"","meta":{"_acf_changed":false,"_relevanssi_hide_post":"","_relevanssi_hide_content":"","_relevanssi_pin_for_all":"","_relevanssi_pin_keywords":"","_relevanssi_unpin_keywords":"","_relevanssi_related_keywords":"","_relevanssi_related_include_ids":"","_relevanssi_related_exclude_ids":"","_relevanssi_related_no_append":"","_relevanssi_related_not_related":"","_relevanssi_related_posts":"","_relevanssi_noindex_reason":"","footnotes":""},"acf":[],"yoast_head":"<!-- This site is optimized with the Yoast SEO plugin v22.9 - https:\/\/yoast.com\/wordpress\/plugins\/seo\/ -->\n<title>Amusement park in Auvergne Volcanoes : Vulcania<\/title>\n<meta name=\"description\" content=\"Go explore and live new emotions in Vulcania amusement park ! Discover the landscapes of Auvergne, The Cha\u00eene des Puys volcanoes, their fascinating story and their legends.\" \/>\n<meta name=\"robots\" content=\"index, follow, max-snippet:-1, max-image-preview:large, max-video-preview:-1\" \/>\n<link rel=\"canonical\" href=\"https:\/\/www.vulcania.com\/emotions\/\" \/>\n<meta property=\"og:locale\" content=\"en_US\" \/>\n<meta property=\"og:type\" content=\"article\" \/>\n<meta property=\"og:title\" content=\"Amusement park in Auvergne Volcanoes : Vulcania\" \/>\n<meta property=\"og:description\" content=\"Go explore and live new emotions in Vulcania amusement park ! Discover the landscapes of Auvergne, The Cha\u00eene des Puys volcanoes, their fascinating story and their legends.\" \/>\n<meta property=\"og:url\" content=\"https:\/\/www.vulcania.com\/emotions\/\" \/>\n<meta property=\"og:site_name\" content=\"Vulcania\" \/>\n<meta property=\"article:publisher\" content=\"https:\/\/www.facebook.com\/ParcVulcania\" \/>\n<meta property=\"article:modified_time\" content=\"2023-06-20T13:51:02+00:00\" \/>\n<meta property=\"og:image\" content=\"https:\/\/www.vulcania.com\/wp-content\/uploads\/2023\/03\/logo-vulcania.png\" \/>\n\t<meta property=\"og:image:width\" content=\"570\" \/>\n\t<meta property=\"og:image:height\" content=\"253\" \/>\n\t<meta property=\"og:image:type\" content=\"image\/png\" \/>\n<meta name=\"twitter:card\" content=\"summary_large_image\" \/>\n<meta name=\"twitter:site\" content=\"@parc_vulcania\" \/>\n<meta name=\"twitter:label1\" content=\"Est. reading time\" \/>\n\t<meta name=\"twitter:data1\" content=\"1 minute\" \/>\n<script type=\"application\/ld+json\" class=\"yoast-schema-graph\">{\"@context\":\"https:\/\/schema.org\",\"@graph\":[{\"@type\":\"WebPage\",\"@id\":\"https:\/\/www.vulcania.com\/emotions\/\",\"url\":\"https:\/\/www.vulcania.com\/emotions\/\",\"name\":\"Amusement park in Auvergne Volcanoes : Vulcania\",\"isPartOf\":{\"@id\":\"https:\/\/www.vulcania.com\/#website\"},\"datePublished\":\"2023-06-14T09:14:57+00:00\",\"dateModified\":\"2023-06-20T13:51:02+00:00\",\"description\":\"Go explore and live new emotions in Vulcania amusement park ! Discover the landscapes of Auvergne, The Cha\u00eene des Puys volcanoes, their fascinating story and their legends.\",\"breadcrumb\":{\"@id\":\"https:\/\/www.vulcania.com\/emotions\/#breadcrumb\"},\"inLanguage\":\"en-US\",\"potentialAction\":[{\"@type\":\"ReadAction\",\"target\":[\"https:\/\/www.vulcania.com\/emotions\/\"]}]},{\"@type\":\"BreadcrumbList\",\"@id\":\"https:\/\/www.vulcania.com\/emotions\/#breadcrumb\",\"itemListElement\":[{\"@type\":\"ListItem\",\"position\":1,\"name\":\"Accueil\",\"item\":\"https:\/\/www.vulcania.com\/en\/\"},{\"@type\":\"ListItem\",\"position\":2,\"name\":\"Get your fill of emotions !\"}]},{\"@type\":\"WebSite\",\"@id\":\"https:\/\/www.vulcania.com\/#website\",\"url\":\"https:\/\/www.vulcania.com\/\",\"name\":\"Vulcania\",\"description\":\"Parc \u00e0 th\u00e8me au c\u0153ur des volcans d&#039;Auvergne\",\"publisher\":{\"@id\":\"https:\/\/www.vulcania.com\/#organization\"},\"potentialAction\":[{\"@type\":\"SearchAction\",\"target\":{\"@type\":\"EntryPoint\",\"urlTemplate\":\"https:\/\/www.vulcania.com\/?s={search_term_string}\"},\"query-input\":\"required name=search_term_string\"}],\"inLanguage\":\"en-US\"},{\"@type\":\"Organization\",\"@id\":\"https:\/\/www.vulcania.com\/#organization\",\"name\":\"Vulcania\",\"url\":\"https:\/\/www.vulcania.com\/\",\"logo\":{\"@type\":\"ImageObject\",\"inLanguage\":\"en-US\",\"@id\":\"https:\/\/www.vulcania.com\/#\/schema\/logo\/image\/\",\"url\":\"https:\/\/www.vulcania.com\/wp-content\/uploads\/2023\/03\/logo-vulcania.png\",\"contentUrl\":\"https:\/\/www.vulcania.com\/wp-content\/uploads\/2023\/03\/logo-vulcania.png\",\"width\":570,\"height\":253,\"caption\":\"Vulcania\"},\"image\":{\"@id\":\"https:\/\/www.vulcania.com\/#\/schema\/logo\/image\/\"},\"sameAs\":[\"https:\/\/www.facebook.com\/ParcVulcania\",\"https:\/\/x.com\/parc_vulcania\",\"https:\/\/www.youtube.com\/user\/ParcVulcania\",\"https:\/\/www.instagram.com\/parcvulcania\/\"]}]}<\/script>\n<!-- \/ Yoast SEO plugin. -->","yoast_head_json":{"title":"Amusement park in Auvergne Volcanoes : Vulcania","description":"Go explore and live new emotions in Vulcania amusement park ! Discover the landscapes of Auvergne, The Cha\u00eene des Puys volcanoes, their fascinating story and their legends.","robots":{"index":"index","follow":"follow","max-snippet":"max-snippet:-1","max-image-preview":"max-image-preview:large","max-video-preview":"max-video-preview:-1"},"canonical":"https:\/\/www.vulcania.com\/emotions\/","og_locale":"en_US","og_type":"article","og_title":"Amusement park in Auvergne Volcanoes : Vulcania","og_description":"Go explore and live new emotions in Vulcania amusement park ! Discover the landscapes of Auvergne, The Cha\u00eene des Puys volcanoes, their fascinating story and their legends.","og_url":"https:\/\/www.vulcania.com\/emotions\/","og_site_name":"Vulcania","article_publisher":"https:\/\/www.facebook.com\/ParcVulcania","article_modified_time":"2023-06-20T13:51:02+00:00","og_image":[{"width":570,"height":253,"url":"https:\/\/www.vulcania.com\/wp-content\/uploads\/2023\/03\/logo-vulcania.png","type":"image\/png"}],"twitter_card":"summary_large_image","twitter_site":"@parc_vulcania","twitter_misc":{"Est. reading time":"1 minute"},"schema":{"@context":"https:\/\/schema.org","@graph":[{"@type":"WebPage","@id":"https:\/\/www.vulcania.com\/emotions\/","url":"https:\/\/www.vulcania.com\/emotions\/","name":"Amusement park in Auvergne Volcanoes : Vulcania","isPartOf":{"@id":"https:\/\/www.vulcania.com\/#website"},"datePublished":"2023-06-14T09:14:57+00:00","dateModified":"2023-06-20T13:51:02+00:00","description":"Go explore and live new emotions in Vulcania amusement park ! Discover the landscapes of Auvergne, The Cha\u00eene des Puys volcanoes, their fascinating story and their legends.","breadcrumb":{"@id":"https:\/\/www.vulcania.com\/emotions\/#breadcrumb"},"inLanguage":"en-US","potentialAction":[{"@type":"ReadAction","target":["https:\/\/www.vulcania.com\/emotions\/"]}]},{"@type":"BreadcrumbList","@id":"https:\/\/www.vulcania.com\/emotions\/#breadcrumb","itemListElement":[{"@type":"ListItem","position":1,"name":"Accueil","item":"https:\/\/www.vulcania.com\/en\/"},{"@type":"ListItem","position":2,"name":"Get your fill of emotions !"}]},{"@type":"WebSite","@id":"https:\/\/www.vulcania.com\/#website","url":"https:\/\/www.vulcania.com\/","name":"Vulcania","description":"Parc \u00e0 th\u00e8me au c\u0153ur des volcans d&#039;Auvergne","publisher":{"@id":"https:\/\/www.vulcania.com\/#organization"},"potentialAction":[{"@type":"SearchAction","target":{"@type":"EntryPoint","urlTemplate":"https:\/\/www.vulcania.com\/?s={search_term_string}"},"query-input":"required name=search_term_string"}],"inLanguage":"en-US"},{"@type":"Organization","@id":"https:\/\/www.vulcania.com\/#organization","name":"Vulcania","url":"https:\/\/www.vulcania.com\/","logo":{"@type":"ImageObject","inLanguage":"en-US","@id":"https:\/\/www.vulcania.com\/#\/schema\/logo\/image\/","url":"https:\/\/www.vulcania.com\/wp-content\/uploads\/2023\/03\/logo-vulcania.png","contentUrl":"https:\/\/www.vulcania.com\/wp-content\/uploads\/2023\/03\/logo-vulcania.png","width":570,"height":253,"caption":"Vulcania"},"image":{"@id":"https:\/\/www.vulcania.com\/#\/schema\/logo\/image\/"},"sameAs":["https:\/\/www.facebook.com\/ParcVulcania","https:\/\/x.com\/parc_vulcania","https:\/\/www.youtube.com\/user\/ParcVulcania","https:\/\/www.instagram.com\/parcvulcania\/"]}]}},"_links":{"self":[{"href":"https:\/\/www.vulcania.com\/en\/wp-json\/wp\/v2\/pages\/17962"}],"collection":[{"href":"https:\/\/www.vulcania.com\/en\/wp-json\/wp\/v2\/pages"}],"about":[{"href":"https:\/\/www.vulcania.com\/en\/wp-json\/wp\/v2\/types\/page"}],"author":[{"embeddable":true,"href":"https:\/\/www.vulcania.com\/en\/wp-json\/wp\/v2\/users\/2"}],"replies":[{"embeddable":true,"href":"https:\/\/www.vulcania.com\/en\/wp-json\/wp\/v2\/comments?post=17962"}],"version-history":[{"count":2,"href":"https:\/\/www.vulcania.com\/en\/wp-json\/wp\/v2\/pages\/17962\/revisions"}],"predecessor-version":[{"id":17964,"href":"https:\/\/www.vulcania.com\/en\/wp-json\/wp\/v2\/pages\/17962\/revisions\/17964"}],"wp:attachment":[{"href":"https:\/\/www.vulcania.com\/en\/wp-json\/wp\/v2\/media?parent=17962"}],"curies":[{"name":"wp","href":"https:\/\/api.w.org\/{rel}","templated":true}]}}