{"id":18095,"date":"2023-04-12T12:49:41","date_gmt":"2023-04-12T10:49:41","guid":{"rendered":"https:\/\/www.vulcania.com\/?page_id=18095"},"modified":"2025-03-25T12:04:58","modified_gmt":"2025-03-25T11:04:58","slug":"specially-for-kids","status":"publish","type":"page","link":"https:\/\/www.vulcania.com\/en\/specially-for-kids\/","title":{"rendered":"Specially for kids"},"content":{"rendered":"<div class=\"wpb-content-wrapper\"><p>[vc_row][vc_column][vc_row_inner content_placement=&#8221;middle&#8221;][vc_column_inner width=&#8221;1\/6&#8243;][vc_single_image image=&#8221;26775&#8243; img_size=&#8221;120&#215;120&#8243; alignment=&#8221;center&#8221; css=&#8221;&#8221;][\/vc_column_inner][vc_column_inner width=&#8221;5\/6&#8243;][vc_column_text el_class=&#8221;intro&#8221;]<\/p>\n<p style=\"text-align: justify;\">Find on this page all the animations adapted to children in Vulcania taking into account the size limits to allow the youngest to learn while having fun!<\/p>\n<p>[\/vc_column_text][\/vc_column_inner][\/vc_row_inner][\/vc_column][\/vc_row][vc_row][vc_column width=&#8221;1\/4&#8243;][vc_single_image image=&#8221;15061&#8243; img_size=&#8221;medium&#8221; css=&#8221;&#8221;][\/vc_column][vc_column width=&#8221;3\/4&#8243;][vc_column_text]<\/p>\n<h2>Activities <strong>suitable for toddlers<\/strong><\/h2>\n<p>[\/vc_column_text][vc_column_text]Vulcania has multiple play areas dedicated to children from 3 years old. With the \u2018<a href=\"https:\/\/www.vulcania.com\/en\/animation\/cite-des-enfants\/\">Cit\u00e9 des enfants<\/a>\u2018 (Children\u2019s lab), the \u2018<a href=\"https:\/\/www.vulcania.com\/en\/animation\/la-maison-de-pitoufeu\/\">Maison Pitoufeu<\/a>\u2018 (Pitoufeu\u2019s house), the \u2018<a href=\"https:\/\/www.vulcania.com\/en\/animation\/galerie-pitoufeu\/\">Galerie Pitoufeu<\/a>\u2018 (Pitoufeu\u2019s gallery) and the \u2018<a href=\"https:\/\/www.vulcania.com\/en\/animation\/geyser\/\">Geyser<\/a>\u2018, children awaken their senses: water games, lights, sounds\u2026 but also slides, suspension bridge\u2026<\/p>\n<p>The <a href=\"\/en\/animation\/la-foret-des-dragons\/\" target=\"_blank\" rel=\"noopener\">For\u00eat des dragons<\/a>\u00a0(Dragons\u2019 Forest) will be ideal for a walk in the undergrowth to meet dragons and the natural phenomena associated with them. Children will be amazed by these creatures, they will be able to venture into Matt the Explorer\u2019s cabin and discover an animated film about a little dragon who cannot spit fire.<\/p>\n<p>The animated film <a href=\"\/en\/animation\/mission-vulcania-operation-sauvetage\/\" target=\"_blank\" rel=\"noopener\">Mission Vulcania: Op\u00e9ration sauvetage<\/a>\u00a0(Rescue operation) on a giant screen will also allow you to spend a moment of humor and tenderness with your family.<\/p>\n<p>To complete the exploration of the youngest, the Young Explorer\u2019s Notebook, given free of charge at the cash desk at the entrance to the park, will be ideal for understanding volcanoes, natural phenomena and the Earth in space with illustrations and games.[\/vc_column_text][vc_column_text css=&#8221;&#8221; el_class=&#8221;bloc couleur coul-1 astuce&#8221;]<\/p>\n<h3>Think of our \u2018Baby switch\u2019 service!<\/h3>\n<p style=\"text-align: justify;\">It is possible for parents to access dynamic animations in turn if the child does not reach the minimum height. For more information on our \u2018baby switch\u2019 service, go to the park reception on level C on the day of your exploration.<\/p>\n<p>[\/vc_column_text][\/vc_column][\/vc_row][vc_row][vc_column][vc_empty_space height=&#8221;30&#8243;][\/vc_column][\/vc_row][vc_row full_width=&#8221;stretch_row&#8221; el_class=&#8221;clair&#8221;][vc_column][vc_empty_space height=&#8221;30&#8243;][vc_column_text el_class=&#8221;intro&#8221;]<\/p>\n<h2>List of <strong>special children\u2019s activities<\/strong><\/h2>\n<p>[\/vc_column_text][vc_column_text el_class=&#8221;intro&#8221;]<\/p>\n<p style=\"text-align: justify;\">Find below all the Vulcania\u2019s animations dedicated to young explorers to organize your family visit as well as possible:<\/p>\n<p>[\/vc_column_text][vc_masonry_grid post_type=&#8221;animation&#8221; max_items=&#8221;-1&#8243; item=&#8221;326&#8243; grid_id=&#8221;vc_gid:1742900659537-78afb846-4e7d-8&#8243; taxonomies=&#8221;38&#8243;][vc_empty_space height=&#8221;30&#8243;][\/vc_column][\/vc_row]<\/p>\n<\/div>","protected":false},"excerpt":{"rendered":"<p>[vc_row][vc_column][vc_row_inner content_placement=&#8221;middle&#8221;][vc_column_inner width=&#8221;1\/6&#8243;][vc_single_image image=&#8221;26775&#8243; img_size=&#8221;120&#215;120&#8243; alignment=&#8221;center&#8221; css=&#8221;&#8221;][\/vc_column_inner][vc_column_inner width=&#8221;5\/6&#8243;][vc_column_text el_class=&#8221;intro&#8221;] Find on this page all the animations adapted to children in Vulcania taking into account the size limits to allow the youngest to learn while having fun! [\/vc_column_text][\/vc_column_inner][\/vc_row_inner][\/vc_column][\/vc_row][vc_row][vc_column width=&#8221;1\/4&#8243;][vc_single_image image=&#8221;15061&#8243; img_size=&#8221;medium&#8221; css=&#8221;&#8221;][\/vc_column][vc_column width=&#8221;3\/4&#8243;][vc_column_text] Activities suitable for toddlers [\/vc_column_text][vc_column_text]Vulcania has multiple play areas dedicated to children from [&hellip;]<\/p>\n","protected":false},"author":2,"featured_media":0,"parent":0,"menu_order":0,"comment_status":"closed","ping_status":"closed","template":"","meta":{"_acf_changed":false,"_relevanssi_hide_post":"","_relevanssi_hide_content":"","_relevanssi_pin_for_all":"","_relevanssi_pin_keywords":"","_relevanssi_unpin_keywords":"","_relevanssi_related_keywords":"","_relevanssi_related_include_ids":"","_relevanssi_related_exclude_ids":"","_relevanssi_related_no_append":"","_relevanssi_related_not_related":"","_relevanssi_related_posts":"","_relevanssi_noindex_reason":"","footnotes":""},"acf":[],"yoast_head":"<!-- This site is optimized with the Yoast SEO plugin v22.9 - https:\/\/yoast.com\/wordpress\/plugins\/seo\/ -->\n<title>Fun park for children: learning about volcanoes: Vulcania<\/title>\n<meta name=\"description\" content=\"In our fun park in the Auvergne, children can become young explorers and take part in a range of fun activities.\" \/>\n<meta name=\"robots\" content=\"index, follow, max-snippet:-1, max-image-preview:large, max-video-preview:-1\" \/>\n<link rel=\"canonical\" href=\"https:\/\/www.vulcania.com\/en\/specially-for-kids\/\" \/>\n<meta property=\"og:locale\" content=\"en_US\" \/>\n<meta property=\"og:type\" content=\"article\" \/>\n<meta property=\"og:title\" content=\"Fun park for children: learning about volcanoes: Vulcania\" \/>\n<meta property=\"og:description\" content=\"In our fun park in the Auvergne, children can become young explorers and take part in a range of fun activities.\" \/>\n<meta property=\"og:url\" content=\"https:\/\/www.vulcania.com\/en\/specially-for-kids\/\" \/>\n<meta property=\"og:site_name\" content=\"Vulcania\" \/>\n<meta property=\"article:publisher\" content=\"https:\/\/www.facebook.com\/ParcVulcania\" \/>\n<meta property=\"article:modified_time\" content=\"2025-03-25T11:04:58+00:00\" \/>\n<meta property=\"og:image\" content=\"https:\/\/www.vulcania.com\/wp-content\/uploads\/2023\/03\/logo-vulcania.png\" \/>\n\t<meta property=\"og:image:width\" content=\"570\" \/>\n\t<meta property=\"og:image:height\" content=\"253\" \/>\n\t<meta property=\"og:image:type\" content=\"image\/png\" \/>\n<meta name=\"twitter:card\" content=\"summary_large_image\" \/>\n<meta name=\"twitter:site\" content=\"@parc_vulcania\" \/>\n<meta name=\"twitter:label1\" content=\"Est. reading time\" \/>\n\t<meta name=\"twitter:data1\" content=\"2 minutes\" \/>\n<script type=\"application\/ld+json\" class=\"yoast-schema-graph\">{\"@context\":\"https:\/\/schema.org\",\"@graph\":[{\"@type\":\"WebPage\",\"@id\":\"https:\/\/www.vulcania.com\/en\/specially-for-kids\/\",\"url\":\"https:\/\/www.vulcania.com\/en\/specially-for-kids\/\",\"name\":\"Fun park for children: learning about volcanoes: Vulcania\",\"isPartOf\":{\"@id\":\"https:\/\/www.vulcania.com\/#website\"},\"datePublished\":\"2023-04-12T10:49:41+00:00\",\"dateModified\":\"2025-03-25T11:04:58+00:00\",\"description\":\"In our fun park in the Auvergne, children can become young explorers and take part in a range of fun activities.\",\"breadcrumb\":{\"@id\":\"https:\/\/www.vulcania.com\/en\/specially-for-kids\/#breadcrumb\"},\"inLanguage\":\"en-US\",\"potentialAction\":[{\"@type\":\"ReadAction\",\"target\":[\"https:\/\/www.vulcania.com\/en\/specially-for-kids\/\"]}]},{\"@type\":\"BreadcrumbList\",\"@id\":\"https:\/\/www.vulcania.com\/en\/specially-for-kids\/#breadcrumb\",\"itemListElement\":[{\"@type\":\"ListItem\",\"position\":1,\"name\":\"Accueil\",\"item\":\"https:\/\/www.vulcania.com\/en\/\"},{\"@type\":\"ListItem\",\"position\":2,\"name\":\"Specially for kids\"}]},{\"@type\":\"WebSite\",\"@id\":\"https:\/\/www.vulcania.com\/#website\",\"url\":\"https:\/\/www.vulcania.com\/\",\"name\":\"Vulcania\",\"description\":\"Parc \u00e0 th\u00e8me au c\u0153ur des volcans d&#039;Auvergne\",\"publisher\":{\"@id\":\"https:\/\/www.vulcania.com\/#organization\"},\"potentialAction\":[{\"@type\":\"SearchAction\",\"target\":{\"@type\":\"EntryPoint\",\"urlTemplate\":\"https:\/\/www.vulcania.com\/?s={search_term_string}\"},\"query-input\":\"required name=search_term_string\"}],\"inLanguage\":\"en-US\"},{\"@type\":\"Organization\",\"@id\":\"https:\/\/www.vulcania.com\/#organization\",\"name\":\"Vulcania\",\"url\":\"https:\/\/www.vulcania.com\/\",\"logo\":{\"@type\":\"ImageObject\",\"inLanguage\":\"en-US\",\"@id\":\"https:\/\/www.vulcania.com\/#\/schema\/logo\/image\/\",\"url\":\"https:\/\/www.vulcania.com\/wp-content\/uploads\/2023\/03\/logo-vulcania.png\",\"contentUrl\":\"https:\/\/www.vulcania.com\/wp-content\/uploads\/2023\/03\/logo-vulcania.png\",\"width\":570,\"height\":253,\"caption\":\"Vulcania\"},\"image\":{\"@id\":\"https:\/\/www.vulcania.com\/#\/schema\/logo\/image\/\"},\"sameAs\":[\"https:\/\/www.facebook.com\/ParcVulcania\",\"https:\/\/x.com\/parc_vulcania\",\"https:\/\/www.youtube.com\/user\/ParcVulcania\",\"https:\/\/www.instagram.com\/parcvulcania\/\"]}]}<\/script>\n<!-- \/ Yoast SEO plugin. -->","yoast_head_json":{"title":"Fun park for children: learning about volcanoes: Vulcania","description":"In our fun park in the Auvergne, children can become young explorers and take part in a range of fun activities.","robots":{"index":"index","follow":"follow","max-snippet":"max-snippet:-1","max-image-preview":"max-image-preview:large","max-video-preview":"max-video-preview:-1"},"canonical":"https:\/\/www.vulcania.com\/en\/specially-for-kids\/","og_locale":"en_US","og_type":"article","og_title":"Fun park for children: learning about volcanoes: Vulcania","og_description":"In our fun park in the Auvergne, children can become young explorers and take part in a range of fun activities.","og_url":"https:\/\/www.vulcania.com\/en\/specially-for-kids\/","og_site_name":"Vulcania","article_publisher":"https:\/\/www.facebook.com\/ParcVulcania","article_modified_time":"2025-03-25T11:04:58+00:00","og_image":[{"width":570,"height":253,"url":"https:\/\/www.vulcania.com\/wp-content\/uploads\/2023\/03\/logo-vulcania.png","type":"image\/png"}],"twitter_card":"summary_large_image","twitter_site":"@parc_vulcania","twitter_misc":{"Est. reading time":"2 minutes"},"schema":{"@context":"https:\/\/schema.org","@graph":[{"@type":"WebPage","@id":"https:\/\/www.vulcania.com\/en\/specially-for-kids\/","url":"https:\/\/www.vulcania.com\/en\/specially-for-kids\/","name":"Fun park for children: learning about volcanoes: Vulcania","isPartOf":{"@id":"https:\/\/www.vulcania.com\/#website"},"datePublished":"2023-04-12T10:49:41+00:00","dateModified":"2025-03-25T11:04:58+00:00","description":"In our fun park in the Auvergne, children can become young explorers and take part in a range of fun activities.","breadcrumb":{"@id":"https:\/\/www.vulcania.com\/en\/specially-for-kids\/#breadcrumb"},"inLanguage":"en-US","potentialAction":[{"@type":"ReadAction","target":["https:\/\/www.vulcania.com\/en\/specially-for-kids\/"]}]},{"@type":"BreadcrumbList","@id":"https:\/\/www.vulcania.com\/en\/specially-for-kids\/#breadcrumb","itemListElement":[{"@type":"ListItem","position":1,"name":"Accueil","item":"https:\/\/www.vulcania.com\/en\/"},{"@type":"ListItem","position":2,"name":"Specially for kids"}]},{"@type":"WebSite","@id":"https:\/\/www.vulcania.com\/#website","url":"https:\/\/www.vulcania.com\/","name":"Vulcania","description":"Parc \u00e0 th\u00e8me au c\u0153ur des volcans d&#039;Auvergne","publisher":{"@id":"https:\/\/www.vulcania.com\/#organization"},"potentialAction":[{"@type":"SearchAction","target":{"@type":"EntryPoint","urlTemplate":"https:\/\/www.vulcania.com\/?s={search_term_string}"},"query-input":"required name=search_term_string"}],"inLanguage":"en-US"},{"@type":"Organization","@id":"https:\/\/www.vulcania.com\/#organization","name":"Vulcania","url":"https:\/\/www.vulcania.com\/","logo":{"@type":"ImageObject","inLanguage":"en-US","@id":"https:\/\/www.vulcania.com\/#\/schema\/logo\/image\/","url":"https:\/\/www.vulcania.com\/wp-content\/uploads\/2023\/03\/logo-vulcania.png","contentUrl":"https:\/\/www.vulcania.com\/wp-content\/uploads\/2023\/03\/logo-vulcania.png","width":570,"height":253,"caption":"Vulcania"},"image":{"@id":"https:\/\/www.vulcania.com\/#\/schema\/logo\/image\/"},"sameAs":["https:\/\/www.facebook.com\/ParcVulcania","https:\/\/x.com\/parc_vulcania","https:\/\/www.youtube.com\/user\/ParcVulcania","https:\/\/www.instagram.com\/parcvulcania\/"]}]}},"_links":{"self":[{"href":"https:\/\/www.vulcania.com\/en\/wp-json\/wp\/v2\/pages\/18095"}],"collection":[{"href":"https:\/\/www.vulcania.com\/en\/wp-json\/wp\/v2\/pages"}],"about":[{"href":"https:\/\/www.vulcania.com\/en\/wp-json\/wp\/v2\/types\/page"}],"author":[{"embeddable":true,"href":"https:\/\/www.vulcania.com\/en\/wp-json\/wp\/v2\/users\/2"}],"replies":[{"embeddable":true,"href":"https:\/\/www.vulcania.com\/en\/wp-json\/wp\/v2\/comments?post=18095"}],"version-history":[{"count":10,"href":"https:\/\/www.vulcania.com\/en\/wp-json\/wp\/v2\/pages\/18095\/revisions"}],"predecessor-version":[{"id":26991,"href":"https:\/\/www.vulcania.com\/en\/wp-json\/wp\/v2\/pages\/18095\/revisions\/26991"}],"wp:attachment":[{"href":"https:\/\/www.vulcania.com\/en\/wp-json\/wp\/v2\/media?parent=18095"}],"curies":[{"name":"wp","href":"https:\/\/api.w.org\/{rel}","templated":true}]}}