{"id":18133,"date":"2023-04-11T18:18:13","date_gmt":"2023-04-11T16:18:13","guid":{"rendered":"https:\/\/www.vulcania.com\/?page_id=18133"},"modified":"2025-07-28T16:30:25","modified_gmt":"2025-07-28T14:30:25","slug":"films-on-giant-screens-at-vulcania","status":"publish","type":"page","link":"https:\/\/www.vulcania.com\/en\/films-on-giant-screens-at-vulcania\/","title":{"rendered":"Films and animations on giant screens"},"content":{"rendered":"<div class=\"wpb-content-wrapper\"><p>[vc_row][vc_column][vc_row_inner content_placement=&#8221;middle&#8221;][vc_column_inner width=&#8221;1\/6&#8243;][vc_single_image image=&#8221;26754&#8243; img_size=&#8221;120&#215;120&#8243; alignment=&#8221;center&#8221; css=&#8221;&#8221;][\/vc_column_inner][vc_column_inner width=&#8221;5\/6&#8243;][vc_column_text css=&#8221;.vc_custom_1687347902808{margin-bottom: 15px !important;}&#8221; el_class=&#8221;intro&#8221;]<\/p>\n<p style=\"text-align: justify;\">Marvel with Vulcania\u2019s films broadcast on giant screens\u00a0during\u00a0your exploration of volcanoes, natural phenomena and Space!<\/p>\n<p>[\/vc_column_text][vc_column_text css=&#8221;&#8221;]<\/p>\n<p style=\"text-align: justify;\">Explore the world of volcanoes and natural phenomena on one of the largest screens in Europe with the documentary films\u00a0<a href=\"\/en\/animation\/regards-sur-les-volcans\/\" target=\"_blank\" rel=\"noopener noreferrer\">Regards sur les volcans<\/a> (Views on volcanoes) and <a href=\"\/en\/animation\/ouragan\/\" target=\"_blank\" rel=\"noopener noreferrer\">Ouragan<\/a> (Hurricane) and go off to discover our beautiful planet during an immersive experience. Also explore our universe and its wonders with the film <a href=\"\/en\/animation\/vast\/\">VAST<\/a> under the dome of the largest planetarium in France.<\/p>\n<p>[\/vc_column_text][\/vc_column_inner][\/vc_row_inner][\/vc_column][\/vc_row][vc_row content_placement=&#8221;middle&#8221;][vc_column width=&#8221;1\/4&#8243;][vc_single_image image=&#8221;28262&#8243; img_size=&#8221;medium&#8221; css=&#8221;&#8221;][\/vc_column][vc_column width=&#8221;3\/4&#8243;][vc_column_text]<\/p>\n<h2>One of the most <strong>impressive screens<\/strong> in Europe!<\/h2>\n<p>[\/vc_column_text][vc_column_text css=&#8221;.vc_custom_1738923043979{margin-bottom: 15px !important;}&#8221;]<\/p>\n<h3>Cin\u00e9Max<\/h3>\n<p>With its\u00a0415m\u00b2\u00a0surface, and its\u00a0Dolby Atmos\u00a07.1 sound system, Vulcania\u2019s giant screen room allows you to live unique immersive experiences![\/vc_column_text][vc_column_text css=&#8221;&#8221;]<\/p>\n<h3>Astrod\u00f4me<\/h3>\n<p>Since park\u2019s 2023 season, you will also be able to experience more real-life journeys into our universe under Vulcania\u2019s\u00a0 planetarium dome! Its curved screen of 22 meters in diameter, its 10K laser projection system and its 7.1 audio system offer a perfect comfort to explore Space as if you were there.[\/vc_column_text][\/vc_column][\/vc_row][vc_row][vc_column][vc_empty_space height=&#8221;30&#8243;][\/vc_column][\/vc_row][vc_row full_width=&#8221;stretch_row&#8221; el_class=&#8221;clair&#8221;][vc_column][vc_empty_space height=&#8221;30&#8243;][vc_column_text css=&#8221;&#8221; el_class=&#8221;intro&#8221;]<\/p>\n<h2>What are the <strong>films and animations on giant screens<\/strong> at Vulcania?<\/h2>\n<p>[\/vc_column_text][vc_basic_grid post_type=&#8221;animation&#8221; max_items=&#8221;-1&#8243; item=&#8221;326&#8243; grid_id=&#8221;vc_gid:1753712998847-9be65bfa-f8a1-7&#8243; taxonomies=&#8221;33&#8243;][vc_empty_space height=&#8221;30&#8243;][\/vc_column][\/vc_row]<\/p>\n<\/div>","protected":false},"excerpt":{"rendered":"<p>[vc_row][vc_column][vc_row_inner content_placement=&#8221;middle&#8221;][vc_column_inner width=&#8221;1\/6&#8243;][vc_single_image image=&#8221;26754&#8243; img_size=&#8221;120&#215;120&#8243; alignment=&#8221;center&#8221; css=&#8221;&#8221;][\/vc_column_inner][vc_column_inner width=&#8221;5\/6&#8243;][vc_column_text css=&#8221;.vc_custom_1687347902808{margin-bottom: 15px !important;}&#8221; el_class=&#8221;intro&#8221;] Marvel with Vulcania\u2019s films broadcast on giant screens\u00a0during\u00a0your exploration of volcanoes, natural phenomena and Space! [\/vc_column_text][vc_column_text css=&#8221;&#8221;] Explore the world of volcanoes and natural phenomena on one of the largest screens in Europe with the documentary films\u00a0Regards sur les volcans (Views on volcanoes) [&hellip;]<\/p>\n","protected":false},"author":2,"featured_media":0,"parent":0,"menu_order":0,"comment_status":"closed","ping_status":"closed","template":"","meta":{"_acf_changed":false,"_relevanssi_hide_post":"","_relevanssi_hide_content":"","_relevanssi_pin_for_all":"","_relevanssi_pin_keywords":"","_relevanssi_unpin_keywords":"","_relevanssi_related_keywords":"","_relevanssi_related_include_ids":"","_relevanssi_related_exclude_ids":"","_relevanssi_related_no_append":"","_relevanssi_related_not_related":"","_relevanssi_related_posts":"","_relevanssi_noindex_reason":"","footnotes":""},"acf":[],"yoast_head":"<!-- This site is optimized with the Yoast SEO plugin v22.9 - https:\/\/yoast.com\/wordpress\/plugins\/seo\/ -->\n<title>What films are on the giant screens at Vulcania?<\/title>\n<meta name=\"description\" content=\"Explore volcanoes, natural phenomena and the universe on one of Europe&#039;s biggest screens and in France&#039;s largest planetarium at the Vulcania park in Auvergne!\" \/>\n<meta name=\"robots\" content=\"index, follow, max-snippet:-1, max-image-preview:large, max-video-preview:-1\" \/>\n<link rel=\"canonical\" href=\"https:\/\/www.vulcania.com\/en\/films-on-giant-screens-at-vulcania\/\" \/>\n<meta property=\"og:locale\" content=\"en_US\" \/>\n<meta property=\"og:type\" content=\"article\" \/>\n<meta property=\"og:title\" content=\"What films are on the giant screens at Vulcania?\" \/>\n<meta property=\"og:description\" content=\"Explore volcanoes, natural phenomena and the universe on one of Europe&#039;s biggest screens and in France&#039;s largest planetarium at the Vulcania park in Auvergne!\" \/>\n<meta property=\"og:url\" content=\"https:\/\/www.vulcania.com\/en\/films-on-giant-screens-at-vulcania\/\" \/>\n<meta property=\"og:site_name\" content=\"Vulcania\" \/>\n<meta property=\"article:publisher\" content=\"https:\/\/www.facebook.com\/ParcVulcania\" \/>\n<meta property=\"article:modified_time\" content=\"2025-07-28T14:30:25+00:00\" \/>\n<meta property=\"og:image\" content=\"https:\/\/www.vulcania.com\/wp-content\/uploads\/2023\/03\/logo-vulcania.png\" \/>\n\t<meta property=\"og:image:width\" content=\"570\" \/>\n\t<meta property=\"og:image:height\" content=\"253\" \/>\n\t<meta property=\"og:image:type\" content=\"image\/png\" \/>\n<meta name=\"twitter:card\" content=\"summary_large_image\" \/>\n<meta name=\"twitter:site\" content=\"@parc_vulcania\" \/>\n<meta name=\"twitter:label1\" content=\"Est. reading time\" \/>\n\t<meta name=\"twitter:data1\" content=\"2 minutes\" \/>\n<script type=\"application\/ld+json\" class=\"yoast-schema-graph\">{\"@context\":\"https:\/\/schema.org\",\"@graph\":[{\"@type\":\"WebPage\",\"@id\":\"https:\/\/www.vulcania.com\/en\/films-on-giant-screens-at-vulcania\/\",\"url\":\"https:\/\/www.vulcania.com\/en\/films-on-giant-screens-at-vulcania\/\",\"name\":\"What films are on the giant screens at Vulcania?\",\"isPartOf\":{\"@id\":\"https:\/\/www.vulcania.com\/#website\"},\"datePublished\":\"2023-04-11T16:18:13+00:00\",\"dateModified\":\"2025-07-28T14:30:25+00:00\",\"description\":\"Explore volcanoes, natural phenomena and the universe on one of Europe's biggest screens and in France's largest planetarium at the Vulcania park in Auvergne!\",\"breadcrumb\":{\"@id\":\"https:\/\/www.vulcania.com\/en\/films-on-giant-screens-at-vulcania\/#breadcrumb\"},\"inLanguage\":\"en-US\",\"potentialAction\":[{\"@type\":\"ReadAction\",\"target\":[\"https:\/\/www.vulcania.com\/en\/films-on-giant-screens-at-vulcania\/\"]}]},{\"@type\":\"BreadcrumbList\",\"@id\":\"https:\/\/www.vulcania.com\/en\/films-on-giant-screens-at-vulcania\/#breadcrumb\",\"itemListElement\":[{\"@type\":\"ListItem\",\"position\":1,\"name\":\"Accueil\",\"item\":\"https:\/\/www.vulcania.com\/en\/\"},{\"@type\":\"ListItem\",\"position\":2,\"name\":\"Films and animations on giant screens\"}]},{\"@type\":\"WebSite\",\"@id\":\"https:\/\/www.vulcania.com\/#website\",\"url\":\"https:\/\/www.vulcania.com\/\",\"name\":\"Vulcania\",\"description\":\"Parc \u00e0 th\u00e8me au c\u0153ur des volcans d&#039;Auvergne\",\"publisher\":{\"@id\":\"https:\/\/www.vulcania.com\/#organization\"},\"potentialAction\":[{\"@type\":\"SearchAction\",\"target\":{\"@type\":\"EntryPoint\",\"urlTemplate\":\"https:\/\/www.vulcania.com\/?s={search_term_string}\"},\"query-input\":\"required name=search_term_string\"}],\"inLanguage\":\"en-US\"},{\"@type\":\"Organization\",\"@id\":\"https:\/\/www.vulcania.com\/#organization\",\"name\":\"Vulcania\",\"url\":\"https:\/\/www.vulcania.com\/\",\"logo\":{\"@type\":\"ImageObject\",\"inLanguage\":\"en-US\",\"@id\":\"https:\/\/www.vulcania.com\/#\/schema\/logo\/image\/\",\"url\":\"https:\/\/www.vulcania.com\/wp-content\/uploads\/2023\/03\/logo-vulcania.png\",\"contentUrl\":\"https:\/\/www.vulcania.com\/wp-content\/uploads\/2023\/03\/logo-vulcania.png\",\"width\":570,\"height\":253,\"caption\":\"Vulcania\"},\"image\":{\"@id\":\"https:\/\/www.vulcania.com\/#\/schema\/logo\/image\/\"},\"sameAs\":[\"https:\/\/www.facebook.com\/ParcVulcania\",\"https:\/\/x.com\/parc_vulcania\",\"https:\/\/www.youtube.com\/user\/ParcVulcania\",\"https:\/\/www.instagram.com\/parcvulcania\/\"]}]}<\/script>\n<!-- \/ Yoast SEO plugin. -->","yoast_head_json":{"title":"What films are on the giant screens at Vulcania?","description":"Explore volcanoes, natural phenomena and the universe on one of Europe's biggest screens and in France's largest planetarium at the Vulcania park in Auvergne!","robots":{"index":"index","follow":"follow","max-snippet":"max-snippet:-1","max-image-preview":"max-image-preview:large","max-video-preview":"max-video-preview:-1"},"canonical":"https:\/\/www.vulcania.com\/en\/films-on-giant-screens-at-vulcania\/","og_locale":"en_US","og_type":"article","og_title":"What films are on the giant screens at Vulcania?","og_description":"Explore volcanoes, natural phenomena and the universe on one of Europe's biggest screens and in France's largest planetarium at the Vulcania park in Auvergne!","og_url":"https:\/\/www.vulcania.com\/en\/films-on-giant-screens-at-vulcania\/","og_site_name":"Vulcania","article_publisher":"https:\/\/www.facebook.com\/ParcVulcania","article_modified_time":"2025-07-28T14:30:25+00:00","og_image":[{"width":570,"height":253,"url":"https:\/\/www.vulcania.com\/wp-content\/uploads\/2023\/03\/logo-vulcania.png","type":"image\/png"}],"twitter_card":"summary_large_image","twitter_site":"@parc_vulcania","twitter_misc":{"Est. reading time":"2 minutes"},"schema":{"@context":"https:\/\/schema.org","@graph":[{"@type":"WebPage","@id":"https:\/\/www.vulcania.com\/en\/films-on-giant-screens-at-vulcania\/","url":"https:\/\/www.vulcania.com\/en\/films-on-giant-screens-at-vulcania\/","name":"What films are on the giant screens at Vulcania?","isPartOf":{"@id":"https:\/\/www.vulcania.com\/#website"},"datePublished":"2023-04-11T16:18:13+00:00","dateModified":"2025-07-28T14:30:25+00:00","description":"Explore volcanoes, natural phenomena and the universe on one of Europe's biggest screens and in France's largest planetarium at the Vulcania park in Auvergne!","breadcrumb":{"@id":"https:\/\/www.vulcania.com\/en\/films-on-giant-screens-at-vulcania\/#breadcrumb"},"inLanguage":"en-US","potentialAction":[{"@type":"ReadAction","target":["https:\/\/www.vulcania.com\/en\/films-on-giant-screens-at-vulcania\/"]}]},{"@type":"BreadcrumbList","@id":"https:\/\/www.vulcania.com\/en\/films-on-giant-screens-at-vulcania\/#breadcrumb","itemListElement":[{"@type":"ListItem","position":1,"name":"Accueil","item":"https:\/\/www.vulcania.com\/en\/"},{"@type":"ListItem","position":2,"name":"Films and animations on giant screens"}]},{"@type":"WebSite","@id":"https:\/\/www.vulcania.com\/#website","url":"https:\/\/www.vulcania.com\/","name":"Vulcania","description":"Parc \u00e0 th\u00e8me au c\u0153ur des volcans d&#039;Auvergne","publisher":{"@id":"https:\/\/www.vulcania.com\/#organization"},"potentialAction":[{"@type":"SearchAction","target":{"@type":"EntryPoint","urlTemplate":"https:\/\/www.vulcania.com\/?s={search_term_string}"},"query-input":"required name=search_term_string"}],"inLanguage":"en-US"},{"@type":"Organization","@id":"https:\/\/www.vulcania.com\/#organization","name":"Vulcania","url":"https:\/\/www.vulcania.com\/","logo":{"@type":"ImageObject","inLanguage":"en-US","@id":"https:\/\/www.vulcania.com\/#\/schema\/logo\/image\/","url":"https:\/\/www.vulcania.com\/wp-content\/uploads\/2023\/03\/logo-vulcania.png","contentUrl":"https:\/\/www.vulcania.com\/wp-content\/uploads\/2023\/03\/logo-vulcania.png","width":570,"height":253,"caption":"Vulcania"},"image":{"@id":"https:\/\/www.vulcania.com\/#\/schema\/logo\/image\/"},"sameAs":["https:\/\/www.facebook.com\/ParcVulcania","https:\/\/x.com\/parc_vulcania","https:\/\/www.youtube.com\/user\/ParcVulcania","https:\/\/www.instagram.com\/parcvulcania\/"]}]}},"_links":{"self":[{"href":"https:\/\/www.vulcania.com\/en\/wp-json\/wp\/v2\/pages\/18133"}],"collection":[{"href":"https:\/\/www.vulcania.com\/en\/wp-json\/wp\/v2\/pages"}],"about":[{"href":"https:\/\/www.vulcania.com\/en\/wp-json\/wp\/v2\/types\/page"}],"author":[{"embeddable":true,"href":"https:\/\/www.vulcania.com\/en\/wp-json\/wp\/v2\/users\/2"}],"replies":[{"embeddable":true,"href":"https:\/\/www.vulcania.com\/en\/wp-json\/wp\/v2\/comments?post=18133"}],"version-history":[{"count":18,"href":"https:\/\/www.vulcania.com\/en\/wp-json\/wp\/v2\/pages\/18133\/revisions"}],"predecessor-version":[{"id":28276,"href":"https:\/\/www.vulcania.com\/en\/wp-json\/wp\/v2\/pages\/18133\/revisions\/28276"}],"wp:attachment":[{"href":"https:\/\/www.vulcania.com\/en\/wp-json\/wp\/v2\/media?parent=18133"}],"curies":[{"name":"wp","href":"https:\/\/api.w.org\/{rel}","templated":true}]}}