{"id":18165,"date":"2023-04-26T09:51:34","date_gmt":"2023-04-26T07:51:34","guid":{"rendered":"https:\/\/www.vulcania.com\/?page_id=18165"},"modified":"2025-11-20T09:49:35","modified_gmt":"2025-11-20T08:49:35","slug":"second-day-ticket","status":"publish","type":"page","link":"https:\/\/www.vulcania.com\/en\/second-day-ticket\/","title":{"rendered":"2nd day ticket"},"content":{"rendered":"<div class=\"wpb-content-wrapper\"><p>[vc_row][vc_column width=&#8221;5\/6&#8243;][vc_column_text css=&#8221;.vc_custom_1711616568411{margin-bottom: 30px !important;}&#8221; el_class=&#8221;intro&#8221;]<strong>Come back to Vulcania for a second visit within 7 days<\/strong>\u00a0of your first visit at a special rate.[\/vc_column_text][\/vc_column][vc_column width=&#8221;1\/6&#8243;][vc_column_text css=&#8221;.vc_custom_1711616522331{margin-bottom: 30px !important;}&#8221; el_class=&#8221;sticker&#8221;]ON-SITE<br \/>\nONLY[\/vc_column_text][\/vc_column][\/vc_row][vc_row][vc_column][vc_empty_space height=&#8221;30&#8243;][\/vc_column][\/vc_row][vc_row][vc_column width=&#8221;1\/2&#8243;][vc_column_text]<\/p>\n<h3>Prices<\/h3>\n<p>[\/vc_column_text][vc_column_text css=&#8221;&#8221; el_class=&#8221;tableau-mobile&#8221;]<\/p>\n<table style=\"border-collapse: collapse; width: 100%; height: 144px;\">\n<tbody>\n<tr style=\"height: 48px;\">\n<th>Prices per person VAT incl.*<\/th>\n<th>All season long<\/th>\n<\/tr>\n<tr style=\"height: 48px;\">\n<td>Adult<\/td>\n<td>\u20ac16.00<\/td>\n<\/tr>\n<tr style=\"height: 48px;\">\n<td>Child<br \/>\n(6 to 16 years old)<\/td>\n<td>\u20ac13.00<\/td>\n<\/tr>\n<tr style=\"height: 24px;\">\n<td>Young child<br \/>\n(3 to 5 years old)<\/td>\n<td>\u20ac5.50<\/td>\n<\/tr>\n<\/tbody>\n<\/table>\n<p><em>*Prices are based on 10% VAT \u2013 Children under 3 get free admission.<\/em><br \/>\nInformation on the <a href=\"https:\/\/www.vulcania.com\/en\/right-of-withdrawal\/\" target=\"_blank\" rel=\"noopener\">cooling-off period and payment method<\/a>[\/vc_column_text][\/vc_column][vc_column width=&#8221;1\/2&#8243;][vc_column_text css=&#8221;.vc_custom_1711616574635{margin-bottom: 30px !important;}&#8221; el_class=&#8221;bloc blanc contour solide rayon calendrier&#8221;]To find out the applicable periods, refer to\u00a0<a href=\"https:\/\/www.vulcania.com\/en\/calendar\/\" target=\"_blank\" rel=\"noopener\">the calendar<\/a>.[\/vc_column_text][vc_column_text el_class=&#8221;bloc couleur coul-1 rayon alerte&#8221;]This offer is open to visitors having already purchased a first ticket. It is valid for a second visit within 7 days of your first visit.<br \/>\nTickets may only be purchased on-site.[\/vc_column_text][\/vc_column][\/vc_row][vc_row][vc_column][vc_empty_space height=&#8221;30&#8243;][\/vc_column][\/vc_row][vc_row full_width=&#8221;stretch_row&#8221; el_class=&#8221;clair&#8221;][vc_column][vc_empty_space height=&#8221;30&#8243;][vc_column_text css=&#8221;.vc_custom_1711616581299{margin-bottom: 30px !important;}&#8221; el_class=&#8221;intro&#8221;]<\/p>\n<h2>Payment methods accepted on-site<\/h2>\n<p>[\/vc_column_text][vc_column_text css=&#8221;.vc_custom_1711616593987{margin-bottom: 5px !important;}&#8221;]Credit\/debit cards \/ American express \/ Cheques \/ Cash \/ Holiday vouchers \/ CADO vouchers \/ CULTURE vouchers \/ KADEOS[\/vc_column_text][vc_single_image image=&#8221;15512&#8243; img_size=&#8221;large&#8221; css=&#8221;.vc_custom_1682492018655{margin-bottom: 0px !important;}&#8221;][vc_empty_space height=&#8221;60&#8243;][\/vc_column][\/vc_row]<\/p>\n<\/div>","protected":false},"excerpt":{"rendered":"<p>[vc_row][vc_column width=&#8221;5\/6&#8243;][vc_column_text css=&#8221;.vc_custom_1711616568411{margin-bottom: 30px !important;}&#8221; el_class=&#8221;intro&#8221;]Come back to Vulcania for a second visit within 7 days\u00a0of your first visit at a special rate.[\/vc_column_text][\/vc_column][vc_column width=&#8221;1\/6&#8243;][vc_column_text css=&#8221;.vc_custom_1711616522331{margin-bottom: 30px !important;}&#8221; el_class=&#8221;sticker&#8221;]ON-SITE ONLY[\/vc_column_text][\/vc_column][\/vc_row][vc_row][vc_column][vc_empty_space height=&#8221;30&#8243;][\/vc_column][\/vc_row][vc_row][vc_column width=&#8221;1\/2&#8243;][vc_column_text] Prices [\/vc_column_text][vc_column_text css=&#8221;&#8221; el_class=&#8221;tableau-mobile&#8221;] Prices per person VAT incl.* All season long Adult \u20ac16.00 Child (6 to 16 years old) \u20ac13.00 Young child (3 [&hellip;]<\/p>\n","protected":false},"author":2,"featured_media":0,"parent":0,"menu_order":0,"comment_status":"closed","ping_status":"closed","template":"","meta":{"_acf_changed":false,"_relevanssi_hide_post":"","_relevanssi_hide_content":"","_relevanssi_pin_for_all":"","_relevanssi_pin_keywords":"","_relevanssi_unpin_keywords":"","_relevanssi_related_keywords":"","_relevanssi_related_include_ids":"","_relevanssi_related_exclude_ids":"","_relevanssi_related_no_append":"","_relevanssi_related_not_related":"","_relevanssi_related_posts":"","_relevanssi_noindex_reason":"","footnotes":""},"acf":[],"yoast_head":"<!-- This site is optimized with the Yoast SEO plugin v22.9 - https:\/\/yoast.com\/wordpress\/plugins\/seo\/ -->\n<title>Your 2nd day ticket to Vulcania at a special rate!<\/title>\n<meta name=\"description\" content=\"Take advantage of an extra day to visit Vulcania by buying your 2nd day ticket at a reduced price and returning to the park within 7 days.\" \/>\n<meta name=\"robots\" content=\"index, follow, max-snippet:-1, max-image-preview:large, max-video-preview:-1\" \/>\n<link rel=\"canonical\" href=\"https:\/\/www.vulcania.com\/en\/second-day-ticket\/\" \/>\n<meta property=\"og:locale\" content=\"en_US\" \/>\n<meta property=\"og:type\" content=\"article\" \/>\n<meta property=\"og:title\" content=\"Your 2nd day ticket to Vulcania at a special rate!\" \/>\n<meta property=\"og:description\" content=\"Take advantage of an extra day to visit Vulcania by buying your 2nd day ticket at a reduced price and returning to the park within 7 days.\" \/>\n<meta property=\"og:url\" content=\"https:\/\/www.vulcania.com\/en\/second-day-ticket\/\" \/>\n<meta property=\"og:site_name\" content=\"Vulcania\" \/>\n<meta property=\"article:publisher\" content=\"https:\/\/www.facebook.com\/ParcVulcania\" \/>\n<meta property=\"article:modified_time\" content=\"2025-11-20T08:49:35+00:00\" \/>\n<meta property=\"og:image\" content=\"https:\/\/www.vulcania.com\/wp-content\/uploads\/2023\/03\/logo-vulcania.png\" \/>\n\t<meta property=\"og:image:width\" content=\"570\" \/>\n\t<meta property=\"og:image:height\" content=\"253\" \/>\n\t<meta property=\"og:image:type\" content=\"image\/png\" \/>\n<meta name=\"twitter:card\" content=\"summary_large_image\" \/>\n<meta name=\"twitter:site\" content=\"@parc_vulcania\" \/>\n<meta name=\"twitter:label1\" content=\"Est. reading time\" \/>\n\t<meta name=\"twitter:data1\" content=\"2 minutes\" \/>\n<script type=\"application\/ld+json\" class=\"yoast-schema-graph\">{\"@context\":\"https:\/\/schema.org\",\"@graph\":[{\"@type\":\"WebPage\",\"@id\":\"https:\/\/www.vulcania.com\/en\/second-day-ticket\/\",\"url\":\"https:\/\/www.vulcania.com\/en\/second-day-ticket\/\",\"name\":\"Your 2nd day ticket to Vulcania at a special rate!\",\"isPartOf\":{\"@id\":\"https:\/\/www.vulcania.com\/#website\"},\"datePublished\":\"2023-04-26T07:51:34+00:00\",\"dateModified\":\"2025-11-20T08:49:35+00:00\",\"description\":\"Take advantage of an extra day to visit Vulcania by buying your 2nd day ticket at a reduced price and returning to the park within 7 days.\",\"breadcrumb\":{\"@id\":\"https:\/\/www.vulcania.com\/en\/second-day-ticket\/#breadcrumb\"},\"inLanguage\":\"en-US\",\"potentialAction\":[{\"@type\":\"ReadAction\",\"target\":[\"https:\/\/www.vulcania.com\/en\/second-day-ticket\/\"]}]},{\"@type\":\"BreadcrumbList\",\"@id\":\"https:\/\/www.vulcania.com\/en\/second-day-ticket\/#breadcrumb\",\"itemListElement\":[{\"@type\":\"ListItem\",\"position\":1,\"name\":\"Accueil\",\"item\":\"https:\/\/www.vulcania.com\/en\/\"},{\"@type\":\"ListItem\",\"position\":2,\"name\":\"2nd day ticket\"}]},{\"@type\":\"WebSite\",\"@id\":\"https:\/\/www.vulcania.com\/#website\",\"url\":\"https:\/\/www.vulcania.com\/\",\"name\":\"Vulcania\",\"description\":\"Parc \u00e0 th\u00e8me au c\u0153ur des volcans d&#039;Auvergne\",\"publisher\":{\"@id\":\"https:\/\/www.vulcania.com\/#organization\"},\"potentialAction\":[{\"@type\":\"SearchAction\",\"target\":{\"@type\":\"EntryPoint\",\"urlTemplate\":\"https:\/\/www.vulcania.com\/?s={search_term_string}\"},\"query-input\":\"required name=search_term_string\"}],\"inLanguage\":\"en-US\"},{\"@type\":\"Organization\",\"@id\":\"https:\/\/www.vulcania.com\/#organization\",\"name\":\"Vulcania\",\"url\":\"https:\/\/www.vulcania.com\/\",\"logo\":{\"@type\":\"ImageObject\",\"inLanguage\":\"en-US\",\"@id\":\"https:\/\/www.vulcania.com\/#\/schema\/logo\/image\/\",\"url\":\"https:\/\/www.vulcania.com\/wp-content\/uploads\/2023\/03\/logo-vulcania.png\",\"contentUrl\":\"https:\/\/www.vulcania.com\/wp-content\/uploads\/2023\/03\/logo-vulcania.png\",\"width\":570,\"height\":253,\"caption\":\"Vulcania\"},\"image\":{\"@id\":\"https:\/\/www.vulcania.com\/#\/schema\/logo\/image\/\"},\"sameAs\":[\"https:\/\/www.facebook.com\/ParcVulcania\",\"https:\/\/x.com\/parc_vulcania\",\"https:\/\/www.youtube.com\/user\/ParcVulcania\",\"https:\/\/www.instagram.com\/parcvulcania\/\"]}]}<\/script>\n<!-- \/ Yoast SEO plugin. -->","yoast_head_json":{"title":"Your 2nd day ticket to Vulcania at a special rate!","description":"Take advantage of an extra day to visit Vulcania by buying your 2nd day ticket at a reduced price and returning to the park within 7 days.","robots":{"index":"index","follow":"follow","max-snippet":"max-snippet:-1","max-image-preview":"max-image-preview:large","max-video-preview":"max-video-preview:-1"},"canonical":"https:\/\/www.vulcania.com\/en\/second-day-ticket\/","og_locale":"en_US","og_type":"article","og_title":"Your 2nd day ticket to Vulcania at a special rate!","og_description":"Take advantage of an extra day to visit Vulcania by buying your 2nd day ticket at a reduced price and returning to the park within 7 days.","og_url":"https:\/\/www.vulcania.com\/en\/second-day-ticket\/","og_site_name":"Vulcania","article_publisher":"https:\/\/www.facebook.com\/ParcVulcania","article_modified_time":"2025-11-20T08:49:35+00:00","og_image":[{"width":570,"height":253,"url":"https:\/\/www.vulcania.com\/wp-content\/uploads\/2023\/03\/logo-vulcania.png","type":"image\/png"}],"twitter_card":"summary_large_image","twitter_site":"@parc_vulcania","twitter_misc":{"Est. reading time":"2 minutes"},"schema":{"@context":"https:\/\/schema.org","@graph":[{"@type":"WebPage","@id":"https:\/\/www.vulcania.com\/en\/second-day-ticket\/","url":"https:\/\/www.vulcania.com\/en\/second-day-ticket\/","name":"Your 2nd day ticket to Vulcania at a special rate!","isPartOf":{"@id":"https:\/\/www.vulcania.com\/#website"},"datePublished":"2023-04-26T07:51:34+00:00","dateModified":"2025-11-20T08:49:35+00:00","description":"Take advantage of an extra day to visit Vulcania by buying your 2nd day ticket at a reduced price and returning to the park within 7 days.","breadcrumb":{"@id":"https:\/\/www.vulcania.com\/en\/second-day-ticket\/#breadcrumb"},"inLanguage":"en-US","potentialAction":[{"@type":"ReadAction","target":["https:\/\/www.vulcania.com\/en\/second-day-ticket\/"]}]},{"@type":"BreadcrumbList","@id":"https:\/\/www.vulcania.com\/en\/second-day-ticket\/#breadcrumb","itemListElement":[{"@type":"ListItem","position":1,"name":"Accueil","item":"https:\/\/www.vulcania.com\/en\/"},{"@type":"ListItem","position":2,"name":"2nd day ticket"}]},{"@type":"WebSite","@id":"https:\/\/www.vulcania.com\/#website","url":"https:\/\/www.vulcania.com\/","name":"Vulcania","description":"Parc \u00e0 th\u00e8me au c\u0153ur des volcans d&#039;Auvergne","publisher":{"@id":"https:\/\/www.vulcania.com\/#organization"},"potentialAction":[{"@type":"SearchAction","target":{"@type":"EntryPoint","urlTemplate":"https:\/\/www.vulcania.com\/?s={search_term_string}"},"query-input":"required name=search_term_string"}],"inLanguage":"en-US"},{"@type":"Organization","@id":"https:\/\/www.vulcania.com\/#organization","name":"Vulcania","url":"https:\/\/www.vulcania.com\/","logo":{"@type":"ImageObject","inLanguage":"en-US","@id":"https:\/\/www.vulcania.com\/#\/schema\/logo\/image\/","url":"https:\/\/www.vulcania.com\/wp-content\/uploads\/2023\/03\/logo-vulcania.png","contentUrl":"https:\/\/www.vulcania.com\/wp-content\/uploads\/2023\/03\/logo-vulcania.png","width":570,"height":253,"caption":"Vulcania"},"image":{"@id":"https:\/\/www.vulcania.com\/#\/schema\/logo\/image\/"},"sameAs":["https:\/\/www.facebook.com\/ParcVulcania","https:\/\/x.com\/parc_vulcania","https:\/\/www.youtube.com\/user\/ParcVulcania","https:\/\/www.instagram.com\/parcvulcania\/"]}]}},"_links":{"self":[{"href":"https:\/\/www.vulcania.com\/en\/wp-json\/wp\/v2\/pages\/18165"}],"collection":[{"href":"https:\/\/www.vulcania.com\/en\/wp-json\/wp\/v2\/pages"}],"about":[{"href":"https:\/\/www.vulcania.com\/en\/wp-json\/wp\/v2\/types\/page"}],"author":[{"embeddable":true,"href":"https:\/\/www.vulcania.com\/en\/wp-json\/wp\/v2\/users\/2"}],"replies":[{"embeddable":true,"href":"https:\/\/www.vulcania.com\/en\/wp-json\/wp\/v2\/comments?post=18165"}],"version-history":[{"count":16,"href":"https:\/\/www.vulcania.com\/en\/wp-json\/wp\/v2\/pages\/18165\/revisions"}],"predecessor-version":[{"id":29107,"href":"https:\/\/www.vulcania.com\/en\/wp-json\/wp\/v2\/pages\/18165\/revisions\/29107"}],"wp:attachment":[{"href":"https:\/\/www.vulcania.com\/en\/wp-json\/wp\/v2\/media?parent=18165"}],"curies":[{"name":"wp","href":"https:\/\/api.w.org\/{rel}","templated":true}]}}