{"id":18174,"date":"2023-06-12T12:21:16","date_gmt":"2023-06-12T10:21:16","guid":{"rendered":"https:\/\/www.vulcania.com\/?page_id=18174"},"modified":"2025-02-19T11:30:38","modified_gmt":"2025-02-19T10:30:38","slug":"sem-volcans","status":"publish","type":"page","link":"https:\/\/www.vulcania.com\/en\/sem-volcans\/","title":{"rendered":"SEM Volcans"},"content":{"rendered":"<div class=\"wpb-content-wrapper\"><p>[vc_row][vc_column width=&#8221;1\/2&#8243;][vc_single_image image=&#8221;17056&#8243; img_size=&#8221;&#8221; el_class=&#8221;coins-arrondis&#8221;][\/vc_column][vc_column width=&#8221;1\/2&#8243;][vc_column_text el_class=&#8221;intro&#8221;]The Auvergne Regional Council has entrusted the management of Vulcania ti a Mixed Economy Society, the SEM Volcans, governed by private law.[\/vc_column_text][vc_column_text]It operates under a public service delegation. Its capital is 3.6 million. It is headed by Sophie Rognon and chaired by Fr\u00e9d\u00e9ric Bonnichon, Deputy Chairman of the Regional Council Auvergne Rh\u00f4ne-Alpes. SEM Volcan pays annually to the Regional Council a fee proportional to the investments made.[\/vc_column_text][\/vc_column][\/vc_row][vc_row][vc_column][vc_column_text]<\/p>\n<h2>Composition of <strong>SEM Volcans<\/strong><\/h2>\n<p>[\/vc_column_text][vc_row_inner][vc_column_inner width=&#8221;1\/2&#8243;][vc_column_text]<\/p>\n<h3>Public shareholders<\/h3>\n<p>[\/vc_column_text][vc_column_text el_class=&#8221;jolie-liste&#8221;]<\/p>\n<ul>\n<li>The Regional Council of Auvergne-Rh\u00f4ne-Alpes,<\/li>\n<li>4 d\u00e9partements: Puy-de-D\u00f4me, Cantal, Haute-Loire, Allier,<\/li>\n<li>Clermont-Auvergne-M\u00e9tropole.<\/li>\n<\/ul>\n<p>[\/vc_column_text][\/vc_column_inner][vc_column_inner width=&#8221;1\/2&#8243;][vc_column_text]<\/p>\n<h3>Private shareholders<\/h3>\n<p>[\/vc_column_text][vc_column_text el_class=&#8221;jolie-liste&#8221;]<\/p>\n<ul>\n<li>La Caisse des D\u00e9p\u00f4ts et Consignations,<\/li>\n<li>Le Cr\u00e9dit Agricole,<\/li>\n<li>La\u00a0Caisse d\u2019\u00c9pargne d\u2019Auvergne et du Limousin,<\/li>\n<li>Manufacture fran\u00e7aise des pneumatiques Michelin,<\/li>\n<li>Limagrain,<\/li>\n<li>Soci\u00e9t\u00e9 des eaux de Volvic,<\/li>\n<li>RAPP9 \u2013 Groupe Orange,<\/li>\n<li>R\u00e9gional \u2013 Compagnie A\u00e9rienne Europ\u00e9enne.<\/li>\n<\/ul>\n<p>[\/vc_column_text][\/vc_column_inner][\/vc_row_inner][\/vc_column][\/vc_row][vc_row full_width=&#8221;stretch_row&#8221; el_class=&#8221;clair&#8221;][vc_column][vc_empty_space height=&#8221;30&#8243;][vc_column_text css=&#8221;&#8221; el_class=&#8221;intro&#8221;]It employs 54 permanent employees and about 270 enployees in high season.[\/vc_column_text][vc_column_text css=&#8221;&#8221;]SEM VOLCANS &#8211; VULCANIA has been convinced for many years that gender diversity is a real asset for the company. For example, we obtained a score of 88\/100 on the Gender Equality Index for the year 2025 for the 2024 data, which reflects our commitment to non-discrimination in pay and career development between men and women in the company, and we are taking steps to continue to improve this rate.<br \/>\n(40 out of 40 for the pay gap; 25 out of 35 for the gap in the rate of individual pay rises; 10 out of 10 for the number of employees of the under-represented sex in the 10 highest earners; the indicator relating to pay rises on return from maternity leave cannot be calculated).[\/vc_column_text][vc_empty_space height=&#8221;60&#8243;][\/vc_column][\/vc_row]<\/p>\n<\/div>","protected":false},"excerpt":{"rendered":"<p>[vc_row][vc_column width=&#8221;1\/2&#8243;][vc_single_image image=&#8221;17056&#8243; img_size=&#8221;&#8221; el_class=&#8221;coins-arrondis&#8221;][\/vc_column][vc_column width=&#8221;1\/2&#8243;][vc_column_text el_class=&#8221;intro&#8221;]The Auvergne Regional Council has entrusted the management of Vulcania ti a Mixed Economy Society, the SEM Volcans, governed by private law.[\/vc_column_text][vc_column_text]It operates under a public service delegation. Its capital is 3.6 million. It is headed by Sophie Rognon and chaired by Fr\u00e9d\u00e9ric Bonnichon, Deputy Chairman of the Regional [&hellip;]<\/p>\n","protected":false},"author":2,"featured_media":0,"parent":0,"menu_order":0,"comment_status":"closed","ping_status":"closed","template":"","meta":{"_acf_changed":false,"_relevanssi_hide_post":"","_relevanssi_hide_content":"","_relevanssi_pin_for_all":"","_relevanssi_pin_keywords":"","_relevanssi_unpin_keywords":"","_relevanssi_related_keywords":"","_relevanssi_related_include_ids":"","_relevanssi_related_exclude_ids":"","_relevanssi_related_no_append":"","_relevanssi_related_not_related":"","_relevanssi_related_posts":"","_relevanssi_noindex_reason":"","footnotes":""},"class_list":["post-18174","page","type-page","status-publish","hentry"],"acf":[],"yoast_head":"<!-- This site is optimized with the Yoast SEO plugin v27.5 - https:\/\/yoast.com\/product\/yoast-seo-wordpress\/ -->\n<title>SEM Volcans: composition and management of the Vulcania park<\/title>\n<meta name=\"description\" content=\"The Auvergne Regional Council has entrusted the management of the Vulcania leisure park to the Mixed Economy Company (SEM) Volcans.\" \/>\n<meta name=\"robots\" content=\"index, follow, max-snippet:-1, max-image-preview:large, max-video-preview:-1\" \/>\n<link rel=\"canonical\" href=\"https:\/\/www.vulcania.com\/en\/sem-volcans\/\" \/>\n<meta property=\"og:locale\" content=\"en_US\" \/>\n<meta property=\"og:type\" content=\"article\" \/>\n<meta property=\"og:title\" content=\"SEM Volcans: composition and management of the Vulcania park\" \/>\n<meta property=\"og:description\" content=\"The Auvergne Regional Council has entrusted the management of the Vulcania leisure park to the Mixed Economy Company (SEM) Volcans.\" \/>\n<meta property=\"og:url\" content=\"https:\/\/www.vulcania.com\/en\/sem-volcans\/\" \/>\n<meta property=\"og:site_name\" content=\"Vulcania\" \/>\n<meta property=\"article:publisher\" content=\"https:\/\/www.facebook.com\/ParcVulcania\" \/>\n<meta property=\"article:modified_time\" content=\"2025-02-19T10:30:38+00:00\" \/>\n<meta property=\"og:image\" content=\"https:\/\/www.vulcania.com\/wp-content\/uploads\/2023\/03\/logo-vulcania.png\" \/>\n\t<meta property=\"og:image:width\" content=\"570\" \/>\n\t<meta property=\"og:image:height\" content=\"253\" \/>\n\t<meta property=\"og:image:type\" content=\"image\/png\" \/>\n<meta name=\"twitter:card\" content=\"summary_large_image\" \/>\n<meta name=\"twitter:site\" content=\"@parc_vulcania\" \/>\n<meta name=\"twitter:label1\" content=\"Est. reading time\" \/>\n\t<meta name=\"twitter:data1\" content=\"2 minutes\" \/>\n<script type=\"application\/ld+json\" class=\"yoast-schema-graph\">{\"@context\":\"https:\\\/\\\/schema.org\",\"@graph\":[{\"@type\":\"WebPage\",\"@id\":\"https:\\\/\\\/www.vulcania.com\\\/en\\\/sem-volcans\\\/\",\"url\":\"https:\\\/\\\/www.vulcania.com\\\/en\\\/sem-volcans\\\/\",\"name\":\"SEM Volcans: composition and management of the Vulcania park\",\"isPartOf\":{\"@id\":\"https:\\\/\\\/www.vulcania.com\\\/#website\"},\"datePublished\":\"2023-06-12T10:21:16+00:00\",\"dateModified\":\"2025-02-19T10:30:38+00:00\",\"description\":\"The Auvergne Regional Council has entrusted the management of the Vulcania leisure park to the Mixed Economy Company (SEM) Volcans.\",\"breadcrumb\":{\"@id\":\"https:\\\/\\\/www.vulcania.com\\\/en\\\/sem-volcans\\\/#breadcrumb\"},\"inLanguage\":\"en-US\",\"potentialAction\":[{\"@type\":\"ReadAction\",\"target\":[\"https:\\\/\\\/www.vulcania.com\\\/en\\\/sem-volcans\\\/\"]}]},{\"@type\":\"BreadcrumbList\",\"@id\":\"https:\\\/\\\/www.vulcania.com\\\/en\\\/sem-volcans\\\/#breadcrumb\",\"itemListElement\":[{\"@type\":\"ListItem\",\"position\":1,\"name\":\"Accueil\",\"item\":\"https:\\\/\\\/www.vulcania.com\\\/en\\\/\"},{\"@type\":\"ListItem\",\"position\":2,\"name\":\"SEM Volcans\"}]},{\"@type\":\"WebSite\",\"@id\":\"https:\\\/\\\/www.vulcania.com\\\/#website\",\"url\":\"https:\\\/\\\/www.vulcania.com\\\/\",\"name\":\"Vulcania\",\"description\":\"Parc \u00e0 th\u00e8me au c\u0153ur des volcans d&#039;Auvergne\",\"publisher\":{\"@id\":\"https:\\\/\\\/www.vulcania.com\\\/#organization\"},\"potentialAction\":[{\"@type\":\"SearchAction\",\"target\":{\"@type\":\"EntryPoint\",\"urlTemplate\":\"https:\\\/\\\/www.vulcania.com\\\/?s={search_term_string}\"},\"query-input\":{\"@type\":\"PropertyValueSpecification\",\"valueRequired\":true,\"valueName\":\"search_term_string\"}}],\"inLanguage\":\"en-US\"},{\"@type\":\"Organization\",\"@id\":\"https:\\\/\\\/www.vulcania.com\\\/#organization\",\"name\":\"Vulcania\",\"url\":\"https:\\\/\\\/www.vulcania.com\\\/\",\"logo\":{\"@type\":\"ImageObject\",\"inLanguage\":\"en-US\",\"@id\":\"https:\\\/\\\/www.vulcania.com\\\/#\\\/schema\\\/logo\\\/image\\\/\",\"url\":\"https:\\\/\\\/www.vulcania.com\\\/wp-content\\\/uploads\\\/2023\\\/03\\\/logo-vulcania.png\",\"contentUrl\":\"https:\\\/\\\/www.vulcania.com\\\/wp-content\\\/uploads\\\/2023\\\/03\\\/logo-vulcania.png\",\"width\":570,\"height\":253,\"caption\":\"Vulcania\"},\"image\":{\"@id\":\"https:\\\/\\\/www.vulcania.com\\\/#\\\/schema\\\/logo\\\/image\\\/\"},\"sameAs\":[\"https:\\\/\\\/www.facebook.com\\\/ParcVulcania\",\"https:\\\/\\\/x.com\\\/parc_vulcania\",\"https:\\\/\\\/www.youtube.com\\\/user\\\/ParcVulcania\",\"https:\\\/\\\/www.instagram.com\\\/parcvulcania\\\/\"]}]}<\/script>\n<!-- \/ Yoast SEO plugin. -->","yoast_head_json":{"title":"SEM Volcans: composition and management of the Vulcania park","description":"The Auvergne Regional Council has entrusted the management of the Vulcania leisure park to the Mixed Economy Company (SEM) Volcans.","robots":{"index":"index","follow":"follow","max-snippet":"max-snippet:-1","max-image-preview":"max-image-preview:large","max-video-preview":"max-video-preview:-1"},"canonical":"https:\/\/www.vulcania.com\/en\/sem-volcans\/","og_locale":"en_US","og_type":"article","og_title":"SEM Volcans: composition and management of the Vulcania park","og_description":"The Auvergne Regional Council has entrusted the management of the Vulcania leisure park to the Mixed Economy Company (SEM) Volcans.","og_url":"https:\/\/www.vulcania.com\/en\/sem-volcans\/","og_site_name":"Vulcania","article_publisher":"https:\/\/www.facebook.com\/ParcVulcania","article_modified_time":"2025-02-19T10:30:38+00:00","og_image":[{"width":570,"height":253,"url":"https:\/\/www.vulcania.com\/wp-content\/uploads\/2023\/03\/logo-vulcania.png","type":"image\/png"}],"twitter_card":"summary_large_image","twitter_site":"@parc_vulcania","twitter_misc":{"Est. reading time":"2 minutes"},"schema":{"@context":"https:\/\/schema.org","@graph":[{"@type":"WebPage","@id":"https:\/\/www.vulcania.com\/en\/sem-volcans\/","url":"https:\/\/www.vulcania.com\/en\/sem-volcans\/","name":"SEM Volcans: composition and management of the Vulcania park","isPartOf":{"@id":"https:\/\/www.vulcania.com\/#website"},"datePublished":"2023-06-12T10:21:16+00:00","dateModified":"2025-02-19T10:30:38+00:00","description":"The Auvergne Regional Council has entrusted the management of the Vulcania leisure park to the Mixed Economy Company (SEM) Volcans.","breadcrumb":{"@id":"https:\/\/www.vulcania.com\/en\/sem-volcans\/#breadcrumb"},"inLanguage":"en-US","potentialAction":[{"@type":"ReadAction","target":["https:\/\/www.vulcania.com\/en\/sem-volcans\/"]}]},{"@type":"BreadcrumbList","@id":"https:\/\/www.vulcania.com\/en\/sem-volcans\/#breadcrumb","itemListElement":[{"@type":"ListItem","position":1,"name":"Accueil","item":"https:\/\/www.vulcania.com\/en\/"},{"@type":"ListItem","position":2,"name":"SEM Volcans"}]},{"@type":"WebSite","@id":"https:\/\/www.vulcania.com\/#website","url":"https:\/\/www.vulcania.com\/","name":"Vulcania","description":"Parc \u00e0 th\u00e8me au c\u0153ur des volcans d&#039;Auvergne","publisher":{"@id":"https:\/\/www.vulcania.com\/#organization"},"potentialAction":[{"@type":"SearchAction","target":{"@type":"EntryPoint","urlTemplate":"https:\/\/www.vulcania.com\/?s={search_term_string}"},"query-input":{"@type":"PropertyValueSpecification","valueRequired":true,"valueName":"search_term_string"}}],"inLanguage":"en-US"},{"@type":"Organization","@id":"https:\/\/www.vulcania.com\/#organization","name":"Vulcania","url":"https:\/\/www.vulcania.com\/","logo":{"@type":"ImageObject","inLanguage":"en-US","@id":"https:\/\/www.vulcania.com\/#\/schema\/logo\/image\/","url":"https:\/\/www.vulcania.com\/wp-content\/uploads\/2023\/03\/logo-vulcania.png","contentUrl":"https:\/\/www.vulcania.com\/wp-content\/uploads\/2023\/03\/logo-vulcania.png","width":570,"height":253,"caption":"Vulcania"},"image":{"@id":"https:\/\/www.vulcania.com\/#\/schema\/logo\/image\/"},"sameAs":["https:\/\/www.facebook.com\/ParcVulcania","https:\/\/x.com\/parc_vulcania","https:\/\/www.youtube.com\/user\/ParcVulcania","https:\/\/www.instagram.com\/parcvulcania\/"]}]}},"_links":{"self":[{"href":"https:\/\/www.vulcania.com\/en\/wp-json\/wp\/v2\/pages\/18174","targetHints":{"allow":["GET"]}}],"collection":[{"href":"https:\/\/www.vulcania.com\/en\/wp-json\/wp\/v2\/pages"}],"about":[{"href":"https:\/\/www.vulcania.com\/en\/wp-json\/wp\/v2\/types\/page"}],"author":[{"embeddable":true,"href":"https:\/\/www.vulcania.com\/en\/wp-json\/wp\/v2\/users\/2"}],"replies":[{"embeddable":true,"href":"https:\/\/www.vulcania.com\/en\/wp-json\/wp\/v2\/comments?post=18174"}],"version-history":[{"count":4,"href":"https:\/\/www.vulcania.com\/en\/wp-json\/wp\/v2\/pages\/18174\/revisions"}],"predecessor-version":[{"id":26244,"href":"https:\/\/www.vulcania.com\/en\/wp-json\/wp\/v2\/pages\/18174\/revisions\/26244"}],"wp:attachment":[{"href":"https:\/\/www.vulcania.com\/en\/wp-json\/wp\/v2\/media?parent=18174"}],"curies":[{"name":"wp","href":"https:\/\/api.w.org\/{rel}","templated":true}]}}