{"id":18180,"date":"2023-04-27T10:23:25","date_gmt":"2023-04-27T08:23:25","guid":{"rendered":"https:\/\/www.vulcania.com\/?page_id=18180"},"modified":"2025-08-01T08:38:16","modified_gmt":"2025-08-01T06:38:16","slug":"park-access-2","status":"publish","type":"page","link":"https:\/\/www.vulcania.com\/en\/park-access-2\/","title":{"rendered":"Park access"},"content":{"rendered":"<div class=\"wpb-content-wrapper\"><p>[vc_row][vc_column][vc_column_text css=&#8221;&#8221; el_class=&#8221;intro&#8221;]<strong>Parc Vulcania<\/strong><br \/>\nRoute de Mazayes<br \/>\n63230 Saint Ours les Roches<br \/>\nFrance[\/vc_column_text][\/vc_column][\/vc_row][vc_row][vc_column width=&#8221;3\/5&#8243;][vc_gmaps link=&#8221;#E-8_JTNDaWZyYW1lJTIwc3JjJTNEJTIyaHR0cHMlM0ElMkYlMkZ3d3cuZ29vZ2xlLmNvbSUyRm1hcHMlMkZlbWJlZCUzRnBiJTNEJTIxMW0xOCUyMTFtMTIlMjExbTMlMjExZDEzOTAuNDM4ODE1MzU0MTM1NiUyMTJkMi45Mzk0NzA5ODkwMTAyMzIlMjEzZDQ1LjgxMzcwOTA2MjI1Mzg1JTIxMm0zJTIxMWYwJTIxMmYwJTIxM2YwJTIxM20yJTIxMWkxMDI0JTIxMmk3NjglMjE0ZjEzLjElMjEzbTMlMjExbTIlMjExczB4NDdmNzE0MjZjYTRhZmY5NyUyNTNBMHg5YmE1ZGZiMDkyODMxODEzJTIxMnNWdWxjYW5pYSUyMTVlMCUyMTNtMiUyMTFzZnIlMjEyc2ZyJTIxNHYxNjg3OTQzOTcxMDgwJTIxNW0yJTIxMXNmciUyMTJzZnIlMjIlMjB3aWR0aCUzRCUyMjYwMCUyMiUyMGhlaWdodCUzRCUyMjQ1MCUyMiUyMHN0eWxlJTNEJTIyYm9yZGVyJTNBMCUzQiUyMiUyMGFsbG93ZnVsbHNjcmVlbiUzRCUyMiUyMiUyMGxvYWRpbmclM0QlMjJsYXp5JTIyJTIwcmVmZXJyZXJwb2xpY3klM0QlMjJuby1yZWZlcnJlci13aGVuLWRvd25ncmFkZSUyMiUzRSUzQyUyRmlmcmFtZSUzRQ==&#8221; css=&#8221;&#8221;][\/vc_column][vc_column width=&#8221;2\/5&#8243;][vc_single_image image=&#8221;26413&#8243; img_size=&#8221;800&#215;800&#8243; css=&#8221;&#8221;][\/vc_column][\/vc_row][vc_row][vc_column width=&#8221;1\/2&#8243; el_class=&#8221;bloc clair contour solide rayon&#8221;][vc_column_text css=&#8221;.vc_custom_1687434820361{margin-bottom: 30px !important;}&#8221;]<\/p>\n<h2>Vulcania by road<\/h2>\n<p>[\/vc_column_text][vc_column_text css=&#8221;.vc_custom_1687434838753{margin-bottom: 30px !important;}&#8221;]<\/p>\n<h3>From North<\/h3>\n<p>By highway\u00a0A71, then A89 Direction Bordeaux,<br \/>\nexit Vulcania\/Bromont[\/vc_column_text][vc_column_text css=&#8221;.vc_custom_1687434847848{margin-bottom: 30px !important;}&#8221;]<\/p>\n<h3>From South<\/h3>\n<p>By highway\u00a0A75,\u00a0then A89 Direction Bordeaux,<br \/>\nexitVulcania\/Bromont<br \/>\nor via exit North of Clermont-Ferrand.[\/vc_column_text][vc_column_text css=&#8221;.vc_custom_1687434854976{margin-bottom: 30px !important;}&#8221;]<\/p>\n<h3>From West<\/h3>\n<p>By highway\u00a0A89,<br \/>\nexit Vulcania\/Bromont[\/vc_column_text][vc_column_text css=&#8221;.vc_custom_1687434864040{margin-bottom: 30px !important;}&#8221;]<\/p>\n<h3>From East<\/h3>\n<p>By highway\u00a0A72, then A71\u00a0and A89,<br \/>\nexit Vulcania\/Bromont<br \/>\nor exit North of Clermont-Ferrand.[\/vc_column_text][vc_btn title=&#8221;Plan your roadmap&#8221; link=&#8221;url:https%3A%2F%2Fwww.google.fr%2Fmaps%2Fdir%2F%2FVulcania%2C%2B63230%2BSaint-Ours%2F%4045.813852%2C2.9075368%2C13z%2Fdata%3D!3m1!4b1!4m8!4m7!1m0!1m5!1m1!1s0x47f71426ca4aff97%3A0x9ba5dfb092831813!2m2!1d2.9425561!2d45.8137975|target:_blank&#8221; el_class=&#8221;bouton coul-3&#8243;][vc_row_inner][vc_column_inner el_class=&#8221;bloc contour solide rayon blanc&#8221;][vc_column_text]<\/p>\n<h3>Carpooling<\/h3>\n<p style=\"text-align: justify;\">Make the journey with other people! Use the search engine below to find a journey.<\/p>\n<p>[\/vc_column_text][vc_raw_html]JTNDaWZyYW1lJTIwc3JjJTNEJTIyJTJGJTJGd3d3LmJsYWJsYWNhci5mciUyRndpZGdldCUyRkZSX1dJREdFVF9QU0dSJTIyJTIwc3R5bGUlM0QlMjJib3JkZXIlM0EwcHglM0IlMjBwYWRkaW5nJTNBMHB4JTNCJTIyJTIwd2lkdGglM0QlMjI0MDBweCUyMiUyMGhlaWdodCUzRCUyMjMwMHB4JTIyJTIwZnJhbWVib3JkZXIlM0QlMjIwJTIyJTIwc2Nyb2xsaW5nJTNEJTIybm8lMjIlM0UlM0MlMkZpZnJhbWUlM0U=[\/vc_raw_html][vc_btn title=&#8221;Blablacar.fr&#8221; link=&#8221;url:https%3A%2F%2Fwww.blablacar.fr%2F%3Fcomuto_cmkt%3DFR_WIDGET_PSGR|target:_blank&#8221; el_class=&#8221;bouton coul-3&#8243;][\/vc_column_inner][\/vc_row_inner][vc_row_inner][vc_column_inner][\/vc_column_inner][\/vc_row_inner][\/vc_column][vc_column width=&#8221;1\/2&#8243;][vc_row_inner][vc_column_inner el_class=&#8221;bloc contour solide rayon clair&#8221;][vc_column_text css=&#8221;.vc_custom_1687435141105{margin-bottom: 30px !important;}&#8221;]<\/p>\n<h2>Vulcania\u00a0by plane<\/h2>\n<p>[\/vc_column_text][vc_column_text css=&#8221;.vc_custom_1687434978336{margin-bottom: 30px !important;}&#8221;]<\/p>\n<h3>Clermont-Ferrand Auvergne International Airport<\/h3>\n<p><strong>Information<\/strong><br \/>\nA\u00e9roport Clermont Ferrand 63510 AULNAT \u2013 FRANCE<br \/>\nPhone: +33 (0)4 73 62 71 00[\/vc_column_text][vc_btn title=&#8221;See the schedule and practical information for your trip&#8221; link=&#8221;url:https%3A%2F%2Fwww.clermont-aeroport.com%2Ffr|target:_blank&#8221; el_class=&#8221;bouton coul-3&#8243;][\/vc_column_inner][\/vc_row_inner][vc_row_inner][vc_column_inner el_class=&#8221;bloc contour solide rayon clair&#8221;][vc_column_text]<\/p>\n<h2>Vulcania\u00a0by shuttle<\/h2>\n<p>[\/vc_column_text][vc_column_text]<\/p>\n<p style=\"text-align: justify;\">A shuttle between Clermont-Ferrand station and Vulcania is running every day in Summer during French school holidays.<br \/>\nIn Spring and Autumn (during French school holidays), the shuttle is avalaible with reservation required 48h in Advanced.<\/p>\n<p>[\/vc_column_text][vc_btn title=&#8221;See the timetable and stops&#8221; link=&#8221;url:%2Fnavettes-clermont-ferrand-vulcania%2F|target:_blank&#8221; el_class=&#8221;bouton coul-3&#8243;][\/vc_column_inner][\/vc_row_inner][vc_row_inner][vc_column_inner el_class=&#8221;bloc contour solide rayon clair&#8221;][vc_column_text css=&#8221;.vc_custom_1742218762056{margin-bottom: 30px !important;}&#8221;]<\/p>\n<h2>Vulcania\u00a0 by taxi<\/h2>\n<p>[\/vc_column_text][vc_column_text]<\/p>\n<p style=\"text-align: justify;\"><a href=\"http:\/\/www.clermont-fd.com\/pratique\/se-deplacer-a-clermont-ferrand.html\" target=\"_blank\" rel=\"noopener noreferrer\">Find contact d\u00e9tails about taxi drivers<\/a>\u00a0on the tourist office website of Clermont-Ferrand.<\/p>\n<p>[\/vc_column_text][\/vc_column_inner][\/vc_row_inner][vc_row_inner][vc_column_inner el_class=&#8221;bloc contour solide rayon clair&#8221;][vc_column_text css=&#8221;.vc_custom_1687434997824{margin-bottom: 30px !important;}&#8221;]<\/p>\n<h2>Vulcania\u00a0by train<\/h2>\n<p>[\/vc_column_text][vc_column_text css=&#8221;.vc_custom_1687435010873{margin-bottom: 30px !important;}&#8221;]<strong>Gare SNCF<\/strong><br \/>\n46 Avenue d\u2019Union Sovi\u00e9tique<br \/>\n63000 \u2013 Clermont-Ferrand \u2013 FRANCE[\/vc_column_text][vc_btn title=&#8221;View timetables or book tickets&#8221; link=&#8221;url:https%3A%2F%2Fwww.sncf-connect.com|target:_blank&#8221; el_class=&#8221;bouton coul-3&#8243;][vc_btn title=&#8221;Consult TER timetables&#8221; link=&#8221;url:https%3A%2F%2Fwww.sncf.com%2Ffr%23menu%2Boffres-voyageurs%2Bvoyager-train|target:_blank&#8221; el_class=&#8221;bouton coul-3&#8243;][\/vc_column_inner][\/vc_row_inner][vc_row_inner][vc_column_inner el_class=&#8221;bloc contour solide rayon clair&#8221;][vc_column_text css=&#8221;.vc_custom_1742218714624{margin-bottom: 30px !important;}&#8221;]<\/p>\n<h2>Vulcania by bus<\/h2>\n<p>[\/vc_column_text][vc_column_text]<\/p>\n<p style=\"text-align: justify;\">On Kombo, book your train (SNCF, TGV, Inoui&#8230;) and bus (Flixbus, Alsa, Megabus&#8230;).<\/p>\n<p>[\/vc_column_text][vc_btn title=&#8221;See the trips&#8221; link=&#8221;url:https%3A%2F%2Fwww.kombo.co%2Ffr|target:_blank&#8221; el_class=&#8221;bouton coul-3&#8243;][\/vc_column_inner][\/vc_row_inner][\/vc_column][\/vc_row][vc_row][vc_column][vc_empty_space height=&#8221;60&#8243;][\/vc_column][\/vc_row]<\/p>\n<\/div>","protected":false},"excerpt":{"rendered":"<p>[vc_row][vc_column][vc_column_text css=&#8221;&#8221; el_class=&#8221;intro&#8221;]Parc Vulcania Route de Mazayes 63230 Saint Ours les Roches France[\/vc_column_text][\/vc_column][\/vc_row][vc_row][vc_column width=&#8221;3\/5&#8243;][vc_gmaps link=&#8221;#E-8_JTNDaWZyYW1lJTIwc3JjJTNEJTIyaHR0cHMlM0ElMkYlMkZ3d3cuZ29vZ2xlLmNvbSUyRm1hcHMlMkZlbWJlZCUzRnBiJTNEJTIxMW0xOCUyMTFtMTIlMjExbTMlMjExZDEzOTAuNDM4ODE1MzU0MTM1NiUyMTJkMi45Mzk0NzA5ODkwMTAyMzIlMjEzZDQ1LjgxMzcwOTA2MjI1Mzg1JTIxMm0zJTIxMWYwJTIxMmYwJTIxM2YwJTIxM20yJTIxMWkxMDI0JTIxMmk3NjglMjE0ZjEzLjElMjEzbTMlMjExbTIlMjExczB4NDdmNzE0MjZjYTRhZmY5NyUyNTNBMHg5YmE1ZGZiMDkyODMxODEzJTIxMnNWdWxjYW5pYSUyMTVlMCUyMTNtMiUyMTFzZnIlMjEyc2ZyJTIxNHYxNjg3OTQzOTcxMDgwJTIxNW0yJTIxMXNmciUyMTJzZnIlMjIlMjB3aWR0aCUzRCUyMjYwMCUyMiUyMGhlaWdodCUzRCUyMjQ1MCUyMiUyMHN0eWxlJTNEJTIyYm9yZGVyJTNBMCUzQiUyMiUyMGFsbG93ZnVsbHNjcmVlbiUzRCUyMiUyMiUyMGxvYWRpbmclM0QlMjJsYXp5JTIyJTIwcmVmZXJyZXJwb2xpY3klM0QlMjJuby1yZWZlcnJlci13aGVuLWRvd25ncmFkZSUyMiUzRSUzQyUyRmlmcmFtZSUzRQ==&#8221; css=&#8221;&#8221;][\/vc_column][vc_column width=&#8221;2\/5&#8243;][vc_single_image image=&#8221;26413&#8243; img_size=&#8221;800&#215;800&#8243; css=&#8221;&#8221;][\/vc_column][\/vc_row][vc_row][vc_column width=&#8221;1\/2&#8243; el_class=&#8221;bloc clair contour solide rayon&#8221;][vc_column_text css=&#8221;.vc_custom_1687434820361{margin-bottom: 30px !important;}&#8221;] Vulcania by road [\/vc_column_text][vc_column_text css=&#8221;.vc_custom_1687434838753{margin-bottom: 30px !important;}&#8221;] From North By highway\u00a0A71, then A89 Direction Bordeaux, exit Vulcania\/Bromont[\/vc_column_text][vc_column_text css=&#8221;.vc_custom_1687434847848{margin-bottom: 30px !important;}&#8221;] From South By highway\u00a0A75,\u00a0then A89 Direction [&hellip;]<\/p>\n","protected":false},"author":2,"featured_media":0,"parent":0,"menu_order":0,"comment_status":"closed","ping_status":"closed","template":"","meta":{"_acf_changed":false,"_relevanssi_hide_post":"","_relevanssi_hide_content":"","_relevanssi_pin_for_all":"","_relevanssi_pin_keywords":"","_relevanssi_unpin_keywords":"","_relevanssi_related_keywords":"","_relevanssi_related_include_ids":"","_relevanssi_related_exclude_ids":"","_relevanssi_related_no_append":"","_relevanssi_related_not_related":"","_relevanssi_related_posts":"","_relevanssi_noindex_reason":"","footnotes":""},"acf":[],"yoast_head":"<!-- This site is optimized with the Yoast SEO plugin v22.9 - https:\/\/yoast.com\/wordpress\/plugins\/seo\/ -->\n<title>Park access : how to come to Vulcania theme park in France?<\/title>\n<meta name=\"description\" content=\"There are many ways to come to Vulcania : by plane, by road, by shuttle, by train... Here are indications to get to Vulcania theme park\" \/>\n<meta name=\"robots\" content=\"index, follow, max-snippet:-1, max-image-preview:large, max-video-preview:-1\" \/>\n<link rel=\"canonical\" href=\"https:\/\/www.vulcania.com\/en\/park-access-2\/\" \/>\n<meta property=\"og:locale\" content=\"en_US\" \/>\n<meta property=\"og:type\" content=\"article\" \/>\n<meta property=\"og:title\" content=\"Park access : how to come to Vulcania theme park in France?\" \/>\n<meta property=\"og:description\" content=\"There are many ways to come to Vulcania : by plane, by road, by shuttle, by train... Here are indications to get to Vulcania theme park\" \/>\n<meta property=\"og:url\" content=\"https:\/\/www.vulcania.com\/en\/park-access-2\/\" \/>\n<meta property=\"og:site_name\" content=\"Vulcania\" \/>\n<meta property=\"article:publisher\" content=\"https:\/\/www.facebook.com\/ParcVulcania\" \/>\n<meta property=\"article:modified_time\" content=\"2025-08-01T06:38:16+00:00\" \/>\n<meta property=\"og:image\" content=\"https:\/\/www.vulcania.com\/wp-content\/uploads\/2023\/03\/logo-vulcania.png\" \/>\n\t<meta property=\"og:image:width\" content=\"570\" \/>\n\t<meta property=\"og:image:height\" content=\"253\" \/>\n\t<meta property=\"og:image:type\" content=\"image\/png\" \/>\n<meta name=\"twitter:card\" content=\"summary_large_image\" \/>\n<meta name=\"twitter:site\" content=\"@parc_vulcania\" \/>\n<meta name=\"twitter:label1\" content=\"Est. reading time\" \/>\n\t<meta name=\"twitter:data1\" content=\"2 minutes\" \/>\n<script type=\"application\/ld+json\" class=\"yoast-schema-graph\">{\"@context\":\"https:\/\/schema.org\",\"@graph\":[{\"@type\":\"WebPage\",\"@id\":\"https:\/\/www.vulcania.com\/en\/park-access-2\/\",\"url\":\"https:\/\/www.vulcania.com\/en\/park-access-2\/\",\"name\":\"Park access : how to come to Vulcania theme park in France?\",\"isPartOf\":{\"@id\":\"https:\/\/www.vulcania.com\/#website\"},\"datePublished\":\"2023-04-27T08:23:25+00:00\",\"dateModified\":\"2025-08-01T06:38:16+00:00\",\"description\":\"There are many ways to come to Vulcania : by plane, by road, by shuttle, by train... Here are indications to get to Vulcania theme park\",\"breadcrumb\":{\"@id\":\"https:\/\/www.vulcania.com\/en\/park-access-2\/#breadcrumb\"},\"inLanguage\":\"en-US\",\"potentialAction\":[{\"@type\":\"ReadAction\",\"target\":[\"https:\/\/www.vulcania.com\/en\/park-access-2\/\"]}]},{\"@type\":\"BreadcrumbList\",\"@id\":\"https:\/\/www.vulcania.com\/en\/park-access-2\/#breadcrumb\",\"itemListElement\":[{\"@type\":\"ListItem\",\"position\":1,\"name\":\"Accueil\",\"item\":\"https:\/\/www.vulcania.com\/en\/\"},{\"@type\":\"ListItem\",\"position\":2,\"name\":\"Park access\"}]},{\"@type\":\"WebSite\",\"@id\":\"https:\/\/www.vulcania.com\/#website\",\"url\":\"https:\/\/www.vulcania.com\/\",\"name\":\"Vulcania\",\"description\":\"Parc \u00e0 th\u00e8me au c\u0153ur des volcans d&#039;Auvergne\",\"publisher\":{\"@id\":\"https:\/\/www.vulcania.com\/#organization\"},\"potentialAction\":[{\"@type\":\"SearchAction\",\"target\":{\"@type\":\"EntryPoint\",\"urlTemplate\":\"https:\/\/www.vulcania.com\/?s={search_term_string}\"},\"query-input\":\"required name=search_term_string\"}],\"inLanguage\":\"en-US\"},{\"@type\":\"Organization\",\"@id\":\"https:\/\/www.vulcania.com\/#organization\",\"name\":\"Vulcania\",\"url\":\"https:\/\/www.vulcania.com\/\",\"logo\":{\"@type\":\"ImageObject\",\"inLanguage\":\"en-US\",\"@id\":\"https:\/\/www.vulcania.com\/#\/schema\/logo\/image\/\",\"url\":\"https:\/\/www.vulcania.com\/wp-content\/uploads\/2023\/03\/logo-vulcania.png\",\"contentUrl\":\"https:\/\/www.vulcania.com\/wp-content\/uploads\/2023\/03\/logo-vulcania.png\",\"width\":570,\"height\":253,\"caption\":\"Vulcania\"},\"image\":{\"@id\":\"https:\/\/www.vulcania.com\/#\/schema\/logo\/image\/\"},\"sameAs\":[\"https:\/\/www.facebook.com\/ParcVulcania\",\"https:\/\/x.com\/parc_vulcania\",\"https:\/\/www.youtube.com\/user\/ParcVulcania\",\"https:\/\/www.instagram.com\/parcvulcania\/\"]}]}<\/script>\n<!-- \/ Yoast SEO plugin. -->","yoast_head_json":{"title":"Park access : how to come to Vulcania theme park in France?","description":"There are many ways to come to Vulcania : by plane, by road, by shuttle, by train... Here are indications to get to Vulcania theme park","robots":{"index":"index","follow":"follow","max-snippet":"max-snippet:-1","max-image-preview":"max-image-preview:large","max-video-preview":"max-video-preview:-1"},"canonical":"https:\/\/www.vulcania.com\/en\/park-access-2\/","og_locale":"en_US","og_type":"article","og_title":"Park access : how to come to Vulcania theme park in France?","og_description":"There are many ways to come to Vulcania : by plane, by road, by shuttle, by train... Here are indications to get to Vulcania theme park","og_url":"https:\/\/www.vulcania.com\/en\/park-access-2\/","og_site_name":"Vulcania","article_publisher":"https:\/\/www.facebook.com\/ParcVulcania","article_modified_time":"2025-08-01T06:38:16+00:00","og_image":[{"width":570,"height":253,"url":"https:\/\/www.vulcania.com\/wp-content\/uploads\/2023\/03\/logo-vulcania.png","type":"image\/png"}],"twitter_card":"summary_large_image","twitter_site":"@parc_vulcania","twitter_misc":{"Est. reading time":"2 minutes"},"schema":{"@context":"https:\/\/schema.org","@graph":[{"@type":"WebPage","@id":"https:\/\/www.vulcania.com\/en\/park-access-2\/","url":"https:\/\/www.vulcania.com\/en\/park-access-2\/","name":"Park access : how to come to Vulcania theme park in France?","isPartOf":{"@id":"https:\/\/www.vulcania.com\/#website"},"datePublished":"2023-04-27T08:23:25+00:00","dateModified":"2025-08-01T06:38:16+00:00","description":"There are many ways to come to Vulcania : by plane, by road, by shuttle, by train... Here are indications to get to Vulcania theme park","breadcrumb":{"@id":"https:\/\/www.vulcania.com\/en\/park-access-2\/#breadcrumb"},"inLanguage":"en-US","potentialAction":[{"@type":"ReadAction","target":["https:\/\/www.vulcania.com\/en\/park-access-2\/"]}]},{"@type":"BreadcrumbList","@id":"https:\/\/www.vulcania.com\/en\/park-access-2\/#breadcrumb","itemListElement":[{"@type":"ListItem","position":1,"name":"Accueil","item":"https:\/\/www.vulcania.com\/en\/"},{"@type":"ListItem","position":2,"name":"Park access"}]},{"@type":"WebSite","@id":"https:\/\/www.vulcania.com\/#website","url":"https:\/\/www.vulcania.com\/","name":"Vulcania","description":"Parc \u00e0 th\u00e8me au c\u0153ur des volcans d&#039;Auvergne","publisher":{"@id":"https:\/\/www.vulcania.com\/#organization"},"potentialAction":[{"@type":"SearchAction","target":{"@type":"EntryPoint","urlTemplate":"https:\/\/www.vulcania.com\/?s={search_term_string}"},"query-input":"required name=search_term_string"}],"inLanguage":"en-US"},{"@type":"Organization","@id":"https:\/\/www.vulcania.com\/#organization","name":"Vulcania","url":"https:\/\/www.vulcania.com\/","logo":{"@type":"ImageObject","inLanguage":"en-US","@id":"https:\/\/www.vulcania.com\/#\/schema\/logo\/image\/","url":"https:\/\/www.vulcania.com\/wp-content\/uploads\/2023\/03\/logo-vulcania.png","contentUrl":"https:\/\/www.vulcania.com\/wp-content\/uploads\/2023\/03\/logo-vulcania.png","width":570,"height":253,"caption":"Vulcania"},"image":{"@id":"https:\/\/www.vulcania.com\/#\/schema\/logo\/image\/"},"sameAs":["https:\/\/www.facebook.com\/ParcVulcania","https:\/\/x.com\/parc_vulcania","https:\/\/www.youtube.com\/user\/ParcVulcania","https:\/\/www.instagram.com\/parcvulcania\/"]}]}},"_links":{"self":[{"href":"https:\/\/www.vulcania.com\/en\/wp-json\/wp\/v2\/pages\/18180"}],"collection":[{"href":"https:\/\/www.vulcania.com\/en\/wp-json\/wp\/v2\/pages"}],"about":[{"href":"https:\/\/www.vulcania.com\/en\/wp-json\/wp\/v2\/types\/page"}],"author":[{"embeddable":true,"href":"https:\/\/www.vulcania.com\/en\/wp-json\/wp\/v2\/users\/2"}],"replies":[{"embeddable":true,"href":"https:\/\/www.vulcania.com\/en\/wp-json\/wp\/v2\/comments?post=18180"}],"version-history":[{"count":19,"href":"https:\/\/www.vulcania.com\/en\/wp-json\/wp\/v2\/pages\/18180\/revisions"}],"predecessor-version":[{"id":28337,"href":"https:\/\/www.vulcania.com\/en\/wp-json\/wp\/v2\/pages\/18180\/revisions\/28337"}],"wp:attachment":[{"href":"https:\/\/www.vulcania.com\/en\/wp-json\/wp\/v2\/media?parent=18180"}],"curies":[{"name":"wp","href":"https:\/\/api.w.org\/{rel}","templated":true}]}}