{"id":18189,"date":"2023-04-26T11:16:42","date_gmt":"2023-04-26T09:16:42","guid":{"rendered":"https:\/\/www.vulcania.com\/?page_id=18189"},"modified":"2024-11-13T11:30:43","modified_gmt":"2024-11-13T10:30:43","slug":"campervan-area","status":"publish","type":"page","link":"https:\/\/www.vulcania.com\/en\/campervan-area\/","title":{"rendered":"Campervan area"},"content":{"rendered":"<div class=\"wpb-content-wrapper\"><p>[vc_row content_placement=&#8221;middle&#8221;][vc_column width=&#8221;1\/2&#8243;][vc_single_image image=&#8221;15577&#8243; img_size=&#8221;large&#8221; el_class=&#8221;coins-arrondis&#8221;][\/vc_column][vc_column width=&#8221;1\/2&#8243;][vc_column_text css=&#8221;.vc_custom_1711616926835{margin-bottom: 30px !important;}&#8221; el_class=&#8221;intro&#8221;]65 pitches are available in a landscaped, leafy setting.[\/vc_column_text][vc_column_text css=&#8221;.vc_custom_1711616941611{margin-bottom: 30px !important;}&#8221;]Take advantage of our campervans-only parking area equipped with various services.Vulcania\u2019s practical campervan park has\u00a0<strong>65 pitches<\/strong>\u00a0near the Park entrance.<br \/>\nYou\u2019ll find all the facilities you need such as\u00a0<strong>water taps<\/strong>\u00a0and\u00a0<strong>waste disposal points<\/strong>\u00a0(for 20 vehicles).<\/p>\n<p>The campervan area is reserved for Vulcania\u2019s customers during the Park\u2019s opening dates.[\/vc_column_text][vc_column_text css=&#8221;.vc_custom_1711616946676{margin-bottom: 20px !important;}&#8221; el_class=&#8221;bloc blanc contour solide rayon tarif&#8221;]<\/p>\n<p style=\"text-align: justify;\">Vulcania offers a \u20ac10 flat rate for the first night, and a \u20ac18 flat rate for 2 nights.<\/p>\n<p>[\/vc_column_text][\/vc_column][\/vc_row][vc_row][vc_column][vc_column_text css=&#8221;.vc_custom_1711616953172{margin-bottom: 20px !important;}&#8221; el_class=&#8221;intro&#8221;]<\/p>\n<h2>DISCOVERING AUVERGNE IN YOUR CAMPERVAN\u00a0IS A BREEZE WITH VULCANIA!<\/h2>\n<p>[\/vc_column_text][\/vc_column][\/vc_row][vc_row][vc_column width=&#8221;1\/2&#8243; el_class=&#8221;separateur-vertical&#8221;][vc_column_text css=&#8221;&#8221;]<\/p>\n<table style=\"border-collapse: collapse; width: 100%; height: 144px;\">\n<tbody>\n<tr>\n<th style=\"width: 59.8534%;\">PRICE<br \/>\n<strong>INCLUSIVE OF VAT<\/strong><\/th>\n<th style=\"width: 40.0651%;\">FROM 26 MARCH TO<br \/>\n2 NOVEMBER 2025<\/th>\n<\/tr>\n<tr style=\"height: 48px;\">\n<td style=\"width: 59.8534%;\">Flat rate for 1 night<br \/>\n<em>from 5pm on Day 1 to 12pm on Day 2<\/em><\/td>\n<td style=\"width: 40.0651%;\">\u20ac10.00<\/td>\n<\/tr>\n<tr style=\"height: 48px;\">\n<td style=\"width: 59.8534%;\">Flat rate for 2 nights<br \/>\n<em>from 5pm on Day 1 to 12pm on Day 3<\/em><\/td>\n<td style=\"width: 40.0651%;\">\u20ac18.00<\/td>\n<\/tr>\n<tr style=\"height: 24px;\">\n<td style=\"width: 59.8534%;\">Per additionnal hour*<br \/>\n<em>not including the flat-rate, between 5pm and 12pm<\/em><\/td>\n<td style=\"width: 40.0651%;\">\u20ac2.00 per hour<\/td>\n<\/tr>\n<tr style=\"height: 24px;\">\n<td style=\"width: 59.8534%;\">Water token<br \/>\n<em>100 litres<\/em><\/td>\n<td style=\"width: 40.0651%;\">\u20ac2.00 per token<\/td>\n<\/tr>\n<tr style=\"height: 24px;\">\n<td style=\"width: 59.8534%;\">Electricity token<br \/>\n<em>6 hours<\/em><\/td>\n<td style=\"width: 40.0651%;\">\u20ac2.00 \u20ac per token<\/td>\n<\/tr>\n<\/tbody>\n<\/table>\n<p><em>*Every hour started is due.<\/em>[\/vc_column_text][vc_column_text]<strong>Once you drive out of the campervan area, you will need to pay again if you wish to return.<\/strong><br \/>\n<strong>Accepted payment methods on-site: credit cards.<\/strong>[\/vc_column_text][\/vc_column][vc_column width=&#8221;1\/2&#8243;][vc_column_text css=&#8221;.vc_custom_1712742300071{margin-bottom: 20px !important;}&#8221;]In order to ease your discovering of Auvergne with your camper van, 65 camper spots are at your disposal nearby Vulcania Park and give you the chance to stay in the heart of the \u2018Cha\u00eene des Puys\u2019 volcanoes. Don\u2019t hesitate no more! Go explore Auvergne with your motor home and take advantage of our equipped and tree-filled area. You will, among other things, benefit from emptying facilities but also water and power supply.[\/vc_column_text][vc_column_text css=&#8221;.vc_custom_1712742373204{margin-bottom: 20px !important;}&#8221;]Vulcania Park\u2019s camper area is available every day from the beginning to the end of the season. <strong>However, you cannot book your spot in advance. Moreover, caravans are not accepted.<\/strong><\/p>\n<p><strong>You wish to access our camper area after the Park closure?<\/strong>\u00a0Don\u2019t worry, the motor home area is accessible until 1 hour after the Park has closed, a 10\u20ac flat rate will automatically be charged.<\/p>\n<p>A car park is also accessible during the opening times of Vulcania and has\u00a0<strong>free camper van spots<\/strong>.[\/vc_column_text][\/vc_column][\/vc_row][vc_row content_placement=&#8221;middle&#8221;][vc_column][vc_column_text css=&#8221;.vc_custom_1711617022419{margin-bottom: 20px !important;}&#8221;]<\/p>\n<h2>AUVERGNE IN\u00a0<strong>MY CAMPERVAN<\/strong><\/h2>\n<p>[\/vc_column_text][vc_column_text css=&#8221;.vc_custom_1712742386668{margin-bottom: 20px !important;}&#8221;]<\/p>\n<p style=\"text-align: left;\">Why not schedule a break on your trip to Auvergne and benefit from the campervan utilities at Vulcania Park. By staying in our dedicated area, equipped with water power and waste disposal facilities you can also soak up the unique scenery of the \u2018Cha\u00eene des Puys\u2019 volcanoes with a one or two-night stay. Look forward to a safe and comfortable stay in Vulcania Park\u2019s campervan area!<\/p>\n<p>[\/vc_column_text][vc_column_text css=&#8221;.vc_custom_1711617032987{margin-bottom: 20px !important;}&#8221;]<\/p>\n<h2>EXPLORING THE \u2018CHA\u00ceNE DES PUYS\u2019 VOLCANOES\u00a0<strong>BY CAMPERVAN<\/strong><\/h2>\n<p>[\/vc_column_text][vc_column_text css=&#8221;.vc_custom_1711617038300{margin-bottom: 20px !important;}&#8221;]In addition to the myriad attractions you can enjoy inside the Park, Vulcania is also an ideal base for heading off to explore the \u2018Cha\u00eene des Puys\u2019 volcanoes. There are explanatory signs courtesy of the Auvergne Volcanoes Regional Natural Park Visitor Centre to help you identify the local volcanoes as well as the main hiking trails and other campervan areas.<\/p>\n<p>As such you will have opportunities galore to discover Vulcania and Auvergne at your leisure by touring the \u2018Puys\u2019 and other local volcanoes as well as the well-known \u2018Banne d\u2019Ordanche\u2019 with all the necessary comfort, including water, power supply and waste disposal facilities for your vehicle on our campervan area. Rest assured Vulcania has all you need for a fulfilling visit of Auvergne in your campervan![\/vc_column_text][\/vc_column][\/vc_row][vc_row][vc_column][vc_column_text][\/vc_column_text][\/vc_column][\/vc_row][vc_row][vc_column][vc_empty_space height=&#8221;30&#8243;][\/vc_column][\/vc_row]<\/p>\n<\/div>","protected":false},"excerpt":{"rendered":"<p>[vc_row content_placement=&#8221;middle&#8221;][vc_column width=&#8221;1\/2&#8243;][vc_single_image image=&#8221;15577&#8243; img_size=&#8221;large&#8221; el_class=&#8221;coins-arrondis&#8221;][\/vc_column][vc_column width=&#8221;1\/2&#8243;][vc_column_text css=&#8221;.vc_custom_1711616926835{margin-bottom: 30px !important;}&#8221; el_class=&#8221;intro&#8221;]65 pitches are available in a landscaped, leafy setting.[\/vc_column_text][vc_column_text css=&#8221;.vc_custom_1711616941611{margin-bottom: 30px !important;}&#8221;]Take advantage of our campervans-only parking area equipped with various services.Vulcania\u2019s practical campervan park has\u00a065 pitches\u00a0near the Park entrance. You\u2019ll find all the facilities you need such as\u00a0water taps\u00a0and\u00a0waste disposal points\u00a0(for 20 vehicles). The [&hellip;]<\/p>\n","protected":false},"author":2,"featured_media":0,"parent":0,"menu_order":0,"comment_status":"closed","ping_status":"closed","template":"","meta":{"_acf_changed":false,"_relevanssi_hide_post":"","_relevanssi_hide_content":"","_relevanssi_pin_for_all":"","_relevanssi_pin_keywords":"","_relevanssi_unpin_keywords":"","_relevanssi_related_keywords":"","_relevanssi_related_include_ids":"","_relevanssi_related_exclude_ids":"","_relevanssi_related_no_append":"","_relevanssi_related_not_related":"","_relevanssi_related_posts":"","_relevanssi_noindex_reason":"","footnotes":""},"acf":[],"yoast_head":"<!-- This site is optimized with the Yoast SEO plugin v22.9 - https:\/\/yoast.com\/wordpress\/plugins\/seo\/ -->\n<title>Camping car area at the heart of Auvergne volcanoes<\/title>\n<meta name=\"description\" content=\"Have a break on our camping car area based at the heart of Auvergne volcanoes. The camper van area has 65 emplacements.\" \/>\n<meta name=\"robots\" content=\"index, follow, max-snippet:-1, max-image-preview:large, max-video-preview:-1\" \/>\n<link rel=\"canonical\" href=\"https:\/\/www.vulcania.com\/en\/campervan-area\/\" \/>\n<meta property=\"og:locale\" content=\"en_US\" \/>\n<meta property=\"og:type\" content=\"article\" \/>\n<meta property=\"og:title\" content=\"Camping car area at the heart of Auvergne volcanoes\" \/>\n<meta property=\"og:description\" content=\"Have a break on our camping car area based at the heart of Auvergne volcanoes. The camper van area has 65 emplacements.\" \/>\n<meta property=\"og:url\" content=\"https:\/\/www.vulcania.com\/en\/campervan-area\/\" \/>\n<meta property=\"og:site_name\" content=\"Vulcania\" \/>\n<meta property=\"article:publisher\" content=\"https:\/\/www.facebook.com\/ParcVulcania\" \/>\n<meta property=\"article:modified_time\" content=\"2024-11-13T10:30:43+00:00\" \/>\n<meta property=\"og:image\" content=\"https:\/\/www.vulcania.com\/wp-content\/uploads\/2023\/03\/logo-vulcania.png\" \/>\n\t<meta property=\"og:image:width\" content=\"570\" \/>\n\t<meta property=\"og:image:height\" content=\"253\" \/>\n\t<meta property=\"og:image:type\" content=\"image\/png\" \/>\n<meta name=\"twitter:card\" content=\"summary_large_image\" \/>\n<meta name=\"twitter:site\" content=\"@parc_vulcania\" \/>\n<meta name=\"twitter:label1\" content=\"Est. reading time\" \/>\n\t<meta name=\"twitter:data1\" content=\"4 minutes\" \/>\n<script type=\"application\/ld+json\" class=\"yoast-schema-graph\">{\"@context\":\"https:\/\/schema.org\",\"@graph\":[{\"@type\":\"WebPage\",\"@id\":\"https:\/\/www.vulcania.com\/en\/campervan-area\/\",\"url\":\"https:\/\/www.vulcania.com\/en\/campervan-area\/\",\"name\":\"Camping car area at the heart of Auvergne volcanoes\",\"isPartOf\":{\"@id\":\"https:\/\/www.vulcania.com\/#website\"},\"datePublished\":\"2023-04-26T09:16:42+00:00\",\"dateModified\":\"2024-11-13T10:30:43+00:00\",\"description\":\"Have a break on our camping car area based at the heart of Auvergne volcanoes. The camper van area has 65 emplacements.\",\"breadcrumb\":{\"@id\":\"https:\/\/www.vulcania.com\/en\/campervan-area\/#breadcrumb\"},\"inLanguage\":\"en-US\",\"potentialAction\":[{\"@type\":\"ReadAction\",\"target\":[\"https:\/\/www.vulcania.com\/en\/campervan-area\/\"]}]},{\"@type\":\"BreadcrumbList\",\"@id\":\"https:\/\/www.vulcania.com\/en\/campervan-area\/#breadcrumb\",\"itemListElement\":[{\"@type\":\"ListItem\",\"position\":1,\"name\":\"Accueil\",\"item\":\"https:\/\/www.vulcania.com\/en\/\"},{\"@type\":\"ListItem\",\"position\":2,\"name\":\"Campervan area\"}]},{\"@type\":\"WebSite\",\"@id\":\"https:\/\/www.vulcania.com\/#website\",\"url\":\"https:\/\/www.vulcania.com\/\",\"name\":\"Vulcania\",\"description\":\"Parc \u00e0 th\u00e8me au c\u0153ur des volcans d&#039;Auvergne\",\"publisher\":{\"@id\":\"https:\/\/www.vulcania.com\/#organization\"},\"potentialAction\":[{\"@type\":\"SearchAction\",\"target\":{\"@type\":\"EntryPoint\",\"urlTemplate\":\"https:\/\/www.vulcania.com\/?s={search_term_string}\"},\"query-input\":\"required name=search_term_string\"}],\"inLanguage\":\"en-US\"},{\"@type\":\"Organization\",\"@id\":\"https:\/\/www.vulcania.com\/#organization\",\"name\":\"Vulcania\",\"url\":\"https:\/\/www.vulcania.com\/\",\"logo\":{\"@type\":\"ImageObject\",\"inLanguage\":\"en-US\",\"@id\":\"https:\/\/www.vulcania.com\/#\/schema\/logo\/image\/\",\"url\":\"https:\/\/www.vulcania.com\/wp-content\/uploads\/2023\/03\/logo-vulcania.png\",\"contentUrl\":\"https:\/\/www.vulcania.com\/wp-content\/uploads\/2023\/03\/logo-vulcania.png\",\"width\":570,\"height\":253,\"caption\":\"Vulcania\"},\"image\":{\"@id\":\"https:\/\/www.vulcania.com\/#\/schema\/logo\/image\/\"},\"sameAs\":[\"https:\/\/www.facebook.com\/ParcVulcania\",\"https:\/\/x.com\/parc_vulcania\",\"https:\/\/www.youtube.com\/user\/ParcVulcania\",\"https:\/\/www.instagram.com\/parcvulcania\/\"]}]}<\/script>\n<!-- \/ Yoast SEO plugin. -->","yoast_head_json":{"title":"Camping car area at the heart of Auvergne volcanoes","description":"Have a break on our camping car area based at the heart of Auvergne volcanoes. The camper van area has 65 emplacements.","robots":{"index":"index","follow":"follow","max-snippet":"max-snippet:-1","max-image-preview":"max-image-preview:large","max-video-preview":"max-video-preview:-1"},"canonical":"https:\/\/www.vulcania.com\/en\/campervan-area\/","og_locale":"en_US","og_type":"article","og_title":"Camping car area at the heart of Auvergne volcanoes","og_description":"Have a break on our camping car area based at the heart of Auvergne volcanoes. The camper van area has 65 emplacements.","og_url":"https:\/\/www.vulcania.com\/en\/campervan-area\/","og_site_name":"Vulcania","article_publisher":"https:\/\/www.facebook.com\/ParcVulcania","article_modified_time":"2024-11-13T10:30:43+00:00","og_image":[{"width":570,"height":253,"url":"https:\/\/www.vulcania.com\/wp-content\/uploads\/2023\/03\/logo-vulcania.png","type":"image\/png"}],"twitter_card":"summary_large_image","twitter_site":"@parc_vulcania","twitter_misc":{"Est. reading time":"4 minutes"},"schema":{"@context":"https:\/\/schema.org","@graph":[{"@type":"WebPage","@id":"https:\/\/www.vulcania.com\/en\/campervan-area\/","url":"https:\/\/www.vulcania.com\/en\/campervan-area\/","name":"Camping car area at the heart of Auvergne volcanoes","isPartOf":{"@id":"https:\/\/www.vulcania.com\/#website"},"datePublished":"2023-04-26T09:16:42+00:00","dateModified":"2024-11-13T10:30:43+00:00","description":"Have a break on our camping car area based at the heart of Auvergne volcanoes. The camper van area has 65 emplacements.","breadcrumb":{"@id":"https:\/\/www.vulcania.com\/en\/campervan-area\/#breadcrumb"},"inLanguage":"en-US","potentialAction":[{"@type":"ReadAction","target":["https:\/\/www.vulcania.com\/en\/campervan-area\/"]}]},{"@type":"BreadcrumbList","@id":"https:\/\/www.vulcania.com\/en\/campervan-area\/#breadcrumb","itemListElement":[{"@type":"ListItem","position":1,"name":"Accueil","item":"https:\/\/www.vulcania.com\/en\/"},{"@type":"ListItem","position":2,"name":"Campervan area"}]},{"@type":"WebSite","@id":"https:\/\/www.vulcania.com\/#website","url":"https:\/\/www.vulcania.com\/","name":"Vulcania","description":"Parc \u00e0 th\u00e8me au c\u0153ur des volcans d&#039;Auvergne","publisher":{"@id":"https:\/\/www.vulcania.com\/#organization"},"potentialAction":[{"@type":"SearchAction","target":{"@type":"EntryPoint","urlTemplate":"https:\/\/www.vulcania.com\/?s={search_term_string}"},"query-input":"required name=search_term_string"}],"inLanguage":"en-US"},{"@type":"Organization","@id":"https:\/\/www.vulcania.com\/#organization","name":"Vulcania","url":"https:\/\/www.vulcania.com\/","logo":{"@type":"ImageObject","inLanguage":"en-US","@id":"https:\/\/www.vulcania.com\/#\/schema\/logo\/image\/","url":"https:\/\/www.vulcania.com\/wp-content\/uploads\/2023\/03\/logo-vulcania.png","contentUrl":"https:\/\/www.vulcania.com\/wp-content\/uploads\/2023\/03\/logo-vulcania.png","width":570,"height":253,"caption":"Vulcania"},"image":{"@id":"https:\/\/www.vulcania.com\/#\/schema\/logo\/image\/"},"sameAs":["https:\/\/www.facebook.com\/ParcVulcania","https:\/\/x.com\/parc_vulcania","https:\/\/www.youtube.com\/user\/ParcVulcania","https:\/\/www.instagram.com\/parcvulcania\/"]}]}},"_links":{"self":[{"href":"https:\/\/www.vulcania.com\/en\/wp-json\/wp\/v2\/pages\/18189"}],"collection":[{"href":"https:\/\/www.vulcania.com\/en\/wp-json\/wp\/v2\/pages"}],"about":[{"href":"https:\/\/www.vulcania.com\/en\/wp-json\/wp\/v2\/types\/page"}],"author":[{"embeddable":true,"href":"https:\/\/www.vulcania.com\/en\/wp-json\/wp\/v2\/users\/2"}],"replies":[{"embeddable":true,"href":"https:\/\/www.vulcania.com\/en\/wp-json\/wp\/v2\/comments?post=18189"}],"version-history":[{"count":13,"href":"https:\/\/www.vulcania.com\/en\/wp-json\/wp\/v2\/pages\/18189\/revisions"}],"predecessor-version":[{"id":25768,"href":"https:\/\/www.vulcania.com\/en\/wp-json\/wp\/v2\/pages\/18189\/revisions\/25768"}],"wp:attachment":[{"href":"https:\/\/www.vulcania.com\/en\/wp-json\/wp\/v2\/media?parent=18189"}],"curies":[{"name":"wp","href":"https:\/\/api.w.org\/{rel}","templated":true}]}}