{"id":18211,"date":"2023-05-02T14:04:14","date_gmt":"2023-05-02T12:04:14","guid":{"rendered":"https:\/\/www.vulcania.com\/?page_id=18211"},"modified":"2025-07-31T12:16:01","modified_gmt":"2025-07-31T10:16:01","slug":"the-shows","status":"publish","type":"page","link":"https:\/\/www.vulcania.com\/en\/the-shows\/","title":{"rendered":"The shows not to be missed at Vulcania"},"content":{"rendered":"<div class=\"wpb-content-wrapper\"><p>[vc_row][vc_column][vc_row_inner content_placement=&#8221;middle&#8221;][vc_column_inner width=&#8221;1\/6&#8243;][vc_single_image image=&#8221;26778&#8243; img_size=&#8221;120&#215;120&#8243; alignment=&#8221;center&#8221; css=&#8221;&#8221;][\/vc_column_inner][vc_column_inner width=&#8221;5\/6&#8243;][vc_column_text el_class=&#8221;intro&#8221;]<\/p>\n<p style=\"text-align: justify;\">Experience spectacular and emotional moments at Vulcania! Throughout the season, enjoy a program of permanent and occasional shows (10 evenings this summer) to make your exploration a memorable day!<\/p>\n<p>[\/vc_column_text][\/vc_column_inner][\/vc_row_inner][\/vc_column][\/vc_row][vc_row][vc_column width=&#8221;1\/3&#8243;][vc_single_image image=&#8221;28279&#8243; img_size=&#8221;medium&#8221; css=&#8221;&#8221;][\/vc_column][vc_column width=&#8221;2\/3&#8243;][vc_column_text]<\/p>\n<h2>The \u201c Soir\u00e9es de l\u2019\u00e9t\u00e9 \u201c(Summer evenings): <strong>experience volcanic nights!<\/strong><\/h2>\n<p>[\/vc_column_text][vc_column_text css=&#8221;&#8221;]In May, July and August 2025, Vulcania Park offers <strong>11 dates<\/strong>\u00a0to punctuate your exploration with shows until the evening! Attend the explosive experiments of Professor Yapadrisk with\u00a0<a href=\"\/en\/animation\/experiences-cest-show\/\" target=\"_blank\" rel=\"noopener noreferrer\"><strong><em>Exp\u00e9riences, c\u2019est show!<\/em><\/strong><\/a>\u00a0(Experiments, it\u2019s a show!) and\u00a0<a href=\"\/en\/animation\/yapadrisk-flamme-des-volcans\/\" target=\"_blank\" rel=\"noopener noreferrer\"><strong><em>Yapadrisk et la flamme des volcans\u00a0<\/em><\/strong><\/a>(Yapadrisk and the flame of the volcanoes), admire the majestic flight of birds of prey during a\u00a0<a href=\"\/en\/animation\/presentation-de-rapaces-en-vol-libre\/\" target=\"_blank\" rel=\"noopener noreferrer\"><strong><em>Pr\u00e9sentation de rapaces en vol libre\u00a0<\/em><\/strong><\/a>( Introduction to birds of prey), and discover the environment of Vulcania by night with a breathtaking <strong>new sound and light show<\/strong>!<\/p>\n<p>To find out about all the \u201cSummer Evenings\u201d dates in 2025, go to the <a href=\"\/en\/calendar\/\">park\u2019s opening calendar<\/a>.[\/vc_column_text][\/vc_column][\/vc_row][vc_row full_width=&#8221;stretch_row&#8221; el_class=&#8221;clair&#8221;][vc_column][vc_empty_space height=&#8221;30&#8243;][vc_column_text el_class=&#8221;intro&#8221;]<\/p>\n<h2>What are the <strong>shows at Vulcania?<\/strong><\/h2>\n<p>[\/vc_column_text][vc_masonry_grid post_type=&#8221;animation&#8221; max_items=&#8221;-1&#8243; item=&#8221;326&#8243; css=&#8221;&#8221; grid_id=&#8221;vc_gid:1753956946914-e74685ac-dd2c-0&#8243; taxonomies=&#8221;35, 37&#8243;][vc_empty_space height=&#8221;30&#8243;][\/vc_column][\/vc_row]<\/p>\n<\/div>","protected":false},"excerpt":{"rendered":"<p>[vc_row][vc_column][vc_row_inner content_placement=&#8221;middle&#8221;][vc_column_inner width=&#8221;1\/6&#8243;][vc_single_image image=&#8221;26778&#8243; img_size=&#8221;120&#215;120&#8243; alignment=&#8221;center&#8221; css=&#8221;&#8221;][\/vc_column_inner][vc_column_inner width=&#8221;5\/6&#8243;][vc_column_text el_class=&#8221;intro&#8221;] Experience spectacular and emotional moments at Vulcania! Throughout the season, enjoy a program of permanent and occasional shows (10 evenings this summer) to make your exploration a memorable day! [\/vc_column_text][\/vc_column_inner][\/vc_row_inner][\/vc_column][\/vc_row][vc_row][vc_column width=&#8221;1\/3&#8243;][vc_single_image image=&#8221;28279&#8243; img_size=&#8221;medium&#8221; css=&#8221;&#8221;][\/vc_column][vc_column width=&#8221;2\/3&#8243;][vc_column_text] The \u201c Soir\u00e9es de l\u2019\u00e9t\u00e9 \u201c(Summer evenings): experience volcanic nights! [\/vc_column_text][vc_column_text [&hellip;]<\/p>\n","protected":false},"author":2,"featured_media":0,"parent":0,"menu_order":0,"comment_status":"closed","ping_status":"closed","template":"","meta":{"_acf_changed":false,"_relevanssi_hide_post":"","_relevanssi_hide_content":"","_relevanssi_pin_for_all":"","_relevanssi_pin_keywords":"","_relevanssi_unpin_keywords":"","_relevanssi_related_keywords":"","_relevanssi_related_include_ids":"","_relevanssi_related_exclude_ids":"","_relevanssi_related_no_append":"","_relevanssi_related_not_related":"","_relevanssi_related_posts":"","_relevanssi_noindex_reason":"","footnotes":""},"acf":[],"yoast_head":"<!-- This site is optimized with the Yoast SEO plugin v22.9 - https:\/\/yoast.com\/wordpress\/plugins\/seo\/ -->\n<title>What shows can I see at Vulcania?<\/title>\n<meta name=\"description\" content=\"Night-time and open-air shows, scientific experiments: discover Vulcania&#039;s permanent and one-off shows for a thrilling family experience!\" \/>\n<meta name=\"robots\" content=\"index, follow, max-snippet:-1, max-image-preview:large, max-video-preview:-1\" \/>\n<link rel=\"canonical\" href=\"https:\/\/www.vulcania.com\/en\/the-shows\/\" \/>\n<meta property=\"og:locale\" content=\"en_US\" \/>\n<meta property=\"og:type\" content=\"article\" \/>\n<meta property=\"og:title\" content=\"What shows can I see at Vulcania?\" \/>\n<meta property=\"og:description\" content=\"Night-time and open-air shows, scientific experiments: discover Vulcania&#039;s permanent and one-off shows for a thrilling family experience!\" \/>\n<meta property=\"og:url\" content=\"https:\/\/www.vulcania.com\/en\/the-shows\/\" \/>\n<meta property=\"og:site_name\" content=\"Vulcania\" \/>\n<meta property=\"article:publisher\" content=\"https:\/\/www.facebook.com\/ParcVulcania\" \/>\n<meta property=\"article:modified_time\" content=\"2025-07-31T10:16:01+00:00\" \/>\n<meta property=\"og:image\" content=\"https:\/\/www.vulcania.com\/wp-content\/uploads\/2023\/03\/logo-vulcania.png\" \/>\n\t<meta property=\"og:image:width\" content=\"570\" \/>\n\t<meta property=\"og:image:height\" content=\"253\" \/>\n\t<meta property=\"og:image:type\" content=\"image\/png\" \/>\n<meta name=\"twitter:card\" content=\"summary_large_image\" \/>\n<meta name=\"twitter:site\" content=\"@parc_vulcania\" \/>\n<meta name=\"twitter:label1\" content=\"Est. reading time\" \/>\n\t<meta name=\"twitter:data1\" content=\"2 minutes\" \/>\n<script type=\"application\/ld+json\" class=\"yoast-schema-graph\">{\"@context\":\"https:\/\/schema.org\",\"@graph\":[{\"@type\":\"WebPage\",\"@id\":\"https:\/\/www.vulcania.com\/en\/the-shows\/\",\"url\":\"https:\/\/www.vulcania.com\/en\/the-shows\/\",\"name\":\"What shows can I see at Vulcania?\",\"isPartOf\":{\"@id\":\"https:\/\/www.vulcania.com\/#website\"},\"datePublished\":\"2023-05-02T12:04:14+00:00\",\"dateModified\":\"2025-07-31T10:16:01+00:00\",\"description\":\"Night-time and open-air shows, scientific experiments: discover Vulcania's permanent and one-off shows for a thrilling family experience!\",\"breadcrumb\":{\"@id\":\"https:\/\/www.vulcania.com\/en\/the-shows\/#breadcrumb\"},\"inLanguage\":\"en-US\",\"potentialAction\":[{\"@type\":\"ReadAction\",\"target\":[\"https:\/\/www.vulcania.com\/en\/the-shows\/\"]}]},{\"@type\":\"BreadcrumbList\",\"@id\":\"https:\/\/www.vulcania.com\/en\/the-shows\/#breadcrumb\",\"itemListElement\":[{\"@type\":\"ListItem\",\"position\":1,\"name\":\"Accueil\",\"item\":\"https:\/\/www.vulcania.com\/en\/\"},{\"@type\":\"ListItem\",\"position\":2,\"name\":\"The shows not to be missed at Vulcania\"}]},{\"@type\":\"WebSite\",\"@id\":\"https:\/\/www.vulcania.com\/#website\",\"url\":\"https:\/\/www.vulcania.com\/\",\"name\":\"Vulcania\",\"description\":\"Parc \u00e0 th\u00e8me au c\u0153ur des volcans d&#039;Auvergne\",\"publisher\":{\"@id\":\"https:\/\/www.vulcania.com\/#organization\"},\"potentialAction\":[{\"@type\":\"SearchAction\",\"target\":{\"@type\":\"EntryPoint\",\"urlTemplate\":\"https:\/\/www.vulcania.com\/?s={search_term_string}\"},\"query-input\":\"required name=search_term_string\"}],\"inLanguage\":\"en-US\"},{\"@type\":\"Organization\",\"@id\":\"https:\/\/www.vulcania.com\/#organization\",\"name\":\"Vulcania\",\"url\":\"https:\/\/www.vulcania.com\/\",\"logo\":{\"@type\":\"ImageObject\",\"inLanguage\":\"en-US\",\"@id\":\"https:\/\/www.vulcania.com\/#\/schema\/logo\/image\/\",\"url\":\"https:\/\/www.vulcania.com\/wp-content\/uploads\/2023\/03\/logo-vulcania.png\",\"contentUrl\":\"https:\/\/www.vulcania.com\/wp-content\/uploads\/2023\/03\/logo-vulcania.png\",\"width\":570,\"height\":253,\"caption\":\"Vulcania\"},\"image\":{\"@id\":\"https:\/\/www.vulcania.com\/#\/schema\/logo\/image\/\"},\"sameAs\":[\"https:\/\/www.facebook.com\/ParcVulcania\",\"https:\/\/x.com\/parc_vulcania\",\"https:\/\/www.youtube.com\/user\/ParcVulcania\",\"https:\/\/www.instagram.com\/parcvulcania\/\"]}]}<\/script>\n<!-- \/ Yoast SEO plugin. -->","yoast_head_json":{"title":"What shows can I see at Vulcania?","description":"Night-time and open-air shows, scientific experiments: discover Vulcania's permanent and one-off shows for a thrilling family experience!","robots":{"index":"index","follow":"follow","max-snippet":"max-snippet:-1","max-image-preview":"max-image-preview:large","max-video-preview":"max-video-preview:-1"},"canonical":"https:\/\/www.vulcania.com\/en\/the-shows\/","og_locale":"en_US","og_type":"article","og_title":"What shows can I see at Vulcania?","og_description":"Night-time and open-air shows, scientific experiments: discover Vulcania's permanent and one-off shows for a thrilling family experience!","og_url":"https:\/\/www.vulcania.com\/en\/the-shows\/","og_site_name":"Vulcania","article_publisher":"https:\/\/www.facebook.com\/ParcVulcania","article_modified_time":"2025-07-31T10:16:01+00:00","og_image":[{"width":570,"height":253,"url":"https:\/\/www.vulcania.com\/wp-content\/uploads\/2023\/03\/logo-vulcania.png","type":"image\/png"}],"twitter_card":"summary_large_image","twitter_site":"@parc_vulcania","twitter_misc":{"Est. reading time":"2 minutes"},"schema":{"@context":"https:\/\/schema.org","@graph":[{"@type":"WebPage","@id":"https:\/\/www.vulcania.com\/en\/the-shows\/","url":"https:\/\/www.vulcania.com\/en\/the-shows\/","name":"What shows can I see at Vulcania?","isPartOf":{"@id":"https:\/\/www.vulcania.com\/#website"},"datePublished":"2023-05-02T12:04:14+00:00","dateModified":"2025-07-31T10:16:01+00:00","description":"Night-time and open-air shows, scientific experiments: discover Vulcania's permanent and one-off shows for a thrilling family experience!","breadcrumb":{"@id":"https:\/\/www.vulcania.com\/en\/the-shows\/#breadcrumb"},"inLanguage":"en-US","potentialAction":[{"@type":"ReadAction","target":["https:\/\/www.vulcania.com\/en\/the-shows\/"]}]},{"@type":"BreadcrumbList","@id":"https:\/\/www.vulcania.com\/en\/the-shows\/#breadcrumb","itemListElement":[{"@type":"ListItem","position":1,"name":"Accueil","item":"https:\/\/www.vulcania.com\/en\/"},{"@type":"ListItem","position":2,"name":"The shows not to be missed at Vulcania"}]},{"@type":"WebSite","@id":"https:\/\/www.vulcania.com\/#website","url":"https:\/\/www.vulcania.com\/","name":"Vulcania","description":"Parc \u00e0 th\u00e8me au c\u0153ur des volcans d&#039;Auvergne","publisher":{"@id":"https:\/\/www.vulcania.com\/#organization"},"potentialAction":[{"@type":"SearchAction","target":{"@type":"EntryPoint","urlTemplate":"https:\/\/www.vulcania.com\/?s={search_term_string}"},"query-input":"required name=search_term_string"}],"inLanguage":"en-US"},{"@type":"Organization","@id":"https:\/\/www.vulcania.com\/#organization","name":"Vulcania","url":"https:\/\/www.vulcania.com\/","logo":{"@type":"ImageObject","inLanguage":"en-US","@id":"https:\/\/www.vulcania.com\/#\/schema\/logo\/image\/","url":"https:\/\/www.vulcania.com\/wp-content\/uploads\/2023\/03\/logo-vulcania.png","contentUrl":"https:\/\/www.vulcania.com\/wp-content\/uploads\/2023\/03\/logo-vulcania.png","width":570,"height":253,"caption":"Vulcania"},"image":{"@id":"https:\/\/www.vulcania.com\/#\/schema\/logo\/image\/"},"sameAs":["https:\/\/www.facebook.com\/ParcVulcania","https:\/\/x.com\/parc_vulcania","https:\/\/www.youtube.com\/user\/ParcVulcania","https:\/\/www.instagram.com\/parcvulcania\/"]}]}},"_links":{"self":[{"href":"https:\/\/www.vulcania.com\/en\/wp-json\/wp\/v2\/pages\/18211"}],"collection":[{"href":"https:\/\/www.vulcania.com\/en\/wp-json\/wp\/v2\/pages"}],"about":[{"href":"https:\/\/www.vulcania.com\/en\/wp-json\/wp\/v2\/types\/page"}],"author":[{"embeddable":true,"href":"https:\/\/www.vulcania.com\/en\/wp-json\/wp\/v2\/users\/2"}],"replies":[{"embeddable":true,"href":"https:\/\/www.vulcania.com\/en\/wp-json\/wp\/v2\/comments?post=18211"}],"version-history":[{"count":17,"href":"https:\/\/www.vulcania.com\/en\/wp-json\/wp\/v2\/pages\/18211\/revisions"}],"predecessor-version":[{"id":28321,"href":"https:\/\/www.vulcania.com\/en\/wp-json\/wp\/v2\/pages\/18211\/revisions\/28321"}],"wp:attachment":[{"href":"https:\/\/www.vulcania.com\/en\/wp-json\/wp\/v2\/media?parent=18211"}],"curies":[{"name":"wp","href":"https:\/\/api.w.org\/{rel}","templated":true}]}}