{"id":18220,"date":"2023-04-24T10:12:46","date_gmt":"2023-04-24T08:12:46","guid":{"rendered":"https:\/\/www.vulcania.com\/?page_id=18220"},"modified":"2025-11-27T15:46:56","modified_gmt":"2025-11-27T14:46:56","slug":"undated-ticket","status":"publish","type":"page","link":"https:\/\/www.vulcania.com\/en\/undated-ticket\/","title":{"rendered":"Undated ticket"},"content":{"rendered":"<div class=\"wpb-content-wrapper\"><p>[vc_row][vc_column width=&#8221;5\/6&#8243;][vc_column_text css=&#8221;.vc_custom_1763628017107{margin-bottom: 30px !important;}&#8221; el_class=&#8221;intro&#8221;]<\/p>\n<p style=\"text-align: justify;\"><strong>See the prices for an individual visit in 2026 from 25 March to 1 November.<\/strong><\/p>\n<p>[\/vc_column_text][\/vc_column][vc_column width=&#8221;1\/6&#8243;][vc_column_text css=&#8221;.vc_custom_1711616676883{margin-bottom: 30px !important;}&#8221; el_class=&#8221;sticker sombre&#8221;]<\/p>\n<p style=\"text-align: center;\">ONLINE<br \/>\nAND ON-SITE<\/p>\n<p>[\/vc_column_text][\/vc_column][\/vc_row][vc_row][vc_column][vc_empty_space height=&#8221;30&#8243;][\/vc_column][\/vc_row][vc_row][vc_column width=&#8221;1\/2&#8243;][vc_column_text]<\/p>\n<h3>Prices<\/h3>\n<p>[\/vc_column_text][vc_column_text css=&#8221;&#8221;]<\/p>\n<table style=\"border-collapse: collapse; width: 100%; height: 144px;\">\n<tbody>\n<tr style=\"height: 48px;\">\n<th style=\"width: 59.0067%;\">Prices\/pers VAT incl.*<\/th>\n<th style=\"width: 40.9091%;\">All season long<\/th>\n<\/tr>\n<tr style=\"height: 48px;\">\n<td style=\"width: 59.0067%;\">Adults<\/td>\n<td style=\"width: 40.9091%;\">\u20ac 33<\/td>\n<\/tr>\n<tr style=\"height: 48px;\">\n<td style=\"width: 59.0067%;\">Children<br \/>\n(age 6 to 16)<\/td>\n<td style=\"width: 40.9091%;\">\u20ac 27.50<\/td>\n<\/tr>\n<tr style=\"height: 24px;\">\n<td style=\"width: 59.0067%;\">Young children<br \/>\n(age 3 to 5)<\/td>\n<td style=\"width: 40.9091%;\">\u20ac 9.50<\/td>\n<\/tr>\n<\/tbody>\n<\/table>\n<p><em>*Prices are based on 10% VAT &#8211; Children under 3 are our guests.<br \/>\n<\/em>Information on the right of <a href=\"https:\/\/www.vulcania.com\/en\/right-of-withdrawal\/\">withdrawal and method of payment<\/a>[\/vc_column_text][\/vc_column][vc_column width=&#8221;1\/2&#8243;][vc_column_text el_class=&#8221;bloc contour solide calendrier&#8221;]To find out the applicable periods, refer to\u00a0<a href=\"https:\/\/www.vulcania.com\/en\/calendar\/\" target=\"_blank\" rel=\"noopener\">the calendar<\/a>.[\/vc_column_text][vc_row_inner][vc_column_inner el_class=&#8221;bloc appel_a_action clair&#8221;][vc_column_text el_class=&#8221;sticker blanc&#8221;]Buy now[\/vc_column_text][vc_empty_space height=&#8221;30&#8243;][vc_column_text css=&#8221;.vc_custom_1764254764361{margin-bottom: 15px !important;}&#8221;]<\/p>\n<h4>Undated tickets for the 2026 season are available on <a href=\"https:\/\/billetterie.vulcania.com\/en-GB\/home\">Vulcania&#8217;s online ticketing<\/a>.<\/h4>\n<p>[\/vc_column_text][vc_column_text css=&#8221;.vc_custom_1711616692794{margin-bottom: 15px !important;}&#8221;]Ticket valid for the selected day from 10am to closing time.[\/vc_column_text][vc_btn title=&#8221;My undated tickets&#8221; css=&#8221;&#8221; link=&#8221;url:https%3A%2F%2Fbilletterie.vulcania.com%2Fen-GB%2Fproducts%3Ffamille%3D1531200510910300072&#8243; el_class=&#8221;bouton coul-3&#8243;][\/vc_column_inner][\/vc_row_inner][\/vc_column][\/vc_row][vc_row][vc_column][vc_empty_space height=&#8221;30&#8243;][\/vc_column][\/vc_row][vc_row full_width=&#8221;stretch_row&#8221; el_class=&#8221;clair&#8221;][vc_column][vc_empty_space height=&#8221;60&#8243;][vc_column_text css=&#8221;.vc_custom_1711616719851{margin-bottom: 30px !important;}&#8221; el_class=&#8221;intro&#8221;]<\/p>\n<h2>Payment methods accepted on-site<\/h2>\n<p>[\/vc_column_text][vc_column_text css=&#8221;.vc_custom_1711616724003{margin-bottom: 5px !important;}&#8221;]Credit\/debit cards \/ American express \/ Cheques \/ Cash \/ Holiday vouchers \/ CADO vouchers \/ CULTURE vouchers \/ KADEOS[\/vc_column_text][vc_single_image image=&#8221;15512&#8243; img_size=&#8221;large&#8221; css=&#8221;.vc_custom_1682492018655{margin-bottom: 0px !important;}&#8221;][vc_empty_space height=&#8221;60&#8243;][\/vc_column][\/vc_row]<\/p>\n<\/div>","protected":false},"excerpt":{"rendered":"<p>[vc_row][vc_column width=&#8221;5\/6&#8243;][vc_column_text css=&#8221;.vc_custom_1763628017107{margin-bottom: 30px !important;}&#8221; el_class=&#8221;intro&#8221;] See the prices for an individual visit in 2026 from 25 March to 1 November. [\/vc_column_text][\/vc_column][vc_column width=&#8221;1\/6&#8243;][vc_column_text css=&#8221;.vc_custom_1711616676883{margin-bottom: 30px !important;}&#8221; el_class=&#8221;sticker sombre&#8221;] ONLINE AND ON-SITE [\/vc_column_text][\/vc_column][\/vc_row][vc_row][vc_column][vc_empty_space height=&#8221;30&#8243;][\/vc_column][\/vc_row][vc_row][vc_column width=&#8221;1\/2&#8243;][vc_column_text] Prices [\/vc_column_text][vc_column_text css=&#8221;&#8221;] Prices\/pers VAT incl.* All season long Adults \u20ac 33 Children (age 6 to 16) \u20ac 27.50 Young children [&hellip;]<\/p>\n","protected":false},"author":2,"featured_media":0,"parent":0,"menu_order":0,"comment_status":"closed","ping_status":"closed","template":"","meta":{"_acf_changed":false,"_relevanssi_hide_post":"","_relevanssi_hide_content":"","_relevanssi_pin_for_all":"","_relevanssi_pin_keywords":"","_relevanssi_unpin_keywords":"","_relevanssi_related_keywords":"","_relevanssi_related_include_ids":"","_relevanssi_related_exclude_ids":"","_relevanssi_related_no_append":"","_relevanssi_related_not_related":"","_relevanssi_related_posts":"","_relevanssi_noindex_reason":"","footnotes":""},"acf":[],"yoast_head":"<!-- This site is optimized with the Yoast SEO plugin v22.9 - https:\/\/yoast.com\/wordpress\/plugins\/seo\/ -->\n<title>Acheter des billets non dat\u00e9s Vulcania valables toute la saison<\/title>\n<meta name=\"description\" content=\"Come to Auvergne and visit the Vulcania park whenever you like by buying your undated tickets online, valid throughout the season.\" \/>\n<meta name=\"robots\" content=\"index, follow, max-snippet:-1, max-image-preview:large, max-video-preview:-1\" \/>\n<link rel=\"canonical\" href=\"https:\/\/www.vulcania.com\/en\/undated-ticket\/\" \/>\n<meta property=\"og:locale\" content=\"en_US\" \/>\n<meta property=\"og:type\" content=\"article\" \/>\n<meta property=\"og:title\" content=\"Acheter des billets non dat\u00e9s Vulcania valables toute la saison\" \/>\n<meta property=\"og:description\" content=\"Come to Auvergne and visit the Vulcania park whenever you like by buying your undated tickets online, valid throughout the season.\" \/>\n<meta property=\"og:url\" content=\"https:\/\/www.vulcania.com\/en\/undated-ticket\/\" \/>\n<meta property=\"og:site_name\" content=\"Vulcania\" \/>\n<meta property=\"article:publisher\" content=\"https:\/\/www.facebook.com\/ParcVulcania\" \/>\n<meta property=\"article:modified_time\" content=\"2025-11-27T14:46:56+00:00\" \/>\n<meta property=\"og:image\" content=\"https:\/\/www.vulcania.com\/wp-content\/uploads\/2023\/03\/logo-vulcania.png\" \/>\n\t<meta property=\"og:image:width\" content=\"570\" \/>\n\t<meta property=\"og:image:height\" content=\"253\" \/>\n\t<meta property=\"og:image:type\" content=\"image\/png\" \/>\n<meta name=\"twitter:card\" content=\"summary_large_image\" \/>\n<meta name=\"twitter:site\" content=\"@parc_vulcania\" \/>\n<meta name=\"twitter:label1\" content=\"Est. reading time\" \/>\n\t<meta name=\"twitter:data1\" content=\"2 minutes\" \/>\n<script type=\"application\/ld+json\" class=\"yoast-schema-graph\">{\"@context\":\"https:\/\/schema.org\",\"@graph\":[{\"@type\":\"WebPage\",\"@id\":\"https:\/\/www.vulcania.com\/en\/undated-ticket\/\",\"url\":\"https:\/\/www.vulcania.com\/en\/undated-ticket\/\",\"name\":\"Acheter des billets non dat\u00e9s Vulcania valables toute la saison\",\"isPartOf\":{\"@id\":\"https:\/\/www.vulcania.com\/#website\"},\"datePublished\":\"2023-04-24T08:12:46+00:00\",\"dateModified\":\"2025-11-27T14:46:56+00:00\",\"description\":\"Come to Auvergne and visit the Vulcania park whenever you like by buying your undated tickets online, valid throughout the season.\",\"breadcrumb\":{\"@id\":\"https:\/\/www.vulcania.com\/en\/undated-ticket\/#breadcrumb\"},\"inLanguage\":\"en-US\",\"potentialAction\":[{\"@type\":\"ReadAction\",\"target\":[\"https:\/\/www.vulcania.com\/en\/undated-ticket\/\"]}]},{\"@type\":\"BreadcrumbList\",\"@id\":\"https:\/\/www.vulcania.com\/en\/undated-ticket\/#breadcrumb\",\"itemListElement\":[{\"@type\":\"ListItem\",\"position\":1,\"name\":\"Accueil\",\"item\":\"https:\/\/www.vulcania.com\/en\/\"},{\"@type\":\"ListItem\",\"position\":2,\"name\":\"Undated ticket\"}]},{\"@type\":\"WebSite\",\"@id\":\"https:\/\/www.vulcania.com\/#website\",\"url\":\"https:\/\/www.vulcania.com\/\",\"name\":\"Vulcania\",\"description\":\"Parc \u00e0 th\u00e8me au c\u0153ur des volcans d&#039;Auvergne\",\"publisher\":{\"@id\":\"https:\/\/www.vulcania.com\/#organization\"},\"potentialAction\":[{\"@type\":\"SearchAction\",\"target\":{\"@type\":\"EntryPoint\",\"urlTemplate\":\"https:\/\/www.vulcania.com\/?s={search_term_string}\"},\"query-input\":\"required name=search_term_string\"}],\"inLanguage\":\"en-US\"},{\"@type\":\"Organization\",\"@id\":\"https:\/\/www.vulcania.com\/#organization\",\"name\":\"Vulcania\",\"url\":\"https:\/\/www.vulcania.com\/\",\"logo\":{\"@type\":\"ImageObject\",\"inLanguage\":\"en-US\",\"@id\":\"https:\/\/www.vulcania.com\/#\/schema\/logo\/image\/\",\"url\":\"https:\/\/www.vulcania.com\/wp-content\/uploads\/2023\/03\/logo-vulcania.png\",\"contentUrl\":\"https:\/\/www.vulcania.com\/wp-content\/uploads\/2023\/03\/logo-vulcania.png\",\"width\":570,\"height\":253,\"caption\":\"Vulcania\"},\"image\":{\"@id\":\"https:\/\/www.vulcania.com\/#\/schema\/logo\/image\/\"},\"sameAs\":[\"https:\/\/www.facebook.com\/ParcVulcania\",\"https:\/\/x.com\/parc_vulcania\",\"https:\/\/www.youtube.com\/user\/ParcVulcania\",\"https:\/\/www.instagram.com\/parcvulcania\/\"]}]}<\/script>\n<!-- \/ Yoast SEO plugin. -->","yoast_head_json":{"title":"Acheter des billets non dat\u00e9s Vulcania valables toute la saison","description":"Come to Auvergne and visit the Vulcania park whenever you like by buying your undated tickets online, valid throughout the season.","robots":{"index":"index","follow":"follow","max-snippet":"max-snippet:-1","max-image-preview":"max-image-preview:large","max-video-preview":"max-video-preview:-1"},"canonical":"https:\/\/www.vulcania.com\/en\/undated-ticket\/","og_locale":"en_US","og_type":"article","og_title":"Acheter des billets non dat\u00e9s Vulcania valables toute la saison","og_description":"Come to Auvergne and visit the Vulcania park whenever you like by buying your undated tickets online, valid throughout the season.","og_url":"https:\/\/www.vulcania.com\/en\/undated-ticket\/","og_site_name":"Vulcania","article_publisher":"https:\/\/www.facebook.com\/ParcVulcania","article_modified_time":"2025-11-27T14:46:56+00:00","og_image":[{"width":570,"height":253,"url":"https:\/\/www.vulcania.com\/wp-content\/uploads\/2023\/03\/logo-vulcania.png","type":"image\/png"}],"twitter_card":"summary_large_image","twitter_site":"@parc_vulcania","twitter_misc":{"Est. reading time":"2 minutes"},"schema":{"@context":"https:\/\/schema.org","@graph":[{"@type":"WebPage","@id":"https:\/\/www.vulcania.com\/en\/undated-ticket\/","url":"https:\/\/www.vulcania.com\/en\/undated-ticket\/","name":"Acheter des billets non dat\u00e9s Vulcania valables toute la saison","isPartOf":{"@id":"https:\/\/www.vulcania.com\/#website"},"datePublished":"2023-04-24T08:12:46+00:00","dateModified":"2025-11-27T14:46:56+00:00","description":"Come to Auvergne and visit the Vulcania park whenever you like by buying your undated tickets online, valid throughout the season.","breadcrumb":{"@id":"https:\/\/www.vulcania.com\/en\/undated-ticket\/#breadcrumb"},"inLanguage":"en-US","potentialAction":[{"@type":"ReadAction","target":["https:\/\/www.vulcania.com\/en\/undated-ticket\/"]}]},{"@type":"BreadcrumbList","@id":"https:\/\/www.vulcania.com\/en\/undated-ticket\/#breadcrumb","itemListElement":[{"@type":"ListItem","position":1,"name":"Accueil","item":"https:\/\/www.vulcania.com\/en\/"},{"@type":"ListItem","position":2,"name":"Undated ticket"}]},{"@type":"WebSite","@id":"https:\/\/www.vulcania.com\/#website","url":"https:\/\/www.vulcania.com\/","name":"Vulcania","description":"Parc \u00e0 th\u00e8me au c\u0153ur des volcans d&#039;Auvergne","publisher":{"@id":"https:\/\/www.vulcania.com\/#organization"},"potentialAction":[{"@type":"SearchAction","target":{"@type":"EntryPoint","urlTemplate":"https:\/\/www.vulcania.com\/?s={search_term_string}"},"query-input":"required name=search_term_string"}],"inLanguage":"en-US"},{"@type":"Organization","@id":"https:\/\/www.vulcania.com\/#organization","name":"Vulcania","url":"https:\/\/www.vulcania.com\/","logo":{"@type":"ImageObject","inLanguage":"en-US","@id":"https:\/\/www.vulcania.com\/#\/schema\/logo\/image\/","url":"https:\/\/www.vulcania.com\/wp-content\/uploads\/2023\/03\/logo-vulcania.png","contentUrl":"https:\/\/www.vulcania.com\/wp-content\/uploads\/2023\/03\/logo-vulcania.png","width":570,"height":253,"caption":"Vulcania"},"image":{"@id":"https:\/\/www.vulcania.com\/#\/schema\/logo\/image\/"},"sameAs":["https:\/\/www.facebook.com\/ParcVulcania","https:\/\/x.com\/parc_vulcania","https:\/\/www.youtube.com\/user\/ParcVulcania","https:\/\/www.instagram.com\/parcvulcania\/"]}]}},"_links":{"self":[{"href":"https:\/\/www.vulcania.com\/en\/wp-json\/wp\/v2\/pages\/18220"}],"collection":[{"href":"https:\/\/www.vulcania.com\/en\/wp-json\/wp\/v2\/pages"}],"about":[{"href":"https:\/\/www.vulcania.com\/en\/wp-json\/wp\/v2\/types\/page"}],"author":[{"embeddable":true,"href":"https:\/\/www.vulcania.com\/en\/wp-json\/wp\/v2\/users\/2"}],"replies":[{"embeddable":true,"href":"https:\/\/www.vulcania.com\/en\/wp-json\/wp\/v2\/comments?post=18220"}],"version-history":[{"count":24,"href":"https:\/\/www.vulcania.com\/en\/wp-json\/wp\/v2\/pages\/18220\/revisions"}],"predecessor-version":[{"id":29122,"href":"https:\/\/www.vulcania.com\/en\/wp-json\/wp\/v2\/pages\/18220\/revisions\/29122"}],"wp:attachment":[{"href":"https:\/\/www.vulcania.com\/en\/wp-json\/wp\/v2\/media?parent=18220"}],"curies":[{"name":"wp","href":"https:\/\/api.w.org\/{rel}","templated":true}]}}