{"id":18237,"date":"2023-04-26T13:30:11","date_gmt":"2023-04-26T11:30:11","guid":{"rendered":"https:\/\/www.vulcania.com\/?page_id=18237"},"modified":"2025-02-07T11:25:10","modified_gmt":"2025-02-07T10:25:10","slug":"visit-the-auvergne-volcanoes","status":"publish","type":"page","link":"https:\/\/www.vulcania.com\/en\/visit-the-auvergne-volcanoes\/","title":{"rendered":"Visit the Auvergne volcanoes"},"content":{"rendered":"<div class=\"wpb-content-wrapper\"><p>[vc_row][vc_column][vc_row_inner content_placement=&#8221;middle&#8221;][vc_column_inner width=&#8221;1\/3&#8243;][vc_single_image image=&#8221;17500&#8243; img_size=&#8221;large&#8221; css=&#8221;&#8221;][vc_column_text]<\/p>\n<p style=\"text-align: center;\"><em>Vulcania Park<\/em><\/p>\n<p>[\/vc_column_text][\/vc_column_inner][vc_column_inner width=&#8221;2\/3&#8243;][vc_column_text css=&#8221;.vc_custom_1687439921584{margin-bottom: 20px !important;}&#8221; el_class=&#8221;intro&#8221;]<\/p>\n<h2>Vulcania, a park <strong>in the heart of Auvergne volcanoes<\/strong><\/h2>\n<p>[\/vc_column_text][vc_column_text css=&#8221;.vc_custom_1712741350202{margin-bottom: 20px !important;}&#8221;]The natural park of Auvergne volcanoes takes place over 120km and 147 municipalities. That\u2019s the biggest natural park in metropolitan France\u00a0!<\/p>\n<p>Inside this natural park, you can find 80 volcanoes that form \u00ab La Cha\u00eene des Puys \u00bb. The geological site \u00ab Cha\u00eene des Puys \u2013 Faille de Limagne \u00bb, is <a href=\"\/en\/unesco\/\" target=\"_blank\" rel=\"noopener\">listed as a UNESCO heritage site<\/a>. It\u2019s the perfect place to discover the beauty of Auvergne volcanoes.<\/p>\n<p>Although it\u2019s impossible to visit all Auvergne volcanoes in one day, coming to Vulcania is the best deal ! You will try several trails, and learn more about this unique volcanic environment, and its characteristics.[\/vc_column_text][\/vc_column_inner][\/vc_row_inner][\/vc_column][\/vc_row][vc_row content_placement=&#8221;middle&#8221;][vc_column width=&#8221;2\/3&#8243;][vc_column_text css=&#8221;.vc_custom_1687439957272{margin-bottom: 20px !important;}&#8221;]<\/p>\n<h2>Which Auvergne\u00a0volcanoes visit <strong>near Vulcania?<\/strong><\/h2>\n<p>[\/vc_column_text][vc_column_text css=&#8221;.vc_custom_1687439988599{margin-bottom: 20px !important;}&#8221;]<\/p>\n<p style=\"text-align: justify;\">Among Auvergne volcanoes easily reachable from Vulcania, you will find &#8220;le Puy Pariou&#8221; and &#8220;le Puy des Goules&#8221;, both accessible from the &#8220;Parking des Goules&#8221; which is located 4km from the park. Those volcanoes respectively rise up to 1209m and 1146m, you will be able to discover them during a family hike thanks to identified trails partially covered by undergrowth. You will need at least 1 hour and a half to climb up &#8220;le Puy Pariou&#8221; and &#8220;le Puy des Goules&#8221;.<\/p>\n<p>[\/vc_column_text][\/vc_column][vc_column width=&#8221;1\/3&#8243;][vc_single_image image=&#8221;17502&#8243; img_size=&#8221;large&#8221; css=&#8221;&#8221;][vc_column_text]<\/p>\n<p style=\"text-align: center;\"><em>Puy Pariou<\/em><\/p>\n<p>[\/vc_column_text][\/vc_column][\/vc_row][vc_row content_placement=&#8221;middle&#8221;][vc_column width=&#8221;1\/3&#8243;][vc_single_image image=&#8221;17504&#8243; img_size=&#8221;large&#8221; css=&#8221;&#8221;][vc_column_text]<\/p>\n<p style=\"text-align: center;\"><em>Puy de D\u00f4me<\/em><\/p>\n<p>[\/vc_column_text][\/vc_column][vc_column width=&#8221;2\/3&#8243;][vc_column_text css=&#8221;.vc_custom_1712741452268{margin-bottom: 20px !important;}&#8221;]The &#8220;Puy de D\u00f4me&#8221; is a must-see if you visit Auvergne Volcanoes. Located 15 minutes from Vulcania by car, the most courageous can climb up the 1465m, with a 1-hour walk by the &#8220;chemin des muletiers&#8221; from the Ceyssat col. There is also a rack train called &#8220;Le Panoramique des D\u00f4mes&#8221; which eases the ascent and\/or descent.<\/p>\n<p>Except &#8220;le Puy Pariou&#8221;, &#8220;le Puy des Goules&#8221;, and &#8220;le Puy de D\u00f4me&#8221;, lots of other volcanoes aren\u2019t far from Vulcania. They will surely fill your need for natural spaces and walking. The park is next to the main part of &#8220;la Cha\u00eene des Puys&#8221; and its outsides will also give you a breathtaking view ! When the weather is clear, you may observe &#8220;le Puy Pariou&#8221;, &#8220;le Puy des Goules&#8221;, but also &#8220;le Puy des Gouttes&#8221;, &#8220;le Puy Chopine&#8221;, &#8220;le Grand Sarcoui&#8221;, &#8220;le Puy de Fraisse&#8221;, &#8220;le Clierzou&#8221;, &#8220;le Puy de C\u00f4me&#8221;, and &#8220;le Grand Suchet&#8221;.[\/vc_column_text][\/vc_column][\/vc_row][vc_row content_placement=&#8221;middle&#8221;][vc_column width=&#8221;2\/3&#8243;][vc_column_text css=&#8221;.vc_custom_1687440086175{margin-bottom: 20px !important;}&#8221;]<\/p>\n<h2>Discover Auvergne\u2019s volcanoes <strong>at Vulcania<\/strong><\/h2>\n<p>[\/vc_column_text][vc_column_text css=&#8221;.vc_custom_1712741500852{margin-bottom: 20px !important;}&#8221;]If you want to know more about Auvergne volcanoes, Vulcania enables you to discover in a fun way the fine details of the natural regional site of Auvergne volcanoes in one place, so that access to this natural and unique heritage is made easier! You can learn about the diversity of this natural park with different activities that will be appreciated by all the family: discover on an outdoor route, all the <a href=\"\/en\/animation\/la-chaine-des-puys-en-relief\/\" target=\"_blank\" rel=\"noopener\">&#8220;Chaine des Puys&#8221;\u2019s secrets with a scientific animator<\/a>, or\u00a0<a href=\"\/en\/animation\/reveil-geants-dauvergne\/\">live the eruption of a new volcano in Auvergne<\/a>! A more interactive way to discover volcanoes awaits you in Vulcania!<\/p>\n<p>Beyond Auvergne volcanoes, Vulcania brings you to the volcanism conquest around the world.[\/vc_column_text][\/vc_column][vc_column width=&#8221;1\/3&#8243;][vc_single_image image=&#8221;17506&#8243; img_size=&#8221;large&#8221; css=&#8221;&#8221;][vc_column_text]<\/p>\n<p style=\"text-align: center;\"><em>Animation \u201c<a href=\"\/animation\/reveil-des-geants-d-auvergne\/\" target=\"_blank\" rel=\"noopener\">R\u00e9veil des g\u00e9ants d\u2019Auvergne<\/a>\u201d<\/em><\/p>\n<p>[\/vc_column_text][\/vc_column][\/vc_row][vc_row content_placement=&#8221;middle&#8221;][vc_column][vc_btn title=&#8221;Find out more about all the park\u2019s animations dedicated to volcanoes to prepare your family exploration&#8221; link=&#8221;url:%2Fen%2Fanimations-volcanoes%2F|target:_blank&#8221; el_class=&#8221;bouton coul-1&#8243;][\/vc_column][\/vc_row][vc_row full_width=&#8221;stretch_row&#8221; content_placement=&#8221;middle&#8221; el_class=&#8221;clair&#8221;][vc_column][vc_empty_space height=&#8221;30&#8243;][vc_column_text css=&#8221;.vc_custom_1687440248161{margin-bottom: 20px !important;}&#8221;]<\/p>\n<h2>Practical information to <strong>visit Auvergne volcanoes and Vulcania<\/strong><\/h2>\n<p>[\/vc_column_text][vc_column_text css=&#8221;.vc_custom_1712742154889{margin-bottom: 20px !important;}&#8221;]The Auvergne volcanoes Natural Park is free all year. In order to enjoy nature, practicable tracks and points of view, we recommend you visit Auvergne volcanoes in a dry and clear weather. For family walks and hikes, spring and summer are the best suited seasons. You\u2019ll enjoy the sun and sweet temperatures even in the summer.<\/p>\n<p>Moreover, Vulcania park usually open from late March to late October \/ early November. It will be possible to combine your volcano visit with a discovery of the theme park. We invite you to check the <a href=\"\/en\/calendar\/\" target=\"_blank\" rel=\"noopener\">opening dates and times of Vulcania<\/a> to plan your visits in Auvergne.<\/p>\n<p>To enjoy activities in the park and nearby, we recommend you spend at least an entire day to visit volcanoes in additional to your visit at Vulcania. To comfortably discover\u00a0 the Auvergne volcanoes its surroundings, we recommend you to <a href=\"https:\/\/holiday.vulcania.com\/\" target=\"_blank\" rel=\"noopener\">book a stay with the Vulcania park<\/a>. Vulcania offers several deals including your nights in a partner host, your entrances to the park, breakfasts, and additional activities like the ascent of the \u00ab\u00a0Puy de D\u00f4me\u00a0\u00bb by rack train\u00a0!<\/p>\n<p>Eventually, If you want more recommendations to plan your Auvergne volcanoes visit, we invite you to consult <a href=\"https:\/\/holiday.vulcania.com\/the-volcanoes-route.html\" target=\"_blank\" rel=\"noopener\">our tips about the &#8220;volcanoes road&#8221;<\/a>.[\/vc_column_text][vc_empty_space height=&#8221;30&#8243;][\/vc_column][\/vc_row]<\/p>\n<\/div>","protected":false},"excerpt":{"rendered":"<p>[vc_row][vc_column][vc_row_inner content_placement=&#8221;middle&#8221;][vc_column_inner width=&#8221;1\/3&#8243;][vc_single_image image=&#8221;17500&#8243; img_size=&#8221;large&#8221; css=&#8221;&#8221;][vc_column_text] Vulcania Park [\/vc_column_text][\/vc_column_inner][vc_column_inner width=&#8221;2\/3&#8243;][vc_column_text css=&#8221;.vc_custom_1687439921584{margin-bottom: 20px !important;}&#8221; el_class=&#8221;intro&#8221;] Vulcania, a park in the heart of Auvergne volcanoes [\/vc_column_text][vc_column_text css=&#8221;.vc_custom_1712741350202{margin-bottom: 20px !important;}&#8221;]The natural park of Auvergne volcanoes takes place over 120km and 147 municipalities. That\u2019s the biggest natural park in metropolitan France\u00a0! Inside this natural park, you can find 80 [&hellip;]<\/p>\n","protected":false},"author":2,"featured_media":0,"parent":0,"menu_order":0,"comment_status":"closed","ping_status":"closed","template":"","meta":{"_acf_changed":false,"_relevanssi_hide_post":"","_relevanssi_hide_content":"","_relevanssi_pin_for_all":"","_relevanssi_pin_keywords":"","_relevanssi_unpin_keywords":"","_relevanssi_related_keywords":"","_relevanssi_related_include_ids":"","_relevanssi_related_exclude_ids":"","_relevanssi_related_no_append":"","_relevanssi_related_not_related":"","_relevanssi_related_posts":"","_relevanssi_noindex_reason":"","footnotes":""},"acf":[],"yoast_head":"<!-- This site is optimized with the Yoast SEO plugin v22.9 - https:\/\/yoast.com\/wordpress\/plugins\/seo\/ -->\n<title>Visit the volcanoes of Auvergne: the Cha\u00eene des Puys with Vulcania<\/title>\n<meta name=\"description\" content=\"Puy de D\u00f4me, Puy Pariou or Puy des Goules, discover our tips for visiting the volcanoes of the Auvergne during your stay at Vulcania.\" \/>\n<meta name=\"robots\" content=\"index, follow, max-snippet:-1, max-image-preview:large, max-video-preview:-1\" \/>\n<link rel=\"canonical\" href=\"https:\/\/www.vulcania.com\/en\/visit-the-auvergne-volcanoes\/\" \/>\n<meta property=\"og:locale\" content=\"en_US\" \/>\n<meta property=\"og:type\" content=\"article\" \/>\n<meta property=\"og:title\" content=\"Visit the volcanoes of Auvergne: the Cha\u00eene des Puys with Vulcania\" \/>\n<meta property=\"og:description\" content=\"Puy de D\u00f4me, Puy Pariou or Puy des Goules, discover our tips for visiting the volcanoes of the Auvergne during your stay at Vulcania.\" \/>\n<meta property=\"og:url\" content=\"https:\/\/www.vulcania.com\/en\/visit-the-auvergne-volcanoes\/\" \/>\n<meta property=\"og:site_name\" content=\"Vulcania\" \/>\n<meta property=\"article:publisher\" content=\"https:\/\/www.facebook.com\/ParcVulcania\" \/>\n<meta property=\"article:modified_time\" content=\"2025-02-07T10:25:10+00:00\" \/>\n<meta property=\"og:image\" content=\"https:\/\/www.vulcania.com\/wp-content\/uploads\/2023\/03\/logo-vulcania.png\" \/>\n\t<meta property=\"og:image:width\" content=\"570\" \/>\n\t<meta property=\"og:image:height\" content=\"253\" \/>\n\t<meta property=\"og:image:type\" content=\"image\/png\" \/>\n<meta name=\"twitter:card\" content=\"summary_large_image\" \/>\n<meta name=\"twitter:site\" content=\"@parc_vulcania\" \/>\n<meta name=\"twitter:label1\" content=\"Est. reading time\" \/>\n\t<meta name=\"twitter:data1\" content=\"5 minutes\" \/>\n<script type=\"application\/ld+json\" class=\"yoast-schema-graph\">{\"@context\":\"https:\/\/schema.org\",\"@graph\":[{\"@type\":\"WebPage\",\"@id\":\"https:\/\/www.vulcania.com\/en\/visit-the-auvergne-volcanoes\/\",\"url\":\"https:\/\/www.vulcania.com\/en\/visit-the-auvergne-volcanoes\/\",\"name\":\"Visit the volcanoes of Auvergne: the Cha\u00eene des Puys with Vulcania\",\"isPartOf\":{\"@id\":\"https:\/\/www.vulcania.com\/#website\"},\"datePublished\":\"2023-04-26T11:30:11+00:00\",\"dateModified\":\"2025-02-07T10:25:10+00:00\",\"description\":\"Puy de D\u00f4me, Puy Pariou or Puy des Goules, discover our tips for visiting the volcanoes of the Auvergne during your stay at Vulcania.\",\"breadcrumb\":{\"@id\":\"https:\/\/www.vulcania.com\/en\/visit-the-auvergne-volcanoes\/#breadcrumb\"},\"inLanguage\":\"en-US\",\"potentialAction\":[{\"@type\":\"ReadAction\",\"target\":[\"https:\/\/www.vulcania.com\/en\/visit-the-auvergne-volcanoes\/\"]}]},{\"@type\":\"BreadcrumbList\",\"@id\":\"https:\/\/www.vulcania.com\/en\/visit-the-auvergne-volcanoes\/#breadcrumb\",\"itemListElement\":[{\"@type\":\"ListItem\",\"position\":1,\"name\":\"Accueil\",\"item\":\"https:\/\/www.vulcania.com\/en\/\"},{\"@type\":\"ListItem\",\"position\":2,\"name\":\"Visit the Auvergne volcanoes\"}]},{\"@type\":\"WebSite\",\"@id\":\"https:\/\/www.vulcania.com\/#website\",\"url\":\"https:\/\/www.vulcania.com\/\",\"name\":\"Vulcania\",\"description\":\"Parc \u00e0 th\u00e8me au c\u0153ur des volcans d&#039;Auvergne\",\"publisher\":{\"@id\":\"https:\/\/www.vulcania.com\/#organization\"},\"potentialAction\":[{\"@type\":\"SearchAction\",\"target\":{\"@type\":\"EntryPoint\",\"urlTemplate\":\"https:\/\/www.vulcania.com\/?s={search_term_string}\"},\"query-input\":\"required name=search_term_string\"}],\"inLanguage\":\"en-US\"},{\"@type\":\"Organization\",\"@id\":\"https:\/\/www.vulcania.com\/#organization\",\"name\":\"Vulcania\",\"url\":\"https:\/\/www.vulcania.com\/\",\"logo\":{\"@type\":\"ImageObject\",\"inLanguage\":\"en-US\",\"@id\":\"https:\/\/www.vulcania.com\/#\/schema\/logo\/image\/\",\"url\":\"https:\/\/www.vulcania.com\/wp-content\/uploads\/2023\/03\/logo-vulcania.png\",\"contentUrl\":\"https:\/\/www.vulcania.com\/wp-content\/uploads\/2023\/03\/logo-vulcania.png\",\"width\":570,\"height\":253,\"caption\":\"Vulcania\"},\"image\":{\"@id\":\"https:\/\/www.vulcania.com\/#\/schema\/logo\/image\/\"},\"sameAs\":[\"https:\/\/www.facebook.com\/ParcVulcania\",\"https:\/\/x.com\/parc_vulcania\",\"https:\/\/www.youtube.com\/user\/ParcVulcania\",\"https:\/\/www.instagram.com\/parcvulcania\/\"]}]}<\/script>\n<!-- \/ Yoast SEO plugin. -->","yoast_head_json":{"title":"Visit the volcanoes of Auvergne: the Cha\u00eene des Puys with Vulcania","description":"Puy de D\u00f4me, Puy Pariou or Puy des Goules, discover our tips for visiting the volcanoes of the Auvergne during your stay at Vulcania.","robots":{"index":"index","follow":"follow","max-snippet":"max-snippet:-1","max-image-preview":"max-image-preview:large","max-video-preview":"max-video-preview:-1"},"canonical":"https:\/\/www.vulcania.com\/en\/visit-the-auvergne-volcanoes\/","og_locale":"en_US","og_type":"article","og_title":"Visit the volcanoes of Auvergne: the Cha\u00eene des Puys with Vulcania","og_description":"Puy de D\u00f4me, Puy Pariou or Puy des Goules, discover our tips for visiting the volcanoes of the Auvergne during your stay at Vulcania.","og_url":"https:\/\/www.vulcania.com\/en\/visit-the-auvergne-volcanoes\/","og_site_name":"Vulcania","article_publisher":"https:\/\/www.facebook.com\/ParcVulcania","article_modified_time":"2025-02-07T10:25:10+00:00","og_image":[{"width":570,"height":253,"url":"https:\/\/www.vulcania.com\/wp-content\/uploads\/2023\/03\/logo-vulcania.png","type":"image\/png"}],"twitter_card":"summary_large_image","twitter_site":"@parc_vulcania","twitter_misc":{"Est. reading time":"5 minutes"},"schema":{"@context":"https:\/\/schema.org","@graph":[{"@type":"WebPage","@id":"https:\/\/www.vulcania.com\/en\/visit-the-auvergne-volcanoes\/","url":"https:\/\/www.vulcania.com\/en\/visit-the-auvergne-volcanoes\/","name":"Visit the volcanoes of Auvergne: the Cha\u00eene des Puys with Vulcania","isPartOf":{"@id":"https:\/\/www.vulcania.com\/#website"},"datePublished":"2023-04-26T11:30:11+00:00","dateModified":"2025-02-07T10:25:10+00:00","description":"Puy de D\u00f4me, Puy Pariou or Puy des Goules, discover our tips for visiting the volcanoes of the Auvergne during your stay at Vulcania.","breadcrumb":{"@id":"https:\/\/www.vulcania.com\/en\/visit-the-auvergne-volcanoes\/#breadcrumb"},"inLanguage":"en-US","potentialAction":[{"@type":"ReadAction","target":["https:\/\/www.vulcania.com\/en\/visit-the-auvergne-volcanoes\/"]}]},{"@type":"BreadcrumbList","@id":"https:\/\/www.vulcania.com\/en\/visit-the-auvergne-volcanoes\/#breadcrumb","itemListElement":[{"@type":"ListItem","position":1,"name":"Accueil","item":"https:\/\/www.vulcania.com\/en\/"},{"@type":"ListItem","position":2,"name":"Visit the Auvergne volcanoes"}]},{"@type":"WebSite","@id":"https:\/\/www.vulcania.com\/#website","url":"https:\/\/www.vulcania.com\/","name":"Vulcania","description":"Parc \u00e0 th\u00e8me au c\u0153ur des volcans d&#039;Auvergne","publisher":{"@id":"https:\/\/www.vulcania.com\/#organization"},"potentialAction":[{"@type":"SearchAction","target":{"@type":"EntryPoint","urlTemplate":"https:\/\/www.vulcania.com\/?s={search_term_string}"},"query-input":"required name=search_term_string"}],"inLanguage":"en-US"},{"@type":"Organization","@id":"https:\/\/www.vulcania.com\/#organization","name":"Vulcania","url":"https:\/\/www.vulcania.com\/","logo":{"@type":"ImageObject","inLanguage":"en-US","@id":"https:\/\/www.vulcania.com\/#\/schema\/logo\/image\/","url":"https:\/\/www.vulcania.com\/wp-content\/uploads\/2023\/03\/logo-vulcania.png","contentUrl":"https:\/\/www.vulcania.com\/wp-content\/uploads\/2023\/03\/logo-vulcania.png","width":570,"height":253,"caption":"Vulcania"},"image":{"@id":"https:\/\/www.vulcania.com\/#\/schema\/logo\/image\/"},"sameAs":["https:\/\/www.facebook.com\/ParcVulcania","https:\/\/x.com\/parc_vulcania","https:\/\/www.youtube.com\/user\/ParcVulcania","https:\/\/www.instagram.com\/parcvulcania\/"]}]}},"_links":{"self":[{"href":"https:\/\/www.vulcania.com\/en\/wp-json\/wp\/v2\/pages\/18237"}],"collection":[{"href":"https:\/\/www.vulcania.com\/en\/wp-json\/wp\/v2\/pages"}],"about":[{"href":"https:\/\/www.vulcania.com\/en\/wp-json\/wp\/v2\/types\/page"}],"author":[{"embeddable":true,"href":"https:\/\/www.vulcania.com\/en\/wp-json\/wp\/v2\/users\/2"}],"replies":[{"embeddable":true,"href":"https:\/\/www.vulcania.com\/en\/wp-json\/wp\/v2\/comments?post=18237"}],"version-history":[{"count":4,"href":"https:\/\/www.vulcania.com\/en\/wp-json\/wp\/v2\/pages\/18237\/revisions"}],"predecessor-version":[{"id":26238,"href":"https:\/\/www.vulcania.com\/en\/wp-json\/wp\/v2\/pages\/18237\/revisions\/26238"}],"wp:attachment":[{"href":"https:\/\/www.vulcania.com\/en\/wp-json\/wp\/v2\/media?parent=18237"}],"curies":[{"name":"wp","href":"https:\/\/api.w.org\/{rel}","templated":true}]}}