{"id":18273,"date":"2023-04-14T16:44:57","date_gmt":"2023-04-14T14:44:57","guid":{"rendered":"https:\/\/www.vulcania.com\/?page_id=18273"},"modified":"2023-09-11T10:56:19","modified_gmt":"2023-09-11T08:56:19","slug":"a-la-carte-group-rates","status":"publish","type":"page","link":"https:\/\/www.vulcania.com\/en\/a-la-carte-group-rates\/","title":{"rendered":"&#8220;A la carte&#8221; group rates"},"content":{"rendered":"<div class=\"wpb-content-wrapper\"><p>[vc_row][vc_column][vc_column_text el_class=&#8221;intro jolie-liste&#8221; css=&#8221;.vc_custom_1687509413335{margin-bottom: 15px !important;}&#8221;]<strong>For groups of 20 or more.<\/strong><br \/>\nOrganise your visit at your convenience at a reduced rate for your group.[\/vc_column_text][vc_btn title=&#8221;See our all-inclusive group packages&#8221; link=&#8221;url:%2Fen%2Fall-inclusive-group-rates%2F|title:Tarifs%20Groupe%20%E2%80%9CTout-compris%E2%80%9D|target:_blank&#8221; el_class=&#8221;bouton coul-1&#8243;][vc_column_text el_class=&#8221;jolie-liste&#8221;]Discover the park&#8217;s activities, the wealth of volcanoes in Auvergne and around the world, the history of Vulcania, its unusual architecture and much more![\/vc_column_text][\/vc_column][\/vc_row][vc_row][vc_column width=&#8221;1\/2&#8243;][vc_column_text el_class=&#8221;jolie-liste&#8221;]<\/p>\n<h2>Entrance to the park<\/h2>\n<p>[\/vc_column_text][vc_column_text]<\/p>\n<table style=\"border-collapse: collapse; width: 100%; height: 120px;\">\n<tbody>\n<tr style=\"height: 24px;\">\n<th style=\"height: 24px;\">Rates incl. VAT\/person<\/th>\n<th class=\"vert\" style=\"height: 24px;\">Green period<\/th>\n<th class=\"bleu\" style=\"height: 24px;\">Blue Period<\/th>\n<\/tr>\n<tr style=\"height: 24px;\">\n<td style=\"height: 24px;\">Adult<\/td>\n<td style=\"height: 24px;\">\u20ac23.50<\/td>\n<td style=\"height: 24px;\">\u20ac26.00<\/td>\n<\/tr>\n<tr style=\"height: 24px;\">\n<td style=\"height: 24px;\">Child (6 to 16 years old)<\/td>\n<td style=\"height: 24px;\">\u20ac19.00<\/td>\n<td style=\"height: 24px;\">\u20ac21.00<\/td>\n<\/tr>\n<tr style=\"height: 24px;\">\n<td style=\"height: 24px;\">Young child (3 to 5 years old)<\/td>\n<td style=\"height: 24px;\">\u20ac6.00<\/td>\n<td style=\"height: 24px;\">\u20ac6.00<\/td>\n<\/tr>\n<\/tbody>\n<\/table>\n<p><em>*Prices are based on 10% VAT &#8211; Children under 3 are our guests.<\/em>[\/vc_column_text][vc_column_text el_class=&#8221;bloc clair rayon&#8221;]To find out when, please refer to <a href=\"\/en\/calendar\/\" target=\"_blank\" rel=\"noopener\">the park opening calendar<\/a>.[\/vc_column_text][\/vc_column][vc_column width=&#8221;1\/2&#8243;][vc_column_text el_class=&#8221;jolie-liste&#8221;]<\/p>\n<h2>Accompanied \/ guided tour<\/h2>\n<p>[\/vc_column_text][vc_column_text el_class=&#8221;jolie-liste&#8221;]<\/p>\n<p style=\"text-align: left;\">Discover the park, its activities, its history and the volcanoes over a full or half day with a guide dedicated to your group and attentive to your needs, to make your visit an unforgettable experience!<\/p>\n<ul>\n<li>Full day (10am-5pm): \u20ac11.00\/person<\/li>\n<li>1\/2 day (10am-1pm or 2pm-5pm): \u20ac6.50\/person<\/li>\n<\/ul>\n<p>[\/vc_column_text][vc_column_text el_class=&#8221;bloc couleur coul-1 alerte rayon&#8221;]<\/p>\n<h3>Restaurant information<\/h3>\n<p>The catering service will be unavailable for Ascension (from 18 to 21\/05\/2023 inclusive) then for Whitsun (from 27 to 29\/05\/2023 inclusive) then from 03\/07\/2023 to 03\/09\/2023 inclusive.[\/vc_column_text][vc_column_text el_class=&#8221;jolie-liste&#8221;]<strong>Your meal is served at the table with a quality menu in a dedicated dining area:<\/strong><\/p>\n<ul>\n<li>&#8220;Puy des Goules&#8221; menu at \u20ac23.00<\/li>\n<li>&#8220;Puy Pariou&#8221; menu at \u20ac26.50<\/li>\n<li>&#8220;Puy de D\u00f4me&#8221; menu at \u20ac30.90 (with complimentary kir)<\/li>\n<li>&#8220;Petit Volcan&#8221; menu (up to and including 11 years old) at \u20ac13.50<\/li>\n<\/ul>\n<p>Each menu consists of a starter, a main course and a dessert (bread, red wine and coffee included).<\/p>\n<p><strong>Extra:<\/strong><\/p>\n<ul>\n<li>Aperitif: \u20ac2.50<\/li>\n<li>Cheese: \u20ac2.50<\/li>\n<\/ul>\n<p>[\/vc_column_text][vc_btn title=&#8221;See our menus&#8221; el_class=&#8221;bouton coul-1&#8243; link=&#8221;url:%2Fwp-content%2Fuploads%2F2023%2F06%2FMenu-Groupes-ECLAT-2023.pdf|target:_blank&#8221;][\/vc_column][\/vc_row][vc_row][vc_column][vc_separator el_class=&#8221;separateur&#8221;][\/vc_column][\/vc_row][vc_row][vc_column width=&#8221;1\/2&#8243;][vc_column_text css=&#8221;.vc_custom_1687509899554{margin-bottom: 15px !important;}&#8221;]<\/p>\n<h2>Your group benefits<\/h2>\n<p>[\/vc_column_text][vc_column_text el_class=&#8221;jolie-liste&#8221;]<\/p>\n<ul>\n<li>1 free adult admission for every 30 paying guests<\/li>\n<li>Guest driver (free entry + drink \/ free lunch for all catering bookings)<\/li>\n<li>Free car park<\/li>\n<\/ul>\n<p>[\/vc_column_text][\/vc_column][vc_column width=&#8221;1\/2&#8243;][vc_column_text css=&#8221;.vc_custom_1687509919200{margin-bottom: 15px !important;}&#8221;]<\/p>\n<h2>Online brochure<\/h2>\n<p>[\/vc_column_text][vc_column_text css=&#8221;.vc_custom_1687509926464{margin-bottom: 15px !important;}&#8221;]Find out all about our events, prices and visitor services in the Group brochure.[\/vc_column_text][vc_btn title=&#8221;2023 brochure coming soon&#8221; el_class=&#8221;bouton coul-1&#8243; link=&#8221;url:%23|target:_blank&#8221;][\/vc_column][\/vc_row][vc_row][vc_column el_class=&#8221;bloc sombre rayon&#8221;][vc_column_text el_class=&#8221;jolie-liste&#8221; css=&#8221;.vc_custom_1687509988900{margin-bottom: 15px !important;}&#8221;]<\/p>\n<h2>Book your visit<\/h2>\n<p>Leisure Centre rates apply only to bookings and include a \u20ac15 booking fee.<\/p>\n<ul>\n<li>Contact the Reservations Department on +33(0)4 73 19 70 98 or <a href=\"mailto:reservation@vulcania.com\" target=\"_blank\" rel=\"noopener\">by e-mail<\/a>.<\/li>\n<li>Fill in the online booking form and return it to us <a href=\"mailto:reservation@vulcania.com\" target=\"_blank\" rel=\"noopener\">by e-mail<\/a> or post.<\/li>\n<\/ul>\n<p>[\/vc_column_text][vc_btn title=&#8221;Download the booking form&#8221; link=&#8221;url:%2Fwp-content%2Fuploads%2F2023%2F06%2FVulcania-Fiche-de-resa-A-la-Carte-2023.xls|target:_blank&#8221; el_class=&#8221;bouton coul-1&#8243;][\/vc_column][\/vc_row][vc_row][vc_column][vc_empty_space height=&#8221;30&#8243;][\/vc_column][\/vc_row]<\/p>\n<\/div>","protected":false},"excerpt":{"rendered":"<p>[vc_row][vc_column][vc_column_text el_class=&#8221;intro jolie-liste&#8221; css=&#8221;.vc_custom_1687509413335{margin-bottom: 15px !important;}&#8221;]For groups of 20 or more. Organise your visit at your convenience at a reduced rate for your group.[\/vc_column_text][vc_btn title=&#8221;See our all-inclusive group packages&#8221; link=&#8221;url:%2Fen%2Fall-inclusive-group-rates%2F|title:Tarifs%20Groupe%20%E2%80%9CTout-compris%E2%80%9D|target:_blank&#8221; el_class=&#8221;bouton coul-1&#8243;][vc_column_text el_class=&#8221;jolie-liste&#8221;]Discover the park&#8217;s activities, the wealth of volcanoes in Auvergne and around the world, the history of Vulcania, its unusual architecture and much [&hellip;]<\/p>\n","protected":false},"author":2,"featured_media":0,"parent":0,"menu_order":0,"comment_status":"closed","ping_status":"closed","template":"","meta":{"_acf_changed":false,"_relevanssi_hide_post":"","_relevanssi_hide_content":"","_relevanssi_pin_for_all":"","_relevanssi_pin_keywords":"","_relevanssi_unpin_keywords":"","_relevanssi_related_keywords":"","_relevanssi_related_include_ids":"","_relevanssi_related_exclude_ids":"","_relevanssi_related_no_append":"","_relevanssi_related_not_related":"","_relevanssi_related_posts":"","_relevanssi_noindex_reason":"","footnotes":""},"acf":[],"yoast_head":"<!-- This site is optimized with the Yoast SEO plugin v22.9 - https:\/\/yoast.com\/wordpress\/plugins\/seo\/ -->\n<title>Special rates and group discounts - Vulcania<\/title>\n<meta name=\"description\" content=\"For groups of 20 or more. Organise your visit at your convenience at a reduced rate for your group.\" \/>\n<meta name=\"robots\" content=\"index, follow, max-snippet:-1, max-image-preview:large, max-video-preview:-1\" \/>\n<link rel=\"canonical\" href=\"https:\/\/www.vulcania.com\/tarifs-groupe-a-la-carte\/\" \/>\n<meta property=\"og:locale\" content=\"en_US\" \/>\n<meta property=\"og:type\" content=\"article\" \/>\n<meta property=\"og:title\" content=\"Special rates and group discounts - Vulcania\" \/>\n<meta property=\"og:description\" content=\"For groups of 20 or more. Organise your visit at your convenience at a reduced rate for your group.\" \/>\n<meta property=\"og:url\" content=\"https:\/\/www.vulcania.com\/tarifs-groupe-a-la-carte\/\" \/>\n<meta property=\"og:site_name\" content=\"Vulcania\" \/>\n<meta property=\"article:publisher\" content=\"https:\/\/www.facebook.com\/ParcVulcania\" \/>\n<meta property=\"article:modified_time\" content=\"2023-09-11T08:56:19+00:00\" \/>\n<meta property=\"og:image\" content=\"https:\/\/www.vulcania.com\/wp-content\/uploads\/2023\/03\/logo-vulcania.png\" \/>\n\t<meta property=\"og:image:width\" content=\"570\" \/>\n\t<meta property=\"og:image:height\" content=\"253\" \/>\n\t<meta property=\"og:image:type\" content=\"image\/png\" \/>\n<meta name=\"twitter:card\" content=\"summary_large_image\" \/>\n<meta name=\"twitter:site\" content=\"@parc_vulcania\" \/>\n<meta name=\"twitter:label1\" content=\"Est. reading time\" \/>\n\t<meta name=\"twitter:data1\" content=\"3 minutes\" \/>\n<script type=\"application\/ld+json\" class=\"yoast-schema-graph\">{\"@context\":\"https:\/\/schema.org\",\"@graph\":[{\"@type\":\"WebPage\",\"@id\":\"https:\/\/www.vulcania.com\/tarifs-groupe-a-la-carte\/\",\"url\":\"https:\/\/www.vulcania.com\/tarifs-groupe-a-la-carte\/\",\"name\":\"Special rates and group discounts - Vulcania\",\"isPartOf\":{\"@id\":\"https:\/\/www.vulcania.com\/#website\"},\"datePublished\":\"2023-04-14T14:44:57+00:00\",\"dateModified\":\"2023-09-11T08:56:19+00:00\",\"description\":\"For groups of 20 or more. Organise your visit at your convenience at a reduced rate for your group.\",\"breadcrumb\":{\"@id\":\"https:\/\/www.vulcania.com\/tarifs-groupe-a-la-carte\/#breadcrumb\"},\"inLanguage\":\"en-US\",\"potentialAction\":[{\"@type\":\"ReadAction\",\"target\":[\"https:\/\/www.vulcania.com\/tarifs-groupe-a-la-carte\/\"]}]},{\"@type\":\"BreadcrumbList\",\"@id\":\"https:\/\/www.vulcania.com\/tarifs-groupe-a-la-carte\/#breadcrumb\",\"itemListElement\":[{\"@type\":\"ListItem\",\"position\":1,\"name\":\"Accueil\",\"item\":\"https:\/\/www.vulcania.com\/en\/\"},{\"@type\":\"ListItem\",\"position\":2,\"name\":\"\u00ab\u00a0A la carte\u00a0\u00bb group rates\"}]},{\"@type\":\"WebSite\",\"@id\":\"https:\/\/www.vulcania.com\/#website\",\"url\":\"https:\/\/www.vulcania.com\/\",\"name\":\"Vulcania\",\"description\":\"Parc \u00e0 th\u00e8me au c\u0153ur des volcans d&#039;Auvergne\",\"publisher\":{\"@id\":\"https:\/\/www.vulcania.com\/#organization\"},\"potentialAction\":[{\"@type\":\"SearchAction\",\"target\":{\"@type\":\"EntryPoint\",\"urlTemplate\":\"https:\/\/www.vulcania.com\/?s={search_term_string}\"},\"query-input\":\"required name=search_term_string\"}],\"inLanguage\":\"en-US\"},{\"@type\":\"Organization\",\"@id\":\"https:\/\/www.vulcania.com\/#organization\",\"name\":\"Vulcania\",\"url\":\"https:\/\/www.vulcania.com\/\",\"logo\":{\"@type\":\"ImageObject\",\"inLanguage\":\"en-US\",\"@id\":\"https:\/\/www.vulcania.com\/#\/schema\/logo\/image\/\",\"url\":\"https:\/\/www.vulcania.com\/wp-content\/uploads\/2023\/03\/logo-vulcania.png\",\"contentUrl\":\"https:\/\/www.vulcania.com\/wp-content\/uploads\/2023\/03\/logo-vulcania.png\",\"width\":570,\"height\":253,\"caption\":\"Vulcania\"},\"image\":{\"@id\":\"https:\/\/www.vulcania.com\/#\/schema\/logo\/image\/\"},\"sameAs\":[\"https:\/\/www.facebook.com\/ParcVulcania\",\"https:\/\/x.com\/parc_vulcania\",\"https:\/\/www.youtube.com\/user\/ParcVulcania\",\"https:\/\/www.instagram.com\/parcvulcania\/\"]}]}<\/script>\n<!-- \/ Yoast SEO plugin. -->","yoast_head_json":{"title":"Special rates and group discounts - Vulcania","description":"For groups of 20 or more. Organise your visit at your convenience at a reduced rate for your group.","robots":{"index":"index","follow":"follow","max-snippet":"max-snippet:-1","max-image-preview":"max-image-preview:large","max-video-preview":"max-video-preview:-1"},"canonical":"https:\/\/www.vulcania.com\/tarifs-groupe-a-la-carte\/","og_locale":"en_US","og_type":"article","og_title":"Special rates and group discounts - Vulcania","og_description":"For groups of 20 or more. Organise your visit at your convenience at a reduced rate for your group.","og_url":"https:\/\/www.vulcania.com\/tarifs-groupe-a-la-carte\/","og_site_name":"Vulcania","article_publisher":"https:\/\/www.facebook.com\/ParcVulcania","article_modified_time":"2023-09-11T08:56:19+00:00","og_image":[{"width":570,"height":253,"url":"https:\/\/www.vulcania.com\/wp-content\/uploads\/2023\/03\/logo-vulcania.png","type":"image\/png"}],"twitter_card":"summary_large_image","twitter_site":"@parc_vulcania","twitter_misc":{"Est. reading time":"3 minutes"},"schema":{"@context":"https:\/\/schema.org","@graph":[{"@type":"WebPage","@id":"https:\/\/www.vulcania.com\/tarifs-groupe-a-la-carte\/","url":"https:\/\/www.vulcania.com\/tarifs-groupe-a-la-carte\/","name":"Special rates and group discounts - Vulcania","isPartOf":{"@id":"https:\/\/www.vulcania.com\/#website"},"datePublished":"2023-04-14T14:44:57+00:00","dateModified":"2023-09-11T08:56:19+00:00","description":"For groups of 20 or more. Organise your visit at your convenience at a reduced rate for your group.","breadcrumb":{"@id":"https:\/\/www.vulcania.com\/tarifs-groupe-a-la-carte\/#breadcrumb"},"inLanguage":"en-US","potentialAction":[{"@type":"ReadAction","target":["https:\/\/www.vulcania.com\/tarifs-groupe-a-la-carte\/"]}]},{"@type":"BreadcrumbList","@id":"https:\/\/www.vulcania.com\/tarifs-groupe-a-la-carte\/#breadcrumb","itemListElement":[{"@type":"ListItem","position":1,"name":"Accueil","item":"https:\/\/www.vulcania.com\/en\/"},{"@type":"ListItem","position":2,"name":"\u00ab\u00a0A la carte\u00a0\u00bb group rates"}]},{"@type":"WebSite","@id":"https:\/\/www.vulcania.com\/#website","url":"https:\/\/www.vulcania.com\/","name":"Vulcania","description":"Parc \u00e0 th\u00e8me au c\u0153ur des volcans d&#039;Auvergne","publisher":{"@id":"https:\/\/www.vulcania.com\/#organization"},"potentialAction":[{"@type":"SearchAction","target":{"@type":"EntryPoint","urlTemplate":"https:\/\/www.vulcania.com\/?s={search_term_string}"},"query-input":"required name=search_term_string"}],"inLanguage":"en-US"},{"@type":"Organization","@id":"https:\/\/www.vulcania.com\/#organization","name":"Vulcania","url":"https:\/\/www.vulcania.com\/","logo":{"@type":"ImageObject","inLanguage":"en-US","@id":"https:\/\/www.vulcania.com\/#\/schema\/logo\/image\/","url":"https:\/\/www.vulcania.com\/wp-content\/uploads\/2023\/03\/logo-vulcania.png","contentUrl":"https:\/\/www.vulcania.com\/wp-content\/uploads\/2023\/03\/logo-vulcania.png","width":570,"height":253,"caption":"Vulcania"},"image":{"@id":"https:\/\/www.vulcania.com\/#\/schema\/logo\/image\/"},"sameAs":["https:\/\/www.facebook.com\/ParcVulcania","https:\/\/x.com\/parc_vulcania","https:\/\/www.youtube.com\/user\/ParcVulcania","https:\/\/www.instagram.com\/parcvulcania\/"]}]}},"_links":{"self":[{"href":"https:\/\/www.vulcania.com\/en\/wp-json\/wp\/v2\/pages\/18273"}],"collection":[{"href":"https:\/\/www.vulcania.com\/en\/wp-json\/wp\/v2\/pages"}],"about":[{"href":"https:\/\/www.vulcania.com\/en\/wp-json\/wp\/v2\/types\/page"}],"author":[{"embeddable":true,"href":"https:\/\/www.vulcania.com\/en\/wp-json\/wp\/v2\/users\/2"}],"replies":[{"embeddable":true,"href":"https:\/\/www.vulcania.com\/en\/wp-json\/wp\/v2\/comments?post=18273"}],"version-history":[{"count":9,"href":"https:\/\/www.vulcania.com\/en\/wp-json\/wp\/v2\/pages\/18273\/revisions"}],"predecessor-version":[{"id":19517,"href":"https:\/\/www.vulcania.com\/en\/wp-json\/wp\/v2\/pages\/18273\/revisions\/19517"}],"wp:attachment":[{"href":"https:\/\/www.vulcania.com\/en\/wp-json\/wp\/v2\/media?parent=18273"}],"curies":[{"name":"wp","href":"https:\/\/api.w.org\/{rel}","templated":true}]}}