{"id":18278,"date":"2023-05-02T16:34:01","date_gmt":"2023-05-02T14:34:01","guid":{"rendered":"https:\/\/www.vulcania.com\/?page_id=18278"},"modified":"2025-04-01T14:52:36","modified_gmt":"2025-04-01T12:52:36","slug":"visitors-with-reduced-mobility","status":"publish","type":"page","link":"https:\/\/www.vulcania.com\/en\/visitors-with-reduced-mobility\/","title":{"rendered":"Visitors with reduced mobility"},"content":{"rendered":"<div class=\"wpb-content-wrapper\"><p>[vc_row content_placement=&#8221;middle&#8221;][vc_column width=&#8221;2\/3&#8243;][vc_column_text el_class=&#8221;intro&#8221;]All animations and services are accessible.[\/vc_column_text][vc_column_text el_class=&#8221;jolie-liste&#8221;]<\/p>\n<p style=\"text-align: justify;\"><strong>Vulcania is certified\u00a0<a href=\"\/en\/accessibility\/\">\u2018Tourisme et Handicap\u2019<\/a>, the park is then equipped to deliver suited services to enhance the comfort of visitors with disabilities:<\/strong><\/p>\n<ul>\n<li style=\"text-align: justify;\">You can borrow a wheelchair free of charge for the duration of your visit (please bring proof of identity).<\/li>\n<li style=\"text-align: justify;\">All the entertainment and catering areas are served by lifts. The Caf\u00e9t\u00e9ria des Puys can help you carry your meal tray.<\/li>\n<\/ul>\n<p style=\"text-align: justify;\"><strong>Complete your visit with a guided tour<\/strong> (for 5 disabled people or more):<\/p>\n<p>[\/vc_column_text][vc_btn title=&#8221;Discover our visit services&#8221; link=&#8221;url:%2Fen%2Fvisiting-services%2F|target:_blank&#8221; el_class=&#8221;bouton coul-3&#8243;][\/vc_column][vc_column width=&#8221;1\/3&#8243;][vc_single_image image=&#8221;15659&#8243; img_size=&#8221;&#8221; onclick=&#8221;custom_link&#8221; img_link_target=&#8221;_blank&#8221; link=&#8221;https:\/\/www.entreprises.gouv.fr\/fr\/tourisme&#8221;][\/vc_column][\/vc_row][vc_row full_width=&#8221;stretch_row&#8221; el_class=&#8221;clair&#8221;][vc_column][vc_empty_space height=&#8221;30&#8243;][vc_column_text el_class=&#8221;intro&#8221;]<\/p>\n<h2>Access to animations:<\/h2>\n<p>[\/vc_column_text][vc_row_inner][vc_column_inner width=&#8221;1\/2&#8243;][vc_column_text css=&#8221;&#8221;]<\/p>\n<h3>Terre en col\u00e8re\u00a0<em>(summer 2025)<\/em><\/h3>\n<p>7 non-dynamic spots emplacements at the front of the space, equipped with an interactive voting system.[\/vc_column_text][vc_column_text css=&#8221;&#8221;]<\/p>\n<h3>R\u00e9veil des G\u00e9ants d\u2019Auvergne<\/h3>\n<p>6 spots located on the vibrating platform at the back of the space, dedicated to visitors with wheelchairs; partial sensorial effects.[\/vc_column_text][vc_column_text css=&#8221;&#8221;]<\/p>\n<h3>Premier Envol<\/h3>\n<p>2 non-dynamic spots next to both sides of the screen, dedicated to people with wheelchair.[\/vc_column_text][vc_column_text css=&#8221;&#8221;]<\/p>\n<h3>Cin\u00e9Max (Ouragan, Regards sur les volcans, Mission Vulcania, Les diables des volcans)<\/h3>\n<p>6 places at the back of the room. Giant screen\u00a0: 4467,02 feet[\/vc_column_text][vc_column_text]<\/p>\n<h3>Ateliers des volcans, Machine Terre, S\u00e9ismes, Ateliers du Plan\u00e9tarium, Exhibition &#8220;Maurice et Katia Krafft&#8221;<\/h3>\n<p>Accessible.[\/vc_column_text][vc_column_text]<\/p>\n<h3>Namazu<\/h3>\n<p style=\"text-align: left;\">Dynamic animation accessible to people with reduced mobility who are able to: leave their wheelchair and\u00a0go\u00a0board the vehicle (1 place\/train) in a precise chrono\u00a0; bend their knees\u00a0; hold the front of the vehicle with 1 hand (both for children) during all the animation\u00a0; if needed, be able to climb up 59 stairs-step, to walk 100m and go down a few stairs step, alone or with someone\u2019s assistance.<\/p>\n<p>[\/vc_column_text][vc_column_text]<\/p>\n<h3>Astrod\u00f4me (Planetarium)<\/h3>\n<p>8 pitches at the back of the hall.[\/vc_column_text][vc_column_text css=&#8221;&#8221;]<\/p>\n<h3>Terre de volcans<\/h3>\n<p>Accessible.[\/vc_column_text][\/vc_column_inner][vc_column_inner width=&#8221;1\/2&#8243;][vc_column_text css=&#8221;&#8221;]<\/p>\n<h3>Abyss Explorer<\/h3>\n<p>No available non-dynamic spots: the access to the dynamic platform is allowed only if the shakings cannot worsen the pathologies.[\/vc_column_text][vc_column_text css=&#8221;&#8221;]<\/p>\n<h3>Dragon Ride<\/h3>\n<p>2 non-dynamic spots at the front of the space, dedicated to visitors with wheelchairs.<br \/>\nAccess to wheelchairs possibl throuh your care.[\/vc_column_text][vc_column_text css=&#8221;&#8221;]<\/p>\n<h3>Volcans Sacr\u00e9s<\/h3>\n<p>1 seat dedicated to people with wheelchair, transfer from chair to vehicle through your care.[\/vc_column_text][vc_column_text]<\/p>\n<h3>La For\u00eat des dragons, Exhibition &#8220;Volcans d&#8217;Auvergne&#8221;<\/h3>\n<p>Accessible outdoor paths: although the path can be tricky at times (pozzolana and sometimes slight slopes).[\/vc_column_text][vc_column_text]<\/p>\n<h3>Plan\u00e8te d\u00e9voil\u00e9e, Contes et l\u00e9gendes volcaniques<\/h3>\n<p>6 places dedicated to people with wheelchair.[\/vc_column_text][vc_column_text]<\/p>\n<h3>Cit\u00e9 des enfants, Galerie Pitoufeu<\/h3>\n<p>Accessible.[\/vc_column_text][vc_column_text]<\/p>\n<h3>La Maison Pitoufeu<\/h3>\n<p>Approaches and ground floor accessible.[\/vc_column_text][vc_column_text]<\/p>\n<h3>Geyser<\/h3>\n<p>Accessible.[\/vc_column_text][\/vc_column_inner][\/vc_row_inner][vc_empty_space height=&#8221;30&#8243;][\/vc_column][\/vc_row]<\/p>\n<\/div>","protected":false},"excerpt":{"rendered":"<p>[vc_row content_placement=&#8221;middle&#8221;][vc_column width=&#8221;2\/3&#8243;][vc_column_text el_class=&#8221;intro&#8221;]All animations and services are accessible.[\/vc_column_text][vc_column_text el_class=&#8221;jolie-liste&#8221;] Vulcania is certified\u00a0\u2018Tourisme et Handicap\u2019, the park is then equipped to deliver suited services to enhance the comfort of visitors with disabilities: You can borrow a wheelchair free of charge for the duration of your visit (please bring proof of identity). All the entertainment and [&hellip;]<\/p>\n","protected":false},"author":2,"featured_media":0,"parent":0,"menu_order":0,"comment_status":"closed","ping_status":"closed","template":"","meta":{"_acf_changed":false,"_relevanssi_hide_post":"","_relevanssi_hide_content":"","_relevanssi_pin_for_all":"","_relevanssi_pin_keywords":"","_relevanssi_unpin_keywords":"","_relevanssi_related_keywords":"","_relevanssi_related_include_ids":"","_relevanssi_related_exclude_ids":"","_relevanssi_related_no_append":"","_relevanssi_related_not_related":"","_relevanssi_related_posts":"","_relevanssi_noindex_reason":"","footnotes":""},"acf":[],"yoast_head":"<!-- This site is optimized with the Yoast SEO plugin v22.9 - https:\/\/yoast.com\/wordpress\/plugins\/seo\/ -->\n<title>Visitors with reduced mobility - Vulcania<\/title>\n<meta name=\"description\" content=\"The entire tour of events and services is accessible.\" \/>\n<meta name=\"robots\" content=\"index, follow, max-snippet:-1, max-image-preview:large, max-video-preview:-1\" \/>\n<link rel=\"canonical\" href=\"https:\/\/www.vulcania.com\/en\/visitors-with-reduced-mobility\/\" \/>\n<meta property=\"og:locale\" content=\"en_US\" \/>\n<meta property=\"og:type\" content=\"article\" \/>\n<meta property=\"og:title\" content=\"Visitors with reduced mobility - Vulcania\" \/>\n<meta property=\"og:description\" content=\"The entire tour of events and services is accessible.\" \/>\n<meta property=\"og:url\" content=\"https:\/\/www.vulcania.com\/en\/visitors-with-reduced-mobility\/\" \/>\n<meta property=\"og:site_name\" content=\"Vulcania\" \/>\n<meta property=\"article:publisher\" content=\"https:\/\/www.facebook.com\/ParcVulcania\" \/>\n<meta property=\"article:modified_time\" content=\"2025-04-01T12:52:36+00:00\" \/>\n<meta property=\"og:image\" content=\"https:\/\/www.vulcania.com\/wp-content\/uploads\/2023\/03\/logo-vulcania.png\" \/>\n\t<meta property=\"og:image:width\" content=\"570\" \/>\n\t<meta property=\"og:image:height\" content=\"253\" \/>\n\t<meta property=\"og:image:type\" content=\"image\/png\" \/>\n<meta name=\"twitter:card\" content=\"summary_large_image\" \/>\n<meta name=\"twitter:site\" content=\"@parc_vulcania\" \/>\n<meta name=\"twitter:label1\" content=\"Est. reading time\" \/>\n\t<meta name=\"twitter:data1\" content=\"3 minutes\" \/>\n<script type=\"application\/ld+json\" class=\"yoast-schema-graph\">{\"@context\":\"https:\/\/schema.org\",\"@graph\":[{\"@type\":\"WebPage\",\"@id\":\"https:\/\/www.vulcania.com\/en\/visitors-with-reduced-mobility\/\",\"url\":\"https:\/\/www.vulcania.com\/en\/visitors-with-reduced-mobility\/\",\"name\":\"Visitors with reduced mobility - Vulcania\",\"isPartOf\":{\"@id\":\"https:\/\/www.vulcania.com\/#website\"},\"datePublished\":\"2023-05-02T14:34:01+00:00\",\"dateModified\":\"2025-04-01T12:52:36+00:00\",\"description\":\"The entire tour of events and services is accessible.\",\"breadcrumb\":{\"@id\":\"https:\/\/www.vulcania.com\/en\/visitors-with-reduced-mobility\/#breadcrumb\"},\"inLanguage\":\"en-US\",\"potentialAction\":[{\"@type\":\"ReadAction\",\"target\":[\"https:\/\/www.vulcania.com\/en\/visitors-with-reduced-mobility\/\"]}]},{\"@type\":\"BreadcrumbList\",\"@id\":\"https:\/\/www.vulcania.com\/en\/visitors-with-reduced-mobility\/#breadcrumb\",\"itemListElement\":[{\"@type\":\"ListItem\",\"position\":1,\"name\":\"Accueil\",\"item\":\"https:\/\/www.vulcania.com\/en\/\"},{\"@type\":\"ListItem\",\"position\":2,\"name\":\"Visitors with reduced mobility\"}]},{\"@type\":\"WebSite\",\"@id\":\"https:\/\/www.vulcania.com\/#website\",\"url\":\"https:\/\/www.vulcania.com\/\",\"name\":\"Vulcania\",\"description\":\"Parc \u00e0 th\u00e8me au c\u0153ur des volcans d&#039;Auvergne\",\"publisher\":{\"@id\":\"https:\/\/www.vulcania.com\/#organization\"},\"potentialAction\":[{\"@type\":\"SearchAction\",\"target\":{\"@type\":\"EntryPoint\",\"urlTemplate\":\"https:\/\/www.vulcania.com\/?s={search_term_string}\"},\"query-input\":\"required name=search_term_string\"}],\"inLanguage\":\"en-US\"},{\"@type\":\"Organization\",\"@id\":\"https:\/\/www.vulcania.com\/#organization\",\"name\":\"Vulcania\",\"url\":\"https:\/\/www.vulcania.com\/\",\"logo\":{\"@type\":\"ImageObject\",\"inLanguage\":\"en-US\",\"@id\":\"https:\/\/www.vulcania.com\/#\/schema\/logo\/image\/\",\"url\":\"https:\/\/www.vulcania.com\/wp-content\/uploads\/2023\/03\/logo-vulcania.png\",\"contentUrl\":\"https:\/\/www.vulcania.com\/wp-content\/uploads\/2023\/03\/logo-vulcania.png\",\"width\":570,\"height\":253,\"caption\":\"Vulcania\"},\"image\":{\"@id\":\"https:\/\/www.vulcania.com\/#\/schema\/logo\/image\/\"},\"sameAs\":[\"https:\/\/www.facebook.com\/ParcVulcania\",\"https:\/\/x.com\/parc_vulcania\",\"https:\/\/www.youtube.com\/user\/ParcVulcania\",\"https:\/\/www.instagram.com\/parcvulcania\/\"]}]}<\/script>\n<!-- \/ Yoast SEO plugin. -->","yoast_head_json":{"title":"Visitors with reduced mobility - Vulcania","description":"The entire tour of events and services is accessible.","robots":{"index":"index","follow":"follow","max-snippet":"max-snippet:-1","max-image-preview":"max-image-preview:large","max-video-preview":"max-video-preview:-1"},"canonical":"https:\/\/www.vulcania.com\/en\/visitors-with-reduced-mobility\/","og_locale":"en_US","og_type":"article","og_title":"Visitors with reduced mobility - Vulcania","og_description":"The entire tour of events and services is accessible.","og_url":"https:\/\/www.vulcania.com\/en\/visitors-with-reduced-mobility\/","og_site_name":"Vulcania","article_publisher":"https:\/\/www.facebook.com\/ParcVulcania","article_modified_time":"2025-04-01T12:52:36+00:00","og_image":[{"width":570,"height":253,"url":"https:\/\/www.vulcania.com\/wp-content\/uploads\/2023\/03\/logo-vulcania.png","type":"image\/png"}],"twitter_card":"summary_large_image","twitter_site":"@parc_vulcania","twitter_misc":{"Est. reading time":"3 minutes"},"schema":{"@context":"https:\/\/schema.org","@graph":[{"@type":"WebPage","@id":"https:\/\/www.vulcania.com\/en\/visitors-with-reduced-mobility\/","url":"https:\/\/www.vulcania.com\/en\/visitors-with-reduced-mobility\/","name":"Visitors with reduced mobility - Vulcania","isPartOf":{"@id":"https:\/\/www.vulcania.com\/#website"},"datePublished":"2023-05-02T14:34:01+00:00","dateModified":"2025-04-01T12:52:36+00:00","description":"The entire tour of events and services is accessible.","breadcrumb":{"@id":"https:\/\/www.vulcania.com\/en\/visitors-with-reduced-mobility\/#breadcrumb"},"inLanguage":"en-US","potentialAction":[{"@type":"ReadAction","target":["https:\/\/www.vulcania.com\/en\/visitors-with-reduced-mobility\/"]}]},{"@type":"BreadcrumbList","@id":"https:\/\/www.vulcania.com\/en\/visitors-with-reduced-mobility\/#breadcrumb","itemListElement":[{"@type":"ListItem","position":1,"name":"Accueil","item":"https:\/\/www.vulcania.com\/en\/"},{"@type":"ListItem","position":2,"name":"Visitors with reduced mobility"}]},{"@type":"WebSite","@id":"https:\/\/www.vulcania.com\/#website","url":"https:\/\/www.vulcania.com\/","name":"Vulcania","description":"Parc \u00e0 th\u00e8me au c\u0153ur des volcans d&#039;Auvergne","publisher":{"@id":"https:\/\/www.vulcania.com\/#organization"},"potentialAction":[{"@type":"SearchAction","target":{"@type":"EntryPoint","urlTemplate":"https:\/\/www.vulcania.com\/?s={search_term_string}"},"query-input":"required name=search_term_string"}],"inLanguage":"en-US"},{"@type":"Organization","@id":"https:\/\/www.vulcania.com\/#organization","name":"Vulcania","url":"https:\/\/www.vulcania.com\/","logo":{"@type":"ImageObject","inLanguage":"en-US","@id":"https:\/\/www.vulcania.com\/#\/schema\/logo\/image\/","url":"https:\/\/www.vulcania.com\/wp-content\/uploads\/2023\/03\/logo-vulcania.png","contentUrl":"https:\/\/www.vulcania.com\/wp-content\/uploads\/2023\/03\/logo-vulcania.png","width":570,"height":253,"caption":"Vulcania"},"image":{"@id":"https:\/\/www.vulcania.com\/#\/schema\/logo\/image\/"},"sameAs":["https:\/\/www.facebook.com\/ParcVulcania","https:\/\/x.com\/parc_vulcania","https:\/\/www.youtube.com\/user\/ParcVulcania","https:\/\/www.instagram.com\/parcvulcania\/"]}]}},"_links":{"self":[{"href":"https:\/\/www.vulcania.com\/en\/wp-json\/wp\/v2\/pages\/18278"}],"collection":[{"href":"https:\/\/www.vulcania.com\/en\/wp-json\/wp\/v2\/pages"}],"about":[{"href":"https:\/\/www.vulcania.com\/en\/wp-json\/wp\/v2\/types\/page"}],"author":[{"embeddable":true,"href":"https:\/\/www.vulcania.com\/en\/wp-json\/wp\/v2\/users\/2"}],"replies":[{"embeddable":true,"href":"https:\/\/www.vulcania.com\/en\/wp-json\/wp\/v2\/comments?post=18278"}],"version-history":[{"count":9,"href":"https:\/\/www.vulcania.com\/en\/wp-json\/wp\/v2\/pages\/18278\/revisions"}],"predecessor-version":[{"id":27168,"href":"https:\/\/www.vulcania.com\/en\/wp-json\/wp\/v2\/pages\/18278\/revisions\/27168"}],"wp:attachment":[{"href":"https:\/\/www.vulcania.com\/en\/wp-json\/wp\/v2\/media?parent=18278"}],"curies":[{"name":"wp","href":"https:\/\/api.w.org\/{rel}","templated":true}]}}