{"id":18281,"date":"2023-04-27T12:12:44","date_gmt":"2023-04-27T10:12:44","guid":{"rendered":"https:\/\/www.vulcania.com\/?page_id=18281"},"modified":"2023-09-07T10:41:35","modified_gmt":"2023-09-07T08:41:35","slug":"accessibility","status":"publish","type":"page","link":"https:\/\/www.vulcania.com\/en\/accessibility\/","title":{"rendered":"Accessibility"},"content":{"rendered":"<div class=\"wpb-content-wrapper\"><p>[vc_row content_placement=&#8221;middle&#8221;][vc_column width=&#8221;1\/2&#8243;][vc_single_image image=&#8221;15656&#8243; img_size=&#8221;large&#8221; el_class=&#8221;coins-arrondis&#8221;][\/vc_column][vc_column width=&#8221;1\/2&#8243;][vc_column_text el_class=&#8221;intro&#8221;]A fun place to discover and learn about our planet, Vulcania is designed to be accessible and understandable to everyone.[\/vc_column_text][vc_column_text]<\/p>\n<p style=\"text-align: left;\">From the outset, Vulcania&#8217;s commitment to welcoming people with disabilities, both individuals and groups, has taken the form of a wide range of facilities and measures. This led to the signing of the National Accessibility Charter in 2003.<\/p>\n<p style=\"text-align: left;\"><strong>Vulcania has also been awarded the Tourism &amp; Handicap label for people with motor, hearing, cognitive and visual impairments.<\/strong><\/p>\n<p>[\/vc_column_text][vc_row_inner][vc_column_inner width=&#8221;2\/3&#8243;][vc_single_image image=&#8221;15659&#8243; img_size=&#8221;756&#215;277,5&#8243; onclick=&#8221;custom_link&#8221; img_link_target=&#8221;_blank&#8221; link=&#8221;https:\/\/www.entreprises.gouv.fr\/fr\/tourisme&#8221;][\/vc_column_inner][vc_column_inner width=&#8221;1\/3&#8243;][\/vc_column_inner][\/vc_row_inner][\/vc_column][\/vc_row][vc_row][vc_column][vc_column_text]<\/p>\n<h2>Vulcania has the &#8220;Tourism and Disability&#8221; label<\/h2>\n<p>[\/vc_column_text][\/vc_column][\/vc_row][vc_row content_placement=&#8221;middle&#8221;][vc_column][vc_column_text]<\/p>\n<p style=\"text-align: left;\">Vulcania has now been awarded the Tourism &amp; Handicap label for motor, hearing, visual and cognitive impairments, and its staff are trained to welcome disabled visitors, offering services adapted to all disabilities.<\/p>\n<p>[\/vc_column_text][vc_btn title=&#8221;Find out about our visit services&#8221; link=&#8221;url:%2Fen%2Fvisiting-services%2F|target:_blank&#8221; el_class=&#8221;bouton coul-1&#8243;][\/vc_column][\/vc_row][vc_row][vc_column width=&#8221;1\/2&#8243; el_class=&#8221;bloc clair&#8221;][vc_column_text el_class=&#8221;jolie-liste&#8221;]<strong>Organise your day and find out all the advice on visits and services for your disability:<\/strong><\/p>\n<ul>\n<li><a href=\"\/en\/visitors-with-reduced-mobility\/\" target=\"_blank\" rel=\"noopener\">visitors with reduced mobility<\/a><\/li>\n<li><a href=\"\/en\/visitors-with-cognitive-disabilities\/\" target=\"_blank\" rel=\"noopener\">visitors with cognitive disabilities<\/a><\/li>\n<li><a href=\"\/en\/blind-and-partially-sighted-and-partially-sighted-visitors\/\" target=\"_blank\" rel=\"noopener\">blind and partially sighted visitors<\/a><\/li>\n<li><a href=\"\/en\/deaf-and-hearing-impaired-visitors\/\" target=\"_blank\" rel=\"noopener\">deaf and hearing-impaired visitors<\/a><\/li>\n<\/ul>\n<p>[\/vc_column_text][\/vc_column][vc_column width=&#8221;1\/2&#8243; el_class=&#8221;bloc clair&#8221;][vc_column_text el_class=&#8221;jolie-liste&#8221;]<strong>Useful information:<\/strong><\/p>\n<ul>\n<li>Assistance dogs identified as such are accepted in the park.<\/li>\n<li>People with a valid &#8220;disability card&#8221;, &#8220;priority card for disabled people&#8221; or &#8220;awkward standing card&#8221;, as well as 3 accompanying adults, have easier access to the attractions.<\/li>\n<li>To make your visit as comfortable as possible, waiting areas have been set up outside the queues for each of the events: they are accessible to everyone without a ticket. Please let us know if you have any problems at the checkout.<\/li>\n<li>The restaurant areas are accessible.<\/li>\n<\/ul>\n<p>[\/vc_column_text][\/vc_column][\/vc_row][vc_row][vc_column][vc_empty_space height=&#8221;60&#8243;][\/vc_column][\/vc_row]<\/p>\n<\/div>","protected":false},"excerpt":{"rendered":"<p>[vc_row content_placement=&#8221;middle&#8221;][vc_column width=&#8221;1\/2&#8243;][vc_single_image image=&#8221;15656&#8243; img_size=&#8221;large&#8221; el_class=&#8221;coins-arrondis&#8221;][\/vc_column][vc_column width=&#8221;1\/2&#8243;][vc_column_text el_class=&#8221;intro&#8221;]A fun place to discover and learn about our planet, Vulcania is designed to be accessible and understandable to everyone.[\/vc_column_text][vc_column_text] From the outset, Vulcania&#8217;s commitment to welcoming people with disabilities, both individuals and groups, has taken the form of a wide range of facilities and measures. This led [&hellip;]<\/p>\n","protected":false},"author":2,"featured_media":0,"parent":0,"menu_order":0,"comment_status":"closed","ping_status":"closed","template":"","meta":{"_acf_changed":false,"_relevanssi_hide_post":"","_relevanssi_hide_content":"","_relevanssi_pin_for_all":"","_relevanssi_pin_keywords":"","_relevanssi_unpin_keywords":"","_relevanssi_related_keywords":"","_relevanssi_related_include_ids":"","_relevanssi_related_exclude_ids":"","_relevanssi_related_no_append":"","_relevanssi_related_not_related":"","_relevanssi_related_posts":"","_relevanssi_noindex_reason":"","footnotes":""},"acf":[],"yoast_head":"<!-- This site is optimized with the Yoast SEO plugin v22.9 - https:\/\/yoast.com\/wordpress\/plugins\/seo\/ -->\n<title>Tourism and Disability Label: Vulcania park accessible to all<\/title>\n<meta name=\"description\" content=\"Vulcania has been awarded the &quot;Tourism and Disability&quot; label, which facilitates access to the park for people with physical, visual, hearing or cognitive disabilities.\" \/>\n<meta name=\"robots\" content=\"index, follow, max-snippet:-1, max-image-preview:large, max-video-preview:-1\" \/>\n<link rel=\"canonical\" href=\"https:\/\/www.vulcania.com\/accessibilite\/\" \/>\n<meta property=\"og:locale\" content=\"en_US\" \/>\n<meta property=\"og:type\" content=\"article\" \/>\n<meta property=\"og:title\" content=\"Tourism and Disability Label: Vulcania park accessible to all\" \/>\n<meta property=\"og:description\" content=\"Vulcania has been awarded the &quot;Tourism and Disability&quot; label, which facilitates access to the park for people with physical, visual, hearing or cognitive disabilities.\" \/>\n<meta property=\"og:url\" content=\"https:\/\/www.vulcania.com\/accessibilite\/\" \/>\n<meta property=\"og:site_name\" content=\"Vulcania\" \/>\n<meta property=\"article:publisher\" content=\"https:\/\/www.facebook.com\/ParcVulcania\" \/>\n<meta property=\"article:modified_time\" content=\"2023-09-07T08:41:35+00:00\" \/>\n<meta property=\"og:image\" content=\"https:\/\/www.vulcania.com\/wp-content\/uploads\/2023\/03\/logo-vulcania.png\" \/>\n\t<meta property=\"og:image:width\" content=\"570\" \/>\n\t<meta property=\"og:image:height\" content=\"253\" \/>\n\t<meta property=\"og:image:type\" content=\"image\/png\" \/>\n<meta name=\"twitter:card\" content=\"summary_large_image\" \/>\n<meta name=\"twitter:site\" content=\"@parc_vulcania\" \/>\n<meta name=\"twitter:label1\" content=\"Est. reading time\" \/>\n\t<meta name=\"twitter:data1\" content=\"2 minutes\" \/>\n<script type=\"application\/ld+json\" class=\"yoast-schema-graph\">{\"@context\":\"https:\/\/schema.org\",\"@graph\":[{\"@type\":\"WebPage\",\"@id\":\"https:\/\/www.vulcania.com\/accessibilite\/\",\"url\":\"https:\/\/www.vulcania.com\/accessibilite\/\",\"name\":\"Tourism and Disability Label: Vulcania park accessible to all\",\"isPartOf\":{\"@id\":\"https:\/\/www.vulcania.com\/#website\"},\"datePublished\":\"2023-04-27T10:12:44+00:00\",\"dateModified\":\"2023-09-07T08:41:35+00:00\",\"description\":\"Vulcania has been awarded the \\\"Tourism and Disability\\\" label, which facilitates access to the park for people with physical, visual, hearing or cognitive disabilities.\",\"breadcrumb\":{\"@id\":\"https:\/\/www.vulcania.com\/accessibilite\/#breadcrumb\"},\"inLanguage\":\"en-US\",\"potentialAction\":[{\"@type\":\"ReadAction\",\"target\":[\"https:\/\/www.vulcania.com\/accessibilite\/\"]}]},{\"@type\":\"BreadcrumbList\",\"@id\":\"https:\/\/www.vulcania.com\/accessibilite\/#breadcrumb\",\"itemListElement\":[{\"@type\":\"ListItem\",\"position\":1,\"name\":\"Accueil\",\"item\":\"https:\/\/www.vulcania.com\/en\/\"},{\"@type\":\"ListItem\",\"position\":2,\"name\":\"Accessibility\"}]},{\"@type\":\"WebSite\",\"@id\":\"https:\/\/www.vulcania.com\/#website\",\"url\":\"https:\/\/www.vulcania.com\/\",\"name\":\"Vulcania\",\"description\":\"Parc \u00e0 th\u00e8me au c\u0153ur des volcans d&#039;Auvergne\",\"publisher\":{\"@id\":\"https:\/\/www.vulcania.com\/#organization\"},\"potentialAction\":[{\"@type\":\"SearchAction\",\"target\":{\"@type\":\"EntryPoint\",\"urlTemplate\":\"https:\/\/www.vulcania.com\/?s={search_term_string}\"},\"query-input\":\"required name=search_term_string\"}],\"inLanguage\":\"en-US\"},{\"@type\":\"Organization\",\"@id\":\"https:\/\/www.vulcania.com\/#organization\",\"name\":\"Vulcania\",\"url\":\"https:\/\/www.vulcania.com\/\",\"logo\":{\"@type\":\"ImageObject\",\"inLanguage\":\"en-US\",\"@id\":\"https:\/\/www.vulcania.com\/#\/schema\/logo\/image\/\",\"url\":\"https:\/\/www.vulcania.com\/wp-content\/uploads\/2023\/03\/logo-vulcania.png\",\"contentUrl\":\"https:\/\/www.vulcania.com\/wp-content\/uploads\/2023\/03\/logo-vulcania.png\",\"width\":570,\"height\":253,\"caption\":\"Vulcania\"},\"image\":{\"@id\":\"https:\/\/www.vulcania.com\/#\/schema\/logo\/image\/\"},\"sameAs\":[\"https:\/\/www.facebook.com\/ParcVulcania\",\"https:\/\/x.com\/parc_vulcania\",\"https:\/\/www.youtube.com\/user\/ParcVulcania\",\"https:\/\/www.instagram.com\/parcvulcania\/\"]}]}<\/script>\n<!-- \/ Yoast SEO plugin. -->","yoast_head_json":{"title":"Tourism and Disability Label: Vulcania park accessible to all","description":"Vulcania has been awarded the \"Tourism and Disability\" label, which facilitates access to the park for people with physical, visual, hearing or cognitive disabilities.","robots":{"index":"index","follow":"follow","max-snippet":"max-snippet:-1","max-image-preview":"max-image-preview:large","max-video-preview":"max-video-preview:-1"},"canonical":"https:\/\/www.vulcania.com\/accessibilite\/","og_locale":"en_US","og_type":"article","og_title":"Tourism and Disability Label: Vulcania park accessible to all","og_description":"Vulcania has been awarded the \"Tourism and Disability\" label, which facilitates access to the park for people with physical, visual, hearing or cognitive disabilities.","og_url":"https:\/\/www.vulcania.com\/accessibilite\/","og_site_name":"Vulcania","article_publisher":"https:\/\/www.facebook.com\/ParcVulcania","article_modified_time":"2023-09-07T08:41:35+00:00","og_image":[{"width":570,"height":253,"url":"https:\/\/www.vulcania.com\/wp-content\/uploads\/2023\/03\/logo-vulcania.png","type":"image\/png"}],"twitter_card":"summary_large_image","twitter_site":"@parc_vulcania","twitter_misc":{"Est. reading time":"2 minutes"},"schema":{"@context":"https:\/\/schema.org","@graph":[{"@type":"WebPage","@id":"https:\/\/www.vulcania.com\/accessibilite\/","url":"https:\/\/www.vulcania.com\/accessibilite\/","name":"Tourism and Disability Label: Vulcania park accessible to all","isPartOf":{"@id":"https:\/\/www.vulcania.com\/#website"},"datePublished":"2023-04-27T10:12:44+00:00","dateModified":"2023-09-07T08:41:35+00:00","description":"Vulcania has been awarded the \"Tourism and Disability\" label, which facilitates access to the park for people with physical, visual, hearing or cognitive disabilities.","breadcrumb":{"@id":"https:\/\/www.vulcania.com\/accessibilite\/#breadcrumb"},"inLanguage":"en-US","potentialAction":[{"@type":"ReadAction","target":["https:\/\/www.vulcania.com\/accessibilite\/"]}]},{"@type":"BreadcrumbList","@id":"https:\/\/www.vulcania.com\/accessibilite\/#breadcrumb","itemListElement":[{"@type":"ListItem","position":1,"name":"Accueil","item":"https:\/\/www.vulcania.com\/en\/"},{"@type":"ListItem","position":2,"name":"Accessibility"}]},{"@type":"WebSite","@id":"https:\/\/www.vulcania.com\/#website","url":"https:\/\/www.vulcania.com\/","name":"Vulcania","description":"Parc \u00e0 th\u00e8me au c\u0153ur des volcans d&#039;Auvergne","publisher":{"@id":"https:\/\/www.vulcania.com\/#organization"},"potentialAction":[{"@type":"SearchAction","target":{"@type":"EntryPoint","urlTemplate":"https:\/\/www.vulcania.com\/?s={search_term_string}"},"query-input":"required name=search_term_string"}],"inLanguage":"en-US"},{"@type":"Organization","@id":"https:\/\/www.vulcania.com\/#organization","name":"Vulcania","url":"https:\/\/www.vulcania.com\/","logo":{"@type":"ImageObject","inLanguage":"en-US","@id":"https:\/\/www.vulcania.com\/#\/schema\/logo\/image\/","url":"https:\/\/www.vulcania.com\/wp-content\/uploads\/2023\/03\/logo-vulcania.png","contentUrl":"https:\/\/www.vulcania.com\/wp-content\/uploads\/2023\/03\/logo-vulcania.png","width":570,"height":253,"caption":"Vulcania"},"image":{"@id":"https:\/\/www.vulcania.com\/#\/schema\/logo\/image\/"},"sameAs":["https:\/\/www.facebook.com\/ParcVulcania","https:\/\/x.com\/parc_vulcania","https:\/\/www.youtube.com\/user\/ParcVulcania","https:\/\/www.instagram.com\/parcvulcania\/"]}]}},"_links":{"self":[{"href":"https:\/\/www.vulcania.com\/en\/wp-json\/wp\/v2\/pages\/18281"}],"collection":[{"href":"https:\/\/www.vulcania.com\/en\/wp-json\/wp\/v2\/pages"}],"about":[{"href":"https:\/\/www.vulcania.com\/en\/wp-json\/wp\/v2\/types\/page"}],"author":[{"embeddable":true,"href":"https:\/\/www.vulcania.com\/en\/wp-json\/wp\/v2\/users\/2"}],"replies":[{"embeddable":true,"href":"https:\/\/www.vulcania.com\/en\/wp-json\/wp\/v2\/comments?post=18281"}],"version-history":[{"count":4,"href":"https:\/\/www.vulcania.com\/en\/wp-json\/wp\/v2\/pages\/18281\/revisions"}],"predecessor-version":[{"id":18302,"href":"https:\/\/www.vulcania.com\/en\/wp-json\/wp\/v2\/pages\/18281\/revisions\/18302"}],"wp:attachment":[{"href":"https:\/\/www.vulcania.com\/en\/wp-json\/wp\/v2\/media?parent=18281"}],"curies":[{"name":"wp","href":"https:\/\/api.w.org\/{rel}","templated":true}]}}