{"id":18305,"date":"2023-04-14T15:08:35","date_gmt":"2023-04-14T13:08:35","guid":{"rendered":"https:\/\/www.vulcania.com\/?page_id=18305"},"modified":"2023-08-29T15:56:04","modified_gmt":"2023-08-29T13:56:04","slug":"all-inclusive-group-rates","status":"publish","type":"page","link":"https:\/\/www.vulcania.com\/en\/all-inclusive-group-rates\/","title":{"rendered":"All-inclusive group rates"},"content":{"rendered":"<div class=\"wpb-content-wrapper\"><p>[vc_row][vc_column][vc_column_text el_class=&#8221;intro jolie-liste&#8221; css=&#8221;.vc_custom_1687510118857{margin-bottom: 15px !important;}&#8221;]<\/p>\n<p style=\"text-align: justify;\"><strong>For groups of 20 or more.<\/strong><br \/>\nLet yourself be guided and make the most of your visit while saving \u20ac4.50 per person with the &#8220;Comfort Days&#8221;.<\/p>\n<p>[\/vc_column_text][vc_btn title=&#8221;See our &#8220;\u00e0 la carte&#8220; group rates&#8221; link=&#8221;url:%2Fen%2Fa-la-carte-group-rates%2F|title:Tarifs%20Groupe%20%E2%80%9C%C3%80%20la%20carte%E2%80%9D|target:_blank&#8221; el_class=&#8221;bouton coul-1&#8243;][\/vc_column][\/vc_row][vc_row content_placement=&#8221;middle&#8221;][vc_column width=&#8221;1\/2&#8243;][vc_single_image image=&#8221;15355&#8243; img_size=&#8221;large&#8221;][\/vc_column][vc_column width=&#8221;1\/2&#8243;][vc_column_text el_class=&#8221;jolie-liste&#8221;]Discover the park&#8217;s activities, the wealth of volcanoes in Auvergne and around the world, the history of Vulcania, its unusual architecture and much more with a dedicated guide!<\/p>\n<p>Example of a day:<\/p>\n<ul>\n<li>10.00am: Arrival at Vulcania, pick-up and departure of the guided tour.<\/li>\n<li>12:30: Lunch break at l&#8217;Espace l&#8217;\u00c9clat<\/li>\n<li>2.00pm: Resumption of the guided tour<\/li>\n<li>5.00pm: End of tour and return to the bus.<\/li>\n<\/ul>\n<p>[\/vc_column_text][\/vc_column][\/vc_row][vc_row][vc_column][vc_separator el_class=&#8221;separateur&#8221;][\/vc_column][\/vc_row][vc_row][vc_column][vc_column_text css=&#8221;.vc_custom_1687510178681{margin-bottom: 15px !important;}&#8221;]<\/p>\n<h2>3 good reasons to book a &#8220;Comfort Day&#8221;:<\/h2>\n<p>[\/vc_column_text][vc_column_text el_class=&#8221;jolie-liste&#8221;]<\/p>\n<ul>\n<li>You save \u20ac4.50 per person (compared with an \u00e0 la carte booking)<\/li>\n<li>You will be taken care of on arrival, with a guided tour,<\/li>\n<li>Your meal is included and served at the table with a quality menu in a dedicated dining area.<\/li>\n<\/ul>\n<p>[\/vc_column_text][\/vc_column][\/vc_row][vc_row gap=&#8221;35&#8243;][vc_column width=&#8221;1\/2&#8243;][vc_column_text css=&#8221;.vc_custom_1687510250738{margin-bottom: 15px !important;}&#8221;]<\/p>\n<h2><strong>Comfort Day<\/strong><br \/>\n&#8220;Puy des Goules&#8221; menu at \u20ac23.00<\/h2>\n<p>[\/vc_column_text][vc_column_text]<\/p>\n<table style=\"border-collapse: collapse; width: 100%;\">\n<tbody>\n<tr>\n<th>Rates incl. VAT\/person*<\/th>\n<th class=\"vert\">Green Period<\/th>\n<th class=\"bleu\">Blue period<\/th>\n<\/tr>\n<tr>\n<td>Adult<\/td>\n<td>\u20ac53.00<\/td>\n<td>\u20ac55.50<\/td>\n<\/tr>\n<tr>\n<td>Child (12 to 16 years old)<\/td>\n<td>\u20ac48.50<\/td>\n<td>\u20ac50.50<\/td>\n<\/tr>\n<tr>\n<td>Child (6 to 11 years old)<\/td>\n<td>\u20ac39.00<\/td>\n<td>\u20ac41.00<\/td>\n<\/tr>\n<tr>\n<td>Young child (3 to 5 years old)<\/td>\n<td>\u20ac26.00<\/td>\n<td>\u20ac26.00<\/td>\n<\/tr>\n<\/tbody>\n<\/table>\n<p><em>*Prices are quoted on the basis of 10% VAT. &#8211; Children under 3 are our guests.<\/em>[\/vc_column_text][\/vc_column][vc_column width=&#8221;1\/2&#8243;][vc_column_text css=&#8221;.vc_custom_1687510257225{margin-bottom: 15px !important;}&#8221;]<\/p>\n<h2><strong>Comfort Day<\/strong><br \/>\n&#8220;Puy Pariou&#8221; menu at \u20ac26.50<\/h2>\n<p>[\/vc_column_text][vc_column_text]<\/p>\n<table style=\"border-collapse: collapse; width: 100%;\">\n<tbody>\n<tr>\n<th>Rates incl. VAT\/person*<\/th>\n<th class=\"vert\">Green Period<\/th>\n<th class=\"bleu\">Blue Period<\/th>\n<\/tr>\n<tr>\n<td>Adult<\/td>\n<td>\u20ac56.00<\/td>\n<td>\u20ac58.00<\/td>\n<\/tr>\n<tr>\n<td>Child (12 to 16 years old)<\/td>\n<td>\u20ac52.00<\/td>\n<td>\u20ac54.00<\/td>\n<\/tr>\n<tr>\n<td>Child (6 to 11 years old)<\/td>\n<td>\u20ac39.00<\/td>\n<td>\u20ac41.00<\/td>\n<\/tr>\n<tr>\n<td>Young child (3 to 5 years old)<\/td>\n<td>\u20ac26.00<\/td>\n<td>\u20ac26.00<\/td>\n<\/tr>\n<\/tbody>\n<\/table>\n<p><em>*Prices are quoted on the basis of 10% VAT. &#8211; Children under 3 are our guests.<\/em>[\/vc_column_text][\/vc_column][\/vc_row][vc_row gap=&#8221;35&#8243;][vc_column width=&#8221;1\/2&#8243;][vc_column_text css=&#8221;.vc_custom_1687510243425{margin-bottom: 15px !important;}&#8221;]<\/p>\n<h2><strong>Comfort Day<\/strong><br \/>\n&#8220;Puy de D\u00f4me&#8221; menu at \u20ac30.90<\/h2>\n<p>Kir offered[\/vc_column_text][vc_column_text]<\/p>\n<table style=\"border-collapse: collapse; width: 100%;\">\n<tbody>\n<tr>\n<th>Rates incl. VAT\/person*<\/th>\n<th class=\"vert\">Green Period<\/th>\n<th class=\"bleu\">Blue Period<\/th>\n<\/tr>\n<tr>\n<td>Adult<\/td>\n<td>\u20ac60.90<\/td>\n<td>\u20ac63.40<\/td>\n<\/tr>\n<tr>\n<td>Child (12 to 16 years old)<\/td>\n<td>\u20ac56.40<\/td>\n<td>\u20ac58.40<\/td>\n<\/tr>\n<tr>\n<td>Child (6 to 11 years old)<\/td>\n<td>\u20ac39.00<\/td>\n<td>\u20ac41.00<\/td>\n<\/tr>\n<tr>\n<td>Young child (3 to 5 years old)<\/td>\n<td>\u20ac26.00<\/td>\n<td>\u20ac26.00<\/td>\n<\/tr>\n<\/tbody>\n<\/table>\n<p><em>*Prices are quoted on the basis of 10% VAT. &#8211; Children under 3 are our guests.<\/em>[\/vc_column_text][vc_column_text]Pour conna\u00eetre les p\u00e9riodes, r\u00e9f\u00e9rez-vous au <a href=\"\/calendrier\/\" target=\"_blank\" rel=\"noopener\">calendrier d\u2019ouverture du parc.<\/a>[\/vc_column_text][\/vc_column][vc_column width=&#8221;1\/2&#8243;][vc_column_text el_class=&#8221;bloc couleur coul-1 alerte rayon&#8221;]<\/p>\n<h3>Catering information<\/h3>\n<p>The catering service will be unavailable for Ascension (from 18 to 21\/05\/2023 inclusive) then for Whitsun (from 27 to 29\/05\/2023 inclusive) then from 03\/07\/2023 to 03\/09\/2023 inclusive.[\/vc_column_text][vc_column_text el_class=&#8221;jolie-liste&#8221;]<strong>Each menu consists of:<\/strong><\/p>\n<ul>\n<li>A starter<\/li>\n<li>A hot dish<\/li>\n<li>A dessert<\/li>\n<li>Bread, wine and coffee included<\/li>\n<\/ul>\n<p><strong>Extra:<\/strong><\/p>\n<ul>\n<li>Aperitif: \u20ac2.50<\/li>\n<li>Cheese: \u20ac2.50<\/li>\n<\/ul>\n<p>[\/vc_column_text][vc_btn title=&#8221;See our menus&#8221; el_class=&#8221;bouton coul-1&#8243; link=&#8221;url:%2Fwp-content%2Fuploads%2F2023%2F04%2FVulcania-Formules-Groupes-Tout-Compris-2023.pdf|target:_blank&#8221;][\/vc_column][\/vc_row][vc_row][vc_column][vc_separator el_class=&#8221;separateur&#8221;][\/vc_column][\/vc_row][vc_row][vc_column el_class=&#8221;bloc sombre rayon&#8221;][vc_column_text el_class=&#8221;jolie-liste&#8221; css=&#8221;.vc_custom_1687511776358{margin-bottom: 15px !important;}&#8221;]<\/p>\n<h2>Book your visit<\/h2>\n<p>All group rates are subject to booking and a \u20ac15 handling fee.<\/p>\n<ul>\n<li>Contact the Reservations Department on +33(0)4 73 19 70 98 or <a href=\"mailto:reservation@vulcania.com\" target=\"_blank\" rel=\"noopener\">by e-mail<\/a>.<\/li>\n<li>Fill in the online booking form corresponding to your choice and return it to us <a href=\"mailto:reservation@vulcania.com\" target=\"_blank\" rel=\"noopener\">by e-mail<\/a> or post.<\/li>\n<\/ul>\n<p>[\/vc_column_text][vc_btn title=&#8221;Download the booking form&#8221; link=&#8221;url:%2Fwp-content%2Fuploads%2F2023%2F06%2FVulcania-Fiches-de-resa-Tout-Compris-2023.xlsx|target:_blank&#8221; el_class=&#8221;bouton coul-1&#8243;][\/vc_column][\/vc_row][vc_row][vc_column][vc_empty_space height=&#8221;30&#8243;][\/vc_column][\/vc_row]<\/p>\n<\/div>","protected":false},"excerpt":{"rendered":"<p>[vc_row][vc_column][vc_column_text el_class=&#8221;intro jolie-liste&#8221; css=&#8221;.vc_custom_1687510118857{margin-bottom: 15px !important;}&#8221;] For groups of 20 or more. Let yourself be guided and make the most of your visit while saving \u20ac4.50 per person with the &#8220;Comfort Days&#8221;. [\/vc_column_text][vc_btn title=&#8221;See our &#8220;\u00e0 la carte&#8220; group rates&#8221; link=&#8221;url:%2Fen%2Fa-la-carte-group-rates%2F|title:Tarifs%20Groupe%20%E2%80%9C%C3%80%20la%20carte%E2%80%9D|target:_blank&#8221; el_class=&#8221;bouton coul-1&#8243;][\/vc_column][\/vc_row][vc_row content_placement=&#8221;middle&#8221;][vc_column width=&#8221;1\/2&#8243;][vc_single_image image=&#8221;15355&#8243; img_size=&#8221;large&#8221;][\/vc_column][vc_column width=&#8221;1\/2&#8243;][vc_column_text el_class=&#8221;jolie-liste&#8221;]Discover the park&#8217;s activities, the wealth of [&hellip;]<\/p>\n","protected":false},"author":2,"featured_media":0,"parent":0,"menu_order":0,"comment_status":"closed","ping_status":"closed","template":"","meta":{"_acf_changed":false,"_relevanssi_hide_post":"","_relevanssi_hide_content":"","_relevanssi_pin_for_all":"","_relevanssi_pin_keywords":"","_relevanssi_unpin_keywords":"","_relevanssi_related_keywords":"","_relevanssi_related_include_ids":"","_relevanssi_related_exclude_ids":"","_relevanssi_related_no_append":"","_relevanssi_related_not_related":"","_relevanssi_related_posts":"","_relevanssi_noindex_reason":"","footnotes":""},"acf":[],"yoast_head":"<!-- This site is optimized with the Yoast SEO plugin v22.9 - https:\/\/yoast.com\/wordpress\/plugins\/seo\/ -->\n<title>All-inclusive group rates - Vulcania<\/title>\n<meta name=\"robots\" content=\"index, follow, max-snippet:-1, max-image-preview:large, max-video-preview:-1\" \/>\n<link rel=\"canonical\" href=\"https:\/\/www.vulcania.com\/tarifs-groupe-tout-compris\/\" \/>\n<meta property=\"og:locale\" content=\"en_US\" \/>\n<meta property=\"og:type\" content=\"article\" \/>\n<meta property=\"og:title\" content=\"All-inclusive group rates - Vulcania\" \/>\n<meta property=\"og:description\" content=\"[vc_row][vc_column][vc_column_text el_class=&#8221;intro jolie-liste&#8221; css=&#8221;.vc_custom_1687510118857{margin-bottom: 15px !important;}&#8221;] For groups of 20 or more. Let yourself be guided and make the most of your visit while saving \u20ac4.50 per person with the &#8220;Comfort Days&#8221;. [\/vc_column_text][vc_btn title=&#8221;See our &#8220;\u00e0 la carte&#8220; group rates&#8221; link=&#8221;url:%2Fen%2Fa-la-carte-group-rates%2F|title:Tarifs%20Groupe%20%E2%80%9C%C3%80%20la%20carte%E2%80%9D|target:_blank&#8221; el_class=&#8221;bouton coul-1&#8243;][\/vc_column][\/vc_row][vc_row content_placement=&#8221;middle&#8221;][vc_column width=&#8221;1\/2&#8243;][vc_single_image image=&#8221;15355&#8243; img_size=&#8221;large&#8221;][\/vc_column][vc_column width=&#8221;1\/2&#8243;][vc_column_text el_class=&#8221;jolie-liste&#8221;]Discover the park&#8217;s activities, the wealth of [&hellip;]\" \/>\n<meta property=\"og:url\" content=\"https:\/\/www.vulcania.com\/tarifs-groupe-tout-compris\/\" \/>\n<meta property=\"og:site_name\" content=\"Vulcania\" \/>\n<meta property=\"article:publisher\" content=\"https:\/\/www.facebook.com\/ParcVulcania\" \/>\n<meta property=\"article:modified_time\" content=\"2023-08-29T13:56:04+00:00\" \/>\n<meta property=\"og:image\" content=\"https:\/\/www.vulcania.com\/wp-content\/uploads\/2023\/03\/logo-vulcania.png\" \/>\n\t<meta property=\"og:image:width\" content=\"570\" \/>\n\t<meta property=\"og:image:height\" content=\"253\" \/>\n\t<meta property=\"og:image:type\" content=\"image\/png\" \/>\n<meta name=\"twitter:card\" content=\"summary_large_image\" \/>\n<meta name=\"twitter:site\" content=\"@parc_vulcania\" \/>\n<meta name=\"twitter:label1\" content=\"Est. reading time\" \/>\n\t<meta name=\"twitter:data1\" content=\"3 minutes\" \/>\n<script type=\"application\/ld+json\" class=\"yoast-schema-graph\">{\"@context\":\"https:\/\/schema.org\",\"@graph\":[{\"@type\":\"WebPage\",\"@id\":\"https:\/\/www.vulcania.com\/tarifs-groupe-tout-compris\/\",\"url\":\"https:\/\/www.vulcania.com\/tarifs-groupe-tout-compris\/\",\"name\":\"All-inclusive group rates - Vulcania\",\"isPartOf\":{\"@id\":\"https:\/\/www.vulcania.com\/#website\"},\"datePublished\":\"2023-04-14T13:08:35+00:00\",\"dateModified\":\"2023-08-29T13:56:04+00:00\",\"breadcrumb\":{\"@id\":\"https:\/\/www.vulcania.com\/tarifs-groupe-tout-compris\/#breadcrumb\"},\"inLanguage\":\"en-US\",\"potentialAction\":[{\"@type\":\"ReadAction\",\"target\":[\"https:\/\/www.vulcania.com\/tarifs-groupe-tout-compris\/\"]}]},{\"@type\":\"BreadcrumbList\",\"@id\":\"https:\/\/www.vulcania.com\/tarifs-groupe-tout-compris\/#breadcrumb\",\"itemListElement\":[{\"@type\":\"ListItem\",\"position\":1,\"name\":\"Accueil\",\"item\":\"https:\/\/www.vulcania.com\/en\/\"},{\"@type\":\"ListItem\",\"position\":2,\"name\":\"All-inclusive group rates\"}]},{\"@type\":\"WebSite\",\"@id\":\"https:\/\/www.vulcania.com\/#website\",\"url\":\"https:\/\/www.vulcania.com\/\",\"name\":\"Vulcania\",\"description\":\"Parc \u00e0 th\u00e8me au c\u0153ur des volcans d&#039;Auvergne\",\"publisher\":{\"@id\":\"https:\/\/www.vulcania.com\/#organization\"},\"potentialAction\":[{\"@type\":\"SearchAction\",\"target\":{\"@type\":\"EntryPoint\",\"urlTemplate\":\"https:\/\/www.vulcania.com\/?s={search_term_string}\"},\"query-input\":\"required name=search_term_string\"}],\"inLanguage\":\"en-US\"},{\"@type\":\"Organization\",\"@id\":\"https:\/\/www.vulcania.com\/#organization\",\"name\":\"Vulcania\",\"url\":\"https:\/\/www.vulcania.com\/\",\"logo\":{\"@type\":\"ImageObject\",\"inLanguage\":\"en-US\",\"@id\":\"https:\/\/www.vulcania.com\/#\/schema\/logo\/image\/\",\"url\":\"https:\/\/www.vulcania.com\/wp-content\/uploads\/2023\/03\/logo-vulcania.png\",\"contentUrl\":\"https:\/\/www.vulcania.com\/wp-content\/uploads\/2023\/03\/logo-vulcania.png\",\"width\":570,\"height\":253,\"caption\":\"Vulcania\"},\"image\":{\"@id\":\"https:\/\/www.vulcania.com\/#\/schema\/logo\/image\/\"},\"sameAs\":[\"https:\/\/www.facebook.com\/ParcVulcania\",\"https:\/\/x.com\/parc_vulcania\",\"https:\/\/www.youtube.com\/user\/ParcVulcania\",\"https:\/\/www.instagram.com\/parcvulcania\/\"]}]}<\/script>\n<!-- \/ Yoast SEO plugin. -->","yoast_head_json":{"title":"All-inclusive group rates - Vulcania","robots":{"index":"index","follow":"follow","max-snippet":"max-snippet:-1","max-image-preview":"max-image-preview:large","max-video-preview":"max-video-preview:-1"},"canonical":"https:\/\/www.vulcania.com\/tarifs-groupe-tout-compris\/","og_locale":"en_US","og_type":"article","og_title":"All-inclusive group rates - Vulcania","og_description":"[vc_row][vc_column][vc_column_text el_class=&#8221;intro jolie-liste&#8221; css=&#8221;.vc_custom_1687510118857{margin-bottom: 15px !important;}&#8221;] For groups of 20 or more. Let yourself be guided and make the most of your visit while saving \u20ac4.50 per person with the &#8220;Comfort Days&#8221;. [\/vc_column_text][vc_btn title=&#8221;See our &#8220;\u00e0 la carte&#8220; group rates&#8221; link=&#8221;url:%2Fen%2Fa-la-carte-group-rates%2F|title:Tarifs%20Groupe%20%E2%80%9C%C3%80%20la%20carte%E2%80%9D|target:_blank&#8221; el_class=&#8221;bouton coul-1&#8243;][\/vc_column][\/vc_row][vc_row content_placement=&#8221;middle&#8221;][vc_column width=&#8221;1\/2&#8243;][vc_single_image image=&#8221;15355&#8243; img_size=&#8221;large&#8221;][\/vc_column][vc_column width=&#8221;1\/2&#8243;][vc_column_text el_class=&#8221;jolie-liste&#8221;]Discover the park&#8217;s activities, the wealth of [&hellip;]","og_url":"https:\/\/www.vulcania.com\/tarifs-groupe-tout-compris\/","og_site_name":"Vulcania","article_publisher":"https:\/\/www.facebook.com\/ParcVulcania","article_modified_time":"2023-08-29T13:56:04+00:00","og_image":[{"width":570,"height":253,"url":"https:\/\/www.vulcania.com\/wp-content\/uploads\/2023\/03\/logo-vulcania.png","type":"image\/png"}],"twitter_card":"summary_large_image","twitter_site":"@parc_vulcania","twitter_misc":{"Est. reading time":"3 minutes"},"schema":{"@context":"https:\/\/schema.org","@graph":[{"@type":"WebPage","@id":"https:\/\/www.vulcania.com\/tarifs-groupe-tout-compris\/","url":"https:\/\/www.vulcania.com\/tarifs-groupe-tout-compris\/","name":"All-inclusive group rates - Vulcania","isPartOf":{"@id":"https:\/\/www.vulcania.com\/#website"},"datePublished":"2023-04-14T13:08:35+00:00","dateModified":"2023-08-29T13:56:04+00:00","breadcrumb":{"@id":"https:\/\/www.vulcania.com\/tarifs-groupe-tout-compris\/#breadcrumb"},"inLanguage":"en-US","potentialAction":[{"@type":"ReadAction","target":["https:\/\/www.vulcania.com\/tarifs-groupe-tout-compris\/"]}]},{"@type":"BreadcrumbList","@id":"https:\/\/www.vulcania.com\/tarifs-groupe-tout-compris\/#breadcrumb","itemListElement":[{"@type":"ListItem","position":1,"name":"Accueil","item":"https:\/\/www.vulcania.com\/en\/"},{"@type":"ListItem","position":2,"name":"All-inclusive group rates"}]},{"@type":"WebSite","@id":"https:\/\/www.vulcania.com\/#website","url":"https:\/\/www.vulcania.com\/","name":"Vulcania","description":"Parc \u00e0 th\u00e8me au c\u0153ur des volcans d&#039;Auvergne","publisher":{"@id":"https:\/\/www.vulcania.com\/#organization"},"potentialAction":[{"@type":"SearchAction","target":{"@type":"EntryPoint","urlTemplate":"https:\/\/www.vulcania.com\/?s={search_term_string}"},"query-input":"required name=search_term_string"}],"inLanguage":"en-US"},{"@type":"Organization","@id":"https:\/\/www.vulcania.com\/#organization","name":"Vulcania","url":"https:\/\/www.vulcania.com\/","logo":{"@type":"ImageObject","inLanguage":"en-US","@id":"https:\/\/www.vulcania.com\/#\/schema\/logo\/image\/","url":"https:\/\/www.vulcania.com\/wp-content\/uploads\/2023\/03\/logo-vulcania.png","contentUrl":"https:\/\/www.vulcania.com\/wp-content\/uploads\/2023\/03\/logo-vulcania.png","width":570,"height":253,"caption":"Vulcania"},"image":{"@id":"https:\/\/www.vulcania.com\/#\/schema\/logo\/image\/"},"sameAs":["https:\/\/www.facebook.com\/ParcVulcania","https:\/\/x.com\/parc_vulcania","https:\/\/www.youtube.com\/user\/ParcVulcania","https:\/\/www.instagram.com\/parcvulcania\/"]}]}},"_links":{"self":[{"href":"https:\/\/www.vulcania.com\/en\/wp-json\/wp\/v2\/pages\/18305"}],"collection":[{"href":"https:\/\/www.vulcania.com\/en\/wp-json\/wp\/v2\/pages"}],"about":[{"href":"https:\/\/www.vulcania.com\/en\/wp-json\/wp\/v2\/types\/page"}],"author":[{"embeddable":true,"href":"https:\/\/www.vulcania.com\/en\/wp-json\/wp\/v2\/users\/2"}],"replies":[{"embeddable":true,"href":"https:\/\/www.vulcania.com\/en\/wp-json\/wp\/v2\/comments?post=18305"}],"version-history":[{"count":10,"href":"https:\/\/www.vulcania.com\/en\/wp-json\/wp\/v2\/pages\/18305\/revisions"}],"predecessor-version":[{"id":19515,"href":"https:\/\/www.vulcania.com\/en\/wp-json\/wp\/v2\/pages\/18305\/revisions\/19515"}],"wp:attachment":[{"href":"https:\/\/www.vulcania.com\/en\/wp-json\/wp\/v2\/media?parent=18305"}],"curies":[{"name":"wp","href":"https:\/\/api.w.org\/{rel}","templated":true}]}}