{"id":18477,"date":"2023-06-12T12:28:30","date_gmt":"2023-06-12T10:28:30","guid":{"rendered":"https:\/\/www.vulcania.com\/?page_id=18477"},"modified":"2023-09-07T10:40:32","modified_gmt":"2023-09-07T08:40:32","slug":"vulcania-media-reviews","status":"publish","type":"page","link":"https:\/\/www.vulcania.com\/en\/vulcania-media-reviews\/","title":{"rendered":"Vulcania\u2019s media reviews !"},"content":{"rendered":"<div class=\"wpb-content-wrapper\"><p>[vc_row][vc_column width=&#8221;1\/2&#8243;][vc_single_image image=&#8221;17064&#8243; img_size=&#8221;&#8221; el_class=&#8221;coins-arrondis&#8221;][\/vc_column][vc_column width=&#8221;1\/2&#8243;][vc_column_text el_class=&#8221;intro&#8221;]Now a key place to visit\/a must see in Auvergne,\u00a0the exploration park Vulcania\u00a0is frequently mentioned in media. Considered as an educational and playful activity for all the family ! If you\u2019re currently planning a visit in our park, and you are seeking for feedbacks or\u00a0opinions on Vulcania, this selection is made for you.[\/vc_column_text][vc_column_text el_class=&#8221;intro&#8221;]Tripadvisor classifications,\u00a0<strong>Lonely Planet and Familiscope<\/strong> : get opinions of 3 specialized media in tourism and\u00a0family activities at Vulcania![\/vc_column_text][\/vc_column][\/vc_row][vc_row][vc_column][vc_column_text]<\/p>\n<h2>Vulcania in <strong>Lonely Planet<\/strong> classification<\/h2>\n<p>[\/vc_column_text][vc_column_text]Lonely Planet stands through the biggest publishers of french guides with advice on touristic activities all over the world.<\/p>\n<p>On the publisher\u2019s website, Vulcania is mentioned as the first activity to do during a\u00a0<a href=\"https:\/\/www.lonelyplanet.fr\/article\/itineraire-pour-un-long-week-end-en-auvergne\">long week-end in Auvergne<\/a>. The park is recognized as an excellent start to discover Auvergne and more precisely the natural regional park of Auvergne volcanoes.<\/p>\n<p>Lonely Planet mentions Vulcania as a must do\u00a0<a href=\"https:\/\/www.lonelyplanet.fr\/destinations\/france\/auvergne\/avec-des-enfants\">activity to do with kids<\/a> in Auvergne into &#8220;<strong>Museum and educational amusement park<\/strong>&#8221; and &#8220;<strong>Top of amusement park&#8221;<\/strong>\u00a0categories. The park is considered being a good introduction to volcanism and an essential\/major activity in Auvergne.[\/vc_column_text][\/vc_column][\/vc_row][vc_row][vc_column][vc_empty_space height=&#8221;30&#8243;][\/vc_column][\/vc_row][vc_row][vc_column][vc_column_text]<\/p>\n<h2>Vulcania\u2019s reviews on <strong>Familiscope<\/strong><\/h2>\n<p>[\/vc_column_text][vc_column_text]<a href=\"https:\/\/www.familiscope.fr\/sorties-famille\/parcs-de-loisirs\/vulcania\/\">Familiscope<\/a> is a website which gives advice on activities to do as a family everywhere in France. The media\u2019s specificity? Its &#8220;testing-parents&#8221; who give trustable opinions on tested activities. The website reports all age children opinions too, which seems to be very useful to choose activities to do with siblings.<\/p>\n<p>Here, the\u00a0<strong>opinions about Vulcania<\/strong>\u00a0are excellent with a 3.3\/4 average rate and more than 20 listed opinions.*<\/p>\n<p>On the web page dedicated to the exploration park, Familiscope considers Vulcania as the\u00a0<strong>biggest amusement park around the theme of volcanoes and natural phenomena<\/strong>. The park is mentioned to be an ideal activity for children\u00a0<strong>from<\/strong>\u00a0<strong>6 years old<\/strong>, in order to have a sensational and discovering day in an outstanding natural place.[\/vc_column_text][\/vc_column][\/vc_row][vc_row][vc_column][vc_empty_space height=&#8221;30&#8243;][\/vc_column][\/vc_row][vc_row][vc_column][vc_column_text]<\/p>\n<h2>Vulcania\u2019s reviews on<strong> Tripadvisor<\/strong><\/h2>\n<p>[\/vc_column_text][vc_column_text]With more than 3000 opinions given by website users (with 60% &#8220;excellent&#8221; and &#8220;very good&#8221;)*,<strong>\u00a0Tripadvisor<\/strong>,\u00a0 the well-known advice website on touristic activities\u00a0<strong>ranks Vulcania 34th out of 500 in the<a href=\"https:\/\/www.tripadvisor.fr\/Attractions-g187070-Activities-c52-oa30-France.html\">\u00a0French amusement park classification<\/a><\/strong> ! An interesting ranking knowing that Vulcania is first of all an exploration park to learn while having fun about volcanoes and natural phenomena, before being an amusement park.[\/vc_column_text][vc_column_text]<em>*Based on data collected in 2022 on mentioned websites.<\/em>[\/vc_column_text][vc_empty_space height=&#8221;60&#8243;][\/vc_column][\/vc_row]<\/p>\n<\/div>","protected":false},"excerpt":{"rendered":"<p>[vc_row][vc_column width=&#8221;1\/2&#8243;][vc_single_image image=&#8221;17064&#8243; img_size=&#8221;&#8221; el_class=&#8221;coins-arrondis&#8221;][\/vc_column][vc_column width=&#8221;1\/2&#8243;][vc_column_text el_class=&#8221;intro&#8221;]Now a key place to visit\/a must see in Auvergne,\u00a0the exploration park Vulcania\u00a0is frequently mentioned in media. Considered as an educational and playful activity for all the family ! If you\u2019re currently planning a visit in our park, and you are seeking for feedbacks or\u00a0opinions on Vulcania, this selection [&hellip;]<\/p>\n","protected":false},"author":2,"featured_media":0,"parent":0,"menu_order":0,"comment_status":"closed","ping_status":"closed","template":"","meta":{"_acf_changed":false,"_relevanssi_hide_post":"","_relevanssi_hide_content":"","_relevanssi_pin_for_all":"","_relevanssi_pin_keywords":"","_relevanssi_unpin_keywords":"","_relevanssi_related_keywords":"","_relevanssi_related_include_ids":"","_relevanssi_related_exclude_ids":"","_relevanssi_related_no_append":"","_relevanssi_related_not_related":"","_relevanssi_related_posts":"","_relevanssi_noindex_reason":"","footnotes":""},"acf":[],"yoast_head":"<!-- This site is optimized with the Yoast SEO plugin v22.9 - https:\/\/yoast.com\/wordpress\/plugins\/seo\/ -->\n<title>Reviews of Vulcania in the media - Vulcania<\/title>\n<meta name=\"description\" content=\"Find out what the media have to say about the Vulcania theme park. Feedback to help you prepare for your visit to the exploration park.\" \/>\n<meta name=\"robots\" content=\"index, follow, max-snippet:-1, max-image-preview:large, max-video-preview:-1\" \/>\n<link rel=\"canonical\" href=\"https:\/\/www.vulcania.com\/en\/vulcania-media-reviews\/\" \/>\n<meta property=\"og:locale\" content=\"en_US\" \/>\n<meta property=\"og:type\" content=\"article\" \/>\n<meta property=\"og:title\" content=\"Reviews of Vulcania in the media - Vulcania\" \/>\n<meta property=\"og:description\" content=\"Find out what the media have to say about the Vulcania theme park. Feedback to help you prepare for your visit to the exploration park.\" \/>\n<meta property=\"og:url\" content=\"https:\/\/www.vulcania.com\/en\/vulcania-media-reviews\/\" \/>\n<meta property=\"og:site_name\" content=\"Vulcania\" \/>\n<meta property=\"article:publisher\" content=\"https:\/\/www.facebook.com\/ParcVulcania\" \/>\n<meta property=\"article:modified_time\" content=\"2023-09-07T08:40:32+00:00\" \/>\n<meta property=\"og:image\" content=\"https:\/\/www.vulcania.com\/wp-content\/uploads\/2023\/03\/logo-vulcania.png\" \/>\n\t<meta property=\"og:image:width\" content=\"570\" \/>\n\t<meta property=\"og:image:height\" content=\"253\" \/>\n\t<meta property=\"og:image:type\" content=\"image\/png\" \/>\n<meta name=\"twitter:card\" content=\"summary_large_image\" \/>\n<meta name=\"twitter:site\" content=\"@parc_vulcania\" \/>\n<meta name=\"twitter:label1\" content=\"Est. reading time\" \/>\n\t<meta name=\"twitter:data1\" content=\"3 minutes\" \/>\n<script type=\"application\/ld+json\" class=\"yoast-schema-graph\">{\"@context\":\"https:\/\/schema.org\",\"@graph\":[{\"@type\":\"WebPage\",\"@id\":\"https:\/\/www.vulcania.com\/en\/vulcania-media-reviews\/\",\"url\":\"https:\/\/www.vulcania.com\/en\/vulcania-media-reviews\/\",\"name\":\"Reviews of Vulcania in the media - Vulcania\",\"isPartOf\":{\"@id\":\"https:\/\/www.vulcania.com\/#website\"},\"datePublished\":\"2023-06-12T10:28:30+00:00\",\"dateModified\":\"2023-09-07T08:40:32+00:00\",\"description\":\"Find out what the media have to say about the Vulcania theme park. Feedback to help you prepare for your visit to the exploration park.\",\"breadcrumb\":{\"@id\":\"https:\/\/www.vulcania.com\/en\/vulcania-media-reviews\/#breadcrumb\"},\"inLanguage\":\"en-US\",\"potentialAction\":[{\"@type\":\"ReadAction\",\"target\":[\"https:\/\/www.vulcania.com\/en\/vulcania-media-reviews\/\"]}]},{\"@type\":\"BreadcrumbList\",\"@id\":\"https:\/\/www.vulcania.com\/en\/vulcania-media-reviews\/#breadcrumb\",\"itemListElement\":[{\"@type\":\"ListItem\",\"position\":1,\"name\":\"Accueil\",\"item\":\"https:\/\/www.vulcania.com\/en\/\"},{\"@type\":\"ListItem\",\"position\":2,\"name\":\"Vulcania\u2019s media reviews !\"}]},{\"@type\":\"WebSite\",\"@id\":\"https:\/\/www.vulcania.com\/#website\",\"url\":\"https:\/\/www.vulcania.com\/\",\"name\":\"Vulcania\",\"description\":\"Parc \u00e0 th\u00e8me au c\u0153ur des volcans d&#039;Auvergne\",\"publisher\":{\"@id\":\"https:\/\/www.vulcania.com\/#organization\"},\"potentialAction\":[{\"@type\":\"SearchAction\",\"target\":{\"@type\":\"EntryPoint\",\"urlTemplate\":\"https:\/\/www.vulcania.com\/?s={search_term_string}\"},\"query-input\":\"required name=search_term_string\"}],\"inLanguage\":\"en-US\"},{\"@type\":\"Organization\",\"@id\":\"https:\/\/www.vulcania.com\/#organization\",\"name\":\"Vulcania\",\"url\":\"https:\/\/www.vulcania.com\/\",\"logo\":{\"@type\":\"ImageObject\",\"inLanguage\":\"en-US\",\"@id\":\"https:\/\/www.vulcania.com\/#\/schema\/logo\/image\/\",\"url\":\"https:\/\/www.vulcania.com\/wp-content\/uploads\/2023\/03\/logo-vulcania.png\",\"contentUrl\":\"https:\/\/www.vulcania.com\/wp-content\/uploads\/2023\/03\/logo-vulcania.png\",\"width\":570,\"height\":253,\"caption\":\"Vulcania\"},\"image\":{\"@id\":\"https:\/\/www.vulcania.com\/#\/schema\/logo\/image\/\"},\"sameAs\":[\"https:\/\/www.facebook.com\/ParcVulcania\",\"https:\/\/x.com\/parc_vulcania\",\"https:\/\/www.youtube.com\/user\/ParcVulcania\",\"https:\/\/www.instagram.com\/parcvulcania\/\"]}]}<\/script>\n<!-- \/ Yoast SEO plugin. -->","yoast_head_json":{"title":"Reviews of Vulcania in the media - Vulcania","description":"Find out what the media have to say about the Vulcania theme park. Feedback to help you prepare for your visit to the exploration park.","robots":{"index":"index","follow":"follow","max-snippet":"max-snippet:-1","max-image-preview":"max-image-preview:large","max-video-preview":"max-video-preview:-1"},"canonical":"https:\/\/www.vulcania.com\/en\/vulcania-media-reviews\/","og_locale":"en_US","og_type":"article","og_title":"Reviews of Vulcania in the media - Vulcania","og_description":"Find out what the media have to say about the Vulcania theme park. Feedback to help you prepare for your visit to the exploration park.","og_url":"https:\/\/www.vulcania.com\/en\/vulcania-media-reviews\/","og_site_name":"Vulcania","article_publisher":"https:\/\/www.facebook.com\/ParcVulcania","article_modified_time":"2023-09-07T08:40:32+00:00","og_image":[{"width":570,"height":253,"url":"https:\/\/www.vulcania.com\/wp-content\/uploads\/2023\/03\/logo-vulcania.png","type":"image\/png"}],"twitter_card":"summary_large_image","twitter_site":"@parc_vulcania","twitter_misc":{"Est. reading time":"3 minutes"},"schema":{"@context":"https:\/\/schema.org","@graph":[{"@type":"WebPage","@id":"https:\/\/www.vulcania.com\/en\/vulcania-media-reviews\/","url":"https:\/\/www.vulcania.com\/en\/vulcania-media-reviews\/","name":"Reviews of Vulcania in the media - Vulcania","isPartOf":{"@id":"https:\/\/www.vulcania.com\/#website"},"datePublished":"2023-06-12T10:28:30+00:00","dateModified":"2023-09-07T08:40:32+00:00","description":"Find out what the media have to say about the Vulcania theme park. Feedback to help you prepare for your visit to the exploration park.","breadcrumb":{"@id":"https:\/\/www.vulcania.com\/en\/vulcania-media-reviews\/#breadcrumb"},"inLanguage":"en-US","potentialAction":[{"@type":"ReadAction","target":["https:\/\/www.vulcania.com\/en\/vulcania-media-reviews\/"]}]},{"@type":"BreadcrumbList","@id":"https:\/\/www.vulcania.com\/en\/vulcania-media-reviews\/#breadcrumb","itemListElement":[{"@type":"ListItem","position":1,"name":"Accueil","item":"https:\/\/www.vulcania.com\/en\/"},{"@type":"ListItem","position":2,"name":"Vulcania\u2019s media reviews !"}]},{"@type":"WebSite","@id":"https:\/\/www.vulcania.com\/#website","url":"https:\/\/www.vulcania.com\/","name":"Vulcania","description":"Parc \u00e0 th\u00e8me au c\u0153ur des volcans d&#039;Auvergne","publisher":{"@id":"https:\/\/www.vulcania.com\/#organization"},"potentialAction":[{"@type":"SearchAction","target":{"@type":"EntryPoint","urlTemplate":"https:\/\/www.vulcania.com\/?s={search_term_string}"},"query-input":"required name=search_term_string"}],"inLanguage":"en-US"},{"@type":"Organization","@id":"https:\/\/www.vulcania.com\/#organization","name":"Vulcania","url":"https:\/\/www.vulcania.com\/","logo":{"@type":"ImageObject","inLanguage":"en-US","@id":"https:\/\/www.vulcania.com\/#\/schema\/logo\/image\/","url":"https:\/\/www.vulcania.com\/wp-content\/uploads\/2023\/03\/logo-vulcania.png","contentUrl":"https:\/\/www.vulcania.com\/wp-content\/uploads\/2023\/03\/logo-vulcania.png","width":570,"height":253,"caption":"Vulcania"},"image":{"@id":"https:\/\/www.vulcania.com\/#\/schema\/logo\/image\/"},"sameAs":["https:\/\/www.facebook.com\/ParcVulcania","https:\/\/x.com\/parc_vulcania","https:\/\/www.youtube.com\/user\/ParcVulcania","https:\/\/www.instagram.com\/parcvulcania\/"]}]}},"_links":{"self":[{"href":"https:\/\/www.vulcania.com\/en\/wp-json\/wp\/v2\/pages\/18477"}],"collection":[{"href":"https:\/\/www.vulcania.com\/en\/wp-json\/wp\/v2\/pages"}],"about":[{"href":"https:\/\/www.vulcania.com\/en\/wp-json\/wp\/v2\/types\/page"}],"author":[{"embeddable":true,"href":"https:\/\/www.vulcania.com\/en\/wp-json\/wp\/v2\/users\/2"}],"replies":[{"embeddable":true,"href":"https:\/\/www.vulcania.com\/en\/wp-json\/wp\/v2\/comments?post=18477"}],"version-history":[{"count":2,"href":"https:\/\/www.vulcania.com\/en\/wp-json\/wp\/v2\/pages\/18477\/revisions"}],"predecessor-version":[{"id":18479,"href":"https:\/\/www.vulcania.com\/en\/wp-json\/wp\/v2\/pages\/18477\/revisions\/18479"}],"wp:attachment":[{"href":"https:\/\/www.vulcania.com\/en\/wp-json\/wp\/v2\/media?parent=18477"}],"curies":[{"name":"wp","href":"https:\/\/api.w.org\/{rel}","templated":true}]}}