{"id":18481,"date":"2023-04-24T10:06:18","date_gmt":"2023-04-24T08:06:18","guid":{"rendered":"https:\/\/www.vulcania.com\/?page_id=18481"},"modified":"2025-11-20T09:44:55","modified_gmt":"2025-11-20T08:44:55","slug":"dated-ticket","status":"publish","type":"page","link":"https:\/\/www.vulcania.com\/en\/dated-ticket\/","title":{"rendered":"Dated ticket"},"content":{"rendered":"<div class=\"wpb-content-wrapper\"><p>[vc_row][vc_column width=&#8221;5\/6&#8243;][vc_column_text css=&#8221;.vc_custom_1763628260107{margin-bottom: 30px !important;}&#8221; el_class=&#8221;intro&#8221;]<\/p>\n<p style=\"text-align: justify;\">See the prices for an individual visit in 2026 from 25 March to 1 November.<\/p>\n<p>[\/vc_column_text][vc_column_text css=&#8221;&#8221; el_class=&#8221;bloc sombre annonce&#8221;]<strong>Vulcania is closed from 3 November 2025 to 24 March 2026 included. Entry tickets for the 2026 season will soon be available.<\/strong>[\/vc_column_text][\/vc_column][vc_column width=&#8221;1\/6&#8243;][vc_column_text css=&#8221;.vc_custom_1697441188011{margin-bottom: 30px !important;}&#8221; el_class=&#8221;sticker sombre&#8221;]ONLINE<br \/>\nAND ON SITE[\/vc_column_text][\/vc_column][\/vc_row][vc_row][vc_column][vc_empty_space height=&#8221;30&#8243;][\/vc_column][\/vc_row][vc_row][vc_column width=&#8221;1\/2&#8243;][vc_column_text]<\/p>\n<h3>Prices<\/h3>\n<p>[\/vc_column_text][vc_column_text css=&#8221;&#8221; el_class=&#8221;tableau-mobile&#8221;]<\/p>\n<div class=\"wpb_text_column wpb_content_element tableau-mobile\">\n<div class=\"wpb_wrapper\">\n<table style=\"width: 99.0468%;\">\n<tbody>\n<tr>\n<th style=\"width: 25.1981%;\">Prices inc. VAT\/person*<\/th>\n<th class=\"vert\" style=\"width: 21.0777%;\">Green period<\/th>\n<th class=\"bleu\" style=\"width: 21.0777%;\">Blue period<\/th>\n<th class=\"jaune\" style=\"width: 21.2361%;\">Yellow period<\/th>\n<th style=\"width: 102.219%;\">\n<p style=\"color: #857ebd;\">Purple period<\/p>\n<\/th>\n<\/tr>\n<tr>\n<td style=\"width: 25.1981%;\">Adult<\/td>\n<td style=\"width: 21.0777%;\">\u20ac28.00<\/td>\n<td style=\"width: 21.0777%;\">\u20ac31.50<\/td>\n<td style=\"width: 123.455%; text-align: center;\" colspan=\"2\">\u20ac33.00<\/td>\n<\/tr>\n<tr>\n<td style=\"width: 25.1981%;\">Child<br \/>\n(6 to 16 years old)<\/td>\n<td style=\"width: 21.0777%;\">\u20ac23.00<\/td>\n<td style=\"width: 21.0777%;\">\u20ac26.50<\/td>\n<td style=\"width: 123.455%; text-align: center;\" colspan=\"2\">\u20ac27.50<\/td>\n<\/tr>\n<tr>\n<td style=\"width: 25.1981%;\">Yougn child<br \/>\n(3 to 5 years old)<\/td>\n<td style=\"width: 21.0777%;\">\u20ac7.50<\/td>\n<td style=\"width: 21.0777%;\">\u20ac8.50<\/td>\n<td style=\"width: 123.455%; text-align: center;\" colspan=\"2\">\u20ac9.50<\/td>\n<\/tr>\n<\/tbody>\n<\/table>\n<\/div>\n<\/div>\n<p>[\/vc_column_text][vc_column_text css=&#8221;&#8221; el_class=&#8221;legende_calendrier petit&#8221;]<em>*Prices include 10% of VAT. &#8211; Kids younger than 3 years old are our guests.<br \/>\n<\/em>Information on the <a href=\"\/en\/right-of-withdrawal\/\" target=\"_blank\" rel=\"noopener\">right of withdrawal and method of payment<\/a><em><br \/>\n<\/em><\/p>\n<ul>\n<li class=\"periode-verte\"><strong>Green Period<\/strong><br \/>\nLow season<\/li>\n<li class=\"periode-bleue\"><strong>Blue Period<\/strong><br \/>\nFrench school holidays and weekends with Fren bank holodays<\/li>\n<li class=\"periode-jaune\"><strong>Yellow Period<\/strong><br \/>\nSpecial events and attractions opened in the evening<\/li>\n<\/ul>\n<p><img decoding=\"async\" class=\"alignnone wp-image-20891\" src=\"https:\/\/www.vulcania.com\/wp-content\/uploads\/2024\/01\/periode-violette.png\" alt=\"\" width=\"25\" height=\"25\" \/> <strong>Purple period<\/strong><br \/>\n&#8220;Astronomiales&#8221; evenings[\/vc_column_text][\/vc_column][vc_column width=&#8221;1\/2&#8243;][vc_column_text el_class=&#8221;bloc contour solide calendrier&#8221;]To find out the applicable periods, refer to\u00a0<a href=\"https:\/\/www.vulcania.com\/en\/calendar\/\" target=\"_blank\" rel=\"noopener\">the calendar<\/a>.[\/vc_column_text][vc_row_inner][vc_column_inner el_class=&#8221;bloc appel_a_action clair&#8221;][vc_column_text el_class=&#8221;sticker blanc&#8221;]Book now[\/vc_column_text][vc_empty_space height=&#8221;30&#8243;][vc_column_text css=&#8221;&#8221;]<\/p>\n<h4>Dated tickets for the 2026 season will soon be available on <a href=\"https:\/\/billetterie.vulcania.com\/en-GB\/home\">Vulcania&#8217;s online ticketing<\/a>.<\/h4>\n<p>[\/vc_column_text][vc_column_text]Ticket valid for the selected day from 10am to closing time.[\/vc_column_text][vc_btn title=&#8221;Available soon&#8221; css=&#8221;&#8221; link=&#8221;url:%23&#8243; el_class=&#8221;bouton coul-3&#8243;][\/vc_column_inner][\/vc_row_inner][\/vc_column][\/vc_row][vc_row][vc_column][vc_empty_space height=&#8221;30&#8243;][\/vc_column][\/vc_row][vc_row full_width=&#8221;stretch_row&#8221; el_class=&#8221;clair&#8221;][vc_column][vc_empty_space height=&#8221;60&#8243;][vc_column_text css=&#8221;.vc_custom_1711616160995{margin-bottom: 30px !important;}&#8221; el_class=&#8221;intro&#8221;]<\/p>\n<h2>Payment methods accepted on-site<\/h2>\n<p>[\/vc_column_text][vc_column_text css=&#8221;.vc_custom_1711616165387{margin-bottom: 5px !important;}&#8221;]Credit\/debit cards \/ American express \/ Cheques \/ Cash \/ Holiday vouchers \/ CADO vouchers \/ CULTURE vouchers \/ KADEOS[\/vc_column_text][vc_single_image image=&#8221;15512&#8243; img_size=&#8221;large&#8221; css=&#8221;.vc_custom_1682492018655{margin-bottom: 0px !important;}&#8221;][vc_empty_space height=&#8221;60&#8243;][\/vc_column][\/vc_row]<\/p>\n<\/div>","protected":false},"excerpt":{"rendered":"<p>[vc_row][vc_column width=&#8221;5\/6&#8243;][vc_column_text css=&#8221;.vc_custom_1763628260107{margin-bottom: 30px !important;}&#8221; el_class=&#8221;intro&#8221;] See the prices for an individual visit in 2026 from 25 March to 1 November. [\/vc_column_text][vc_column_text css=&#8221;&#8221; el_class=&#8221;bloc sombre annonce&#8221;]Vulcania is closed from 3 November 2025 to 24 March 2026 included. Entry tickets for the 2026 season will soon be available.[\/vc_column_text][\/vc_column][vc_column width=&#8221;1\/6&#8243;][vc_column_text css=&#8221;.vc_custom_1697441188011{margin-bottom: 30px !important;}&#8221; el_class=&#8221;sticker sombre&#8221;]ONLINE AND ON [&hellip;]<\/p>\n","protected":false},"author":2,"featured_media":0,"parent":0,"menu_order":0,"comment_status":"closed","ping_status":"closed","template":"","meta":{"_acf_changed":false,"_relevanssi_hide_post":"","_relevanssi_hide_content":"","_relevanssi_pin_for_all":"","_relevanssi_pin_keywords":"","_relevanssi_unpin_keywords":"","_relevanssi_related_keywords":"","_relevanssi_related_include_ids":"","_relevanssi_related_exclude_ids":"","_relevanssi_related_no_append":"","_relevanssi_related_not_related":"","_relevanssi_related_posts":"","_relevanssi_noindex_reason":"","footnotes":""},"acf":[],"yoast_head":"<!-- This site is optimized with the Yoast SEO plugin v22.9 - https:\/\/yoast.com\/wordpress\/plugins\/seo\/ -->\n<title>Buy dated tickets to visit Vulcania park<\/title>\n<meta name=\"description\" content=\"Choose the date of your visit to Vulcania in Auvergne and take advantage of special rates on admission depending on the day of your visit.\" \/>\n<meta name=\"robots\" content=\"index, follow, max-snippet:-1, max-image-preview:large, max-video-preview:-1\" \/>\n<link rel=\"canonical\" href=\"https:\/\/www.vulcania.com\/en\/dated-ticket\/\" \/>\n<meta property=\"og:locale\" content=\"en_US\" \/>\n<meta property=\"og:type\" content=\"article\" \/>\n<meta property=\"og:title\" content=\"Buy dated tickets to visit Vulcania park\" \/>\n<meta property=\"og:description\" content=\"Choose the date of your visit to Vulcania in Auvergne and take advantage of special rates on admission depending on the day of your visit.\" \/>\n<meta property=\"og:url\" content=\"https:\/\/www.vulcania.com\/en\/dated-ticket\/\" \/>\n<meta property=\"og:site_name\" content=\"Vulcania\" \/>\n<meta property=\"article:publisher\" content=\"https:\/\/www.facebook.com\/ParcVulcania\" \/>\n<meta property=\"article:modified_time\" content=\"2025-11-20T08:44:55+00:00\" \/>\n<meta property=\"og:image\" content=\"https:\/\/www.vulcania.com\/wp-content\/uploads\/2024\/01\/periode-violette.png\" \/>\n<meta name=\"twitter:card\" content=\"summary_large_image\" \/>\n<meta name=\"twitter:site\" content=\"@parc_vulcania\" \/>\n<meta name=\"twitter:label1\" content=\"Est. reading time\" \/>\n\t<meta name=\"twitter:data1\" content=\"2 minutes\" \/>\n<script type=\"application\/ld+json\" class=\"yoast-schema-graph\">{\"@context\":\"https:\/\/schema.org\",\"@graph\":[{\"@type\":\"WebPage\",\"@id\":\"https:\/\/www.vulcania.com\/en\/dated-ticket\/\",\"url\":\"https:\/\/www.vulcania.com\/en\/dated-ticket\/\",\"name\":\"Buy dated tickets to visit Vulcania park\",\"isPartOf\":{\"@id\":\"https:\/\/www.vulcania.com\/#website\"},\"primaryImageOfPage\":{\"@id\":\"https:\/\/www.vulcania.com\/en\/dated-ticket\/#primaryimage\"},\"image\":{\"@id\":\"https:\/\/www.vulcania.com\/en\/dated-ticket\/#primaryimage\"},\"thumbnailUrl\":\"https:\/\/www.vulcania.com\/wp-content\/uploads\/2024\/01\/periode-violette.png\",\"datePublished\":\"2023-04-24T08:06:18+00:00\",\"dateModified\":\"2025-11-20T08:44:55+00:00\",\"description\":\"Choose the date of your visit to Vulcania in Auvergne and take advantage of special rates on admission depending on the day of your visit.\",\"breadcrumb\":{\"@id\":\"https:\/\/www.vulcania.com\/en\/dated-ticket\/#breadcrumb\"},\"inLanguage\":\"en-US\",\"potentialAction\":[{\"@type\":\"ReadAction\",\"target\":[\"https:\/\/www.vulcania.com\/en\/dated-ticket\/\"]}]},{\"@type\":\"ImageObject\",\"inLanguage\":\"en-US\",\"@id\":\"https:\/\/www.vulcania.com\/en\/dated-ticket\/#primaryimage\",\"url\":\"https:\/\/www.vulcania.com\/wp-content\/uploads\/2024\/01\/periode-violette.png\",\"contentUrl\":\"https:\/\/www.vulcania.com\/wp-content\/uploads\/2024\/01\/periode-violette.png\"},{\"@type\":\"BreadcrumbList\",\"@id\":\"https:\/\/www.vulcania.com\/en\/dated-ticket\/#breadcrumb\",\"itemListElement\":[{\"@type\":\"ListItem\",\"position\":1,\"name\":\"Accueil\",\"item\":\"https:\/\/www.vulcania.com\/en\/\"},{\"@type\":\"ListItem\",\"position\":2,\"name\":\"Dated ticket\"}]},{\"@type\":\"WebSite\",\"@id\":\"https:\/\/www.vulcania.com\/#website\",\"url\":\"https:\/\/www.vulcania.com\/\",\"name\":\"Vulcania\",\"description\":\"Parc \u00e0 th\u00e8me au c\u0153ur des volcans d&#039;Auvergne\",\"publisher\":{\"@id\":\"https:\/\/www.vulcania.com\/#organization\"},\"potentialAction\":[{\"@type\":\"SearchAction\",\"target\":{\"@type\":\"EntryPoint\",\"urlTemplate\":\"https:\/\/www.vulcania.com\/?s={search_term_string}\"},\"query-input\":\"required name=search_term_string\"}],\"inLanguage\":\"en-US\"},{\"@type\":\"Organization\",\"@id\":\"https:\/\/www.vulcania.com\/#organization\",\"name\":\"Vulcania\",\"url\":\"https:\/\/www.vulcania.com\/\",\"logo\":{\"@type\":\"ImageObject\",\"inLanguage\":\"en-US\",\"@id\":\"https:\/\/www.vulcania.com\/#\/schema\/logo\/image\/\",\"url\":\"https:\/\/www.vulcania.com\/wp-content\/uploads\/2023\/03\/logo-vulcania.png\",\"contentUrl\":\"https:\/\/www.vulcania.com\/wp-content\/uploads\/2023\/03\/logo-vulcania.png\",\"width\":570,\"height\":253,\"caption\":\"Vulcania\"},\"image\":{\"@id\":\"https:\/\/www.vulcania.com\/#\/schema\/logo\/image\/\"},\"sameAs\":[\"https:\/\/www.facebook.com\/ParcVulcania\",\"https:\/\/x.com\/parc_vulcania\",\"https:\/\/www.youtube.com\/user\/ParcVulcania\",\"https:\/\/www.instagram.com\/parcvulcania\/\"]}]}<\/script>\n<!-- \/ Yoast SEO plugin. -->","yoast_head_json":{"title":"Buy dated tickets to visit Vulcania park","description":"Choose the date of your visit to Vulcania in Auvergne and take advantage of special rates on admission depending on the day of your visit.","robots":{"index":"index","follow":"follow","max-snippet":"max-snippet:-1","max-image-preview":"max-image-preview:large","max-video-preview":"max-video-preview:-1"},"canonical":"https:\/\/www.vulcania.com\/en\/dated-ticket\/","og_locale":"en_US","og_type":"article","og_title":"Buy dated tickets to visit Vulcania park","og_description":"Choose the date of your visit to Vulcania in Auvergne and take advantage of special rates on admission depending on the day of your visit.","og_url":"https:\/\/www.vulcania.com\/en\/dated-ticket\/","og_site_name":"Vulcania","article_publisher":"https:\/\/www.facebook.com\/ParcVulcania","article_modified_time":"2025-11-20T08:44:55+00:00","og_image":[{"url":"https:\/\/www.vulcania.com\/wp-content\/uploads\/2024\/01\/periode-violette.png"}],"twitter_card":"summary_large_image","twitter_site":"@parc_vulcania","twitter_misc":{"Est. reading time":"2 minutes"},"schema":{"@context":"https:\/\/schema.org","@graph":[{"@type":"WebPage","@id":"https:\/\/www.vulcania.com\/en\/dated-ticket\/","url":"https:\/\/www.vulcania.com\/en\/dated-ticket\/","name":"Buy dated tickets to visit Vulcania park","isPartOf":{"@id":"https:\/\/www.vulcania.com\/#website"},"primaryImageOfPage":{"@id":"https:\/\/www.vulcania.com\/en\/dated-ticket\/#primaryimage"},"image":{"@id":"https:\/\/www.vulcania.com\/en\/dated-ticket\/#primaryimage"},"thumbnailUrl":"https:\/\/www.vulcania.com\/wp-content\/uploads\/2024\/01\/periode-violette.png","datePublished":"2023-04-24T08:06:18+00:00","dateModified":"2025-11-20T08:44:55+00:00","description":"Choose the date of your visit to Vulcania in Auvergne and take advantage of special rates on admission depending on the day of your visit.","breadcrumb":{"@id":"https:\/\/www.vulcania.com\/en\/dated-ticket\/#breadcrumb"},"inLanguage":"en-US","potentialAction":[{"@type":"ReadAction","target":["https:\/\/www.vulcania.com\/en\/dated-ticket\/"]}]},{"@type":"ImageObject","inLanguage":"en-US","@id":"https:\/\/www.vulcania.com\/en\/dated-ticket\/#primaryimage","url":"https:\/\/www.vulcania.com\/wp-content\/uploads\/2024\/01\/periode-violette.png","contentUrl":"https:\/\/www.vulcania.com\/wp-content\/uploads\/2024\/01\/periode-violette.png"},{"@type":"BreadcrumbList","@id":"https:\/\/www.vulcania.com\/en\/dated-ticket\/#breadcrumb","itemListElement":[{"@type":"ListItem","position":1,"name":"Accueil","item":"https:\/\/www.vulcania.com\/en\/"},{"@type":"ListItem","position":2,"name":"Dated ticket"}]},{"@type":"WebSite","@id":"https:\/\/www.vulcania.com\/#website","url":"https:\/\/www.vulcania.com\/","name":"Vulcania","description":"Parc \u00e0 th\u00e8me au c\u0153ur des volcans d&#039;Auvergne","publisher":{"@id":"https:\/\/www.vulcania.com\/#organization"},"potentialAction":[{"@type":"SearchAction","target":{"@type":"EntryPoint","urlTemplate":"https:\/\/www.vulcania.com\/?s={search_term_string}"},"query-input":"required name=search_term_string"}],"inLanguage":"en-US"},{"@type":"Organization","@id":"https:\/\/www.vulcania.com\/#organization","name":"Vulcania","url":"https:\/\/www.vulcania.com\/","logo":{"@type":"ImageObject","inLanguage":"en-US","@id":"https:\/\/www.vulcania.com\/#\/schema\/logo\/image\/","url":"https:\/\/www.vulcania.com\/wp-content\/uploads\/2023\/03\/logo-vulcania.png","contentUrl":"https:\/\/www.vulcania.com\/wp-content\/uploads\/2023\/03\/logo-vulcania.png","width":570,"height":253,"caption":"Vulcania"},"image":{"@id":"https:\/\/www.vulcania.com\/#\/schema\/logo\/image\/"},"sameAs":["https:\/\/www.facebook.com\/ParcVulcania","https:\/\/x.com\/parc_vulcania","https:\/\/www.youtube.com\/user\/ParcVulcania","https:\/\/www.instagram.com\/parcvulcania\/"]}]}},"_links":{"self":[{"href":"https:\/\/www.vulcania.com\/en\/wp-json\/wp\/v2\/pages\/18481"}],"collection":[{"href":"https:\/\/www.vulcania.com\/en\/wp-json\/wp\/v2\/pages"}],"about":[{"href":"https:\/\/www.vulcania.com\/en\/wp-json\/wp\/v2\/types\/page"}],"author":[{"embeddable":true,"href":"https:\/\/www.vulcania.com\/en\/wp-json\/wp\/v2\/users\/2"}],"replies":[{"embeddable":true,"href":"https:\/\/www.vulcania.com\/en\/wp-json\/wp\/v2\/comments?post=18481"}],"version-history":[{"count":17,"href":"https:\/\/www.vulcania.com\/en\/wp-json\/wp\/v2\/pages\/18481\/revisions"}],"predecessor-version":[{"id":29103,"href":"https:\/\/www.vulcania.com\/en\/wp-json\/wp\/v2\/pages\/18481\/revisions\/29103"}],"wp:attachment":[{"href":"https:\/\/www.vulcania.com\/en\/wp-json\/wp\/v2\/media?parent=18481"}],"curies":[{"name":"wp","href":"https:\/\/api.w.org\/{rel}","templated":true}]}}