{"id":18495,"date":"2023-06-12T12:13:04","date_gmt":"2023-06-12T10:13:04","guid":{"rendered":"https:\/\/www.vulcania.com\/?page_id=18495"},"modified":"2025-11-03T11:02:16","modified_gmt":"2025-11-03T10:02:16","slug":"environmental-policy","status":"publish","type":"page","link":"https:\/\/www.vulcania.com\/en\/environmental-policy\/","title":{"rendered":"The environmental policy of the Park"},"content":{"rendered":"<div class=\"wpb-content-wrapper\"><p>[vc_row content_placement=&#8221;middle&#8221;][vc_column][vc_column_text css=&#8221;&#8221; el_class=&#8221;intro&#8221;]For 10 years, SEM Volcans, manager of the Vulcania park, has deployed an Environmental Management System that cuts across all the company&#8217;s departments.[\/vc_column_text][\/vc_column][\/vc_row][vc_row][vc_column][vc_column_text]<\/p>\n<h2>Examples of our <strong>commitment to the environment<\/strong><\/h2>\n<p>[\/vc_column_text][vc_row_inner content_placement=&#8221;top&#8221;][vc_column_inner el_class=&#8221;separateur-vertical&#8221; width=&#8221;1\/2&#8243;][vc_empty_space height=&#8221;30&#8243;][vc_single_image image=&#8221;17045&#8243; img_size=&#8221;&#8221; el_class=&#8221;coins-arrondis&#8221;][vc_single_image image=&#8221;17047&#8243; img_size=&#8221;&#8221; el_class=&#8221;coins-arrondis&#8221;][\/vc_column_inner][vc_column_inner width=&#8221;1\/2&#8243;][vc_column_text]<\/p>\n<h3>Outdoor areas<\/h3>\n<p>[\/vc_column_text][vc_column_text el_class=&#8221;jolie-liste&#8221;]<\/p>\n<ul>\n<li>No use of pesticides or phytosanitary products<\/li>\n<li>Reasoned mowing<\/li>\n<li>Manual and\/or mechanical weeding only (electric strimmer and hoe)<\/li>\n<li>No watering in the park<\/li>\n<li>Taking into account the protected species present in the park<\/li>\n<li>Reuse of trees cut down during events or as firewood<\/li>\n<li>Use of electric vehicles to transport maintenance staff around the park<\/li>\n<li>Purchase of small electrical equipment for the maintenance of green spaces<\/li>\n<li>Semi-buried buildings to facilitate integration into the landscape<\/li>\n<li>Use of mulch (organic mulch that preserves the soil&#8217;s microfauna) in play areas<\/li>\n<\/ul>\n<p>[\/vc_column_text][\/vc_column_inner][\/vc_row_inner][vc_row_inner content_placement=&#8221;top&#8221;][vc_column_inner el_class=&#8221;separateur-vertical&#8221; width=&#8221;1\/2&#8243;][vc_empty_space height=&#8221;30&#8243;][vc_single_image image=&#8221;17039&#8243; img_size=&#8221;&#8221; el_class=&#8221;coins-arrondis&#8221;][vc_single_image image=&#8221;17043&#8243; img_size=&#8221;&#8221; el_class=&#8221;coins-arrondis&#8221;][\/vc_column_inner][vc_column_inner width=&#8221;1\/2&#8243;][vc_column_text]<\/p>\n<h3>The attractions<\/h3>\n<p>[\/vc_column_text][vc_column_text el_class=&#8221;jolie-liste&#8221;]<\/p>\n<ul>\n<li>Raising awareness through the messages contained in the events<\/li>\n<li>Reducing electricity consumption: use of low-energy light bulbs and\/or LED lighting, LED\/laser technology video projectors, etc.<\/li>\n<li>Optimising control of heating and air-conditioning systems<\/li>\n<li>Environmental monitoring of park projects<\/li>\n<li>Eliminating over-packaging of 3D glasses<\/li>\n<li>Use of closed-circuit water for the Geyser and the Children&#8217;s City<\/li>\n<li>Reducing the use of chlorine and eliminating the use of flocculants to maintain the water in the<\/li>\n<li>Geyser pool<\/li>\n<li>Priority to natural and local materials (volcanic rock, wood) for construction<\/li>\n<li>Deactivating unoccupied seats and gondolas<\/li>\n<\/ul>\n<p>[\/vc_column_text][\/vc_column_inner][\/vc_row_inner][vc_row_inner content_placement=&#8221;top&#8221;][vc_column_inner el_class=&#8221;separateur-vertical&#8221; width=&#8221;1\/2&#8243;][vc_empty_space height=&#8221;30&#8243;][vc_single_image image=&#8221;17037&#8243; img_size=&#8221;&#8221; el_class=&#8221;coins-arrondis&#8221;][\/vc_column_inner][vc_column_inner width=&#8221;1\/2&#8243;][vc_column_text]<\/p>\n<h3>Catering<\/h3>\n<p>[\/vc_column_text][vc_column_text el_class=&#8221;jolie-liste&#8221;]<\/p>\n<ul>\n<li>Elimination of straws from 2020<\/li>\n<li>Elimination of plastic sandwich packaging (use of paper packaging)<\/li>\n<li>Promotion of short circuits<\/li>\n<li>Promoting responsibility in the fight against food waste: the Caf\u00e9t\u00e9ria des Puys encourages visitors to come and get a refill<\/li>\n<li>Recyclable cardboard cups throughout the park<\/li>\n<li>Use of concentrated cleaning products and bread-based rinsing products to limit waste<\/li>\n<\/ul>\n<p>[\/vc_column_text][\/vc_column_inner][\/vc_row_inner][vc_row_inner][vc_column_inner el_class=&#8221;separateur-vertical&#8221; width=&#8221;1\/2&#8243;][vc_empty_space height=&#8221;30&#8243;][vc_single_image image=&#8221;17033&#8243; img_size=&#8221;&#8221; el_class=&#8221;coins-arrondis&#8221;][\/vc_column_inner][vc_column_inner width=&#8221;1\/2&#8243;][vc_column_text]<\/p>\n<h3>The shops<\/h3>\n<p>[\/vc_column_text][vc_column_text el_class=&#8221;jolie-liste&#8221;]<\/p>\n<ul>\n<li>Preference given to local, French and eco-designed products: at least one new local supplier selected each year<\/li>\n<li>No distribution of plastic bags<\/li>\n<li>Promotion of local know-how: crafts, gastronomy, etc.<\/li>\n<li>Reduction of packaging<\/li>\n<\/ul>\n<p>[\/vc_column_text][\/vc_column_inner][\/vc_row_inner][\/vc_column][\/vc_row][vc_row full_width=&#8221;stretch_row&#8221; el_class=&#8221;clair&#8221;][vc_column][vc_empty_space height=&#8221;30px&#8221;][vc_row_inner content_placement=&#8221;middle&#8221;][vc_column_inner width=&#8221;1\/4&#8243;][vc_single_image image=&#8221;17025&#8243; img_size=&#8221;&#8221;][\/vc_column_inner][vc_column_inner width=&#8221;3\/4&#8243;][vc_column_text]<\/p>\n<h2>Vulcania joins the &#8220;<strong>Convention des Entreprises pour le Climat&#8221; (Businesses for Climate Convention)<\/strong><\/h2>\n<p>[\/vc_column_text][vc_column_text css=&#8221;&#8221; el_class=&#8221;intro&#8221;]<\/p>\n<p style=\"text-align: left;\">Vulcania has been committed to reducing its environmental impact for over 20 years. A forerunner on many fronts in this area, Vulcania is constantly challenging itself to innovate and come up with new ideas and solutions to meet the challenges of saving our planet. That&#8217;s why Vulcania has decided to join 149 French companies from all business sectors in the &#8220;Convention des Entreprises pour le Climat&#8221; (Businesses for Climate Convention), with the aim of co-constructing, with the best experts on each of the themes concerned, a desirable future that respects the planet&#8217;s limits.<\/p>\n<p>[\/vc_column_text][\/vc_column_inner][\/vc_row_inner][vc_empty_space height=&#8221;60&#8243;][\/vc_column][\/vc_row]<\/p>\n<\/div>","protected":false},"excerpt":{"rendered":"<p>[vc_row content_placement=&#8221;middle&#8221;][vc_column][vc_column_text css=&#8221;&#8221; el_class=&#8221;intro&#8221;]For 10 years, SEM Volcans, manager of the Vulcania park, has deployed an Environmental Management System that cuts across all the company&#8217;s departments.[\/vc_column_text][\/vc_column][\/vc_row][vc_row][vc_column][vc_column_text] Examples of our commitment to the environment [\/vc_column_text][vc_row_inner content_placement=&#8221;top&#8221;][vc_column_inner el_class=&#8221;separateur-vertical&#8221; width=&#8221;1\/2&#8243;][vc_empty_space height=&#8221;30&#8243;][vc_single_image image=&#8221;17045&#8243; img_size=&#8221;&#8221; el_class=&#8221;coins-arrondis&#8221;][vc_single_image image=&#8221;17047&#8243; img_size=&#8221;&#8221; el_class=&#8221;coins-arrondis&#8221;][\/vc_column_inner][vc_column_inner width=&#8221;1\/2&#8243;][vc_column_text] Outdoor areas [\/vc_column_text][vc_column_text el_class=&#8221;jolie-liste&#8221;] No use of pesticides or phytosanitary [&hellip;]<\/p>\n","protected":false},"author":2,"featured_media":0,"parent":0,"menu_order":0,"comment_status":"closed","ping_status":"closed","template":"","meta":{"_acf_changed":false,"_relevanssi_hide_post":"","_relevanssi_hide_content":"","_relevanssi_pin_for_all":"","_relevanssi_pin_keywords":"","_relevanssi_unpin_keywords":"","_relevanssi_related_keywords":"","_relevanssi_related_include_ids":"","_relevanssi_related_exclude_ids":"","_relevanssi_related_no_append":"","_relevanssi_related_not_related":"","_relevanssi_related_posts":"","_relevanssi_noindex_reason":"","footnotes":""},"acf":[],"yoast_head":"<!-- This site is optimized with the Yoast SEO plugin v22.9 - https:\/\/yoast.com\/wordpress\/plugins\/seo\/ -->\n<title>Vulcania&#039;s environmental policy<\/title>\n<meta name=\"description\" content=\"Parc Vulcania&#039;s environmental policy is recognised by ISO 14001 certification, and focuses on waste management, reducing energy consumption and greenhouse gas emissions, and a sustainable purchasing policy.\" \/>\n<meta name=\"robots\" content=\"index, follow, max-snippet:-1, max-image-preview:large, max-video-preview:-1\" \/>\n<link rel=\"canonical\" href=\"https:\/\/www.vulcania.com\/en\/environmental-policy\/\" \/>\n<meta property=\"og:locale\" content=\"en_US\" \/>\n<meta property=\"og:type\" content=\"article\" \/>\n<meta property=\"og:title\" content=\"Vulcania&#039;s environmental policy\" \/>\n<meta property=\"og:description\" content=\"Parc Vulcania&#039;s environmental policy is recognised by ISO 14001 certification, and focuses on waste management, reducing energy consumption and greenhouse gas emissions, and a sustainable purchasing policy.\" \/>\n<meta property=\"og:url\" content=\"https:\/\/www.vulcania.com\/en\/environmental-policy\/\" \/>\n<meta property=\"og:site_name\" content=\"Vulcania\" \/>\n<meta property=\"article:publisher\" content=\"https:\/\/www.facebook.com\/ParcVulcania\" \/>\n<meta property=\"article:modified_time\" content=\"2025-11-03T10:02:16+00:00\" \/>\n<meta property=\"og:image\" content=\"https:\/\/www.vulcania.com\/wp-content\/uploads\/2023\/03\/logo-vulcania.png\" \/>\n\t<meta property=\"og:image:width\" content=\"570\" \/>\n\t<meta property=\"og:image:height\" content=\"253\" \/>\n\t<meta property=\"og:image:type\" content=\"image\/png\" \/>\n<meta name=\"twitter:card\" content=\"summary_large_image\" \/>\n<meta name=\"twitter:site\" content=\"@parc_vulcania\" \/>\n<meta name=\"twitter:label1\" content=\"Est. reading time\" \/>\n\t<meta name=\"twitter:data1\" content=\"4 minutes\" \/>\n<script type=\"application\/ld+json\" class=\"yoast-schema-graph\">{\"@context\":\"https:\/\/schema.org\",\"@graph\":[{\"@type\":\"WebPage\",\"@id\":\"https:\/\/www.vulcania.com\/en\/environmental-policy\/\",\"url\":\"https:\/\/www.vulcania.com\/en\/environmental-policy\/\",\"name\":\"Vulcania's environmental policy\",\"isPartOf\":{\"@id\":\"https:\/\/www.vulcania.com\/#website\"},\"datePublished\":\"2023-06-12T10:13:04+00:00\",\"dateModified\":\"2025-11-03T10:02:16+00:00\",\"description\":\"Parc Vulcania's environmental policy is recognised by ISO 14001 certification, and focuses on waste management, reducing energy consumption and greenhouse gas emissions, and a sustainable purchasing policy.\",\"breadcrumb\":{\"@id\":\"https:\/\/www.vulcania.com\/en\/environmental-policy\/#breadcrumb\"},\"inLanguage\":\"en-US\",\"potentialAction\":[{\"@type\":\"ReadAction\",\"target\":[\"https:\/\/www.vulcania.com\/en\/environmental-policy\/\"]}]},{\"@type\":\"BreadcrumbList\",\"@id\":\"https:\/\/www.vulcania.com\/en\/environmental-policy\/#breadcrumb\",\"itemListElement\":[{\"@type\":\"ListItem\",\"position\":1,\"name\":\"Accueil\",\"item\":\"https:\/\/www.vulcania.com\/en\/\"},{\"@type\":\"ListItem\",\"position\":2,\"name\":\"The environmental policy of the Park\"}]},{\"@type\":\"WebSite\",\"@id\":\"https:\/\/www.vulcania.com\/#website\",\"url\":\"https:\/\/www.vulcania.com\/\",\"name\":\"Vulcania\",\"description\":\"Parc \u00e0 th\u00e8me au c\u0153ur des volcans d&#039;Auvergne\",\"publisher\":{\"@id\":\"https:\/\/www.vulcania.com\/#organization\"},\"potentialAction\":[{\"@type\":\"SearchAction\",\"target\":{\"@type\":\"EntryPoint\",\"urlTemplate\":\"https:\/\/www.vulcania.com\/?s={search_term_string}\"},\"query-input\":\"required name=search_term_string\"}],\"inLanguage\":\"en-US\"},{\"@type\":\"Organization\",\"@id\":\"https:\/\/www.vulcania.com\/#organization\",\"name\":\"Vulcania\",\"url\":\"https:\/\/www.vulcania.com\/\",\"logo\":{\"@type\":\"ImageObject\",\"inLanguage\":\"en-US\",\"@id\":\"https:\/\/www.vulcania.com\/#\/schema\/logo\/image\/\",\"url\":\"https:\/\/www.vulcania.com\/wp-content\/uploads\/2023\/03\/logo-vulcania.png\",\"contentUrl\":\"https:\/\/www.vulcania.com\/wp-content\/uploads\/2023\/03\/logo-vulcania.png\",\"width\":570,\"height\":253,\"caption\":\"Vulcania\"},\"image\":{\"@id\":\"https:\/\/www.vulcania.com\/#\/schema\/logo\/image\/\"},\"sameAs\":[\"https:\/\/www.facebook.com\/ParcVulcania\",\"https:\/\/x.com\/parc_vulcania\",\"https:\/\/www.youtube.com\/user\/ParcVulcania\",\"https:\/\/www.instagram.com\/parcvulcania\/\"]}]}<\/script>\n<!-- \/ Yoast SEO plugin. -->","yoast_head_json":{"title":"Vulcania's environmental policy","description":"Parc Vulcania's environmental policy is recognised by ISO 14001 certification, and focuses on waste management, reducing energy consumption and greenhouse gas emissions, and a sustainable purchasing policy.","robots":{"index":"index","follow":"follow","max-snippet":"max-snippet:-1","max-image-preview":"max-image-preview:large","max-video-preview":"max-video-preview:-1"},"canonical":"https:\/\/www.vulcania.com\/en\/environmental-policy\/","og_locale":"en_US","og_type":"article","og_title":"Vulcania's environmental policy","og_description":"Parc Vulcania's environmental policy is recognised by ISO 14001 certification, and focuses on waste management, reducing energy consumption and greenhouse gas emissions, and a sustainable purchasing policy.","og_url":"https:\/\/www.vulcania.com\/en\/environmental-policy\/","og_site_name":"Vulcania","article_publisher":"https:\/\/www.facebook.com\/ParcVulcania","article_modified_time":"2025-11-03T10:02:16+00:00","og_image":[{"width":570,"height":253,"url":"https:\/\/www.vulcania.com\/wp-content\/uploads\/2023\/03\/logo-vulcania.png","type":"image\/png"}],"twitter_card":"summary_large_image","twitter_site":"@parc_vulcania","twitter_misc":{"Est. reading time":"4 minutes"},"schema":{"@context":"https:\/\/schema.org","@graph":[{"@type":"WebPage","@id":"https:\/\/www.vulcania.com\/en\/environmental-policy\/","url":"https:\/\/www.vulcania.com\/en\/environmental-policy\/","name":"Vulcania's environmental policy","isPartOf":{"@id":"https:\/\/www.vulcania.com\/#website"},"datePublished":"2023-06-12T10:13:04+00:00","dateModified":"2025-11-03T10:02:16+00:00","description":"Parc Vulcania's environmental policy is recognised by ISO 14001 certification, and focuses on waste management, reducing energy consumption and greenhouse gas emissions, and a sustainable purchasing policy.","breadcrumb":{"@id":"https:\/\/www.vulcania.com\/en\/environmental-policy\/#breadcrumb"},"inLanguage":"en-US","potentialAction":[{"@type":"ReadAction","target":["https:\/\/www.vulcania.com\/en\/environmental-policy\/"]}]},{"@type":"BreadcrumbList","@id":"https:\/\/www.vulcania.com\/en\/environmental-policy\/#breadcrumb","itemListElement":[{"@type":"ListItem","position":1,"name":"Accueil","item":"https:\/\/www.vulcania.com\/en\/"},{"@type":"ListItem","position":2,"name":"The environmental policy of the Park"}]},{"@type":"WebSite","@id":"https:\/\/www.vulcania.com\/#website","url":"https:\/\/www.vulcania.com\/","name":"Vulcania","description":"Parc \u00e0 th\u00e8me au c\u0153ur des volcans d&#039;Auvergne","publisher":{"@id":"https:\/\/www.vulcania.com\/#organization"},"potentialAction":[{"@type":"SearchAction","target":{"@type":"EntryPoint","urlTemplate":"https:\/\/www.vulcania.com\/?s={search_term_string}"},"query-input":"required name=search_term_string"}],"inLanguage":"en-US"},{"@type":"Organization","@id":"https:\/\/www.vulcania.com\/#organization","name":"Vulcania","url":"https:\/\/www.vulcania.com\/","logo":{"@type":"ImageObject","inLanguage":"en-US","@id":"https:\/\/www.vulcania.com\/#\/schema\/logo\/image\/","url":"https:\/\/www.vulcania.com\/wp-content\/uploads\/2023\/03\/logo-vulcania.png","contentUrl":"https:\/\/www.vulcania.com\/wp-content\/uploads\/2023\/03\/logo-vulcania.png","width":570,"height":253,"caption":"Vulcania"},"image":{"@id":"https:\/\/www.vulcania.com\/#\/schema\/logo\/image\/"},"sameAs":["https:\/\/www.facebook.com\/ParcVulcania","https:\/\/x.com\/parc_vulcania","https:\/\/www.youtube.com\/user\/ParcVulcania","https:\/\/www.instagram.com\/parcvulcania\/"]}]}},"_links":{"self":[{"href":"https:\/\/www.vulcania.com\/en\/wp-json\/wp\/v2\/pages\/18495"}],"collection":[{"href":"https:\/\/www.vulcania.com\/en\/wp-json\/wp\/v2\/pages"}],"about":[{"href":"https:\/\/www.vulcania.com\/en\/wp-json\/wp\/v2\/types\/page"}],"author":[{"embeddable":true,"href":"https:\/\/www.vulcania.com\/en\/wp-json\/wp\/v2\/users\/2"}],"replies":[{"embeddable":true,"href":"https:\/\/www.vulcania.com\/en\/wp-json\/wp\/v2\/comments?post=18495"}],"version-history":[{"count":7,"href":"https:\/\/www.vulcania.com\/en\/wp-json\/wp\/v2\/pages\/18495\/revisions"}],"predecessor-version":[{"id":29010,"href":"https:\/\/www.vulcania.com\/en\/wp-json\/wp\/v2\/pages\/18495\/revisions\/29010"}],"wp:attachment":[{"href":"https:\/\/www.vulcania.com\/en\/wp-json\/wp\/v2\/media?parent=18495"}],"curies":[{"name":"wp","href":"https:\/\/api.w.org\/{rel}","templated":true}]}}