{"id":18562,"date":"2023-05-02T15:51:49","date_gmt":"2023-05-02T13:51:49","guid":{"rendered":"https:\/\/www.vulcania.com\/?page_id=18562"},"modified":"2025-03-10T11:23:09","modified_gmt":"2025-03-10T10:23:09","slug":"safety-instructions-to-access-the-animations","status":"publish","type":"page","link":"https:\/\/www.vulcania.com\/en\/safety-instructions-to-access-the-animations\/","title":{"rendered":"Safety instructions"},"content":{"rendered":"<div class=\"wpb-content-wrapper\"><p>[vc_row content_placement=&#8221;middle&#8221;][vc_column][vc_column_text css=&#8221;.vc_custom_1687860164794{margin-bottom: 30px !important;}&#8221; el_class=&#8221;intro&#8221;]Vulcania\u2019s instructions about animations for your comfort and your safefty.[\/vc_column_text][\/vc_column][\/vc_row][vc_row][vc_column][vc_column_text css=&#8221;&#8221;]<\/p>\n<table style=\"border-collapse: collapse; width: 100%; height: 313px;\">\n<tbody>\n<tr style=\"height: 48px;\">\n<th style=\"height: 45px; width: 23.3766%;\">ANIMATIONS<\/th>\n<th style=\"height: 45px; width: 20.211%;\"><a href=\"\/en\/animation\/reveil-geants-dauvergne\/\">R\u00e9veil des G\u00e9ants d\u2019Auvergne<\/a><\/th>\n<th style=\"height: 45px; width: 9.57792%;\"><a href=\"\/en\/animation\/dragon-ride-2\/\">Dragon ride<\/a><\/th>\n<th style=\"height: 45px; width: 10.5519%;\"><a href=\"\/en\/animation\/terre-en-colere\/\">Terre en col\u00e8re<\/a><\/th>\n<th style=\"height: 45px; width: 10.3084%;\"><a href=\"\/en\/animation\/abyss-explorer\/\">Abyss explorer<\/a><\/th>\n<th style=\"height: 45px; width: 9.9026%;\"><a href=\"\/en\/animation\/premier-envol\/\">Premier envol<\/a><\/th>\n<th style=\"height: 45px; width: 10.2273%;\"><a href=\"\/en\/animation\/volcans-sacres\/\">Volcans sacr\u00e9s<\/a><\/th>\n<th style=\"height: 45px; width: 5.84416%;\"><a href=\"\/en\/animation\/namazu\/\">Namazu<\/a><\/th>\n<\/tr>\n<tr style=\"height: 43px;\">\n<td style=\"height: 43px; width: 23.3766%;\">From 80 cm<\/td>\n<td style=\"height: 43px; width: 20.211%;\">NO<\/td>\n<td style=\"height: 43px; width: 9.57792%;\">NO<\/td>\n<td style=\"height: 43px; width: 10.5519%;\">NO<\/td>\n<td style=\"height: 43px; width: 10.3084%;\">NO<\/td>\n<td style=\"height: 43px; width: 9.9026%;\">NO<\/td>\n<td style=\"height: 43px; width: 10.2273%;\">YES<\/td>\n<td style=\"height: 43px; width: 5.84416%;\">NO<\/td>\n<\/tr>\n<tr style=\"height: 48px;\">\n<td style=\"height: 45px; width: 23.3766%;\">From 90 cm<\/td>\n<td style=\"height: 45px; width: 20.211%;\">YES<\/td>\n<td style=\"height: 45px; width: 9.57792%;\">NO<\/td>\n<td style=\"height: 45px; width: 10.5519%;\">YES<\/td>\n<td style=\"height: 45px; width: 10.3084%;\">YES<\/td>\n<td style=\"height: 45px; width: 9.9026%;\">YES<\/td>\n<td style=\"height: 45px; width: 10.2273%;\">YES<\/td>\n<td style=\"height: 45px; width: 5.84416%;\">NO<\/td>\n<\/tr>\n<tr style=\"height: 48px;\">\n<td style=\"height: 45px; width: 23.3766%;\">From 110 cm<\/td>\n<td style=\"height: 45px; width: 20.211%;\">YES<\/td>\n<td style=\"height: 45px; width: 9.57792%;\">YES<\/td>\n<td style=\"height: 45px; width: 10.5519%;\">YES<\/td>\n<td style=\"height: 45px; width: 10.3084%;\">YES<\/td>\n<td style=\"height: 45px; width: 9.9026%;\">YES<\/td>\n<td style=\"height: 45px; width: 10.2273%;\">YES<\/td>\n<td style=\"height: 45px; width: 5.84416%;\">NO<\/td>\n<\/tr>\n<tr style=\"height: 48px;\">\n<td style=\"height: 45px; width: 23.3766%;\">From 120 cm<\/td>\n<td style=\"height: 45px; width: 20.211%;\">YES<\/td>\n<td style=\"height: 45px; width: 9.57792%;\">YES<\/td>\n<td style=\"height: 45px; width: 10.5519%;\">YES<\/td>\n<td style=\"height: 45px; width: 10.3084%;\">YES<\/td>\n<td style=\"height: 45px; width: 9.9026%;\">YES<\/td>\n<td style=\"height: 45px; width: 10.2273%;\">YES<\/td>\n<td style=\"height: 45px; width: 5.84416%;\">YES<\/td>\n<\/tr>\n<tr style=\"height: 48px;\">\n<td style=\"height: 45px; width: 23.3766%;\">Non-dynamic seats<\/td>\n<td style=\"height: 45px; width: 20.211%;\">YES<\/td>\n<td style=\"height: 45px; width: 9.57792%;\">YES<\/td>\n<td style=\"height: 45px; width: 10.5519%;\">YES<\/td>\n<td style=\"height: 45px; width: 10.3084%;\">NO<\/td>\n<td style=\"height: 45px; width: 9.9026%;\">NO<\/td>\n<td style=\"height: 45px; width: 10.2273%;\">NO<\/td>\n<td style=\"height: 45px; width: 5.84416%;\">NO<\/td>\n<\/tr>\n<tr style=\"height: 48px;\">\n<td style=\"height: 45px; width: 23.3766%;\">Access for people with reduced mobility<\/td>\n<td style=\"height: 45px; width: 20.211%;\">YES<\/td>\n<td style=\"height: 45px; width: 9.57792%;\">YES<\/td>\n<td style=\"height: 45px; width: 10.5519%;\">YES<\/td>\n<td style=\"height: 45px; width: 10.3084%;\">YES<\/td>\n<td style=\"height: 45px; width: 9.9026%;\">YES<\/td>\n<td style=\"height: 45px; width: 10.2273%;\">YES<\/td>\n<td style=\"height: 45px; width: 5.84416%;\">NO<\/td>\n<\/tr>\n<\/tbody>\n<\/table>\n<p>[\/vc_column_text][\/vc_column][\/vc_row][vc_row][vc_column][vc_column_text css=&#8221;.vc_custom_1687860635421{margin-bottom: 20px !important;}&#8221; el_class=&#8221;intro&#8221;]<\/p>\n<h2>FOR KIDS<\/h2>\n<p>[\/vc_column_text][vc_column_text css=&#8221;.vc_custom_1687860184363{margin-bottom: 20px !important;}&#8221; el_class=&#8221;bloc couleur coul-1 alerte&#8221;]Please check the height limit to make sure your children can access the attraction.[\/vc_column_text][vc_column_text css=&#8221;&#8221;]For every animation, kids must keep their hands on handrails. Adults also have to keep an eye on them.<\/p>\n<p>You must notice that several scenes in <a href=\"\/en\/animation\/dragon-ride-2\/\">Dragon ride<\/a>, <a href=\"\/en\/animation\/volcans-sacres\/\">Volcans sacr\u00e9s<\/a> and <a href=\"\/en\/animation\/namazu\/\">Namazu<\/a>\u00a0can be inappropriate for young visitors.[\/vc_column_text][vc_column_text css=&#8221;&#8221; el_class=&#8221;bloc couleur coul-1 astuce&#8221;]<\/p>\n<h3 style=\"text-align: justify;\">Young kid solution<\/h3>\n<p style=\"text-align: justify;\">You want to enjoy an attraction but your child doesn\u2019t reach the required height?<br \/>\nAccess in turn to the dynamic attractions. More information at level C (reception desk).<\/p>\n<p><strong>This solution is not available for Namazu.<\/strong>[\/vc_column_text][vc_row_inner][vc_column_inner el_class=&#8221;bloc clair rayon&#8221;][vc_column_text]<\/p>\n<h3 style=\"text-align: justify;\">Activities dedicated to kids<\/h3>\n<p style=\"text-align: justify;\">Especially made for toddlers, the following route links up all activities appropriate for kids from 3 to 7 years old.<\/p>\n<p>[\/vc_column_text][vc_btn title=&#8221;Discover the tour&#8221; el_class=&#8221;bouton coul-3&#8243; link=&#8221;url:%2Fen%2Fspecially-for-kids%2F&#8221;][\/vc_column_inner][\/vc_row_inner][\/vc_column][\/vc_row][vc_row][vc_column][vc_column_text css=&#8221;.vc_custom_1687860626701{margin-bottom: 20px !important;}&#8221; el_class=&#8221;intro&#8221;]<\/p>\n<h2>FOR PREGNANT WOMEN, PEOPLE WITH HEART CONDITIONS, OR WITH PATHOLOGIES THAT MAY BE AGGRAVATED BY SHAKINGS<\/h2>\n<p>[\/vc_column_text][vc_column_text css=&#8221;.vc_custom_1741601891951{margin-bottom: 20px !important;}&#8221;]Attractions <a href=\"\/en\/animation\/reveil-geants-dauvergne\/\">R\u00e9veil des g\u00e9ants d\u2019Auvergne<\/a>, <a href=\"\/en\/animation\/dragon-ride-2\/\">Dragon ride<\/a>, <a href=\"\/en\/animation\/terre-en-colere\/\">Terre en col\u00e8re<\/a>, <a href=\"\/en\/animation\/premier-envol\/\">Premier envol<\/a>, <a href=\"\/en\/animation\/volcans-sacres\/\">Volcans sacr\u00e9s<\/a> and <a href=\"\/en\/animation\/abyss-explorer\/\">Abyss Explorer<\/a>\u00a0are not recommended to pregnant women, people with heart conditions, or chronic conditions able to be aggravated by shakings.<\/p>\n<p>For these people, non-dynamic seats are intended for <a href=\"\/en\/animation\/reveil-geants-dauvergne\/\">R\u00e9veil des g\u00e9ants d\u2019Auvergne<\/a>\u00a0and <a href=\"\/en\/animation\/terre-en-colere\/\">Terre en col\u00e8re<\/a>, at the entrance.<\/p>\n<p>In <a href=\"\/en\/animation\/dragon-ride-2\/\">Dragon ride<\/a>, they can assist the projection without feeling any movement nor shaking at all if they don\u2019t buckle their seatbelt.<\/p>\n<p><a href=\"\/en\/animation\/namazu\/\">Namazu<\/a>\u00a0is strictly forbidden to pregnant women and not recommended to people with poor health or with medical issues which could be aggravated by sensations.[\/vc_column_text][\/vc_column][\/vc_row][vc_row][vc_column][vc_empty_space height=&#8221;30&#8243;][\/vc_column][\/vc_row]<\/p>\n<\/div>","protected":false},"excerpt":{"rendered":"<p>[vc_row content_placement=&#8221;middle&#8221;][vc_column][vc_column_text css=&#8221;.vc_custom_1687860164794{margin-bottom: 30px !important;}&#8221; el_class=&#8221;intro&#8221;]Vulcania\u2019s instructions about animations for your comfort and your safefty.[\/vc_column_text][\/vc_column][\/vc_row][vc_row][vc_column][vc_column_text css=&#8221;&#8221;] ANIMATIONS R\u00e9veil des G\u00e9ants d\u2019Auvergne Dragon ride Terre en col\u00e8re Abyss explorer Premier envol Volcans sacr\u00e9s Namazu From 80 cm NO NO NO NO NO YES NO From 90 cm YES NO YES YES YES YES NO From 110 [&hellip;]<\/p>\n","protected":false},"author":2,"featured_media":0,"parent":0,"menu_order":0,"comment_status":"closed","ping_status":"closed","template":"","meta":{"_acf_changed":false,"_relevanssi_hide_post":"","_relevanssi_hide_content":"","_relevanssi_pin_for_all":"","_relevanssi_pin_keywords":"","_relevanssi_unpin_keywords":"","_relevanssi_related_keywords":"","_relevanssi_related_include_ids":"","_relevanssi_related_exclude_ids":"","_relevanssi_related_no_append":"","_relevanssi_related_not_related":"","_relevanssi_related_posts":"","_relevanssi_noindex_reason":"","footnotes":""},"acf":[],"yoast_head":"<!-- This site is optimized with the Yoast SEO plugin v22.9 - https:\/\/yoast.com\/wordpress\/plugins\/seo\/ -->\n<title>Access information for Vulcania attractions and safety instructions<\/title>\n<meta name=\"description\" content=\"Prepare your visit to Vulcania: find out about access conditions to make your visit as comfortable and safe as possible.\" \/>\n<meta name=\"robots\" content=\"index, follow, max-snippet:-1, max-image-preview:large, max-video-preview:-1\" \/>\n<link rel=\"canonical\" href=\"https:\/\/www.vulcania.com\/en\/safety-instructions-to-access-the-animations\/\" \/>\n<meta property=\"og:locale\" content=\"en_US\" \/>\n<meta property=\"og:type\" content=\"article\" \/>\n<meta property=\"og:title\" content=\"Access information for Vulcania attractions and safety instructions\" \/>\n<meta property=\"og:description\" content=\"Prepare your visit to Vulcania: find out about access conditions to make your visit as comfortable and safe as possible.\" \/>\n<meta property=\"og:url\" content=\"https:\/\/www.vulcania.com\/en\/safety-instructions-to-access-the-animations\/\" \/>\n<meta property=\"og:site_name\" content=\"Vulcania\" \/>\n<meta property=\"article:publisher\" content=\"https:\/\/www.facebook.com\/ParcVulcania\" \/>\n<meta property=\"article:modified_time\" content=\"2025-03-10T10:23:09+00:00\" \/>\n<meta property=\"og:image\" content=\"https:\/\/www.vulcania.com\/wp-content\/uploads\/2023\/03\/logo-vulcania.png\" \/>\n\t<meta property=\"og:image:width\" content=\"570\" \/>\n\t<meta property=\"og:image:height\" content=\"253\" \/>\n\t<meta property=\"og:image:type\" content=\"image\/png\" \/>\n<meta name=\"twitter:card\" content=\"summary_large_image\" \/>\n<meta name=\"twitter:site\" content=\"@parc_vulcania\" \/>\n<meta name=\"twitter:label1\" content=\"Est. reading time\" \/>\n\t<meta name=\"twitter:data1\" content=\"2 minutes\" \/>\n<script type=\"application\/ld+json\" class=\"yoast-schema-graph\">{\"@context\":\"https:\/\/schema.org\",\"@graph\":[{\"@type\":\"WebPage\",\"@id\":\"https:\/\/www.vulcania.com\/en\/safety-instructions-to-access-the-animations\/\",\"url\":\"https:\/\/www.vulcania.com\/en\/safety-instructions-to-access-the-animations\/\",\"name\":\"Access information for Vulcania attractions and safety instructions\",\"isPartOf\":{\"@id\":\"https:\/\/www.vulcania.com\/#website\"},\"datePublished\":\"2023-05-02T13:51:49+00:00\",\"dateModified\":\"2025-03-10T10:23:09+00:00\",\"description\":\"Prepare your visit to Vulcania: find out about access conditions to make your visit as comfortable and safe as possible.\",\"breadcrumb\":{\"@id\":\"https:\/\/www.vulcania.com\/en\/safety-instructions-to-access-the-animations\/#breadcrumb\"},\"inLanguage\":\"en-US\",\"potentialAction\":[{\"@type\":\"ReadAction\",\"target\":[\"https:\/\/www.vulcania.com\/en\/safety-instructions-to-access-the-animations\/\"]}]},{\"@type\":\"BreadcrumbList\",\"@id\":\"https:\/\/www.vulcania.com\/en\/safety-instructions-to-access-the-animations\/#breadcrumb\",\"itemListElement\":[{\"@type\":\"ListItem\",\"position\":1,\"name\":\"Accueil\",\"item\":\"https:\/\/www.vulcania.com\/en\/\"},{\"@type\":\"ListItem\",\"position\":2,\"name\":\"Safety instructions\"}]},{\"@type\":\"WebSite\",\"@id\":\"https:\/\/www.vulcania.com\/#website\",\"url\":\"https:\/\/www.vulcania.com\/\",\"name\":\"Vulcania\",\"description\":\"Parc \u00e0 th\u00e8me au c\u0153ur des volcans d&#039;Auvergne\",\"publisher\":{\"@id\":\"https:\/\/www.vulcania.com\/#organization\"},\"potentialAction\":[{\"@type\":\"SearchAction\",\"target\":{\"@type\":\"EntryPoint\",\"urlTemplate\":\"https:\/\/www.vulcania.com\/?s={search_term_string}\"},\"query-input\":\"required name=search_term_string\"}],\"inLanguage\":\"en-US\"},{\"@type\":\"Organization\",\"@id\":\"https:\/\/www.vulcania.com\/#organization\",\"name\":\"Vulcania\",\"url\":\"https:\/\/www.vulcania.com\/\",\"logo\":{\"@type\":\"ImageObject\",\"inLanguage\":\"en-US\",\"@id\":\"https:\/\/www.vulcania.com\/#\/schema\/logo\/image\/\",\"url\":\"https:\/\/www.vulcania.com\/wp-content\/uploads\/2023\/03\/logo-vulcania.png\",\"contentUrl\":\"https:\/\/www.vulcania.com\/wp-content\/uploads\/2023\/03\/logo-vulcania.png\",\"width\":570,\"height\":253,\"caption\":\"Vulcania\"},\"image\":{\"@id\":\"https:\/\/www.vulcania.com\/#\/schema\/logo\/image\/\"},\"sameAs\":[\"https:\/\/www.facebook.com\/ParcVulcania\",\"https:\/\/x.com\/parc_vulcania\",\"https:\/\/www.youtube.com\/user\/ParcVulcania\",\"https:\/\/www.instagram.com\/parcvulcania\/\"]}]}<\/script>\n<!-- \/ Yoast SEO plugin. -->","yoast_head_json":{"title":"Access information for Vulcania attractions and safety instructions","description":"Prepare your visit to Vulcania: find out about access conditions to make your visit as comfortable and safe as possible.","robots":{"index":"index","follow":"follow","max-snippet":"max-snippet:-1","max-image-preview":"max-image-preview:large","max-video-preview":"max-video-preview:-1"},"canonical":"https:\/\/www.vulcania.com\/en\/safety-instructions-to-access-the-animations\/","og_locale":"en_US","og_type":"article","og_title":"Access information for Vulcania attractions and safety instructions","og_description":"Prepare your visit to Vulcania: find out about access conditions to make your visit as comfortable and safe as possible.","og_url":"https:\/\/www.vulcania.com\/en\/safety-instructions-to-access-the-animations\/","og_site_name":"Vulcania","article_publisher":"https:\/\/www.facebook.com\/ParcVulcania","article_modified_time":"2025-03-10T10:23:09+00:00","og_image":[{"width":570,"height":253,"url":"https:\/\/www.vulcania.com\/wp-content\/uploads\/2023\/03\/logo-vulcania.png","type":"image\/png"}],"twitter_card":"summary_large_image","twitter_site":"@parc_vulcania","twitter_misc":{"Est. reading time":"2 minutes"},"schema":{"@context":"https:\/\/schema.org","@graph":[{"@type":"WebPage","@id":"https:\/\/www.vulcania.com\/en\/safety-instructions-to-access-the-animations\/","url":"https:\/\/www.vulcania.com\/en\/safety-instructions-to-access-the-animations\/","name":"Access information for Vulcania attractions and safety instructions","isPartOf":{"@id":"https:\/\/www.vulcania.com\/#website"},"datePublished":"2023-05-02T13:51:49+00:00","dateModified":"2025-03-10T10:23:09+00:00","description":"Prepare your visit to Vulcania: find out about access conditions to make your visit as comfortable and safe as possible.","breadcrumb":{"@id":"https:\/\/www.vulcania.com\/en\/safety-instructions-to-access-the-animations\/#breadcrumb"},"inLanguage":"en-US","potentialAction":[{"@type":"ReadAction","target":["https:\/\/www.vulcania.com\/en\/safety-instructions-to-access-the-animations\/"]}]},{"@type":"BreadcrumbList","@id":"https:\/\/www.vulcania.com\/en\/safety-instructions-to-access-the-animations\/#breadcrumb","itemListElement":[{"@type":"ListItem","position":1,"name":"Accueil","item":"https:\/\/www.vulcania.com\/en\/"},{"@type":"ListItem","position":2,"name":"Safety instructions"}]},{"@type":"WebSite","@id":"https:\/\/www.vulcania.com\/#website","url":"https:\/\/www.vulcania.com\/","name":"Vulcania","description":"Parc \u00e0 th\u00e8me au c\u0153ur des volcans d&#039;Auvergne","publisher":{"@id":"https:\/\/www.vulcania.com\/#organization"},"potentialAction":[{"@type":"SearchAction","target":{"@type":"EntryPoint","urlTemplate":"https:\/\/www.vulcania.com\/?s={search_term_string}"},"query-input":"required name=search_term_string"}],"inLanguage":"en-US"},{"@type":"Organization","@id":"https:\/\/www.vulcania.com\/#organization","name":"Vulcania","url":"https:\/\/www.vulcania.com\/","logo":{"@type":"ImageObject","inLanguage":"en-US","@id":"https:\/\/www.vulcania.com\/#\/schema\/logo\/image\/","url":"https:\/\/www.vulcania.com\/wp-content\/uploads\/2023\/03\/logo-vulcania.png","contentUrl":"https:\/\/www.vulcania.com\/wp-content\/uploads\/2023\/03\/logo-vulcania.png","width":570,"height":253,"caption":"Vulcania"},"image":{"@id":"https:\/\/www.vulcania.com\/#\/schema\/logo\/image\/"},"sameAs":["https:\/\/www.facebook.com\/ParcVulcania","https:\/\/x.com\/parc_vulcania","https:\/\/www.youtube.com\/user\/ParcVulcania","https:\/\/www.instagram.com\/parcvulcania\/"]}]}},"_links":{"self":[{"href":"https:\/\/www.vulcania.com\/en\/wp-json\/wp\/v2\/pages\/18562"}],"collection":[{"href":"https:\/\/www.vulcania.com\/en\/wp-json\/wp\/v2\/pages"}],"about":[{"href":"https:\/\/www.vulcania.com\/en\/wp-json\/wp\/v2\/types\/page"}],"author":[{"embeddable":true,"href":"https:\/\/www.vulcania.com\/en\/wp-json\/wp\/v2\/users\/2"}],"replies":[{"embeddable":true,"href":"https:\/\/www.vulcania.com\/en\/wp-json\/wp\/v2\/comments?post=18562"}],"version-history":[{"count":9,"href":"https:\/\/www.vulcania.com\/en\/wp-json\/wp\/v2\/pages\/18562\/revisions"}],"predecessor-version":[{"id":26286,"href":"https:\/\/www.vulcania.com\/en\/wp-json\/wp\/v2\/pages\/18562\/revisions\/26286"}],"wp:attachment":[{"href":"https:\/\/www.vulcania.com\/en\/wp-json\/wp\/v2\/media?parent=18562"}],"curies":[{"name":"wp","href":"https:\/\/api.w.org\/{rel}","templated":true}]}}