{"id":18614,"date":"2025-07-01T08:00:58","date_gmt":"2025-07-01T06:00:58","guid":{"rendered":"https:\/\/www.vulcania.com\/?page_id=18614"},"modified":"2025-07-01T08:01:30","modified_gmt":"2025-07-01T06:01:30","slug":"evening-tickets","status":"publish","type":"page","link":"https:\/\/www.vulcania.com\/en\/evening-tickets\/","title":{"rendered":"Evening ticket"},"content":{"rendered":"<div class=\"wpb-content-wrapper\"><p>[vc_row][vc_column width=&#8221;5\/6&#8243;][vc_column_text el_class=&#8221;intro&#8221;]Enjoy a special price to discover Vulcania starting from 6 pm during the summer evenings![\/vc_column_text][\/vc_column][vc_column width=&#8221;1\/6&#8243;][vc_column_text el_class=&#8221;sticker coul-1&#8243;]ONLINE<br \/>\nAND ON SITE[\/vc_column_text][\/vc_column][\/vc_row][vc_row][vc_column][vc_empty_space height=&#8221;30&#8243;][\/vc_column][\/vc_row][vc_row][vc_column width=&#8221;1\/2&#8243;][vc_column_text]<\/p>\n<table>\n<tbody>\n<tr>\n<th class=\"entete\">Price per person<br \/>\ninclusive of VAT*<\/th>\n<th class=\"jaune\"><a href=\"https:\/\/www.vulcania.com\/calendrier\/\">Special price starting from 6pm<\/a><\/th>\n<\/tr>\n<tr>\n<td class=\"entete\">Adult<\/td>\n<td>\u20ac20.00<\/td>\n<\/tr>\n<tr>\n<td class=\"entete\">Child<br \/>\n(6 to 16 years old)<\/td>\n<td>\u20ac14.00<\/td>\n<\/tr>\n<tr>\n<td class=\"entete\">Young child<br \/>\n(3 to 5 years old)<\/td>\n<td>\u20ac4.00<\/td>\n<\/tr>\n<\/tbody>\n<\/table>\n<p><em>*Prices include of 10% VAT. &#8211; Children under 3 are our free guests.<br \/>\n<\/em>Information on the <a href=\"\/en\/right-of-withdrawal\/\">right of withdrawal and method of payment<\/a>.[\/vc_column_text][\/vc_column][vc_column width=&#8221;1\/2&#8243;][vc_column_text]<strong>Access to the park from 6pm on &#8220;Soir\u00e9e de l&#8217;\u00e9t\u00e9&#8221; days (summer evenings) on 19, 25 and 26 July and 1, 2, 8, 9, 15, 16 and 23 August 2023.<\/strong><\/p>\n<p>If you already have a dated ticket for one of the above dates, the evening is included.[\/vc_column_text][vc_row_inner][vc_column_inner el_class=&#8221;bloc appel_a_action clair&#8221;][vc_column_text el_class=&#8221;sticker blanc&#8221;]Book now[\/vc_column_text][vc_empty_space height=&#8221;60&#8243;][vc_column_text]<strong>Book your evening tickets online now!<\/strong>[\/vc_column_text][vc_btn title=&#8221;Your evening tickets&#8221; link=&#8221;url:https%3A%2F%2Fbilletterie.vulcania.com%2Fen-GB%2Fproducts%3Ffamille%3D1633657821590300000&#8243; el_class=&#8221;bouton coul-3&#8243;][\/vc_column_inner][\/vc_row_inner][\/vc_column][\/vc_row][vc_row][vc_column][vc_empty_space height=&#8221;30&#8243;][\/vc_column][\/vc_row][vc_row full_width=&#8221;stretch_row&#8221; el_class=&#8221;clair&#8221;][vc_column][vc_empty_space height=&#8221;60&#8243;][vc_column_text el_class=&#8221;intro&#8221;]<\/p>\n<h2>Payment methods accepted on site<\/h2>\n<p>[\/vc_column_text][vc_column_text]Bank cards \/ American express \/ Bank cheques \/ Cash \/ Holiday cheques \/ CADO cheques \/ CULTURE cheques \/ KADEOS cheques[\/vc_column_text][vc_single_image image=&#8221;15512&#8243; img_size=&#8221;large&#8221;][vc_empty_space height=&#8221;60&#8243;][\/vc_column][\/vc_row]<\/p>\n<\/div>","protected":false},"excerpt":{"rendered":"<p>[vc_row][vc_column width=&#8221;5\/6&#8243;][vc_column_text el_class=&#8221;intro&#8221;]Enjoy a special price to discover Vulcania starting from 6 pm during the summer evenings![\/vc_column_text][\/vc_column][vc_column width=&#8221;1\/6&#8243;][vc_column_text el_class=&#8221;sticker coul-1&#8243;]ONLINE AND ON SITE[\/vc_column_text][\/vc_column][\/vc_row][vc_row][vc_column][vc_empty_space height=&#8221;30&#8243;][\/vc_column][\/vc_row][vc_row][vc_column width=&#8221;1\/2&#8243;][vc_column_text] Price per person inclusive of VAT* Special price starting from 6pm Adult \u20ac20.00 Child (6 to 16 years old) \u20ac14.00 Young child (3 to 5 years old) \u20ac4.00 *Prices include [&hellip;]<\/p>\n","protected":false},"author":2,"featured_media":0,"parent":0,"menu_order":0,"comment_status":"closed","ping_status":"closed","template":"","meta":{"_acf_changed":false,"_relevanssi_hide_post":"","_relevanssi_hide_content":"","_relevanssi_pin_for_all":"","_relevanssi_pin_keywords":"","_relevanssi_unpin_keywords":"","_relevanssi_related_keywords":"","_relevanssi_related_include_ids":"","_relevanssi_related_exclude_ids":"","_relevanssi_related_no_append":"","_relevanssi_related_not_related":"","_relevanssi_related_posts":"","_relevanssi_noindex_reason":"","footnotes":""},"acf":[],"yoast_head":"<!-- This site is optimized with the Yoast SEO plugin v22.9 - https:\/\/yoast.com\/wordpress\/plugins\/seo\/ -->\n<title>Buy dated tickets to visit Vulcania park<\/title>\n<meta name=\"description\" content=\"Choose the date of your visit to Vulcania in Auvergne and take advantage of special rates on admission depending on the day of your visit.\" \/>\n<meta name=\"robots\" content=\"index, follow, max-snippet:-1, max-image-preview:large, max-video-preview:-1\" \/>\n<link rel=\"canonical\" href=\"https:\/\/www.vulcania.com\/billet-soirees\/\" \/>\n<meta property=\"og:locale\" content=\"en_US\" \/>\n<meta property=\"og:type\" content=\"article\" \/>\n<meta property=\"og:title\" content=\"Buy dated tickets to visit Vulcania park\" \/>\n<meta property=\"og:description\" content=\"Choose the date of your visit to Vulcania in Auvergne and take advantage of special rates on admission depending on the day of your visit.\" \/>\n<meta property=\"og:url\" content=\"https:\/\/www.vulcania.com\/billet-soirees\/\" \/>\n<meta property=\"og:site_name\" content=\"Vulcania\" \/>\n<meta property=\"article:publisher\" content=\"https:\/\/www.facebook.com\/ParcVulcania\" \/>\n<meta property=\"article:modified_time\" content=\"2025-07-01T06:01:30+00:00\" \/>\n<meta property=\"og:image\" content=\"https:\/\/www.vulcania.com\/wp-content\/uploads\/2023\/03\/logo-vulcania.png\" \/>\n\t<meta property=\"og:image:width\" content=\"570\" \/>\n\t<meta property=\"og:image:height\" content=\"253\" \/>\n\t<meta property=\"og:image:type\" content=\"image\/png\" \/>\n<meta name=\"twitter:card\" content=\"summary_large_image\" \/>\n<meta name=\"twitter:site\" content=\"@parc_vulcania\" \/>\n<meta name=\"twitter:label1\" content=\"Est. reading time\" \/>\n\t<meta name=\"twitter:data1\" content=\"1 minute\" \/>\n<script type=\"application\/ld+json\" class=\"yoast-schema-graph\">{\"@context\":\"https:\/\/schema.org\",\"@graph\":[{\"@type\":\"WebPage\",\"@id\":\"https:\/\/www.vulcania.com\/billet-soirees\/\",\"url\":\"https:\/\/www.vulcania.com\/billet-soirees\/\",\"name\":\"Buy dated tickets to visit Vulcania park\",\"isPartOf\":{\"@id\":\"https:\/\/www.vulcania.com\/#website\"},\"datePublished\":\"2025-07-01T06:00:58+00:00\",\"dateModified\":\"2025-07-01T06:01:30+00:00\",\"description\":\"Choose the date of your visit to Vulcania in Auvergne and take advantage of special rates on admission depending on the day of your visit.\",\"breadcrumb\":{\"@id\":\"https:\/\/www.vulcania.com\/billet-soirees\/#breadcrumb\"},\"inLanguage\":\"en-US\",\"potentialAction\":[{\"@type\":\"ReadAction\",\"target\":[\"https:\/\/www.vulcania.com\/billet-soirees\/\"]}]},{\"@type\":\"BreadcrumbList\",\"@id\":\"https:\/\/www.vulcania.com\/billet-soirees\/#breadcrumb\",\"itemListElement\":[{\"@type\":\"ListItem\",\"position\":1,\"name\":\"Accueil\",\"item\":\"https:\/\/www.vulcania.com\/en\/\"},{\"@type\":\"ListItem\",\"position\":2,\"name\":\"Evening ticket\"}]},{\"@type\":\"WebSite\",\"@id\":\"https:\/\/www.vulcania.com\/#website\",\"url\":\"https:\/\/www.vulcania.com\/\",\"name\":\"Vulcania\",\"description\":\"Parc \u00e0 th\u00e8me au c\u0153ur des volcans d&#039;Auvergne\",\"publisher\":{\"@id\":\"https:\/\/www.vulcania.com\/#organization\"},\"potentialAction\":[{\"@type\":\"SearchAction\",\"target\":{\"@type\":\"EntryPoint\",\"urlTemplate\":\"https:\/\/www.vulcania.com\/?s={search_term_string}\"},\"query-input\":\"required name=search_term_string\"}],\"inLanguage\":\"en-US\"},{\"@type\":\"Organization\",\"@id\":\"https:\/\/www.vulcania.com\/#organization\",\"name\":\"Vulcania\",\"url\":\"https:\/\/www.vulcania.com\/\",\"logo\":{\"@type\":\"ImageObject\",\"inLanguage\":\"en-US\",\"@id\":\"https:\/\/www.vulcania.com\/#\/schema\/logo\/image\/\",\"url\":\"https:\/\/www.vulcania.com\/wp-content\/uploads\/2023\/03\/logo-vulcania.png\",\"contentUrl\":\"https:\/\/www.vulcania.com\/wp-content\/uploads\/2023\/03\/logo-vulcania.png\",\"width\":570,\"height\":253,\"caption\":\"Vulcania\"},\"image\":{\"@id\":\"https:\/\/www.vulcania.com\/#\/schema\/logo\/image\/\"},\"sameAs\":[\"https:\/\/www.facebook.com\/ParcVulcania\",\"https:\/\/x.com\/parc_vulcania\",\"https:\/\/www.youtube.com\/user\/ParcVulcania\",\"https:\/\/www.instagram.com\/parcvulcania\/\"]}]}<\/script>\n<!-- \/ Yoast SEO plugin. -->","yoast_head_json":{"title":"Buy dated tickets to visit Vulcania park","description":"Choose the date of your visit to Vulcania in Auvergne and take advantage of special rates on admission depending on the day of your visit.","robots":{"index":"index","follow":"follow","max-snippet":"max-snippet:-1","max-image-preview":"max-image-preview:large","max-video-preview":"max-video-preview:-1"},"canonical":"https:\/\/www.vulcania.com\/billet-soirees\/","og_locale":"en_US","og_type":"article","og_title":"Buy dated tickets to visit Vulcania park","og_description":"Choose the date of your visit to Vulcania in Auvergne and take advantage of special rates on admission depending on the day of your visit.","og_url":"https:\/\/www.vulcania.com\/billet-soirees\/","og_site_name":"Vulcania","article_publisher":"https:\/\/www.facebook.com\/ParcVulcania","article_modified_time":"2025-07-01T06:01:30+00:00","og_image":[{"width":570,"height":253,"url":"https:\/\/www.vulcania.com\/wp-content\/uploads\/2023\/03\/logo-vulcania.png","type":"image\/png"}],"twitter_card":"summary_large_image","twitter_site":"@parc_vulcania","twitter_misc":{"Est. reading time":"1 minute"},"schema":{"@context":"https:\/\/schema.org","@graph":[{"@type":"WebPage","@id":"https:\/\/www.vulcania.com\/billet-soirees\/","url":"https:\/\/www.vulcania.com\/billet-soirees\/","name":"Buy dated tickets to visit Vulcania park","isPartOf":{"@id":"https:\/\/www.vulcania.com\/#website"},"datePublished":"2025-07-01T06:00:58+00:00","dateModified":"2025-07-01T06:01:30+00:00","description":"Choose the date of your visit to Vulcania in Auvergne and take advantage of special rates on admission depending on the day of your visit.","breadcrumb":{"@id":"https:\/\/www.vulcania.com\/billet-soirees\/#breadcrumb"},"inLanguage":"en-US","potentialAction":[{"@type":"ReadAction","target":["https:\/\/www.vulcania.com\/billet-soirees\/"]}]},{"@type":"BreadcrumbList","@id":"https:\/\/www.vulcania.com\/billet-soirees\/#breadcrumb","itemListElement":[{"@type":"ListItem","position":1,"name":"Accueil","item":"https:\/\/www.vulcania.com\/en\/"},{"@type":"ListItem","position":2,"name":"Evening ticket"}]},{"@type":"WebSite","@id":"https:\/\/www.vulcania.com\/#website","url":"https:\/\/www.vulcania.com\/","name":"Vulcania","description":"Parc \u00e0 th\u00e8me au c\u0153ur des volcans d&#039;Auvergne","publisher":{"@id":"https:\/\/www.vulcania.com\/#organization"},"potentialAction":[{"@type":"SearchAction","target":{"@type":"EntryPoint","urlTemplate":"https:\/\/www.vulcania.com\/?s={search_term_string}"},"query-input":"required name=search_term_string"}],"inLanguage":"en-US"},{"@type":"Organization","@id":"https:\/\/www.vulcania.com\/#organization","name":"Vulcania","url":"https:\/\/www.vulcania.com\/","logo":{"@type":"ImageObject","inLanguage":"en-US","@id":"https:\/\/www.vulcania.com\/#\/schema\/logo\/image\/","url":"https:\/\/www.vulcania.com\/wp-content\/uploads\/2023\/03\/logo-vulcania.png","contentUrl":"https:\/\/www.vulcania.com\/wp-content\/uploads\/2023\/03\/logo-vulcania.png","width":570,"height":253,"caption":"Vulcania"},"image":{"@id":"https:\/\/www.vulcania.com\/#\/schema\/logo\/image\/"},"sameAs":["https:\/\/www.facebook.com\/ParcVulcania","https:\/\/x.com\/parc_vulcania","https:\/\/www.youtube.com\/user\/ParcVulcania","https:\/\/www.instagram.com\/parcvulcania\/"]}]}},"_links":{"self":[{"href":"https:\/\/www.vulcania.com\/en\/wp-json\/wp\/v2\/pages\/18614"}],"collection":[{"href":"https:\/\/www.vulcania.com\/en\/wp-json\/wp\/v2\/pages"}],"about":[{"href":"https:\/\/www.vulcania.com\/en\/wp-json\/wp\/v2\/types\/page"}],"author":[{"embeddable":true,"href":"https:\/\/www.vulcania.com\/en\/wp-json\/wp\/v2\/users\/2"}],"replies":[{"embeddable":true,"href":"https:\/\/www.vulcania.com\/en\/wp-json\/wp\/v2\/comments?post=18614"}],"version-history":[{"count":5,"href":"https:\/\/www.vulcania.com\/en\/wp-json\/wp\/v2\/pages\/18614\/revisions"}],"predecessor-version":[{"id":19102,"href":"https:\/\/www.vulcania.com\/en\/wp-json\/wp\/v2\/pages\/18614\/revisions\/19102"}],"wp:attachment":[{"href":"https:\/\/www.vulcania.com\/en\/wp-json\/wp\/v2\/media?parent=18614"}],"curies":[{"name":"wp","href":"https:\/\/api.w.org\/{rel}","templated":true}]}}