{"id":18889,"date":"2023-04-26T10:54:13","date_gmt":"2023-04-26T08:54:13","guid":{"rendered":"https:\/\/www.vulcania.com\/?page_id=18889"},"modified":"2024-03-28T10:09:11","modified_gmt":"2024-03-28T09:09:11","slug":"all-inclusive-stays","status":"publish","type":"page","link":"https:\/\/www.vulcania.com\/en\/all-inclusive-stays\/","title":{"rendered":"Stay at Vulcania"},"content":{"rendered":"<div class=\"wpb-content-wrapper\"><p>[vc_row][vc_column][vc_column_text el_class=&#8221;intro&#8221; css=&#8221;.vc_custom_1711616804757{margin-bottom: 30px !important;}&#8221;]<\/p>\n<p style=\"text-align: justify;\">Visiting Vulcania is an opportunity to explore Auvergne and the <a href=\"\/en\/unesco\/\"><strong>Cha\u00eene des Puys-Limagne Fault Tectonic Arena<\/strong><\/a> recently listed as a <strong>UNESCO World Heritage Site<\/strong>.<\/p>\n<p>[\/vc_column_text][\/vc_column][\/vc_row][vc_row][vc_column el_class=&#8221;bloc contour solide rayon&#8221;][vc_column_text css=&#8221;.vc_custom_1688131155593{margin-bottom: 15px !important;}&#8221;]<\/p>\n<h2>Your all-inclusive stay<\/h2>\n<p>[\/vc_column_text][vc_column_text css=&#8221;.vc_custom_1711616851980{margin-bottom: 15px !important;}&#8221;]To best plan your visit to Vulcania, why not book your accommodation at the same time as your entry tickets to the park?<\/p>\n<p style=\"text-align: left;\">With a wide range of carefully selected partners located closest to the essential tourist sites of Auvergne and <a href=\"\/en\/unesco\/\">the Cha\u00eene des Puys-Limagne Fault Tectonic Arena<\/a> which is a listed UNESCO World Heritage site.<\/p>\n<p>[\/vc_column_text][vc_column_text css=&#8221;.vc_custom_1711616865451{margin-bottom: 30px !important;}&#8221; el_class=&#8221;jolie-liste&#8221;]<\/p>\n<ul>\n<li><strong>Accommodation + breakfast + entry to the park<\/strong> for 1 or 2 days<\/li>\n<li><strong>Selection of the best partners<\/strong> to suit all tastes and budgets<\/li>\n<li><strong>Easy and secure booking<\/strong> of your all-inclusive stay in just a few clicks<\/li>\n<\/ul>\n<p>[\/vc_column_text][vc_btn title=&#8221;BOOK YOUR ALL-INCLUSIVE STAY&#8221; link=&#8221;url:https%3A%2F%2Fholiday.vulcania.com%2F&#8221; el_class=&#8221;bouton coul-3&#8243;][\/vc_column][\/vc_row][vc_row][vc_column][vc_column_text el_class=&#8221;intro&#8221; css=&#8221;.vc_custom_1711616873251{margin-bottom: 20px !important;}&#8221;]<\/p>\n<h2><strong>SPECIAL OFFERS\u00a0<\/strong>FOR YOUR SHORT BREAK<\/h2>\n<p>[\/vc_column_text][vc_column_text css=&#8221;.vc_custom_1711616883980{margin-bottom: 20px !important;}&#8221;]<\/p>\n<p style=\"text-align: left;\">To give you time to delve deep into this outstanding natural environment, Vulcania and its partners give you a chance to extend your stay at a special rate. That way you can take advantage of your visit to the park to discover the Cha\u00eene des Puys and other iconic sites around Auvergne and Clermont-Ferrand.<\/p>\n<p>[\/vc_column_text][\/vc_column][\/vc_row][vc_row content_placement=&#8221;middle&#8221;][vc_column width=&#8221;1\/2&#8243;][vc_single_image image=&#8221;18894&#8243; img_size=&#8221;large&#8221; onclick=&#8221;custom_link&#8221; link=&#8221;https:\/\/holiday.vulcania.com\/good-deals.html&#8221; el_class=&#8221;coins-arrondis&#8221;][\/vc_column][vc_column width=&#8221;1\/2&#8243;][vc_column_text css=&#8221;.vc_custom_1711616891083{margin-bottom: 20px !important;}&#8221;]<\/p>\n<h3>2nd night at 50% off or 3rd night for free !<\/h3>\n<p style=\"text-align: justify;\">Treat yourself to a short stay in Auvergne in the heart of the Cha\u00eene des Puys for an immersive experience of Vulcania and its surroundings.<\/p>\n<p>[\/vc_column_text][vc_btn title=&#8221;Take advantage of this offer&#8221; link=&#8221;url:https%3A%2F%2Fholiday.vulcania.com%2Fgood-deals.html&#8221; el_class=&#8221;bouton coul-3&#8243;][\/vc_column][\/vc_row][vc_row content_placement=&#8221;middle&#8221;][vc_column width=&#8221;1\/2&#8243;][vc_single_image image=&#8221;15571&#8243; img_size=&#8221;large&#8221; onclick=&#8221;custom_link&#8221; link=&#8221;https:\/\/holiday.vulcania.com\/activities-around-vulcania.html&#8221; el_class=&#8221;coins-arrondis&#8221;][\/vc_column][vc_column width=&#8221;1\/2&#8243;][vc_column_text css=&#8221;.vc_custom_1711616902204{margin-bottom: 20px !important;}&#8221;]<\/p>\n<h3>Discover Auvergne<\/h3>\n<p style=\"text-align: left;\">Whatever type of stay you opt for, round off your Auvergne trip with a local tourist activity. In addition to your visit to the park, how about riding up the Puy-de-D\u00f4me on the Panoramique des D\u00f4mes, visiting the museum L\u2019Aventure Michelin or the Clermont-Ferrand rugby with ASM Experience?<\/p>\n<p>[\/vc_column_text][vc_btn title=&#8221;Find out more&#8221; link=&#8221;url:https%3A%2F%2Fholiday.vulcania.com%2Factivities-around-vulcania.html&#8221; el_class=&#8221;bouton coul-3&#8243;][\/vc_column][\/vc_row][vc_row][vc_column][vc_empty_space height=&#8221;30&#8243;][\/vc_column][\/vc_row]<\/p>\n<\/div>","protected":false},"excerpt":{"rendered":"<p>[vc_row][vc_column][vc_column_text el_class=&#8221;intro&#8221; css=&#8221;.vc_custom_1711616804757{margin-bottom: 30px !important;}&#8221;] Visiting Vulcania is an opportunity to explore Auvergne and the Cha\u00eene des Puys-Limagne Fault Tectonic Arena recently listed as a UNESCO World Heritage Site. [\/vc_column_text][\/vc_column][\/vc_row][vc_row][vc_column el_class=&#8221;bloc contour solide rayon&#8221;][vc_column_text css=&#8221;.vc_custom_1688131155593{margin-bottom: 15px !important;}&#8221;] Your all-inclusive stay [\/vc_column_text][vc_column_text css=&#8221;.vc_custom_1711616851980{margin-bottom: 15px !important;}&#8221;]To best plan your visit to Vulcania, why not book your accommodation [&hellip;]<\/p>\n","protected":false},"author":2,"featured_media":0,"parent":0,"menu_order":0,"comment_status":"closed","ping_status":"closed","template":"","meta":{"_acf_changed":false,"_relevanssi_hide_post":"","_relevanssi_hide_content":"","_relevanssi_pin_for_all":"","_relevanssi_pin_keywords":"","_relevanssi_unpin_keywords":"","_relevanssi_related_keywords":"","_relevanssi_related_include_ids":"","_relevanssi_related_exclude_ids":"","_relevanssi_related_no_append":"","_relevanssi_related_not_related":"","_relevanssi_related_posts":"","_relevanssi_noindex_reason":"","footnotes":""},"acf":[],"yoast_head":"<!-- This site is optimized with the Yoast SEO plugin v22.9 - https:\/\/yoast.com\/wordpress\/plugins\/seo\/ -->\n<title>Book an all-inclusive holiday for your visit to Vulcania!<\/title>\n<meta name=\"description\" content=\"Enjoy an all-inclusive holiday including accommodation, breakfasts and entry to Vulcania park for all the family\" \/>\n<meta name=\"robots\" content=\"index, follow, max-snippet:-1, max-image-preview:large, max-video-preview:-1\" \/>\n<link rel=\"canonical\" href=\"https:\/\/www.vulcania.com\/en\/all-inclusive-stays\/\" \/>\n<meta property=\"og:locale\" content=\"en_US\" \/>\n<meta property=\"og:type\" content=\"article\" \/>\n<meta property=\"og:title\" content=\"Book an all-inclusive holiday for your visit to Vulcania!\" \/>\n<meta property=\"og:description\" content=\"Enjoy an all-inclusive holiday including accommodation, breakfasts and entry to Vulcania park for all the family\" \/>\n<meta property=\"og:url\" content=\"https:\/\/www.vulcania.com\/en\/all-inclusive-stays\/\" \/>\n<meta property=\"og:site_name\" content=\"Vulcania\" \/>\n<meta property=\"article:publisher\" content=\"https:\/\/www.facebook.com\/ParcVulcania\" \/>\n<meta property=\"article:modified_time\" content=\"2024-03-28T09:09:11+00:00\" \/>\n<meta property=\"og:image\" content=\"https:\/\/www.vulcania.com\/wp-content\/uploads\/2023\/03\/logo-vulcania.png\" \/>\n\t<meta property=\"og:image:width\" content=\"570\" \/>\n\t<meta property=\"og:image:height\" content=\"253\" \/>\n\t<meta property=\"og:image:type\" content=\"image\/png\" \/>\n<meta name=\"twitter:card\" content=\"summary_large_image\" \/>\n<meta name=\"twitter:site\" content=\"@parc_vulcania\" \/>\n<meta name=\"twitter:label1\" content=\"Est. reading time\" \/>\n\t<meta name=\"twitter:data1\" content=\"3 minutes\" \/>\n<script type=\"application\/ld+json\" class=\"yoast-schema-graph\">{\"@context\":\"https:\/\/schema.org\",\"@graph\":[{\"@type\":\"WebPage\",\"@id\":\"https:\/\/www.vulcania.com\/en\/all-inclusive-stays\/\",\"url\":\"https:\/\/www.vulcania.com\/en\/all-inclusive-stays\/\",\"name\":\"Book an all-inclusive holiday for your visit to Vulcania!\",\"isPartOf\":{\"@id\":\"https:\/\/www.vulcania.com\/#website\"},\"datePublished\":\"2023-04-26T08:54:13+00:00\",\"dateModified\":\"2024-03-28T09:09:11+00:00\",\"description\":\"Enjoy an all-inclusive holiday including accommodation, breakfasts and entry to Vulcania park for all the family\",\"breadcrumb\":{\"@id\":\"https:\/\/www.vulcania.com\/en\/all-inclusive-stays\/#breadcrumb\"},\"inLanguage\":\"en-US\",\"potentialAction\":[{\"@type\":\"ReadAction\",\"target\":[\"https:\/\/www.vulcania.com\/en\/all-inclusive-stays\/\"]}]},{\"@type\":\"BreadcrumbList\",\"@id\":\"https:\/\/www.vulcania.com\/en\/all-inclusive-stays\/#breadcrumb\",\"itemListElement\":[{\"@type\":\"ListItem\",\"position\":1,\"name\":\"Accueil\",\"item\":\"https:\/\/www.vulcania.com\/en\/\"},{\"@type\":\"ListItem\",\"position\":2,\"name\":\"Stay at Vulcania\"}]},{\"@type\":\"WebSite\",\"@id\":\"https:\/\/www.vulcania.com\/#website\",\"url\":\"https:\/\/www.vulcania.com\/\",\"name\":\"Vulcania\",\"description\":\"Parc \u00e0 th\u00e8me au c\u0153ur des volcans d&#039;Auvergne\",\"publisher\":{\"@id\":\"https:\/\/www.vulcania.com\/#organization\"},\"potentialAction\":[{\"@type\":\"SearchAction\",\"target\":{\"@type\":\"EntryPoint\",\"urlTemplate\":\"https:\/\/www.vulcania.com\/?s={search_term_string}\"},\"query-input\":\"required name=search_term_string\"}],\"inLanguage\":\"en-US\"},{\"@type\":\"Organization\",\"@id\":\"https:\/\/www.vulcania.com\/#organization\",\"name\":\"Vulcania\",\"url\":\"https:\/\/www.vulcania.com\/\",\"logo\":{\"@type\":\"ImageObject\",\"inLanguage\":\"en-US\",\"@id\":\"https:\/\/www.vulcania.com\/#\/schema\/logo\/image\/\",\"url\":\"https:\/\/www.vulcania.com\/wp-content\/uploads\/2023\/03\/logo-vulcania.png\",\"contentUrl\":\"https:\/\/www.vulcania.com\/wp-content\/uploads\/2023\/03\/logo-vulcania.png\",\"width\":570,\"height\":253,\"caption\":\"Vulcania\"},\"image\":{\"@id\":\"https:\/\/www.vulcania.com\/#\/schema\/logo\/image\/\"},\"sameAs\":[\"https:\/\/www.facebook.com\/ParcVulcania\",\"https:\/\/x.com\/parc_vulcania\",\"https:\/\/www.youtube.com\/user\/ParcVulcania\",\"https:\/\/www.instagram.com\/parcvulcania\/\"]}]}<\/script>\n<!-- \/ Yoast SEO plugin. -->","yoast_head_json":{"title":"Book an all-inclusive holiday for your visit to Vulcania!","description":"Enjoy an all-inclusive holiday including accommodation, breakfasts and entry to Vulcania park for all the family","robots":{"index":"index","follow":"follow","max-snippet":"max-snippet:-1","max-image-preview":"max-image-preview:large","max-video-preview":"max-video-preview:-1"},"canonical":"https:\/\/www.vulcania.com\/en\/all-inclusive-stays\/","og_locale":"en_US","og_type":"article","og_title":"Book an all-inclusive holiday for your visit to Vulcania!","og_description":"Enjoy an all-inclusive holiday including accommodation, breakfasts and entry to Vulcania park for all the family","og_url":"https:\/\/www.vulcania.com\/en\/all-inclusive-stays\/","og_site_name":"Vulcania","article_publisher":"https:\/\/www.facebook.com\/ParcVulcania","article_modified_time":"2024-03-28T09:09:11+00:00","og_image":[{"width":570,"height":253,"url":"https:\/\/www.vulcania.com\/wp-content\/uploads\/2023\/03\/logo-vulcania.png","type":"image\/png"}],"twitter_card":"summary_large_image","twitter_site":"@parc_vulcania","twitter_misc":{"Est. reading time":"3 minutes"},"schema":{"@context":"https:\/\/schema.org","@graph":[{"@type":"WebPage","@id":"https:\/\/www.vulcania.com\/en\/all-inclusive-stays\/","url":"https:\/\/www.vulcania.com\/en\/all-inclusive-stays\/","name":"Book an all-inclusive holiday for your visit to Vulcania!","isPartOf":{"@id":"https:\/\/www.vulcania.com\/#website"},"datePublished":"2023-04-26T08:54:13+00:00","dateModified":"2024-03-28T09:09:11+00:00","description":"Enjoy an all-inclusive holiday including accommodation, breakfasts and entry to Vulcania park for all the family","breadcrumb":{"@id":"https:\/\/www.vulcania.com\/en\/all-inclusive-stays\/#breadcrumb"},"inLanguage":"en-US","potentialAction":[{"@type":"ReadAction","target":["https:\/\/www.vulcania.com\/en\/all-inclusive-stays\/"]}]},{"@type":"BreadcrumbList","@id":"https:\/\/www.vulcania.com\/en\/all-inclusive-stays\/#breadcrumb","itemListElement":[{"@type":"ListItem","position":1,"name":"Accueil","item":"https:\/\/www.vulcania.com\/en\/"},{"@type":"ListItem","position":2,"name":"Stay at Vulcania"}]},{"@type":"WebSite","@id":"https:\/\/www.vulcania.com\/#website","url":"https:\/\/www.vulcania.com\/","name":"Vulcania","description":"Parc \u00e0 th\u00e8me au c\u0153ur des volcans d&#039;Auvergne","publisher":{"@id":"https:\/\/www.vulcania.com\/#organization"},"potentialAction":[{"@type":"SearchAction","target":{"@type":"EntryPoint","urlTemplate":"https:\/\/www.vulcania.com\/?s={search_term_string}"},"query-input":"required name=search_term_string"}],"inLanguage":"en-US"},{"@type":"Organization","@id":"https:\/\/www.vulcania.com\/#organization","name":"Vulcania","url":"https:\/\/www.vulcania.com\/","logo":{"@type":"ImageObject","inLanguage":"en-US","@id":"https:\/\/www.vulcania.com\/#\/schema\/logo\/image\/","url":"https:\/\/www.vulcania.com\/wp-content\/uploads\/2023\/03\/logo-vulcania.png","contentUrl":"https:\/\/www.vulcania.com\/wp-content\/uploads\/2023\/03\/logo-vulcania.png","width":570,"height":253,"caption":"Vulcania"},"image":{"@id":"https:\/\/www.vulcania.com\/#\/schema\/logo\/image\/"},"sameAs":["https:\/\/www.facebook.com\/ParcVulcania","https:\/\/x.com\/parc_vulcania","https:\/\/www.youtube.com\/user\/ParcVulcania","https:\/\/www.instagram.com\/parcvulcania\/"]}]}},"_links":{"self":[{"href":"https:\/\/www.vulcania.com\/en\/wp-json\/wp\/v2\/pages\/18889"}],"collection":[{"href":"https:\/\/www.vulcania.com\/en\/wp-json\/wp\/v2\/pages"}],"about":[{"href":"https:\/\/www.vulcania.com\/en\/wp-json\/wp\/v2\/types\/page"}],"author":[{"embeddable":true,"href":"https:\/\/www.vulcania.com\/en\/wp-json\/wp\/v2\/users\/2"}],"replies":[{"embeddable":true,"href":"https:\/\/www.vulcania.com\/en\/wp-json\/wp\/v2\/comments?post=18889"}],"version-history":[{"count":5,"href":"https:\/\/www.vulcania.com\/en\/wp-json\/wp\/v2\/pages\/18889\/revisions"}],"predecessor-version":[{"id":22171,"href":"https:\/\/www.vulcania.com\/en\/wp-json\/wp\/v2\/pages\/18889\/revisions\/22171"}],"wp:attachment":[{"href":"https:\/\/www.vulcania.com\/en\/wp-json\/wp\/v2\/media?parent=18889"}],"curies":[{"name":"wp","href":"https:\/\/api.w.org\/{rel}","templated":true}]}}