{"id":18897,"date":"2023-04-20T18:05:36","date_gmt":"2023-04-20T16:05:36","guid":{"rendered":"https:\/\/www.vulcania.com\/?page_id=18897"},"modified":"2025-11-20T09:53:39","modified_gmt":"2025-11-20T08:53:39","slug":"calendar","status":"publish","type":"page","link":"https:\/\/www.vulcania.com\/en\/calendar\/","title":{"rendered":"Calendar and opening times for 2026"},"content":{"rendered":"<div class=\"wpb-content-wrapper\"><p>[vc_row][vc_column width=&#8221;1\/2&#8243;][vc_column_text css=&#8221;&#8221; el_class=&#8221;intro&#8221;]In <strong>2026<\/strong>, Vulcania will open <strong>from March 25 to November 1<\/strong>.[\/vc_column_text][\/vc_column][vc_column width=&#8221;1\/2&#8243;][vc_column_text css=&#8221;&#8221; el_class=&#8221;bloc sombre annonce&#8221;]<strong>Opening dates and times for 2026 will soon be available.<\/strong>[\/vc_column_text][\/vc_column][\/vc_row][vc_row][vc_column][vc_tta_accordion style=&#8221;flat&#8221; shape=&#8221;square&#8221; c_position=&#8221;right&#8221; active_section=&#8221;1000&#8243; no_fill=&#8221;true&#8221; collapsible_all=&#8221;true&#8221; el_class=&#8221;accordeon rouge&#8221;][vc_tta_section title=&#8221;Display calendar captions&#8221; tab_id=&#8221;1716370226143-59a6e547-7b0f&#8221;][vc_row_inner][vc_column_inner width=&#8221;1\/2&#8243;][vc_column_text css=&#8221;&#8221; el_class=&#8221;legende_calendrier&#8221;]<\/p>\n<ul>\n<li class=\"periode-verte\"><strong>Green period<\/strong><br \/>\nLow season<\/li>\n<li class=\"periode-bleue\"><strong>Blue period<\/strong><br \/>\nSchool holidays and weekends with public holidays<\/li>\n<li class=\"periode-jaune\"><strong>Yellow period<\/strong><br \/>\nSpecial events and attractions opened in the evening<\/li>\n<\/ul>\n<p>[\/vc_column_text][\/vc_column_inner][vc_column_inner width=&#8221;1\/2&#8243;][vc_column_text css=&#8221;&#8221;]<img decoding=\"async\" class=\"alignnone wp-image-20891\" src=\"https:\/\/www.vulcania.com\/wp-content\/uploads\/2024\/01\/periode-violette.png\" alt=\"\" width=\"26\" height=\"26\" \/> <strong>Purple period<\/strong><br \/>\nEvents &#8220;Astronomiales&#8221;<\/p>\n<p><img decoding=\"async\" class=\"alignnone wp-image-20346\" src=\"https:\/\/www.vulcania.com\/wp-content\/uploads\/2023\/11\/legende-fermeture-parc.png\" alt=\"\" width=\"26\" height=\"26\" \/> <strong>Park closed<\/strong><br \/>\nOn Monday March 30 and Tuesday March 31, 2026. On Monday and Tuesday from September 1 to October 13, 2026.<\/p>\n<p><img decoding=\"async\" class=\"alignnone wp-image-20348\" src=\"https:\/\/www.vulcania.com\/wp-content\/uploads\/2023\/11\/legende-fermeture-parc-blanc.png\" alt=\"\" width=\"26\" height=\"26\" \/> <strong>Off-season<\/strong><br \/>\nFrom November 3, 2025 to March 24, 2026. From November 2 to December 31, 2026.[\/vc_column_text][\/vc_column_inner][\/vc_row_inner][\/vc_tta_section][\/vc_tta_accordion][\/vc_column][\/vc_row][vc_row][vc_column]<style>.datepicker_code_V{background-color: #70ad47 !important;} .datepicker_code_F{background-color: #000000 !important;} .datepicker_code_B1{background-color: #5b9bd5 !important;} .datepicker_code_B{background-color: #5b9bd5 !important;} .datepicker_code_R{background-color: #70ad47 !important;} .datepicker_code_J{background-color: #ffc000 !important;} .datepicker_code_B2{background-color: #5b9bd5 !important;} .datepicker_code_B3{background-color: #5b9bd5 !important;} .datepicker_code_A{background-color: #857ebd !important;} .datepicker_code_J1{background-color: #ffc000 !important;} .datepicker_code_V1{background-color: #70ad47 !important;} <\/style><div id=\"vulcania_planning\">\n\t<div class=\"left_bloc\">\n\t\t<div class=\"vulcania_planning_subtitle\">Prepare your visit!<\/div>\n\t\t<div id=\"vulcania_planning_datepicker\"><\/div>\n\t<\/div>\n\t<div class=\"right_bloc\">\n\t\t<div id=\"vulcania_planning_date_title\" class=\"hidden\">Vulcania diary for <span class=\"planning_value\"><\/span><\/div>\n\t\t<div id=\"vulcania_planning_info_exceptionnelle\" class=\"hidden\"><i class=\"icon\"><\/i><span class=\"planning_value\"><\/span><\/div>\n\t\t<div id=\"vulcania_planning_open\" class=\"hidden\">\n\t\t\t<div class=\"vulcania_planning_horaires_bloc\">\n\t\t\t\t<div id=\"vulcania_planning_horaires_title\"><i class=\"icon\"><\/i>The park is open from <span class=\"planning_value ouverture\"><\/span> to <span class=\"planning_value fermeture\"><\/span><\/div>\n\t\t\t\t<div class=\"vulcania_planning_horaires_message vulcania_planning_open_message hidden\"><\/div>\n\t\t\t<\/div>\n\t\t\t<div class=\"vulcania_planning_tarifs_bloc\">\n\t\t\t\t<div class=\"vulcania_planning_tarifs_title\"><i class=\"icon\"><\/i>Rates for today<\/div>\n\t\t\t\t<div class=\"vulcania_planning_tarifs_periode\">Period<span id=\"vulcania_planning_tarifs_periode_color\"><\/span><\/div>\n\t\t\t\t<div id=\"vulcania_planning_tarifs_details\"><\/div>\n\t\t\t<\/div>\n\t\t\t<div class=\"vulcania_planning_animations_permanentes_bloc\">\n\t\t\t\t<div class=\"vulcania_planning_animations_permanentes_title\"><i class=\"icon\"><\/i>Permanent animations<\/div>\n\t\t\t\t<div id=\"vulcania_planning_animations_permanentes_open\" class=\"hidden\"><a href=\"\/quels-sont-les-differents-types-danimations-du-parc\/\">Make the most of all the permanent animations.<\/a><\/div>\n\t\t\t\t<div id=\"vulcania_planning_animations_permanentes_close\" class=\"hidden\">The following permanent animations are currently closed:<ul class=\"planning_value\"><\/ul><\/div>\n\t\t\t<\/div>\n\t\t\t<div id=\"vulcania_planning_animations_temporaires_bloc\" class=\"hidden\">\n\t\t\t\t<div class=\"vulcania_planning_animations_temporaires_title\"><i class=\"icon\"><\/i>Temporary animations<\/div>\n\t\t\t\t<div class=\"vulcania_planning_animations_temporaires_open\">Enjoy the following temporary animations in the park:<ul class=\"planning_value\"><\/ul><\/div>\n\t\t\t<\/div>\n\t\t\t<div id=\"vulcania_planning_restaurant_bloc\" class=\"hidden\">\n\t\t\t\t<div class=\"vulcania_planning_restaurant_title\"><i class=\"icon\"><\/i>Restaurants<\/div>\n\t\t\t\t<div class=\"vulcania_planning_restaurant_open\">Here are the restaurants open today<ul class=\"planning_value\"><\/ul><\/div>\n\t\t\t<\/div>\n\t\t\t<div id=\"vulcania_planning_boutique_bloc\" class=\"hidden\">\n\t\t\t\t<div class=\"vulcania_planning_boutique_title\"><i class=\"icon\"><\/i>Shops<\/div>\n\t\t\t\t<div class=\"vulcania_planning_boutique_open\">Here are the shops open today<ul class=\"planning_value\"><\/ul><\/div>\n\t\t\t<\/div>\n\t\t<\/div>\n\t\t<div id=\"vulcania_planning_close\" class=\"hidden\">\n\t\t\t<div class=\"vulcania_planning_close_title\">The park is closed!<\/div>\n\t\t\t<div class=\"vulcania_planning_horaires_message vulcania_planning_close_message hidden\"><\/div>\n\t\t\t<div id=\"vulcania_planning_close_openning\" class=\"hidden\">Next opening on <span class=\"planning_value\"><\/span><\/div>\n\t\t\t<img decoding=\"async\" src=\"\" \/>\t\t<\/div>\n\t<\/div>\n<\/div>[\/vc_column][\/vc_row][vc_row][vc_column][vc_column_text el_class=&#8221;bloc couleur coul-1 alerte&#8221;]The car parks and entrance desks are accessible until 2 hours before the Park closes.[\/vc_column_text][\/vc_column][\/vc_row][vc_row full_width=&#8221;stretch_row&#8221; el_class=&#8221;clair&#8221;][vc_column][vc_empty_space height=&#8221;30&#8243;][vc_column_text]<\/p>\n<h2>Weather<\/h2>\n<p>[\/vc_column_text][vc_column_text el_class=&#8221;intro&#8221;]Find out the <strong>weather forecast for Vulcania<\/strong> for the next 5 days:[\/vc_column_text][vc_row_inner][vc_column_inner el_class=&#8221;bloc couleur coul-2&#8243;]<div class='ct-weather meteo ct-weather--text-center ct-weather--size-small ct-weather--inline' style='color: inherit'><span class=\"ct-weather__list-item\"><span class=\"ct-weather__day\">Thursday 23 April<\/span><span class=\"ct-weather__weather\"><span data-sw-icon=\"Q\"><\/span> 12&deg;C<\/span><\/span><span class=\"ct-weather__list-item\"><span class=\"ct-weather__day\">Friday 24 April<\/span><span class=\"ct-weather__weather\"><span data-sw-icon=\"B\"><\/span> 9&deg;C<\/span><\/span><span class=\"ct-weather__list-item\"><span class=\"ct-weather__day\">Saturday 25 April<\/span><span class=\"ct-weather__weather\"><span data-sw-icon=\"B\"><\/span> 10&deg;C<\/span><\/span><span class=\"ct-weather__list-item\"><span class=\"ct-weather__day\">Sunday 26 April<\/span><span class=\"ct-weather__weather\"><span data-sw-icon=\"Y\"><\/span> 11&deg;C<\/span><\/span><span class=\"ct-weather__list-item\"><span class=\"ct-weather__day\">Monday 27 April<\/span><span class=\"ct-weather__weather\"><span data-sw-icon=\"Y\"><\/span> 11&deg;C<\/span><\/span><\/div>[vc_empty_space height=&#8221;40&#8243;][\/vc_column_inner][\/vc_row_inner][\/vc_column][\/vc_row]<\/p>\n<\/div>","protected":false},"excerpt":{"rendered":"<p>[vc_row][vc_column width=&#8221;1\/2&#8243;][vc_column_text css=&#8221;&#8221; el_class=&#8221;intro&#8221;]In 2026, Vulcania will open from March 25 to November 1.[\/vc_column_text][\/vc_column][vc_column width=&#8221;1\/2&#8243;][vc_column_text css=&#8221;&#8221; el_class=&#8221;bloc sombre annonce&#8221;]Opening dates and times for 2026 will soon be available.[\/vc_column_text][\/vc_column][\/vc_row][vc_row][vc_column][vc_tta_accordion style=&#8221;flat&#8221; shape=&#8221;square&#8221; c_position=&#8221;right&#8221; active_section=&#8221;1000&#8243; no_fill=&#8221;true&#8221; collapsible_all=&#8221;true&#8221; el_class=&#8221;accordeon rouge&#8221;][vc_tta_section title=&#8221;Display calendar captions&#8221; tab_id=&#8221;1716370226143-59a6e547-7b0f&#8221;][vc_row_inner][vc_column_inner width=&#8221;1\/2&#8243;][vc_column_text css=&#8221;&#8221; el_class=&#8221;legende_calendrier&#8221;] Green period Low season Blue period School holidays and weekends with public [&hellip;]<\/p>\n","protected":false},"author":2,"featured_media":0,"parent":0,"menu_order":0,"comment_status":"closed","ping_status":"closed","template":"","meta":{"_acf_changed":false,"_relevanssi_hide_post":"","_relevanssi_hide_content":"","_relevanssi_pin_for_all":"","_relevanssi_pin_keywords":"","_relevanssi_unpin_keywords":"","_relevanssi_related_keywords":"","_relevanssi_related_include_ids":"","_relevanssi_related_exclude_ids":"","_relevanssi_related_no_append":"","_relevanssi_related_not_related":"","_relevanssi_related_posts":"","_relevanssi_noindex_reason":"","footnotes":""},"acf":[],"yoast_head":"<!-- This site is optimized with the Yoast SEO plugin v22.9 - https:\/\/yoast.com\/wordpress\/plugins\/seo\/ -->\n<title>Calendrier, dates et horaires d\u2019ouverture du parc Vulcania<\/title>\n<meta name=\"description\" content=\"Toutes les infos sur les p\u00e9riodes d\u2019ouverture et fermeture de Vulcania pour pr\u00e9parer votre journ\u00e9e en fonction de votre date de visite choisie.\" \/>\n<meta name=\"robots\" content=\"index, follow, max-snippet:-1, max-image-preview:large, max-video-preview:-1\" \/>\n<link rel=\"canonical\" href=\"https:\/\/www.vulcania.com\/en\/calendar\/\" \/>\n<meta property=\"og:locale\" content=\"en_US\" \/>\n<meta property=\"og:type\" content=\"article\" \/>\n<meta property=\"og:title\" content=\"Calendrier, dates et horaires d\u2019ouverture du parc Vulcania\" \/>\n<meta property=\"og:description\" content=\"Toutes les infos sur les p\u00e9riodes d\u2019ouverture et fermeture de Vulcania pour pr\u00e9parer votre journ\u00e9e en fonction de votre date de visite choisie.\" \/>\n<meta property=\"og:url\" content=\"https:\/\/www.vulcania.com\/en\/calendar\/\" \/>\n<meta property=\"og:site_name\" content=\"Vulcania\" \/>\n<meta property=\"article:publisher\" content=\"https:\/\/www.facebook.com\/ParcVulcania\" \/>\n<meta property=\"article:modified_time\" content=\"2025-11-20T08:53:39+00:00\" \/>\n<meta property=\"og:image\" content=\"https:\/\/www.vulcania.com\/wp-content\/uploads\/2024\/01\/periode-violette.png\" \/>\n<meta name=\"twitter:card\" content=\"summary_large_image\" \/>\n<meta name=\"twitter:site\" content=\"@parc_vulcania\" \/>\n<meta name=\"twitter:label1\" content=\"Est. reading time\" \/>\n\t<meta name=\"twitter:data1\" content=\"2 minutes\" \/>\n<script type=\"application\/ld+json\" class=\"yoast-schema-graph\">{\"@context\":\"https:\/\/schema.org\",\"@graph\":[{\"@type\":\"WebPage\",\"@id\":\"https:\/\/www.vulcania.com\/en\/calendar\/\",\"url\":\"https:\/\/www.vulcania.com\/en\/calendar\/\",\"name\":\"Calendrier, dates et horaires d\u2019ouverture du parc Vulcania\",\"isPartOf\":{\"@id\":\"https:\/\/www.vulcania.com\/#website\"},\"primaryImageOfPage\":{\"@id\":\"https:\/\/www.vulcania.com\/en\/calendar\/#primaryimage\"},\"image\":{\"@id\":\"https:\/\/www.vulcania.com\/en\/calendar\/#primaryimage\"},\"thumbnailUrl\":\"https:\/\/www.vulcania.com\/wp-content\/uploads\/2024\/01\/periode-violette.png\",\"datePublished\":\"2023-04-20T16:05:36+00:00\",\"dateModified\":\"2025-11-20T08:53:39+00:00\",\"description\":\"Toutes les infos sur les p\u00e9riodes d\u2019ouverture et fermeture de Vulcania pour pr\u00e9parer votre journ\u00e9e en fonction de votre date de visite choisie.\",\"breadcrumb\":{\"@id\":\"https:\/\/www.vulcania.com\/en\/calendar\/#breadcrumb\"},\"inLanguage\":\"en-US\",\"potentialAction\":[{\"@type\":\"ReadAction\",\"target\":[\"https:\/\/www.vulcania.com\/en\/calendar\/\"]}]},{\"@type\":\"ImageObject\",\"inLanguage\":\"en-US\",\"@id\":\"https:\/\/www.vulcania.com\/en\/calendar\/#primaryimage\",\"url\":\"https:\/\/www.vulcania.com\/wp-content\/uploads\/2024\/01\/periode-violette.png\",\"contentUrl\":\"https:\/\/www.vulcania.com\/wp-content\/uploads\/2024\/01\/periode-violette.png\"},{\"@type\":\"BreadcrumbList\",\"@id\":\"https:\/\/www.vulcania.com\/en\/calendar\/#breadcrumb\",\"itemListElement\":[{\"@type\":\"ListItem\",\"position\":1,\"name\":\"Accueil\",\"item\":\"https:\/\/www.vulcania.com\/en\/\"},{\"@type\":\"ListItem\",\"position\":2,\"name\":\"Calendar and opening times for 2026\"}]},{\"@type\":\"WebSite\",\"@id\":\"https:\/\/www.vulcania.com\/#website\",\"url\":\"https:\/\/www.vulcania.com\/\",\"name\":\"Vulcania\",\"description\":\"Parc \u00e0 th\u00e8me au c\u0153ur des volcans d&#039;Auvergne\",\"publisher\":{\"@id\":\"https:\/\/www.vulcania.com\/#organization\"},\"potentialAction\":[{\"@type\":\"SearchAction\",\"target\":{\"@type\":\"EntryPoint\",\"urlTemplate\":\"https:\/\/www.vulcania.com\/?s={search_term_string}\"},\"query-input\":\"required name=search_term_string\"}],\"inLanguage\":\"en-US\"},{\"@type\":\"Organization\",\"@id\":\"https:\/\/www.vulcania.com\/#organization\",\"name\":\"Vulcania\",\"url\":\"https:\/\/www.vulcania.com\/\",\"logo\":{\"@type\":\"ImageObject\",\"inLanguage\":\"en-US\",\"@id\":\"https:\/\/www.vulcania.com\/#\/schema\/logo\/image\/\",\"url\":\"https:\/\/www.vulcania.com\/wp-content\/uploads\/2023\/03\/logo-vulcania.png\",\"contentUrl\":\"https:\/\/www.vulcania.com\/wp-content\/uploads\/2023\/03\/logo-vulcania.png\",\"width\":570,\"height\":253,\"caption\":\"Vulcania\"},\"image\":{\"@id\":\"https:\/\/www.vulcania.com\/#\/schema\/logo\/image\/\"},\"sameAs\":[\"https:\/\/www.facebook.com\/ParcVulcania\",\"https:\/\/x.com\/parc_vulcania\",\"https:\/\/www.youtube.com\/user\/ParcVulcania\",\"https:\/\/www.instagram.com\/parcvulcania\/\"]}]}<\/script>\n<!-- \/ Yoast SEO plugin. -->","yoast_head_json":{"title":"Calendrier, dates et horaires d\u2019ouverture du parc Vulcania","description":"Toutes les infos sur les p\u00e9riodes d\u2019ouverture et fermeture de Vulcania pour pr\u00e9parer votre journ\u00e9e en fonction de votre date de visite choisie.","robots":{"index":"index","follow":"follow","max-snippet":"max-snippet:-1","max-image-preview":"max-image-preview:large","max-video-preview":"max-video-preview:-1"},"canonical":"https:\/\/www.vulcania.com\/en\/calendar\/","og_locale":"en_US","og_type":"article","og_title":"Calendrier, dates et horaires d\u2019ouverture du parc Vulcania","og_description":"Toutes les infos sur les p\u00e9riodes d\u2019ouverture et fermeture de Vulcania pour pr\u00e9parer votre journ\u00e9e en fonction de votre date de visite choisie.","og_url":"https:\/\/www.vulcania.com\/en\/calendar\/","og_site_name":"Vulcania","article_publisher":"https:\/\/www.facebook.com\/ParcVulcania","article_modified_time":"2025-11-20T08:53:39+00:00","og_image":[{"url":"https:\/\/www.vulcania.com\/wp-content\/uploads\/2024\/01\/periode-violette.png"}],"twitter_card":"summary_large_image","twitter_site":"@parc_vulcania","twitter_misc":{"Est. reading time":"2 minutes"},"schema":{"@context":"https:\/\/schema.org","@graph":[{"@type":"WebPage","@id":"https:\/\/www.vulcania.com\/en\/calendar\/","url":"https:\/\/www.vulcania.com\/en\/calendar\/","name":"Calendrier, dates et horaires d\u2019ouverture du parc Vulcania","isPartOf":{"@id":"https:\/\/www.vulcania.com\/#website"},"primaryImageOfPage":{"@id":"https:\/\/www.vulcania.com\/en\/calendar\/#primaryimage"},"image":{"@id":"https:\/\/www.vulcania.com\/en\/calendar\/#primaryimage"},"thumbnailUrl":"https:\/\/www.vulcania.com\/wp-content\/uploads\/2024\/01\/periode-violette.png","datePublished":"2023-04-20T16:05:36+00:00","dateModified":"2025-11-20T08:53:39+00:00","description":"Toutes les infos sur les p\u00e9riodes d\u2019ouverture et fermeture de Vulcania pour pr\u00e9parer votre journ\u00e9e en fonction de votre date de visite choisie.","breadcrumb":{"@id":"https:\/\/www.vulcania.com\/en\/calendar\/#breadcrumb"},"inLanguage":"en-US","potentialAction":[{"@type":"ReadAction","target":["https:\/\/www.vulcania.com\/en\/calendar\/"]}]},{"@type":"ImageObject","inLanguage":"en-US","@id":"https:\/\/www.vulcania.com\/en\/calendar\/#primaryimage","url":"https:\/\/www.vulcania.com\/wp-content\/uploads\/2024\/01\/periode-violette.png","contentUrl":"https:\/\/www.vulcania.com\/wp-content\/uploads\/2024\/01\/periode-violette.png"},{"@type":"BreadcrumbList","@id":"https:\/\/www.vulcania.com\/en\/calendar\/#breadcrumb","itemListElement":[{"@type":"ListItem","position":1,"name":"Accueil","item":"https:\/\/www.vulcania.com\/en\/"},{"@type":"ListItem","position":2,"name":"Calendar and opening times for 2026"}]},{"@type":"WebSite","@id":"https:\/\/www.vulcania.com\/#website","url":"https:\/\/www.vulcania.com\/","name":"Vulcania","description":"Parc \u00e0 th\u00e8me au c\u0153ur des volcans d&#039;Auvergne","publisher":{"@id":"https:\/\/www.vulcania.com\/#organization"},"potentialAction":[{"@type":"SearchAction","target":{"@type":"EntryPoint","urlTemplate":"https:\/\/www.vulcania.com\/?s={search_term_string}"},"query-input":"required name=search_term_string"}],"inLanguage":"en-US"},{"@type":"Organization","@id":"https:\/\/www.vulcania.com\/#organization","name":"Vulcania","url":"https:\/\/www.vulcania.com\/","logo":{"@type":"ImageObject","inLanguage":"en-US","@id":"https:\/\/www.vulcania.com\/#\/schema\/logo\/image\/","url":"https:\/\/www.vulcania.com\/wp-content\/uploads\/2023\/03\/logo-vulcania.png","contentUrl":"https:\/\/www.vulcania.com\/wp-content\/uploads\/2023\/03\/logo-vulcania.png","width":570,"height":253,"caption":"Vulcania"},"image":{"@id":"https:\/\/www.vulcania.com\/#\/schema\/logo\/image\/"},"sameAs":["https:\/\/www.facebook.com\/ParcVulcania","https:\/\/x.com\/parc_vulcania","https:\/\/www.youtube.com\/user\/ParcVulcania","https:\/\/www.instagram.com\/parcvulcania\/"]}]}},"_links":{"self":[{"href":"https:\/\/www.vulcania.com\/en\/wp-json\/wp\/v2\/pages\/18897"}],"collection":[{"href":"https:\/\/www.vulcania.com\/en\/wp-json\/wp\/v2\/pages"}],"about":[{"href":"https:\/\/www.vulcania.com\/en\/wp-json\/wp\/v2\/types\/page"}],"author":[{"embeddable":true,"href":"https:\/\/www.vulcania.com\/en\/wp-json\/wp\/v2\/users\/2"}],"replies":[{"embeddable":true,"href":"https:\/\/www.vulcania.com\/en\/wp-json\/wp\/v2\/comments?post=18897"}],"version-history":[{"count":17,"href":"https:\/\/www.vulcania.com\/en\/wp-json\/wp\/v2\/pages\/18897\/revisions"}],"predecessor-version":[{"id":29109,"href":"https:\/\/www.vulcania.com\/en\/wp-json\/wp\/v2\/pages\/18897\/revisions\/29109"}],"wp:attachment":[{"href":"https:\/\/www.vulcania.com\/en\/wp-json\/wp\/v2\/media?parent=18897"}],"curies":[{"name":"wp","href":"https:\/\/api.w.org\/{rel}","templated":true}]}}