{"id":19162,"date":"2023-04-27T10:49:20","date_gmt":"2023-04-27T08:49:20","guid":{"rendered":"https:\/\/www.vulcania.com\/?page_id=19162"},"modified":"2025-07-21T11:07:33","modified_gmt":"2025-07-21T09:07:33","slug":"sitemap","status":"publish","type":"page","link":"https:\/\/www.vulcania.com\/en\/sitemap\/","title":{"rendered":"The park map"},"content":{"rendered":"<div class=\"wpb-content-wrapper\"><p>[vc_row][vc_column][vc_column_text el_class=&#8221;intro&#8221;]Prepare for your visit by locating the events and services on the park map.[\/vc_column_text][\/vc_column][\/vc_row][vc_row][vc_column][vc_tta_tour style=&#8221;modern&#8221; controls_size=&#8221;sm&#8221; active_section=&#8221;1&#8243; no_fill_content_area=&#8221;true&#8221;][vc_tta_section title=&#8221;Animations&#8221; tab_id=&#8221;1688723598151-c20bada9-0df49355-fcfa&#8221;][vc_single_image image=&#8221;26561&#8243; img_size=&#8221;2419&#215;3406&#8243; css=&#8221;&#8221;][vc_row_inner][vc_column_inner width=&#8221;1\/2&#8243;][vc_column_text css=&#8221;&#8221;]<\/p>\n<h2>Level <strong>A<\/strong><\/h2>\n<p><strong>A02<\/strong> : <a href=\"\/en\/animation\/les-draisiennes-de-tambora\/\">Draisiennes de Tambora<\/a><\/p>\n<p><strong>A05<\/strong> : <a href=\"\/en\/animation\/dans-la-peau-dun-astronaute\/\">Dans la peau d&#8217;un astronaute<\/a>, <a href=\"\/en\/animation\/droles-dexperiences\/\">Dr\u00f4les d&#8217;exp\u00e9riences<\/a>, <a href=\"\/en\/animation\/sous-le-soleil\/\">Sous le Soleil<\/a><\/p>\n<p><strong>A07<\/strong> : <a href=\"\/en\/animation\/vast\/\">VAST<\/a>, <a href=\"\/en\/animation\/noisettes\/\">Noisettes<\/a>, <a href=\"\/en\/animation\/ce-soir-dans-le-ciel\/\">Ce soir dans le ciel<\/a>, <a href=\"\/en\/animation\/laventure-volcano-siderale\/\">L&#8217;aventure Volcano-sid\u00e9rale<\/a><\/p>\n<p><strong>A13<\/strong> : <a href=\"\/en\/animation\/namazu\/\">Namazu<\/a><\/p>\n<p><strong>A14<\/strong> : <a href=\"\/en\/animation\/la-riviere-des-mineraux\/\">Rivi\u00e8re des Min\u00e9raux<\/a><\/p>\n<p><strong>A16<\/strong> : <a href=\"\/en\/animation\/la-maison-de-pitoufeu\/\">Maison Pitoufeu<\/a><\/p>\n<p><strong>A17<\/strong> : <a href=\"\/en\/animation\/volcans-dauvergne\/\">Volcans d&#8217;Auvergne<\/a><\/p>\n<p><strong>A18<\/strong> : <a href=\"\/en\/animation\/chaine-des-puys-racontee\/\">Cha\u00eene des Puys racont\u00e9e<\/a><\/p>\n<p><strong>A19<\/strong> : <a href=\"\/en\/animation\/la-foret-des-dragons\/\">For\u00eat des dragons<\/a><\/p>\n<p><strong>A20<\/strong> : <a href=\"\/en\/animation\/presentation-de-rapaces-en-vol-libre\/\">Rapaces en vol libre<\/a><\/p>\n<p><strong>A21<\/strong> : <a href=\"\/en\/animation\/la-piste-de-vulcain\/\">Piste de Vulcain<\/a><\/p>\n<p><strong>A22<\/strong> : <a href=\"\/en\/animation\/yapadrisk-flamme-des-volcans\/\">Yapadrisk et la flamme des volcans<\/a>, <a href=\"https:\/\/www.vulcania.com\/en\/animation\/vulcanova-la-nuit-des-enchanteurs\/\">Vulcanova, la Nuit des Enchanteurs<\/a>[\/vc_column_text][vc_column_text css=&#8221;&#8221;]<\/p>\n<h2>Level <strong>C<\/strong><\/h2>\n<p><strong>C43<\/strong> : <a href=\"\/en\/animation\/premier-envol\/\">Premier Envol<\/a><\/p>\n<p><strong>C44<\/strong> : <a href=\"\/en\/animation\/maurice-et-katia-krafft\/\">Maurice et Katia Krafft, histoires de volcanologues<\/a><\/p>\n<p><strong>C45<\/strong> : <a href=\"\/en\/animation\/photo-with-pitoufeu-and-friends\/\">Danse de Pitoufeu<\/a><\/p>\n<p><strong>C47<\/strong> : <a href=\"\/en\/animation\/volcans-sacres\/\">Volcans Sacr\u00e9s<\/a><\/p>\n<p><strong>C51<\/strong> : <a href=\"\/en\/animation\/reveil-geants-dauvergne\/\">R\u00e9veil des G\u00e9ants d&#8217;Auvergne<\/a><\/p>\n<p><strong>C52<\/strong> : <a href=\"\/en\/animation\/maquettes-geantes\/\">Maquettes g\u00e9antes<\/a><\/p>\n<p><strong>C53<\/strong> : <a href=\"\/en\/animation\/carnets-de-voyage\/\">Carnets de voyage<\/a><\/p>\n<p><strong>C54<\/strong> : <a href=\"\/en\/animation\/machine-terre\/\">Machine Terre<\/a><\/p>\n<p><strong>C55<\/strong> : <a href=\"\/en\/animation\/machine-terre\/\">Machine Terre racont\u00e9e<\/a><\/p>\n<p><strong>C57<\/strong> : <a href=\"\/en\/animation\/abyss-explorer\/\">Abyss Explorer<\/a>[\/vc_column_text][\/vc_column_inner][vc_column_inner width=&#8221;1\/2&#8243;][vc_column_text css=&#8221;&#8221;]<\/p>\n<h2>Level <strong>B<\/strong><\/h2>\n<p><strong>B30<\/strong> : <a href=\"\/en\/animation\/planete-devoilee\/\">Plan\u00e8te D\u00e9voil\u00e9e<\/a><\/p>\n<p><strong>B31<\/strong> : <a href=\"\/en\/animation\/volcanic-tales-and-legends\/\">Contes et l\u00e9gendes volcaniques<\/a><\/p>\n<p><strong>B32<\/strong> : <a href=\"\/en\/animation\/terre-en-colere\/\">Terre en col\u00e8re<\/a><\/p>\n<p><strong>B34<\/strong> : <a href=\"\/en\/animation\/experiences-cest-show\/\">Exp\u00e9riences, c&#8217;est Show !<\/a><\/p>\n<p><strong>B35<\/strong> : <a href=\"\/en\/animation\/100-volcans\/\">100% volcans<\/a><\/p>\n<p><strong>B36<\/strong> : <a href=\"\/en\/animation\/dinosaures-et-compagnie\/\">Dinosaures et compagnie<\/a>, <a href=\"\/en\/animation\/dans-la-peau-dun-volcanologue\/\">Dans la peau d&#8217;un volcanologue<\/a>, <a href=\"\/en\/animation\/volcans-comment-ca-marche\/\">Volcans comment \u00e7a marche ?<\/a>, <a href=\"\/en\/animation\/2-minutes-pour-sauver-clermont\/\">2 min pour sauver Clermont<\/a>, <a href=\"\/en\/animation\/du-magma-aux-volcans-dauvergne\/\">Du magma aux volcans d&#8217;Auvergne<\/a><\/p>\n<p><strong>B37<\/strong> : <a href=\"\/en\/animation\/galerie-pitoufeu\/\">Galerie Pitoufeu<\/a><\/p>\n<p><strong>B38<\/strong> : <a href=\"\/en\/animation\/cite-des-enfants\/\">Cit\u00e9 des enfants<\/a>[\/vc_column_text][vc_column_text css=&#8221;&#8221;]<\/p>\n<h2>Level <strong>D<\/strong><\/h2>\n<p><strong>D62<\/strong> : <a href=\"\/en\/animation\/dragon-ride\/\">Dragon Ride<\/a><\/p>\n<p><strong>D63<\/strong> : <a href=\"\/en\/animation\/vulcania-story\/\">Vulcania Story<\/a><\/p>\n<p><strong>D64<\/strong> : <a href=\"\/en\/animation\/regards-sur-les-volcans\/\">Regards sur les volcans<\/a>, <a href=\"\/en\/animation\/ouragan\/\">Ouragan<\/a>, <a href=\"\/en\/animation\/mission-vulcania-operation-sauvetage\/\">Mission Vulcania<\/a>, <a href=\"https:\/\/www.vulcania.com\/en\/animation\/les-diables-des-volcans\/\">Les diables des volcans<\/a><\/p>\n<p><strong>D65<\/strong> : <a href=\"https:\/\/www.vulcania.com\/en\/animation\/terre-de-volcans\/\">Terre de volcans<\/a><\/p>\n<p><strong>D66<\/strong> : <a href=\"\/en\/animation\/seismes\/\">S\u00e9ismes, quand la Terre tremble<\/a><\/p>\n<p><strong>D67<\/strong> : <a href=\"\/en\/animation\/seismes\/\">S\u00e9ismes racont\u00e9s<\/a>[\/vc_column_text][\/vc_column_inner][\/vc_row_inner][\/vc_tta_section][vc_tta_section title=&#8221;Restaurants&#8221; tab_id=&#8221;1688723598169-8afbd827-fce19355-fcfa&#8221;][vc_single_image image=&#8221;26563&#8243; img_size=&#8221;2419&#215;3406&#8243; css=&#8221;&#8221;][vc_row_inner][vc_column_inner width=&#8221;1\/2&#8243;][vc_column_text css=&#8221;&#8221;]<\/p>\n<h2>Level <strong>A<\/strong><\/h2>\n<p><strong>A23<\/strong> : <a href=\"\/en\/animation\/comptoir-du-cratere\/\">Le Comptoir du Crat\u00e8re<\/a><\/p>\n<p><strong>A24<\/strong> : <a href=\"\/en\/animation\/cafeteria-des-puys\/\">La Caf\u00e9t\u00e9ria des Puys<\/a><\/p>\n<p><strong>A25<\/strong> : <a href=\"\/en\/animation\/le-panorama\/\">Le Panorama<\/a><\/p>\n<p><strong>A04<\/strong> : <a href=\"\/en\/animation\/snack-du-planetarium\">Le Snack du Plan\u00e9tarium<\/a><\/p>\n<p><strong>A12<\/strong> : <a href=\"\/en\/animation\/kiosque-namazu\/\">Le Kiosque Namazu<\/a>[\/vc_column_text][\/vc_column_inner][vc_column_inner width=&#8221;1\/2&#8243;][vc_column_text css=&#8221;&#8221;]<\/p>\n<h2>Level <strong>C<\/strong><\/h2>\n<p><strong>C56<\/strong> : <a href=\"\/en\/animation\/magma-cafe\/\">Le Magma Caf\u00e9<\/a>[\/vc_column_text][\/vc_column_inner][\/vc_row_inner][\/vc_tta_section][vc_tta_section title=&#8221;Shops&#8221; tab_id=&#8221;1688723598189-bf3fd9a6-81da9355-fcfa&#8221;][vc_single_image image=&#8221;26565&#8243; img_size=&#8221;2419&#215;3406&#8243; css=&#8221;&#8221;][vc_row_inner][vc_column_inner width=&#8221;1\/2&#8243;][vc_column_text css=&#8221;&#8221;]<\/p>\n<h2>Level <strong>A<\/strong><\/h2>\n<p><strong>A01<\/strong> : <a href=\"\/en\/shops\/\">Plan\u00e8te Vulcania<\/a><\/p>\n<p><strong>A08<\/strong> : <a href=\"\/en\/shops\/\">Corner Espace du Plan\u00e9tarium<\/a>[\/vc_column_text][\/vc_column_inner][vc_column_inner width=&#8221;1\/2&#8243;][vc_column_text css=&#8221;&#8221;]<\/p>\n<h2>Level <strong>C<\/strong><\/h2>\n<p><strong>C49<\/strong> : <a href=\"\/en\/shops\/\">Plan\u00e8te Auvergne<\/a><\/p>\n<p><strong>C50<\/strong> : <a href=\"\/en\/shops\/\">Plan\u00e8te Sciences<\/a>[\/vc_column_text][\/vc_column_inner][\/vc_row_inner][\/vc_tta_section][\/vc_tta_tour][\/vc_column][\/vc_row][vc_row][vc_column][vc_empty_space height=&#8221;30&#8243;][\/vc_column][\/vc_row]<\/p>\n<\/div>","protected":false},"excerpt":{"rendered":"<p>[vc_row][vc_column][vc_column_text el_class=&#8221;intro&#8221;]Prepare for your visit by locating the events and services on the park map.[\/vc_column_text][\/vc_column][\/vc_row][vc_row][vc_column][vc_tta_tour style=&#8221;modern&#8221; controls_size=&#8221;sm&#8221; active_section=&#8221;1&#8243; no_fill_content_area=&#8221;true&#8221;][vc_tta_section title=&#8221;Animations&#8221; tab_id=&#8221;1688723598151-c20bada9-0df49355-fcfa&#8221;][vc_single_image image=&#8221;26561&#8243; img_size=&#8221;2419&#215;3406&#8243; css=&#8221;&#8221;][vc_row_inner][vc_column_inner width=&#8221;1\/2&#8243;][vc_column_text css=&#8221;&#8221;] Level A A02 : Draisiennes de Tambora A05 : Dans la peau d&#8217;un astronaute, Dr\u00f4les d&#8217;exp\u00e9riences, Sous le Soleil A07 : VAST, Noisettes, Ce soir dans le ciel, L&#8217;aventure [&hellip;]<\/p>\n","protected":false},"author":2,"featured_media":0,"parent":0,"menu_order":0,"comment_status":"closed","ping_status":"closed","template":"","meta":{"_acf_changed":false,"_relevanssi_hide_post":"","_relevanssi_hide_content":"","_relevanssi_pin_for_all":"","_relevanssi_pin_keywords":"","_relevanssi_unpin_keywords":"","_relevanssi_related_keywords":"","_relevanssi_related_include_ids":"","_relevanssi_related_exclude_ids":"","_relevanssi_related_no_append":"","_relevanssi_related_not_related":"","_relevanssi_related_posts":"","_relevanssi_noindex_reason":"","footnotes":""},"acf":[],"yoast_head":"<!-- This site is optimized with the Yoast SEO plugin v22.9 - https:\/\/yoast.com\/wordpress\/plugins\/seo\/ -->\n<title>Site map of Vulcania, volcanoes theme park in France<\/title>\n<meta name=\"description\" content=\"You are looking for attractions places ? Look at the site map of Vulcania, a volcanoe theme park in Auvergne, France.\" \/>\n<meta name=\"robots\" content=\"index, follow, max-snippet:-1, max-image-preview:large, max-video-preview:-1\" \/>\n<link rel=\"canonical\" href=\"https:\/\/www.vulcania.com\/en\/sitemap\/\" \/>\n<meta property=\"og:locale\" content=\"en_US\" \/>\n<meta property=\"og:type\" content=\"article\" \/>\n<meta property=\"og:title\" content=\"Site map of Vulcania, volcanoes theme park in France\" \/>\n<meta property=\"og:description\" content=\"You are looking for attractions places ? Look at the site map of Vulcania, a volcanoe theme park in Auvergne, France.\" \/>\n<meta property=\"og:url\" content=\"https:\/\/www.vulcania.com\/en\/sitemap\/\" \/>\n<meta property=\"og:site_name\" content=\"Vulcania\" \/>\n<meta property=\"article:publisher\" content=\"https:\/\/www.facebook.com\/ParcVulcania\" \/>\n<meta property=\"article:modified_time\" content=\"2025-07-21T09:07:33+00:00\" \/>\n<meta property=\"og:image\" content=\"https:\/\/www.vulcania.com\/wp-content\/uploads\/2023\/03\/logo-vulcania.png\" \/>\n\t<meta property=\"og:image:width\" content=\"570\" \/>\n\t<meta property=\"og:image:height\" content=\"253\" \/>\n\t<meta property=\"og:image:type\" content=\"image\/png\" \/>\n<meta name=\"twitter:card\" content=\"summary_large_image\" \/>\n<meta name=\"twitter:site\" content=\"@parc_vulcania\" \/>\n<meta name=\"twitter:label1\" content=\"Est. reading time\" \/>\n\t<meta name=\"twitter:data1\" content=\"3 minutes\" \/>\n<script type=\"application\/ld+json\" class=\"yoast-schema-graph\">{\"@context\":\"https:\/\/schema.org\",\"@graph\":[{\"@type\":\"WebPage\",\"@id\":\"https:\/\/www.vulcania.com\/en\/sitemap\/\",\"url\":\"https:\/\/www.vulcania.com\/en\/sitemap\/\",\"name\":\"Site map of Vulcania, volcanoes theme park in France\",\"isPartOf\":{\"@id\":\"https:\/\/www.vulcania.com\/#website\"},\"datePublished\":\"2023-04-27T08:49:20+00:00\",\"dateModified\":\"2025-07-21T09:07:33+00:00\",\"description\":\"You are looking for attractions places ? Look at the site map of Vulcania, a volcanoe theme park in Auvergne, France.\",\"breadcrumb\":{\"@id\":\"https:\/\/www.vulcania.com\/en\/sitemap\/#breadcrumb\"},\"inLanguage\":\"en-US\",\"potentialAction\":[{\"@type\":\"ReadAction\",\"target\":[\"https:\/\/www.vulcania.com\/en\/sitemap\/\"]}]},{\"@type\":\"BreadcrumbList\",\"@id\":\"https:\/\/www.vulcania.com\/en\/sitemap\/#breadcrumb\",\"itemListElement\":[{\"@type\":\"ListItem\",\"position\":1,\"name\":\"Accueil\",\"item\":\"https:\/\/www.vulcania.com\/en\/\"},{\"@type\":\"ListItem\",\"position\":2,\"name\":\"The park map\"}]},{\"@type\":\"WebSite\",\"@id\":\"https:\/\/www.vulcania.com\/#website\",\"url\":\"https:\/\/www.vulcania.com\/\",\"name\":\"Vulcania\",\"description\":\"Parc \u00e0 th\u00e8me au c\u0153ur des volcans d&#039;Auvergne\",\"publisher\":{\"@id\":\"https:\/\/www.vulcania.com\/#organization\"},\"potentialAction\":[{\"@type\":\"SearchAction\",\"target\":{\"@type\":\"EntryPoint\",\"urlTemplate\":\"https:\/\/www.vulcania.com\/?s={search_term_string}\"},\"query-input\":\"required name=search_term_string\"}],\"inLanguage\":\"en-US\"},{\"@type\":\"Organization\",\"@id\":\"https:\/\/www.vulcania.com\/#organization\",\"name\":\"Vulcania\",\"url\":\"https:\/\/www.vulcania.com\/\",\"logo\":{\"@type\":\"ImageObject\",\"inLanguage\":\"en-US\",\"@id\":\"https:\/\/www.vulcania.com\/#\/schema\/logo\/image\/\",\"url\":\"https:\/\/www.vulcania.com\/wp-content\/uploads\/2023\/03\/logo-vulcania.png\",\"contentUrl\":\"https:\/\/www.vulcania.com\/wp-content\/uploads\/2023\/03\/logo-vulcania.png\",\"width\":570,\"height\":253,\"caption\":\"Vulcania\"},\"image\":{\"@id\":\"https:\/\/www.vulcania.com\/#\/schema\/logo\/image\/\"},\"sameAs\":[\"https:\/\/www.facebook.com\/ParcVulcania\",\"https:\/\/x.com\/parc_vulcania\",\"https:\/\/www.youtube.com\/user\/ParcVulcania\",\"https:\/\/www.instagram.com\/parcvulcania\/\"]}]}<\/script>\n<!-- \/ Yoast SEO plugin. -->","yoast_head_json":{"title":"Site map of Vulcania, volcanoes theme park in France","description":"You are looking for attractions places ? Look at the site map of Vulcania, a volcanoe theme park in Auvergne, France.","robots":{"index":"index","follow":"follow","max-snippet":"max-snippet:-1","max-image-preview":"max-image-preview:large","max-video-preview":"max-video-preview:-1"},"canonical":"https:\/\/www.vulcania.com\/en\/sitemap\/","og_locale":"en_US","og_type":"article","og_title":"Site map of Vulcania, volcanoes theme park in France","og_description":"You are looking for attractions places ? Look at the site map of Vulcania, a volcanoe theme park in Auvergne, France.","og_url":"https:\/\/www.vulcania.com\/en\/sitemap\/","og_site_name":"Vulcania","article_publisher":"https:\/\/www.facebook.com\/ParcVulcania","article_modified_time":"2025-07-21T09:07:33+00:00","og_image":[{"width":570,"height":253,"url":"https:\/\/www.vulcania.com\/wp-content\/uploads\/2023\/03\/logo-vulcania.png","type":"image\/png"}],"twitter_card":"summary_large_image","twitter_site":"@parc_vulcania","twitter_misc":{"Est. reading time":"3 minutes"},"schema":{"@context":"https:\/\/schema.org","@graph":[{"@type":"WebPage","@id":"https:\/\/www.vulcania.com\/en\/sitemap\/","url":"https:\/\/www.vulcania.com\/en\/sitemap\/","name":"Site map of Vulcania, volcanoes theme park in France","isPartOf":{"@id":"https:\/\/www.vulcania.com\/#website"},"datePublished":"2023-04-27T08:49:20+00:00","dateModified":"2025-07-21T09:07:33+00:00","description":"You are looking for attractions places ? Look at the site map of Vulcania, a volcanoe theme park in Auvergne, France.","breadcrumb":{"@id":"https:\/\/www.vulcania.com\/en\/sitemap\/#breadcrumb"},"inLanguage":"en-US","potentialAction":[{"@type":"ReadAction","target":["https:\/\/www.vulcania.com\/en\/sitemap\/"]}]},{"@type":"BreadcrumbList","@id":"https:\/\/www.vulcania.com\/en\/sitemap\/#breadcrumb","itemListElement":[{"@type":"ListItem","position":1,"name":"Accueil","item":"https:\/\/www.vulcania.com\/en\/"},{"@type":"ListItem","position":2,"name":"The park map"}]},{"@type":"WebSite","@id":"https:\/\/www.vulcania.com\/#website","url":"https:\/\/www.vulcania.com\/","name":"Vulcania","description":"Parc \u00e0 th\u00e8me au c\u0153ur des volcans d&#039;Auvergne","publisher":{"@id":"https:\/\/www.vulcania.com\/#organization"},"potentialAction":[{"@type":"SearchAction","target":{"@type":"EntryPoint","urlTemplate":"https:\/\/www.vulcania.com\/?s={search_term_string}"},"query-input":"required name=search_term_string"}],"inLanguage":"en-US"},{"@type":"Organization","@id":"https:\/\/www.vulcania.com\/#organization","name":"Vulcania","url":"https:\/\/www.vulcania.com\/","logo":{"@type":"ImageObject","inLanguage":"en-US","@id":"https:\/\/www.vulcania.com\/#\/schema\/logo\/image\/","url":"https:\/\/www.vulcania.com\/wp-content\/uploads\/2023\/03\/logo-vulcania.png","contentUrl":"https:\/\/www.vulcania.com\/wp-content\/uploads\/2023\/03\/logo-vulcania.png","width":570,"height":253,"caption":"Vulcania"},"image":{"@id":"https:\/\/www.vulcania.com\/#\/schema\/logo\/image\/"},"sameAs":["https:\/\/www.facebook.com\/ParcVulcania","https:\/\/x.com\/parc_vulcania","https:\/\/www.youtube.com\/user\/ParcVulcania","https:\/\/www.instagram.com\/parcvulcania\/"]}]}},"_links":{"self":[{"href":"https:\/\/www.vulcania.com\/en\/wp-json\/wp\/v2\/pages\/19162"}],"collection":[{"href":"https:\/\/www.vulcania.com\/en\/wp-json\/wp\/v2\/pages"}],"about":[{"href":"https:\/\/www.vulcania.com\/en\/wp-json\/wp\/v2\/types\/page"}],"author":[{"embeddable":true,"href":"https:\/\/www.vulcania.com\/en\/wp-json\/wp\/v2\/users\/2"}],"replies":[{"embeddable":true,"href":"https:\/\/www.vulcania.com\/en\/wp-json\/wp\/v2\/comments?post=19162"}],"version-history":[{"count":17,"href":"https:\/\/www.vulcania.com\/en\/wp-json\/wp\/v2\/pages\/19162\/revisions"}],"predecessor-version":[{"id":28208,"href":"https:\/\/www.vulcania.com\/en\/wp-json\/wp\/v2\/pages\/19162\/revisions\/28208"}],"wp:attachment":[{"href":"https:\/\/www.vulcania.com\/en\/wp-json\/wp\/v2\/media?parent=19162"}],"curies":[{"name":"wp","href":"https:\/\/api.w.org\/{rel}","templated":true}]}}