{"id":19265,"date":"2023-04-27T10:49:45","date_gmt":"2023-04-27T08:49:45","guid":{"rendered":"https:\/\/www.vulcania.com\/?page_id=19265"},"modified":"2025-08-01T08:38:10","modified_gmt":"2025-08-01T06:38:10","slug":"shuttle","status":"publish","type":"page","link":"https:\/\/www.vulcania.com\/en\/shuttle\/","title":{"rendered":"Clermont-Ferrand\/Vulcania shuttles"},"content":{"rendered":"<div class=\"wpb-content-wrapper\"><p>[vc_row][vc_column][vc_column_text el_class=&#8221;intro&#8221;]<\/p>\n<p style=\"text-align: justify;\">Easy access to the park from Clermont-Ferrand, Chamali\u00e8res, Royat or Orcines during school vacations.<\/p>\n<p>[\/vc_column_text][vc_column_text css=&#8221;&#8221;]<\/p>\n<p style=\"text-align: justify;\">The shuttle runs from Clermont-Ferrand to Vulcania, departing from the SNCF train station (stop in front of the station, platform 5), via the town center, Chamali\u00e8res, Royat and Orcines, according to the timetables and stops shown below (timetables valid for the 2024 season).<\/p>\n<p>[\/vc_column_text][\/vc_column][\/vc_row][vc_row][vc_column el_class=&#8221;bloc contour solide blanc&#8221;][vc_row_inner][vc_column_inner][vc_column_text css=&#8221;.vc_custom_1689155091332{margin-bottom: 15px !important;}&#8221; el_class=&#8221;tarif&#8221;]Single ticket price: \u20ac1.60* (\u20ac3.20 round trip)[\/vc_column_text][vc_column_text css=&#8221;.vc_custom_1689155109891{margin-bottom: 15px !important;}&#8221;]As journeys are provided by the Clermont-Ferrand public transport network (T2C), we invite you to consult the fares applied by the network directly on the T2C website.[\/vc_column_text][\/vc_column_inner][\/vc_row_inner][vc_row_inner][vc_column_inner width=&#8221;1\/3&#8243;][vc_column_text el_class=&#8221;bloc couleur coul-2 astuce&#8221;]Free on weekends![\/vc_column_text][\/vc_column_inner][vc_column_inner width=&#8221;2\/3&#8243;][\/vc_column_inner][\/vc_row_inner][vc_column_text el_class=&#8221;petit&#8221;]*Ticket valid for 1h10, on sale with the driver and at ticket machines. Payment in cash only (please remember to top up).[\/vc_column_text][\/vc_column][\/vc_row][vc_row][vc_column][vc_column_text css=&#8221;&#8221;]<\/p>\n<h2>2025 Shuttle timetable for Autumn and Spring French school holidays, Ascension and Pentecost<\/h2>\n<p>[\/vc_column_text][vc_row_inner][vc_column_inner width=&#8221;2\/3&#8243;][vc_column_text css=&#8221;&#8221; el_class=&#8221;tableau-mobile&#8221;]<\/p>\n<table style=\"width: 100.371%;\" border=\"3\" width=\"100%\" cellspacing=\"0\" cellpadding=\"0\">\n<tbody>\n<tr>\n<th scope=\"col\">Towns<\/th>\n<th scope=\"col\">Stops<\/th>\n<th scope=\"col\">Outward trip<\/th>\n<th scope=\"col\">Return trip<\/th>\n<\/tr>\n<tr>\n<td rowspan=\"3\">Clermont-Ferrand<\/td>\n<td>Gare SNCF<\/td>\n<td>09:15<\/td>\n<td>19:03<\/td>\n<\/tr>\n<tr>\n<td>Michel de L&#8217;Hospital<\/td>\n<td>09:20<\/td>\n<td>18:58<\/td>\n<\/tr>\n<tr>\n<td>Maison de la culture<\/td>\n<td>09:27<\/td>\n<td>18:52<\/td>\n<\/tr>\n<tr>\n<td>Chamali\u00e8res<\/td>\n<td>Carrefour Europe (1)<\/td>\n<td>09:32<\/td>\n<td>18:47<\/td>\n<\/tr>\n<tr>\n<td>Royat<\/td>\n<td>Avenue Thermale (2)<\/td>\n<td>09:34<\/td>\n<td>18:45<\/td>\n<\/tr>\n<tr>\n<td rowspan=\"3\">Orcines<\/td>\n<td>La Baraque (Boulangerie)<\/td>\n<td>09:54<\/td>\n<td>18:24<\/td>\n<\/tr>\n<tr>\n<td>Route de Limoges (Bourg)<\/td>\n<td>09:56<\/td>\n<td>18:23<\/td>\n<\/tr>\n<tr>\n<td>Parking des Goules<\/td>\n<td>10:00<\/td>\n<td>18:17<\/td>\n<\/tr>\n<tr>\n<td rowspan=\"2\">Saint-Ours<\/td>\n<td>Vulcania<\/td>\n<td>10:03<\/td>\n<td>18:15<\/td>\n<\/tr>\n<tr>\n<td>Volcan de Lemptegy<\/td>\n<td>10:07<\/td>\n<td>18:11<\/td>\n<\/tr>\n<\/tbody>\n<\/table>\n<p>[\/vc_column_text][vc_column_text css=&#8221;&#8221; el_class=&#8221;legende_calendrier petit&#8221;]Subject to traffic and works-related conditions.<br \/>\n(1) From 05\/07 to 31\/08\/2025: Stop replaced by Fontmaure Europe.<br \/>\n(2) From 05\/07 to 31\/08\/2025 : Stop not served.[\/vc_column_text][\/vc_column_inner][vc_column_inner width=&#8221;1\/3&#8243;][vc_column_text css=&#8221;&#8221; el_class=&#8221;jolie-liste&#8221;]Every day :<\/p>\n<ul>\n<li>From 05\/04\/2025 to 04\/05\/2025<\/li>\n<li>From 29\/05\/2025 to 01\/06\/2025<\/li>\n<li>From 07\/06\/2025 to 09\/06\/2025<\/li>\n<li>From 18\/10\/2025 to 02\/11\/2025<\/li>\n<\/ul>\n<p>[\/vc_column_text][\/vc_column_inner][\/vc_row_inner][\/vc_column][\/vc_row][vc_row][vc_column][vc_column_text css=&#8221;&#8221;]<\/p>\n<h2>2025 Shuttle timetable for Summer French school vacations<\/h2>\n<p>[\/vc_column_text][vc_row_inner][vc_column_inner width=&#8221;1\/2&#8243;][vc_column_text css=&#8221;&#8221; el_class=&#8221;bloc couleur coul-1 alerte&#8221;]<strong>Work in the Clermont-Ferrand area<\/strong><br \/>\n<strong>Check that stops are well served<\/strong>[\/vc_column_text][\/vc_column_inner][vc_column_inner width=&#8221;1\/2&#8243;][\/vc_column_inner][\/vc_row_inner][vc_row_inner][vc_column_inner width=&#8221;2\/3&#8243;][vc_column_text css=&#8221;&#8221; el_class=&#8221;tableau-mobile&#8221;]<\/p>\n<table style=\"width: 100.371%; height: 264px;\">\n<tbody>\n<tr style=\"height: 24px;\">\n<th style=\"height: 24px;\" scope=\"col\">Towns<\/th>\n<th style=\"height: 24px;\" scope=\"col\">Stops<\/th>\n<th style=\"height: 24px;\" colspan=\"2\" scope=\"col\">Outward trip<\/th>\n<th style=\"height: 24px;\" colspan=\"2\" scope=\"col\">Return trip<\/th>\n<\/tr>\n<tr style=\"height: 24px;\">\n<td style=\"height: 72px; width: 24.5614%;\" rowspan=\"3\">Clermont-Ferrand<\/td>\n<td style=\"height: 24px; width: 46.5587%;\">Gare SNCF<\/td>\n<td style=\"height: 24px; width: 9.17679%;\">09:15<\/td>\n<td style=\"height: 24px; width: 7.82726%;\">10:50<\/td>\n<td style=\"height: 24px; width: 9.44669%;\">18:18<\/td>\n<td style=\"width: 5.53306%; height: 24px;\">19:48<\/td>\n<\/tr>\n<tr style=\"height: 24px;\">\n<td style=\"height: 24px; width: 46.5587%;\">Michel de L&#8217;Hospital<\/td>\n<td style=\"height: 24px; width: 9.17679%;\">09:20<\/td>\n<td style=\"height: 24px; width: 7.82726%;\">10:55<\/td>\n<td style=\"height: 24px; width: 9.44669%;\">18:13<\/td>\n<td style=\"width: 5.53306%; height: 24px;\">19:43<\/td>\n<\/tr>\n<tr style=\"height: 24px;\">\n<td style=\"height: 24px; width: 46.5587%;\">Maison de la culture<\/td>\n<td style=\"height: 24px; width: 9.17679%;\">09:27<\/td>\n<td style=\"height: 24px; width: 7.82726%;\">11:02<\/td>\n<td style=\"height: 24px; width: 9.44669%;\">18:07<\/td>\n<td style=\"width: 5.53306%; height: 24px;\">19:37<\/td>\n<\/tr>\n<tr style=\"height: 24px;\">\n<td style=\"height: 24px; width: 24.5614%;\">Chamali\u00e8res<\/td>\n<td style=\"height: 24px; width: 46.5587%;\">Carrefour Europe (1)<\/td>\n<td style=\"height: 24px; width: 9.17679%;\">09:32<\/td>\n<td style=\"height: 24px; width: 7.82726%;\">11:07<\/td>\n<td style=\"height: 24px; width: 9.44669%;\">18:02<\/td>\n<td style=\"width: 5.53306%; height: 24px;\">19:32<\/td>\n<\/tr>\n<tr style=\"height: 24px;\">\n<td style=\"height: 48px; width: 24.5614%;\">Royat<\/td>\n<td style=\"height: 48px; width: 46.5587%;\">Avenue Thermale (2)<\/td>\n<td style=\"height: 48px; width: 9.17679%;\">09:34<\/td>\n<td style=\"width: 7.82726%; height: 48px;\">11:09<\/td>\n<td style=\"height: 48px; width: 9.44669%;\">18:00<\/td>\n<td style=\"width: 5.53306%; height: 48px;\">19:30<\/td>\n<\/tr>\n<tr style=\"height: 24px;\">\n<td style=\"height: 72px; width: 24.5614%;\" rowspan=\"3\">Orcines<\/td>\n<td style=\"height: 24px; width: 46.5587%;\">La Baraque (Boulangerie)<\/td>\n<td style=\"height: 24px; width: 9.17679%;\">09:54<\/td>\n<td style=\"width: 7.82726%; height: 24px;\">11:29<\/td>\n<td style=\"height: 24px; width: 9.44669%;\">17:39<\/td>\n<td style=\"width: 5.53306%; height: 24px;\">19:09<\/td>\n<\/tr>\n<tr style=\"height: 24px;\">\n<td style=\"height: 24px; width: 46.5587%;\">Route de Limoges (Bourg)<\/td>\n<td style=\"height: 24px; width: 9.17679%;\">09:56<\/td>\n<td style=\"width: 7.82726%; height: 24px;\">11:31<\/td>\n<td style=\"height: 24px; width: 9.44669%;\">17:38<\/td>\n<td style=\"width: 5.53306%; height: 24px;\">19:08<\/td>\n<\/tr>\n<tr style=\"height: 24px;\">\n<td style=\"height: 24px; width: 46.5587%;\">Parking des Goules<\/td>\n<td style=\"height: 24px; width: 9.17679%;\">10:00<\/td>\n<td style=\"width: 7.82726%; height: 24px;\">11:35<\/td>\n<td style=\"height: 24px; width: 9.44669%;\">17:32<\/td>\n<td style=\"width: 5.53306%; height: 24px;\">19:02<\/td>\n<\/tr>\n<tr style=\"height: 24px;\">\n<td style=\"height: 24px; width: 24.5614%;\" rowspan=\"2\">Saint-Ours<\/td>\n<td style=\"height: 24px; width: 46.5587%;\">Vulcania<\/td>\n<td style=\"height: 24px; width: 9.17679%;\">10:03<\/td>\n<td style=\"width: 7.82726%; height: 24px;\">11:38<\/td>\n<td style=\"height: 24px; width: 9.44669%;\">17:30<\/td>\n<td style=\"height: 24px; width: 5.53306%;\">19:00<\/td>\n<\/tr>\n<tr>\n<td style=\"width: 46.5587%;\">Volcan de Lemptegy<\/td>\n<td style=\"width: 9.17679%;\">10:07<\/td>\n<td style=\"width: 7.82726%;\">11:42<\/td>\n<td style=\"width: 9.44669%;\">17:26<\/td>\n<td style=\"width: 5.53306%;\">18:56<\/td>\n<\/tr>\n<\/tbody>\n<\/table>\n<p>[\/vc_column_text][vc_column_text css=&#8221;&#8221; el_class=&#8221;legende_calendrier petit&#8221;]Subject to traffic and works-related conditions.<br \/>\n(1) From 05\/07 to 31\/08\/2025: Stop replaced by Fontmaure Europe.<br \/>\n(2) From 05\/07 to 31\/08\/2025 : Stop not served.[\/vc_column_text][\/vc_column_inner][vc_column_inner width=&#8221;1\/3&#8243;][vc_column_text css=&#8221;&#8221; el_class=&#8221;jolie-liste&#8221;]<strong>Every day :<\/strong><\/p>\n<ul>\n<li>From 05\/07\/2025 to 31\/08\/2025<\/li>\n<\/ul>\n<p>[\/vc_column_text][\/vc_column_inner][\/vc_row_inner][\/vc_column][\/vc_row][vc_row][vc_column][vc_empty_space height=&#8221;30&#8243;][\/vc_column][\/vc_row]<\/p>\n<\/div>","protected":false},"excerpt":{"rendered":"<p>[vc_row][vc_column][vc_column_text el_class=&#8221;intro&#8221;] Easy access to the park from Clermont-Ferrand, Chamali\u00e8res, Royat or Orcines during school vacations. [\/vc_column_text][vc_column_text css=&#8221;&#8221;] The shuttle runs from Clermont-Ferrand to Vulcania, departing from the SNCF train station (stop in front of the station, platform 5), via the town center, Chamali\u00e8res, Royat and Orcines, according to the timetables and stops shown below [&hellip;]<\/p>\n","protected":false},"author":4,"featured_media":0,"parent":0,"menu_order":0,"comment_status":"closed","ping_status":"closed","template":"","meta":{"_acf_changed":false,"_relevanssi_hide_post":"","_relevanssi_hide_content":"","_relevanssi_pin_for_all":"","_relevanssi_pin_keywords":"","_relevanssi_unpin_keywords":"","_relevanssi_related_keywords":"","_relevanssi_related_include_ids":"","_relevanssi_related_exclude_ids":"","_relevanssi_related_no_append":"","_relevanssi_related_not_related":"","_relevanssi_related_posts":"","_relevanssi_noindex_reason":"","footnotes":""},"acf":[],"yoast_head":"<!-- This site is optimized with the Yoast SEO plugin v22.9 - https:\/\/yoast.com\/wordpress\/plugins\/seo\/ -->\n<title>Shuttle times, routes and fares to Vulcania<\/title>\n<meta name=\"description\" content=\"Stops, timetables and fares for the shuttle bus between Clermont-Ferrand and Vulcania for easy access to the park during the school vacations.\" \/>\n<meta name=\"robots\" content=\"index, follow, max-snippet:-1, max-image-preview:large, max-video-preview:-1\" \/>\n<link rel=\"canonical\" href=\"https:\/\/www.vulcania.com\/en\/shuttle\/\" \/>\n<meta property=\"og:locale\" content=\"en_US\" \/>\n<meta property=\"og:type\" content=\"article\" \/>\n<meta property=\"og:title\" content=\"Shuttle times, routes and fares to Vulcania\" \/>\n<meta property=\"og:description\" content=\"Stops, timetables and fares for the shuttle bus between Clermont-Ferrand and Vulcania for easy access to the park during the school vacations.\" \/>\n<meta property=\"og:url\" content=\"https:\/\/www.vulcania.com\/en\/shuttle\/\" \/>\n<meta property=\"og:site_name\" content=\"Vulcania\" \/>\n<meta property=\"article:publisher\" content=\"https:\/\/www.facebook.com\/ParcVulcania\" \/>\n<meta property=\"article:modified_time\" content=\"2025-08-01T06:38:10+00:00\" \/>\n<meta property=\"og:image\" content=\"https:\/\/www.vulcania.com\/wp-content\/uploads\/2023\/03\/logo-vulcania.png\" \/>\n\t<meta property=\"og:image:width\" content=\"570\" \/>\n\t<meta property=\"og:image:height\" content=\"253\" \/>\n\t<meta property=\"og:image:type\" content=\"image\/png\" \/>\n<meta name=\"twitter:card\" content=\"summary_large_image\" \/>\n<meta name=\"twitter:site\" content=\"@parc_vulcania\" \/>\n<meta name=\"twitter:label1\" content=\"Est. reading time\" \/>\n\t<meta name=\"twitter:data1\" content=\"3 minutes\" \/>\n<script type=\"application\/ld+json\" class=\"yoast-schema-graph\">{\"@context\":\"https:\/\/schema.org\",\"@graph\":[{\"@type\":\"WebPage\",\"@id\":\"https:\/\/www.vulcania.com\/en\/shuttle\/\",\"url\":\"https:\/\/www.vulcania.com\/en\/shuttle\/\",\"name\":\"Shuttle times, routes and fares to Vulcania\",\"isPartOf\":{\"@id\":\"https:\/\/www.vulcania.com\/#website\"},\"datePublished\":\"2023-04-27T08:49:45+00:00\",\"dateModified\":\"2025-08-01T06:38:10+00:00\",\"description\":\"Stops, timetables and fares for the shuttle bus between Clermont-Ferrand and Vulcania for easy access to the park during the school vacations.\",\"breadcrumb\":{\"@id\":\"https:\/\/www.vulcania.com\/en\/shuttle\/#breadcrumb\"},\"inLanguage\":\"en-US\",\"potentialAction\":[{\"@type\":\"ReadAction\",\"target\":[\"https:\/\/www.vulcania.com\/en\/shuttle\/\"]}]},{\"@type\":\"BreadcrumbList\",\"@id\":\"https:\/\/www.vulcania.com\/en\/shuttle\/#breadcrumb\",\"itemListElement\":[{\"@type\":\"ListItem\",\"position\":1,\"name\":\"Accueil\",\"item\":\"https:\/\/www.vulcania.com\/en\/\"},{\"@type\":\"ListItem\",\"position\":2,\"name\":\"Clermont-Ferrand\/Vulcania shuttles\"}]},{\"@type\":\"WebSite\",\"@id\":\"https:\/\/www.vulcania.com\/#website\",\"url\":\"https:\/\/www.vulcania.com\/\",\"name\":\"Vulcania\",\"description\":\"Parc \u00e0 th\u00e8me au c\u0153ur des volcans d&#039;Auvergne\",\"publisher\":{\"@id\":\"https:\/\/www.vulcania.com\/#organization\"},\"potentialAction\":[{\"@type\":\"SearchAction\",\"target\":{\"@type\":\"EntryPoint\",\"urlTemplate\":\"https:\/\/www.vulcania.com\/?s={search_term_string}\"},\"query-input\":\"required name=search_term_string\"}],\"inLanguage\":\"en-US\"},{\"@type\":\"Organization\",\"@id\":\"https:\/\/www.vulcania.com\/#organization\",\"name\":\"Vulcania\",\"url\":\"https:\/\/www.vulcania.com\/\",\"logo\":{\"@type\":\"ImageObject\",\"inLanguage\":\"en-US\",\"@id\":\"https:\/\/www.vulcania.com\/#\/schema\/logo\/image\/\",\"url\":\"https:\/\/www.vulcania.com\/wp-content\/uploads\/2023\/03\/logo-vulcania.png\",\"contentUrl\":\"https:\/\/www.vulcania.com\/wp-content\/uploads\/2023\/03\/logo-vulcania.png\",\"width\":570,\"height\":253,\"caption\":\"Vulcania\"},\"image\":{\"@id\":\"https:\/\/www.vulcania.com\/#\/schema\/logo\/image\/\"},\"sameAs\":[\"https:\/\/www.facebook.com\/ParcVulcania\",\"https:\/\/x.com\/parc_vulcania\",\"https:\/\/www.youtube.com\/user\/ParcVulcania\",\"https:\/\/www.instagram.com\/parcvulcania\/\"]}]}<\/script>\n<!-- \/ Yoast SEO plugin. -->","yoast_head_json":{"title":"Shuttle times, routes and fares to Vulcania","description":"Stops, timetables and fares for the shuttle bus between Clermont-Ferrand and Vulcania for easy access to the park during the school vacations.","robots":{"index":"index","follow":"follow","max-snippet":"max-snippet:-1","max-image-preview":"max-image-preview:large","max-video-preview":"max-video-preview:-1"},"canonical":"https:\/\/www.vulcania.com\/en\/shuttle\/","og_locale":"en_US","og_type":"article","og_title":"Shuttle times, routes and fares to Vulcania","og_description":"Stops, timetables and fares for the shuttle bus between Clermont-Ferrand and Vulcania for easy access to the park during the school vacations.","og_url":"https:\/\/www.vulcania.com\/en\/shuttle\/","og_site_name":"Vulcania","article_publisher":"https:\/\/www.facebook.com\/ParcVulcania","article_modified_time":"2025-08-01T06:38:10+00:00","og_image":[{"width":570,"height":253,"url":"https:\/\/www.vulcania.com\/wp-content\/uploads\/2023\/03\/logo-vulcania.png","type":"image\/png"}],"twitter_card":"summary_large_image","twitter_site":"@parc_vulcania","twitter_misc":{"Est. reading time":"3 minutes"},"schema":{"@context":"https:\/\/schema.org","@graph":[{"@type":"WebPage","@id":"https:\/\/www.vulcania.com\/en\/shuttle\/","url":"https:\/\/www.vulcania.com\/en\/shuttle\/","name":"Shuttle times, routes and fares to Vulcania","isPartOf":{"@id":"https:\/\/www.vulcania.com\/#website"},"datePublished":"2023-04-27T08:49:45+00:00","dateModified":"2025-08-01T06:38:10+00:00","description":"Stops, timetables and fares for the shuttle bus between Clermont-Ferrand and Vulcania for easy access to the park during the school vacations.","breadcrumb":{"@id":"https:\/\/www.vulcania.com\/en\/shuttle\/#breadcrumb"},"inLanguage":"en-US","potentialAction":[{"@type":"ReadAction","target":["https:\/\/www.vulcania.com\/en\/shuttle\/"]}]},{"@type":"BreadcrumbList","@id":"https:\/\/www.vulcania.com\/en\/shuttle\/#breadcrumb","itemListElement":[{"@type":"ListItem","position":1,"name":"Accueil","item":"https:\/\/www.vulcania.com\/en\/"},{"@type":"ListItem","position":2,"name":"Clermont-Ferrand\/Vulcania shuttles"}]},{"@type":"WebSite","@id":"https:\/\/www.vulcania.com\/#website","url":"https:\/\/www.vulcania.com\/","name":"Vulcania","description":"Parc \u00e0 th\u00e8me au c\u0153ur des volcans d&#039;Auvergne","publisher":{"@id":"https:\/\/www.vulcania.com\/#organization"},"potentialAction":[{"@type":"SearchAction","target":{"@type":"EntryPoint","urlTemplate":"https:\/\/www.vulcania.com\/?s={search_term_string}"},"query-input":"required name=search_term_string"}],"inLanguage":"en-US"},{"@type":"Organization","@id":"https:\/\/www.vulcania.com\/#organization","name":"Vulcania","url":"https:\/\/www.vulcania.com\/","logo":{"@type":"ImageObject","inLanguage":"en-US","@id":"https:\/\/www.vulcania.com\/#\/schema\/logo\/image\/","url":"https:\/\/www.vulcania.com\/wp-content\/uploads\/2023\/03\/logo-vulcania.png","contentUrl":"https:\/\/www.vulcania.com\/wp-content\/uploads\/2023\/03\/logo-vulcania.png","width":570,"height":253,"caption":"Vulcania"},"image":{"@id":"https:\/\/www.vulcania.com\/#\/schema\/logo\/image\/"},"sameAs":["https:\/\/www.facebook.com\/ParcVulcania","https:\/\/x.com\/parc_vulcania","https:\/\/www.youtube.com\/user\/ParcVulcania","https:\/\/www.instagram.com\/parcvulcania\/"]}]}},"_links":{"self":[{"href":"https:\/\/www.vulcania.com\/en\/wp-json\/wp\/v2\/pages\/19265"}],"collection":[{"href":"https:\/\/www.vulcania.com\/en\/wp-json\/wp\/v2\/pages"}],"about":[{"href":"https:\/\/www.vulcania.com\/en\/wp-json\/wp\/v2\/types\/page"}],"author":[{"embeddable":true,"href":"https:\/\/www.vulcania.com\/en\/wp-json\/wp\/v2\/users\/4"}],"replies":[{"embeddable":true,"href":"https:\/\/www.vulcania.com\/en\/wp-json\/wp\/v2\/comments?post=19265"}],"version-history":[{"count":16,"href":"https:\/\/www.vulcania.com\/en\/wp-json\/wp\/v2\/pages\/19265\/revisions"}],"predecessor-version":[{"id":28336,"href":"https:\/\/www.vulcania.com\/en\/wp-json\/wp\/v2\/pages\/19265\/revisions\/28336"}],"wp:attachment":[{"href":"https:\/\/www.vulcania.com\/en\/wp-json\/wp\/v2\/media?parent=19265"}],"curies":[{"name":"wp","href":"https:\/\/api.w.org\/{rel}","templated":true}]}}