{"id":19472,"date":"2023-07-28T16:31:17","date_gmt":"2023-07-28T14:31:17","guid":{"rendered":"https:\/\/www.vulcania.com\/?page_id=19472"},"modified":"2023-08-02T13:54:25","modified_gmt":"2023-08-02T11:54:25","slug":"cookies","status":"publish","type":"page","link":"https:\/\/www.vulcania.com\/en\/cookies\/","title":{"rendered":"Information on the cookies policy"},"content":{"rendered":"<div class=\"wpb-content-wrapper\"><p>[vc_row][vc_column][vc_column_text]<\/p>\n<h2>What is a <strong>cookie<\/strong> or<strong> tracer<\/strong> and\/or <strong>beacon<\/strong>?<\/h2>\n<p>[\/vc_column_text][vc_raw_html]JTNDc2NyaXB0JTIwaWQlM0QlMjJDb29raWVEZWNsYXJhdGlvbiUyMiUyMHNyYyUzRCUyMmh0dHBzJTNBJTJGJTJGY29uc2VudC5jb29raWVib3QuY29tJTJGNTVhOWQ4YjEtYjdkYy00ZmE1LWJhMmEtZWRlZmRkYjU3MWEwJTJGY2QuanMlMjIlMjB0eXBlJTNEJTIydGV4dCUyRmphdmFzY3JpcHQlMjIlMjBhc3luYyUzRSUzQyUyRnNjcmlwdCUzRQ==[\/vc_raw_html][\/vc_column][\/vc_row][vc_row][vc_column][vc_column_text]<\/p>\n<h2>How can I control <strong>the cookies used by the website?<\/strong><\/h2>\n<p>[\/vc_column_text][vc_column_text]We remind you that your consent may be withdrawn at any time. You can obtain more information on the control of cookies on the CNIL website and deactivate cookies by following <a href=\"https:\/\/www.cnil.fr\/fr\/cookies-les-outils-pour-les-maitriser\">the instructions provided by the CNIL<\/a>.<\/p>\n<p>You can also refuse the installation of these cookies by selecting the appropriate configuration in the settings or options of your browser:<\/p>\n<h3>FIREFOX 3.X AND ABOVE (WINDOWS\/MAC)<\/h3>\n<ol>\n<li>Click on &#8220;Tools&#8221; &gt; &#8220;Options&#8221; (Windows) or &#8220;Preferences&#8221; (Mac)<\/li>\n<li>Select the &#8220;Privacy&#8221; tab<\/li>\n<li>Locate the &#8220;cookie&#8221; menu and select the options that suit you best<\/li>\n<\/ol>\n<h3>INTERNET EXPLORER 7.X AND ABOVE (WINDOWS)<\/h3>\n<ol>\n<li>Open the &#8220;Tools&#8221; &gt; &#8220;Internet Options&#8221; menu<\/li>\n<li>Choose the &#8220;Confidentiality&#8221; tab<\/li>\n<li>Click on &#8220;Advanced&#8221;&#8230;<\/li>\n<li>Select or deselect the &#8220;Ignore&#8221; box for automatic cookie management<\/li>\n<li>Select or deselect the &#8220;Accept&#8221; box for internal and third-party cookies<\/li>\n<li>Select or deselect the &#8220;Always authorise session cookies&#8221; box<\/li>\n<\/ol>\n<h3>SAFARI (MAC)<\/h3>\n<ol>\n<li>Open the &#8220;Preferences&#8221; menu<\/li>\n<li>Click on the &#8220;Security&#8221; tab<\/li>\n<li>Click on &#8220;From consulted sites only&#8221;.<\/li>\n<\/ol>\n<h3>OPERA 9.0 AND +<\/h3>\n<ol>\n<li>Choose the &#8220;File&#8221;&gt;&#8221;Preferences&#8221; menu<\/li>\n<li>&#8220;Privacy&#8221; menu<\/li>\n<\/ol>\n<p>You can also control cookies directly with the cookie publishers. The use of cookies, web beacons or similar technologies by any third-party websites supplying advertising content is subject to their own confidentiality policy with regard to cookies.[\/vc_column_text][vc_empty_space height=&#8221;30&#8243;][\/vc_column][\/vc_row]<\/p>\n<\/div>","protected":false},"excerpt":{"rendered":"<p>[vc_row][vc_column][vc_column_text] What is a cookie or tracer and\/or beacon? [\/vc_column_text][vc_raw_html]JTNDc2NyaXB0JTIwaWQlM0QlMjJDb29raWVEZWNsYXJhdGlvbiUyMiUyMHNyYyUzRCUyMmh0dHBzJTNBJTJGJTJGY29uc2VudC5jb29raWVib3QuY29tJTJGNTVhOWQ4YjEtYjdkYy00ZmE1LWJhMmEtZWRlZmRkYjU3MWEwJTJGY2QuanMlMjIlMjB0eXBlJTNEJTIydGV4dCUyRmphdmFzY3JpcHQlMjIlMjBhc3luYyUzRSUzQyUyRnNjcmlwdCUzRQ==[\/vc_raw_html][\/vc_column][\/vc_row][vc_row][vc_column][vc_column_text] How can I control the cookies used by the website? [\/vc_column_text][vc_column_text]We remind you that your consent may be withdrawn at any time. You can obtain more information on the control of cookies on the CNIL website and deactivate cookies by following the instructions provided by [&hellip;]<\/p>\n","protected":false},"author":2,"featured_media":0,"parent":0,"menu_order":0,"comment_status":"closed","ping_status":"closed","template":"","meta":{"_acf_changed":false,"_relevanssi_hide_post":"","_relevanssi_hide_content":"","_relevanssi_pin_for_all":"","_relevanssi_pin_keywords":"","_relevanssi_unpin_keywords":"","_relevanssi_related_keywords":"","_relevanssi_related_include_ids":"","_relevanssi_related_exclude_ids":"","_relevanssi_related_no_append":"","_relevanssi_related_not_related":"","_relevanssi_related_posts":"","_relevanssi_noindex_reason":"","footnotes":""},"acf":[],"yoast_head":"<!-- This site is optimized with the Yoast SEO plugin v22.9 - https:\/\/yoast.com\/wordpress\/plugins\/seo\/ -->\n<title>Information on the cookies policy - Vulcania<\/title>\n<meta name=\"robots\" content=\"index, follow, max-snippet:-1, max-image-preview:large, max-video-preview:-1\" \/>\n<link rel=\"canonical\" href=\"https:\/\/www.vulcania.com\/cookies\/\" \/>\n<meta property=\"og:locale\" content=\"en_US\" \/>\n<meta property=\"og:type\" content=\"article\" \/>\n<meta property=\"og:title\" content=\"Information on the cookies policy - Vulcania\" \/>\n<meta property=\"og:description\" content=\"[vc_row][vc_column][vc_column_text] What is a cookie or tracer and\/or beacon? [\/vc_column_text][vc_raw_html]JTNDc2NyaXB0JTIwaWQlM0QlMjJDb29raWVEZWNsYXJhdGlvbiUyMiUyMHNyYyUzRCUyMmh0dHBzJTNBJTJGJTJGY29uc2VudC5jb29raWVib3QuY29tJTJGNTVhOWQ4YjEtYjdkYy00ZmE1LWJhMmEtZWRlZmRkYjU3MWEwJTJGY2QuanMlMjIlMjB0eXBlJTNEJTIydGV4dCUyRmphdmFzY3JpcHQlMjIlMjBhc3luYyUzRSUzQyUyRnNjcmlwdCUzRQ==[\/vc_raw_html][\/vc_column][\/vc_row][vc_row][vc_column][vc_column_text] How can I control the cookies used by the website? [\/vc_column_text][vc_column_text]We remind you that your consent may be withdrawn at any time. You can obtain more information on the control of cookies on the CNIL website and deactivate cookies by following the instructions provided by [&hellip;]\" \/>\n<meta property=\"og:url\" content=\"https:\/\/www.vulcania.com\/cookies\/\" \/>\n<meta property=\"og:site_name\" content=\"Vulcania\" \/>\n<meta property=\"article:publisher\" content=\"https:\/\/www.facebook.com\/ParcVulcania\" \/>\n<meta property=\"article:modified_time\" content=\"2023-08-02T11:54:25+00:00\" \/>\n<meta property=\"og:image\" content=\"https:\/\/www.vulcania.com\/wp-content\/uploads\/2023\/03\/logo-vulcania.png\" \/>\n\t<meta property=\"og:image:width\" content=\"570\" \/>\n\t<meta property=\"og:image:height\" content=\"253\" \/>\n\t<meta property=\"og:image:type\" content=\"image\/png\" \/>\n<meta name=\"twitter:card\" content=\"summary_large_image\" \/>\n<meta name=\"twitter:site\" content=\"@parc_vulcania\" \/>\n<meta name=\"twitter:label1\" content=\"Est. reading time\" \/>\n\t<meta name=\"twitter:data1\" content=\"2 minutes\" \/>\n<script type=\"application\/ld+json\" class=\"yoast-schema-graph\">{\"@context\":\"https:\/\/schema.org\",\"@graph\":[{\"@type\":\"WebPage\",\"@id\":\"https:\/\/www.vulcania.com\/cookies\/\",\"url\":\"https:\/\/www.vulcania.com\/cookies\/\",\"name\":\"Information on the cookies policy - Vulcania\",\"isPartOf\":{\"@id\":\"https:\/\/www.vulcania.com\/#website\"},\"datePublished\":\"2023-07-28T14:31:17+00:00\",\"dateModified\":\"2023-08-02T11:54:25+00:00\",\"breadcrumb\":{\"@id\":\"https:\/\/www.vulcania.com\/cookies\/#breadcrumb\"},\"inLanguage\":\"en-US\",\"potentialAction\":[{\"@type\":\"ReadAction\",\"target\":[\"https:\/\/www.vulcania.com\/cookies\/\"]}]},{\"@type\":\"BreadcrumbList\",\"@id\":\"https:\/\/www.vulcania.com\/cookies\/#breadcrumb\",\"itemListElement\":[{\"@type\":\"ListItem\",\"position\":1,\"name\":\"Accueil\",\"item\":\"https:\/\/www.vulcania.com\/en\/\"},{\"@type\":\"ListItem\",\"position\":2,\"name\":\"Information on the cookies policy\"}]},{\"@type\":\"WebSite\",\"@id\":\"https:\/\/www.vulcania.com\/#website\",\"url\":\"https:\/\/www.vulcania.com\/\",\"name\":\"Vulcania\",\"description\":\"Parc \u00e0 th\u00e8me au c\u0153ur des volcans d&#039;Auvergne\",\"publisher\":{\"@id\":\"https:\/\/www.vulcania.com\/#organization\"},\"potentialAction\":[{\"@type\":\"SearchAction\",\"target\":{\"@type\":\"EntryPoint\",\"urlTemplate\":\"https:\/\/www.vulcania.com\/?s={search_term_string}\"},\"query-input\":\"required name=search_term_string\"}],\"inLanguage\":\"en-US\"},{\"@type\":\"Organization\",\"@id\":\"https:\/\/www.vulcania.com\/#organization\",\"name\":\"Vulcania\",\"url\":\"https:\/\/www.vulcania.com\/\",\"logo\":{\"@type\":\"ImageObject\",\"inLanguage\":\"en-US\",\"@id\":\"https:\/\/www.vulcania.com\/#\/schema\/logo\/image\/\",\"url\":\"https:\/\/www.vulcania.com\/wp-content\/uploads\/2023\/03\/logo-vulcania.png\",\"contentUrl\":\"https:\/\/www.vulcania.com\/wp-content\/uploads\/2023\/03\/logo-vulcania.png\",\"width\":570,\"height\":253,\"caption\":\"Vulcania\"},\"image\":{\"@id\":\"https:\/\/www.vulcania.com\/#\/schema\/logo\/image\/\"},\"sameAs\":[\"https:\/\/www.facebook.com\/ParcVulcania\",\"https:\/\/x.com\/parc_vulcania\",\"https:\/\/www.youtube.com\/user\/ParcVulcania\",\"https:\/\/www.instagram.com\/parcvulcania\/\"]}]}<\/script>\n<!-- \/ Yoast SEO plugin. -->","yoast_head_json":{"title":"Information on the cookies policy - Vulcania","robots":{"index":"index","follow":"follow","max-snippet":"max-snippet:-1","max-image-preview":"max-image-preview:large","max-video-preview":"max-video-preview:-1"},"canonical":"https:\/\/www.vulcania.com\/cookies\/","og_locale":"en_US","og_type":"article","og_title":"Information on the cookies policy - Vulcania","og_description":"[vc_row][vc_column][vc_column_text] What is a cookie or tracer and\/or beacon? [\/vc_column_text][vc_raw_html]JTNDc2NyaXB0JTIwaWQlM0QlMjJDb29raWVEZWNsYXJhdGlvbiUyMiUyMHNyYyUzRCUyMmh0dHBzJTNBJTJGJTJGY29uc2VudC5jb29raWVib3QuY29tJTJGNTVhOWQ4YjEtYjdkYy00ZmE1LWJhMmEtZWRlZmRkYjU3MWEwJTJGY2QuanMlMjIlMjB0eXBlJTNEJTIydGV4dCUyRmphdmFzY3JpcHQlMjIlMjBhc3luYyUzRSUzQyUyRnNjcmlwdCUzRQ==[\/vc_raw_html][\/vc_column][\/vc_row][vc_row][vc_column][vc_column_text] How can I control the cookies used by the website? [\/vc_column_text][vc_column_text]We remind you that your consent may be withdrawn at any time. You can obtain more information on the control of cookies on the CNIL website and deactivate cookies by following the instructions provided by [&hellip;]","og_url":"https:\/\/www.vulcania.com\/cookies\/","og_site_name":"Vulcania","article_publisher":"https:\/\/www.facebook.com\/ParcVulcania","article_modified_time":"2023-08-02T11:54:25+00:00","og_image":[{"width":570,"height":253,"url":"https:\/\/www.vulcania.com\/wp-content\/uploads\/2023\/03\/logo-vulcania.png","type":"image\/png"}],"twitter_card":"summary_large_image","twitter_site":"@parc_vulcania","twitter_misc":{"Est. reading time":"2 minutes"},"schema":{"@context":"https:\/\/schema.org","@graph":[{"@type":"WebPage","@id":"https:\/\/www.vulcania.com\/cookies\/","url":"https:\/\/www.vulcania.com\/cookies\/","name":"Information on the cookies policy - Vulcania","isPartOf":{"@id":"https:\/\/www.vulcania.com\/#website"},"datePublished":"2023-07-28T14:31:17+00:00","dateModified":"2023-08-02T11:54:25+00:00","breadcrumb":{"@id":"https:\/\/www.vulcania.com\/cookies\/#breadcrumb"},"inLanguage":"en-US","potentialAction":[{"@type":"ReadAction","target":["https:\/\/www.vulcania.com\/cookies\/"]}]},{"@type":"BreadcrumbList","@id":"https:\/\/www.vulcania.com\/cookies\/#breadcrumb","itemListElement":[{"@type":"ListItem","position":1,"name":"Accueil","item":"https:\/\/www.vulcania.com\/en\/"},{"@type":"ListItem","position":2,"name":"Information on the cookies policy"}]},{"@type":"WebSite","@id":"https:\/\/www.vulcania.com\/#website","url":"https:\/\/www.vulcania.com\/","name":"Vulcania","description":"Parc \u00e0 th\u00e8me au c\u0153ur des volcans d&#039;Auvergne","publisher":{"@id":"https:\/\/www.vulcania.com\/#organization"},"potentialAction":[{"@type":"SearchAction","target":{"@type":"EntryPoint","urlTemplate":"https:\/\/www.vulcania.com\/?s={search_term_string}"},"query-input":"required name=search_term_string"}],"inLanguage":"en-US"},{"@type":"Organization","@id":"https:\/\/www.vulcania.com\/#organization","name":"Vulcania","url":"https:\/\/www.vulcania.com\/","logo":{"@type":"ImageObject","inLanguage":"en-US","@id":"https:\/\/www.vulcania.com\/#\/schema\/logo\/image\/","url":"https:\/\/www.vulcania.com\/wp-content\/uploads\/2023\/03\/logo-vulcania.png","contentUrl":"https:\/\/www.vulcania.com\/wp-content\/uploads\/2023\/03\/logo-vulcania.png","width":570,"height":253,"caption":"Vulcania"},"image":{"@id":"https:\/\/www.vulcania.com\/#\/schema\/logo\/image\/"},"sameAs":["https:\/\/www.facebook.com\/ParcVulcania","https:\/\/x.com\/parc_vulcania","https:\/\/www.youtube.com\/user\/ParcVulcania","https:\/\/www.instagram.com\/parcvulcania\/"]}]}},"_links":{"self":[{"href":"https:\/\/www.vulcania.com\/en\/wp-json\/wp\/v2\/pages\/19472"}],"collection":[{"href":"https:\/\/www.vulcania.com\/en\/wp-json\/wp\/v2\/pages"}],"about":[{"href":"https:\/\/www.vulcania.com\/en\/wp-json\/wp\/v2\/types\/page"}],"author":[{"embeddable":true,"href":"https:\/\/www.vulcania.com\/en\/wp-json\/wp\/v2\/users\/2"}],"replies":[{"embeddable":true,"href":"https:\/\/www.vulcania.com\/en\/wp-json\/wp\/v2\/comments?post=19472"}],"version-history":[{"count":3,"href":"https:\/\/www.vulcania.com\/en\/wp-json\/wp\/v2\/pages\/19472\/revisions"}],"predecessor-version":[{"id":19479,"href":"https:\/\/www.vulcania.com\/en\/wp-json\/wp\/v2\/pages\/19472\/revisions\/19479"}],"wp:attachment":[{"href":"https:\/\/www.vulcania.com\/en\/wp-json\/wp\/v2\/media?parent=19472"}],"curies":[{"name":"wp","href":"https:\/\/api.w.org\/{rel}","templated":true}]}}