{"id":19488,"date":"2017-04-26T15:48:18","date_gmt":"2017-04-26T13:48:18","guid":{"rendered":"https:\/\/www.vulcania.com\/?page_id=19488"},"modified":"2025-12-01T14:09:35","modified_gmt":"2025-12-01T13:09:35","slug":"legal-notices","status":"publish","type":"page","link":"https:\/\/www.vulcania.com\/en\/legal-notices\/","title":{"rendered":"Legal notices"},"content":{"rendered":"<div class=\"wpb-content-wrapper\"><p>[vc_row][vc_column][vc_column_text]<\/p>\n<h2>Publisher<\/h2>\n<p>[\/vc_column_text][vc_column_text css=&#8221;&#8221;]<\/p>\n<p style=\"text-align: justify;\">SEM Volcans, a semi-public limited company with a Board of Directors, trading under the name VULCANIA, with share capital of \u20ac5,142,161, having its registered office at 2 route de Mazayes, 63230 Saint-Ours les Roches,<br \/>\nTel: +33 (0)4 73 19 70 00 &#8211; Fax: +33 (0)4 73 19 70 99<br \/>\ne-mail address: <a href=\"mailto:bienvenue@vulcania.com\">bienvenue@vulcania.com<\/a>.<br \/>\nSem Volcans is registered with the RCS of Clermont-Ferrand under No. 423 556-356.<br \/>\nVAT identification number: FR 23 423 556 356<br \/>\nCITEO unique identifier: FR231998_03WSKV<\/p>\n<p>[\/vc_column_text][vc_column_text]<\/p>\n<h2>Publishing director<\/h2>\n<p>[\/vc_column_text][vc_column_text]<\/p>\n<p style=\"text-align: justify;\">Sophie Rognon, Director of SEM Volcans.<\/p>\n<p>[\/vc_column_text][vc_column_text]<\/p>\n<h2>Authorisation system<\/h2>\n<p>[\/vc_column_text][vc_column_text]<\/p>\n<p style=\"text-align: left;\">VULCANIA holds registration number IM063120002 with the Registre des Op\u00e9rateurs de Voyages et S\u00e9jours, issued by the Commission d&#8217;immatriculation on 21 February 2012.<\/p>\n<p>[\/vc_column_text][vc_column_text]<\/p>\n<h2>Hosting<\/h2>\n<p>[\/vc_column_text][vc_column_text]<\/p>\n<h3>Blizz<\/h3>\n<p>[\/vc_column_text][vc_column_text]8 rue Georges Besse \u2013 63100 Clermont Ferrand \u2013 +33 (0)4 73 29 42 94<br \/>\n<a class=\"external-link-new-window\" href=\"http:\/\/www.blizz.fr\/\" target=\"_blank\" rel=\"noopener noreferrer\">http:\/\/www.blizz.fr<\/a>[\/vc_column_text][vc_column_text]<\/p>\n<h2>Website design and development<\/h2>\n<h3>Scopika<\/h3>\n<p>15 Rue du Pr\u00e9 La Reine<br \/>\n63100 Clermont-Ferrand<br \/>\n<a href=\"http:\/\/scopika.com\">scopika.com<\/a>[\/vc_column_text][vc_column_text]<\/p>\n<h2>Terms and conditions of use<\/h2>\n<p>[\/vc_column_text][vc_column_text]<\/p>\n<p style=\"text-align: left;\">Vulcania provides users with services on this site. To benefit from these services, the user agrees to respect the following &#8220;conditions of use&#8221;. If they do not accept them, Vulcania asks them to leave the site.<\/p>\n<p>[\/vc_column_text][vc_column_text]<\/p>\n<h2>Website content<\/h2>\n<p>[\/vc_column_text][vc_column_text]<\/p>\n<p style=\"text-align: left;\">This website is provided as a service to visitors. Vulcania reserves the right to delete, modify or add to the information provided on this site at any time and for any reason whatsoever, without prior notice being required.<br \/>\nThe user acknowledges having been informed that this site is accessible 24 hours a day, 7 days a week, except in cases of force majeure, computer difficulties, difficulties linked to the structure of communications networks or technical difficulties.<br \/>\nFor maintenance reasons, Vulcania may interrupt the site and will endeavour to inform users in advance.<\/p>\n<p>[\/vc_column_text][vc_column_text]<\/p>\n<h2>Hypertext links<\/h2>\n<p>[\/vc_column_text][vc_column_text]<\/p>\n<p style=\"text-align: left;\">The pages of this website may contain links or references to other websites. Vulcania does not guarantee the content of these other sites and cannot be held responsible for any damage resulting from the use of the content of these sites. Links to other sites are provided solely for the convenience of the user of this website.<br \/>\nVulcania is not responsible for the existence or content of links from other sites to its site.<\/p>\n<p>[\/vc_column_text][vc_column_text]<\/p>\n<h2>Intellectual property<\/h2>\n<p>[\/vc_column_text][vc_column_text]<\/p>\n<p style=\"text-align: left;\">The content of this website is the property of Vulcania. The user is authorised to consult the data it contains for personal non-commercial use only, which excludes any commercial exploitation at local, national or international level.<br \/>\nIn particular, Vulcania points out that no logo, text, sound, graphic or image contained in the site may be copied, reproduced, modified, published, issued, posted, transmitted or distributed in whole or in part by any means whatsoever without its prior written authorisation. Any person who does not comply with the applicable legal provisions is guilty of the offence of counterfeiting and is liable to the penal sanctions provided for by law. The use of a protected work without authorisation is considered to be an act of counterfeiting.<\/p>\n<p>[\/vc_column_text][vc_column_text]<\/p>\n<h2>Photo, video and illustration credits<\/h2>\n<p>[\/vc_column_text][vc_column_text css=&#8221;&#8221;]<\/p>\n<p style=\"text-align: justify;\">Vulcania \/ Scopika \/ Jo\u00ebl Damase \/ J\u00e9r\u00f4me Chabanne \/ MK Krafft-CRI Nancy-Lorraine \/ Francis Debaisieux \/ P\u00e9riscope Cr\u00e9ations \/ Christian Sagne \/ One \/ Getty Images \/ Fran\u00e7ois Garnier \/ Planet Observer \/ Strass Productions\/ Christophe Darbelet \/ Christophe Camus \/ Amak Studio \/ Sertis \/ X Largo\/ Joravision \/ A. Demaison \/ Squattrocchi -innovativepictures.fr<a>\u00a0\/<\/a> Wanda Productions \/ Ryan McGinnis \/\u00a0 Jean-Michel Gueugnot \/ Luc Olivier \/ Point G \/ Serge Bloch \/ V.Uta \/ Yohan Loubier \/ PUI Limoges \/ Allegre \u2013 Bosio -Ushuaia Nature-TF1 entreprises-Starface \/ Ouragan-Films \/ Avida \/ Pix\u2019n Prod \/ All Contents \/ Thomas Pesquet \/ Neige \u2013 Saint Thomas Production \/ Anne-Lise Plancoulaine \/ Ga\u00eblle Tyczinski \/ Fire of Love Productions, Inc. \/ RSA Cosmos \/ Norrk\u00f6ping Visualization Center C \/ Wisdome \/ 3D Emotion \/ Mediastro Promotion \/ X-Sports Shows \/ Bike Energy \/ L\u2019Aventure Michelin \/ L.Champinot \/ M.Josserand \/ M.Pernin \/ C.Pons \/ D.Zigoni \/ T.Clair \/ Adobe Stock \/ Julien Audigier<\/p>\n<p>[\/vc_column_text][vc_column_text]<\/p>\n<h2>Personal data<\/h2>\n<p>[\/vc_column_text][vc_column_text]<\/p>\n<p style=\"text-align: left;\">This site is registered with the CNIL under number 1015466 modified under number 806955. The information communicated by the user on the site enables Vulcania and its partners to process and execute requests for information, reservations, documentation and news sent by e-mail.<\/p>\n<p>[\/vc_column_text][vc_column_text]<\/p>\n<h2>Protection of personal data<\/h2>\n<p>[\/vc_column_text][vc_column_text]Any personal information provided by the user of the site may be used or exploited by Vulcania and its partners for the following purposes:<\/p>\n<ul>\n<li>Sending and exchanging information by e-mail, fax, post or telephone;<\/li>\n<li>Processing an order, a request for information or documentation.<\/li>\n<\/ul>\n<p>In accordance with article 27 of the French Data Protection Act of 6 January 1978, information that is essential for the processing and execution of requests is marked with an asterisk. The other information requested, which is optional, is intended to help us get to know users better and improve the services we offer. In accordance with the French Data Protection Act, users have the right to access, modify, rectify and delete data concerning them (article 34 of the French Data Protection Act of 6 January 1978). They may exercise this right by writing to the IT Department, Vulcania, 2 route de Mazayes 63 230 Saint-Ours les Roches.<br \/>\nUsers may access partner sites via links on the site, which may not be governed by the present provisions for the protection of personal data. The user is therefore invited to examine the rules applicable to the use and disclosure of information communicated on these sites.[\/vc_column_text][vc_column_text]<\/p>\n<h2>Responsibilities<\/h2>\n<p>[\/vc_column_text][vc_column_text]<\/p>\n<p style=\"text-align: left;\">Vulcania may not be held liable for any direct or indirect damage resulting from an interruption or malfunction of any kind, for any reason whatsoever, or for any direct or indirect damage resulting in any way whatsoever from a connection to the site. Any person connecting to the site does so at their own risk.<\/p>\n<p>[\/vc_column_text][vc_column_text]<\/p>\n<h2>For any complaint concerning the Website:<\/h2>\n<p>[\/vc_column_text][vc_column_text el_class=&#8221;jolie-liste&#8221;]You can contact VULCANIA :<\/p>\n<ul>\n<li>by telephone Monday to Friday, 9am to 12pm and 2pm to 5pm (except public holidays): +33 (0)4 73 19 70 10<\/li>\n<li>by e-mail at the following address: <a href=\"mailto:bienvenue@vulcania.com\">bienvenue@vulcania.com<\/a><\/li>\n<li>by post to the following address: 2 route de Mazayes &#8211; 63230 Saint-Ours Les Roches<\/li>\n<\/ul>\n<p>[\/vc_column_text][vc_empty_space height=&#8221;30&#8243;][\/vc_column][\/vc_row]<\/p>\n<\/div>","protected":false},"excerpt":{"rendered":"<p>[vc_row][vc_column][vc_column_text] Publisher [\/vc_column_text][vc_column_text css=&#8221;&#8221;] SEM Volcans, a semi-public limited company with a Board of Directors, trading under the name VULCANIA, with share capital of \u20ac5,142,161, having its registered office at 2 route de Mazayes, 63230 Saint-Ours les Roches, Tel: +33 (0)4 73 19 70 00 &#8211; Fax: +33 (0)4 73 19 70 99 e-mail address: [&hellip;]<\/p>\n","protected":false},"author":2,"featured_media":0,"parent":0,"menu_order":0,"comment_status":"closed","ping_status":"closed","template":"","meta":{"_acf_changed":false,"_relevanssi_hide_post":"","_relevanssi_hide_content":"","_relevanssi_pin_for_all":"","_relevanssi_pin_keywords":"","_relevanssi_unpin_keywords":"","_relevanssi_related_keywords":"","_relevanssi_related_include_ids":"","_relevanssi_related_exclude_ids":"","_relevanssi_related_no_append":"","_relevanssi_related_not_related":"","_relevanssi_related_posts":"","_relevanssi_noindex_reason":"","footnotes":""},"acf":[],"yoast_head":"<!-- This site is optimized with the Yoast SEO plugin v22.9 - https:\/\/yoast.com\/wordpress\/plugins\/seo\/ -->\n<title>Legal notices - Vulcania<\/title>\n<meta name=\"description\" content=\"Read Vulcania\u2019s legal notices: publisher details, hosting, intellectual property, privacy policy and terms of use for the official Vulcania website.\" \/>\n<meta name=\"robots\" content=\"index, follow, max-snippet:-1, max-image-preview:large, max-video-preview:-1\" \/>\n<link rel=\"canonical\" href=\"https:\/\/www.vulcania.com\/en\/legal-notices\/\" \/>\n<meta property=\"og:locale\" content=\"en_US\" \/>\n<meta property=\"og:type\" content=\"article\" \/>\n<meta property=\"og:title\" content=\"Legal notices - Vulcania\" \/>\n<meta property=\"og:description\" content=\"Read Vulcania\u2019s legal notices: publisher details, hosting, intellectual property, privacy policy and terms of use for the official Vulcania website.\" \/>\n<meta property=\"og:url\" content=\"https:\/\/www.vulcania.com\/en\/legal-notices\/\" \/>\n<meta property=\"og:site_name\" content=\"Vulcania\" \/>\n<meta property=\"article:publisher\" content=\"https:\/\/www.facebook.com\/ParcVulcania\" \/>\n<meta property=\"article:modified_time\" content=\"2025-12-01T13:09:35+00:00\" \/>\n<meta property=\"og:image\" content=\"https:\/\/www.vulcania.com\/wp-content\/uploads\/2023\/03\/logo-vulcania.png\" \/>\n\t<meta property=\"og:image:width\" content=\"570\" \/>\n\t<meta property=\"og:image:height\" content=\"253\" \/>\n\t<meta property=\"og:image:type\" content=\"image\/png\" \/>\n<meta name=\"twitter:card\" content=\"summary_large_image\" \/>\n<meta name=\"twitter:site\" content=\"@parc_vulcania\" \/>\n<meta name=\"twitter:label1\" content=\"Est. reading time\" \/>\n\t<meta name=\"twitter:data1\" content=\"6 minutes\" \/>\n<script type=\"application\/ld+json\" class=\"yoast-schema-graph\">{\"@context\":\"https:\/\/schema.org\",\"@graph\":[{\"@type\":\"WebPage\",\"@id\":\"https:\/\/www.vulcania.com\/en\/legal-notices\/\",\"url\":\"https:\/\/www.vulcania.com\/en\/legal-notices\/\",\"name\":\"Legal notices - Vulcania\",\"isPartOf\":{\"@id\":\"https:\/\/www.vulcania.com\/#website\"},\"datePublished\":\"2017-04-26T13:48:18+00:00\",\"dateModified\":\"2025-12-01T13:09:35+00:00\",\"description\":\"Read Vulcania\u2019s legal notices: publisher details, hosting, intellectual property, privacy policy and terms of use for the official Vulcania website.\",\"breadcrumb\":{\"@id\":\"https:\/\/www.vulcania.com\/en\/legal-notices\/#breadcrumb\"},\"inLanguage\":\"en-US\",\"potentialAction\":[{\"@type\":\"ReadAction\",\"target\":[\"https:\/\/www.vulcania.com\/en\/legal-notices\/\"]}]},{\"@type\":\"BreadcrumbList\",\"@id\":\"https:\/\/www.vulcania.com\/en\/legal-notices\/#breadcrumb\",\"itemListElement\":[{\"@type\":\"ListItem\",\"position\":1,\"name\":\"Accueil\",\"item\":\"https:\/\/www.vulcania.com\/en\/\"},{\"@type\":\"ListItem\",\"position\":2,\"name\":\"Legal notices\"}]},{\"@type\":\"WebSite\",\"@id\":\"https:\/\/www.vulcania.com\/#website\",\"url\":\"https:\/\/www.vulcania.com\/\",\"name\":\"Vulcania\",\"description\":\"Parc \u00e0 th\u00e8me au c\u0153ur des volcans d&#039;Auvergne\",\"publisher\":{\"@id\":\"https:\/\/www.vulcania.com\/#organization\"},\"potentialAction\":[{\"@type\":\"SearchAction\",\"target\":{\"@type\":\"EntryPoint\",\"urlTemplate\":\"https:\/\/www.vulcania.com\/?s={search_term_string}\"},\"query-input\":\"required name=search_term_string\"}],\"inLanguage\":\"en-US\"},{\"@type\":\"Organization\",\"@id\":\"https:\/\/www.vulcania.com\/#organization\",\"name\":\"Vulcania\",\"url\":\"https:\/\/www.vulcania.com\/\",\"logo\":{\"@type\":\"ImageObject\",\"inLanguage\":\"en-US\",\"@id\":\"https:\/\/www.vulcania.com\/#\/schema\/logo\/image\/\",\"url\":\"https:\/\/www.vulcania.com\/wp-content\/uploads\/2023\/03\/logo-vulcania.png\",\"contentUrl\":\"https:\/\/www.vulcania.com\/wp-content\/uploads\/2023\/03\/logo-vulcania.png\",\"width\":570,\"height\":253,\"caption\":\"Vulcania\"},\"image\":{\"@id\":\"https:\/\/www.vulcania.com\/#\/schema\/logo\/image\/\"},\"sameAs\":[\"https:\/\/www.facebook.com\/ParcVulcania\",\"https:\/\/x.com\/parc_vulcania\",\"https:\/\/www.youtube.com\/user\/ParcVulcania\",\"https:\/\/www.instagram.com\/parcvulcania\/\"]}]}<\/script>\n<!-- \/ Yoast SEO plugin. -->","yoast_head_json":{"title":"Legal notices - Vulcania","description":"Read Vulcania\u2019s legal notices: publisher details, hosting, intellectual property, privacy policy and terms of use for the official Vulcania website.","robots":{"index":"index","follow":"follow","max-snippet":"max-snippet:-1","max-image-preview":"max-image-preview:large","max-video-preview":"max-video-preview:-1"},"canonical":"https:\/\/www.vulcania.com\/en\/legal-notices\/","og_locale":"en_US","og_type":"article","og_title":"Legal notices - Vulcania","og_description":"Read Vulcania\u2019s legal notices: publisher details, hosting, intellectual property, privacy policy and terms of use for the official Vulcania website.","og_url":"https:\/\/www.vulcania.com\/en\/legal-notices\/","og_site_name":"Vulcania","article_publisher":"https:\/\/www.facebook.com\/ParcVulcania","article_modified_time":"2025-12-01T13:09:35+00:00","og_image":[{"width":570,"height":253,"url":"https:\/\/www.vulcania.com\/wp-content\/uploads\/2023\/03\/logo-vulcania.png","type":"image\/png"}],"twitter_card":"summary_large_image","twitter_site":"@parc_vulcania","twitter_misc":{"Est. reading time":"6 minutes"},"schema":{"@context":"https:\/\/schema.org","@graph":[{"@type":"WebPage","@id":"https:\/\/www.vulcania.com\/en\/legal-notices\/","url":"https:\/\/www.vulcania.com\/en\/legal-notices\/","name":"Legal notices - Vulcania","isPartOf":{"@id":"https:\/\/www.vulcania.com\/#website"},"datePublished":"2017-04-26T13:48:18+00:00","dateModified":"2025-12-01T13:09:35+00:00","description":"Read Vulcania\u2019s legal notices: publisher details, hosting, intellectual property, privacy policy and terms of use for the official Vulcania website.","breadcrumb":{"@id":"https:\/\/www.vulcania.com\/en\/legal-notices\/#breadcrumb"},"inLanguage":"en-US","potentialAction":[{"@type":"ReadAction","target":["https:\/\/www.vulcania.com\/en\/legal-notices\/"]}]},{"@type":"BreadcrumbList","@id":"https:\/\/www.vulcania.com\/en\/legal-notices\/#breadcrumb","itemListElement":[{"@type":"ListItem","position":1,"name":"Accueil","item":"https:\/\/www.vulcania.com\/en\/"},{"@type":"ListItem","position":2,"name":"Legal notices"}]},{"@type":"WebSite","@id":"https:\/\/www.vulcania.com\/#website","url":"https:\/\/www.vulcania.com\/","name":"Vulcania","description":"Parc \u00e0 th\u00e8me au c\u0153ur des volcans d&#039;Auvergne","publisher":{"@id":"https:\/\/www.vulcania.com\/#organization"},"potentialAction":[{"@type":"SearchAction","target":{"@type":"EntryPoint","urlTemplate":"https:\/\/www.vulcania.com\/?s={search_term_string}"},"query-input":"required name=search_term_string"}],"inLanguage":"en-US"},{"@type":"Organization","@id":"https:\/\/www.vulcania.com\/#organization","name":"Vulcania","url":"https:\/\/www.vulcania.com\/","logo":{"@type":"ImageObject","inLanguage":"en-US","@id":"https:\/\/www.vulcania.com\/#\/schema\/logo\/image\/","url":"https:\/\/www.vulcania.com\/wp-content\/uploads\/2023\/03\/logo-vulcania.png","contentUrl":"https:\/\/www.vulcania.com\/wp-content\/uploads\/2023\/03\/logo-vulcania.png","width":570,"height":253,"caption":"Vulcania"},"image":{"@id":"https:\/\/www.vulcania.com\/#\/schema\/logo\/image\/"},"sameAs":["https:\/\/www.facebook.com\/ParcVulcania","https:\/\/x.com\/parc_vulcania","https:\/\/www.youtube.com\/user\/ParcVulcania","https:\/\/www.instagram.com\/parcvulcania\/"]}]}},"_links":{"self":[{"href":"https:\/\/www.vulcania.com\/en\/wp-json\/wp\/v2\/pages\/19488"}],"collection":[{"href":"https:\/\/www.vulcania.com\/en\/wp-json\/wp\/v2\/pages"}],"about":[{"href":"https:\/\/www.vulcania.com\/en\/wp-json\/wp\/v2\/types\/page"}],"author":[{"embeddable":true,"href":"https:\/\/www.vulcania.com\/en\/wp-json\/wp\/v2\/users\/2"}],"replies":[{"embeddable":true,"href":"https:\/\/www.vulcania.com\/en\/wp-json\/wp\/v2\/comments?post=19488"}],"version-history":[{"count":3,"href":"https:\/\/www.vulcania.com\/en\/wp-json\/wp\/v2\/pages\/19488\/revisions"}],"predecessor-version":[{"id":29137,"href":"https:\/\/www.vulcania.com\/en\/wp-json\/wp\/v2\/pages\/19488\/revisions\/29137"}],"wp:attachment":[{"href":"https:\/\/www.vulcania.com\/en\/wp-json\/wp\/v2\/media?parent=19488"}],"curies":[{"name":"wp","href":"https:\/\/api.w.org\/{rel}","templated":true}]}}