{"id":110,"date":"2017-05-17T14:09:34","date_gmt":"2017-05-17T12:09:34","guid":{"rendered":"http:\/\/vulcania-sciences.scopika.com\/?page_id=110"},"modified":"2023-09-11T10:21:38","modified_gmt":"2023-09-11T08:21:38","slug":"risques-volcaniques","status":"publish","type":"page","link":"https:\/\/www.vulcania.com\/science\/risques\/risques-volcaniques\/","title":{"rendered":"Quels sont les risques li\u00e9s aux volcans ?"},"content":{"rendered":"<div class=\"wpb-content-wrapper\"><p>[vc_row el_class=\u00a0\u00bbbloc-titre\u00a0\u00bb][vc_column width=\u00a0\u00bb1\/12&Prime;][\/vc_column][vc_column width=\u00a0\u00bb10\/12&Prime;][vc_column_text]<\/p>\n<h2>Risque, al\u00e9a et importance d&rsquo;une \u00e9ruption<\/h2>\n<p>[\/vc_column_text][vc_column_text el_class=\u00a0\u00bbintro\u00a0\u00bb]<em><strong>Al\u00e9as et risques sont deux notions tr\u00e8s diff\u00e9rentes !<\/strong><\/em><br \/>\n<b><\/b><\/p>\n<p><b>L\u2019al\u00e9a\u00a0<\/b>se d\u00e9finit par rapport aux ph\u00e9nom\u00e8nes, survenus lors d\u2019une \u00e9ruption, susceptibles d\u2019engendrer une menace. Le risque est la probabilit\u00e9, pour l\u2019al\u00e9a, d\u2019engendrer pour la collectivit\u00e9 des victimes humaines et des d\u00e9g\u00e2ts mat\u00e9riels. Il fait donc appel \u00e0 la notion de vuln\u00e9rabilit\u00e9 de l\u2019homme et de ses biens.<\/p>\n<p>Consid\u00e9rons, par exemple, un volcan actif qui \u00e9met p\u00e9riodiquement des bombes et des coul\u00e9es de lave sur ses flancs. S\u2019il est situ\u00e9 dans une r\u00e9gion inhabit\u00e9e, le risque sera nul. Par contre, si les flancs de ce volcan sont dens\u00e9ment peupl\u00e9s, les risques seront proportionnels \u00e0 la fr\u00e9quence de l\u2019al\u00e9a, \u00e0 la valeurs des biens menac\u00e9s et \u00e0 la densit\u00e9 de la population.<b><\/b>[\/vc_column_text][vc_column_text]<\/p>\n<h3>Les sept al\u00e9as volcaniques<\/h3>\n<div id=\"c70859\" class=\"csc-default\">\n<p class=\"bodytext\">L\u2019organisation IAVECI (International Association of Volcanology and Chemistry of the Earth\u2019s Interior) a d\u00e9fini sept al\u00e9as volcaniques \u00e0 risque \u00e9lev\u00e9. Ces al\u00e9as ont \u00e9t\u00e9 subdivis\u00e9s en deux groupes :<\/p>\n<ul>\n<li><strong>Al\u00e9as primaires<\/strong>, directement li\u00e9s \u00e0 l\u2019activit\u00e9 \u00e9ruptive. Ils comprennent : les coul\u00e9es de lave, les <a href=\"\/science\/reperes\/glossaire\/#1668609181679-98ba28ca-47111aa2-532d\" target=\"_blank\" rel=\"noopener\">nu\u00e9es ardentes<\/a>, les <a href=\"\/science\/reperes\/glossaire\/#1668609239730-57e14047-e61c1aa2-532d\" target=\"_blank\" rel=\"noopener\">panaches<\/a> de cendres et les nuages de gaz nocifs.<\/li>\n<li><strong>Al\u00e9as secondaires,<\/strong>\u00a0r\u00e9sultant de la conjonction de processus diff\u00e9r\u00e9s dans le temps et dans l\u2019espace. Indirectement li\u00e9s aux \u00e9ruptions, ces al\u00e9as sont souvent d\u00e9clench\u00e9s par la combinaison de processus volcaniques et hydro-m\u00e9t\u00e9orologiques. Leurs cons\u00e9quences sur l\u2019environnement peuvent s\u2019av\u00e9rer dramatiques. Ils comprennent : les raz-de-mar\u00e9e (tsunamis), les coul\u00e9es de boue (lahars), les glissements de terrain.<\/li>\n<\/ul>\n<p class=\"bodytext\">On peut ajouter \u00e0 cela d\u2019autres cons\u00e9quences comme la famine, les \u00e9pid\u00e9mies et la contamination des eaux souterraines et de surface&#8230; Les risques, qui d\u00e9coulent de ces al\u00e9as, peuvent perdurer des d\u00e9cennies apr\u00e8s l\u2019\u00e9ruption et m\u00eame longtemps apr\u00e8s que le volcan soit consid\u00e9r\u00e9 comme inactif.<\/p>\n<p class=\"bodytext\">Le type d\u2019une \u00e9ruption et les risques associ\u00e9s d\u00e9pendent largement de l\u2019ampleur de l\u2019\u00e9ruption, de la composition du magma \u00e9mis et de l\u2019environnement dans lequel a lieu cette \u00e9ruption. Une <a href=\"\/science\/volcans\/differents-types-deruptions\/eruption-strombolienne\/\" target=\"_blank\" rel=\"noopener\">\u00e9ruption strombolienne<\/a> modeste dans une r\u00e9gion tr\u00e8s peupl\u00e9e constituerait un risque beaucoup plus important qu\u2019une \u00e9ruption explosive majeure dans une r\u00e9gion d\u00e9sertique. En France, les zones soumises actuellement au risque volcanique se trouvent dans les DOM-TOM, notamment \u00e0 la Martinique, la Guadeloupe et la R\u00e9union. La Polyn\u00e9sie fran\u00e7aise et le Massif Central sont \u00e9galement concern\u00e9s, mais \u00e0 des degr\u00e9s moindres.<\/p>\n<p class=\"bodytext\">Pour quantifier l\u2019importance d\u2019une \u00e9ruption, on lui assigne <b>un chiffre de 0 \u00e0 8 sur une \u00e9chelle logarithmique<\/b>. Cette \u00e9chelle est appel\u00e9e\u00a0<b>Indice d\u2019Explosivit\u00e9 Volcanique (VEI)<\/b>. Elle tient compte du volume de mat\u00e9riel \u00e9ruptif \u00e9mis, de la hauteur du <a href=\"\/science\/reperes\/glossaire\/#1668609239730-57e14047-e61c1aa2-532d\" target=\"_blank\" rel=\"noopener\">panache<\/a> engendr\u00e9 par l\u2019\u00e9ruption et de la dur\u00e9e de la phase \u00e9ruptive principale.<\/p>\n<p class=\"bodytext\">Le 18 mai 1980, <b>l\u2019\u00e9ruption du Mont St-Helens<\/b>, en \u00e9jectant environ 1 km3 de magma, a produit une colonne \u00e9ruptive qui s\u2019est \u00e9lev\u00e9e jusqu\u2019\u00e0 17 km. Le souffle r\u00e9sultant de cette explosion a d\u00e9vast\u00e9 l\u2019ensemble du massif forestier sur 600 km2 autour du volcan. On a attribu\u00e9 \u00e0 cette \u00e9ruption un VEI de 5. La grande majorit\u00e9 des \u00e9ruptions volcaniques actuelles ont un indice VEI qui ne d\u00e9passe pas 3.<\/p>\n<p class=\"bodytext\">La Terre, dans un pass\u00e9 tr\u00e8s r\u00e9cent, a connu des \u00e9ruptions ph\u00e9nom\u00e9nales, comme celle de <b>Yellowstone ou de Long Valley<\/b>, auxquelles on a attribu\u00e9 respectivement un VEI de 8 et 7. Aucune \u00e9ruption de cette ampleur ne s\u2019est heureusement produite dans la p\u00e9riode historique. En revanche, si la probabilit\u00e9 de telles \u00e9ruptions appara\u00eet faible \u00e0 l\u2019\u00e9chelle du temps humain, l\u2019histoire g\u00e9ologique r\u00e9v\u00e8le qu\u2019il s\u2019en est produit de fa\u00e7on r\u00e9guli\u00e8re ! On commence \u00e0 parler de ces ph\u00e9nom\u00e8nes, r\u00e9cemment popularis\u00e9s sous l\u2019appellation\u00a0<b>\u00ab supervolcans \u00bb.<\/b><\/p>\n<\/div>\n<p>[\/vc_column_text][\/vc_column][vc_column width=\u00a0\u00bb1\/12&Prime;][\/vc_column][\/vc_row][vc_row el_class=\u00a0\u00bbbloc-titre\u00a0\u00bb][vc_column width=\u00a0\u00bb1\/12&Prime;][\/vc_column][vc_column width=\u00a0\u00bb10\/12&Prime;][vc_column_text]<\/p>\n<div id=\"c70861\" class=\"csc-default\">\n<h2>Surveillance et protection<\/h2>\n<h3>Les signes pr\u00e9curseurs des \u00e9ruptions<\/h3>\n<p class=\"bodytext\">Les signes pr\u00e9curseurs des \u00e9ruptions : on dispose d\u2019une\u00a0<b>panoplie de moyens et d\u2019instruments install\u00e9s sur le volcan<\/b>\u00a0; mesure des d\u00e9formations du sol, des \u00e9cartements de fissures, des variations de distance entre deux points, des variations de temp\u00e9rature et d\u2019\u00e9missions de gaz volcaniques, anomalies de gravim\u00e9trie ou de propri\u00e9t\u00e9s \u00e9lectriques du sol.<\/p>\n<p class=\"bodytext\">Les sources d\u2019eau peuvent changer de composition, de temp\u00e9rature, de d\u00e9bit.<br \/>\nDepuis l\u2019espace, des\u00a0<b>satellites<\/b>\u00a0enregistrent les anomalies thermiques d\u2019un volcan, ses d\u00e9formations (par interf\u00e9rom\u00e9trie) ou d\u2019autres signaux \u00e9lectromagn\u00e9tiques qui, conjugu\u00e9s aux donn\u00e9es recueillies sur le terrain, aident \u00e0 \u00e9tablir un diagnostic.<\/p>\n<\/div>\n<div id=\"c70862\" class=\"csc-default\">\n<h3>Catastrophes li\u00e9es au volcanisme<\/h3>\n<p class=\"bodytext\">L\u2019Organisation des Nations Unies et l\u2019Unesco ont r\u00e9pertori\u00e9\u00a0<b>une centaine de volcans \u00e0 haut risque dans le monde<\/b>, dont une grande majorit\u00e9 autour du Pacifique : c\u2019est la fameuse\u00a0<b>\u00ab ceinture de feu \u00bb<\/b>. Aujourd\u2019hui, on dispose de statistiques pr\u00e9cises et compl\u00e8tes. Depuis l\u2019ann\u00e9e 1700, 27 \u00e9ruptions, ayant fait plus de 1000 victimes chacune, ont \u00e9t\u00e9 recens\u00e9es. Durant cette m\u00eame p\u00e9riode, d\u2019autres \u00e9ruptions moins importantes mais plus fr\u00e9quentes, \u00e9taient responsables de plus de 10 000 morts suppl\u00e9mentaires. Ainsi, les volcans tuent rarement !<\/p>\n<p class=\"bodytext\">En moyenne, la Terre conna\u00eet plusieurs \u00e9ruptions catastrophiques par si\u00e8cle. Durant le XXe si\u00e8cle,\u00a0<b>le Nevado Del Ruiz<\/b>\u00a0en Colombie et\u00a0<b>la Montagne Pel\u00e9e<\/b>\u00a0en Martinique ont fait respectivement 23 500 morts en 1985 et 28 000 en 1902. Au XIXe si\u00e8cle, l\u2019Indon\u00e9sie a \u00e9t\u00e9 particuli\u00e8rement touch\u00e9e, puisqu\u2019on a d\u00e9plor\u00e9 36 600 victimes au\u00a0<b>Krakatau\u00a0<\/b>en 1883 et plus de 90 000 au\u00a0<b>Tambora\u00a0<\/b>en 1815. Les vestiges de\u00a0<b>Pomp\u00e9i\u00a0<\/b>(V\u00e9suve, 79 ap. J.-C.) et de\u00a0<b>Santorin\u00a0<\/b>(XVe si\u00e8cle avant l\u2019\u00e8re chr\u00e9tienne) t\u00e9moignent aussi de catastrophes pass\u00e9es.<\/p>\n<h3>Les \u00e9ruptions les plus meurtri\u00e8res (depuis le XIXe si\u00e8cle) :<\/h3>\n<ul>\n<li>la plus meurtri\u00e8re eut lieu en 1815, en Indon\u00e9sie. Le volcan\u00a0<strong>Tambora\u00a0<\/strong>causa la mort de 92 000 personnes. Lors de son \u00e9ruption, le <a href=\"\/science\/reperes\/glossaire\/#1668609239730-57e14047-e61c1aa2-532d\" target=\"_blank\" rel=\"noopener\">panache<\/a> atteint une altitude d\u2019environ 40 kilom\u00e8tres. L\u2019explosion r\u00e9duisit l\u2019altitude du sommet du volcan de 4 000 \u00e0 2 650 m\u00e8tres, formant une caldeira de 6 kilom\u00e8tres de diam\u00e8tre.<\/li>\n<li><strong>Montagne Pel\u00e9e<\/strong>\u00a0(Martinique, 1902), dont les coul\u00e9es <a href=\"\/science\/reperes\/glossaire\/#1668609657967-7914afa5-a1801aa2-532d\" target=\"_blank\" rel=\"noopener\">pyroclastiques<\/a> caus\u00e8rent en la destruction de Saint-Pierre et la mort de 29 000 personnes.<\/li>\n<li><strong>Santa Maria\u00a0<\/strong>(Guatemala, 1902) : les retomb\u00e9es de cendres provoqu\u00e8rent la mort de 6 000 personnes.<\/li>\n<li><strong>Mont Lamington<\/strong>\u00a0(Papouasie-Nouvelle-Guin\u00e9e, 1941) : 2 942 victimes lors de son \u00e9ruption.<\/li>\n<li><strong>Agung\u00a0<\/strong>(Bali, Indon\u00e9sie,1963) : les coul\u00e9es de boue suite \u00e0 l\u2019\u00e9ruption tu\u00e8rent 1 900 personnes.<\/li>\n<li><strong>El Chichon<\/strong>\u00a0(Mexique,1982) : il tua plus de 3 500 personnes et rejeta tant de cendres que le ciel s\u2019obscurcit pendant 2 jours.<\/li>\n<li><strong>Nevado del Ruiz<\/strong>\u00a0(Colombie,1985) : ses coul\u00e9es de boue (lahars) provoqu\u00e8rent la mort de 25 000 personnes.<\/li>\n<li><strong>Lac Nyos\u00a0<\/strong>(Cameroun,1986) : ses nappes de gaz carbonique firent 1 700 victimes.<\/li>\n<li><strong>Unzen\u00a0<\/strong>(Japon,1991) : 45 personnes trouv\u00e8rent la mort, dont les volcanologues fran\u00e7ais Maurice et Katia Krafft.<\/li>\n<li><strong>Pinatubo\u00a0<\/strong>(Ile de Luzon, Philippines,1991) : lors de son \u00e9ruption, il tua 600 personnes.<\/li>\n<\/ul>\n<\/div>\n<p>[\/vc_column_text][\/vc_column][vc_column width=\u00a0\u00bb1\/12&Prime;][\/vc_column][\/vc_row][vc_row el_class=\u00a0\u00bbnoprint\u00a0\u00bb][vc_column]<div class=\"templatera_shortcode\"><div class=\"vc_row wpb_row vc_row-fluid noprint\"><div class=\"wpb_column vc_column_container vc_col-sm-12\"><div class=\"vc_column-inner\"><div class=\"wpb_wrapper\"><div class=\"vc_separator wpb_content_element vc_separator_align_center vc_sep_width_100 vc_sep_dashed vc_sep_pos_align_center vc_separator-has-text\" ><span class=\"vc_sep_holder vc_sep_holder_l\"><span style=\"border-color:#888888;\" class=\"vc_sep_line\"><\/span><\/span><h4>Exp\u00e9rimentez \u00e0 Vulcania<\/h4><span class=\"vc_sep_holder vc_sep_holder_r\"><span style=\"border-color:#888888;\" class=\"vc_sep_line\"><\/span><\/span>\n<\/div><div class=\"vc_row wpb_row vc_inner vc_row-fluid\"><div class=\"wpb_column vc_column_container vc_col-sm-1\"><div class=\"vc_column-inner\"><div class=\"wpb_wrapper\"><\/div><\/div><\/div><div class=\"wpb_column vc_column_container vc_col-sm-5\"><div class=\"vc_column-inner\"><div class=\"wpb_wrapper\">\n\t<div  class=\"wpb_single_image wpb_content_element vc_align_left\">\n\t\t\n\t\t<figure class=\"wpb_wrapper vc_figure\">\n\t\t\t<a href=\"https:\/\/www.vulcania.com\/animation\/reveil-des-geants-d-auvergne\/\" target=\"_self\" class=\"vc_single_image-wrapper vc_box_rounded  vc_box_border_grey\"><img loading=\"lazy\" decoding=\"async\" width=\"585\" height=\"281\" src=\"https:\/\/www.vulcania.com\/science\/wp-content\/uploads\/2021\/03\/reveil-des-geants-auvergne_600x288-585x281.jpg\" class=\"vc_single_image-img attachment-medium\" alt=\"\" title=\"reveil-des-geants-auvergne_600x288\" srcset=\"https:\/\/www.vulcania.com\/science\/wp-content\/uploads\/2021\/03\/reveil-des-geants-auvergne_600x288-585x281.jpg 585w, https:\/\/www.vulcania.com\/science\/wp-content\/uploads\/2021\/03\/reveil-des-geants-auvergne_600x288.jpg 600w\" sizes=\"(max-width: 585px) 100vw, 585px\" \/><\/a>\n\t\t<\/figure>\n\t<\/div>\n<\/div><\/div><\/div><div class=\"wpb_column vc_column_container vc_col-sm-5\"><div class=\"vc_column-inner\"><div class=\"wpb_wrapper\">\n\t<div class=\"wpb_text_column wpb_content_element \" >\n\t\t<div class=\"wpb_wrapper\">\n\t\t\t<h3>R\u00e9veil des G\u00e9ants d'Auvergne<\/h3>\n<p>Depuis environ 7000 ans, le volcanisme d'Auvergne semble en sommeil... Et si les volcans de la Cha\u00eene des Puys se r\u00e9veillaient ? Vivez en direct leur r\u00e9veil dans cette attraction dynamique !<\/p>\n\n\t\t<\/div>\n\t<\/div>\n<div class=\"vc_btn3-container  bouton coul-1 vc_btn3-inline\" ><a class=\"vc_general vc_btn3 vc_btn3-size-md vc_btn3-shape-rounded vc_btn3-style-modern vc_btn3-color-grey\" href=\"https:\/\/www.vulcania.com\/animation\/reveil-des-geants-d-auvergne\/\" title=\"\">En savoir plus sur \"R\u00e9veil des g\u00e9ants d'Auvergne\"<\/a><\/div><\/div><\/div><\/div><div class=\"wpb_column vc_column_container vc_col-sm-1\"><div class=\"vc_column-inner\"><div class=\"wpb_wrapper\"><\/div><\/div><\/div><\/div><\/div><\/div><\/div><\/div><\/div>[\/vc_column][\/vc_row]<\/p>\n<\/div>","protected":false},"excerpt":{"rendered":"Exp\u00e9rimentez \u00e0 Vulcania R\u00e9veil des G\u00e9ants d'Auvergne Depuis environ 7000 ans, le volcanisme d'Auvergne semble en sommeil... Et si les volcans de la Cha\u00eene des Puys se r\u00e9veillaient ? Vivez en direct leur r\u00e9veil dans cette attraction dynamique ! En savoir plus sur \"R\u00e9veil des g\u00e9ants d'Auvergne\"","protected":false},"author":1,"featured_media":722,"parent":97,"menu_order":0,"comment_status":"closed","ping_status":"closed","template":"","meta":{"footnotes":""},"tags":[12],"acf":[],"yoast_head":"<!-- This site is optimized with the Yoast SEO plugin v21.9.1 - https:\/\/yoast.com\/wordpress\/plugins\/seo\/ -->\n<title>Vulcania vous explique les risques et les al\u00e9as volcaniques<\/title>\n<meta name=\"description\" content=\"L&#039;\u00e9quipe scientifique de Vulcania vous d\u00e9crypte les 7 al\u00e9as volcaniques et les moyens de pr\u00e9venir les risques li\u00e9s aux volcans.\" \/>\n<meta name=\"robots\" content=\"index, follow, max-snippet:-1, max-image-preview:large, max-video-preview:-1\" \/>\n<link rel=\"canonical\" href=\"https:\/\/www.vulcania.com\/science\/risques\/risques-volcaniques\/\" \/>\n<meta property=\"og:locale\" content=\"fr_FR\" \/>\n<meta property=\"og:type\" content=\"article\" \/>\n<meta property=\"og:title\" content=\"Vulcania vous explique les risques et les al\u00e9as volcaniques\" \/>\n<meta property=\"og:description\" content=\"L&#039;\u00e9quipe scientifique de Vulcania vous d\u00e9crypte les 7 al\u00e9as volcaniques et les moyens de pr\u00e9venir les risques li\u00e9s aux volcans.\" \/>\n<meta property=\"og:url\" content=\"https:\/\/www.vulcania.com\/science\/risques\/risques-volcaniques\/\" \/>\n<meta property=\"og:site_name\" content=\"Vulcania Sciences\" \/>\n<meta property=\"article:publisher\" content=\"https:\/\/www.facebook.com\/ParcVulcania\" \/>\n<meta property=\"article:modified_time\" content=\"2023-09-11T08:21:38+00:00\" \/>\n<meta property=\"og:image\" content=\"https:\/\/www.vulcania.com\/science\/wp-content\/uploads\/2023\/02\/opengraph-riques-volcaniques_1200x630.jpg\" \/>\n\t<meta property=\"og:image:width\" content=\"1200\" \/>\n\t<meta property=\"og:image:height\" content=\"630\" \/>\n\t<meta property=\"og:image:type\" content=\"image\/jpeg\" \/>\n<meta name=\"twitter:card\" content=\"summary_large_image\" \/>\n<meta name=\"twitter:title\" content=\"Vulcania vous explique les risques et les al\u00e9as volcaniques\" \/>\n<meta name=\"twitter:description\" content=\"L&#039;\u00e9quipe scientifique de Vulcania vous d\u00e9crypte les 7 al\u00e9as volcaniques et les moyens de pr\u00e9venir les risques li\u00e9s aux volcans.\" \/>\n<meta name=\"twitter:image\" content=\"https:\/\/www.vulcania.com\/science\/wp-content\/uploads\/2023\/02\/opengraph-riques-volcaniques_1200x630.jpg\" \/>\n<meta name=\"twitter:site\" content=\"@parc_vulcania\" \/>\n<meta name=\"twitter:label1\" content=\"Dur\u00e9e de lecture estim\u00e9e\" \/>\n\t<meta name=\"twitter:data1\" content=\"6 minutes\" \/>\n<script type=\"application\/ld+json\" class=\"yoast-schema-graph\">{\"@context\":\"https:\/\/schema.org\",\"@graph\":[{\"@type\":\"WebPage\",\"@id\":\"https:\/\/www.vulcania.com\/science\/risques\/risques-volcaniques\/\",\"url\":\"https:\/\/www.vulcania.com\/science\/risques\/risques-volcaniques\/\",\"name\":\"Vulcania vous explique les risques et les al\u00e9as volcaniques\",\"isPartOf\":{\"@id\":\"https:\/\/www.vulcania.com\/science\/#website\"},\"datePublished\":\"2017-05-17T12:09:34+00:00\",\"dateModified\":\"2023-09-11T08:21:38+00:00\",\"description\":\"L'\u00e9quipe scientifique de Vulcania vous d\u00e9crypte les 7 al\u00e9as volcaniques et les moyens de pr\u00e9venir les risques li\u00e9s aux volcans.\",\"breadcrumb\":{\"@id\":\"https:\/\/www.vulcania.com\/science\/risques\/risques-volcaniques\/#breadcrumb\"},\"inLanguage\":\"fr-FR\",\"potentialAction\":[{\"@type\":\"ReadAction\",\"target\":[\"https:\/\/www.vulcania.com\/science\/risques\/risques-volcaniques\/\"]}]},{\"@type\":\"BreadcrumbList\",\"@id\":\"https:\/\/www.vulcania.com\/science\/risques\/risques-volcaniques\/#breadcrumb\",\"itemListElement\":[{\"@type\":\"ListItem\",\"position\":1,\"name\":\"Accueil\",\"item\":\"https:\/\/www.vulcania.com\/science\/\"},{\"@type\":\"ListItem\",\"position\":2,\"name\":\"Risques\",\"item\":\"https:\/\/www.vulcania.com\/science\/risques\/\"},{\"@type\":\"ListItem\",\"position\":3,\"name\":\"Quels sont les risques li\u00e9s aux volcans ?\"}]},{\"@type\":\"WebSite\",\"@id\":\"https:\/\/www.vulcania.com\/science\/#website\",\"url\":\"https:\/\/www.vulcania.com\/science\/\",\"name\":\"Vulcania Sciences\",\"description\":\"\",\"publisher\":{\"@id\":\"https:\/\/www.vulcania.com\/science\/#organization\"},\"potentialAction\":[{\"@type\":\"SearchAction\",\"target\":{\"@type\":\"EntryPoint\",\"urlTemplate\":\"https:\/\/www.vulcania.com\/science\/?s={search_term_string}\"},\"query-input\":\"required name=search_term_string\"}],\"inLanguage\":\"fr-FR\"},{\"@type\":\"Organization\",\"@id\":\"https:\/\/www.vulcania.com\/science\/#organization\",\"name\":\"Vulcania Sciences\",\"url\":\"https:\/\/www.vulcania.com\/science\/\",\"logo\":{\"@type\":\"ImageObject\",\"inLanguage\":\"fr-FR\",\"@id\":\"https:\/\/www.vulcania.com\/science\/#\/schema\/logo\/image\/\",\"url\":\"https:\/\/www.vulcania.com\/science\/wp-content\/uploads\/2017\/06\/logo.png\",\"contentUrl\":\"https:\/\/www.vulcania.com\/science\/wp-content\/uploads\/2017\/06\/logo.png\",\"width\":314,\"height\":142,\"caption\":\"Vulcania Sciences\"},\"image\":{\"@id\":\"https:\/\/www.vulcania.com\/science\/#\/schema\/logo\/image\/\"},\"sameAs\":[\"https:\/\/www.facebook.com\/ParcVulcania\",\"https:\/\/twitter.com\/parc_vulcania\",\"https:\/\/www.youtube.com\/user\/ParcVulcania\"]}]}<\/script>\n<!-- \/ Yoast SEO plugin. -->","yoast_head_json":{"title":"Vulcania vous explique les risques et les al\u00e9as volcaniques","description":"L'\u00e9quipe scientifique de Vulcania vous d\u00e9crypte les 7 al\u00e9as volcaniques et les moyens de pr\u00e9venir les risques li\u00e9s aux volcans.","robots":{"index":"index","follow":"follow","max-snippet":"max-snippet:-1","max-image-preview":"max-image-preview:large","max-video-preview":"max-video-preview:-1"},"canonical":"https:\/\/www.vulcania.com\/science\/risques\/risques-volcaniques\/","og_locale":"fr_FR","og_type":"article","og_title":"Vulcania vous explique les risques et les al\u00e9as volcaniques","og_description":"L'\u00e9quipe scientifique de Vulcania vous d\u00e9crypte les 7 al\u00e9as volcaniques et les moyens de pr\u00e9venir les risques li\u00e9s aux volcans.","og_url":"https:\/\/www.vulcania.com\/science\/risques\/risques-volcaniques\/","og_site_name":"Vulcania Sciences","article_publisher":"https:\/\/www.facebook.com\/ParcVulcania","article_modified_time":"2023-09-11T08:21:38+00:00","og_image":[{"width":1200,"height":630,"url":"https:\/\/www.vulcania.com\/science\/wp-content\/uploads\/2023\/02\/opengraph-riques-volcaniques_1200x630.jpg","type":"image\/jpeg"}],"twitter_card":"summary_large_image","twitter_title":"Vulcania vous explique les risques et les al\u00e9as volcaniques","twitter_description":"L'\u00e9quipe scientifique de Vulcania vous d\u00e9crypte les 7 al\u00e9as volcaniques et les moyens de pr\u00e9venir les risques li\u00e9s aux volcans.","twitter_image":"https:\/\/www.vulcania.com\/science\/wp-content\/uploads\/2023\/02\/opengraph-riques-volcaniques_1200x630.jpg","twitter_site":"@parc_vulcania","twitter_misc":{"Dur\u00e9e de lecture estim\u00e9e":"6 minutes"},"schema":{"@context":"https:\/\/schema.org","@graph":[{"@type":"WebPage","@id":"https:\/\/www.vulcania.com\/science\/risques\/risques-volcaniques\/","url":"https:\/\/www.vulcania.com\/science\/risques\/risques-volcaniques\/","name":"Vulcania vous explique les risques et les al\u00e9as volcaniques","isPartOf":{"@id":"https:\/\/www.vulcania.com\/science\/#website"},"datePublished":"2017-05-17T12:09:34+00:00","dateModified":"2023-09-11T08:21:38+00:00","description":"L'\u00e9quipe scientifique de Vulcania vous d\u00e9crypte les 7 al\u00e9as volcaniques et les moyens de pr\u00e9venir les risques li\u00e9s aux volcans.","breadcrumb":{"@id":"https:\/\/www.vulcania.com\/science\/risques\/risques-volcaniques\/#breadcrumb"},"inLanguage":"fr-FR","potentialAction":[{"@type":"ReadAction","target":["https:\/\/www.vulcania.com\/science\/risques\/risques-volcaniques\/"]}]},{"@type":"BreadcrumbList","@id":"https:\/\/www.vulcania.com\/science\/risques\/risques-volcaniques\/#breadcrumb","itemListElement":[{"@type":"ListItem","position":1,"name":"Accueil","item":"https:\/\/www.vulcania.com\/science\/"},{"@type":"ListItem","position":2,"name":"Risques","item":"https:\/\/www.vulcania.com\/science\/risques\/"},{"@type":"ListItem","position":3,"name":"Quels sont les risques li\u00e9s aux volcans ?"}]},{"@type":"WebSite","@id":"https:\/\/www.vulcania.com\/science\/#website","url":"https:\/\/www.vulcania.com\/science\/","name":"Vulcania Sciences","description":"","publisher":{"@id":"https:\/\/www.vulcania.com\/science\/#organization"},"potentialAction":[{"@type":"SearchAction","target":{"@type":"EntryPoint","urlTemplate":"https:\/\/www.vulcania.com\/science\/?s={search_term_string}"},"query-input":"required name=search_term_string"}],"inLanguage":"fr-FR"},{"@type":"Organization","@id":"https:\/\/www.vulcania.com\/science\/#organization","name":"Vulcania Sciences","url":"https:\/\/www.vulcania.com\/science\/","logo":{"@type":"ImageObject","inLanguage":"fr-FR","@id":"https:\/\/www.vulcania.com\/science\/#\/schema\/logo\/image\/","url":"https:\/\/www.vulcania.com\/science\/wp-content\/uploads\/2017\/06\/logo.png","contentUrl":"https:\/\/www.vulcania.com\/science\/wp-content\/uploads\/2017\/06\/logo.png","width":314,"height":142,"caption":"Vulcania Sciences"},"image":{"@id":"https:\/\/www.vulcania.com\/science\/#\/schema\/logo\/image\/"},"sameAs":["https:\/\/www.facebook.com\/ParcVulcania","https:\/\/twitter.com\/parc_vulcania","https:\/\/www.youtube.com\/user\/ParcVulcania"]}]}},"_links":{"self":[{"href":"https:\/\/www.vulcania.com\/science\/wp-json\/wp\/v2\/pages\/110"}],"collection":[{"href":"https:\/\/www.vulcania.com\/science\/wp-json\/wp\/v2\/pages"}],"about":[{"href":"https:\/\/www.vulcania.com\/science\/wp-json\/wp\/v2\/types\/page"}],"author":[{"embeddable":true,"href":"https:\/\/www.vulcania.com\/science\/wp-json\/wp\/v2\/users\/1"}],"replies":[{"embeddable":true,"href":"https:\/\/www.vulcania.com\/science\/wp-json\/wp\/v2\/comments?post=110"}],"version-history":[{"count":32,"href":"https:\/\/www.vulcania.com\/science\/wp-json\/wp\/v2\/pages\/110\/revisions"}],"predecessor-version":[{"id":1450,"href":"https:\/\/www.vulcania.com\/science\/wp-json\/wp\/v2\/pages\/110\/revisions\/1450"}],"up":[{"embeddable":true,"href":"https:\/\/www.vulcania.com\/science\/wp-json\/wp\/v2\/pages\/97"}],"wp:featuredmedia":[{"embeddable":true,"href":"https:\/\/www.vulcania.com\/science\/wp-json\/wp\/v2\/media\/722"}],"wp:attachment":[{"href":"https:\/\/www.vulcania.com\/science\/wp-json\/wp\/v2\/media?parent=110"}],"wp:term":[{"taxonomy":"tags","embeddable":true,"href":"https:\/\/www.vulcania.com\/science\/wp-json\/wp\/v2\/tags?post=110"}],"curies":[{"name":"wp","href":"https:\/\/api.w.org\/{rel}","templated":true}]}}