{"id":1275,"date":"2023-03-07T16:49:30","date_gmt":"2023-03-07T15:49:30","guid":{"rendered":"https:\/\/www.vulcania.com\/science\/?page_id=1275"},"modified":"2025-10-31T10:23:38","modified_gmt":"2025-10-31T09:23:38","slug":"ephemeride-avril","status":"publish","type":"page","link":"https:\/\/www.vulcania.com\/science\/espace\/ephemerides\/ephemeride-avril\/","title":{"rendered":"L&rsquo;\u00e9ph\u00e9m\u00e9ride du mois d&rsquo;avril"},"content":{"rendered":"<div class=\"wpb-content-wrapper\"><p>[vc_row el_class=\u00a0\u00bbbloc-titre\u00a0\u00bb][vc_column width=\u00a0\u00bb1\/12&Prime;][\/vc_column][vc_column width=\u00a0\u00bb10\/12&Prime;][vc_column_text el_class=\u00a0\u00bbintro\u00a0\u00bb]Le printemps est une excellente p\u00e9riode pour lever les yeux vers le ciel. Voici pour vous quelques astres et \u00e9v\u00e9nements que vous pourrez observer en ce mois d\u2019avril, \u00e0 retrouver dans notre plan\u00e9tarium dans la s\u00e9ance \u00ab\u00a0<strong>Ce soir dans le ciel<\/strong>\u00a0\u00bb .[\/vc_column_text][vc_column_text]<\/p>\n<h2>Quelles constellations observer\u00a0?<\/h2>\n<p>Vers 22h00\u00a0face au Sud, retrouvez les <em>constellations<\/em> phares du ciel de printemps, tels que le <strong>Lion<\/strong> et son \u00e9toile\u00a0Denebola, la Vierge et son \u00e9toile Spica ou bien encore le <strong>Bouvier<\/strong> et son \u00e9toile\u00a0Arcturus.\u00a0\u00c0 l\u2019Ouest, les constellations d\u2019hiver telles qu&rsquo;<strong>Orion<\/strong>, le <strong>Taureau<\/strong> ou encore les <strong>G\u00e9meaux<\/strong> tireront progressivement leur r\u00e9v\u00e9rence, peu apr\u00e8s le coucher du soleil.[\/vc_column_text][vc_column_text]<\/p>\n<h2>Quelles plan\u00e8tes au rendez-vous\u00a0?<\/h2>\n<p>Quelques plan\u00e8tes seront aussi de la partie avec <strong>Mars<\/strong>, la plan\u00e8te rouge, visible en premi\u00e8re partie de soir\u00e9e, tout comme <strong>V\u00e9nus<\/strong>, surnomm\u00e9e \u00ab l\u2019\u00e9toile du Berger \u00bb, qui se couchera peu apr\u00e8s le soleil en direction de l\u2019Ouest, en \u00e9tant pr\u00e9c\u00e9d\u00e9e de <strong>Mercure<\/strong>.\u00a0Le <strong>17 avril<\/strong> sera d\u2019ailleurs le jour o\u00f9 V\u00e9nus sera au plus proche de la Terre. Appel\u00e9e le <em>p\u00e9rih\u00e9lie<\/em> en astronomie, elle se situera \u00e0 107 476 170 km de la Terre.\u00a0Il s\u2019agira de la meilleure p\u00e9riode pour pouvoir l\u2019observer \u00e0 l\u2019\u0153il nu.\u00a0Son rep\u00e9rage sera facilit\u00e9 par une luminosit\u00e9\u00a0<em>(magnitude)<\/em>\u00a0importante.\u00a0Si vous disposez d\u2019une petite lunette astronomique, vous pourrez alors observer un joli croissant de V\u00e9nus.[\/vc_column_text][vc_column_text]<\/p>\n<h2>Des rencontres c\u00e9lestes<\/h2>\n<p>La Lune sera aussi de la partie dans un majestueux ballet c\u00e9leste.\u00a0La <strong>pleine Lune<\/strong> aura lieu le 6 avril et notre satellite aura rendez-vous avec plusieurs astres tout au long de ce mois.\u00a0Ces rapprochements c\u00e9lestes sont appel\u00e9s <em>conjonction<\/em>.\u00a0La premi\u00e8re aura lieu le <strong>6 avril<\/strong> en d\u00e9but de soir\u00e9e.\u00a0La Lune aura alors rendez-vous avec <strong>Spica<\/strong>, l\u2019\u00e9toile principale de la constellation de la Vierge.\u00a0L\u2019autre grand rendez-vous se produira le<strong> 16 avril<\/strong>, dans les lueurs de l\u2019aube, o\u00f9 un tr\u00e8s fin et dernier quartier de Lune\u00a0se positionnera juste en dessous de la plan\u00e8te <strong>Saturne<\/strong>.\u00a0Ce sera au tour de <strong>Mars<\/strong>\u00a0d\u2019accueillir la visite de la Lune le <strong>26 avril<\/strong> en d\u00e9but de soir\u00e9e.\u00a0On terminera par <strong>V\u00e9nus<\/strong>, la d\u00e9esse de l\u2019amour, qui viendra mettre en avant sa beaut\u00e9 au c\u00e9l\u00e8bre amas d\u2019\u00e9toiles ouvert des Pl\u00e9\u00efades, le <strong>11 avril<\/strong> en d\u00e9but de soir\u00e9e.[\/vc_column_text][vc_column_text]<\/p>\n<h2>Quel est l\u2019\u00e9v\u00e8nement du mois d&rsquo;avril ?<\/h2>\n<p>Toutes ces belles conjonctions feront place \u00e0 l\u2019\u00e9v\u00e9nement de ce mois d\u2019Avril : une <strong>\u00e9clipse de Soleil hybride<\/strong>. Cette derni\u00e8re ne sera malheureusement pas visible en France et il faudra voyager aux Philippines, dans le sud de l\u2019oc\u00e9an Indien ou en Australie, pour pouvoir l\u2019observer. L\u2019\u00e9v\u00e9nement aura lieu le <strong>20 avril<\/strong> \u00e0 03 h 34 (heure de Paris).<\/p>\n<p><a href=\"https:\/\/www.vulcania.com\/science\/espace\/quest-ce-quune-eclipse\/\" target=\"_blank\" rel=\"noopener\"><strong>\u00bb Pour tout savoir sur les \u00e9clipses de Soleil rendez-vous ici<\/strong><\/a>[\/vc_column_text][vc_column_text]<\/p>\n<h2>Une pluie d\u2019\u00e9toiles filantes<\/h2>\n<p>Cette fin de mois nous permettra tout de m\u00eame d\u2019observer un joli spectacle c\u00e9leste :\u00a0la pluie d\u2019\u00e9toiles filantes des<strong>\u00a0Lyrides<\/strong>,\u00a0visibles\u00a0<strong>entre les 16 et 26 avril<\/strong>.<\/p>\n<p>Il arrive parfois lors de sa r\u00e9volution autour du soleil que la Terre traverse un nuage de poussi\u00e8res laiss\u00e9 par le passage d\u2019une com\u00e8te.\u00a0En traversant ce nuage, ces petits grains p\u00e9n\u00e8trent l\u2019atmosph\u00e8re terrestre et se\u00a0consument en une br\u00e8ve\u00a0tra\u00een\u00e9e\u00a0lumineuse.<\/p>\n<p>En seconde partie de nuit du <strong>22 avril<\/strong> aura lieu le maximum de cette pluie d\u2019\u00e9toiles filantes.\u00a0Il sera alors possible d\u2019observer en moyenne <strong>entre 5 et 20 m\u00e9t\u00e9ores par heure<\/strong>.\u00a0Pour cela, \u00e9loignez-vous de la lumi\u00e8re des villes et observez une zone du ciel autour de la constellation de la Lyre qui se l\u00e8vera ce soir-l\u00e0 aux alentours des\u00a023h00.\u00a0La pluie d\u2019\u00e9toiles-filantes\u00a0des\u00a0Lyrides\u00a0tire son nom de la constellation de la <strong>Lyre<\/strong>, la zone du ciel d&rsquo;o\u00f9 semble provenir ces m\u00e9t\u00e9ores <em>(radiant)<\/em>. Il s\u2019agit de la plus vieille pluie d\u2019\u00e9toiles filantes connue, mentionn\u00e9e dans les chroniques chinoises en 687 avant notre \u00e8re. Elles sont \u00e0 l\u2019origine du passage de la com\u00e8te Tchatcher.[\/vc_column_text][\/vc_column][vc_column width=\u00a0\u00bb1\/12&Prime;][\/vc_column][\/vc_row][vc_row][vc_column][vc_text_separator title=\u00a0\u00bbExp\u00e9rimentez \u00e0 Vulcania\u00a0\u00bb color=\u00a0\u00bbcustom\u00a0\u00bb style=\u00a0\u00bbdashed\u00a0\u00bb accent_color=\u00a0\u00bb#888888&Prime;][vc_row_inner][vc_column_inner width=\u00a0\u00bb1\/12&Prime;][\/vc_column_inner][vc_column_inner width=\u00a0\u00bb5\/12&Prime;][vc_single_image image=\u00a0\u00bb1285&Prime; img_size=\u00a0\u00bbmedium\u00a0\u00bb style=\u00a0\u00bbvc_box_rounded\u00a0\u00bb onclick=\u00a0\u00bbcustom_link\u00a0\u00bb link=\u00a0\u00bbhttps:\/\/www.vulcania.com\/planetarium\/\u00a0\u00bb][\/vc_column_inner][vc_column_inner width=\u00a0\u00bb5\/12&Prime;][vc_column_text]<\/p>\n<h3>Ce soir dans le ciel<\/h3>\n<p>Laissez-vous embarquer pour une d\u00e9couverte des merveilles du ciel \u00e9toil\u00e9.[\/vc_column_text][vc_btn title=\u00a0\u00bbEn savoir plus sur le plan\u00e9tarium\u00a0\u00bb link=\u00a0\u00bburl:https%3A%2F%2Fwww.vulcania.com%2Fplanetarium%2F\u00a0\u00bb el_class=\u00a0\u00bbbouton coul-1&Prime;][\/vc_column_inner][vc_column_inner width=\u00a0\u00bb1\/12&Prime;][\/vc_column_inner][\/vc_row_inner][\/vc_column][\/vc_row]<\/p>\n<\/div>","protected":false},"excerpt":{"rendered":"<p>[vc_row el_class=\u00a0\u00bbbloc-titre\u00a0\u00bb][vc_column width=\u00a0\u00bb1\/12&Prime;][\/vc_column][vc_column width=\u00a0\u00bb10\/12&Prime;][vc_column_text el_class=\u00a0\u00bbintro\u00a0\u00bb]Le printemps est une excellente p\u00e9riode pour lever les yeux vers le ciel. Voici pour vous quelques astres et \u00e9v\u00e9nements que vous pourrez observer en ce mois d\u2019avril, \u00e0 retrouver dans notre plan\u00e9tarium dans la s\u00e9ance \u00ab\u00a0Ce soir dans le ciel\u00a0\u00bb .[\/vc_column_text][vc_column_text] Quelles constellations observer\u00a0? Vers 22h00\u00a0face au Sud, retrouvez les [&hellip;]<\/p>\n","protected":false},"author":4,"featured_media":1278,"parent":1325,"menu_order":0,"comment_status":"closed","ping_status":"closed","template":"","meta":{"footnotes":""},"tags":[25,23],"acf":[],"yoast_head":"<!-- This site is optimized with the Yoast SEO plugin v21.9.1 - https:\/\/yoast.com\/wordpress\/plugins\/seo\/ -->\n<title>L&#039;\u00e9ph\u00e9m\u00e9ride du mois d&#039;avril<\/title>\n<meta name=\"description\" content=\"D\u00e9couvrez les \u00e9v\u00e9nements astronomiques \u00e0 ne pas manquer en avril, pour un printemps inoubliable sous la vo\u00fbte c\u00e9leste.\" \/>\n<meta name=\"robots\" content=\"index, follow, max-snippet:-1, max-image-preview:large, max-video-preview:-1\" \/>\n<link rel=\"canonical\" href=\"https:\/\/www.vulcania.com\/science\/espace\/ephemerides\/ephemeride-avril\/\" \/>\n<meta property=\"og:locale\" content=\"fr_FR\" \/>\n<meta property=\"og:type\" content=\"article\" \/>\n<meta property=\"og:title\" content=\"L&#039;\u00e9ph\u00e9m\u00e9ride du mois d&#039;avril\" \/>\n<meta property=\"og:description\" content=\"D\u00e9couvrez les \u00e9v\u00e9nements astronomiques \u00e0 ne pas manquer en avril, pour un printemps inoubliable sous la vo\u00fbte c\u00e9leste.\" \/>\n<meta property=\"og:url\" content=\"https:\/\/www.vulcania.com\/science\/espace\/ephemerides\/ephemeride-avril\/\" \/>\n<meta property=\"og:site_name\" content=\"Vulcania Sciences\" \/>\n<meta property=\"article:publisher\" content=\"https:\/\/www.facebook.com\/ParcVulcania\" \/>\n<meta property=\"article:modified_time\" content=\"2025-10-31T09:23:38+00:00\" \/>\n<meta property=\"og:image\" content=\"https:\/\/www.vulcania.com\/science\/wp-content\/uploads\/2023\/03\/ephemeride-avril_720x540-1.jpg\" \/>\n\t<meta property=\"og:image:width\" content=\"720\" \/>\n\t<meta property=\"og:image:height\" content=\"540\" \/>\n\t<meta property=\"og:image:type\" content=\"image\/jpeg\" \/>\n<meta name=\"twitter:card\" content=\"summary_large_image\" \/>\n<meta name=\"twitter:site\" content=\"@parc_vulcania\" \/>\n<meta name=\"twitter:label1\" content=\"Dur\u00e9e de lecture estim\u00e9e\" \/>\n\t<meta name=\"twitter:data1\" content=\"4 minutes\" \/>\n<script type=\"application\/ld+json\" class=\"yoast-schema-graph\">{\"@context\":\"https:\/\/schema.org\",\"@graph\":[{\"@type\":\"WebPage\",\"@id\":\"https:\/\/www.vulcania.com\/science\/espace\/ephemerides\/ephemeride-avril\/\",\"url\":\"https:\/\/www.vulcania.com\/science\/espace\/ephemerides\/ephemeride-avril\/\",\"name\":\"L'\u00e9ph\u00e9m\u00e9ride du mois d'avril\",\"isPartOf\":{\"@id\":\"https:\/\/www.vulcania.com\/science\/#website\"},\"datePublished\":\"2023-03-07T15:49:30+00:00\",\"dateModified\":\"2025-10-31T09:23:38+00:00\",\"description\":\"D\u00e9couvrez les \u00e9v\u00e9nements astronomiques \u00e0 ne pas manquer en avril, pour un printemps inoubliable sous la vo\u00fbte c\u00e9leste.\",\"breadcrumb\":{\"@id\":\"https:\/\/www.vulcania.com\/science\/espace\/ephemerides\/ephemeride-avril\/#breadcrumb\"},\"inLanguage\":\"fr-FR\",\"potentialAction\":[{\"@type\":\"ReadAction\",\"target\":[\"https:\/\/www.vulcania.com\/science\/espace\/ephemerides\/ephemeride-avril\/\"]}]},{\"@type\":\"BreadcrumbList\",\"@id\":\"https:\/\/www.vulcania.com\/science\/espace\/ephemerides\/ephemeride-avril\/#breadcrumb\",\"itemListElement\":[{\"@type\":\"ListItem\",\"position\":1,\"name\":\"Accueil\",\"item\":\"https:\/\/www.vulcania.com\/science\/\"},{\"@type\":\"ListItem\",\"position\":2,\"name\":\"Espace\",\"item\":\"https:\/\/www.vulcania.com\/science\/espace\/\"},{\"@type\":\"ListItem\",\"position\":3,\"name\":\"Observer le ciel : \u00e9ph\u00e9m\u00e9rides 2023\",\"item\":\"https:\/\/www.vulcania.com\/science\/espace\/ephemerides\/\"},{\"@type\":\"ListItem\",\"position\":4,\"name\":\"L&rsquo;\u00e9ph\u00e9m\u00e9ride du mois d&rsquo;avril\"}]},{\"@type\":\"WebSite\",\"@id\":\"https:\/\/www.vulcania.com\/science\/#website\",\"url\":\"https:\/\/www.vulcania.com\/science\/\",\"name\":\"Vulcania Sciences\",\"description\":\"\",\"publisher\":{\"@id\":\"https:\/\/www.vulcania.com\/science\/#organization\"},\"potentialAction\":[{\"@type\":\"SearchAction\",\"target\":{\"@type\":\"EntryPoint\",\"urlTemplate\":\"https:\/\/www.vulcania.com\/science\/?s={search_term_string}\"},\"query-input\":\"required name=search_term_string\"}],\"inLanguage\":\"fr-FR\"},{\"@type\":\"Organization\",\"@id\":\"https:\/\/www.vulcania.com\/science\/#organization\",\"name\":\"Vulcania Sciences\",\"url\":\"https:\/\/www.vulcania.com\/science\/\",\"logo\":{\"@type\":\"ImageObject\",\"inLanguage\":\"fr-FR\",\"@id\":\"https:\/\/www.vulcania.com\/science\/#\/schema\/logo\/image\/\",\"url\":\"https:\/\/www.vulcania.com\/science\/wp-content\/uploads\/2017\/06\/logo.png\",\"contentUrl\":\"https:\/\/www.vulcania.com\/science\/wp-content\/uploads\/2017\/06\/logo.png\",\"width\":314,\"height\":142,\"caption\":\"Vulcania Sciences\"},\"image\":{\"@id\":\"https:\/\/www.vulcania.com\/science\/#\/schema\/logo\/image\/\"},\"sameAs\":[\"https:\/\/www.facebook.com\/ParcVulcania\",\"https:\/\/twitter.com\/parc_vulcania\",\"https:\/\/www.youtube.com\/user\/ParcVulcania\"]}]}<\/script>\n<!-- \/ Yoast SEO plugin. -->","yoast_head_json":{"title":"L'\u00e9ph\u00e9m\u00e9ride du mois d'avril","description":"D\u00e9couvrez les \u00e9v\u00e9nements astronomiques \u00e0 ne pas manquer en avril, pour un printemps inoubliable sous la vo\u00fbte c\u00e9leste.","robots":{"index":"index","follow":"follow","max-snippet":"max-snippet:-1","max-image-preview":"max-image-preview:large","max-video-preview":"max-video-preview:-1"},"canonical":"https:\/\/www.vulcania.com\/science\/espace\/ephemerides\/ephemeride-avril\/","og_locale":"fr_FR","og_type":"article","og_title":"L'\u00e9ph\u00e9m\u00e9ride du mois d'avril","og_description":"D\u00e9couvrez les \u00e9v\u00e9nements astronomiques \u00e0 ne pas manquer en avril, pour un printemps inoubliable sous la vo\u00fbte c\u00e9leste.","og_url":"https:\/\/www.vulcania.com\/science\/espace\/ephemerides\/ephemeride-avril\/","og_site_name":"Vulcania Sciences","article_publisher":"https:\/\/www.facebook.com\/ParcVulcania","article_modified_time":"2025-10-31T09:23:38+00:00","og_image":[{"width":720,"height":540,"url":"https:\/\/www.vulcania.com\/science\/wp-content\/uploads\/2023\/03\/ephemeride-avril_720x540-1.jpg","type":"image\/jpeg"}],"twitter_card":"summary_large_image","twitter_site":"@parc_vulcania","twitter_misc":{"Dur\u00e9e de lecture estim\u00e9e":"4 minutes"},"schema":{"@context":"https:\/\/schema.org","@graph":[{"@type":"WebPage","@id":"https:\/\/www.vulcania.com\/science\/espace\/ephemerides\/ephemeride-avril\/","url":"https:\/\/www.vulcania.com\/science\/espace\/ephemerides\/ephemeride-avril\/","name":"L'\u00e9ph\u00e9m\u00e9ride du mois d'avril","isPartOf":{"@id":"https:\/\/www.vulcania.com\/science\/#website"},"datePublished":"2023-03-07T15:49:30+00:00","dateModified":"2025-10-31T09:23:38+00:00","description":"D\u00e9couvrez les \u00e9v\u00e9nements astronomiques \u00e0 ne pas manquer en avril, pour un printemps inoubliable sous la vo\u00fbte c\u00e9leste.","breadcrumb":{"@id":"https:\/\/www.vulcania.com\/science\/espace\/ephemerides\/ephemeride-avril\/#breadcrumb"},"inLanguage":"fr-FR","potentialAction":[{"@type":"ReadAction","target":["https:\/\/www.vulcania.com\/science\/espace\/ephemerides\/ephemeride-avril\/"]}]},{"@type":"BreadcrumbList","@id":"https:\/\/www.vulcania.com\/science\/espace\/ephemerides\/ephemeride-avril\/#breadcrumb","itemListElement":[{"@type":"ListItem","position":1,"name":"Accueil","item":"https:\/\/www.vulcania.com\/science\/"},{"@type":"ListItem","position":2,"name":"Espace","item":"https:\/\/www.vulcania.com\/science\/espace\/"},{"@type":"ListItem","position":3,"name":"Observer le ciel : \u00e9ph\u00e9m\u00e9rides 2023","item":"https:\/\/www.vulcania.com\/science\/espace\/ephemerides\/"},{"@type":"ListItem","position":4,"name":"L&rsquo;\u00e9ph\u00e9m\u00e9ride du mois d&rsquo;avril"}]},{"@type":"WebSite","@id":"https:\/\/www.vulcania.com\/science\/#website","url":"https:\/\/www.vulcania.com\/science\/","name":"Vulcania Sciences","description":"","publisher":{"@id":"https:\/\/www.vulcania.com\/science\/#organization"},"potentialAction":[{"@type":"SearchAction","target":{"@type":"EntryPoint","urlTemplate":"https:\/\/www.vulcania.com\/science\/?s={search_term_string}"},"query-input":"required name=search_term_string"}],"inLanguage":"fr-FR"},{"@type":"Organization","@id":"https:\/\/www.vulcania.com\/science\/#organization","name":"Vulcania Sciences","url":"https:\/\/www.vulcania.com\/science\/","logo":{"@type":"ImageObject","inLanguage":"fr-FR","@id":"https:\/\/www.vulcania.com\/science\/#\/schema\/logo\/image\/","url":"https:\/\/www.vulcania.com\/science\/wp-content\/uploads\/2017\/06\/logo.png","contentUrl":"https:\/\/www.vulcania.com\/science\/wp-content\/uploads\/2017\/06\/logo.png","width":314,"height":142,"caption":"Vulcania Sciences"},"image":{"@id":"https:\/\/www.vulcania.com\/science\/#\/schema\/logo\/image\/"},"sameAs":["https:\/\/www.facebook.com\/ParcVulcania","https:\/\/twitter.com\/parc_vulcania","https:\/\/www.youtube.com\/user\/ParcVulcania"]}]}},"_links":{"self":[{"href":"https:\/\/www.vulcania.com\/science\/wp-json\/wp\/v2\/pages\/1275"}],"collection":[{"href":"https:\/\/www.vulcania.com\/science\/wp-json\/wp\/v2\/pages"}],"about":[{"href":"https:\/\/www.vulcania.com\/science\/wp-json\/wp\/v2\/types\/page"}],"author":[{"embeddable":true,"href":"https:\/\/www.vulcania.com\/science\/wp-json\/wp\/v2\/users\/4"}],"replies":[{"embeddable":true,"href":"https:\/\/www.vulcania.com\/science\/wp-json\/wp\/v2\/comments?post=1275"}],"version-history":[{"count":14,"href":"https:\/\/www.vulcania.com\/science\/wp-json\/wp\/v2\/pages\/1275\/revisions"}],"predecessor-version":[{"id":1449,"href":"https:\/\/www.vulcania.com\/science\/wp-json\/wp\/v2\/pages\/1275\/revisions\/1449"}],"up":[{"embeddable":true,"href":"https:\/\/www.vulcania.com\/science\/wp-json\/wp\/v2\/pages\/1325"}],"wp:featuredmedia":[{"embeddable":true,"href":"https:\/\/www.vulcania.com\/science\/wp-json\/wp\/v2\/media\/1278"}],"wp:attachment":[{"href":"https:\/\/www.vulcania.com\/science\/wp-json\/wp\/v2\/media?parent=1275"}],"wp:term":[{"taxonomy":"tags","embeddable":true,"href":"https:\/\/www.vulcania.com\/science\/wp-json\/wp\/v2\/tags?post=1275"}],"curies":[{"name":"wp","href":"https:\/\/api.w.org\/{rel}","templated":true}]}}