{"id":1464,"date":"2023-09-29T14:13:10","date_gmt":"2023-09-29T12:13:10","guid":{"rendered":"https:\/\/www.vulcania.com\/science\/?page_id=1464"},"modified":"2025-10-31T10:22:15","modified_gmt":"2025-10-31T09:22:15","slug":"ephemeride-octobre","status":"publish","type":"page","link":"https:\/\/www.vulcania.com\/science\/espace\/ephemerides\/ephemeride-octobre\/","title":{"rendered":"L&rsquo;\u00e9ph\u00e9m\u00e9ride du mois d&rsquo;octobre"},"content":{"rendered":"<div class=\"wpb-content-wrapper\"><p>[vc_row el_class=\u00a0\u00bbbloc-titre\u00a0\u00bb][vc_column width=\u00a0\u00bb1\/12&Prime;][\/vc_column][vc_column width=\u00a0\u00bb10\/12&Prime;][vc_column_text el_class=\u00a0\u00bbintro\u00a0\u00bb]L\u2019\u00e9t\u00e9 \u00e9tant termin\u00e9, la nature va peu \u00e0 peu rentrer en hibernation au cours de l\u2019automne. Si les beaux jours tirent peu \u00e0 peu leur r\u00e9v\u00e9rence, c\u2019est encore l\u2019occasion de lever les yeux au ciel, d\u2019autant plus que ce mois d\u2019octobre s\u2019annonce riche en \u00e9v\u00e9nements astronomiques.[\/vc_column_text][vc_column_text]<\/p>\n<h2>Quelles constellations observer ?<\/h2>\n<p>D\u00e8s le coucher du Soleil, face \u00e0 l\u2019Ouest, profitez-en pour observer une derni\u00e8re fois la constellation du<strong> Bouvier<\/strong> et son \u00e9toile <strong>Arcturus<\/strong>, une g\u00e9ante rouge en fin de vie, 25 fois plus grosse et 200 fois plus lumineuse que notre \u00e9toile le Soleil. Plus haut dans le ciel, le fameux <strong>triangle d\u2019\u00e9t\u00e9<\/strong> tirera sa r\u00e9v\u00e9rence d\u2019ici quelques jours. Lancez-vous un dernier d\u00e9fi pour rep\u00e9rer ces trois \u00e9toiles : <strong>V\u00e9ga<\/strong>, <strong>Deneb<\/strong> et <strong>Alta\u00efr<\/strong>. En seconde partie de soir\u00e9e, cette fois-ci, face \u00e0 l\u2019Est, les constellations d\u2019automne prendront le relais avec la constellation de <strong>P\u00e9gase<\/strong>, ressemblant \u00e0 un grand carr\u00e9 dans le ciel. Sur sa gauche, <strong>Androm\u00e8de<\/strong>, constellation difficile \u00e0 rep\u00e9rer, mais tr\u00e8s int\u00e9ressante par l\u2019objet du ciel profond qu\u2019elle renferme, la galaxie d\u2019Androm\u00e8de. Plus proche voisine de notre galaxie la voie lact\u00e9e et situ\u00e9e \u00e0 2,5 millions d\u2019ann\u00e9es-lumi\u00e8re, elle est observable \u00e0 l\u2019\u0153il nu dans un ciel sans pollution lumineuse, sous la forme d\u2019une toute petite t\u00e2che floue. Le tableau pourra \u00eatre compl\u00e9t\u00e9 par <strong>Pers\u00e9e<\/strong>, constellation embl\u00e9matique renfermant un double amas d\u2019\u00e9toiles observables avec une simple petite paire de jumelles et situ\u00e9 juste en dessous du \u00ab W \u00bb de <strong>Cassiop\u00e9e<\/strong>.[\/vc_column_text][vc_column_text]<\/p>\n<h2>Quelles plan\u00e8tes au rendez-vous ?<\/h2>\n<p>En soir\u00e9e, face \u00e0 l\u2019Est, les deux plan\u00e8tes g\u00e9antes gazeuses <strong>Saturne<\/strong> et <strong>Jupiter<\/strong> seront pr\u00e9sentes dans le ciel. Jupiter tr\u00e8s brillante, n\u2019aura aucun mal \u00e0 se rep\u00e9rer facilement. N\u2019h\u00e9sitez pas \u00e0 les observer avec une petite paire de jumelles, vous distinguerez alors les satellites galil\u00e9ens de la plus grosse plan\u00e8te du Syst\u00e8me Solaire ainsi que les anneaux de Saturne.<br \/>\nEn fin de nuit, la plan\u00e8te la plus brillante du ciel, <strong>V\u00e9nus<\/strong>, se l\u00e8vera au-dessus de l\u2019horizon Est, suivie juste avant le lever du Soleil de <strong>Mercure<\/strong>, la plan\u00e8te la plus proche du Soleil. Cette derni\u00e8re sera difficilement observable car noy\u00e9e dans les lueurs du ciel et assez basse sur l\u2019horizon.[\/vc_column_text][vc_column_text]<\/p>\n<h2>Des rencontres c\u00e9lestes<\/h2>\n<p>Les conjonctions sont des rapprochements visuels entre un ou plusieurs astres. Le <strong>2 octobre<\/strong> en premi\u00e8re parti de nuit, la <strong>Lune<\/strong> aura rendez-vous avec la plan\u00e8te<strong> Jupiter<\/strong>. Profitez-en pour les observer \u00e0 l\u2019\u0153il nu voire avec une paire de jumelles. Le <strong>24 octobre<\/strong> en d\u00e9but de soir\u00e9e, ce sera au tour de <strong>Saturne<\/strong> de flirter avec l\u2019astre s\u00e9l\u00e8ne.<br \/>\nOutre ces rencontres c\u00e9lestes, de belles pluies d\u2019\u00e9toiles filantes auront lieu avec le maximum des <strong>Draconides<\/strong> le <strong>10 octobre<\/strong>, o\u00f9 vous pourrez observer une dizaine d\u2019\u00e9toiles filantes dans un ciel sans pollution lumineuse. Viendra le tour du maximum des <strong>Orionides<\/strong> le <strong>21 octobre<\/strong> o\u00f9 plus de 20 m\u00e9t\u00e9ores par heure pourront \u00eatre observ\u00e9s.[\/vc_column_text][vc_column_text]<\/p>\n<h2>Quel est l\u2019\u00e9v\u00e8nement du mois d&rsquo;octobre ?<\/h2>\n<h3>Une \u00e9clipse de Lune partielle<\/h3>\n<p>L\u2019\u00e9v\u00e9nement de ce mois sera sans aucun doute une \u00e9clipse de Lune partielle, visible depuis la France. Elle aura lieu le <strong>28 octobre<\/strong> au moment de la Pleine Lune. L\u2019\u00e9v\u00e9nement d\u00e9butera \u00e0 <strong>21h35<\/strong>, lorsque notre satellite naturel d\u00e9butera sa travers\u00e9e dans l\u2019ombre de la Terre. La Lune se parera alors d\u2019une toute petite \u00e9chancrure sombre sur sa partie p\u00f4le Sud. Le maximum de l\u2019\u00e9clipse aura lieu \u00e0 <strong>22h52<\/strong> et se terminera \u00e0 <strong>00h26<\/strong>.<br \/>\nLors de cette p\u00e9riode, la Lune va flirter avec l\u2019ombre de la Terre. Cette \u00e9clipse n\u2019\u00e9tant que tr\u00e8s partielle, seul un tout petit bout de la Lune sera plong\u00e9 dans l\u2019obscurit\u00e9. Cette derni\u00e8re ne sera pas enti\u00e8rement cach\u00e9e par notre plan\u00e8te, mais l\u2019\u00e9v\u00e9nement m\u00e9ritera toutefois de l\u2019observer.[\/vc_column_text][\/vc_column][vc_column width=\u00a0\u00bb1\/12&Prime;][\/vc_column][\/vc_row][vc_row][vc_column][vc_text_separator title=\u00a0\u00bbExp\u00e9rimentez \u00e0 Vulcania\u00a0\u00bb color=\u00a0\u00bbcustom\u00a0\u00bb style=\u00a0\u00bbdashed\u00a0\u00bb accent_color=\u00a0\u00bb#888888&Prime;][vc_row_inner][vc_column_inner width=\u00a0\u00bb1\/12&Prime;][\/vc_column_inner][vc_column_inner width=\u00a0\u00bb5\/12&Prime;][vc_single_image image=\u00a0\u00bb1285&Prime; img_size=\u00a0\u00bbmedium\u00a0\u00bb style=\u00a0\u00bbvc_box_rounded\u00a0\u00bb onclick=\u00a0\u00bbcustom_link\u00a0\u00bb link=\u00a0\u00bbhttps:\/\/www.vulcania.com\/planetarium\/\u00a0\u00bb][\/vc_column_inner][vc_column_inner width=\u00a0\u00bb5\/12&Prime;][vc_column_text]<\/p>\n<h3>Ce soir dans le ciel<\/h3>\n<p>Laissez-vous embarquer pour une d\u00e9couverte des merveilles du ciel \u00e9toil\u00e9.[\/vc_column_text][vc_btn title=\u00a0\u00bbEn savoir plus sur le plan\u00e9tarium\u00a0\u00bb link=\u00a0\u00bburl:https%3A%2F%2Fwww.vulcania.com%2Fplanetarium%2F\u00a0\u00bb el_class=\u00a0\u00bbbouton coul-1&Prime;][\/vc_column_inner][vc_column_inner width=\u00a0\u00bb1\/12&Prime;][\/vc_column_inner][\/vc_row_inner][\/vc_column][\/vc_row]<\/p>\n<\/div>","protected":false},"excerpt":{"rendered":"<p>[vc_row el_class=\u00a0\u00bbbloc-titre\u00a0\u00bb][vc_column width=\u00a0\u00bb1\/12&Prime;][\/vc_column][vc_column width=\u00a0\u00bb10\/12&Prime;][vc_column_text el_class=\u00a0\u00bbintro\u00a0\u00bb]L\u2019\u00e9t\u00e9 \u00e9tant termin\u00e9, la nature va peu \u00e0 peu rentrer en hibernation au cours de l\u2019automne. Si les beaux jours tirent peu \u00e0 peu leur r\u00e9v\u00e9rence, c\u2019est encore l\u2019occasion de lever les yeux au ciel, d\u2019autant plus que ce mois d\u2019octobre s\u2019annonce riche en \u00e9v\u00e9nements astronomiques.[\/vc_column_text][vc_column_text] Quelles constellations observer ? D\u00e8s [&hellip;]<\/p>\n","protected":false},"author":4,"featured_media":1465,"parent":1325,"menu_order":0,"comment_status":"closed","ping_status":"closed","template":"","meta":{"footnotes":""},"tags":[25,23],"acf":[],"yoast_head":"<!-- This site is optimized with the Yoast SEO plugin v21.9.1 - https:\/\/yoast.com\/wordpress\/plugins\/seo\/ -->\n<title>L&#039;\u00e9ph\u00e9m\u00e9ride du mois d&#039;octobre<\/title>\n<meta name=\"description\" content=\"D\u00e9couvrez les \u00e9v\u00e9nements astronomiques \u00e0 ne pas manquer en octobre, pour un automne inoubliable sous la vo\u00fbte c\u00e9leste.\" \/>\n<meta name=\"robots\" content=\"index, follow, max-snippet:-1, max-image-preview:large, max-video-preview:-1\" \/>\n<link rel=\"canonical\" href=\"https:\/\/www.vulcania.com\/science\/espace\/ephemerides\/ephemeride-octobre\/\" \/>\n<meta property=\"og:locale\" content=\"fr_FR\" \/>\n<meta property=\"og:type\" content=\"article\" \/>\n<meta property=\"og:title\" content=\"L&#039;\u00e9ph\u00e9m\u00e9ride du mois d&#039;octobre\" \/>\n<meta property=\"og:description\" content=\"D\u00e9couvrez les \u00e9v\u00e9nements astronomiques \u00e0 ne pas manquer en octobre, pour un automne inoubliable sous la vo\u00fbte c\u00e9leste.\" \/>\n<meta property=\"og:url\" content=\"https:\/\/www.vulcania.com\/science\/espace\/ephemerides\/ephemeride-octobre\/\" \/>\n<meta property=\"og:site_name\" content=\"Vulcania Sciences\" \/>\n<meta property=\"article:publisher\" content=\"https:\/\/www.facebook.com\/ParcVulcania\" \/>\n<meta property=\"article:modified_time\" content=\"2025-10-31T09:22:15+00:00\" \/>\n<meta property=\"og:image\" content=\"https:\/\/www.vulcania.com\/science\/wp-content\/uploads\/2023\/09\/ephemeride-octobre_720x540.jpg\" \/>\n\t<meta property=\"og:image:width\" content=\"720\" \/>\n\t<meta property=\"og:image:height\" content=\"540\" \/>\n\t<meta property=\"og:image:type\" content=\"image\/jpeg\" \/>\n<meta name=\"twitter:card\" content=\"summary_large_image\" \/>\n<meta name=\"twitter:site\" content=\"@parc_vulcania\" \/>\n<meta name=\"twitter:label1\" content=\"Dur\u00e9e de lecture estim\u00e9e\" \/>\n\t<meta name=\"twitter:data1\" content=\"4 minutes\" \/>\n<script type=\"application\/ld+json\" class=\"yoast-schema-graph\">{\"@context\":\"https:\/\/schema.org\",\"@graph\":[{\"@type\":\"WebPage\",\"@id\":\"https:\/\/www.vulcania.com\/science\/espace\/ephemerides\/ephemeride-octobre\/\",\"url\":\"https:\/\/www.vulcania.com\/science\/espace\/ephemerides\/ephemeride-octobre\/\",\"name\":\"L'\u00e9ph\u00e9m\u00e9ride du mois d'octobre\",\"isPartOf\":{\"@id\":\"https:\/\/www.vulcania.com\/science\/#website\"},\"datePublished\":\"2023-09-29T12:13:10+00:00\",\"dateModified\":\"2025-10-31T09:22:15+00:00\",\"description\":\"D\u00e9couvrez les \u00e9v\u00e9nements astronomiques \u00e0 ne pas manquer en octobre, pour un automne inoubliable sous la vo\u00fbte c\u00e9leste.\",\"breadcrumb\":{\"@id\":\"https:\/\/www.vulcania.com\/science\/espace\/ephemerides\/ephemeride-octobre\/#breadcrumb\"},\"inLanguage\":\"fr-FR\",\"potentialAction\":[{\"@type\":\"ReadAction\",\"target\":[\"https:\/\/www.vulcania.com\/science\/espace\/ephemerides\/ephemeride-octobre\/\"]}]},{\"@type\":\"BreadcrumbList\",\"@id\":\"https:\/\/www.vulcania.com\/science\/espace\/ephemerides\/ephemeride-octobre\/#breadcrumb\",\"itemListElement\":[{\"@type\":\"ListItem\",\"position\":1,\"name\":\"Accueil\",\"item\":\"https:\/\/www.vulcania.com\/science\/\"},{\"@type\":\"ListItem\",\"position\":2,\"name\":\"Espace\",\"item\":\"https:\/\/www.vulcania.com\/science\/espace\/\"},{\"@type\":\"ListItem\",\"position\":3,\"name\":\"Observer le ciel : \u00e9ph\u00e9m\u00e9rides 2023\",\"item\":\"https:\/\/www.vulcania.com\/science\/espace\/ephemerides\/\"},{\"@type\":\"ListItem\",\"position\":4,\"name\":\"L&rsquo;\u00e9ph\u00e9m\u00e9ride du mois d&rsquo;octobre\"}]},{\"@type\":\"WebSite\",\"@id\":\"https:\/\/www.vulcania.com\/science\/#website\",\"url\":\"https:\/\/www.vulcania.com\/science\/\",\"name\":\"Vulcania Sciences\",\"description\":\"\",\"publisher\":{\"@id\":\"https:\/\/www.vulcania.com\/science\/#organization\"},\"potentialAction\":[{\"@type\":\"SearchAction\",\"target\":{\"@type\":\"EntryPoint\",\"urlTemplate\":\"https:\/\/www.vulcania.com\/science\/?s={search_term_string}\"},\"query-input\":\"required name=search_term_string\"}],\"inLanguage\":\"fr-FR\"},{\"@type\":\"Organization\",\"@id\":\"https:\/\/www.vulcania.com\/science\/#organization\",\"name\":\"Vulcania Sciences\",\"url\":\"https:\/\/www.vulcania.com\/science\/\",\"logo\":{\"@type\":\"ImageObject\",\"inLanguage\":\"fr-FR\",\"@id\":\"https:\/\/www.vulcania.com\/science\/#\/schema\/logo\/image\/\",\"url\":\"https:\/\/www.vulcania.com\/science\/wp-content\/uploads\/2017\/06\/logo.png\",\"contentUrl\":\"https:\/\/www.vulcania.com\/science\/wp-content\/uploads\/2017\/06\/logo.png\",\"width\":314,\"height\":142,\"caption\":\"Vulcania Sciences\"},\"image\":{\"@id\":\"https:\/\/www.vulcania.com\/science\/#\/schema\/logo\/image\/\"},\"sameAs\":[\"https:\/\/www.facebook.com\/ParcVulcania\",\"https:\/\/twitter.com\/parc_vulcania\",\"https:\/\/www.youtube.com\/user\/ParcVulcania\"]}]}<\/script>\n<!-- \/ Yoast SEO plugin. -->","yoast_head_json":{"title":"L'\u00e9ph\u00e9m\u00e9ride du mois d'octobre","description":"D\u00e9couvrez les \u00e9v\u00e9nements astronomiques \u00e0 ne pas manquer en octobre, pour un automne inoubliable sous la vo\u00fbte c\u00e9leste.","robots":{"index":"index","follow":"follow","max-snippet":"max-snippet:-1","max-image-preview":"max-image-preview:large","max-video-preview":"max-video-preview:-1"},"canonical":"https:\/\/www.vulcania.com\/science\/espace\/ephemerides\/ephemeride-octobre\/","og_locale":"fr_FR","og_type":"article","og_title":"L'\u00e9ph\u00e9m\u00e9ride du mois d'octobre","og_description":"D\u00e9couvrez les \u00e9v\u00e9nements astronomiques \u00e0 ne pas manquer en octobre, pour un automne inoubliable sous la vo\u00fbte c\u00e9leste.","og_url":"https:\/\/www.vulcania.com\/science\/espace\/ephemerides\/ephemeride-octobre\/","og_site_name":"Vulcania Sciences","article_publisher":"https:\/\/www.facebook.com\/ParcVulcania","article_modified_time":"2025-10-31T09:22:15+00:00","og_image":[{"width":720,"height":540,"url":"https:\/\/www.vulcania.com\/science\/wp-content\/uploads\/2023\/09\/ephemeride-octobre_720x540.jpg","type":"image\/jpeg"}],"twitter_card":"summary_large_image","twitter_site":"@parc_vulcania","twitter_misc":{"Dur\u00e9e de lecture estim\u00e9e":"4 minutes"},"schema":{"@context":"https:\/\/schema.org","@graph":[{"@type":"WebPage","@id":"https:\/\/www.vulcania.com\/science\/espace\/ephemerides\/ephemeride-octobre\/","url":"https:\/\/www.vulcania.com\/science\/espace\/ephemerides\/ephemeride-octobre\/","name":"L'\u00e9ph\u00e9m\u00e9ride du mois d'octobre","isPartOf":{"@id":"https:\/\/www.vulcania.com\/science\/#website"},"datePublished":"2023-09-29T12:13:10+00:00","dateModified":"2025-10-31T09:22:15+00:00","description":"D\u00e9couvrez les \u00e9v\u00e9nements astronomiques \u00e0 ne pas manquer en octobre, pour un automne inoubliable sous la vo\u00fbte c\u00e9leste.","breadcrumb":{"@id":"https:\/\/www.vulcania.com\/science\/espace\/ephemerides\/ephemeride-octobre\/#breadcrumb"},"inLanguage":"fr-FR","potentialAction":[{"@type":"ReadAction","target":["https:\/\/www.vulcania.com\/science\/espace\/ephemerides\/ephemeride-octobre\/"]}]},{"@type":"BreadcrumbList","@id":"https:\/\/www.vulcania.com\/science\/espace\/ephemerides\/ephemeride-octobre\/#breadcrumb","itemListElement":[{"@type":"ListItem","position":1,"name":"Accueil","item":"https:\/\/www.vulcania.com\/science\/"},{"@type":"ListItem","position":2,"name":"Espace","item":"https:\/\/www.vulcania.com\/science\/espace\/"},{"@type":"ListItem","position":3,"name":"Observer le ciel : \u00e9ph\u00e9m\u00e9rides 2023","item":"https:\/\/www.vulcania.com\/science\/espace\/ephemerides\/"},{"@type":"ListItem","position":4,"name":"L&rsquo;\u00e9ph\u00e9m\u00e9ride du mois d&rsquo;octobre"}]},{"@type":"WebSite","@id":"https:\/\/www.vulcania.com\/science\/#website","url":"https:\/\/www.vulcania.com\/science\/","name":"Vulcania Sciences","description":"","publisher":{"@id":"https:\/\/www.vulcania.com\/science\/#organization"},"potentialAction":[{"@type":"SearchAction","target":{"@type":"EntryPoint","urlTemplate":"https:\/\/www.vulcania.com\/science\/?s={search_term_string}"},"query-input":"required name=search_term_string"}],"inLanguage":"fr-FR"},{"@type":"Organization","@id":"https:\/\/www.vulcania.com\/science\/#organization","name":"Vulcania Sciences","url":"https:\/\/www.vulcania.com\/science\/","logo":{"@type":"ImageObject","inLanguage":"fr-FR","@id":"https:\/\/www.vulcania.com\/science\/#\/schema\/logo\/image\/","url":"https:\/\/www.vulcania.com\/science\/wp-content\/uploads\/2017\/06\/logo.png","contentUrl":"https:\/\/www.vulcania.com\/science\/wp-content\/uploads\/2017\/06\/logo.png","width":314,"height":142,"caption":"Vulcania Sciences"},"image":{"@id":"https:\/\/www.vulcania.com\/science\/#\/schema\/logo\/image\/"},"sameAs":["https:\/\/www.facebook.com\/ParcVulcania","https:\/\/twitter.com\/parc_vulcania","https:\/\/www.youtube.com\/user\/ParcVulcania"]}]}},"_links":{"self":[{"href":"https:\/\/www.vulcania.com\/science\/wp-json\/wp\/v2\/pages\/1464"}],"collection":[{"href":"https:\/\/www.vulcania.com\/science\/wp-json\/wp\/v2\/pages"}],"about":[{"href":"https:\/\/www.vulcania.com\/science\/wp-json\/wp\/v2\/types\/page"}],"author":[{"embeddable":true,"href":"https:\/\/www.vulcania.com\/science\/wp-json\/wp\/v2\/users\/4"}],"replies":[{"embeddable":true,"href":"https:\/\/www.vulcania.com\/science\/wp-json\/wp\/v2\/comments?post=1464"}],"version-history":[{"count":2,"href":"https:\/\/www.vulcania.com\/science\/wp-json\/wp\/v2\/pages\/1464\/revisions"}],"predecessor-version":[{"id":1470,"href":"https:\/\/www.vulcania.com\/science\/wp-json\/wp\/v2\/pages\/1464\/revisions\/1470"}],"up":[{"embeddable":true,"href":"https:\/\/www.vulcania.com\/science\/wp-json\/wp\/v2\/pages\/1325"}],"wp:featuredmedia":[{"embeddable":true,"href":"https:\/\/www.vulcania.com\/science\/wp-json\/wp\/v2\/media\/1465"}],"wp:attachment":[{"href":"https:\/\/www.vulcania.com\/science\/wp-json\/wp\/v2\/media?parent=1464"}],"wp:term":[{"taxonomy":"tags","embeddable":true,"href":"https:\/\/www.vulcania.com\/science\/wp-json\/wp\/v2\/tags?post=1464"}],"curies":[{"name":"wp","href":"https:\/\/api.w.org\/{rel}","templated":true}]}}