{"id":1563,"date":"2024-01-17T11:00:24","date_gmt":"2024-01-17T10:00:24","guid":{"rendered":"https:\/\/www.vulcania.com\/science\/?page_id=1563"},"modified":"2025-10-22T15:13:58","modified_gmt":"2025-10-22T13:13:58","slug":"les-meteorites-messageres-celestes","status":"publish","type":"page","link":"https:\/\/www.vulcania.com\/science\/espace\/les-meteorites-messageres-celestes\/","title":{"rendered":"Les m\u00e9t\u00e9orites, messag\u00e8res c\u00e9lestes"},"content":{"rendered":"<div class=\"wpb-content-wrapper\"><p>[vc_row el_class=\u00a0\u00bbbloc-titre\u00a0\u00bb][vc_column width=\u00a0\u00bb1\/12&Prime;][\/vc_column][vc_column width=\u00a0\u00bb10\/12&Prime;][vc_text_separator title=\u00a0\u00bbArticle r\u00e9dig\u00e9 par l&rsquo;\u00e9quipe scientifique de Vulcania en partenariat avec La Montagne.\u00a0\u00bb color=\u00a0\u00bbcustom\u00a0\u00bb style=\u00a0\u00bbdashed\u00a0\u00bb accent_color=\u00a0\u00bb#888888&Prime;][vc_column_text el_class=\u00a0\u00bbintro\u00a0\u00bb]\u00c0 premi\u00e8re vue, les m\u00e9t\u00e9orites, ces pierres tomb\u00e9es du ciel, paraissent bien anodines. Pourtant, ces fragments d\u2019ast\u00e9ro\u00efdes, au-del\u00e0 de leur aspect parfois \u00e9trange, transportent avec eux nombre d\u2019informations qui \u00e9largissent notre connaissance du lointain pass\u00e9 de notre environnement cosmique. Car ces roches portent en elles les tout premiers mat\u00e9riaux apparus dans notre syst\u00e8me solaire. Certaines renferment m\u00eame des mol\u00e9cules qui pourraient \u00eatre \u00e0 l\u2019origine de la vie sur Terre. Parall\u00e8lement, leur r\u00f4le dans l\u2019\u00e9volution biologique appara\u00eet toujours grandissant : ainsi les accuse-t-on d\u2019une extinction massive des dinosaures.[\/vc_column_text][vc_column_text]Les m\u00e9t\u00e9orites n\u2019ont cess\u00e9 d\u2019alimenter l\u2019imagination de l\u2019homme face au ciel. Illuminant les r\u00eaves ou semant la panique, g\u00e9n\u00e9ralement discr\u00e8tes mais, occasionnellement, actrices de catastrophes plan\u00e9taires, ces pierres c\u00e9lestes ont bien des choses \u00e0 raconter, sur le cosmos, sur la Terre et aussi sur nous-m\u00eames, qui sommes p\u00e9tris de la m\u00eame poussi\u00e8re d\u2019\u00e9toiles. Longtemps entour\u00e9e d\u2019un halo de crainte et de myst\u00e8re, l\u2019origine c\u00e9leste des m\u00e9t\u00e9orites s\u2019affirme \u00e0 la fin du XVIIIe si\u00e8cle, notamment gr\u00e2ce au rapport du fran\u00e7ais Jean-Baptiste Biot, envoy\u00e9 par le gouvernement pour \u00e9tudier une \u00ab pluie \u00bb de m\u00e9t\u00e9orites tomb\u00e9es \u00e0 L\u2019Aigle, en Normandie, le 26 avril 1803. \u00c0 partir de ce moment-l\u00e0, elles seront d\u00e9finitivement reconnues comme des objets extraterrestres. Tout fragment rocheux extraterrestre qui franchit le bouclier atmosph\u00e9rique et s\u2019\u00e9crase au sol porte le nom de m\u00e9t\u00e9orite. La chute de pierres c\u00e9lestes est un ph\u00e9nom\u00e8ne banal et, de m\u00e9moire d\u2019homme, ce ph\u00e9nom\u00e8ne n\u2019a jusqu\u2019ici fait aucune victime humaine.<\/p>\n<p>Les m\u00e9t\u00e9orites tombent partout sur la plan\u00e8te, sur les continents comme dans les oc\u00e9ans, en France comme ailleurs, dans le Massif central comme dans les Vosges. Mais les principaux sites de collecte sont des r\u00e9gions o\u00f9 elles se rep\u00e8rent facilement, comme les d\u00e9serts de sable (Sahara) ou de glace (Antarctique).<\/p>\n<p>Les m\u00e9t\u00e9orites font donc partie des plus anciens mat\u00e9riaux connus du Syst\u00e8me solaire. Trois principales cat\u00e9gories sont identifi\u00e9es : les m\u00e9t\u00e9orites \u00ab pierreuses \u00bb, les plus fr\u00e9quentes, et souvent les plus primitives ; les m\u00e9t\u00e9orites \u00ab m\u00e9talliques \u00bb, essentiellement compos\u00e9es de fer et issues du c\u0153ur d\u2019anciens ast\u00e9ro\u00efdes depuis longtemps disloqu\u00e9s ; et de rares m\u00e9t\u00e9orites pr\u00e9sentant un m\u00e9lange des deux. Les m\u00e9t\u00e9orites m\u00e9talliques sont les seuls \u00e9chantillons de mati\u00e8re disponibles pour obtenir des renseignements sur le noyau qui occupe le c\u0153ur de la plan\u00e8te Terre, de composition probablement similaire.<\/p>\n<p>Les fugaces \u00e9toiles filantes ne sont que des grains de poussi\u00e8re cosmique qui entrent \u00e0 grande vitesse (20 \u00e0 70 km\/s) dans l\u2019atmosph\u00e8re. Ils se volatilisent, br\u00fbl\u00e9s instantan\u00e9ment quelques dizaines de kilom\u00e8tres au-dessus de nos t\u00eates. En ionisant les mol\u00e9cules de la haute atmosph\u00e8re sur leur trajectoire, ces grains laissent derri\u00e8re eux une longue tra\u00een\u00e9e brillante et fugitive. Observable de nuit, ce ph\u00e9nom\u00e8ne lumineux, appel\u00e9 m\u00e9t\u00e9ore, est aussi connu, dans le langage populaire, sous le nom d\u2019\u00e9toile filante. Croisant l\u2019orbite d\u2019anciennes com\u00e8tes \u00e0 certaines p\u00e9riodes de l\u2019ann\u00e9e, la Terre rencontre de grandes quantit\u00e9s de ces grains : il se produit alors de v\u00e9ritables \u00ab pluies \u00bb d\u2019\u00e9toiles filantes.[\/vc_column_text][vc_column_text]<\/p>\n<h2>D\u2019o\u00f9 viennent tous ces blocs rocheux qui tournent au-dessus de nos t\u00eates ?<\/h2>\n<p>Mis \u00e0 part quelques fragments de com\u00e8tes, la plupart des m\u00e9t\u00e9orites trouvent leur origine dans la Ceinture principale d\u2019ast\u00e9ro\u00efdes, un anneau constitu\u00e9 de milliards de blocs de toutes tailles tournant autour du Soleil, entre les orbites de Mars et de Jupiter. Il s\u2019agit probablement des restes de la mati\u00e8re initiale qui n\u2019a pas pu s\u2019agr\u00e9ger en plan\u00e8te lors de la formation du Syst\u00e8me solaire. Le plus gros objet connu de cette ceinture est C\u00e9r\u00e8s, qui fait pr\u00e8s de 1.000 km de diam\u00e8tre ! \u00c0 tel point qu\u2019il a chang\u00e9 de cat\u00e9gorie : il fait maintenant partie de la famille des \u00ab plan\u00e8tes naines \u00bb, avec Pluton qui, \u00e0 l\u2019inverse, fut retir\u00e9e de la liste des plan\u00e8tes en 2006.<\/p>\n<p>Dans leur ronde sans fin, ces blocs de roche, perturb\u00e9s par l\u2019attraction de la plan\u00e8te g\u00e9ante Jupiter toute proche, en viennent parfois \u00e0 s\u2019entrechoquer ou \u00e0 d\u00e9vier de leur orbite. Certains ast\u00e9ro\u00efdes se fragmentent, d\u2019autres sont tout ou partie \u00e9ject\u00e9s de cette ceinture, pour entamer d\u00e8s lors une errance solitaire suivant une trajectoire ind\u00e9pendante. Parfois ils entrent en collision avec la Terre ou une autre plan\u00e8te, criblant leur surface de crat\u00e8res. Contrairement \u00e0 la Lune, la Terre efface ces traces d\u2019impact par l\u2019action de l\u2019\u00e9rosion et la tectonique des plaques.[\/vc_column_text][vc_column_text el_class=\u00a0\u00bbbloc couleur\u00a0\u00bb]<\/p>\n<h4 style=\"text-align: left;\">Rep\u00e8res<\/h4>\n<ul>\n<li>Les ast\u00e9ro\u00efdes sont des corps rocheux ou m\u00e9talliques \u00ab\u00a0d\u00e9bris\u00a0\u00bb r\u00e9sultant de la formation du Syst\u00e8me solaire. Ils se situent pour la plupart entre Mars et Jupiter.<\/li>\n<li>Les m\u00e9t\u00e9orites sont des fragments d\u2019ast\u00e9ro\u00efdes qui, apr\u00e8s avoir travers\u00e9s l\u2019atmosph\u00e8re, percutent la surface de la Terre.<\/li>\n<li>On estime qu\u2019entre 500 et 1.000 tonnes de m\u00e9t\u00e9orites tombent chaque jour sur l\u2019ensemble de la Terre. Heureusement, l\u2019essentiel arrive au sol sous forme d\u2019une \u00ab pluie permanente \u00bb de minuscules poussi\u00e8res&#8230;<\/li>\n<li>12 et 13 ao\u00fbt, pluie d\u2019\u00e9toiles filantes. Comme chaque ann\u00e9e, la Terre traverse en \u00e9t\u00e9 le sillage de poussi\u00e8res abandonn\u00e9es par la com\u00e8te Swift-Tuttle. Le superbe essaim d\u2019\u00e9toiles filantes des Pers\u00e9ides qui na\u00eet de cette rencontre permet parfois d\u2019observer une centaine de m\u00e9t\u00e9ores par heure.<\/li>\n<li>La plus grosse m\u00e9t\u00e9orite tomb\u00e9e en Europe. Trouv\u00e9e en Su\u00e8de, elle s\u2019appelle Muonionalusta et p\u00e8se plus d\u2019une tonne. Elle d\u00e9tr\u00f4ne La Caille (626 Kg), qui passe au deuxi\u00e8me rang europ\u00e9en.<\/li>\n<\/ul>\n<p>[\/vc_column_text][\/vc_column][vc_column width=\u00a0\u00bb1\/12&Prime;][\/vc_column][\/vc_row][vc_row][vc_column width=\u00a0\u00bb1\/12&Prime;][\/vc_column][vc_column width=\u00a0\u00bb10\/12&Prime;][vc_column_text]<\/p>\n<h3>Nos autres articles sur les ast\u00e9ro\u00efdes et les m\u00e9t\u00e9orites :<\/h3>\n<p>[\/vc_column_text][vc_basic_grid post_type=\u00a0\u00bbpage\u00a0\u00bb max_items=\u00a0\u00bb10&Prime; element_width=\u00a0\u00bb3&Prime; item=\u00a0\u00bb573&Prime; grid_id=\u00a0\u00bbvc_gid:1707128706636-0a3e2518-0e6a-6&Prime; taxonomies=\u00a0\u00bb36&Prime;][\/vc_column][vc_column width=\u00a0\u00bb1\/12&Prime;][\/vc_column][\/vc_row][vc_row][vc_column]<div class=\"templatera_shortcode\"><div class=\"vc_row wpb_row vc_row-fluid\"><div class=\"wpb_column vc_column_container vc_col-sm-12\"><div class=\"vc_column-inner\"><div class=\"wpb_wrapper\"><div class=\"vc_separator wpb_content_element vc_separator_align_center vc_sep_width_100 vc_sep_dashed vc_sep_pos_align_center vc_separator-has-text\" ><span class=\"vc_sep_holder vc_sep_holder_l\"><span style=\"border-color:#888888;\" class=\"vc_sep_line\"><\/span><\/span><h4>Exp\u00e9rimentez \u00e0 Vulcania<\/h4><span class=\"vc_sep_holder vc_sep_holder_r\"><span style=\"border-color:#888888;\" class=\"vc_sep_line\"><\/span><\/span>\n<\/div><div class=\"vc_row wpb_row vc_inner vc_row-fluid\"><div class=\"wpb_column vc_column_container vc_col-sm-1\"><div class=\"vc_column-inner\"><div class=\"wpb_wrapper\"><\/div><\/div><\/div><div class=\"wpb_column vc_column_container vc_col-sm-5\"><div class=\"vc_column-inner\"><div class=\"wpb_wrapper\">\n\t<div  class=\"wpb_single_image wpb_content_element vc_align_left\">\n\t\t\n\t\t<figure class=\"wpb_wrapper vc_figure\">\n\t\t\t<a href=\"https:\/\/www.vulcania.com\/planetarium\/\" target=\"_self\" class=\"vc_single_image-wrapper vc_box_rounded  vc_box_border_grey\"><img loading=\"lazy\" decoding=\"async\" width=\"585\" height=\"281\" src=\"https:\/\/www.vulcania.com\/science\/wp-content\/uploads\/2023\/11\/planetarium_600x288-585x281.jpg\" class=\"vc_single_image-img attachment-medium\" alt=\"\" title=\"planetarium_600x288\" srcset=\"https:\/\/www.vulcania.com\/science\/wp-content\/uploads\/2023\/11\/planetarium_600x288-585x281.jpg 585w, https:\/\/www.vulcania.com\/science\/wp-content\/uploads\/2023\/11\/planetarium_600x288.jpg 600w\" sizes=\"(max-width: 585px) 100vw, 585px\" \/><\/a>\n\t\t<\/figure>\n\t<\/div>\n<\/div><\/div><\/div><div class=\"wpb_column vc_column_container vc_col-sm-5\"><div class=\"vc_column-inner\"><div class=\"wpb_wrapper\">\n\t<div class=\"wpb_text_column wpb_content_element \" >\n\t\t<div class=\"wpb_wrapper\">\n\t\t\t<h3>Le Plan\u00e9tarium<\/h3>\n<p>D\u00e9couvrez les objets c\u00e9lestes observables, le volcanisme extra-terrestre, ou encore le quotidien des astronautes de l'ISS au plan\u00e9tarium de Vulcania (nouveaut\u00e9 2023).<\/p>\n\n\t\t<\/div>\n\t<\/div>\n<div class=\"vc_btn3-container  bouton coul-1 vc_btn3-inline\" ><a class=\"vc_general vc_btn3 vc_btn3-size-md vc_btn3-shape-rounded vc_btn3-style-modern vc_btn3-color-grey\" href=\"https:\/\/www.vulcania.com\/planetarium\/\" title=\"\">En savoir plus sur \"Le Plan\u00e9tarium\"<\/a><\/div><\/div><\/div><\/div><div class=\"wpb_column vc_column_container vc_col-sm-1\"><div class=\"vc_column-inner\"><div class=\"wpb_wrapper\"><\/div><\/div><\/div><\/div><\/div><\/div><\/div><\/div><\/div>[\/vc_column][\/vc_row]<\/p>\n<\/div>","protected":false},"excerpt":{"rendered":"Exp\u00e9rimentez \u00e0 Vulcania Le Plan\u00e9tarium D\u00e9couvrez les objets c\u00e9lestes observables, le volcanisme extra-terrestre, ou encore le quotidien des astronautes de l'ISS au plan\u00e9tarium de Vulcania (nouveaut\u00e9 2023). En savoir plus sur \"Le Plan\u00e9tarium\"","protected":false},"author":4,"featured_media":1573,"parent":1179,"menu_order":0,"comment_status":"closed","ping_status":"closed","template":"","meta":{"footnotes":""},"tags":[36],"acf":[],"yoast_head":"<!-- This site is optimized with the Yoast SEO plugin v21.9.1 - https:\/\/yoast.com\/wordpress\/plugins\/seo\/ -->\n<title>Les m\u00e9t\u00e9orites, messag\u00e8res c\u00e9lestes<\/title>\n<meta name=\"description\" content=\"D\u00e9couvrez l&#039;origine des m\u00e9t\u00e9orites, leur composition et les diff\u00e9rentes cat\u00e9gories recens\u00e9es au cours de l&#039;histoire.\" \/>\n<meta name=\"robots\" content=\"index, follow, max-snippet:-1, max-image-preview:large, max-video-preview:-1\" \/>\n<link rel=\"canonical\" href=\"https:\/\/www.vulcania.com\/science\/espace\/les-meteorites-messageres-celestes\/\" \/>\n<meta property=\"og:locale\" content=\"fr_FR\" \/>\n<meta property=\"og:type\" content=\"article\" \/>\n<meta property=\"og:title\" content=\"Tout savoir sur les \u00e9clipses de Soleil et les \u00e9clipses de Lune !\" \/>\n<meta property=\"og:description\" content=\"Pourquoi peut-on observer des \u00e9clipses et quels sont les diff\u00e9rents types d&#039;\u00e9clipses ? D\u00e9couvrez-le avec l&#039;\u00e9quipe scientifique de Vulcania !\" \/>\n<meta property=\"og:url\" content=\"https:\/\/www.vulcania.com\/science\/espace\/les-meteorites-messageres-celestes\/\" \/>\n<meta property=\"og:site_name\" content=\"Vulcania Sciences\" \/>\n<meta property=\"article:publisher\" content=\"https:\/\/www.facebook.com\/ParcVulcania\" \/>\n<meta property=\"article:modified_time\" content=\"2025-10-22T13:13:58+00:00\" \/>\n<meta property=\"og:image\" content=\"https:\/\/www.vulcania.com\/science\/wp-content\/uploads\/2023\/02\/eclipses_1200x630.jpg\" \/>\n\t<meta property=\"og:image:width\" content=\"1200\" \/>\n\t<meta property=\"og:image:height\" content=\"630\" \/>\n\t<meta property=\"og:image:type\" content=\"image\/jpeg\" \/>\n<meta name=\"twitter:card\" content=\"summary_large_image\" \/>\n<meta name=\"twitter:title\" content=\"Tout savoir sur les \u00e9clipses de Soleil et les \u00e9clipses de Lune !\" \/>\n<meta name=\"twitter:description\" content=\"Pourquoi peut-on observer des \u00e9clipses et quels sont les diff\u00e9rents types d&#039;\u00e9clipses ? D\u00e9couvrez-le avec l&#039;\u00e9quipe scientifique de Vulcania !\" \/>\n<meta name=\"twitter:image\" content=\"https:\/\/www.vulcania.com\/science\/wp-content\/uploads\/2023\/02\/eclipses_1200x630.jpg\" \/>\n<meta name=\"twitter:site\" content=\"@parc_vulcania\" \/>\n<meta name=\"twitter:label1\" content=\"Dur\u00e9e de lecture estim\u00e9e\" \/>\n\t<meta name=\"twitter:data1\" content=\"5 minutes\" \/>\n<script type=\"application\/ld+json\" class=\"yoast-schema-graph\">{\"@context\":\"https:\/\/schema.org\",\"@graph\":[{\"@type\":\"WebPage\",\"@id\":\"https:\/\/www.vulcania.com\/science\/espace\/les-meteorites-messageres-celestes\/\",\"url\":\"https:\/\/www.vulcania.com\/science\/espace\/les-meteorites-messageres-celestes\/\",\"name\":\"Les m\u00e9t\u00e9orites, messag\u00e8res c\u00e9lestes\",\"isPartOf\":{\"@id\":\"https:\/\/www.vulcania.com\/science\/#website\"},\"datePublished\":\"2024-01-17T10:00:24+00:00\",\"dateModified\":\"2025-10-22T13:13:58+00:00\",\"description\":\"D\u00e9couvrez l'origine des m\u00e9t\u00e9orites, leur composition et les diff\u00e9rentes cat\u00e9gories recens\u00e9es au cours de l'histoire.\",\"breadcrumb\":{\"@id\":\"https:\/\/www.vulcania.com\/science\/espace\/les-meteorites-messageres-celestes\/#breadcrumb\"},\"inLanguage\":\"fr-FR\",\"potentialAction\":[{\"@type\":\"ReadAction\",\"target\":[\"https:\/\/www.vulcania.com\/science\/espace\/les-meteorites-messageres-celestes\/\"]}]},{\"@type\":\"BreadcrumbList\",\"@id\":\"https:\/\/www.vulcania.com\/science\/espace\/les-meteorites-messageres-celestes\/#breadcrumb\",\"itemListElement\":[{\"@type\":\"ListItem\",\"position\":1,\"name\":\"Accueil\",\"item\":\"https:\/\/www.vulcania.com\/science\/\"},{\"@type\":\"ListItem\",\"position\":2,\"name\":\"Espace\",\"item\":\"https:\/\/www.vulcania.com\/science\/espace\/\"},{\"@type\":\"ListItem\",\"position\":3,\"name\":\"Les m\u00e9t\u00e9orites, messag\u00e8res c\u00e9lestes\"}]},{\"@type\":\"WebSite\",\"@id\":\"https:\/\/www.vulcania.com\/science\/#website\",\"url\":\"https:\/\/www.vulcania.com\/science\/\",\"name\":\"Vulcania Sciences\",\"description\":\"\",\"publisher\":{\"@id\":\"https:\/\/www.vulcania.com\/science\/#organization\"},\"potentialAction\":[{\"@type\":\"SearchAction\",\"target\":{\"@type\":\"EntryPoint\",\"urlTemplate\":\"https:\/\/www.vulcania.com\/science\/?s={search_term_string}\"},\"query-input\":\"required name=search_term_string\"}],\"inLanguage\":\"fr-FR\"},{\"@type\":\"Organization\",\"@id\":\"https:\/\/www.vulcania.com\/science\/#organization\",\"name\":\"Vulcania Sciences\",\"url\":\"https:\/\/www.vulcania.com\/science\/\",\"logo\":{\"@type\":\"ImageObject\",\"inLanguage\":\"fr-FR\",\"@id\":\"https:\/\/www.vulcania.com\/science\/#\/schema\/logo\/image\/\",\"url\":\"https:\/\/www.vulcania.com\/science\/wp-content\/uploads\/2017\/06\/logo.png\",\"contentUrl\":\"https:\/\/www.vulcania.com\/science\/wp-content\/uploads\/2017\/06\/logo.png\",\"width\":314,\"height\":142,\"caption\":\"Vulcania Sciences\"},\"image\":{\"@id\":\"https:\/\/www.vulcania.com\/science\/#\/schema\/logo\/image\/\"},\"sameAs\":[\"https:\/\/www.facebook.com\/ParcVulcania\",\"https:\/\/twitter.com\/parc_vulcania\",\"https:\/\/www.youtube.com\/user\/ParcVulcania\"]}]}<\/script>\n<!-- \/ Yoast SEO plugin. -->","yoast_head_json":{"title":"Les m\u00e9t\u00e9orites, messag\u00e8res c\u00e9lestes","description":"D\u00e9couvrez l'origine des m\u00e9t\u00e9orites, leur composition et les diff\u00e9rentes cat\u00e9gories recens\u00e9es au cours de l'histoire.","robots":{"index":"index","follow":"follow","max-snippet":"max-snippet:-1","max-image-preview":"max-image-preview:large","max-video-preview":"max-video-preview:-1"},"canonical":"https:\/\/www.vulcania.com\/science\/espace\/les-meteorites-messageres-celestes\/","og_locale":"fr_FR","og_type":"article","og_title":"Tout savoir sur les \u00e9clipses de Soleil et les \u00e9clipses de Lune !","og_description":"Pourquoi peut-on observer des \u00e9clipses et quels sont les diff\u00e9rents types d'\u00e9clipses ? D\u00e9couvrez-le avec l'\u00e9quipe scientifique de Vulcania !","og_url":"https:\/\/www.vulcania.com\/science\/espace\/les-meteorites-messageres-celestes\/","og_site_name":"Vulcania Sciences","article_publisher":"https:\/\/www.facebook.com\/ParcVulcania","article_modified_time":"2025-10-22T13:13:58+00:00","og_image":[{"width":1200,"height":630,"url":"https:\/\/www.vulcania.com\/science\/wp-content\/uploads\/2023\/02\/eclipses_1200x630.jpg","type":"image\/jpeg"}],"twitter_card":"summary_large_image","twitter_title":"Tout savoir sur les \u00e9clipses de Soleil et les \u00e9clipses de Lune !","twitter_description":"Pourquoi peut-on observer des \u00e9clipses et quels sont les diff\u00e9rents types d'\u00e9clipses ? D\u00e9couvrez-le avec l'\u00e9quipe scientifique de Vulcania !","twitter_image":"https:\/\/www.vulcania.com\/science\/wp-content\/uploads\/2023\/02\/eclipses_1200x630.jpg","twitter_site":"@parc_vulcania","twitter_misc":{"Dur\u00e9e de lecture estim\u00e9e":"5 minutes"},"schema":{"@context":"https:\/\/schema.org","@graph":[{"@type":"WebPage","@id":"https:\/\/www.vulcania.com\/science\/espace\/les-meteorites-messageres-celestes\/","url":"https:\/\/www.vulcania.com\/science\/espace\/les-meteorites-messageres-celestes\/","name":"Les m\u00e9t\u00e9orites, messag\u00e8res c\u00e9lestes","isPartOf":{"@id":"https:\/\/www.vulcania.com\/science\/#website"},"datePublished":"2024-01-17T10:00:24+00:00","dateModified":"2025-10-22T13:13:58+00:00","description":"D\u00e9couvrez l'origine des m\u00e9t\u00e9orites, leur composition et les diff\u00e9rentes cat\u00e9gories recens\u00e9es au cours de l'histoire.","breadcrumb":{"@id":"https:\/\/www.vulcania.com\/science\/espace\/les-meteorites-messageres-celestes\/#breadcrumb"},"inLanguage":"fr-FR","potentialAction":[{"@type":"ReadAction","target":["https:\/\/www.vulcania.com\/science\/espace\/les-meteorites-messageres-celestes\/"]}]},{"@type":"BreadcrumbList","@id":"https:\/\/www.vulcania.com\/science\/espace\/les-meteorites-messageres-celestes\/#breadcrumb","itemListElement":[{"@type":"ListItem","position":1,"name":"Accueil","item":"https:\/\/www.vulcania.com\/science\/"},{"@type":"ListItem","position":2,"name":"Espace","item":"https:\/\/www.vulcania.com\/science\/espace\/"},{"@type":"ListItem","position":3,"name":"Les m\u00e9t\u00e9orites, messag\u00e8res c\u00e9lestes"}]},{"@type":"WebSite","@id":"https:\/\/www.vulcania.com\/science\/#website","url":"https:\/\/www.vulcania.com\/science\/","name":"Vulcania Sciences","description":"","publisher":{"@id":"https:\/\/www.vulcania.com\/science\/#organization"},"potentialAction":[{"@type":"SearchAction","target":{"@type":"EntryPoint","urlTemplate":"https:\/\/www.vulcania.com\/science\/?s={search_term_string}"},"query-input":"required name=search_term_string"}],"inLanguage":"fr-FR"},{"@type":"Organization","@id":"https:\/\/www.vulcania.com\/science\/#organization","name":"Vulcania Sciences","url":"https:\/\/www.vulcania.com\/science\/","logo":{"@type":"ImageObject","inLanguage":"fr-FR","@id":"https:\/\/www.vulcania.com\/science\/#\/schema\/logo\/image\/","url":"https:\/\/www.vulcania.com\/science\/wp-content\/uploads\/2017\/06\/logo.png","contentUrl":"https:\/\/www.vulcania.com\/science\/wp-content\/uploads\/2017\/06\/logo.png","width":314,"height":142,"caption":"Vulcania Sciences"},"image":{"@id":"https:\/\/www.vulcania.com\/science\/#\/schema\/logo\/image\/"},"sameAs":["https:\/\/www.facebook.com\/ParcVulcania","https:\/\/twitter.com\/parc_vulcania","https:\/\/www.youtube.com\/user\/ParcVulcania"]}]}},"_links":{"self":[{"href":"https:\/\/www.vulcania.com\/science\/wp-json\/wp\/v2\/pages\/1563"}],"collection":[{"href":"https:\/\/www.vulcania.com\/science\/wp-json\/wp\/v2\/pages"}],"about":[{"href":"https:\/\/www.vulcania.com\/science\/wp-json\/wp\/v2\/types\/page"}],"author":[{"embeddable":true,"href":"https:\/\/www.vulcania.com\/science\/wp-json\/wp\/v2\/users\/4"}],"replies":[{"embeddable":true,"href":"https:\/\/www.vulcania.com\/science\/wp-json\/wp\/v2\/comments?post=1563"}],"version-history":[{"count":5,"href":"https:\/\/www.vulcania.com\/science\/wp-json\/wp\/v2\/pages\/1563\/revisions"}],"predecessor-version":[{"id":1626,"href":"https:\/\/www.vulcania.com\/science\/wp-json\/wp\/v2\/pages\/1563\/revisions\/1626"}],"up":[{"embeddable":true,"href":"https:\/\/www.vulcania.com\/science\/wp-json\/wp\/v2\/pages\/1179"}],"wp:featuredmedia":[{"embeddable":true,"href":"https:\/\/www.vulcania.com\/science\/wp-json\/wp\/v2\/media\/1573"}],"wp:attachment":[{"href":"https:\/\/www.vulcania.com\/science\/wp-json\/wp\/v2\/media?parent=1563"}],"wp:term":[{"taxonomy":"tags","embeddable":true,"href":"https:\/\/www.vulcania.com\/science\/wp-json\/wp\/v2\/tags?post=1563"}],"curies":[{"name":"wp","href":"https:\/\/api.w.org\/{rel}","templated":true}]}}