{"id":1594,"date":"2024-01-31T09:26:53","date_gmt":"2024-01-31T08:26:53","guid":{"rendered":"https:\/\/www.vulcania.com\/science\/?page_id=1594"},"modified":"2025-10-22T14:59:06","modified_gmt":"2025-10-22T12:59:06","slug":"lhomme-et-lespace-tous-enfants-des-etoiles","status":"publish","type":"page","link":"https:\/\/www.vulcania.com\/science\/espace\/lhomme-et-lespace-tous-enfants-des-etoiles\/","title":{"rendered":"L&rsquo;homme et l&rsquo;Espace : tous, enfants des \u00e9toiles"},"content":{"rendered":"<div class=\"wpb-content-wrapper\"><p>[vc_row el_class=\u00a0\u00bbbloc-titre\u00a0\u00bb][vc_column width=\u00a0\u00bb1\/12&Prime;][\/vc_column][vc_column width=\u00a0\u00bb10\/12&Prime;][vc_text_separator title=\u00a0\u00bbArticle r\u00e9dig\u00e9 par l&rsquo;\u00e9quipe scientifique de Vulcania en partenariat avec La Montagne.\u00a0\u00bb color=\u00a0\u00bbcustom\u00a0\u00bb style=\u00a0\u00bbdashed\u00a0\u00bb accent_color=\u00a0\u00bb#888888&Prime;][vc_column_text el_class=\u00a0\u00bbintro\u00a0\u00bb]Depuis les temps les plus recul\u00e9s, l\u2019homme est fascin\u00e9 par le ballet des astres dans le ciel. Il s\u2019est petit \u00e0 petit situ\u00e9 dans l\u2019Univers, l\u2019explore\u2026 et continue \u00e0 se poser de nombreuses questions.[\/vc_column_text][vc_column_text]Quand nos anc\u00eatres levaient les yeux vers le ciel, ils pensaient le monde limit\u00e9 par une sph\u00e8re piquet\u00e9e d\u2019\u00e9toiles. Cette repr\u00e9sentation a bien \u00e9volu\u00e9\u2026 Notre vision s\u2019est \u00e9tendue bien au-del\u00e0, dans une immensit\u00e9 peupl\u00e9e de galaxies jusqu\u2019aux confins de l\u2019Univers connu, \u00e0 plus de 13 milliards d\u2019ann\u00e9es-lumi\u00e8re.<\/p>\n<p>Nous tentons m\u00eame d\u2019imaginer son origine. Ce qui est vrai \u00e0 l\u2019\u00e9chelle de l\u2019Univers l\u2019est aussi \u00e0 l\u2019\u00e9chelle plus modeste du Syst\u00e8me solaire. Nous y avons envoy\u00e9 des sondes en de multiples endroits : plan\u00e8tes glac\u00e9es, volcaniques, gazeuses, g\u00e9antes, isol\u00e9es ou accompagn\u00e9es de lunes\u2026 dans l\u2019espoir de d\u00e9couvrir de nouveaux mondes, et peut-\u00eatre y trouver la vie ![\/vc_column_text][vc_column_text]<\/p>\n<h2>\u00ab Nous sommes une plante du ciel\u2026 \u00bb<\/h2>\n<p>\u00c0 chaque escale, nous avons \u00e9t\u00e9 surpris par des mondes \u00e0 la fois fascinants et parfois familiers, malgr\u00e9 leur incroyable vari\u00e9t\u00e9\u2026 Comme un \u00e9cho \u00e0 Platon, pour qui \u00ab nous sommes une plante du ciel et non de la Terre\u2026 \u00bb. Ce grand philosophe grec laissait entrevoir la parent\u00e9 qui nous lie aux astres ; nos racines sont dans le Cosmos. Dans cette qu\u00eate des origines, la science a jou\u00e9 et joue toujours un r\u00f4le majeur. Les bouleversements n\u2019ont pas manqu\u00e9, mais jusqu\u2019\u00e0 aujourd\u2019hui, le lien reste solide.[\/vc_column_text][vc_column_text]<\/p>\n<h2>Une vision qui \u00e9volue<\/h2>\n<p>Un mod\u00e8le de Terre comme centre immobile du monde, propos\u00e9 par Ptol\u00e9m\u00e9e au IIe si\u00e8cle, s\u2019est d\u2019abord impos\u00e9 pendant plus de mille ans. Autour de cette Terre, pensait-il, tournent la Lune, le Soleil, les cinq plan\u00e8tes visibles \u00e0 l\u2019\u0153il nu, puis la \u00ab sph\u00e8re des \u00e9toiles fixes \u00bb. Au milieu du XVIe si\u00e8cle, Copernic \u00e9labore un autre mod\u00e8le, r\u00e9volutionnaire pour l\u2019\u00e9poque : la Terre perd sa place centrale et tourne autour du Soleil en compagnie des autres plan\u00e8tes. \u00c0 la suite de ses observations des satellites de Jupiter, Galil\u00e9e, au d\u00e9but du XVIIe si\u00e8cle, parach\u00e8ve la \u00ab r\u00e9volution \u00bb. Depuis, les d\u00e9couvertes ont foisonn\u00e9 : plan\u00e8tes lointaines du Syst\u00e8me solaire, satellites innombrables, ast\u00e9ro\u00efdes et com\u00e8tes par millions\u2026 Cette exploration r\u00e9v\u00e8le que notre Syst\u00e8me solaire forme une famille tr\u00e8s diversifi\u00e9e. Mieux, elle s\u2019enracine dans une filiation beaucoup plus vaste, comme l\u2019a joliment dit Hubert Reeves : \u00ab nous sommes tous les enfants du Cosmos, fils et filles des \u00e9toiles. Nous sommes des poussi\u00e8res d\u2019\u00e9toiles\u2026 \u00bb. En effet, nous sommes constitu\u00e9s d\u2019\u00e9l\u00e9ments, comme le carbone et l\u2019oxyg\u00e8ne, qui ont \u00e9t\u00e9 fabriqu\u00e9s \u00e0 l\u2019int\u00e9rieur d\u2019\u00e9toiles g\u00e9antes dans un tr\u00e8s lointain pass\u00e9. Ce sont ces m\u00eames \u00e9l\u00e9ments que l\u2019on retrouve en abondance dans l\u2019Espace. Nos origines semblent donc bien s\u2019enraciner dans le ciel.[\/vc_column_text][vc_column_text]<\/p>\n<h2>Exploration sans fin<\/h2>\n<p>Notre rapport au Cosmos ne se limite donc plus \u00e0 d\u00e9crire et \u00e0 accumuler des connaissances sur l\u2019Univers ; il s\u2019agit en fait d\u2019une interrogation, toujours actuelle, sur notre place dans l\u2019immensit\u00e9 de l\u2019Espace que nous percevons autour de nous. Cela explique la volont\u00e9 des hommes de poursuivre l\u2019exploration, bien au-del\u00e0 de la simple contemplation. Il semble bien que cette qu\u00eate soit sans fin. Une seule certitude, l\u2019avenir nous r\u00e9servera encore bien des surprises ![\/vc_column_text][vc_column_text el_class=\u00a0\u00bbbloc couleur\u00a0\u00bb]<\/p>\n<h4>Rep\u00e8res<\/h4>\n<p><strong>Le Syst\u00e8me solaire, c\u2019est\u00a0:<\/strong><\/p>\n<ul>\n<li>1 \u00e9toile centrale, le Soleil ;<\/li>\n<li>8 plan\u00e8tes, dont 4 rocheuses et 4 gazeuses (Pluton ayant \u00e9t\u00e9 d\u00e9chue de son statut de plan\u00e8te en 2006) ;<\/li>\n<li>plus de 500 satellites naturels, dont la Lune ;<\/li>\n<li>des millions d\u2019ast\u00e9ro\u00efdes, de com\u00e8tes, etc&#8230;<\/li>\n<\/ul>\n<p><strong>L\u2019\u00e2ge de l\u2019Univers connu. <\/strong>Il est estim\u00e9 \u00e0 13,7 milliards d\u2019ann\u00e9es. Le Syst\u00e8me solaire, beaucoup plus \u00ab jeune \u00bb, est n\u00e9 il y a 4,6 milliards d\u2019ann\u00e9es.<\/p>\n<p><strong>1 ann\u00e9e-lumi\u00e8re<\/strong>. C\u2019est la distance parcourue par la lumi\u00e8re en 1 an, soit environ 10.000 milliards de kilom\u00e8tres (la vitesse de la Lumi\u00e8re \u00e9tant de 300.000 km\/s).[\/vc_column_text][vc_column_text]<\/p>\n<h2>Regarder loin vers le pass\u00e9\u2026<\/h2>\n<p>Ce soir, si le temps le permet, contemplez le ciel \u00e9toil\u00e9. Chaque point lumineux, ou presque, est une \u00e9toile, masse incandescente extr\u00eamement \u00e9loign\u00e9e mais semblable \u00e0 notre Soleil. Toutes appartiennent \u00e0 notre Galaxie, la Voie Lact\u00e9e, qui compte environ 200 milliards d\u2019\u00e9toiles. Au-del\u00e0 de ce \u00ab nuage d\u2019\u00e9toiles \u00bb, les t\u00e9lescopes nous r\u00e9v\u00e8lent d\u2019autres galaxies qui se comptent, elles aussi, par milliards. On les observe dans toutes les directions. Bien au-del\u00e0, notre champ d\u2019observation bute sur un \u00ab horizon \u00bb d\u2019inconnu infranchissable ! C\u2019est la limite de l\u2019Univers qui nous est accessible, univers dont nous ne connaissons toujours pas les dimensions. La vitesse de la lumi\u00e8re, bien qu\u2019impressionnante, est limit\u00e9e. Il lui faut un peu plus d\u2019une seconde pour nous parvenir de la Lune, 8 minutes 18 secondes pour venir du Soleil. Nous voyons donc ce dernier tel qu\u2019il \u00e9tait un peu plus de 8 minutes plus t\u00f4t. Transpos\u00e9 \u00e0 l\u2019\u00e9chelle du Cosmos, observer le ciel, c\u2019est regarder vers le pass\u00e9. Une galaxie situ\u00e9e \u00e0 cent millions d\u2019ann\u00e9es-lumi\u00e8re, nous la voyons telle qu\u2019elle \u00e9tait il y a 100 MA, c.\u00e0.d. au temps des dinosaures. L\u2019astronomie est donc une merveilleuse machine \u00e0 remonter le temps, pour essayer de parvenir \u00e0 la \u00ab naissance \u00bb de l\u2019Univers\u2026[\/vc_column_text][\/vc_column][vc_column width=\u00a0\u00bb1\/12&Prime;][\/vc_column][\/vc_row][vc_row][vc_column]<div class=\"templatera_shortcode\"><div class=\"vc_row wpb_row vc_row-fluid\"><div class=\"wpb_column vc_column_container vc_col-sm-12\"><div class=\"vc_column-inner\"><div class=\"wpb_wrapper\"><div class=\"vc_separator wpb_content_element vc_separator_align_center vc_sep_width_100 vc_sep_dashed vc_sep_pos_align_center vc_separator-has-text\" ><span class=\"vc_sep_holder vc_sep_holder_l\"><span style=\"border-color:#888888;\" class=\"vc_sep_line\"><\/span><\/span><h4>Exp\u00e9rimentez \u00e0 Vulcania<\/h4><span class=\"vc_sep_holder vc_sep_holder_r\"><span style=\"border-color:#888888;\" class=\"vc_sep_line\"><\/span><\/span>\n<\/div><div class=\"vc_row wpb_row vc_inner vc_row-fluid\"><div class=\"wpb_column vc_column_container vc_col-sm-1\"><div class=\"vc_column-inner\"><div class=\"wpb_wrapper\"><\/div><\/div><\/div><div class=\"wpb_column vc_column_container vc_col-sm-5\"><div class=\"vc_column-inner\"><div class=\"wpb_wrapper\">\n\t<div  class=\"wpb_single_image wpb_content_element vc_align_left\">\n\t\t\n\t\t<figure class=\"wpb_wrapper vc_figure\">\n\t\t\t<a href=\"https:\/\/www.vulcania.com\/planetarium\/\" target=\"_self\" class=\"vc_single_image-wrapper vc_box_rounded  vc_box_border_grey\"><img loading=\"lazy\" decoding=\"async\" width=\"585\" height=\"281\" src=\"https:\/\/www.vulcania.com\/science\/wp-content\/uploads\/2023\/11\/planetarium_600x288-585x281.jpg\" class=\"vc_single_image-img attachment-medium\" alt=\"\" title=\"planetarium_600x288\" srcset=\"https:\/\/www.vulcania.com\/science\/wp-content\/uploads\/2023\/11\/planetarium_600x288-585x281.jpg 585w, https:\/\/www.vulcania.com\/science\/wp-content\/uploads\/2023\/11\/planetarium_600x288.jpg 600w\" sizes=\"(max-width: 585px) 100vw, 585px\" \/><\/a>\n\t\t<\/figure>\n\t<\/div>\n<\/div><\/div><\/div><div class=\"wpb_column vc_column_container vc_col-sm-5\"><div class=\"vc_column-inner\"><div class=\"wpb_wrapper\">\n\t<div class=\"wpb_text_column wpb_content_element \" >\n\t\t<div class=\"wpb_wrapper\">\n\t\t\t<h3>Le Plan\u00e9tarium<\/h3>\n<p>D\u00e9couvrez les objets c\u00e9lestes observables, le volcanisme extra-terrestre, ou encore le quotidien des astronautes de l'ISS au plan\u00e9tarium de Vulcania (nouveaut\u00e9 2023).<\/p>\n\n\t\t<\/div>\n\t<\/div>\n<div class=\"vc_btn3-container  bouton coul-1 vc_btn3-inline\" ><a class=\"vc_general vc_btn3 vc_btn3-size-md vc_btn3-shape-rounded vc_btn3-style-modern vc_btn3-color-grey\" href=\"https:\/\/www.vulcania.com\/planetarium\/\" title=\"\">En savoir plus sur \"Le Plan\u00e9tarium\"<\/a><\/div><\/div><\/div><\/div><div class=\"wpb_column vc_column_container vc_col-sm-1\"><div class=\"vc_column-inner\"><div class=\"wpb_wrapper\"><\/div><\/div><\/div><\/div><\/div><\/div><\/div><\/div><\/div>[\/vc_column][\/vc_row]<\/p>\n<\/div>","protected":false},"excerpt":{"rendered":"Exp\u00e9rimentez \u00e0 Vulcania Le Plan\u00e9tarium D\u00e9couvrez les objets c\u00e9lestes observables, le volcanisme extra-terrestre, ou encore le quotidien des astronautes de l'ISS au plan\u00e9tarium de Vulcania (nouveaut\u00e9 2023). En savoir plus sur \"Le Plan\u00e9tarium\"","protected":false},"author":4,"featured_media":1605,"parent":1179,"menu_order":0,"comment_status":"closed","ping_status":"closed","template":"","meta":{"footnotes":""},"tags":[34,21],"acf":[],"yoast_head":"<!-- This site is optimized with the Yoast SEO plugin v21.9.1 - https:\/\/yoast.com\/wordpress\/plugins\/seo\/ -->\n<title>L&#039;homme et l&#039;Espace : tous, enfants des \u00e9toiles<\/title>\n<meta name=\"description\" content=\"De l&#039;origine \u00e0 la conqu\u00eate spatiale, explorez le lien fascinant entre l&#039;Homme et l&#039;Espace.\" \/>\n<meta name=\"robots\" content=\"index, follow, max-snippet:-1, max-image-preview:large, max-video-preview:-1\" \/>\n<link rel=\"canonical\" href=\"https:\/\/www.vulcania.com\/science\/espace\/lhomme-et-lespace-tous-enfants-des-etoiles\/\" \/>\n<meta property=\"og:locale\" content=\"fr_FR\" \/>\n<meta property=\"og:type\" content=\"article\" \/>\n<meta property=\"og:title\" content=\"Tout savoir sur les \u00e9clipses de Soleil et les \u00e9clipses de Lune !\" \/>\n<meta property=\"og:description\" content=\"Pourquoi peut-on observer des \u00e9clipses et quels sont les diff\u00e9rents types d&#039;\u00e9clipses ? D\u00e9couvrez-le avec l&#039;\u00e9quipe scientifique de Vulcania !\" \/>\n<meta property=\"og:url\" content=\"https:\/\/www.vulcania.com\/science\/espace\/lhomme-et-lespace-tous-enfants-des-etoiles\/\" \/>\n<meta property=\"og:site_name\" content=\"Vulcania Sciences\" \/>\n<meta property=\"article:publisher\" content=\"https:\/\/www.facebook.com\/ParcVulcania\" \/>\n<meta property=\"article:modified_time\" content=\"2025-10-22T12:59:06+00:00\" \/>\n<meta property=\"og:image\" content=\"https:\/\/www.vulcania.com\/science\/wp-content\/uploads\/2023\/02\/eclipses_1200x630.jpg\" \/>\n\t<meta property=\"og:image:width\" content=\"1200\" \/>\n\t<meta property=\"og:image:height\" content=\"630\" \/>\n\t<meta property=\"og:image:type\" content=\"image\/jpeg\" \/>\n<meta name=\"twitter:card\" content=\"summary_large_image\" \/>\n<meta name=\"twitter:title\" content=\"Tout savoir sur les \u00e9clipses de Soleil et les \u00e9clipses de Lune !\" \/>\n<meta name=\"twitter:description\" content=\"Pourquoi peut-on observer des \u00e9clipses et quels sont les diff\u00e9rents types d&#039;\u00e9clipses ? D\u00e9couvrez-le avec l&#039;\u00e9quipe scientifique de Vulcania !\" \/>\n<meta name=\"twitter:image\" content=\"https:\/\/www.vulcania.com\/science\/wp-content\/uploads\/2023\/02\/eclipses_1200x630.jpg\" \/>\n<meta name=\"twitter:site\" content=\"@parc_vulcania\" \/>\n<meta name=\"twitter:label1\" content=\"Dur\u00e9e de lecture estim\u00e9e\" \/>\n\t<meta name=\"twitter:data1\" content=\"5 minutes\" \/>\n<script type=\"application\/ld+json\" class=\"yoast-schema-graph\">{\"@context\":\"https:\/\/schema.org\",\"@graph\":[{\"@type\":\"WebPage\",\"@id\":\"https:\/\/www.vulcania.com\/science\/espace\/lhomme-et-lespace-tous-enfants-des-etoiles\/\",\"url\":\"https:\/\/www.vulcania.com\/science\/espace\/lhomme-et-lespace-tous-enfants-des-etoiles\/\",\"name\":\"L'homme et l'Espace : tous, enfants des \u00e9toiles\",\"isPartOf\":{\"@id\":\"https:\/\/www.vulcania.com\/science\/#website\"},\"datePublished\":\"2024-01-31T08:26:53+00:00\",\"dateModified\":\"2025-10-22T12:59:06+00:00\",\"description\":\"De l'origine \u00e0 la conqu\u00eate spatiale, explorez le lien fascinant entre l'Homme et l'Espace.\",\"breadcrumb\":{\"@id\":\"https:\/\/www.vulcania.com\/science\/espace\/lhomme-et-lespace-tous-enfants-des-etoiles\/#breadcrumb\"},\"inLanguage\":\"fr-FR\",\"potentialAction\":[{\"@type\":\"ReadAction\",\"target\":[\"https:\/\/www.vulcania.com\/science\/espace\/lhomme-et-lespace-tous-enfants-des-etoiles\/\"]}]},{\"@type\":\"BreadcrumbList\",\"@id\":\"https:\/\/www.vulcania.com\/science\/espace\/lhomme-et-lespace-tous-enfants-des-etoiles\/#breadcrumb\",\"itemListElement\":[{\"@type\":\"ListItem\",\"position\":1,\"name\":\"Accueil\",\"item\":\"https:\/\/www.vulcania.com\/science\/\"},{\"@type\":\"ListItem\",\"position\":2,\"name\":\"Espace\",\"item\":\"https:\/\/www.vulcania.com\/science\/espace\/\"},{\"@type\":\"ListItem\",\"position\":3,\"name\":\"L&rsquo;homme et l&rsquo;Espace : tous, enfants des \u00e9toiles\"}]},{\"@type\":\"WebSite\",\"@id\":\"https:\/\/www.vulcania.com\/science\/#website\",\"url\":\"https:\/\/www.vulcania.com\/science\/\",\"name\":\"Vulcania Sciences\",\"description\":\"\",\"publisher\":{\"@id\":\"https:\/\/www.vulcania.com\/science\/#organization\"},\"potentialAction\":[{\"@type\":\"SearchAction\",\"target\":{\"@type\":\"EntryPoint\",\"urlTemplate\":\"https:\/\/www.vulcania.com\/science\/?s={search_term_string}\"},\"query-input\":\"required name=search_term_string\"}],\"inLanguage\":\"fr-FR\"},{\"@type\":\"Organization\",\"@id\":\"https:\/\/www.vulcania.com\/science\/#organization\",\"name\":\"Vulcania Sciences\",\"url\":\"https:\/\/www.vulcania.com\/science\/\",\"logo\":{\"@type\":\"ImageObject\",\"inLanguage\":\"fr-FR\",\"@id\":\"https:\/\/www.vulcania.com\/science\/#\/schema\/logo\/image\/\",\"url\":\"https:\/\/www.vulcania.com\/science\/wp-content\/uploads\/2017\/06\/logo.png\",\"contentUrl\":\"https:\/\/www.vulcania.com\/science\/wp-content\/uploads\/2017\/06\/logo.png\",\"width\":314,\"height\":142,\"caption\":\"Vulcania Sciences\"},\"image\":{\"@id\":\"https:\/\/www.vulcania.com\/science\/#\/schema\/logo\/image\/\"},\"sameAs\":[\"https:\/\/www.facebook.com\/ParcVulcania\",\"https:\/\/twitter.com\/parc_vulcania\",\"https:\/\/www.youtube.com\/user\/ParcVulcania\"]}]}<\/script>\n<!-- \/ Yoast SEO plugin. -->","yoast_head_json":{"title":"L'homme et l'Espace : tous, enfants des \u00e9toiles","description":"De l'origine \u00e0 la conqu\u00eate spatiale, explorez le lien fascinant entre l'Homme et l'Espace.","robots":{"index":"index","follow":"follow","max-snippet":"max-snippet:-1","max-image-preview":"max-image-preview:large","max-video-preview":"max-video-preview:-1"},"canonical":"https:\/\/www.vulcania.com\/science\/espace\/lhomme-et-lespace-tous-enfants-des-etoiles\/","og_locale":"fr_FR","og_type":"article","og_title":"Tout savoir sur les \u00e9clipses de Soleil et les \u00e9clipses de Lune !","og_description":"Pourquoi peut-on observer des \u00e9clipses et quels sont les diff\u00e9rents types d'\u00e9clipses ? D\u00e9couvrez-le avec l'\u00e9quipe scientifique de Vulcania !","og_url":"https:\/\/www.vulcania.com\/science\/espace\/lhomme-et-lespace-tous-enfants-des-etoiles\/","og_site_name":"Vulcania Sciences","article_publisher":"https:\/\/www.facebook.com\/ParcVulcania","article_modified_time":"2025-10-22T12:59:06+00:00","og_image":[{"width":1200,"height":630,"url":"https:\/\/www.vulcania.com\/science\/wp-content\/uploads\/2023\/02\/eclipses_1200x630.jpg","type":"image\/jpeg"}],"twitter_card":"summary_large_image","twitter_title":"Tout savoir sur les \u00e9clipses de Soleil et les \u00e9clipses de Lune !","twitter_description":"Pourquoi peut-on observer des \u00e9clipses et quels sont les diff\u00e9rents types d'\u00e9clipses ? D\u00e9couvrez-le avec l'\u00e9quipe scientifique de Vulcania !","twitter_image":"https:\/\/www.vulcania.com\/science\/wp-content\/uploads\/2023\/02\/eclipses_1200x630.jpg","twitter_site":"@parc_vulcania","twitter_misc":{"Dur\u00e9e de lecture estim\u00e9e":"5 minutes"},"schema":{"@context":"https:\/\/schema.org","@graph":[{"@type":"WebPage","@id":"https:\/\/www.vulcania.com\/science\/espace\/lhomme-et-lespace-tous-enfants-des-etoiles\/","url":"https:\/\/www.vulcania.com\/science\/espace\/lhomme-et-lespace-tous-enfants-des-etoiles\/","name":"L'homme et l'Espace : tous, enfants des \u00e9toiles","isPartOf":{"@id":"https:\/\/www.vulcania.com\/science\/#website"},"datePublished":"2024-01-31T08:26:53+00:00","dateModified":"2025-10-22T12:59:06+00:00","description":"De l'origine \u00e0 la conqu\u00eate spatiale, explorez le lien fascinant entre l'Homme et l'Espace.","breadcrumb":{"@id":"https:\/\/www.vulcania.com\/science\/espace\/lhomme-et-lespace-tous-enfants-des-etoiles\/#breadcrumb"},"inLanguage":"fr-FR","potentialAction":[{"@type":"ReadAction","target":["https:\/\/www.vulcania.com\/science\/espace\/lhomme-et-lespace-tous-enfants-des-etoiles\/"]}]},{"@type":"BreadcrumbList","@id":"https:\/\/www.vulcania.com\/science\/espace\/lhomme-et-lespace-tous-enfants-des-etoiles\/#breadcrumb","itemListElement":[{"@type":"ListItem","position":1,"name":"Accueil","item":"https:\/\/www.vulcania.com\/science\/"},{"@type":"ListItem","position":2,"name":"Espace","item":"https:\/\/www.vulcania.com\/science\/espace\/"},{"@type":"ListItem","position":3,"name":"L&rsquo;homme et l&rsquo;Espace : tous, enfants des \u00e9toiles"}]},{"@type":"WebSite","@id":"https:\/\/www.vulcania.com\/science\/#website","url":"https:\/\/www.vulcania.com\/science\/","name":"Vulcania Sciences","description":"","publisher":{"@id":"https:\/\/www.vulcania.com\/science\/#organization"},"potentialAction":[{"@type":"SearchAction","target":{"@type":"EntryPoint","urlTemplate":"https:\/\/www.vulcania.com\/science\/?s={search_term_string}"},"query-input":"required name=search_term_string"}],"inLanguage":"fr-FR"},{"@type":"Organization","@id":"https:\/\/www.vulcania.com\/science\/#organization","name":"Vulcania Sciences","url":"https:\/\/www.vulcania.com\/science\/","logo":{"@type":"ImageObject","inLanguage":"fr-FR","@id":"https:\/\/www.vulcania.com\/science\/#\/schema\/logo\/image\/","url":"https:\/\/www.vulcania.com\/science\/wp-content\/uploads\/2017\/06\/logo.png","contentUrl":"https:\/\/www.vulcania.com\/science\/wp-content\/uploads\/2017\/06\/logo.png","width":314,"height":142,"caption":"Vulcania Sciences"},"image":{"@id":"https:\/\/www.vulcania.com\/science\/#\/schema\/logo\/image\/"},"sameAs":["https:\/\/www.facebook.com\/ParcVulcania","https:\/\/twitter.com\/parc_vulcania","https:\/\/www.youtube.com\/user\/ParcVulcania"]}]}},"_links":{"self":[{"href":"https:\/\/www.vulcania.com\/science\/wp-json\/wp\/v2\/pages\/1594"}],"collection":[{"href":"https:\/\/www.vulcania.com\/science\/wp-json\/wp\/v2\/pages"}],"about":[{"href":"https:\/\/www.vulcania.com\/science\/wp-json\/wp\/v2\/types\/page"}],"author":[{"embeddable":true,"href":"https:\/\/www.vulcania.com\/science\/wp-json\/wp\/v2\/users\/4"}],"replies":[{"embeddable":true,"href":"https:\/\/www.vulcania.com\/science\/wp-json\/wp\/v2\/comments?post=1594"}],"version-history":[{"count":3,"href":"https:\/\/www.vulcania.com\/science\/wp-json\/wp\/v2\/pages\/1594\/revisions"}],"predecessor-version":[{"id":1606,"href":"https:\/\/www.vulcania.com\/science\/wp-json\/wp\/v2\/pages\/1594\/revisions\/1606"}],"up":[{"embeddable":true,"href":"https:\/\/www.vulcania.com\/science\/wp-json\/wp\/v2\/pages\/1179"}],"wp:featuredmedia":[{"embeddable":true,"href":"https:\/\/www.vulcania.com\/science\/wp-json\/wp\/v2\/media\/1605"}],"wp:attachment":[{"href":"https:\/\/www.vulcania.com\/science\/wp-json\/wp\/v2\/media?parent=1594"}],"wp:term":[{"taxonomy":"tags","embeddable":true,"href":"https:\/\/www.vulcania.com\/science\/wp-json\/wp\/v2\/tags?post=1594"}],"curies":[{"name":"wp","href":"https:\/\/api.w.org\/{rel}","templated":true}]}}