{"id":2,"date":"2015-09-10T09:41:39","date_gmt":"2015-09-10T07:41:39","guid":{"rendered":"http:\/\/localhost\/wordpress\/?page_id=2"},"modified":"2025-10-22T11:45:56","modified_gmt":"2025-10-22T09:45:56","slug":"accueil-2","status":"publish","type":"page","link":"https:\/\/www.vulcania.com\/science\/","title":{"rendered":"Accueil"},"content":{"rendered":"<div class=\"wpb-content-wrapper\"><p>[vc_row full_width=\u00a0\u00bbstretch_row_content_no_spaces\u00a0\u00bb bg_type=\u00a0\u00bbbg_color\u00a0\u00bb ult_hide_row=\u00a0\u00bbult_hide_row_value\u00a0\u00bb ult_hide_row_tablet=\u00a0\u00bbtablet\u00a0\u00bb ult_hide_row_tablet_small=\u00a0\u00bbxs_tablet\u00a0\u00bb ult_hide_row_mobile=\u00a0\u00bbmobile\u00a0\u00bb ult_hide_row_mobile_large=\u00a0\u00bbxl_mobile\u00a0\u00bb el_class=\u00a0\u00bbbloc-titre\u00a0\u00bb bg_color_value=\u00a0\u00bb#ffffff\u00a0\u00bb el_id=\u00a0\u00bbrangee-desktop\u00a0\u00bb][vc_column][vc_basic_grid post_type=\u00a0\u00bbpost\u00a0\u00bb max_items=\u00a0\u00bb3&Prime; style=\u00a0\u00bbpagination\u00a0\u00bb items_per_page=\u00a0\u00bb1&Prime; element_width=\u00a0\u00bb12&Prime; gap=\u00a0\u00bb0&Prime; arrows_design=\u00a0\u00bbvc_arrow-icon-arrow_01_left\u00a0\u00bb arrows_color=\u00a0\u00bbblack\u00a0\u00bb paging_design=\u00a0\u00bbnone\u00a0\u00bb loop=\u00a0\u00bbyes\u00a0\u00bb autoplay=\u00a0\u00bb6&Prime; item=\u00a0\u00bb601&Prime; grid_id=\u00a0\u00bbvc_gid:1761126109497-408e8e7b-713c-5&Prime; el_class=\u00a0\u00bbdiaporama-posts\u00a0\u00bb taxonomies=\u00a0\u00bb10&Prime;][\/vc_column][\/vc_row][vc_row full_width=\u00a0\u00bbstretch_row_content_no_spaces\u00a0\u00bb bg_type=\u00a0\u00bbbg_color\u00a0\u00bb ult_hide_row=\u00a0\u00bbult_hide_row_value\u00a0\u00bb ult_hide_row_large_screen=\u00a0\u00bblarge_screen\u00a0\u00bb ult_hide_row_desktop=\u00a0\u00bbdesktop\u00a0\u00bb el_class=\u00a0\u00bbbloc-titre\u00a0\u00bb bg_color_value=\u00a0\u00bb#ffffff\u00a0\u00bb el_id=\u00a0\u00bbrangee-mobile\u00a0\u00bb][vc_column][vc_basic_grid post_type=\u00a0\u00bbpost\u00a0\u00bb max_items=\u00a0\u00bb3&Prime; style=\u00a0\u00bbpagination\u00a0\u00bb items_per_page=\u00a0\u00bb1&Prime; element_width=\u00a0\u00bb12&Prime; gap=\u00a0\u00bb0&Prime; arrows_design=\u00a0\u00bbvc_arrow-icon-arrow_01_left\u00a0\u00bb arrows_color=\u00a0\u00bbblack\u00a0\u00bb paging_design=\u00a0\u00bbnone\u00a0\u00bb loop=\u00a0\u00bbyes\u00a0\u00bb autoplay=\u00a0\u00bb6&Prime; item=\u00a0\u00bb1031&Prime; grid_id=\u00a0\u00bbvc_gid:1761126109498-6bce9730-7622-8&Prime; el_class=\u00a0\u00bbdiaporama-posts\u00a0\u00bb taxonomies=\u00a0\u00bb10&Prime;][\/vc_column][\/vc_row][vc_row][vc_column][vc_column_text]<\/p>\n<h1 style=\"text-align: center;\">BIENVENUE SUR LE SITE SCIENTIFIQUE DU <strong>PARC VULCANIA<\/strong><\/h1>\n<p>[\/vc_column_text][vc_empty_space height=\u00a0\u00bb30&Prime;][vc_column_text]<\/p>\n<h2 style=\"text-align: center;\"><strong>D\u00e9couvrez<\/strong> nos dossiers pour tout comprendre<br \/>\nsur les volcans, les ph\u00e9nom\u00e8nes naturels et l&rsquo;espace<\/h2>\n<p>[\/vc_column_text][vc_basic_grid post_type=\u00a0\u00bbpost\u00a0\u00bb max_items=\u00a0\u00bb8&Prime; item=\u00a0\u00bb573&Prime; grid_id=\u00a0\u00bbvc_gid:1761126109498-86529b82-9daa-6&Prime; taxonomies=\u00a0\u00bb31, 30, 28, 29, 33&Prime;][\/vc_column][\/vc_row][vc_row el_class=\u00a0\u00bbbloc-titre\u00a0\u00bb][vc_column][vc_separator color=\u00a0\u00bbcustom\u00a0\u00bb style=\u00a0\u00bbdashed\u00a0\u00bb accent_color=\u00a0\u00bb#888888&Prime;][\/vc_column][\/vc_row][vc_row][vc_column][vc_column_text]<\/p>\n<h2 style=\"text-align: center;\"><strong>Retrouvez<\/strong> nos chroniques en partenariat avec La Montagne<\/h2>\n<p>[\/vc_column_text][vc_basic_grid post_type=\u00a0\u00bbpage\u00a0\u00bb max_items=\u00a0\u00bb8&Prime; element_width=\u00a0\u00bb3&Prime; item=\u00a0\u00bb573&Prime; grid_id=\u00a0\u00bbvc_gid:1761126109499-7f39fd46-433e-7&Prime; taxonomies=\u00a0\u00bb26&Prime;][\/vc_column][\/vc_row][vc_row full_width=\u00a0\u00bbstretch_row\u00a0\u00bb el_class=\u00a0\u00bbdegrade\u00a0\u00bb][vc_column][vc_empty_space height=\u00a0\u00bb60&Prime;][vc_column_text]<\/p>\n<h3 style=\"text-align: center;\"><span style=\"color: #ffffff;\">Les <strong>3 univers th\u00e9matiques<\/strong> de Vulcania<\/span><\/h3>\n<p>[\/vc_column_text][vc_basic_grid post_type=\u00a0\u00bbpage\u00a0\u00bb max_items=\u00a0\u00bb3&Prime; orderby=\u00a0\u00bbID\u00a0\u00bb order=\u00a0\u00bbASC\u00a0\u00bb item=\u00a0\u00bb689&Prime; grid_id=\u00a0\u00bbvc_gid:1761126109500-83e0553a-d855-7&Prime; taxonomies=\u00a0\u00bb11&Prime;][vc_empty_space height=\u00a0\u00bb30&Prime;][\/vc_column][\/vc_row][vc_row][vc_column][vc_empty_space height=\u00a0\u00bb30&Prime;][\/vc_column][\/vc_row][vc_row content_placement=\u00a0\u00bbmiddle\u00a0\u00bb el_class=\u00a0\u00bbbloc-texture-large\u00a0\u00bb][vc_column width=\u00a0\u00bb1\/12&Prime;][\/vc_column][vc_column width=\u00a0\u00bb5\/12&Prime;][vc_column_text css=\u00a0\u00bb.vc_custom_1666099628574{margin-bottom: 15px !important;}\u00a0\u00bb]<\/p>\n<h2 style=\"text-align: center;\">D\u00e9couvrez<br \/>\nles <strong>animations du parc<\/strong><\/h2>\n<p>[\/vc_column_text][vc_separator color=\u00a0\u00bbcustom\u00a0\u00bb border_width=\u00a0\u00bb2&Prime; el_width=\u00a0\u00bb10&Prime; accent_color=\u00a0\u00bb#c3161c\u00a0\u00bb][vc_btn title=\u00a0\u00bbParcours \u00ab\u00a0Volcans\u00ab\u00a0\u00a0\u00bb style=\u00a0\u00bbflat\u00a0\u00bb shape=\u00a0\u00bbsquare\u00a0\u00bb align=\u00a0\u00bbleft\u00a0\u00bb button_block=\u00a0\u00bbtrue\u00a0\u00bb link=\u00a0\u00bburl:https%3A%2F%2Fwww.vulcania.com%2Fanimations-volcans%2F|title:Tectonique%20des%20plaques\u00a0\u00bb el_class=\u00a0\u00bbbouton coul-1 fleche\u00a0\u00bb][vc_btn title=\u00a0\u00bbParcours \u00ab\u00a0Ph\u00e9nom\u00e8nes naturels\u00ab\u00a0\u00a0\u00bb style=\u00a0\u00bbflat\u00a0\u00bb shape=\u00a0\u00bbsquare\u00a0\u00bb align=\u00a0\u00bbleft\u00a0\u00bb button_block=\u00a0\u00bbtrue\u00a0\u00bb link=\u00a0\u00bburl:https%3A%2F%2Fwww.vulcania.com%2Fanimations-phenomenes-naturels%2F|title:Tectonique%20des%20plaques\u00a0\u00bb el_class=\u00a0\u00bbbouton coul-1 fleche\u00a0\u00bb][vc_btn title=\u00a0\u00bbParcours \u00ab\u00a0Terre dans l&rsquo;Espace\u00ab\u00a0\u00a0\u00bb style=\u00a0\u00bbflat\u00a0\u00bb shape=\u00a0\u00bbsquare\u00a0\u00bb align=\u00a0\u00bbleft\u00a0\u00bb button_block=\u00a0\u00bbtrue\u00a0\u00bb link=\u00a0\u00bburl:https%3A%2F%2Fwww.vulcania.com%2Fanimations-terre-dans-espace%2F|title:Tectonique%20des%20plaques\u00a0\u00bb el_class=\u00a0\u00bbbouton coul-1 fleche\u00a0\u00bb][\/vc_column][vc_column width=\u00a0\u00bb5\/12&Prime;][vc_column_text css=\u00a0\u00bb.vc_custom_1666099602790{margin-bottom: 15px !important;}\u00a0\u00bb]<\/p>\n<h2 style=\"text-align: center;\">Informations pratiques<br \/>\net <strong>r\u00e9servation<\/strong><\/h2>\n<p>[\/vc_column_text][vc_separator color=\u00a0\u00bbcustom\u00a0\u00bb border_width=\u00a0\u00bb2&Prime; el_width=\u00a0\u00bb10&Prime; accent_color=\u00a0\u00bb#c3161c\u00a0\u00bb][vc_btn title=\u00a0\u00bbCalendrier d&rsquo;ouverture\u00a0\u00bb style=\u00a0\u00bbflat\u00a0\u00bb shape=\u00a0\u00bbsquare\u00a0\u00bb align=\u00a0\u00bbleft\u00a0\u00bb button_block=\u00a0\u00bbtrue\u00a0\u00bb link=\u00a0\u00bburl:https%3A%2F%2Fwww.vulcania.com%2Fcalendrier%2F|title:Tectonique%20des%20plaques\u00a0\u00bb el_class=\u00a0\u00bbbouton coul-1 fleche\u00a0\u00bb][vc_btn title=\u00a0\u00bbS\u00e9jours parc + h\u00e9bergement\u00a0\u00bb style=\u00a0\u00bbflat\u00a0\u00bb shape=\u00a0\u00bbsquare\u00a0\u00bb align=\u00a0\u00bbleft\u00a0\u00bb button_block=\u00a0\u00bbtrue\u00a0\u00bb link=\u00a0\u00bburl:https%3A%2F%2Fsejours.vulcania.com%2F|title:Tectonique%20des%20plaques\u00a0\u00bb el_class=\u00a0\u00bbbouton coul-1 fleche\u00a0\u00bb][vc_btn title=\u00a0\u00bbBilletterie en ligne\u00a0\u00bb style=\u00a0\u00bbflat\u00a0\u00bb shape=\u00a0\u00bbsquare\u00a0\u00bb align=\u00a0\u00bbleft\u00a0\u00bb button_block=\u00a0\u00bbtrue\u00a0\u00bb link=\u00a0\u00bburl:https%3A%2F%2Fbilletterie.vulcania.com%2Ffr-FR%2Fchoisir-une-famille|title:Tectonique%20des%20plaques\u00a0\u00bb el_class=\u00a0\u00bbbouton coul-1 fleche\u00a0\u00bb][\/vc_column][vc_column width=\u00a0\u00bb1\/12&Prime;][\/vc_column][\/vc_row]<\/p>\n<\/div>","protected":false},"excerpt":{"rendered":"<p>[vc_row full_width=\u00a0\u00bbstretch_row_content_no_spaces\u00a0\u00bb bg_type=\u00a0\u00bbbg_color\u00a0\u00bb ult_hide_row=\u00a0\u00bbult_hide_row_value\u00a0\u00bb ult_hide_row_tablet=\u00a0\u00bbtablet\u00a0\u00bb ult_hide_row_tablet_small=\u00a0\u00bbxs_tablet\u00a0\u00bb ult_hide_row_mobile=\u00a0\u00bbmobile\u00a0\u00bb ult_hide_row_mobile_large=\u00a0\u00bbxl_mobile\u00a0\u00bb el_class=\u00a0\u00bbbloc-titre\u00a0\u00bb bg_color_value=\u00a0\u00bb#ffffff\u00a0\u00bb el_id=\u00a0\u00bbrangee-desktop\u00a0\u00bb][vc_column][vc_basic_grid post_type=\u00a0\u00bbpost\u00a0\u00bb max_items=\u00a0\u00bb3&Prime; style=\u00a0\u00bbpagination\u00a0\u00bb items_per_page=\u00a0\u00bb1&Prime; element_width=\u00a0\u00bb12&Prime; gap=\u00a0\u00bb0&Prime; arrows_design=\u00a0\u00bbvc_arrow-icon-arrow_01_left\u00a0\u00bb arrows_color=\u00a0\u00bbblack\u00a0\u00bb paging_design=\u00a0\u00bbnone\u00a0\u00bb loop=\u00a0\u00bbyes\u00a0\u00bb autoplay=\u00a0\u00bb6&Prime; item=\u00a0\u00bb601&Prime; grid_id=\u00a0\u00bbvc_gid:1761126109497-408e8e7b-713c-5&Prime; el_class=\u00a0\u00bbdiaporama-posts\u00a0\u00bb taxonomies=\u00a0\u00bb10&Prime;][\/vc_column][\/vc_row][vc_row full_width=\u00a0\u00bbstretch_row_content_no_spaces\u00a0\u00bb bg_type=\u00a0\u00bbbg_color\u00a0\u00bb ult_hide_row=\u00a0\u00bbult_hide_row_value\u00a0\u00bb ult_hide_row_large_screen=\u00a0\u00bblarge_screen\u00a0\u00bb ult_hide_row_desktop=\u00a0\u00bbdesktop\u00a0\u00bb el_class=\u00a0\u00bbbloc-titre\u00a0\u00bb bg_color_value=\u00a0\u00bb#ffffff\u00a0\u00bb el_id=\u00a0\u00bbrangee-mobile\u00a0\u00bb][vc_column][vc_basic_grid post_type=\u00a0\u00bbpost\u00a0\u00bb max_items=\u00a0\u00bb3&Prime; style=\u00a0\u00bbpagination\u00a0\u00bb items_per_page=\u00a0\u00bb1&Prime; element_width=\u00a0\u00bb12&Prime; gap=\u00a0\u00bb0&Prime; arrows_design=\u00a0\u00bbvc_arrow-icon-arrow_01_left\u00a0\u00bb arrows_color=\u00a0\u00bbblack\u00a0\u00bb paging_design=\u00a0\u00bbnone\u00a0\u00bb loop=\u00a0\u00bbyes\u00a0\u00bb autoplay=\u00a0\u00bb6&Prime; item=\u00a0\u00bb1031&Prime; grid_id=\u00a0\u00bbvc_gid:1761126109498-6bce9730-7622-8&Prime; el_class=\u00a0\u00bbdiaporama-posts\u00a0\u00bb taxonomies=\u00a0\u00bb10&Prime;][\/vc_column][\/vc_row][vc_row][vc_column][vc_column_text] BIENVENUE SUR LE SITE SCIENTIFIQUE DU [&hellip;]<\/p>\n","protected":false},"author":1,"featured_media":0,"parent":0,"menu_order":0,"comment_status":"closed","ping_status":"closed","template":"","meta":{"footnotes":""},"tags":[],"acf":[],"yoast_head":"<!-- This site is optimized with the Yoast SEO plugin v21.9.1 - https:\/\/yoast.com\/wordpress\/plugins\/seo\/ -->\n<title>Vulcania Sciences des plan\u00e8tes et volcans<\/title>\n<meta name=\"description\" content=\"D\u00e9couvrez la science des plan\u00e8tes, volcans et ph\u00e9nom\u00e8nes naturels gr\u00e2ce \u00e0 Vulcania : parc d&#039;attractions et d&#039;animations autour de la d\u00e9couverte des volcans et de la plan\u00e8te Terre.\" \/>\n<meta name=\"robots\" content=\"index, follow, max-snippet:-1, max-image-preview:large, max-video-preview:-1\" \/>\n<link rel=\"canonical\" href=\"https:\/\/www.vulcania.com\/science\/\" \/>\n<meta property=\"og:locale\" content=\"fr_FR\" \/>\n<meta property=\"og:type\" content=\"article\" \/>\n<meta property=\"og:title\" content=\"Vulcania Sciences des plan\u00e8tes et volcans\" \/>\n<meta property=\"og:description\" content=\"D\u00e9couvrez la science des plan\u00e8tes, volcans et ph\u00e9nom\u00e8nes naturels gr\u00e2ce \u00e0 Vulcania : parc d&#039;attractions et d&#039;animations autour de la d\u00e9couverte des volcans et de la plan\u00e8te Terre.\" \/>\n<meta property=\"og:url\" content=\"https:\/\/www.vulcania.com\/science\/\" \/>\n<meta property=\"og:site_name\" content=\"Vulcania Sciences\" \/>\n<meta property=\"article:publisher\" content=\"https:\/\/www.facebook.com\/ParcVulcania\" \/>\n<meta property=\"article:modified_time\" content=\"2025-10-22T09:45:56+00:00\" \/>\n<meta property=\"og:image\" content=\"https:\/\/www.vulcania.com\/science\/wp-content\/uploads\/2023\/02\/opengraph_reperes_1200x630_v2.jpg\" \/>\n\t<meta property=\"og:image:width\" content=\"1200\" \/>\n\t<meta property=\"og:image:height\" content=\"630\" \/>\n\t<meta property=\"og:image:type\" content=\"image\/jpeg\" \/>\n<meta name=\"twitter:card\" content=\"summary_large_image\" \/>\n<meta name=\"twitter:title\" content=\"Vulcania Sciences des plan\u00e8tes et volcans\" \/>\n<meta name=\"twitter:description\" content=\"D\u00e9couvrez la science des plan\u00e8tes, volcans et ph\u00e9nom\u00e8nes naturels gr\u00e2ce \u00e0 Vulcania : parc d&#039;attractions et d&#039;animations autour de la d\u00e9couverte des volcans et de la plan\u00e8te Terre.\" \/>\n<meta name=\"twitter:image\" content=\"https:\/\/www.vulcania.com\/science\/wp-content\/uploads\/2023\/02\/opengraph_reperes_1200x630_v2.jpg\" \/>\n<meta name=\"twitter:site\" content=\"@parc_vulcania\" \/>\n<meta name=\"twitter:label1\" content=\"Dur\u00e9e de lecture estim\u00e9e\" \/>\n\t<meta name=\"twitter:data1\" content=\"2 minutes\" \/>\n<script type=\"application\/ld+json\" class=\"yoast-schema-graph\">{\"@context\":\"https:\/\/schema.org\",\"@graph\":[{\"@type\":\"WebPage\",\"@id\":\"https:\/\/www.vulcania.com\/science\/\",\"url\":\"https:\/\/www.vulcania.com\/science\/\",\"name\":\"Vulcania Sciences des plan\u00e8tes et volcans\",\"isPartOf\":{\"@id\":\"https:\/\/www.vulcania.com\/science\/#website\"},\"datePublished\":\"2015-09-10T07:41:39+00:00\",\"dateModified\":\"2025-10-22T09:45:56+00:00\",\"description\":\"D\u00e9couvrez la science des plan\u00e8tes, volcans et ph\u00e9nom\u00e8nes naturels gr\u00e2ce \u00e0 Vulcania : parc d'attractions et d'animations autour de la d\u00e9couverte des volcans et de la plan\u00e8te Terre.\",\"breadcrumb\":{\"@id\":\"https:\/\/www.vulcania.com\/science\/#breadcrumb\"},\"inLanguage\":\"fr-FR\",\"potentialAction\":[{\"@type\":\"ReadAction\",\"target\":[\"https:\/\/www.vulcania.com\/science\/\"]}]},{\"@type\":\"BreadcrumbList\",\"@id\":\"https:\/\/www.vulcania.com\/science\/#breadcrumb\",\"itemListElement\":[{\"@type\":\"ListItem\",\"position\":1,\"name\":\"Accueil\",\"item\":\"https:\/\/www.vulcania.com\/science\/\"},{\"@type\":\"ListItem\",\"position\":2,\"name\":\"Accueil\"}]},{\"@type\":\"WebSite\",\"@id\":\"https:\/\/www.vulcania.com\/science\/#website\",\"url\":\"https:\/\/www.vulcania.com\/science\/\",\"name\":\"Vulcania Sciences\",\"description\":\"\",\"publisher\":{\"@id\":\"https:\/\/www.vulcania.com\/science\/#organization\"},\"potentialAction\":[{\"@type\":\"SearchAction\",\"target\":{\"@type\":\"EntryPoint\",\"urlTemplate\":\"https:\/\/www.vulcania.com\/science\/?s={search_term_string}\"},\"query-input\":\"required name=search_term_string\"}],\"inLanguage\":\"fr-FR\"},{\"@type\":\"Organization\",\"@id\":\"https:\/\/www.vulcania.com\/science\/#organization\",\"name\":\"Vulcania Sciences\",\"url\":\"https:\/\/www.vulcania.com\/science\/\",\"logo\":{\"@type\":\"ImageObject\",\"inLanguage\":\"fr-FR\",\"@id\":\"https:\/\/www.vulcania.com\/science\/#\/schema\/logo\/image\/\",\"url\":\"https:\/\/www.vulcania.com\/science\/wp-content\/uploads\/2017\/06\/logo.png\",\"contentUrl\":\"https:\/\/www.vulcania.com\/science\/wp-content\/uploads\/2017\/06\/logo.png\",\"width\":314,\"height\":142,\"caption\":\"Vulcania Sciences\"},\"image\":{\"@id\":\"https:\/\/www.vulcania.com\/science\/#\/schema\/logo\/image\/\"},\"sameAs\":[\"https:\/\/www.facebook.com\/ParcVulcania\",\"https:\/\/twitter.com\/parc_vulcania\",\"https:\/\/www.youtube.com\/user\/ParcVulcania\"]}]}<\/script>\n<!-- \/ Yoast SEO plugin. -->","yoast_head_json":{"title":"Vulcania Sciences des plan\u00e8tes et volcans","description":"D\u00e9couvrez la science des plan\u00e8tes, volcans et ph\u00e9nom\u00e8nes naturels gr\u00e2ce \u00e0 Vulcania : parc d'attractions et d'animations autour de la d\u00e9couverte des volcans et de la plan\u00e8te Terre.","robots":{"index":"index","follow":"follow","max-snippet":"max-snippet:-1","max-image-preview":"max-image-preview:large","max-video-preview":"max-video-preview:-1"},"canonical":"https:\/\/www.vulcania.com\/science\/","og_locale":"fr_FR","og_type":"article","og_title":"Vulcania Sciences des plan\u00e8tes et volcans","og_description":"D\u00e9couvrez la science des plan\u00e8tes, volcans et ph\u00e9nom\u00e8nes naturels gr\u00e2ce \u00e0 Vulcania : parc d'attractions et d'animations autour de la d\u00e9couverte des volcans et de la plan\u00e8te Terre.","og_url":"https:\/\/www.vulcania.com\/science\/","og_site_name":"Vulcania Sciences","article_publisher":"https:\/\/www.facebook.com\/ParcVulcania","article_modified_time":"2025-10-22T09:45:56+00:00","og_image":[{"width":1200,"height":630,"url":"https:\/\/www.vulcania.com\/science\/wp-content\/uploads\/2023\/02\/opengraph_reperes_1200x630_v2.jpg","type":"image\/jpeg"}],"twitter_card":"summary_large_image","twitter_title":"Vulcania Sciences des plan\u00e8tes et volcans","twitter_description":"D\u00e9couvrez la science des plan\u00e8tes, volcans et ph\u00e9nom\u00e8nes naturels gr\u00e2ce \u00e0 Vulcania : parc d'attractions et d'animations autour de la d\u00e9couverte des volcans et de la plan\u00e8te Terre.","twitter_image":"https:\/\/www.vulcania.com\/science\/wp-content\/uploads\/2023\/02\/opengraph_reperes_1200x630_v2.jpg","twitter_site":"@parc_vulcania","twitter_misc":{"Dur\u00e9e de lecture estim\u00e9e":"2 minutes"},"schema":{"@context":"https:\/\/schema.org","@graph":[{"@type":"WebPage","@id":"https:\/\/www.vulcania.com\/science\/","url":"https:\/\/www.vulcania.com\/science\/","name":"Vulcania Sciences des plan\u00e8tes et volcans","isPartOf":{"@id":"https:\/\/www.vulcania.com\/science\/#website"},"datePublished":"2015-09-10T07:41:39+00:00","dateModified":"2025-10-22T09:45:56+00:00","description":"D\u00e9couvrez la science des plan\u00e8tes, volcans et ph\u00e9nom\u00e8nes naturels gr\u00e2ce \u00e0 Vulcania : parc d'attractions et d'animations autour de la d\u00e9couverte des volcans et de la plan\u00e8te Terre.","breadcrumb":{"@id":"https:\/\/www.vulcania.com\/science\/#breadcrumb"},"inLanguage":"fr-FR","potentialAction":[{"@type":"ReadAction","target":["https:\/\/www.vulcania.com\/science\/"]}]},{"@type":"BreadcrumbList","@id":"https:\/\/www.vulcania.com\/science\/#breadcrumb","itemListElement":[{"@type":"ListItem","position":1,"name":"Accueil","item":"https:\/\/www.vulcania.com\/science\/"},{"@type":"ListItem","position":2,"name":"Accueil"}]},{"@type":"WebSite","@id":"https:\/\/www.vulcania.com\/science\/#website","url":"https:\/\/www.vulcania.com\/science\/","name":"Vulcania Sciences","description":"","publisher":{"@id":"https:\/\/www.vulcania.com\/science\/#organization"},"potentialAction":[{"@type":"SearchAction","target":{"@type":"EntryPoint","urlTemplate":"https:\/\/www.vulcania.com\/science\/?s={search_term_string}"},"query-input":"required name=search_term_string"}],"inLanguage":"fr-FR"},{"@type":"Organization","@id":"https:\/\/www.vulcania.com\/science\/#organization","name":"Vulcania Sciences","url":"https:\/\/www.vulcania.com\/science\/","logo":{"@type":"ImageObject","inLanguage":"fr-FR","@id":"https:\/\/www.vulcania.com\/science\/#\/schema\/logo\/image\/","url":"https:\/\/www.vulcania.com\/science\/wp-content\/uploads\/2017\/06\/logo.png","contentUrl":"https:\/\/www.vulcania.com\/science\/wp-content\/uploads\/2017\/06\/logo.png","width":314,"height":142,"caption":"Vulcania Sciences"},"image":{"@id":"https:\/\/www.vulcania.com\/science\/#\/schema\/logo\/image\/"},"sameAs":["https:\/\/www.facebook.com\/ParcVulcania","https:\/\/twitter.com\/parc_vulcania","https:\/\/www.youtube.com\/user\/ParcVulcania"]}]}},"_links":{"self":[{"href":"https:\/\/www.vulcania.com\/science\/wp-json\/wp\/v2\/pages\/2"}],"collection":[{"href":"https:\/\/www.vulcania.com\/science\/wp-json\/wp\/v2\/pages"}],"about":[{"href":"https:\/\/www.vulcania.com\/science\/wp-json\/wp\/v2\/types\/page"}],"author":[{"embeddable":true,"href":"https:\/\/www.vulcania.com\/science\/wp-json\/wp\/v2\/users\/1"}],"replies":[{"embeddable":true,"href":"https:\/\/www.vulcania.com\/science\/wp-json\/wp\/v2\/comments?post=2"}],"version-history":[{"count":122,"href":"https:\/\/www.vulcania.com\/science\/wp-json\/wp\/v2\/pages\/2\/revisions"}],"predecessor-version":[{"id":508,"href":"https:\/\/www.vulcania.com\/science\/wp-json\/wp\/v2\/pages\/2\/revisions\/508"}],"wp:attachment":[{"href":"https:\/\/www.vulcania.com\/science\/wp-json\/wp\/v2\/media?parent=2"}],"wp:term":[{"taxonomy":"tags","embeddable":true,"href":"https:\/\/www.vulcania.com\/science\/wp-json\/wp\/v2\/tags?post=2"}],"curies":[{"name":"wp","href":"https:\/\/api.w.org\/{rel}","templated":true}]}}