{"id":225,"date":"2017-06-29T10:32:21","date_gmt":"2017-06-29T08:32:21","guid":{"rendered":"http:\/\/vulcania-sciences.scopika.com\/?page_id=225"},"modified":"2023-03-22T09:50:18","modified_gmt":"2023-03-22T08:50:18","slug":"massif-central","status":"publish","type":"page","link":"https:\/\/www.vulcania.com\/science\/auvergne\/massif-central\/","title":{"rendered":"Massif Central"},"content":{"rendered":"<div class=\"wpb-content-wrapper\"><p>[vc_row el_class=\u00a0\u00bbbloc-titre\u00a0\u00bb][vc_column width=\u00a0\u00bb1\/12&Prime;][\/vc_column][vc_column width=\u00a0\u00bb10\/12&Prime;][vc_column_text]Le\u00a0<strong>Massif Central<\/strong>\u00a0abrite le plus vaste ensemble de volcans r\u00e9cents d\u2019Europe continentale, contemporains de la formation des Alpes.<\/p>\n<p>Ce volcanisme est aujourd\u2019hui interpr\u00e9t\u00e9 comme une cons\u00e9quence des grands mouvements <a href=\"\/science\/terre\/tectonique-des-plaques\/\" target=\"_blank\" rel=\"noopener\">tectoniques<\/a> ayant conduit \u00e0 la formation des Alpes.<\/p>\n<p>Une importante fracturation du Massif Central et un amincissement de la cro\u00fbte ont provoqu\u00e9 les grands bassins d\u2019effondrement &#8211; les Limagnes &#8211; et favoris\u00e9 une remont\u00e9e du manteau terrestre.<\/p>\n<p>Une quinzaine de provinces volcaniques distinctes est identifi\u00e9e dans le Massif Central.<\/p>\n<p>Sur un vieux socle continental granitique et m\u00e9tamorphique datant de l\u2019\u00e8re Primaire, l\u2019activit\u00e9 \u00e9ruptive a d\u00e9but\u00e9 il y a environ 60 millions d\u2019ann\u00e9es (Ma). Elle devint significative il y a environ 20 Ma, juste apr\u00e8s l\u2019effondrement des Limagnes.<\/p>\n<p>Les massifs volcaniques les plus importants se sont \u00e9difi\u00e9s entre 12 Ma et\u2026 &#8211; 6 700 ans.<\/p>\n<p>L\u2019histoire du volcanisme en Auvergne est complexe, longue et vari\u00e9e ; aujourd\u2019hui, tout laisse penser que ce volcanisme n\u2019est qu\u2019endormi. Apr\u00e8s tout, qu\u2019est-ce que 6 500 ans de repos, au regard de 60 millions d\u2019ann\u00e9es d\u2019activit\u00e9 ?[\/vc_column_text][vc_column_text el_class=\u00a0\u00bbbloc contour\u00a0\u00bb]<em>NB : la derni\u00e8re \u00e9ruption dont l\u2019origine est \u00e9tablie ne date que de 6 700 ans (<a href=\"\/science\/reperes\/glossaire\/#1668609116035-93195f3b-71d11aa2-532d\" target=\"_blank\" rel=\"noopener\">maar<\/a> du lac Pavin). Si on a r\u00e9cemment d\u00e9couvert dans la Cha\u00eene des Puys et \u00e0 sa p\u00e9riph\u00e9rie des d\u00e9p\u00f4ts volcaniques qui ont fourni des \u00e2ges de seulement 5 000 ans, des incertitudes demeurent n\u00e9anmoins sur l\u2019exactitude de ces datations et la nature pr\u00e9cise du mat\u00e9riau dat\u00e9.<\/em>[\/vc_column_text][\/vc_column][vc_column width=\u00a0\u00bb1\/12&Prime;][\/vc_column][\/vc_row][vc_row][vc_column]<div class=\"templatera_shortcode\"><div class=\"vc_row wpb_row vc_row-fluid noprint\"><div class=\"wpb_column vc_column_container vc_col-sm-12\"><div class=\"vc_column-inner\"><div class=\"wpb_wrapper\"><div class=\"vc_separator wpb_content_element vc_separator_align_center vc_sep_width_100 vc_sep_dashed vc_sep_pos_align_center vc_separator-has-text\" ><span class=\"vc_sep_holder vc_sep_holder_l\"><span style=\"border-color:#888888;\" class=\"vc_sep_line\"><\/span><\/span><h4>Exp\u00e9rimentez \u00e0 Vulcania<\/h4><span class=\"vc_sep_holder vc_sep_holder_r\"><span style=\"border-color:#888888;\" class=\"vc_sep_line\"><\/span><\/span>\n<\/div><div class=\"vc_row wpb_row vc_inner vc_row-fluid\"><div class=\"wpb_column vc_column_container vc_col-sm-1\"><div class=\"vc_column-inner\"><div class=\"wpb_wrapper\"><\/div><\/div><\/div><div class=\"wpb_column vc_column_container vc_col-sm-5\"><div class=\"vc_column-inner\"><div class=\"wpb_wrapper\">\n\t<div  class=\"wpb_single_image wpb_content_element vc_align_left\">\n\t\t\n\t\t<figure class=\"wpb_wrapper vc_figure\">\n\t\t\t<a href=\"https:\/\/www.vulcania.com\/animation\/reveil-des-geants-d-auvergne\/\" target=\"_self\" class=\"vc_single_image-wrapper vc_box_rounded  vc_box_border_grey\"><img loading=\"lazy\" decoding=\"async\" width=\"585\" height=\"281\" src=\"https:\/\/www.vulcania.com\/science\/wp-content\/uploads\/2021\/03\/reveil-des-geants-auvergne_600x288-585x281.jpg\" class=\"vc_single_image-img attachment-medium\" alt=\"\" title=\"reveil-des-geants-auvergne_600x288\" srcset=\"https:\/\/www.vulcania.com\/science\/wp-content\/uploads\/2021\/03\/reveil-des-geants-auvergne_600x288-585x281.jpg 585w, https:\/\/www.vulcania.com\/science\/wp-content\/uploads\/2021\/03\/reveil-des-geants-auvergne_600x288.jpg 600w\" sizes=\"(max-width: 585px) 100vw, 585px\" \/><\/a>\n\t\t<\/figure>\n\t<\/div>\n<\/div><\/div><\/div><div class=\"wpb_column vc_column_container vc_col-sm-5\"><div class=\"vc_column-inner\"><div class=\"wpb_wrapper\">\n\t<div class=\"wpb_text_column wpb_content_element \" >\n\t\t<div class=\"wpb_wrapper\">\n\t\t\t<h3>R\u00e9veil des G\u00e9ants d'Auvergne<\/h3>\n<p>Depuis environ 7000 ans, le volcanisme d'Auvergne semble en sommeil... Et si les volcans de la Cha\u00eene des Puys se r\u00e9veillaient ? Vivez en direct leur r\u00e9veil dans cette attraction dynamique !<\/p>\n\n\t\t<\/div>\n\t<\/div>\n<div class=\"vc_btn3-container  bouton coul-1 vc_btn3-inline\" ><a class=\"vc_general vc_btn3 vc_btn3-size-md vc_btn3-shape-rounded vc_btn3-style-modern vc_btn3-color-grey\" href=\"https:\/\/www.vulcania.com\/animation\/reveil-des-geants-d-auvergne\/\" title=\"\">En savoir plus sur \"R\u00e9veil des g\u00e9ants d'Auvergne\"<\/a><\/div><\/div><\/div><\/div><div class=\"wpb_column vc_column_container vc_col-sm-1\"><div class=\"vc_column-inner\"><div class=\"wpb_wrapper\"><\/div><\/div><\/div><\/div><\/div><\/div><\/div><\/div><\/div>[\/vc_column][\/vc_row]<\/p>\n<\/div>","protected":false},"excerpt":{"rendered":"Exp\u00e9rimentez \u00e0 Vulcania R\u00e9veil des G\u00e9ants d'Auvergne Depuis environ 7000 ans, le volcanisme d'Auvergne semble en sommeil... Et si les volcans de la Cha\u00eene des Puys se r\u00e9veillaient ? Vivez en direct leur r\u00e9veil dans cette attraction dynamique ! En savoir plus sur \"R\u00e9veil des g\u00e9ants d'Auvergne\"","protected":false},"author":1,"featured_media":732,"parent":99,"menu_order":0,"comment_status":"closed","ping_status":"closed","template":"","meta":{"footnotes":""},"tags":[13],"acf":[],"yoast_head":"<!-- This site is optimized with the Yoast SEO plugin v21.9.1 - https:\/\/yoast.com\/wordpress\/plugins\/seo\/ -->\n<title>Tout savoir sur les volcans du Massif Central avec Vulcania<\/title>\n<meta name=\"description\" content=\"Les scientifiques de Vulcania vous d\u00e9crivent le plus vaste ensemble de volcans r\u00e9cents d&#039;Europe continentale !\" \/>\n<meta name=\"robots\" content=\"index, follow, max-snippet:-1, max-image-preview:large, max-video-preview:-1\" \/>\n<link rel=\"canonical\" href=\"https:\/\/www.vulcania.com\/science\/auvergne\/massif-central\/\" \/>\n<meta property=\"og:locale\" content=\"fr_FR\" \/>\n<meta property=\"og:type\" content=\"article\" \/>\n<meta property=\"og:title\" content=\"Tout savoir sur les volcans du Massif Central avec Vulcania\" \/>\n<meta property=\"og:description\" content=\"Les scientifiques de Vulcania vous d\u00e9crivent le plus vaste ensemble de volcans r\u00e9cents d&#039;Europe continentale !\" \/>\n<meta property=\"og:url\" content=\"https:\/\/www.vulcania.com\/science\/auvergne\/massif-central\/\" \/>\n<meta property=\"og:site_name\" content=\"Vulcania Sciences\" \/>\n<meta property=\"article:publisher\" content=\"https:\/\/www.facebook.com\/ParcVulcania\" \/>\n<meta property=\"article:modified_time\" content=\"2023-03-22T08:50:18+00:00\" \/>\n<meta property=\"og:image\" content=\"https:\/\/www.vulcania.com\/science\/wp-content\/uploads\/2023\/02\/opengraph_massif-central_1200x630.jpg\" \/>\n\t<meta property=\"og:image:width\" content=\"1200\" \/>\n\t<meta property=\"og:image:height\" content=\"630\" \/>\n\t<meta property=\"og:image:type\" content=\"image\/jpeg\" \/>\n<meta name=\"twitter:card\" content=\"summary_large_image\" \/>\n<meta name=\"twitter:title\" content=\"Tout savoir sur les volcans du Massif Central avec Vulcania\" \/>\n<meta name=\"twitter:description\" content=\"Les scientifiques de Vulcania vous d\u00e9crivent le plus vaste ensemble de volcans r\u00e9cents d&#039;Europe continentale !\" \/>\n<meta name=\"twitter:image\" content=\"https:\/\/www.vulcania.com\/science\/wp-content\/uploads\/2023\/02\/opengraph_massif-central_1200x630.jpg\" \/>\n<meta name=\"twitter:site\" content=\"@parc_vulcania\" \/>\n<meta name=\"twitter:label1\" content=\"Dur\u00e9e de lecture estim\u00e9e\" \/>\n\t<meta name=\"twitter:data1\" content=\"2 minutes\" \/>\n<script type=\"application\/ld+json\" class=\"yoast-schema-graph\">{\"@context\":\"https:\/\/schema.org\",\"@graph\":[{\"@type\":\"WebPage\",\"@id\":\"https:\/\/www.vulcania.com\/science\/auvergne\/massif-central\/\",\"url\":\"https:\/\/www.vulcania.com\/science\/auvergne\/massif-central\/\",\"name\":\"Tout savoir sur les volcans du Massif Central avec Vulcania\",\"isPartOf\":{\"@id\":\"https:\/\/www.vulcania.com\/science\/#website\"},\"datePublished\":\"2017-06-29T08:32:21+00:00\",\"dateModified\":\"2023-03-22T08:50:18+00:00\",\"description\":\"Les scientifiques de Vulcania vous d\u00e9crivent le plus vaste ensemble de volcans r\u00e9cents d'Europe continentale !\",\"breadcrumb\":{\"@id\":\"https:\/\/www.vulcania.com\/science\/auvergne\/massif-central\/#breadcrumb\"},\"inLanguage\":\"fr-FR\",\"potentialAction\":[{\"@type\":\"ReadAction\",\"target\":[\"https:\/\/www.vulcania.com\/science\/auvergne\/massif-central\/\"]}]},{\"@type\":\"BreadcrumbList\",\"@id\":\"https:\/\/www.vulcania.com\/science\/auvergne\/massif-central\/#breadcrumb\",\"itemListElement\":[{\"@type\":\"ListItem\",\"position\":1,\"name\":\"Accueil\",\"item\":\"https:\/\/www.vulcania.com\/science\/\"},{\"@type\":\"ListItem\",\"position\":2,\"name\":\"Auvergne\",\"item\":\"https:\/\/www.vulcania.com\/science\/auvergne\/\"},{\"@type\":\"ListItem\",\"position\":3,\"name\":\"Massif Central\"}]},{\"@type\":\"WebSite\",\"@id\":\"https:\/\/www.vulcania.com\/science\/#website\",\"url\":\"https:\/\/www.vulcania.com\/science\/\",\"name\":\"Vulcania Sciences\",\"description\":\"\",\"publisher\":{\"@id\":\"https:\/\/www.vulcania.com\/science\/#organization\"},\"potentialAction\":[{\"@type\":\"SearchAction\",\"target\":{\"@type\":\"EntryPoint\",\"urlTemplate\":\"https:\/\/www.vulcania.com\/science\/?s={search_term_string}\"},\"query-input\":\"required name=search_term_string\"}],\"inLanguage\":\"fr-FR\"},{\"@type\":\"Organization\",\"@id\":\"https:\/\/www.vulcania.com\/science\/#organization\",\"name\":\"Vulcania Sciences\",\"url\":\"https:\/\/www.vulcania.com\/science\/\",\"logo\":{\"@type\":\"ImageObject\",\"inLanguage\":\"fr-FR\",\"@id\":\"https:\/\/www.vulcania.com\/science\/#\/schema\/logo\/image\/\",\"url\":\"https:\/\/www.vulcania.com\/science\/wp-content\/uploads\/2017\/06\/logo.png\",\"contentUrl\":\"https:\/\/www.vulcania.com\/science\/wp-content\/uploads\/2017\/06\/logo.png\",\"width\":314,\"height\":142,\"caption\":\"Vulcania Sciences\"},\"image\":{\"@id\":\"https:\/\/www.vulcania.com\/science\/#\/schema\/logo\/image\/\"},\"sameAs\":[\"https:\/\/www.facebook.com\/ParcVulcania\",\"https:\/\/twitter.com\/parc_vulcania\",\"https:\/\/www.youtube.com\/user\/ParcVulcania\"]}]}<\/script>\n<!-- \/ Yoast SEO plugin. -->","yoast_head_json":{"title":"Tout savoir sur les volcans du Massif Central avec Vulcania","description":"Les scientifiques de Vulcania vous d\u00e9crivent le plus vaste ensemble de volcans r\u00e9cents d'Europe continentale !","robots":{"index":"index","follow":"follow","max-snippet":"max-snippet:-1","max-image-preview":"max-image-preview:large","max-video-preview":"max-video-preview:-1"},"canonical":"https:\/\/www.vulcania.com\/science\/auvergne\/massif-central\/","og_locale":"fr_FR","og_type":"article","og_title":"Tout savoir sur les volcans du Massif Central avec Vulcania","og_description":"Les scientifiques de Vulcania vous d\u00e9crivent le plus vaste ensemble de volcans r\u00e9cents d'Europe continentale !","og_url":"https:\/\/www.vulcania.com\/science\/auvergne\/massif-central\/","og_site_name":"Vulcania Sciences","article_publisher":"https:\/\/www.facebook.com\/ParcVulcania","article_modified_time":"2023-03-22T08:50:18+00:00","og_image":[{"width":1200,"height":630,"url":"https:\/\/www.vulcania.com\/science\/wp-content\/uploads\/2023\/02\/opengraph_massif-central_1200x630.jpg","type":"image\/jpeg"}],"twitter_card":"summary_large_image","twitter_title":"Tout savoir sur les volcans du Massif Central avec Vulcania","twitter_description":"Les scientifiques de Vulcania vous d\u00e9crivent le plus vaste ensemble de volcans r\u00e9cents d'Europe continentale !","twitter_image":"https:\/\/www.vulcania.com\/science\/wp-content\/uploads\/2023\/02\/opengraph_massif-central_1200x630.jpg","twitter_site":"@parc_vulcania","twitter_misc":{"Dur\u00e9e de lecture estim\u00e9e":"2 minutes"},"schema":{"@context":"https:\/\/schema.org","@graph":[{"@type":"WebPage","@id":"https:\/\/www.vulcania.com\/science\/auvergne\/massif-central\/","url":"https:\/\/www.vulcania.com\/science\/auvergne\/massif-central\/","name":"Tout savoir sur les volcans du Massif Central avec Vulcania","isPartOf":{"@id":"https:\/\/www.vulcania.com\/science\/#website"},"datePublished":"2017-06-29T08:32:21+00:00","dateModified":"2023-03-22T08:50:18+00:00","description":"Les scientifiques de Vulcania vous d\u00e9crivent le plus vaste ensemble de volcans r\u00e9cents d'Europe continentale !","breadcrumb":{"@id":"https:\/\/www.vulcania.com\/science\/auvergne\/massif-central\/#breadcrumb"},"inLanguage":"fr-FR","potentialAction":[{"@type":"ReadAction","target":["https:\/\/www.vulcania.com\/science\/auvergne\/massif-central\/"]}]},{"@type":"BreadcrumbList","@id":"https:\/\/www.vulcania.com\/science\/auvergne\/massif-central\/#breadcrumb","itemListElement":[{"@type":"ListItem","position":1,"name":"Accueil","item":"https:\/\/www.vulcania.com\/science\/"},{"@type":"ListItem","position":2,"name":"Auvergne","item":"https:\/\/www.vulcania.com\/science\/auvergne\/"},{"@type":"ListItem","position":3,"name":"Massif Central"}]},{"@type":"WebSite","@id":"https:\/\/www.vulcania.com\/science\/#website","url":"https:\/\/www.vulcania.com\/science\/","name":"Vulcania Sciences","description":"","publisher":{"@id":"https:\/\/www.vulcania.com\/science\/#organization"},"potentialAction":[{"@type":"SearchAction","target":{"@type":"EntryPoint","urlTemplate":"https:\/\/www.vulcania.com\/science\/?s={search_term_string}"},"query-input":"required name=search_term_string"}],"inLanguage":"fr-FR"},{"@type":"Organization","@id":"https:\/\/www.vulcania.com\/science\/#organization","name":"Vulcania Sciences","url":"https:\/\/www.vulcania.com\/science\/","logo":{"@type":"ImageObject","inLanguage":"fr-FR","@id":"https:\/\/www.vulcania.com\/science\/#\/schema\/logo\/image\/","url":"https:\/\/www.vulcania.com\/science\/wp-content\/uploads\/2017\/06\/logo.png","contentUrl":"https:\/\/www.vulcania.com\/science\/wp-content\/uploads\/2017\/06\/logo.png","width":314,"height":142,"caption":"Vulcania Sciences"},"image":{"@id":"https:\/\/www.vulcania.com\/science\/#\/schema\/logo\/image\/"},"sameAs":["https:\/\/www.facebook.com\/ParcVulcania","https:\/\/twitter.com\/parc_vulcania","https:\/\/www.youtube.com\/user\/ParcVulcania"]}]}},"_links":{"self":[{"href":"https:\/\/www.vulcania.com\/science\/wp-json\/wp\/v2\/pages\/225"}],"collection":[{"href":"https:\/\/www.vulcania.com\/science\/wp-json\/wp\/v2\/pages"}],"about":[{"href":"https:\/\/www.vulcania.com\/science\/wp-json\/wp\/v2\/types\/page"}],"author":[{"embeddable":true,"href":"https:\/\/www.vulcania.com\/science\/wp-json\/wp\/v2\/users\/1"}],"replies":[{"embeddable":true,"href":"https:\/\/www.vulcania.com\/science\/wp-json\/wp\/v2\/comments?post=225"}],"version-history":[{"count":12,"href":"https:\/\/www.vulcania.com\/science\/wp-json\/wp\/v2\/pages\/225\/revisions"}],"predecessor-version":[{"id":1385,"href":"https:\/\/www.vulcania.com\/science\/wp-json\/wp\/v2\/pages\/225\/revisions\/1385"}],"up":[{"embeddable":true,"href":"https:\/\/www.vulcania.com\/science\/wp-json\/wp\/v2\/pages\/99"}],"wp:featuredmedia":[{"embeddable":true,"href":"https:\/\/www.vulcania.com\/science\/wp-json\/wp\/v2\/media\/732"}],"wp:attachment":[{"href":"https:\/\/www.vulcania.com\/science\/wp-json\/wp\/v2\/media?parent=225"}],"wp:term":[{"taxonomy":"tags","embeddable":true,"href":"https:\/\/www.vulcania.com\/science\/wp-json\/wp\/v2\/tags?post=225"}],"curies":[{"name":"wp","href":"https:\/\/api.w.org\/{rel}","templated":true}]}}