{"id":229,"date":"2017-06-29T10:33:02","date_gmt":"2017-06-29T08:33:02","guid":{"rendered":"http:\/\/vulcania-sciences.scopika.com\/?page_id=229"},"modified":"2025-07-24T11:51:08","modified_gmt":"2025-07-24T09:51:08","slug":"le-saviez-vous","status":"publish","type":"page","link":"https:\/\/www.vulcania.com\/science\/reperes\/le-saviez-vous\/","title":{"rendered":"Le saviez-vous ? &#8211; Volcans"},"content":{"rendered":"<div class=\"wpb-content-wrapper\"><p>[vc_row el_class=\u00a0\u00bbbloc-titre\u00a0\u00bb][vc_column width=\u00a0\u00bb1\/12&Prime;][\/vc_column][vc_column width=\u00a0\u00bb10\/12&Prime;][vc_column_text el_class=\u00a0\u00bbintro\u00a0\u00bb]Saviez-vous que le plus haut volcan au monde se situe dans la Cordill\u00e8re Andes, que l&rsquo;\u00e9ruption la plus violente a eu lieu en Indon\u00e9sie au XIX\u00e8me si\u00e8cle, et que la plus haute fontaine de lave s&rsquo;\u00e9levait \u00e0 plus de 700 m\u00e8tres ?<\/p>\n<p>Retrouvez 24 anecdotes \u00e9tonnantes pour compl\u00e9ter vos connaissances sur les volcans ![\/vc_column_text][vc_toggle title=\u00a0\u00bbLe volcan le plus \u00e9lev\u00e9 sur Terre\u00a0\u00bb]Il s\u2019agit du\u00a0<b>Nevado Ojos del Salado<\/b>, qui culmine \u00e0 6885 m\u00a0<b>dans les Andes<\/b>, \u00e0 la fronti\u00e8re entre Chili et Argentine. Certains documents publi\u00e9s citent l\u2019Aconcagua (6960 m), en Argentine, mais c\u2019est une erreur : ce n\u2019est pas un \u00e9difice volcanique.[\/vc_toggle][vc_toggle title=\u00a0\u00bbLe plus haut volcan actif\u00a0\u00bb]Il s\u2019agit du\u00a0<strong>Llullaillaco (<\/strong><strong>Chili)<\/strong>\u00a0qui atteint 6723 m d\u2019altitude. Sa derni\u00e8re \u00e9ruption remonte \u00e0 1877.[\/vc_toggle][vc_toggle title=\u00a0\u00bbLe plus grand volcan sur Terre\u00a0\u00bb]C\u2019est le\u00a0<strong>Mauna Loa<\/strong>\u00a0qui se trouve sur la grande \u00eele d\u2019<strong>Hawaii<\/strong>. Son volume est d\u2019environ 40 000 km3 ! Il s\u2019\u00e9l\u00e8ve \u00e0 4170 m d\u2019altitude, mais sa base, d\u2019un diam\u00e8tre de 250 km, repose \u00e0 plus de 5 000 m sous la surface de l\u2019oc\u00e9an Pacifique ; soit une hauteur totale de plus de 9 km ! Sa derni\u00e8re \u00e9ruption date de 1984.[\/vc_toggle][vc_toggle title=\u00a0\u00bbLe plus haut volcan terrestre\u00a0\u00bb]Si l\u2019on parle de hauteur totale, c\u2019est le\u00a0<strong>Mauna Kea<\/strong>, \u00e9galement situ\u00e9 sur l\u2019\u00eele d\u2019<strong>Hawai<\/strong>i. Il s\u2019\u00e9l\u00e8ve \u00e0 4 205 m\u00e8tres, mais sa base repose \u00e0 plus de 5 000 m\u00e8tres sous la surface de l\u2019oc\u00e9an Pacifique ; soit une hauteur d\u2019environ 9 500 m ![\/vc_toggle][vc_toggle title=\u00a0\u00bbLe volcan le plus actif actuellement\u00a0\u00bb]Le\u00a0<strong>Kilauea\u00a0<\/strong>(1222 m), \u00e0\u00a0<strong>Hawaii<\/strong>, a connu plus de 75 \u00e9ruptions depuis 1794, soit environ une \u00e9ruption tous les deux \u00e0 trois ans en moyenne. Sa derni\u00e8re \u00e9ruption a d\u00e9but\u00e9 en 1983 et se poursuit actuellement : 25 ans sans repos ![\/vc_toggle][vc_toggle title=\u00a0\u00bbLe volcan dont l\u2019\u00e9ruption est la plus longue des temps historiques\u00a0\u00bb]C\u2019est sans doute le\u00a0<strong>Stromboli<\/strong>, en\u00a0<strong>Italie<\/strong>, actif depuis plus de 2500 ans. Il explose de mani\u00e8re intermittente, \u00e0 des intervalles variant de 2 minutes \u00e0 une demi-heure environ.[\/vc_toggle][vc_toggle title=\u00a0\u00bbLe plus grand volcan actif d\u2019Europe\u00a0\u00bb]Il s\u2019agit de l\u2019<strong>Etna<\/strong>, en\u00a0<strong>Sicile<\/strong>. \u00c2g\u00e9 de 500 000 ans, il s\u2019\u00e9l\u00e8ve \u00e0 3340 m et est tr\u00e8s souvent en activit\u00e9.[\/vc_toggle][vc_toggle title=\u00a0\u00bbLe plus grand strato-volcan d\u2019Europe\u00a0\u00bb]C\u2019est le\u00a0<strong>Cantal<\/strong>, en\u00a0<strong>Auvergne\u00a0<\/strong>(France). Ce <a href=\"\/science\/reperes\/glossaire\/#1668609828624-841a26dd-f53c1aa2-532d\" target=\"_blank\" rel=\"noopener\">strato-volcan<\/a> a un diam\u00e8tre d\u2019environ 70 km et une superficie de l\u2019ordre de 2700 km2.[\/vc_toggle][vc_toggle title=\u00a0\u00bbLe volcan actif le plus septentrional de la plan\u00e8te\u00a0\u00bb]C\u2019est un appareil volcanique sans nom, situ\u00e9 sur la ride de\u00a0<strong>Lomonosov\u00a0<\/strong>(88\u00b0 16\u2019 de latitude Nord, \u00e0 65\u00b0 36\u2019 de longitude Ouest). Son activit\u00e9 la plus r\u00e9cente remonte \u00e0 novembre 1955.[\/vc_toggle][vc_toggle title=\u00a0\u00bbLe volcan actif le plus m\u00e9ridional de la plan\u00e8te\u00a0\u00bb]C\u2019est\u00a0<strong>l\u2019Erebus<\/strong>, en\u00a0<strong>Antarctique<\/strong>, qui se situe \u00e0 77\u00b0 35\u2019 de latitude Sud. Il est toujours en activit\u00e9, son profond crat\u00e8re renfermant un lac de lave permanent.[\/vc_toggle][vc_toggle title=\u00a0\u00bbLe plus grand crat\u00e8re volcanique (caldeira)\u00a0\u00bb]C\u2019est\u00a0<strong>la <a href=\"\/science\/reperes\/glossaire\/#1668608596633-27588440-7f4b1aa2-532d\" target=\"_blank\" rel=\"noopener\">caldeira<\/a> de Toba<\/strong>, \u00e0\u00a0<strong>Sumatra (Indon\u00e9sie)<\/strong>. Elle mesure 100 km de long sur 30 km de large.[\/vc_toggle][vc_toggle title=\u00a0\u00bbL\u2019\u00e9ruption la plus volumineuse des temps r\u00e9cents\u00a0\u00bb]\u00c0\u00a0<strong>Yellowstone<\/strong>, dans\u00a0<strong>l\u2019Ouest des Etats-Unis<\/strong>. Cette \u00e9ruption a eu lieu il y a environ deux millions d\u2019ann\u00e9es. Elle a \u00e9ject\u00e9 2 500 km3 de t\u00e9phras et de cendres en quelques jours. Si l\u2019on r\u00e9partissait ces produits sur la surface de la France, elle serait recouverte par une couche de 5 m\u00e8tres d\u2019\u00e9paisseur.[\/vc_toggle][vc_toggle title=\u00a0\u00bbL\u2019\u00e9ruption r\u00e9cente qui a d\u00e9gag\u00e9 le plus d\u2019\u00e9nergie\u00a0\u00bb]Il s\u2019agit de l\u2019\u00e9ruption de Toba, \u00e0 Sumatra (Indon\u00e9sie), il y a 75 000 ans. L\u2019\u00e9nergie lib\u00e9r\u00e9e fut \u00e9quivalente \u00e0 celle de 40 millions de bombes atomiques du type Hiroshima.[\/vc_toggle][vc_toggle title=\u00a0\u00bbL\u2019\u00e9ruption historique la plus violente\u00a0\u00bb]C\u2019est celle du\u00a0<strong>Tambora<\/strong>, sur\u00a0<strong>l\u2019\u00eele de Sumbawa<\/strong>\u00a0en\u00a0<strong>Indon\u00e9sie<\/strong>, en 1815. Il a projet\u00e9 dans l\u2019atmosph\u00e8re 100 \u00e0 150 km3 de magma et de d\u00e9bris volcaniques. D\u00e9capit\u00e9 par l\u2019explosion, il a perdu 1250 m ![\/vc_toggle][vc_toggle title=\u00a0\u00bbL\u2019\u00e9ruption historique la plus bruyante\u00a0\u00bb]C\u2019est celle de\u00a0<strong>Krakatau<\/strong>, en\u00a0<strong>Indon\u00e9sie<\/strong>, le 27 ao\u00fbt 1883. Les d\u00e9tonations furent entendues jusqu\u2019\u00e0 l\u2019\u00eele Rodrigues, pourtant situ\u00e9e \u00e0 4811 km du volcan.[\/vc_toggle][vc_toggle title=\u00a0\u00bbLe volcan le plus meurtrier\u00a0\u00bb]<\/p>\n<p class=\"bodytext\">C\u2019est le volcan\u00a0<strong>Tambora\u00a0<\/strong>en\u00a0<strong>Indon\u00e9sie\u00a0<\/strong>: son \u00e9ruption de 1815. a caus\u00e9 la mort de 92 000 personnes.<\/p>\n<p class=\"bodytext\">Autres grandes \u00e9ruptions historiques :<\/p>\n<p class=\"bodytext\">Les \u00e9ruptions de\u00a0<strong>Santorin (Gr\u00e8ce)\u00a0<\/strong>en 1650 avant J-C et de\u00a0<strong>Taupo (Nouvelle-Z\u00e9lande)<\/strong>\u00a0en 1886 sont aussi consid\u00e9r\u00e9es comme extr\u00eamement puissantes, puisque chacune a projet\u00e9 plus de 30 km3 de mat\u00e9riaux. Le panache volcanique le plus haut du XXe si\u00e8cle L\u2019\u00e9ruption du volcan\u00a0<strong>Bezymianny (Kamtchatka)<\/strong>, en 1956, a provoqu\u00e9 la formation d\u2019un immense panache en chou-fleur de 45 km de hauteur.<\/p>\n<p>[\/vc_toggle][vc_toggle title=\u00a0\u00bbLa plus petite \u00e9ruption historique\u00a0\u00bb]<\/p>\n<p class=\"bodytext\">C\u2019est l\u2019\u00e9ruption de\u00a0<strong>Namafjall<\/strong>, en\u00a0<strong>Islande<\/strong>, en 1977. Elle a \u00e9ject\u00e9 1,2 m3 de lave, qui a jailli en utilisant comme conduit un forage g\u00e9othermique !<\/p>\n<p>[\/vc_toggle][vc_toggle title=\u00a0\u00bbLe plus haut panache volcanique\u00a0\u00bb]<\/p>\n<p class=\"bodytext\">C\u2019est celui de l\u2019\u00e9ruption de\u00a0<strong>Taupo (Nouvelle-Z\u00e9lande)<\/strong>, qui a eu lieu en l\u2019an 186. Ce <a href=\"\/science\/reperes\/glossaire\/#1668609239730-57e14047-e61c1aa2-532d\" target=\"_blank\" rel=\"noopener\">panache<\/a> aurait d\u00e9pass\u00e9 50 km de haut.<\/p>\n<p>[\/vc_toggle][vc_toggle title=\u00a0\u00bbLa plus grosse bombe volcanique\u00a0\u00bb]<\/p>\n<p class=\"bodytext\">Elle a \u00e9t\u00e9 d\u00e9couverte\u00a0<strong>dans la Sierra la Primavera, au<\/strong><strong>\u00a0Mexique<\/strong>. Elle fait 8,5 m\u00e8tres de long.<\/p>\n<p>[\/vc_toggle][vc_toggle title=\u00a0\u00bbLa plus longue coul\u00e9e de lave\u00a0\u00bb]<\/p>\n<p class=\"bodytext\">Des coul\u00e9es de laves mioc\u00e8nes des plateaux de\u00a0<strong>la Columbia River (USA)<\/strong>\u00a0ont parcouru des distances d\u2019environ 300 km, mais ce sont des estimations. Des coul\u00e9es issues du volcan\u00a0<strong>Undara (Australie)\u00a0<\/strong>atteignent 160 km de longueur.<\/p>\n<p>[\/vc_toggle][vc_toggle title=\u00a0\u00bbLa plus vaste coul\u00e9e de lave\u00a0\u00bb]<\/p>\n<p class=\"bodytext\">La coul\u00e9e de\u00a0<strong>Roza<\/strong>, dans\u00a0<strong>l\u2019Ouest des Etats-Unis<\/strong>, d\u00e9tient le record actuel. Avec un volume de 4 000 km3, elle a recouvert 52 000 km2, soit une superficie sup\u00e9rieure \u00e0 celle de la Suisse.<\/p>\n<p>[\/vc_toggle][vc_toggle title=\u00a0\u00bbLa plus grosse coul\u00e9e de lave des temps historiques\u00a0\u00bb]<\/p>\n<p class=\"bodytext\">C\u2019est celle du\u00a0<strong>Laki\u00a0<\/strong>en\u00a0<strong>Islande<\/strong>, en 1783, avec une longueur maximale de 88 kilom\u00e8tres, une surface couverte de 580 km2 et un volume de 12 km3.<\/p>\n<p>[\/vc_toggle][vc_toggle title=\u00a0\u00bbLa plus haute fontaine de lave\u00a0\u00bb]<\/p>\n<p class=\"bodytext\">Une fontaine de lave d\u00e9passant 700 m de hauteur a \u00e9t\u00e9 observ\u00e9e dans la\u00a0<strong>Caldera du Wolf, aux Galapagos<\/strong>. En 2000, des fontaines de 1000 m ont jailli du c\u00f4ne sud-est de l\u2019Etna.<\/p>\n<p>[\/vc_toggle][vc_toggle title=\u00a0\u00bbLa source la plus chaude d\u2019Europe continentale\u00a0\u00bb]<\/p>\n<p class=\"bodytext\">C\u2019est dans la petite ville de\u00a0<strong>Chaudes-Aigues, dans le Cantal<\/strong>. La source du Par \u00e9merge \u00e0 une temp\u00e9rature de 82 \u00b0C. Elle est utilis\u00e9e pour chauffer les habitations.<\/p>\n<p>[\/vc_toggle][\/vc_column][vc_column width=\u00a0\u00bb1\/12&Prime;][\/vc_column][\/vc_row][vc_row][vc_column]<div class=\"templatera_shortcode\"><div class=\"vc_row wpb_row vc_row-fluid noprint\"><div class=\"wpb_column vc_column_container vc_col-sm-12\"><div class=\"vc_column-inner\"><div class=\"wpb_wrapper\"><div class=\"vc_separator wpb_content_element vc_separator_align_center vc_sep_width_100 vc_sep_dashed vc_sep_pos_align_center vc_separator-has-text\" ><span class=\"vc_sep_holder vc_sep_holder_l\"><span style=\"border-color:#888888;\" class=\"vc_sep_line\"><\/span><\/span><h4>Exp\u00e9rimentez \u00e0 Vulcania<\/h4><span class=\"vc_sep_holder vc_sep_holder_r\"><span style=\"border-color:#888888;\" class=\"vc_sep_line\"><\/span><\/span>\n<\/div><div class=\"vc_row wpb_row vc_inner vc_row-fluid\"><div class=\"wpb_column vc_column_container vc_col-sm-1\"><div class=\"vc_column-inner\"><div class=\"wpb_wrapper\"><\/div><\/div><\/div><div class=\"wpb_column vc_column_container vc_col-sm-5\"><div class=\"vc_column-inner\"><div class=\"wpb_wrapper\">\n\t<div  class=\"wpb_single_image wpb_content_element vc_align_left\">\n\t\t\n\t\t<figure class=\"wpb_wrapper vc_figure\">\n\t\t\t<a href=\"https:\/\/www.vulcania.com\/animation\/reveil-des-geants-d-auvergne\/\" target=\"_self\" class=\"vc_single_image-wrapper vc_box_rounded  vc_box_border_grey\"><img loading=\"lazy\" decoding=\"async\" width=\"585\" height=\"281\" src=\"https:\/\/www.vulcania.com\/science\/wp-content\/uploads\/2021\/03\/reveil-des-geants-auvergne_600x288-585x281.jpg\" class=\"vc_single_image-img attachment-medium\" alt=\"\" title=\"reveil-des-geants-auvergne_600x288\" srcset=\"https:\/\/www.vulcania.com\/science\/wp-content\/uploads\/2021\/03\/reveil-des-geants-auvergne_600x288-585x281.jpg 585w, https:\/\/www.vulcania.com\/science\/wp-content\/uploads\/2021\/03\/reveil-des-geants-auvergne_600x288.jpg 600w\" sizes=\"(max-width: 585px) 100vw, 585px\" \/><\/a>\n\t\t<\/figure>\n\t<\/div>\n<\/div><\/div><\/div><div class=\"wpb_column vc_column_container vc_col-sm-5\"><div class=\"vc_column-inner\"><div class=\"wpb_wrapper\">\n\t<div class=\"wpb_text_column wpb_content_element \" >\n\t\t<div class=\"wpb_wrapper\">\n\t\t\t<h3>R\u00e9veil des G\u00e9ants d'Auvergne<\/h3>\n<p>Depuis environ 7000 ans, le volcanisme d'Auvergne semble en sommeil... Et si les volcans de la Cha\u00eene des Puys se r\u00e9veillaient ? Vivez en direct leur r\u00e9veil dans cette attraction dynamique !<\/p>\n\n\t\t<\/div>\n\t<\/div>\n<div class=\"vc_btn3-container  bouton coul-1 vc_btn3-inline\" ><a class=\"vc_general vc_btn3 vc_btn3-size-md vc_btn3-shape-rounded vc_btn3-style-modern vc_btn3-color-grey\" href=\"https:\/\/www.vulcania.com\/animation\/reveil-des-geants-d-auvergne\/\" title=\"\">En savoir plus sur \"R\u00e9veil des g\u00e9ants d'Auvergne\"<\/a><\/div><\/div><\/div><\/div><div class=\"wpb_column vc_column_container vc_col-sm-1\"><div class=\"vc_column-inner\"><div class=\"wpb_wrapper\"><\/div><\/div><\/div><\/div><\/div><\/div><\/div><\/div><\/div>[\/vc_column][\/vc_row]<\/p>\n<\/div>","protected":false},"excerpt":{"rendered":"Exp\u00e9rimentez \u00e0 Vulcania R\u00e9veil des G\u00e9ants d'Auvergne Depuis environ 7000 ans, le volcanisme d'Auvergne semble en sommeil... Et si les volcans de la Cha\u00eene des Puys se r\u00e9veillaient ? Vivez en direct leur r\u00e9veil dans cette attraction dynamique ! En savoir plus sur \"R\u00e9veil des g\u00e9ants d'Auvergne\"","protected":false},"author":1,"featured_media":1802,"parent":101,"menu_order":0,"comment_status":"closed","ping_status":"closed","template":"","meta":{"footnotes":""},"tags":[37,19,16],"acf":[],"yoast_head":"<!-- This site is optimized with the Yoast SEO plugin v21.9.1 - https:\/\/yoast.com\/wordpress\/plugins\/seo\/ -->\n<title>Le saviez-vous ? - Volcans Vulcania vous d\u00e9livre 24 anecdotes sur les volcans du monde\u2026<\/title>\n<meta name=\"description\" content=\"Quel est le plus grand crat\u00e8re volcanique ? Quel est le volcan le plus meurtrier ? Retrouvez des anecdotes surprenantes sur les volcans\u2026\" \/>\n<meta name=\"robots\" content=\"index, follow, max-snippet:-1, max-image-preview:large, max-video-preview:-1\" \/>\n<link rel=\"canonical\" href=\"https:\/\/www.vulcania.com\/science\/reperes\/le-saviez-vous\/\" \/>\n<meta property=\"og:locale\" content=\"fr_FR\" \/>\n<meta property=\"og:type\" content=\"article\" \/>\n<meta property=\"og:title\" content=\"Vulcania vous d\u00e9livre 24 anecdotes sur les volcans du monde\u2026\" \/>\n<meta property=\"og:description\" content=\"Quel est le plus grand crat\u00e8re volcanique ? Quel est le volcan le plus meurtrier ? Retrouvez des anecdotes surprenantes sur les volcans\u2026\" \/>\n<meta property=\"og:url\" content=\"https:\/\/www.vulcania.com\/science\/reperes\/le-saviez-vous\/\" \/>\n<meta property=\"og:site_name\" content=\"Vulcania Sciences\" \/>\n<meta property=\"article:publisher\" content=\"https:\/\/www.facebook.com\/ParcVulcania\" \/>\n<meta property=\"article:modified_time\" content=\"2025-07-24T09:51:08+00:00\" \/>\n<meta property=\"og:image\" content=\"https:\/\/www.vulcania.com\/science\/wp-content\/uploads\/2023\/02\/opengraph_reperes_1200x630_v2.jpg\" \/>\n\t<meta property=\"og:image:width\" content=\"1200\" \/>\n\t<meta property=\"og:image:height\" content=\"630\" \/>\n\t<meta property=\"og:image:type\" content=\"image\/jpeg\" \/>\n<meta name=\"twitter:card\" content=\"summary_large_image\" \/>\n<meta name=\"twitter:title\" content=\"Vulcania vous d\u00e9livre 24 anecdotes sur les volcans du monde\u2026\" \/>\n<meta name=\"twitter:description\" content=\"Quel est le plus grand crat\u00e8re volcanique ? Quel est le volcan le plus meurtrier ? Retrouvez des anecdotes surprenantes sur les volcans\u2026\" \/>\n<meta name=\"twitter:image\" content=\"https:\/\/www.vulcania.com\/science\/wp-content\/uploads\/2023\/02\/opengraph_reperes_1200x630_v2.jpg\" \/>\n<meta name=\"twitter:site\" content=\"@parc_vulcania\" \/>\n<meta name=\"twitter:label1\" content=\"Dur\u00e9e de lecture estim\u00e9e\" \/>\n\t<meta name=\"twitter:data1\" content=\"6 minutes\" \/>\n<script type=\"application\/ld+json\" class=\"yoast-schema-graph\">{\"@context\":\"https:\/\/schema.org\",\"@graph\":[{\"@type\":\"WebPage\",\"@id\":\"https:\/\/www.vulcania.com\/science\/reperes\/le-saviez-vous\/\",\"url\":\"https:\/\/www.vulcania.com\/science\/reperes\/le-saviez-vous\/\",\"name\":\"Le saviez-vous ? - Volcans Vulcania vous d\u00e9livre 24 anecdotes sur les volcans du monde\u2026\",\"isPartOf\":{\"@id\":\"https:\/\/www.vulcania.com\/science\/#website\"},\"datePublished\":\"2017-06-29T08:33:02+00:00\",\"dateModified\":\"2025-07-24T09:51:08+00:00\",\"description\":\"Quel est le plus grand crat\u00e8re volcanique ? Quel est le volcan le plus meurtrier ? Retrouvez des anecdotes surprenantes sur les volcans\u2026\",\"breadcrumb\":{\"@id\":\"https:\/\/www.vulcania.com\/science\/reperes\/le-saviez-vous\/#breadcrumb\"},\"inLanguage\":\"fr-FR\",\"potentialAction\":[{\"@type\":\"ReadAction\",\"target\":[\"https:\/\/www.vulcania.com\/science\/reperes\/le-saviez-vous\/\"]}]},{\"@type\":\"BreadcrumbList\",\"@id\":\"https:\/\/www.vulcania.com\/science\/reperes\/le-saviez-vous\/#breadcrumb\",\"itemListElement\":[{\"@type\":\"ListItem\",\"position\":1,\"name\":\"Accueil\",\"item\":\"https:\/\/www.vulcania.com\/science\/\"},{\"@type\":\"ListItem\",\"position\":2,\"name\":\"Rep\u00e8res\",\"item\":\"https:\/\/www.vulcania.com\/science\/reperes\/\"},{\"@type\":\"ListItem\",\"position\":3,\"name\":\"Le saviez-vous ? &#8211; Volcans\"}]},{\"@type\":\"WebSite\",\"@id\":\"https:\/\/www.vulcania.com\/science\/#website\",\"url\":\"https:\/\/www.vulcania.com\/science\/\",\"name\":\"Vulcania Sciences\",\"description\":\"\",\"publisher\":{\"@id\":\"https:\/\/www.vulcania.com\/science\/#organization\"},\"potentialAction\":[{\"@type\":\"SearchAction\",\"target\":{\"@type\":\"EntryPoint\",\"urlTemplate\":\"https:\/\/www.vulcania.com\/science\/?s={search_term_string}\"},\"query-input\":\"required name=search_term_string\"}],\"inLanguage\":\"fr-FR\"},{\"@type\":\"Organization\",\"@id\":\"https:\/\/www.vulcania.com\/science\/#organization\",\"name\":\"Vulcania Sciences\",\"url\":\"https:\/\/www.vulcania.com\/science\/\",\"logo\":{\"@type\":\"ImageObject\",\"inLanguage\":\"fr-FR\",\"@id\":\"https:\/\/www.vulcania.com\/science\/#\/schema\/logo\/image\/\",\"url\":\"https:\/\/www.vulcania.com\/science\/wp-content\/uploads\/2017\/06\/logo.png\",\"contentUrl\":\"https:\/\/www.vulcania.com\/science\/wp-content\/uploads\/2017\/06\/logo.png\",\"width\":314,\"height\":142,\"caption\":\"Vulcania Sciences\"},\"image\":{\"@id\":\"https:\/\/www.vulcania.com\/science\/#\/schema\/logo\/image\/\"},\"sameAs\":[\"https:\/\/www.facebook.com\/ParcVulcania\",\"https:\/\/twitter.com\/parc_vulcania\",\"https:\/\/www.youtube.com\/user\/ParcVulcania\"]}]}<\/script>\n<!-- \/ Yoast SEO plugin. -->","yoast_head_json":{"title":"Le saviez-vous ? - Volcans Vulcania vous d\u00e9livre 24 anecdotes sur les volcans du monde\u2026","description":"Quel est le plus grand crat\u00e8re volcanique ? Quel est le volcan le plus meurtrier ? Retrouvez des anecdotes surprenantes sur les volcans\u2026","robots":{"index":"index","follow":"follow","max-snippet":"max-snippet:-1","max-image-preview":"max-image-preview:large","max-video-preview":"max-video-preview:-1"},"canonical":"https:\/\/www.vulcania.com\/science\/reperes\/le-saviez-vous\/","og_locale":"fr_FR","og_type":"article","og_title":"Vulcania vous d\u00e9livre 24 anecdotes sur les volcans du monde\u2026","og_description":"Quel est le plus grand crat\u00e8re volcanique ? Quel est le volcan le plus meurtrier ? Retrouvez des anecdotes surprenantes sur les volcans\u2026","og_url":"https:\/\/www.vulcania.com\/science\/reperes\/le-saviez-vous\/","og_site_name":"Vulcania Sciences","article_publisher":"https:\/\/www.facebook.com\/ParcVulcania","article_modified_time":"2025-07-24T09:51:08+00:00","og_image":[{"width":1200,"height":630,"url":"https:\/\/www.vulcania.com\/science\/wp-content\/uploads\/2023\/02\/opengraph_reperes_1200x630_v2.jpg","type":"image\/jpeg"}],"twitter_card":"summary_large_image","twitter_title":"Vulcania vous d\u00e9livre 24 anecdotes sur les volcans du monde\u2026","twitter_description":"Quel est le plus grand crat\u00e8re volcanique ? Quel est le volcan le plus meurtrier ? Retrouvez des anecdotes surprenantes sur les volcans\u2026","twitter_image":"https:\/\/www.vulcania.com\/science\/wp-content\/uploads\/2023\/02\/opengraph_reperes_1200x630_v2.jpg","twitter_site":"@parc_vulcania","twitter_misc":{"Dur\u00e9e de lecture estim\u00e9e":"6 minutes"},"schema":{"@context":"https:\/\/schema.org","@graph":[{"@type":"WebPage","@id":"https:\/\/www.vulcania.com\/science\/reperes\/le-saviez-vous\/","url":"https:\/\/www.vulcania.com\/science\/reperes\/le-saviez-vous\/","name":"Le saviez-vous ? - Volcans Vulcania vous d\u00e9livre 24 anecdotes sur les volcans du monde\u2026","isPartOf":{"@id":"https:\/\/www.vulcania.com\/science\/#website"},"datePublished":"2017-06-29T08:33:02+00:00","dateModified":"2025-07-24T09:51:08+00:00","description":"Quel est le plus grand crat\u00e8re volcanique ? Quel est le volcan le plus meurtrier ? Retrouvez des anecdotes surprenantes sur les volcans\u2026","breadcrumb":{"@id":"https:\/\/www.vulcania.com\/science\/reperes\/le-saviez-vous\/#breadcrumb"},"inLanguage":"fr-FR","potentialAction":[{"@type":"ReadAction","target":["https:\/\/www.vulcania.com\/science\/reperes\/le-saviez-vous\/"]}]},{"@type":"BreadcrumbList","@id":"https:\/\/www.vulcania.com\/science\/reperes\/le-saviez-vous\/#breadcrumb","itemListElement":[{"@type":"ListItem","position":1,"name":"Accueil","item":"https:\/\/www.vulcania.com\/science\/"},{"@type":"ListItem","position":2,"name":"Rep\u00e8res","item":"https:\/\/www.vulcania.com\/science\/reperes\/"},{"@type":"ListItem","position":3,"name":"Le saviez-vous ? &#8211; Volcans"}]},{"@type":"WebSite","@id":"https:\/\/www.vulcania.com\/science\/#website","url":"https:\/\/www.vulcania.com\/science\/","name":"Vulcania Sciences","description":"","publisher":{"@id":"https:\/\/www.vulcania.com\/science\/#organization"},"potentialAction":[{"@type":"SearchAction","target":{"@type":"EntryPoint","urlTemplate":"https:\/\/www.vulcania.com\/science\/?s={search_term_string}"},"query-input":"required name=search_term_string"}],"inLanguage":"fr-FR"},{"@type":"Organization","@id":"https:\/\/www.vulcania.com\/science\/#organization","name":"Vulcania Sciences","url":"https:\/\/www.vulcania.com\/science\/","logo":{"@type":"ImageObject","inLanguage":"fr-FR","@id":"https:\/\/www.vulcania.com\/science\/#\/schema\/logo\/image\/","url":"https:\/\/www.vulcania.com\/science\/wp-content\/uploads\/2017\/06\/logo.png","contentUrl":"https:\/\/www.vulcania.com\/science\/wp-content\/uploads\/2017\/06\/logo.png","width":314,"height":142,"caption":"Vulcania Sciences"},"image":{"@id":"https:\/\/www.vulcania.com\/science\/#\/schema\/logo\/image\/"},"sameAs":["https:\/\/www.facebook.com\/ParcVulcania","https:\/\/twitter.com\/parc_vulcania","https:\/\/www.youtube.com\/user\/ParcVulcania"]}]}},"_links":{"self":[{"href":"https:\/\/www.vulcania.com\/science\/wp-json\/wp\/v2\/pages\/229"}],"collection":[{"href":"https:\/\/www.vulcania.com\/science\/wp-json\/wp\/v2\/pages"}],"about":[{"href":"https:\/\/www.vulcania.com\/science\/wp-json\/wp\/v2\/types\/page"}],"author":[{"embeddable":true,"href":"https:\/\/www.vulcania.com\/science\/wp-json\/wp\/v2\/users\/1"}],"replies":[{"embeddable":true,"href":"https:\/\/www.vulcania.com\/science\/wp-json\/wp\/v2\/comments?post=229"}],"version-history":[{"count":18,"href":"https:\/\/www.vulcania.com\/science\/wp-json\/wp\/v2\/pages\/229\/revisions"}],"predecessor-version":[{"id":1803,"href":"https:\/\/www.vulcania.com\/science\/wp-json\/wp\/v2\/pages\/229\/revisions\/1803"}],"up":[{"embeddable":true,"href":"https:\/\/www.vulcania.com\/science\/wp-json\/wp\/v2\/pages\/101"}],"wp:featuredmedia":[{"embeddable":true,"href":"https:\/\/www.vulcania.com\/science\/wp-json\/wp\/v2\/media\/1802"}],"wp:attachment":[{"href":"https:\/\/www.vulcania.com\/science\/wp-json\/wp\/v2\/media?parent=229"}],"wp:term":[{"taxonomy":"tags","embeddable":true,"href":"https:\/\/www.vulcania.com\/science\/wp-json\/wp\/v2\/tags?post=229"}],"curies":[{"name":"wp","href":"https:\/\/api.w.org\/{rel}","templated":true}]}}