{"id":26,"date":"2017-04-26T15:53:28","date_gmt":"2017-04-26T13:53:28","guid":{"rendered":"http:\/\/newscopikatz.scopika.com\/?page_id=26"},"modified":"2025-10-31T11:54:52","modified_gmt":"2025-10-31T10:54:52","slug":"terre","status":"publish","type":"page","link":"https:\/\/www.vulcania.com\/science\/terre\/","title":{"rendered":"Terre"},"content":{"rendered":"<div class=\"wpb-content-wrapper\"><p>[vc_row][vc_column][vc_column_text el_class=\u00a0\u00bbintro\u00a0\u00bb]D\u00e9couvrez la g\u00e9ologie de notre plan\u00e8te \u00e0 travers la section \u00ab\u00a0Terre\u00a0\u00bb de Vulcania. Ces ressources essentielles expliquent les forces qui mod\u00e8lent la surface et l&rsquo;int\u00e9rieur du globe.[\/vc_column_text][vc_column_text]<\/p>\n<h2>Quelle est la structure interne de notre plan\u00e8te ?<\/h2>\n<p>Plongez au c\u0153ur de la Terre pour comprendre sa composition. D\u00e9cortiquez les diff\u00e9rentes couches, de la cro\u00fbte superficielle au manteau, jusqu&rsquo;au noyau externe et interne. Apprenez comment ces couches interagissent.<\/p>\n<h2>Qu&rsquo;est-ce que la tectonique des plaques ?<\/h2>\n<p>Le moteur de la g\u00e9ologie terrestre r\u00e9side dans le mouvement de ses fragments. D\u00e9couvrez comment la d\u00e9rive des continents, la formation des montagnes et les ph\u00e9nom\u00e8nes volcaniques et sismiques sont tous li\u00e9s au mouvement constant des plaques lithosph\u00e9riques.[\/vc_column_text][vc_basic_grid post_type=\u00a0\u00bbpage\u00a0\u00bb max_items=\u00a0\u00bb10&Prime; element_width=\u00a0\u00bb3&Prime; item=\u00a0\u00bb573&Prime; grid_id=\u00a0\u00bbvc_gid:1761907989461-db979e98-db09-3&Prime; taxonomies=\u00a0\u00bb14&Prime;][\/vc_column][\/vc_row]<\/p>\n<\/div>","protected":false},"excerpt":{"rendered":"<p>[vc_row][vc_column][vc_column_text el_class=\u00a0\u00bbintro\u00a0\u00bb]D\u00e9couvrez la g\u00e9ologie de notre plan\u00e8te \u00e0 travers la section \u00ab\u00a0Terre\u00a0\u00bb de Vulcania. Ces ressources essentielles expliquent les forces qui mod\u00e8lent la surface et l&rsquo;int\u00e9rieur du globe.[\/vc_column_text][vc_column_text] Quelle est la structure interne de notre plan\u00e8te ? Plongez au c\u0153ur de la Terre pour comprendre sa composition. D\u00e9cortiquez les diff\u00e9rentes couches, de la cro\u00fbte superficielle [&hellip;]<\/p>\n","protected":false},"author":1,"featured_media":0,"parent":0,"menu_order":0,"comment_status":"closed","ping_status":"closed","template":"","meta":{"footnotes":""},"tags":[],"acf":[],"yoast_head":"<!-- This site is optimized with the Yoast SEO plugin v21.9.1 - https:\/\/yoast.com\/wordpress\/plugins\/seo\/ -->\n<title>Terre<\/title>\n<meta name=\"description\" content=\"\u00c9tudiez la g\u00e9ologie de notre plan\u00e8te. De la tectonique des plaques aux roches, explorez la structure et l&#039;histoire de la Terre.\" \/>\n<meta name=\"robots\" content=\"index, follow, max-snippet:-1, max-image-preview:large, max-video-preview:-1\" \/>\n<link rel=\"canonical\" href=\"https:\/\/www.vulcania.com\/science\/terre\/\" \/>\n<meta property=\"og:locale\" content=\"fr_FR\" \/>\n<meta property=\"og:type\" content=\"article\" \/>\n<meta property=\"og:title\" content=\"Terre\" \/>\n<meta property=\"og:description\" content=\"\u00c9tudiez la g\u00e9ologie de notre plan\u00e8te. De la tectonique des plaques aux roches, explorez la structure et l&#039;histoire de la Terre.\" \/>\n<meta property=\"og:url\" content=\"https:\/\/www.vulcania.com\/science\/terre\/\" \/>\n<meta property=\"og:site_name\" content=\"Vulcania Sciences\" \/>\n<meta property=\"article:publisher\" content=\"https:\/\/www.facebook.com\/ParcVulcania\" \/>\n<meta property=\"article:modified_time\" content=\"2025-10-31T10:54:52+00:00\" \/>\n<meta property=\"og:image\" content=\"https:\/\/www.vulcania.com\/science\/wp-content\/uploads\/2022\/10\/logo-vulcania-sciences.png\" \/>\n\t<meta property=\"og:image:width\" content=\"750\" \/>\n\t<meta property=\"og:image:height\" content=\"300\" \/>\n\t<meta property=\"og:image:type\" content=\"image\/png\" \/>\n<meta name=\"twitter:card\" content=\"summary_large_image\" \/>\n<meta name=\"twitter:site\" content=\"@parc_vulcania\" \/>\n<meta name=\"twitter:label1\" content=\"Dur\u00e9e de lecture estim\u00e9e\" \/>\n\t<meta name=\"twitter:data1\" content=\"1 minute\" \/>\n<script type=\"application\/ld+json\" class=\"yoast-schema-graph\">{\"@context\":\"https:\/\/schema.org\",\"@graph\":[{\"@type\":\"WebPage\",\"@id\":\"https:\/\/www.vulcania.com\/science\/terre\/\",\"url\":\"https:\/\/www.vulcania.com\/science\/terre\/\",\"name\":\"Terre\",\"isPartOf\":{\"@id\":\"https:\/\/www.vulcania.com\/science\/#website\"},\"datePublished\":\"2017-04-26T13:53:28+00:00\",\"dateModified\":\"2025-10-31T10:54:52+00:00\",\"description\":\"\u00c9tudiez la g\u00e9ologie de notre plan\u00e8te. De la tectonique des plaques aux roches, explorez la structure et l'histoire de la Terre.\",\"breadcrumb\":{\"@id\":\"https:\/\/www.vulcania.com\/science\/terre\/#breadcrumb\"},\"inLanguage\":\"fr-FR\",\"potentialAction\":[{\"@type\":\"ReadAction\",\"target\":[\"https:\/\/www.vulcania.com\/science\/terre\/\"]}]},{\"@type\":\"BreadcrumbList\",\"@id\":\"https:\/\/www.vulcania.com\/science\/terre\/#breadcrumb\",\"itemListElement\":[{\"@type\":\"ListItem\",\"position\":1,\"name\":\"Accueil\",\"item\":\"https:\/\/www.vulcania.com\/science\/\"},{\"@type\":\"ListItem\",\"position\":2,\"name\":\"Terre\"}]},{\"@type\":\"WebSite\",\"@id\":\"https:\/\/www.vulcania.com\/science\/#website\",\"url\":\"https:\/\/www.vulcania.com\/science\/\",\"name\":\"Vulcania Sciences\",\"description\":\"\",\"publisher\":{\"@id\":\"https:\/\/www.vulcania.com\/science\/#organization\"},\"potentialAction\":[{\"@type\":\"SearchAction\",\"target\":{\"@type\":\"EntryPoint\",\"urlTemplate\":\"https:\/\/www.vulcania.com\/science\/?s={search_term_string}\"},\"query-input\":\"required name=search_term_string\"}],\"inLanguage\":\"fr-FR\"},{\"@type\":\"Organization\",\"@id\":\"https:\/\/www.vulcania.com\/science\/#organization\",\"name\":\"Vulcania Sciences\",\"url\":\"https:\/\/www.vulcania.com\/science\/\",\"logo\":{\"@type\":\"ImageObject\",\"inLanguage\":\"fr-FR\",\"@id\":\"https:\/\/www.vulcania.com\/science\/#\/schema\/logo\/image\/\",\"url\":\"https:\/\/www.vulcania.com\/science\/wp-content\/uploads\/2017\/06\/logo.png\",\"contentUrl\":\"https:\/\/www.vulcania.com\/science\/wp-content\/uploads\/2017\/06\/logo.png\",\"width\":314,\"height\":142,\"caption\":\"Vulcania Sciences\"},\"image\":{\"@id\":\"https:\/\/www.vulcania.com\/science\/#\/schema\/logo\/image\/\"},\"sameAs\":[\"https:\/\/www.facebook.com\/ParcVulcania\",\"https:\/\/twitter.com\/parc_vulcania\",\"https:\/\/www.youtube.com\/user\/ParcVulcania\"]}]}<\/script>\n<!-- \/ Yoast SEO plugin. -->","yoast_head_json":{"title":"Terre","description":"\u00c9tudiez la g\u00e9ologie de notre plan\u00e8te. De la tectonique des plaques aux roches, explorez la structure et l'histoire de la Terre.","robots":{"index":"index","follow":"follow","max-snippet":"max-snippet:-1","max-image-preview":"max-image-preview:large","max-video-preview":"max-video-preview:-1"},"canonical":"https:\/\/www.vulcania.com\/science\/terre\/","og_locale":"fr_FR","og_type":"article","og_title":"Terre","og_description":"\u00c9tudiez la g\u00e9ologie de notre plan\u00e8te. De la tectonique des plaques aux roches, explorez la structure et l'histoire de la Terre.","og_url":"https:\/\/www.vulcania.com\/science\/terre\/","og_site_name":"Vulcania Sciences","article_publisher":"https:\/\/www.facebook.com\/ParcVulcania","article_modified_time":"2025-10-31T10:54:52+00:00","og_image":[{"width":750,"height":300,"url":"https:\/\/www.vulcania.com\/science\/wp-content\/uploads\/2022\/10\/logo-vulcania-sciences.png","type":"image\/png"}],"twitter_card":"summary_large_image","twitter_site":"@parc_vulcania","twitter_misc":{"Dur\u00e9e de lecture estim\u00e9e":"1 minute"},"schema":{"@context":"https:\/\/schema.org","@graph":[{"@type":"WebPage","@id":"https:\/\/www.vulcania.com\/science\/terre\/","url":"https:\/\/www.vulcania.com\/science\/terre\/","name":"Terre","isPartOf":{"@id":"https:\/\/www.vulcania.com\/science\/#website"},"datePublished":"2017-04-26T13:53:28+00:00","dateModified":"2025-10-31T10:54:52+00:00","description":"\u00c9tudiez la g\u00e9ologie de notre plan\u00e8te. De la tectonique des plaques aux roches, explorez la structure et l'histoire de la Terre.","breadcrumb":{"@id":"https:\/\/www.vulcania.com\/science\/terre\/#breadcrumb"},"inLanguage":"fr-FR","potentialAction":[{"@type":"ReadAction","target":["https:\/\/www.vulcania.com\/science\/terre\/"]}]},{"@type":"BreadcrumbList","@id":"https:\/\/www.vulcania.com\/science\/terre\/#breadcrumb","itemListElement":[{"@type":"ListItem","position":1,"name":"Accueil","item":"https:\/\/www.vulcania.com\/science\/"},{"@type":"ListItem","position":2,"name":"Terre"}]},{"@type":"WebSite","@id":"https:\/\/www.vulcania.com\/science\/#website","url":"https:\/\/www.vulcania.com\/science\/","name":"Vulcania Sciences","description":"","publisher":{"@id":"https:\/\/www.vulcania.com\/science\/#organization"},"potentialAction":[{"@type":"SearchAction","target":{"@type":"EntryPoint","urlTemplate":"https:\/\/www.vulcania.com\/science\/?s={search_term_string}"},"query-input":"required name=search_term_string"}],"inLanguage":"fr-FR"},{"@type":"Organization","@id":"https:\/\/www.vulcania.com\/science\/#organization","name":"Vulcania Sciences","url":"https:\/\/www.vulcania.com\/science\/","logo":{"@type":"ImageObject","inLanguage":"fr-FR","@id":"https:\/\/www.vulcania.com\/science\/#\/schema\/logo\/image\/","url":"https:\/\/www.vulcania.com\/science\/wp-content\/uploads\/2017\/06\/logo.png","contentUrl":"https:\/\/www.vulcania.com\/science\/wp-content\/uploads\/2017\/06\/logo.png","width":314,"height":142,"caption":"Vulcania Sciences"},"image":{"@id":"https:\/\/www.vulcania.com\/science\/#\/schema\/logo\/image\/"},"sameAs":["https:\/\/www.facebook.com\/ParcVulcania","https:\/\/twitter.com\/parc_vulcania","https:\/\/www.youtube.com\/user\/ParcVulcania"]}]}},"_links":{"self":[{"href":"https:\/\/www.vulcania.com\/science\/wp-json\/wp\/v2\/pages\/26"}],"collection":[{"href":"https:\/\/www.vulcania.com\/science\/wp-json\/wp\/v2\/pages"}],"about":[{"href":"https:\/\/www.vulcania.com\/science\/wp-json\/wp\/v2\/types\/page"}],"author":[{"embeddable":true,"href":"https:\/\/www.vulcania.com\/science\/wp-json\/wp\/v2\/users\/1"}],"replies":[{"embeddable":true,"href":"https:\/\/www.vulcania.com\/science\/wp-json\/wp\/v2\/comments?post=26"}],"version-history":[{"count":44,"href":"https:\/\/www.vulcania.com\/science\/wp-json\/wp\/v2\/pages\/26\/revisions"}],"predecessor-version":[{"id":1941,"href":"https:\/\/www.vulcania.com\/science\/wp-json\/wp\/v2\/pages\/26\/revisions\/1941"}],"wp:attachment":[{"href":"https:\/\/www.vulcania.com\/science\/wp-json\/wp\/v2\/media?parent=26"}],"wp:term":[{"taxonomy":"tags","embeddable":true,"href":"https:\/\/www.vulcania.com\/science\/wp-json\/wp\/v2\/tags?post=26"}],"curies":[{"name":"wp","href":"https:\/\/api.w.org\/{rel}","templated":true}]}}