{"id":378,"date":"2021-03-31T16:26:52","date_gmt":"2021-03-31T14:26:52","guid":{"rendered":"https:\/\/www.vulcania.com\/science\/?page_id=378"},"modified":"2023-03-22T10:08:23","modified_gmt":"2023-03-22T09:08:23","slug":"monts-dore-et-sancy","status":"publish","type":"page","link":"https:\/\/www.vulcania.com\/science\/auvergne\/volcans-dauvergne\/monts-dore-et-sancy\/","title":{"rendered":"Monts dore et Sancy"},"content":{"rendered":"<div class=\"wpb-content-wrapper\"><p>[vc_row el_class=\u00a0\u00bbbloc-titre\u00a0\u00bb][vc_column width=\u00a0\u00bb1\/12&Prime;][\/vc_column][vc_column width=\u00a0\u00bb10\/12&Prime;][vc_column_text]L\u2019imposant <strong>massif des Monts Dore<\/strong> (\u00e0 ne pas confondre avec la ville du Mont-Dore) est en fait le regroupement de plusieurs ensembles volcaniques, parmi lesquels le massif de l\u2019Aiguiller et le <a href=\"\/science\/reperes\/glossaire\/#1668609828624-841a26dd-f53c1aa2-532d\" target=\"_blank\" rel=\"noopener\">strato-volcan<\/a> du Sancy.<\/p>\n<div id=\"c69979\" class=\"csc-default\">\n<p class=\"bodytext\">L\u2019<strong>activit\u00e9 volcanique<\/strong>, parfois interrompue par des phases de sommeil de plusieurs centaines de milliers d\u2019ann\u00e9es, y d\u00e9buta par de vastes \u00e9panchements de <a href=\"\/science\/reperes\/glossaire\/#1668608406291-83839136-5e0c1aa2-532d\" target=\"_blank\" rel=\"noopener\">basalte<\/a>, il y a quelque 10 millions d\u2019ann\u00e9es (Ma).<\/p>\n<p class=\"bodytext\">\u00c9v\u00e9nement majeur, une gigantesque\u00a0<strong>\u00e9ruption explosive<\/strong> se produisit il y a 3 Ma, r\u00e9pandant la \u00ab Grande Nappe de ponces \u00bb, dont le volume est estim\u00e9 de 9 km3. \u00c0 la suite de ce cataclysme, le vide cr\u00e9\u00e9 en profondeur provoqua l\u2019effondrement de la <a href=\"\/science\/reperes\/glossaire\/#1668608596633-27588440-7f4b1aa2-532d\" target=\"_blank\" rel=\"noopener\">caldera<\/a> de Haute-Dordogne.<\/p>\n<p class=\"bodytext\">Ce paroxysme fut suivi par la mise en place d\u2019une multitude d\u2019\u00e9difices p\u00e9riph\u00e9riques, dont plusieurs\u00a0<strong>d\u00f4mes de lave visqueuse<\/strong>, comme les\u00a0<strong>roches Tuili\u00e8re et Sanadoire\u00a0<\/strong>qui se dressent au Nord du massif.<br \/>\nL\u2019activit\u00e9 de cette zone s\u2019ach\u00e8ve avec l\u2019\u00e9dification du\u00a0<strong><a href=\"\/science\/reperes\/glossaire\/#1668609828624-841a26dd-f53c1aa2-532d\" target=\"_blank\" rel=\"noopener\">strato-volcan<\/a> du Sancy<\/strong>, achev\u00e9e il y a seulement 250 000 ans, et actuel point culminant du Massif Central (1 886 m). Si les morphologies volcaniques, tr\u00e8s remani\u00e9es, sont difficilement reconnaissables, les reliefs restent vigoureux, du fait de la relative jeunesse de l\u2019ensemble.<\/p>\n<p class=\"bodytext\">Cern\u00e9 de bois et de l\u00e9gendes, le <strong>lac Pavin<\/strong>\u00a0est install\u00e9 dans le crat\u00e8re d\u2019un\u00a0<a href=\"\/science\/reperes\/glossaire\/#1668609116035-93195f3b-71d11aa2-532d\" target=\"_blank\" rel=\"noopener\"><strong>maar<\/strong><\/a>\u00a0de 1 km de diam\u00e8tre ; c\u2019est le plus jeune volcan de France m\u00e9tropolitaine, \u00e0 peine vieux de 6 700 ans. S\u2019il est g\u00e9ographiquement associ\u00e9 au massif des Monts Dore, les caract\u00e9ristiques et l\u2019\u00e2ge du Pavin le rattachent plut\u00f4t au\u00a0<strong>volcanisme<\/strong> de la Cha\u00eene de Puys.<\/p>\n<p class=\"bodytext\">Dans la <strong>vall\u00e9e glaciaire de Chaudefour<\/strong>\u00a0entaillant les flancs du Sancy, l\u2019impressionnante Dent de la Rancune, pris\u00e9e des alpinistes, est un\u00a0<strong>dyke<\/strong>, c\u2019est-\u00e0-dire une \u00e9paisse lame de lave fig\u00e9e dans une ancienne fissure d\u2019alimentation, mise \u00e0 nu par l\u2019\u00e9rosion mill\u00e9naire.<\/p>\n<\/div>\n<p>[\/vc_column_text][\/vc_column][vc_column width=\u00a0\u00bb1\/12&Prime;][\/vc_column][\/vc_row][vc_row][vc_column width=\u00a0\u00bb1\/12&Prime;][\/vc_column][vc_column width=\u00a0\u00bb10\/12&Prime;][vc_column_text]<\/p>\n<h3>Les autres ensembles g\u00e9ologiques de l&rsquo;Auvergne volcanique :<\/h3>\n<p>[\/vc_column_text][vc_basic_grid post_type=\u00a0\u00bbpage\u00a0\u00bb max_items=\u00a0\u00bb10&Prime; element_width=\u00a0\u00bb3&Prime; item=\u00a0\u00bb573&Prime; grid_id=\u00a0\u00bbvc_gid:1679476050869-a43e170a-a316-0&Prime; taxonomies=\u00a0\u00bb18&Prime;][\/vc_column][vc_column width=\u00a0\u00bb1\/12&Prime;][\/vc_column][\/vc_row][vc_row][vc_column]<div class=\"templatera_shortcode\"><div class=\"vc_row wpb_row vc_row-fluid noprint\"><div class=\"wpb_column vc_column_container vc_col-sm-12\"><div class=\"vc_column-inner\"><div class=\"wpb_wrapper\"><div class=\"vc_separator wpb_content_element vc_separator_align_center vc_sep_width_100 vc_sep_dashed vc_sep_pos_align_center vc_separator-has-text\" ><span class=\"vc_sep_holder vc_sep_holder_l\"><span style=\"border-color:#888888;\" class=\"vc_sep_line\"><\/span><\/span><h4>Exp\u00e9rimentez \u00e0 Vulcania<\/h4><span class=\"vc_sep_holder vc_sep_holder_r\"><span style=\"border-color:#888888;\" class=\"vc_sep_line\"><\/span><\/span>\n<\/div><div class=\"vc_row wpb_row vc_inner vc_row-fluid\"><div class=\"wpb_column vc_column_container vc_col-sm-1\"><div class=\"vc_column-inner\"><div class=\"wpb_wrapper\"><\/div><\/div><\/div><div class=\"wpb_column vc_column_container vc_col-sm-5\"><div class=\"vc_column-inner\"><div class=\"wpb_wrapper\">\n\t<div  class=\"wpb_single_image wpb_content_element vc_align_left\">\n\t\t\n\t\t<figure class=\"wpb_wrapper vc_figure\">\n\t\t\t<a href=\"https:\/\/www.vulcania.com\/animation\/reveil-des-geants-d-auvergne\/\" target=\"_self\" class=\"vc_single_image-wrapper vc_box_rounded  vc_box_border_grey\"><img loading=\"lazy\" decoding=\"async\" width=\"585\" height=\"281\" src=\"https:\/\/www.vulcania.com\/science\/wp-content\/uploads\/2021\/03\/reveil-des-geants-auvergne_600x288-585x281.jpg\" class=\"vc_single_image-img attachment-medium\" alt=\"\" title=\"reveil-des-geants-auvergne_600x288\" srcset=\"https:\/\/www.vulcania.com\/science\/wp-content\/uploads\/2021\/03\/reveil-des-geants-auvergne_600x288-585x281.jpg 585w, https:\/\/www.vulcania.com\/science\/wp-content\/uploads\/2021\/03\/reveil-des-geants-auvergne_600x288.jpg 600w\" sizes=\"(max-width: 585px) 100vw, 585px\" \/><\/a>\n\t\t<\/figure>\n\t<\/div>\n<\/div><\/div><\/div><div class=\"wpb_column vc_column_container vc_col-sm-5\"><div class=\"vc_column-inner\"><div class=\"wpb_wrapper\">\n\t<div class=\"wpb_text_column wpb_content_element \" >\n\t\t<div class=\"wpb_wrapper\">\n\t\t\t<h3>R\u00e9veil des G\u00e9ants d'Auvergne<\/h3>\n<p>Depuis environ 7000 ans, le volcanisme d'Auvergne semble en sommeil... Et si les volcans de la Cha\u00eene des Puys se r\u00e9veillaient ? Vivez en direct leur r\u00e9veil dans cette attraction dynamique !<\/p>\n\n\t\t<\/div>\n\t<\/div>\n<div class=\"vc_btn3-container  bouton coul-1 vc_btn3-inline\" ><a class=\"vc_general vc_btn3 vc_btn3-size-md vc_btn3-shape-rounded vc_btn3-style-modern vc_btn3-color-grey\" href=\"https:\/\/www.vulcania.com\/animation\/reveil-des-geants-d-auvergne\/\" title=\"\">En savoir plus sur \"R\u00e9veil des g\u00e9ants d'Auvergne\"<\/a><\/div><\/div><\/div><\/div><div class=\"wpb_column vc_column_container vc_col-sm-1\"><div class=\"vc_column-inner\"><div class=\"wpb_wrapper\"><\/div><\/div><\/div><\/div><\/div><\/div><\/div><\/div><\/div>[\/vc_column][\/vc_row]<\/p>\n<\/div>","protected":false},"excerpt":{"rendered":"Exp\u00e9rimentez \u00e0 Vulcania R\u00e9veil des G\u00e9ants d'Auvergne Depuis environ 7000 ans, le volcanisme d'Auvergne semble en sommeil... Et si les volcans de la Cha\u00eene des Puys se r\u00e9veillaient ? Vivez en direct leur r\u00e9veil dans cette attraction dynamique ! En savoir plus sur \"R\u00e9veil des g\u00e9ants d'Auvergne\"","protected":false},"author":4,"featured_media":764,"parent":227,"menu_order":0,"comment_status":"closed","ping_status":"closed","template":"","meta":{"footnotes":""},"tags":[18],"acf":[],"yoast_head":"<!-- This site is optimized with the Yoast SEO plugin v21.9.1 - https:\/\/yoast.com\/wordpress\/plugins\/seo\/ -->\n<title>Massif des Monts Dore et strato-volcan du Sancy<\/title>\n<meta name=\"description\" content=\"D\u00e9couvrez comment s&#039;est form\u00e9 le regroupement d&#039;ensembles volcaniques du massif du Monts Dore et apprenez-en plus sur le Sancy, ce strato-volcan culminant \u00e0 1886m.\" \/>\n<meta name=\"robots\" content=\"index, follow, max-snippet:-1, max-image-preview:large, max-video-preview:-1\" \/>\n<link rel=\"canonical\" href=\"https:\/\/www.vulcania.com\/science\/auvergne\/volcans-dauvergne\/monts-dore-et-sancy\/\" \/>\n<meta property=\"og:locale\" content=\"fr_FR\" \/>\n<meta property=\"og:type\" content=\"article\" \/>\n<meta property=\"og:title\" content=\"Massif des Monts Dore et strato-volcan du Sancy\" \/>\n<meta property=\"og:description\" content=\"D\u00e9couvrez comment s&#039;est form\u00e9 le regroupement d&#039;ensembles volcaniques du massif du Monts Dore et apprenez-en plus sur le Sancy, ce strato-volcan culminant \u00e0 1886m.\" \/>\n<meta property=\"og:url\" content=\"https:\/\/www.vulcania.com\/science\/auvergne\/volcans-dauvergne\/monts-dore-et-sancy\/\" \/>\n<meta property=\"og:site_name\" content=\"Vulcania Sciences\" \/>\n<meta property=\"article:publisher\" content=\"https:\/\/www.facebook.com\/ParcVulcania\" \/>\n<meta property=\"article:modified_time\" content=\"2023-03-22T09:08:23+00:00\" \/>\n<meta property=\"og:image\" content=\"https:\/\/www.vulcania.com\/science\/wp-content\/uploads\/2023\/02\/opengraph-monts-dore-sancy_1200x630.jpg\" \/>\n\t<meta property=\"og:image:width\" content=\"1200\" \/>\n\t<meta property=\"og:image:height\" content=\"630\" \/>\n\t<meta property=\"og:image:type\" content=\"image\/jpeg\" \/>\n<meta name=\"twitter:card\" content=\"summary_large_image\" \/>\n<meta name=\"twitter:title\" content=\"Massif des Monts Dore et strato-volcan du Sancy\" \/>\n<meta name=\"twitter:description\" content=\"D\u00e9couvrez comment s&#039;est form\u00e9 le regroupement d&#039;ensembles volcaniques du massif du Monts Dore et apprenez-en plus sur le Sancy, ce strato-volcan culminant \u00e0 1886m.\" \/>\n<meta name=\"twitter:image\" content=\"https:\/\/www.vulcania.com\/science\/wp-content\/uploads\/2023\/02\/opengraph-monts-dore-sancy_1200x630.jpg\" \/>\n<meta name=\"twitter:site\" content=\"@parc_vulcania\" \/>\n<meta name=\"twitter:label1\" content=\"Dur\u00e9e de lecture estim\u00e9e\" \/>\n\t<meta name=\"twitter:data1\" content=\"2 minutes\" \/>\n<script type=\"application\/ld+json\" class=\"yoast-schema-graph\">{\"@context\":\"https:\/\/schema.org\",\"@graph\":[{\"@type\":\"WebPage\",\"@id\":\"https:\/\/www.vulcania.com\/science\/auvergne\/volcans-dauvergne\/monts-dore-et-sancy\/\",\"url\":\"https:\/\/www.vulcania.com\/science\/auvergne\/volcans-dauvergne\/monts-dore-et-sancy\/\",\"name\":\"Massif des Monts Dore et strato-volcan du Sancy\",\"isPartOf\":{\"@id\":\"https:\/\/www.vulcania.com\/science\/#website\"},\"datePublished\":\"2021-03-31T14:26:52+00:00\",\"dateModified\":\"2023-03-22T09:08:23+00:00\",\"description\":\"D\u00e9couvrez comment s'est form\u00e9 le regroupement d'ensembles volcaniques du massif du Monts Dore et apprenez-en plus sur le Sancy, ce strato-volcan culminant \u00e0 1886m.\",\"breadcrumb\":{\"@id\":\"https:\/\/www.vulcania.com\/science\/auvergne\/volcans-dauvergne\/monts-dore-et-sancy\/#breadcrumb\"},\"inLanguage\":\"fr-FR\",\"potentialAction\":[{\"@type\":\"ReadAction\",\"target\":[\"https:\/\/www.vulcania.com\/science\/auvergne\/volcans-dauvergne\/monts-dore-et-sancy\/\"]}]},{\"@type\":\"BreadcrumbList\",\"@id\":\"https:\/\/www.vulcania.com\/science\/auvergne\/volcans-dauvergne\/monts-dore-et-sancy\/#breadcrumb\",\"itemListElement\":[{\"@type\":\"ListItem\",\"position\":1,\"name\":\"Accueil\",\"item\":\"https:\/\/www.vulcania.com\/science\/\"},{\"@type\":\"ListItem\",\"position\":2,\"name\":\"Auvergne\",\"item\":\"https:\/\/www.vulcania.com\/science\/auvergne\/\"},{\"@type\":\"ListItem\",\"position\":3,\"name\":\"Volcans d&rsquo;Auvergne\",\"item\":\"https:\/\/www.vulcania.com\/science\/auvergne\/volcans-dauvergne\/\"},{\"@type\":\"ListItem\",\"position\":4,\"name\":\"Monts dore et Sancy\"}]},{\"@type\":\"WebSite\",\"@id\":\"https:\/\/www.vulcania.com\/science\/#website\",\"url\":\"https:\/\/www.vulcania.com\/science\/\",\"name\":\"Vulcania Sciences\",\"description\":\"\",\"publisher\":{\"@id\":\"https:\/\/www.vulcania.com\/science\/#organization\"},\"potentialAction\":[{\"@type\":\"SearchAction\",\"target\":{\"@type\":\"EntryPoint\",\"urlTemplate\":\"https:\/\/www.vulcania.com\/science\/?s={search_term_string}\"},\"query-input\":\"required name=search_term_string\"}],\"inLanguage\":\"fr-FR\"},{\"@type\":\"Organization\",\"@id\":\"https:\/\/www.vulcania.com\/science\/#organization\",\"name\":\"Vulcania Sciences\",\"url\":\"https:\/\/www.vulcania.com\/science\/\",\"logo\":{\"@type\":\"ImageObject\",\"inLanguage\":\"fr-FR\",\"@id\":\"https:\/\/www.vulcania.com\/science\/#\/schema\/logo\/image\/\",\"url\":\"https:\/\/www.vulcania.com\/science\/wp-content\/uploads\/2017\/06\/logo.png\",\"contentUrl\":\"https:\/\/www.vulcania.com\/science\/wp-content\/uploads\/2017\/06\/logo.png\",\"width\":314,\"height\":142,\"caption\":\"Vulcania Sciences\"},\"image\":{\"@id\":\"https:\/\/www.vulcania.com\/science\/#\/schema\/logo\/image\/\"},\"sameAs\":[\"https:\/\/www.facebook.com\/ParcVulcania\",\"https:\/\/twitter.com\/parc_vulcania\",\"https:\/\/www.youtube.com\/user\/ParcVulcania\"]}]}<\/script>\n<!-- \/ Yoast SEO plugin. -->","yoast_head_json":{"title":"Massif des Monts Dore et strato-volcan du Sancy","description":"D\u00e9couvrez comment s'est form\u00e9 le regroupement d'ensembles volcaniques du massif du Monts Dore et apprenez-en plus sur le Sancy, ce strato-volcan culminant \u00e0 1886m.","robots":{"index":"index","follow":"follow","max-snippet":"max-snippet:-1","max-image-preview":"max-image-preview:large","max-video-preview":"max-video-preview:-1"},"canonical":"https:\/\/www.vulcania.com\/science\/auvergne\/volcans-dauvergne\/monts-dore-et-sancy\/","og_locale":"fr_FR","og_type":"article","og_title":"Massif des Monts Dore et strato-volcan du Sancy","og_description":"D\u00e9couvrez comment s'est form\u00e9 le regroupement d'ensembles volcaniques du massif du Monts Dore et apprenez-en plus sur le Sancy, ce strato-volcan culminant \u00e0 1886m.","og_url":"https:\/\/www.vulcania.com\/science\/auvergne\/volcans-dauvergne\/monts-dore-et-sancy\/","og_site_name":"Vulcania Sciences","article_publisher":"https:\/\/www.facebook.com\/ParcVulcania","article_modified_time":"2023-03-22T09:08:23+00:00","og_image":[{"width":1200,"height":630,"url":"https:\/\/www.vulcania.com\/science\/wp-content\/uploads\/2023\/02\/opengraph-monts-dore-sancy_1200x630.jpg","type":"image\/jpeg"}],"twitter_card":"summary_large_image","twitter_title":"Massif des Monts Dore et strato-volcan du Sancy","twitter_description":"D\u00e9couvrez comment s'est form\u00e9 le regroupement d'ensembles volcaniques du massif du Monts Dore et apprenez-en plus sur le Sancy, ce strato-volcan culminant \u00e0 1886m.","twitter_image":"https:\/\/www.vulcania.com\/science\/wp-content\/uploads\/2023\/02\/opengraph-monts-dore-sancy_1200x630.jpg","twitter_site":"@parc_vulcania","twitter_misc":{"Dur\u00e9e de lecture estim\u00e9e":"2 minutes"},"schema":{"@context":"https:\/\/schema.org","@graph":[{"@type":"WebPage","@id":"https:\/\/www.vulcania.com\/science\/auvergne\/volcans-dauvergne\/monts-dore-et-sancy\/","url":"https:\/\/www.vulcania.com\/science\/auvergne\/volcans-dauvergne\/monts-dore-et-sancy\/","name":"Massif des Monts Dore et strato-volcan du Sancy","isPartOf":{"@id":"https:\/\/www.vulcania.com\/science\/#website"},"datePublished":"2021-03-31T14:26:52+00:00","dateModified":"2023-03-22T09:08:23+00:00","description":"D\u00e9couvrez comment s'est form\u00e9 le regroupement d'ensembles volcaniques du massif du Monts Dore et apprenez-en plus sur le Sancy, ce strato-volcan culminant \u00e0 1886m.","breadcrumb":{"@id":"https:\/\/www.vulcania.com\/science\/auvergne\/volcans-dauvergne\/monts-dore-et-sancy\/#breadcrumb"},"inLanguage":"fr-FR","potentialAction":[{"@type":"ReadAction","target":["https:\/\/www.vulcania.com\/science\/auvergne\/volcans-dauvergne\/monts-dore-et-sancy\/"]}]},{"@type":"BreadcrumbList","@id":"https:\/\/www.vulcania.com\/science\/auvergne\/volcans-dauvergne\/monts-dore-et-sancy\/#breadcrumb","itemListElement":[{"@type":"ListItem","position":1,"name":"Accueil","item":"https:\/\/www.vulcania.com\/science\/"},{"@type":"ListItem","position":2,"name":"Auvergne","item":"https:\/\/www.vulcania.com\/science\/auvergne\/"},{"@type":"ListItem","position":3,"name":"Volcans d&rsquo;Auvergne","item":"https:\/\/www.vulcania.com\/science\/auvergne\/volcans-dauvergne\/"},{"@type":"ListItem","position":4,"name":"Monts dore et Sancy"}]},{"@type":"WebSite","@id":"https:\/\/www.vulcania.com\/science\/#website","url":"https:\/\/www.vulcania.com\/science\/","name":"Vulcania Sciences","description":"","publisher":{"@id":"https:\/\/www.vulcania.com\/science\/#organization"},"potentialAction":[{"@type":"SearchAction","target":{"@type":"EntryPoint","urlTemplate":"https:\/\/www.vulcania.com\/science\/?s={search_term_string}"},"query-input":"required name=search_term_string"}],"inLanguage":"fr-FR"},{"@type":"Organization","@id":"https:\/\/www.vulcania.com\/science\/#organization","name":"Vulcania Sciences","url":"https:\/\/www.vulcania.com\/science\/","logo":{"@type":"ImageObject","inLanguage":"fr-FR","@id":"https:\/\/www.vulcania.com\/science\/#\/schema\/logo\/image\/","url":"https:\/\/www.vulcania.com\/science\/wp-content\/uploads\/2017\/06\/logo.png","contentUrl":"https:\/\/www.vulcania.com\/science\/wp-content\/uploads\/2017\/06\/logo.png","width":314,"height":142,"caption":"Vulcania Sciences"},"image":{"@id":"https:\/\/www.vulcania.com\/science\/#\/schema\/logo\/image\/"},"sameAs":["https:\/\/www.facebook.com\/ParcVulcania","https:\/\/twitter.com\/parc_vulcania","https:\/\/www.youtube.com\/user\/ParcVulcania"]}]}},"_links":{"self":[{"href":"https:\/\/www.vulcania.com\/science\/wp-json\/wp\/v2\/pages\/378"}],"collection":[{"href":"https:\/\/www.vulcania.com\/science\/wp-json\/wp\/v2\/pages"}],"about":[{"href":"https:\/\/www.vulcania.com\/science\/wp-json\/wp\/v2\/types\/page"}],"author":[{"embeddable":true,"href":"https:\/\/www.vulcania.com\/science\/wp-json\/wp\/v2\/users\/4"}],"replies":[{"embeddable":true,"href":"https:\/\/www.vulcania.com\/science\/wp-json\/wp\/v2\/comments?post=378"}],"version-history":[{"count":24,"href":"https:\/\/www.vulcania.com\/science\/wp-json\/wp\/v2\/pages\/378\/revisions"}],"predecessor-version":[{"id":1402,"href":"https:\/\/www.vulcania.com\/science\/wp-json\/wp\/v2\/pages\/378\/revisions\/1402"}],"up":[{"embeddable":true,"href":"https:\/\/www.vulcania.com\/science\/wp-json\/wp\/v2\/pages\/227"}],"wp:featuredmedia":[{"embeddable":true,"href":"https:\/\/www.vulcania.com\/science\/wp-json\/wp\/v2\/media\/764"}],"wp:attachment":[{"href":"https:\/\/www.vulcania.com\/science\/wp-json\/wp\/v2\/media?parent=378"}],"wp:term":[{"taxonomy":"tags","embeddable":true,"href":"https:\/\/www.vulcania.com\/science\/wp-json\/wp\/v2\/tags?post=378"}],"curies":[{"name":"wp","href":"https:\/\/api.w.org\/{rel}","templated":true}]}}