{"id":385,"date":"2021-03-31T16:31:50","date_gmt":"2021-03-31T14:31:50","guid":{"rendered":"https:\/\/www.vulcania.com\/science\/?page_id=385"},"modified":"2023-03-22T10:05:33","modified_gmt":"2023-03-22T09:05:33","slug":"limagne","status":"publish","type":"page","link":"https:\/\/www.vulcania.com\/science\/auvergne\/volcans-dauvergne\/limagne\/","title":{"rendered":"Limagne"},"content":{"rendered":"<div class=\"wpb-content-wrapper\"><p>[vc_row el_class=\u00a0\u00bbbloc-titre\u00a0\u00bb][vc_column width=\u00a0\u00bb1\/12&Prime;][\/vc_column][vc_column width=\u00a0\u00bb10\/12&Prime;][vc_column_text]La\u00a0<strong>Limagne<\/strong>,\u00a0<strong>grand foss\u00e9 d\u2019effondrement<\/strong>, fut autrefois le lieu de nombreuses \u00e9ruptions, dont seules quelques traces subsistent aujourd\u2019hui. Pr\u00e8s de deux cents points d\u2019\u00e9missions sont r\u00e9pertori\u00e9s, mais l\u2019\u00e9rosion a effac\u00e9 bon nombre d\u2019\u00e9difices.<\/p>\n<p>Parmi ceux-ci, les\u00a0<strong>\u2018\u2018maars\u2019\u2019<\/strong>, ces crat\u00e8res d\u2019explosion brutalement poin\u00e7onn\u00e9s dans le sol, peuvent rapidement dispara\u00eetre, combl\u00e9s par les alluvions.<\/p>\n<p>Probablement ignor\u00e9 de la plupart de ses habitants, l\u2019un d\u2019eux se trouve en plein c\u0153ur de la ville de Clermont-Ferrand : ainsi la cath\u00e9drale Notre-Dame est-elle b\u00e2tie sur le rebord oriental d\u2019un vaste\u00a0<strong>crat\u00e8re d\u2019explosion<\/strong> de 1 500 m de diam\u00e8tre, form\u00e9 il y a 160 000 ans.<\/p>\n<p>Haut lieu du pays arverne, le plateau de Gergovie est principalement constitu\u00e9 par une <strong>coul\u00e9e de <a href=\"\/science\/reperes\/glossaire\/#1668608406291-83839136-5e0c1aa2-532d\" target=\"_blank\" rel=\"noopener\">basalte<\/a><\/strong>\u00a0datant de 16 millions d\u2019ann\u00e9es. Sa position \u00ab perch\u00e9e \u00bb constitue une inversion de relief, la vall\u00e9e initiale encaissante, plus meuble, ayant \u00e9t\u00e9 aras\u00e9e par l\u2019\u00e9rosion.[\/vc_column_text][\/vc_column][vc_column width=\u00a0\u00bb1\/12&Prime;][\/vc_column][\/vc_row][vc_row][vc_column width=\u00a0\u00bb1\/12&Prime;][\/vc_column][vc_column width=\u00a0\u00bb10\/12&Prime;][vc_column_text]<\/p>\n<h3>Les autres ensembles g\u00e9ologiques de l&rsquo;Auvergne volcanique :<\/h3>\n<p>[\/vc_column_text][vc_basic_grid post_type=\u00a0\u00bbpage\u00a0\u00bb max_items=\u00a0\u00bb10&Prime; element_width=\u00a0\u00bb3&Prime; item=\u00a0\u00bb573&Prime; grid_id=\u00a0\u00bbvc_gid:1679475909621-2eaac802-2fc1-9&Prime; taxonomies=\u00a0\u00bb18&Prime;][\/vc_column][vc_column width=\u00a0\u00bb1\/12&Prime;][\/vc_column][\/vc_row][vc_row][vc_column]<div class=\"templatera_shortcode\"><div class=\"vc_row wpb_row vc_row-fluid noprint\"><div class=\"wpb_column vc_column_container vc_col-sm-12\"><div class=\"vc_column-inner\"><div class=\"wpb_wrapper\"><div class=\"vc_separator wpb_content_element vc_separator_align_center vc_sep_width_100 vc_sep_dashed vc_sep_pos_align_center vc_separator-has-text\" ><span class=\"vc_sep_holder vc_sep_holder_l\"><span style=\"border-color:#888888;\" class=\"vc_sep_line\"><\/span><\/span><h4>Exp\u00e9rimentez \u00e0 Vulcania<\/h4><span class=\"vc_sep_holder vc_sep_holder_r\"><span style=\"border-color:#888888;\" class=\"vc_sep_line\"><\/span><\/span>\n<\/div><div class=\"vc_row wpb_row vc_inner vc_row-fluid\"><div class=\"wpb_column vc_column_container vc_col-sm-1\"><div class=\"vc_column-inner\"><div class=\"wpb_wrapper\"><\/div><\/div><\/div><div class=\"wpb_column vc_column_container vc_col-sm-5\"><div class=\"vc_column-inner\"><div class=\"wpb_wrapper\">\n\t<div  class=\"wpb_single_image wpb_content_element vc_align_left\">\n\t\t\n\t\t<figure class=\"wpb_wrapper vc_figure\">\n\t\t\t<a href=\"https:\/\/www.vulcania.com\/animation\/reveil-des-geants-d-auvergne\/\" target=\"_self\" class=\"vc_single_image-wrapper vc_box_rounded  vc_box_border_grey\"><img loading=\"lazy\" decoding=\"async\" width=\"585\" height=\"281\" src=\"https:\/\/www.vulcania.com\/science\/wp-content\/uploads\/2021\/03\/reveil-des-geants-auvergne_600x288-585x281.jpg\" class=\"vc_single_image-img attachment-medium\" alt=\"\" title=\"reveil-des-geants-auvergne_600x288\" srcset=\"https:\/\/www.vulcania.com\/science\/wp-content\/uploads\/2021\/03\/reveil-des-geants-auvergne_600x288-585x281.jpg 585w, https:\/\/www.vulcania.com\/science\/wp-content\/uploads\/2021\/03\/reveil-des-geants-auvergne_600x288.jpg 600w\" sizes=\"(max-width: 585px) 100vw, 585px\" \/><\/a>\n\t\t<\/figure>\n\t<\/div>\n<\/div><\/div><\/div><div class=\"wpb_column vc_column_container vc_col-sm-5\"><div class=\"vc_column-inner\"><div class=\"wpb_wrapper\">\n\t<div class=\"wpb_text_column wpb_content_element \" >\n\t\t<div class=\"wpb_wrapper\">\n\t\t\t<h3>R\u00e9veil des G\u00e9ants d'Auvergne<\/h3>\n<p>Depuis environ 7000 ans, le volcanisme d'Auvergne semble en sommeil... Et si les volcans de la Cha\u00eene des Puys se r\u00e9veillaient ? Vivez en direct leur r\u00e9veil dans cette attraction dynamique !<\/p>\n\n\t\t<\/div>\n\t<\/div>\n<div class=\"vc_btn3-container  bouton coul-1 vc_btn3-inline\" ><a class=\"vc_general vc_btn3 vc_btn3-size-md vc_btn3-shape-rounded vc_btn3-style-modern vc_btn3-color-grey\" href=\"https:\/\/www.vulcania.com\/animation\/reveil-des-geants-d-auvergne\/\" title=\"\">En savoir plus sur \"R\u00e9veil des g\u00e9ants d'Auvergne\"<\/a><\/div><\/div><\/div><\/div><div class=\"wpb_column vc_column_container vc_col-sm-1\"><div class=\"vc_column-inner\"><div class=\"wpb_wrapper\"><\/div><\/div><\/div><\/div><\/div><\/div><\/div><\/div><\/div>[\/vc_column][\/vc_row]<\/p>\n<\/div>","protected":false},"excerpt":{"rendered":"Exp\u00e9rimentez \u00e0 Vulcania R\u00e9veil des G\u00e9ants d'Auvergne Depuis environ 7000 ans, le volcanisme d'Auvergne semble en sommeil... Et si les volcans de la Cha\u00eene des Puys se r\u00e9veillaient ? Vivez en direct leur r\u00e9veil dans cette attraction dynamique ! En savoir plus sur \"R\u00e9veil des g\u00e9ants d'Auvergne\"","protected":false},"author":4,"featured_media":760,"parent":227,"menu_order":0,"comment_status":"closed","ping_status":"closed","template":"","meta":{"footnotes":""},"tags":[18],"acf":[],"yoast_head":"<!-- This site is optimized with the Yoast SEO plugin v21.9.1 - https:\/\/yoast.com\/wordpress\/plugins\/seo\/ -->\n<title>En savoir plus sur la faille de Limagne avec Vulcania<\/title>\n<meta name=\"description\" content=\"Grand foss\u00e9 d&#039;effondrement, la Limagne a connu de nombreuses \u00e9ruptions\u2026 D\u00e9couvrez cet espace m\u00e9connu de l&#039;Auvergne avec Vulcania.\" \/>\n<meta name=\"robots\" content=\"index, follow, max-snippet:-1, max-image-preview:large, max-video-preview:-1\" \/>\n<link rel=\"canonical\" href=\"https:\/\/www.vulcania.com\/science\/auvergne\/volcans-dauvergne\/limagne\/\" \/>\n<meta property=\"og:locale\" content=\"fr_FR\" \/>\n<meta property=\"og:type\" content=\"article\" \/>\n<meta property=\"og:title\" content=\"En savoir plus sur la faille de Limagne avec Vulcania\" \/>\n<meta property=\"og:description\" content=\"Grand foss\u00e9 d&#039;effondrement, la Limagne a connu de nombreuses \u00e9ruptions\u2026 D\u00e9couvrez cet espace m\u00e9connu de l&#039;Auvergne avec Vulcania.\" \/>\n<meta property=\"og:url\" content=\"https:\/\/www.vulcania.com\/science\/auvergne\/volcans-dauvergne\/limagne\/\" \/>\n<meta property=\"og:site_name\" content=\"Vulcania Sciences\" \/>\n<meta property=\"article:publisher\" content=\"https:\/\/www.facebook.com\/ParcVulcania\" \/>\n<meta property=\"article:modified_time\" content=\"2023-03-22T09:05:33+00:00\" \/>\n<meta property=\"og:image\" content=\"https:\/\/www.vulcania.com\/science\/wp-content\/uploads\/2023\/02\/opengraph-limagne_1200x630.jpg\" \/>\n\t<meta property=\"og:image:width\" content=\"1200\" \/>\n\t<meta property=\"og:image:height\" content=\"630\" \/>\n\t<meta property=\"og:image:type\" content=\"image\/jpeg\" \/>\n<meta name=\"twitter:card\" content=\"summary_large_image\" \/>\n<meta name=\"twitter:title\" content=\"En savoir plus sur la faille de Limagne avec Vulcania\" \/>\n<meta name=\"twitter:description\" content=\"Grand foss\u00e9 d&#039;effondrement, la Limagne a connu de nombreuses \u00e9ruptions\u2026 D\u00e9couvrez cet espace m\u00e9connu de l&#039;Auvergne avec Vulcania.\" \/>\n<meta name=\"twitter:image\" content=\"https:\/\/www.vulcania.com\/science\/wp-content\/uploads\/2023\/02\/opengraph-limagne_1200x630.jpg\" \/>\n<meta name=\"twitter:site\" content=\"@parc_vulcania\" \/>\n<meta name=\"twitter:label1\" content=\"Dur\u00e9e de lecture estim\u00e9e\" \/>\n\t<meta name=\"twitter:data1\" content=\"1 minute\" \/>\n<script type=\"application\/ld+json\" class=\"yoast-schema-graph\">{\"@context\":\"https:\/\/schema.org\",\"@graph\":[{\"@type\":\"WebPage\",\"@id\":\"https:\/\/www.vulcania.com\/science\/auvergne\/volcans-dauvergne\/limagne\/\",\"url\":\"https:\/\/www.vulcania.com\/science\/auvergne\/volcans-dauvergne\/limagne\/\",\"name\":\"En savoir plus sur la faille de Limagne avec Vulcania\",\"isPartOf\":{\"@id\":\"https:\/\/www.vulcania.com\/science\/#website\"},\"datePublished\":\"2021-03-31T14:31:50+00:00\",\"dateModified\":\"2023-03-22T09:05:33+00:00\",\"description\":\"Grand foss\u00e9 d'effondrement, la Limagne a connu de nombreuses \u00e9ruptions\u2026 D\u00e9couvrez cet espace m\u00e9connu de l'Auvergne avec Vulcania.\",\"breadcrumb\":{\"@id\":\"https:\/\/www.vulcania.com\/science\/auvergne\/volcans-dauvergne\/limagne\/#breadcrumb\"},\"inLanguage\":\"fr-FR\",\"potentialAction\":[{\"@type\":\"ReadAction\",\"target\":[\"https:\/\/www.vulcania.com\/science\/auvergne\/volcans-dauvergne\/limagne\/\"]}]},{\"@type\":\"BreadcrumbList\",\"@id\":\"https:\/\/www.vulcania.com\/science\/auvergne\/volcans-dauvergne\/limagne\/#breadcrumb\",\"itemListElement\":[{\"@type\":\"ListItem\",\"position\":1,\"name\":\"Accueil\",\"item\":\"https:\/\/www.vulcania.com\/science\/\"},{\"@type\":\"ListItem\",\"position\":2,\"name\":\"Auvergne\",\"item\":\"https:\/\/www.vulcania.com\/science\/auvergne\/\"},{\"@type\":\"ListItem\",\"position\":3,\"name\":\"Volcans d&rsquo;Auvergne\",\"item\":\"https:\/\/www.vulcania.com\/science\/auvergne\/volcans-dauvergne\/\"},{\"@type\":\"ListItem\",\"position\":4,\"name\":\"Limagne\"}]},{\"@type\":\"WebSite\",\"@id\":\"https:\/\/www.vulcania.com\/science\/#website\",\"url\":\"https:\/\/www.vulcania.com\/science\/\",\"name\":\"Vulcania Sciences\",\"description\":\"\",\"publisher\":{\"@id\":\"https:\/\/www.vulcania.com\/science\/#organization\"},\"potentialAction\":[{\"@type\":\"SearchAction\",\"target\":{\"@type\":\"EntryPoint\",\"urlTemplate\":\"https:\/\/www.vulcania.com\/science\/?s={search_term_string}\"},\"query-input\":\"required name=search_term_string\"}],\"inLanguage\":\"fr-FR\"},{\"@type\":\"Organization\",\"@id\":\"https:\/\/www.vulcania.com\/science\/#organization\",\"name\":\"Vulcania Sciences\",\"url\":\"https:\/\/www.vulcania.com\/science\/\",\"logo\":{\"@type\":\"ImageObject\",\"inLanguage\":\"fr-FR\",\"@id\":\"https:\/\/www.vulcania.com\/science\/#\/schema\/logo\/image\/\",\"url\":\"https:\/\/www.vulcania.com\/science\/wp-content\/uploads\/2017\/06\/logo.png\",\"contentUrl\":\"https:\/\/www.vulcania.com\/science\/wp-content\/uploads\/2017\/06\/logo.png\",\"width\":314,\"height\":142,\"caption\":\"Vulcania Sciences\"},\"image\":{\"@id\":\"https:\/\/www.vulcania.com\/science\/#\/schema\/logo\/image\/\"},\"sameAs\":[\"https:\/\/www.facebook.com\/ParcVulcania\",\"https:\/\/twitter.com\/parc_vulcania\",\"https:\/\/www.youtube.com\/user\/ParcVulcania\"]}]}<\/script>\n<!-- \/ Yoast SEO plugin. -->","yoast_head_json":{"title":"En savoir plus sur la faille de Limagne avec Vulcania","description":"Grand foss\u00e9 d'effondrement, la Limagne a connu de nombreuses \u00e9ruptions\u2026 D\u00e9couvrez cet espace m\u00e9connu de l'Auvergne avec Vulcania.","robots":{"index":"index","follow":"follow","max-snippet":"max-snippet:-1","max-image-preview":"max-image-preview:large","max-video-preview":"max-video-preview:-1"},"canonical":"https:\/\/www.vulcania.com\/science\/auvergne\/volcans-dauvergne\/limagne\/","og_locale":"fr_FR","og_type":"article","og_title":"En savoir plus sur la faille de Limagne avec Vulcania","og_description":"Grand foss\u00e9 d'effondrement, la Limagne a connu de nombreuses \u00e9ruptions\u2026 D\u00e9couvrez cet espace m\u00e9connu de l'Auvergne avec Vulcania.","og_url":"https:\/\/www.vulcania.com\/science\/auvergne\/volcans-dauvergne\/limagne\/","og_site_name":"Vulcania Sciences","article_publisher":"https:\/\/www.facebook.com\/ParcVulcania","article_modified_time":"2023-03-22T09:05:33+00:00","og_image":[{"width":1200,"height":630,"url":"https:\/\/www.vulcania.com\/science\/wp-content\/uploads\/2023\/02\/opengraph-limagne_1200x630.jpg","type":"image\/jpeg"}],"twitter_card":"summary_large_image","twitter_title":"En savoir plus sur la faille de Limagne avec Vulcania","twitter_description":"Grand foss\u00e9 d'effondrement, la Limagne a connu de nombreuses \u00e9ruptions\u2026 D\u00e9couvrez cet espace m\u00e9connu de l'Auvergne avec Vulcania.","twitter_image":"https:\/\/www.vulcania.com\/science\/wp-content\/uploads\/2023\/02\/opengraph-limagne_1200x630.jpg","twitter_site":"@parc_vulcania","twitter_misc":{"Dur\u00e9e de lecture estim\u00e9e":"1 minute"},"schema":{"@context":"https:\/\/schema.org","@graph":[{"@type":"WebPage","@id":"https:\/\/www.vulcania.com\/science\/auvergne\/volcans-dauvergne\/limagne\/","url":"https:\/\/www.vulcania.com\/science\/auvergne\/volcans-dauvergne\/limagne\/","name":"En savoir plus sur la faille de Limagne avec Vulcania","isPartOf":{"@id":"https:\/\/www.vulcania.com\/science\/#website"},"datePublished":"2021-03-31T14:31:50+00:00","dateModified":"2023-03-22T09:05:33+00:00","description":"Grand foss\u00e9 d'effondrement, la Limagne a connu de nombreuses \u00e9ruptions\u2026 D\u00e9couvrez cet espace m\u00e9connu de l'Auvergne avec Vulcania.","breadcrumb":{"@id":"https:\/\/www.vulcania.com\/science\/auvergne\/volcans-dauvergne\/limagne\/#breadcrumb"},"inLanguage":"fr-FR","potentialAction":[{"@type":"ReadAction","target":["https:\/\/www.vulcania.com\/science\/auvergne\/volcans-dauvergne\/limagne\/"]}]},{"@type":"BreadcrumbList","@id":"https:\/\/www.vulcania.com\/science\/auvergne\/volcans-dauvergne\/limagne\/#breadcrumb","itemListElement":[{"@type":"ListItem","position":1,"name":"Accueil","item":"https:\/\/www.vulcania.com\/science\/"},{"@type":"ListItem","position":2,"name":"Auvergne","item":"https:\/\/www.vulcania.com\/science\/auvergne\/"},{"@type":"ListItem","position":3,"name":"Volcans d&rsquo;Auvergne","item":"https:\/\/www.vulcania.com\/science\/auvergne\/volcans-dauvergne\/"},{"@type":"ListItem","position":4,"name":"Limagne"}]},{"@type":"WebSite","@id":"https:\/\/www.vulcania.com\/science\/#website","url":"https:\/\/www.vulcania.com\/science\/","name":"Vulcania Sciences","description":"","publisher":{"@id":"https:\/\/www.vulcania.com\/science\/#organization"},"potentialAction":[{"@type":"SearchAction","target":{"@type":"EntryPoint","urlTemplate":"https:\/\/www.vulcania.com\/science\/?s={search_term_string}"},"query-input":"required name=search_term_string"}],"inLanguage":"fr-FR"},{"@type":"Organization","@id":"https:\/\/www.vulcania.com\/science\/#organization","name":"Vulcania Sciences","url":"https:\/\/www.vulcania.com\/science\/","logo":{"@type":"ImageObject","inLanguage":"fr-FR","@id":"https:\/\/www.vulcania.com\/science\/#\/schema\/logo\/image\/","url":"https:\/\/www.vulcania.com\/science\/wp-content\/uploads\/2017\/06\/logo.png","contentUrl":"https:\/\/www.vulcania.com\/science\/wp-content\/uploads\/2017\/06\/logo.png","width":314,"height":142,"caption":"Vulcania Sciences"},"image":{"@id":"https:\/\/www.vulcania.com\/science\/#\/schema\/logo\/image\/"},"sameAs":["https:\/\/www.facebook.com\/ParcVulcania","https:\/\/twitter.com\/parc_vulcania","https:\/\/www.youtube.com\/user\/ParcVulcania"]}]}},"_links":{"self":[{"href":"https:\/\/www.vulcania.com\/science\/wp-json\/wp\/v2\/pages\/385"}],"collection":[{"href":"https:\/\/www.vulcania.com\/science\/wp-json\/wp\/v2\/pages"}],"about":[{"href":"https:\/\/www.vulcania.com\/science\/wp-json\/wp\/v2\/types\/page"}],"author":[{"embeddable":true,"href":"https:\/\/www.vulcania.com\/science\/wp-json\/wp\/v2\/users\/4"}],"replies":[{"embeddable":true,"href":"https:\/\/www.vulcania.com\/science\/wp-json\/wp\/v2\/comments?post=385"}],"version-history":[{"count":17,"href":"https:\/\/www.vulcania.com\/science\/wp-json\/wp\/v2\/pages\/385\/revisions"}],"predecessor-version":[{"id":1399,"href":"https:\/\/www.vulcania.com\/science\/wp-json\/wp\/v2\/pages\/385\/revisions\/1399"}],"up":[{"embeddable":true,"href":"https:\/\/www.vulcania.com\/science\/wp-json\/wp\/v2\/pages\/227"}],"wp:featuredmedia":[{"embeddable":true,"href":"https:\/\/www.vulcania.com\/science\/wp-json\/wp\/v2\/media\/760"}],"wp:attachment":[{"href":"https:\/\/www.vulcania.com\/science\/wp-json\/wp\/v2\/media?parent=385"}],"wp:term":[{"taxonomy":"tags","embeddable":true,"href":"https:\/\/www.vulcania.com\/science\/wp-json\/wp\/v2\/tags?post=385"}],"curies":[{"name":"wp","href":"https:\/\/api.w.org\/{rel}","templated":true}]}}