{"id":483,"date":"2021-04-06T12:20:20","date_gmt":"2021-04-06T10:20:20","guid":{"rendered":"https:\/\/www.vulcania.com\/science\/?page_id=483"},"modified":"2025-10-21T16:53:09","modified_gmt":"2025-10-21T14:53:09","slug":"la-chronique-les-diables-des-volcans","status":"publish","type":"page","link":"https:\/\/www.vulcania.com\/science\/la-chronique-les-diables-des-volcans\/","title":{"rendered":"Les Diables des Volcans"},"content":{"rendered":"<div class=\"wpb-content-wrapper\"><p>[vc_row el_class=\u00a0\u00bbbloc-titre\u00a0\u00bb][vc_column width=\u00a0\u00bb1\/12&Prime;][\/vc_column][vc_column width=\u00a0\u00bb10\/12&Prime;][vc_column_text]<\/p>\n<h2>Les Diables des Volcans<\/h2>\n<p><b>Maurice et Katia Krafft<\/b>, couple de volcanologues hors du commun, avaient pour quotidien de c\u00f4toyer les feux de la Terre aux quatre coins de la plan\u00e8te. Amicalement surnomm\u00e9s les\u00a0<b>\u00ab\u00a0volcano devils\u00a0\u00bb<\/b>, ils \u00e9taient attir\u00e9s par les volcans \u00ab\u00a0comme les papillons par la lumi\u00e8re\u00a0\u00bb. C\u2019est ainsi qu\u2019ils s\u2019en approchaient toujours plus pour alimenter leur \u00ab\u00a0boulimie d\u2019\u00e9ruptions\u00a0\u00bb, tout en enrichissant un extraordinaire fonds iconographique, \u00e0 ce jour encore in\u00e9gal\u00e9. Jusqu\u2019\u00e0 ce\u00a0<b>3 juin 1991<\/b>\u00a0o\u00f9, sur les pentes du<b>\u00a0volcan japonais Unzen<\/b>\u00a0en \u00e9ruption et malgr\u00e9 leur grande exp\u00e9rience du milieu et des\u00a0<a class=\"internal-link\" href=\"\/science\/risques\/risques-volcaniques\/\">risques volcaniques<\/a>, le \u00ab\u00a0toujours plus pr\u00e8s\u00a0\u00bb se transforma en \u00ab\u00a0un peu trop pr\u00e8s\u00a0\u00bb d\u2019une\u00a0<b>coul\u00e9e <a href=\"\/science\/reperes\/glossaire\/#1668609657967-7914afa5-a1801aa2-532d\" target=\"_blank\" rel=\"noopener\">pyroclastique<\/a><\/b>\u00a0qui leur fut fatale. S\u2019ils connaissaient certes bien les volcans, leur permanent rapport au monde volcanique ne se limitait pourtant pas \u00e0 en \u00e9tudier, filmer et photographier les seules manifestations spectaculaires. Partie int\u00e9grante de la profonde passion qui les animait, le regard qu\u2019ils portaient sur les volcans laisse encore transpara\u00eetre, bien apr\u00e8s leur disparition, l\u2019expression d\u2019une relation forte, non d\u00e9nu\u00e9e d\u2019affectif.[\/vc_column_text][vc_row_inner content_placement=\u00a0\u00bbmiddle\u00a0\u00bb][vc_column_inner width=\u00a0\u00bb2\/3&Prime;][vc_column_text el_class=\u00a0\u00bbbloc contour\u00a0\u00bb]<\/p>\n<h3>Katia Krafft\u00a0:<\/h3>\n<p class=\"bodytext\">N\u00e9e Conrad, le 17 avril 1942 \u00e0 Soulz (Haut-Rhin). Passe avec succ\u00e8s le concours de l\u2019\u00c9cole Normale en 1957. Puis, titulaire d\u2019une ma\u00eetrise de g\u00e9ochimie, elle re\u00e7oit le Prix de la Vocation en 1969 pour ses premiers travaux de volcanologie.<\/p>\n<p>[\/vc_column_text][vc_column_text el_class=\u00a0\u00bbbloc contour\u00a0\u00bb]<\/p>\n<h3>Maurice Krafft :<\/h3>\n<p class=\"bodytext\">N\u00e9 le 25 mars 1946 \u00e0 Mulhouse. Assiste \u00e0 7 ans \u00e0 sa premi\u00e8re \u00e9ruption au\u00a0Stromboli. Membre de la Soci\u00e9t\u00e9 G\u00e9ologique de France \u00e0 15 ans, il obtient une ma\u00eetrise de g\u00e9ologie \u00e0 l\u2019Universit\u00e9 de Strasbourg en 1970.<\/p>\n<p>[\/vc_column_text][\/vc_column_inner][vc_column_inner width=\u00a0\u00bb1\/3&Prime;][vc_single_image image=\u00a0\u00bb487&Prime; img_size=\u00a0\u00bbmedium\u00a0\u00bb style=\u00a0\u00bbvc_box_rounded\u00a0\u00bb][\/vc_column_inner][\/vc_row_inner][\/vc_column][vc_column width=\u00a0\u00bb1\/12&Prime;][\/vc_column][\/vc_row][vc_row][vc_column]<div class=\"templatera_shortcode\"><div class=\"vc_row wpb_row vc_row-fluid noprint\"><div class=\"wpb_column vc_column_container vc_col-sm-12\"><div class=\"vc_column-inner\"><div class=\"wpb_wrapper\"><div class=\"vc_separator wpb_content_element vc_separator_align_center vc_sep_width_100 vc_sep_dashed vc_sep_pos_align_center vc_separator-has-text\" ><span class=\"vc_sep_holder vc_sep_holder_l\"><span style=\"border-color:#888888;\" class=\"vc_sep_line\"><\/span><\/span><h4>Exp\u00e9rimentez \u00e0 Vulcania<\/h4><span class=\"vc_sep_holder vc_sep_holder_r\"><span style=\"border-color:#888888;\" class=\"vc_sep_line\"><\/span><\/span>\n<\/div><div class=\"vc_row wpb_row vc_inner vc_row-fluid\"><div class=\"wpb_column vc_column_container vc_col-sm-1\"><div class=\"vc_column-inner\"><div class=\"wpb_wrapper\"><\/div><\/div><\/div><div class=\"wpb_column vc_column_container vc_col-sm-5\"><div class=\"vc_column-inner\"><div class=\"wpb_wrapper\">\n\t<div  class=\"wpb_single_image wpb_content_element vc_align_left\">\n\t\t\n\t\t<figure class=\"wpb_wrapper vc_figure\">\n\t\t\t<a href=\"https:\/\/www.vulcania.com\/animation\/maurice-et-katia-krafft\/\" target=\"_self\" class=\"vc_single_image-wrapper vc_box_rounded  vc_box_border_grey\"><img loading=\"lazy\" decoding=\"async\" width=\"585\" height=\"281\" src=\"https:\/\/www.vulcania.com\/science\/wp-content\/uploads\/2023\/03\/en-rouge-et-gris_600x288-585x281.jpg\" class=\"vc_single_image-img attachment-medium\" alt=\"Exposition &quot;En rouge et gris&quot; au Parc Vulcania : photographies issues de la collection du couple de volcanologues fran\u00e7ais Krafft\" title=\"en-rouge-et-gris_600x288\" srcset=\"https:\/\/www.vulcania.com\/science\/wp-content\/uploads\/2023\/03\/en-rouge-et-gris_600x288-585x281.jpg 585w, https:\/\/www.vulcania.com\/science\/wp-content\/uploads\/2023\/03\/en-rouge-et-gris_600x288.jpg 600w\" sizes=\"(max-width: 585px) 100vw, 585px\" \/><\/a>\n\t\t<\/figure>\n\t<\/div>\n<\/div><\/div><\/div><div class=\"wpb_column vc_column_container vc_col-sm-5\"><div class=\"vc_column-inner\"><div class=\"wpb_wrapper\">\n\t<div class=\"wpb_text_column wpb_content_element \" >\n\t\t<div class=\"wpb_wrapper\">\n\t\t\t<h4>Maurice et Katia Krafft, histoires de volcanologues<\/h4>\n<p>D\u00e9couvrez l\u2019histoire de Maurice et Katia Krafft, volcanologues fran\u00e7ais hors du commun qui ont su d\u00e9mocratiser la volcanologie gr\u00e2ce aux centaines d\u2019images et \u00e9chantillons rapport\u00e9s de leurs nombreuses exp\u00e9ditions.<\/p>\n\n\t\t<\/div>\n\t<\/div>\n<div class=\"vc_btn3-container  bouton coul-1 vc_btn3-inline\" ><a class=\"vc_general vc_btn3 vc_btn3-size-md vc_btn3-shape-rounded vc_btn3-style-modern vc_btn3-color-grey\" href=\"https:\/\/www.vulcania.com\/animation\/maurice-et-katia-krafft\/\" title=\"\">En savoir plus sur l'exposition<\/a><\/div><\/div><\/div><\/div><div class=\"wpb_column vc_column_container vc_col-sm-1\"><div class=\"vc_column-inner\"><div class=\"wpb_wrapper\"><\/div><\/div><\/div><\/div><\/div><\/div><\/div><\/div><\/div>[\/vc_column][\/vc_row]<\/p>\n<\/div>","protected":false},"excerpt":{"rendered":"Exp\u00e9rimentez \u00e0 Vulcania Maurice et Katia Krafft, histoires de volcanologues D\u00e9couvrez l\u2019histoire de Maurice et Katia Krafft, volcanologues fran\u00e7ais hors du commun qui ont su d\u00e9mocratiser la volcanologie gr\u00e2ce aux centaines d\u2019images et \u00e9chantillons rapport\u00e9s de leurs nombreuses exp\u00e9ditions. En savoir plus sur l'exposition","protected":false},"author":4,"featured_media":1052,"parent":0,"menu_order":0,"comment_status":"closed","ping_status":"closed","template":"","meta":{"footnotes":""},"tags":[26,32],"acf":[],"yoast_head":"<!-- This site is optimized with the Yoast SEO plugin v21.9.1 - https:\/\/yoast.com\/wordpress\/plugins\/seo\/ -->\n<title>Volcans : qui sont Maurice et Katia Krafft ?<\/title>\n<meta name=\"description\" content=\"Surnomm\u00e9s &quot;les diables des volcans&quot;, ils ont parcouru les volcans des quatre coins du monde. D\u00e9couvrez ces volcanologues hors du commun.\" \/>\n<meta name=\"robots\" content=\"index, follow, max-snippet:-1, max-image-preview:large, max-video-preview:-1\" \/>\n<link rel=\"canonical\" href=\"https:\/\/www.vulcania.com\/science\/la-chronique-les-diables-des-volcans\/\" \/>\n<meta property=\"og:locale\" content=\"fr_FR\" \/>\n<meta property=\"og:type\" content=\"article\" \/>\n<meta property=\"og:title\" content=\"Volcans : qui sont Maurice et Katia Krafft ?\" \/>\n<meta property=\"og:description\" content=\"Surnomm\u00e9s &quot;les diables des volcans&quot;, ils ont parcouru les volcans des quatre coins du monde. D\u00e9couvrez ces volcanologues hors du commun.\" \/>\n<meta property=\"og:url\" content=\"https:\/\/www.vulcania.com\/science\/la-chronique-les-diables-des-volcans\/\" \/>\n<meta property=\"og:site_name\" content=\"Vulcania Sciences\" \/>\n<meta property=\"article:publisher\" content=\"https:\/\/www.facebook.com\/ParcVulcania\" \/>\n<meta property=\"article:modified_time\" content=\"2025-10-21T14:53:09+00:00\" \/>\n<meta property=\"og:image\" content=\"https:\/\/www.vulcania.com\/science\/wp-content\/uploads\/2023\/02\/opengraph_les-diables-des-volcans_1200x630.jpg\" \/>\n\t<meta property=\"og:image:width\" content=\"1200\" \/>\n\t<meta property=\"og:image:height\" content=\"630\" \/>\n\t<meta property=\"og:image:type\" content=\"image\/jpeg\" \/>\n<meta name=\"twitter:card\" content=\"summary_large_image\" \/>\n<meta name=\"twitter:title\" content=\"Volcans : qui sont Maurice et Katia Krafft ?\" \/>\n<meta name=\"twitter:description\" content=\"Surnomm\u00e9s &quot;les diables des volcans&quot;, ils ont parcouru les volcans des quatre coins du monde. D\u00e9couvrez ces volcanologues hors du commun.\" \/>\n<meta name=\"twitter:image\" content=\"https:\/\/www.vulcania.com\/science\/wp-content\/uploads\/2023\/02\/opengraph_les-diables-des-volcans_1200x630.jpg\" \/>\n<meta name=\"twitter:site\" content=\"@parc_vulcania\" \/>\n<meta name=\"twitter:label1\" content=\"Dur\u00e9e de lecture estim\u00e9e\" \/>\n\t<meta name=\"twitter:data1\" content=\"2 minutes\" \/>\n<script type=\"application\/ld+json\" class=\"yoast-schema-graph\">{\"@context\":\"https:\/\/schema.org\",\"@graph\":[{\"@type\":\"WebPage\",\"@id\":\"https:\/\/www.vulcania.com\/science\/la-chronique-les-diables-des-volcans\/\",\"url\":\"https:\/\/www.vulcania.com\/science\/la-chronique-les-diables-des-volcans\/\",\"name\":\"Volcans : qui sont Maurice et Katia Krafft ?\",\"isPartOf\":{\"@id\":\"https:\/\/www.vulcania.com\/science\/#website\"},\"datePublished\":\"2021-04-06T10:20:20+00:00\",\"dateModified\":\"2025-10-21T14:53:09+00:00\",\"description\":\"Surnomm\u00e9s \\\"les diables des volcans\\\", ils ont parcouru les volcans des quatre coins du monde. D\u00e9couvrez ces volcanologues hors du commun.\",\"breadcrumb\":{\"@id\":\"https:\/\/www.vulcania.com\/science\/la-chronique-les-diables-des-volcans\/#breadcrumb\"},\"inLanguage\":\"fr-FR\",\"potentialAction\":[{\"@type\":\"ReadAction\",\"target\":[\"https:\/\/www.vulcania.com\/science\/la-chronique-les-diables-des-volcans\/\"]}]},{\"@type\":\"BreadcrumbList\",\"@id\":\"https:\/\/www.vulcania.com\/science\/la-chronique-les-diables-des-volcans\/#breadcrumb\",\"itemListElement\":[{\"@type\":\"ListItem\",\"position\":1,\"name\":\"Accueil\",\"item\":\"https:\/\/www.vulcania.com\/science\/\"},{\"@type\":\"ListItem\",\"position\":2,\"name\":\"Les Diables des Volcans\"}]},{\"@type\":\"WebSite\",\"@id\":\"https:\/\/www.vulcania.com\/science\/#website\",\"url\":\"https:\/\/www.vulcania.com\/science\/\",\"name\":\"Vulcania Sciences\",\"description\":\"\",\"publisher\":{\"@id\":\"https:\/\/www.vulcania.com\/science\/#organization\"},\"potentialAction\":[{\"@type\":\"SearchAction\",\"target\":{\"@type\":\"EntryPoint\",\"urlTemplate\":\"https:\/\/www.vulcania.com\/science\/?s={search_term_string}\"},\"query-input\":\"required name=search_term_string\"}],\"inLanguage\":\"fr-FR\"},{\"@type\":\"Organization\",\"@id\":\"https:\/\/www.vulcania.com\/science\/#organization\",\"name\":\"Vulcania Sciences\",\"url\":\"https:\/\/www.vulcania.com\/science\/\",\"logo\":{\"@type\":\"ImageObject\",\"inLanguage\":\"fr-FR\",\"@id\":\"https:\/\/www.vulcania.com\/science\/#\/schema\/logo\/image\/\",\"url\":\"https:\/\/www.vulcania.com\/science\/wp-content\/uploads\/2017\/06\/logo.png\",\"contentUrl\":\"https:\/\/www.vulcania.com\/science\/wp-content\/uploads\/2017\/06\/logo.png\",\"width\":314,\"height\":142,\"caption\":\"Vulcania Sciences\"},\"image\":{\"@id\":\"https:\/\/www.vulcania.com\/science\/#\/schema\/logo\/image\/\"},\"sameAs\":[\"https:\/\/www.facebook.com\/ParcVulcania\",\"https:\/\/twitter.com\/parc_vulcania\",\"https:\/\/www.youtube.com\/user\/ParcVulcania\"]}]}<\/script>\n<!-- \/ Yoast SEO plugin. -->","yoast_head_json":{"title":"Volcans : qui sont Maurice et Katia Krafft ?","description":"Surnomm\u00e9s \"les diables des volcans\", ils ont parcouru les volcans des quatre coins du monde. D\u00e9couvrez ces volcanologues hors du commun.","robots":{"index":"index","follow":"follow","max-snippet":"max-snippet:-1","max-image-preview":"max-image-preview:large","max-video-preview":"max-video-preview:-1"},"canonical":"https:\/\/www.vulcania.com\/science\/la-chronique-les-diables-des-volcans\/","og_locale":"fr_FR","og_type":"article","og_title":"Volcans : qui sont Maurice et Katia Krafft ?","og_description":"Surnomm\u00e9s \"les diables des volcans\", ils ont parcouru les volcans des quatre coins du monde. D\u00e9couvrez ces volcanologues hors du commun.","og_url":"https:\/\/www.vulcania.com\/science\/la-chronique-les-diables-des-volcans\/","og_site_name":"Vulcania Sciences","article_publisher":"https:\/\/www.facebook.com\/ParcVulcania","article_modified_time":"2025-10-21T14:53:09+00:00","og_image":[{"width":1200,"height":630,"url":"https:\/\/www.vulcania.com\/science\/wp-content\/uploads\/2023\/02\/opengraph_les-diables-des-volcans_1200x630.jpg","type":"image\/jpeg"}],"twitter_card":"summary_large_image","twitter_title":"Volcans : qui sont Maurice et Katia Krafft ?","twitter_description":"Surnomm\u00e9s \"les diables des volcans\", ils ont parcouru les volcans des quatre coins du monde. D\u00e9couvrez ces volcanologues hors du commun.","twitter_image":"https:\/\/www.vulcania.com\/science\/wp-content\/uploads\/2023\/02\/opengraph_les-diables-des-volcans_1200x630.jpg","twitter_site":"@parc_vulcania","twitter_misc":{"Dur\u00e9e de lecture estim\u00e9e":"2 minutes"},"schema":{"@context":"https:\/\/schema.org","@graph":[{"@type":"WebPage","@id":"https:\/\/www.vulcania.com\/science\/la-chronique-les-diables-des-volcans\/","url":"https:\/\/www.vulcania.com\/science\/la-chronique-les-diables-des-volcans\/","name":"Volcans : qui sont Maurice et Katia Krafft ?","isPartOf":{"@id":"https:\/\/www.vulcania.com\/science\/#website"},"datePublished":"2021-04-06T10:20:20+00:00","dateModified":"2025-10-21T14:53:09+00:00","description":"Surnomm\u00e9s \"les diables des volcans\", ils ont parcouru les volcans des quatre coins du monde. D\u00e9couvrez ces volcanologues hors du commun.","breadcrumb":{"@id":"https:\/\/www.vulcania.com\/science\/la-chronique-les-diables-des-volcans\/#breadcrumb"},"inLanguage":"fr-FR","potentialAction":[{"@type":"ReadAction","target":["https:\/\/www.vulcania.com\/science\/la-chronique-les-diables-des-volcans\/"]}]},{"@type":"BreadcrumbList","@id":"https:\/\/www.vulcania.com\/science\/la-chronique-les-diables-des-volcans\/#breadcrumb","itemListElement":[{"@type":"ListItem","position":1,"name":"Accueil","item":"https:\/\/www.vulcania.com\/science\/"},{"@type":"ListItem","position":2,"name":"Les Diables des Volcans"}]},{"@type":"WebSite","@id":"https:\/\/www.vulcania.com\/science\/#website","url":"https:\/\/www.vulcania.com\/science\/","name":"Vulcania Sciences","description":"","publisher":{"@id":"https:\/\/www.vulcania.com\/science\/#organization"},"potentialAction":[{"@type":"SearchAction","target":{"@type":"EntryPoint","urlTemplate":"https:\/\/www.vulcania.com\/science\/?s={search_term_string}"},"query-input":"required name=search_term_string"}],"inLanguage":"fr-FR"},{"@type":"Organization","@id":"https:\/\/www.vulcania.com\/science\/#organization","name":"Vulcania Sciences","url":"https:\/\/www.vulcania.com\/science\/","logo":{"@type":"ImageObject","inLanguage":"fr-FR","@id":"https:\/\/www.vulcania.com\/science\/#\/schema\/logo\/image\/","url":"https:\/\/www.vulcania.com\/science\/wp-content\/uploads\/2017\/06\/logo.png","contentUrl":"https:\/\/www.vulcania.com\/science\/wp-content\/uploads\/2017\/06\/logo.png","width":314,"height":142,"caption":"Vulcania Sciences"},"image":{"@id":"https:\/\/www.vulcania.com\/science\/#\/schema\/logo\/image\/"},"sameAs":["https:\/\/www.facebook.com\/ParcVulcania","https:\/\/twitter.com\/parc_vulcania","https:\/\/www.youtube.com\/user\/ParcVulcania"]}]}},"_links":{"self":[{"href":"https:\/\/www.vulcania.com\/science\/wp-json\/wp\/v2\/pages\/483"}],"collection":[{"href":"https:\/\/www.vulcania.com\/science\/wp-json\/wp\/v2\/pages"}],"about":[{"href":"https:\/\/www.vulcania.com\/science\/wp-json\/wp\/v2\/types\/page"}],"author":[{"embeddable":true,"href":"https:\/\/www.vulcania.com\/science\/wp-json\/wp\/v2\/users\/4"}],"replies":[{"embeddable":true,"href":"https:\/\/www.vulcania.com\/science\/wp-json\/wp\/v2\/comments?post=483"}],"version-history":[{"count":12,"href":"https:\/\/www.vulcania.com\/science\/wp-json\/wp\/v2\/pages\/483\/revisions"}],"predecessor-version":[{"id":1926,"href":"https:\/\/www.vulcania.com\/science\/wp-json\/wp\/v2\/pages\/483\/revisions\/1926"}],"wp:featuredmedia":[{"embeddable":true,"href":"https:\/\/www.vulcania.com\/science\/wp-json\/wp\/v2\/media\/1052"}],"wp:attachment":[{"href":"https:\/\/www.vulcania.com\/science\/wp-json\/wp\/v2\/media?parent=483"}],"wp:term":[{"taxonomy":"tags","embeddable":true,"href":"https:\/\/www.vulcania.com\/science\/wp-json\/wp\/v2\/tags?post=483"}],"curies":[{"name":"wp","href":"https:\/\/api.w.org\/{rel}","templated":true}]}}