{"id":674,"date":"2022-11-03T09:45:47","date_gmt":"2022-11-03T08:45:47","guid":{"rendered":"https:\/\/www.vulcania.com\/science\/?page_id=674"},"modified":"2023-03-22T10:14:14","modified_gmt":"2023-03-22T09:14:14","slug":"les-volcans","status":"publish","type":"page","link":"https:\/\/www.vulcania.com\/science\/les-volcans\/","title":{"rendered":"Les volcans"},"content":{"rendered":"<div class=\"wpb-content-wrapper\"><p>[vc_row][vc_column][vc_column_text el_class=\u00a0\u00bbintro\u00a0\u00bb]Acc\u00e9dez aux articles de Vulcania sur le th\u00e8me des volcans pour d\u00e9couvrir les fondamentaux du volcanisme ou compl\u00e9ter vos connaissances sur le sujet : du parcours atypique des volcanologues <a href=\"\/science\/la-chronique-les-volcans-gardent-leur-feu-sacre\/\" target=\"_blank\" rel=\"noopener\">Maurice et Katia Krafft<\/a>, aux <a href=\"\/science\/volcans\/differents-types-deruptions\/\" target=\"_blank\" rel=\"noopener\">diff\u00e9rentes formes d&rsquo;\u00e9ruption<\/a> connues, en passant par les <a href=\"\/science\/la-chronique-les-volcans-gardent-leur-feu-sacre\/\" target=\"_blank\" rel=\"noopener\">mythes et l\u00e9gendes associ\u00e9es aux volcans<\/a>&#8230;[\/vc_column_text][vc_basic_grid post_type=\u00a0\u00bbpage\u00a0\u00bb max_items=\u00a0\u00bb-1&Prime; element_width=\u00a0\u00bb3&Prime; item=\u00a0\u00bb573&Prime; grid_id=\u00a0\u00bbvc_gid:1679476425911-4d4a1f5e-f4c8-3&Prime; taxonomies=\u00a0\u00bb16, 32&Prime;][\/vc_column][\/vc_row]<\/p>\n<\/div>","protected":false},"excerpt":{"rendered":"<p>[vc_row][vc_column][vc_column_text el_class=\u00a0\u00bbintro\u00a0\u00bb]Acc\u00e9dez aux articles de Vulcania sur le th\u00e8me des volcans pour d\u00e9couvrir les fondamentaux du volcanisme ou compl\u00e9ter vos connaissances sur le sujet : du parcours atypique des volcanologues Maurice et Katia Krafft, aux diff\u00e9rentes formes d&rsquo;\u00e9ruption connues, en passant par les mythes et l\u00e9gendes associ\u00e9es aux volcans&#8230;[\/vc_column_text][vc_basic_grid post_type=\u00a0\u00bbpage\u00a0\u00bb max_items=\u00a0\u00bb-1&Prime; element_width=\u00a0\u00bb3&Prime; item=\u00a0\u00bb573&Prime; grid_id=\u00a0\u00bbvc_gid:1679476425911-4d4a1f5e-f4c8-3&Prime; taxonomies=\u00a0\u00bb16, [&hellip;]<\/p>\n","protected":false},"author":1,"featured_media":917,"parent":0,"menu_order":1,"comment_status":"closed","ping_status":"closed","template":"","meta":{"footnotes":""},"tags":[11],"acf":[],"yoast_head":"<!-- This site is optimized with the Yoast SEO plugin v21.9.1 - https:\/\/yoast.com\/wordpress\/plugins\/seo\/ -->\n<title>Retrouvez les articles de Vulcania sur les volcans<\/title>\n<meta name=\"description\" content=\"Consultez les ressources des scientifiques de Vulcania sur la volcanologie : risques li\u00e9s aux volcans, g\u00e9ologies, formes de volcanisme\u2026\" \/>\n<meta name=\"robots\" content=\"index, follow, max-snippet:-1, max-image-preview:large, max-video-preview:-1\" \/>\n<link rel=\"canonical\" href=\"https:\/\/www.vulcania.com\/science\/les-volcans\/\" \/>\n<meta property=\"og:locale\" content=\"fr_FR\" \/>\n<meta property=\"og:type\" content=\"article\" \/>\n<meta property=\"og:title\" content=\"Retrouvez les articles de Vulcania sur les volcans\" \/>\n<meta property=\"og:description\" content=\"Consultez les ressources des scientifiques de Vulcania sur la volcanologie : risques li\u00e9s aux volcans, g\u00e9ologies, formes de volcanisme\u2026\" \/>\n<meta property=\"og:url\" content=\"https:\/\/www.vulcania.com\/science\/les-volcans\/\" \/>\n<meta property=\"og:site_name\" content=\"Vulcania Sciences\" \/>\n<meta property=\"article:publisher\" content=\"https:\/\/www.facebook.com\/ParcVulcania\" \/>\n<meta property=\"article:modified_time\" content=\"2023-03-22T09:14:14+00:00\" \/>\n<meta property=\"og:image\" content=\"https:\/\/www.vulcania.com\/science\/wp-content\/uploads\/2023\/02\/opengraph_les-volcans_1200x630.jpg\" \/>\n\t<meta property=\"og:image:width\" content=\"1200\" \/>\n\t<meta property=\"og:image:height\" content=\"630\" \/>\n\t<meta property=\"og:image:type\" content=\"image\/jpeg\" \/>\n<meta name=\"twitter:card\" content=\"summary_large_image\" \/>\n<meta name=\"twitter:title\" content=\"Retrouvez les articles de Vulcania sur les volcans\" \/>\n<meta name=\"twitter:description\" content=\"Consultez les ressources des scientifiques de Vulcania sur la volcanologie : risques li\u00e9s aux volcans, g\u00e9ologies, formes de volcanisme\u2026\" \/>\n<meta name=\"twitter:image\" content=\"https:\/\/www.vulcania.com\/science\/wp-content\/uploads\/2023\/02\/opengraph_les-volcans_1200x630.jpg\" \/>\n<meta name=\"twitter:site\" content=\"@parc_vulcania\" \/>\n<meta name=\"twitter:label1\" content=\"Dur\u00e9e de lecture estim\u00e9e\" \/>\n\t<meta name=\"twitter:data1\" content=\"1 minute\" \/>\n<script type=\"application\/ld+json\" class=\"yoast-schema-graph\">{\"@context\":\"https:\/\/schema.org\",\"@graph\":[{\"@type\":\"WebPage\",\"@id\":\"https:\/\/www.vulcania.com\/science\/les-volcans\/\",\"url\":\"https:\/\/www.vulcania.com\/science\/les-volcans\/\",\"name\":\"Retrouvez les articles de Vulcania sur les volcans\",\"isPartOf\":{\"@id\":\"https:\/\/www.vulcania.com\/science\/#website\"},\"datePublished\":\"2022-11-03T08:45:47+00:00\",\"dateModified\":\"2023-03-22T09:14:14+00:00\",\"description\":\"Consultez les ressources des scientifiques de Vulcania sur la volcanologie : risques li\u00e9s aux volcans, g\u00e9ologies, formes de volcanisme\u2026\",\"breadcrumb\":{\"@id\":\"https:\/\/www.vulcania.com\/science\/les-volcans\/#breadcrumb\"},\"inLanguage\":\"fr-FR\",\"potentialAction\":[{\"@type\":\"ReadAction\",\"target\":[\"https:\/\/www.vulcania.com\/science\/les-volcans\/\"]}]},{\"@type\":\"BreadcrumbList\",\"@id\":\"https:\/\/www.vulcania.com\/science\/les-volcans\/#breadcrumb\",\"itemListElement\":[{\"@type\":\"ListItem\",\"position\":1,\"name\":\"Accueil\",\"item\":\"https:\/\/www.vulcania.com\/science\/\"},{\"@type\":\"ListItem\",\"position\":2,\"name\":\"Les volcans\"}]},{\"@type\":\"WebSite\",\"@id\":\"https:\/\/www.vulcania.com\/science\/#website\",\"url\":\"https:\/\/www.vulcania.com\/science\/\",\"name\":\"Vulcania Sciences\",\"description\":\"\",\"publisher\":{\"@id\":\"https:\/\/www.vulcania.com\/science\/#organization\"},\"potentialAction\":[{\"@type\":\"SearchAction\",\"target\":{\"@type\":\"EntryPoint\",\"urlTemplate\":\"https:\/\/www.vulcania.com\/science\/?s={search_term_string}\"},\"query-input\":\"required name=search_term_string\"}],\"inLanguage\":\"fr-FR\"},{\"@type\":\"Organization\",\"@id\":\"https:\/\/www.vulcania.com\/science\/#organization\",\"name\":\"Vulcania Sciences\",\"url\":\"https:\/\/www.vulcania.com\/science\/\",\"logo\":{\"@type\":\"ImageObject\",\"inLanguage\":\"fr-FR\",\"@id\":\"https:\/\/www.vulcania.com\/science\/#\/schema\/logo\/image\/\",\"url\":\"https:\/\/www.vulcania.com\/science\/wp-content\/uploads\/2017\/06\/logo.png\",\"contentUrl\":\"https:\/\/www.vulcania.com\/science\/wp-content\/uploads\/2017\/06\/logo.png\",\"width\":314,\"height\":142,\"caption\":\"Vulcania Sciences\"},\"image\":{\"@id\":\"https:\/\/www.vulcania.com\/science\/#\/schema\/logo\/image\/\"},\"sameAs\":[\"https:\/\/www.facebook.com\/ParcVulcania\",\"https:\/\/twitter.com\/parc_vulcania\",\"https:\/\/www.youtube.com\/user\/ParcVulcania\"]}]}<\/script>\n<!-- \/ Yoast SEO plugin. -->","yoast_head_json":{"title":"Retrouvez les articles de Vulcania sur les volcans","description":"Consultez les ressources des scientifiques de Vulcania sur la volcanologie : risques li\u00e9s aux volcans, g\u00e9ologies, formes de volcanisme\u2026","robots":{"index":"index","follow":"follow","max-snippet":"max-snippet:-1","max-image-preview":"max-image-preview:large","max-video-preview":"max-video-preview:-1"},"canonical":"https:\/\/www.vulcania.com\/science\/les-volcans\/","og_locale":"fr_FR","og_type":"article","og_title":"Retrouvez les articles de Vulcania sur les volcans","og_description":"Consultez les ressources des scientifiques de Vulcania sur la volcanologie : risques li\u00e9s aux volcans, g\u00e9ologies, formes de volcanisme\u2026","og_url":"https:\/\/www.vulcania.com\/science\/les-volcans\/","og_site_name":"Vulcania Sciences","article_publisher":"https:\/\/www.facebook.com\/ParcVulcania","article_modified_time":"2023-03-22T09:14:14+00:00","og_image":[{"width":1200,"height":630,"url":"https:\/\/www.vulcania.com\/science\/wp-content\/uploads\/2023\/02\/opengraph_les-volcans_1200x630.jpg","type":"image\/jpeg"}],"twitter_card":"summary_large_image","twitter_title":"Retrouvez les articles de Vulcania sur les volcans","twitter_description":"Consultez les ressources des scientifiques de Vulcania sur la volcanologie : risques li\u00e9s aux volcans, g\u00e9ologies, formes de volcanisme\u2026","twitter_image":"https:\/\/www.vulcania.com\/science\/wp-content\/uploads\/2023\/02\/opengraph_les-volcans_1200x630.jpg","twitter_site":"@parc_vulcania","twitter_misc":{"Dur\u00e9e de lecture estim\u00e9e":"1 minute"},"schema":{"@context":"https:\/\/schema.org","@graph":[{"@type":"WebPage","@id":"https:\/\/www.vulcania.com\/science\/les-volcans\/","url":"https:\/\/www.vulcania.com\/science\/les-volcans\/","name":"Retrouvez les articles de Vulcania sur les volcans","isPartOf":{"@id":"https:\/\/www.vulcania.com\/science\/#website"},"datePublished":"2022-11-03T08:45:47+00:00","dateModified":"2023-03-22T09:14:14+00:00","description":"Consultez les ressources des scientifiques de Vulcania sur la volcanologie : risques li\u00e9s aux volcans, g\u00e9ologies, formes de volcanisme\u2026","breadcrumb":{"@id":"https:\/\/www.vulcania.com\/science\/les-volcans\/#breadcrumb"},"inLanguage":"fr-FR","potentialAction":[{"@type":"ReadAction","target":["https:\/\/www.vulcania.com\/science\/les-volcans\/"]}]},{"@type":"BreadcrumbList","@id":"https:\/\/www.vulcania.com\/science\/les-volcans\/#breadcrumb","itemListElement":[{"@type":"ListItem","position":1,"name":"Accueil","item":"https:\/\/www.vulcania.com\/science\/"},{"@type":"ListItem","position":2,"name":"Les volcans"}]},{"@type":"WebSite","@id":"https:\/\/www.vulcania.com\/science\/#website","url":"https:\/\/www.vulcania.com\/science\/","name":"Vulcania Sciences","description":"","publisher":{"@id":"https:\/\/www.vulcania.com\/science\/#organization"},"potentialAction":[{"@type":"SearchAction","target":{"@type":"EntryPoint","urlTemplate":"https:\/\/www.vulcania.com\/science\/?s={search_term_string}"},"query-input":"required name=search_term_string"}],"inLanguage":"fr-FR"},{"@type":"Organization","@id":"https:\/\/www.vulcania.com\/science\/#organization","name":"Vulcania Sciences","url":"https:\/\/www.vulcania.com\/science\/","logo":{"@type":"ImageObject","inLanguage":"fr-FR","@id":"https:\/\/www.vulcania.com\/science\/#\/schema\/logo\/image\/","url":"https:\/\/www.vulcania.com\/science\/wp-content\/uploads\/2017\/06\/logo.png","contentUrl":"https:\/\/www.vulcania.com\/science\/wp-content\/uploads\/2017\/06\/logo.png","width":314,"height":142,"caption":"Vulcania Sciences"},"image":{"@id":"https:\/\/www.vulcania.com\/science\/#\/schema\/logo\/image\/"},"sameAs":["https:\/\/www.facebook.com\/ParcVulcania","https:\/\/twitter.com\/parc_vulcania","https:\/\/www.youtube.com\/user\/ParcVulcania"]}]}},"_links":{"self":[{"href":"https:\/\/www.vulcania.com\/science\/wp-json\/wp\/v2\/pages\/674"}],"collection":[{"href":"https:\/\/www.vulcania.com\/science\/wp-json\/wp\/v2\/pages"}],"about":[{"href":"https:\/\/www.vulcania.com\/science\/wp-json\/wp\/v2\/types\/page"}],"author":[{"embeddable":true,"href":"https:\/\/www.vulcania.com\/science\/wp-json\/wp\/v2\/users\/1"}],"replies":[{"embeddable":true,"href":"https:\/\/www.vulcania.com\/science\/wp-json\/wp\/v2\/comments?post=674"}],"version-history":[{"count":9,"href":"https:\/\/www.vulcania.com\/science\/wp-json\/wp\/v2\/pages\/674\/revisions"}],"predecessor-version":[{"id":1409,"href":"https:\/\/www.vulcania.com\/science\/wp-json\/wp\/v2\/pages\/674\/revisions\/1409"}],"wp:featuredmedia":[{"embeddable":true,"href":"https:\/\/www.vulcania.com\/science\/wp-json\/wp\/v2\/media\/917"}],"wp:attachment":[{"href":"https:\/\/www.vulcania.com\/science\/wp-json\/wp\/v2\/media?parent=674"}],"wp:term":[{"taxonomy":"tags","embeddable":true,"href":"https:\/\/www.vulcania.com\/science\/wp-json\/wp\/v2\/tags?post=674"}],"curies":[{"name":"wp","href":"https:\/\/api.w.org\/{rel}","templated":true}]}}