{"id":684,"date":"2022-11-03T10:24:56","date_gmt":"2022-11-03T09:24:56","guid":{"rendered":"https:\/\/www.vulcania.com\/science\/?page_id=684"},"modified":"2023-03-08T12:01:26","modified_gmt":"2023-03-08T11:01:26","slug":"les-phenomenes-naturels","status":"publish","type":"page","link":"https:\/\/www.vulcania.com\/science\/les-phenomenes-naturels\/","title":{"rendered":"Les ph\u00e9nom\u00e8nes naturels"},"content":{"rendered":"<div class=\"wpb-content-wrapper\"><p>[vc_row][vc_column][vc_column_text el_class=\u00a0\u00bbintro\u00a0\u00bb]Retrouvez le contenu r\u00e9dig\u00e9 par l\u2019\u00e9quipe scientifique de Vulcania sur les ph\u00e9nom\u00e8nes naturels\u00a0:[\/vc_column_text][vc_basic_grid post_type=\u00a0\u00bbpage\u00a0\u00bb max_items=\u00a0\u00bb-1&Prime; element_width=\u00a0\u00bb3&Prime; item=\u00a0\u00bb573&Prime; grid_id=\u00a0\u00bbvc_gid:1678273280333-149455b7-ab2b-3&Prime; taxonomies=\u00a0\u00bb20&Prime;][\/vc_column][\/vc_row]<\/p>\n<\/div>","protected":false},"excerpt":{"rendered":"<p>[vc_row][vc_column][vc_column_text el_class=\u00a0\u00bbintro\u00a0\u00bb]Retrouvez le contenu r\u00e9dig\u00e9 par l\u2019\u00e9quipe scientifique de Vulcania sur les ph\u00e9nom\u00e8nes naturels\u00a0:[\/vc_column_text][vc_basic_grid post_type=\u00a0\u00bbpage\u00a0\u00bb max_items=\u00a0\u00bb-1&Prime; element_width=\u00a0\u00bb3&Prime; item=\u00a0\u00bb573&Prime; grid_id=\u00a0\u00bbvc_gid:1678273280333-149455b7-ab2b-3&Prime; taxonomies=\u00a0\u00bb20&Prime;][\/vc_column][\/vc_row]<\/p>\n","protected":false},"author":1,"featured_media":946,"parent":0,"menu_order":2,"comment_status":"closed","ping_status":"closed","template":"","meta":{"footnotes":""},"tags":[11],"acf":[],"yoast_head":"<!-- This site is optimized with the Yoast SEO plugin v21.9.1 - https:\/\/yoast.com\/wordpress\/plugins\/seo\/ -->\n<title>Retrouvez les articles de Vulcania sur les ph\u00e9nom\u00e8nes naturels<\/title>\n<meta name=\"description\" content=\"Consultez les ressources des scientifiques de Vulcania sur les ph\u00e9nom\u00e8nes naturels : risques li\u00e9s aux s\u00e9ismes et structure terrestre.\" \/>\n<meta name=\"robots\" content=\"index, follow, max-snippet:-1, max-image-preview:large, max-video-preview:-1\" \/>\n<link rel=\"canonical\" href=\"https:\/\/www.vulcania.com\/science\/les-phenomenes-naturels\/\" \/>\n<meta property=\"og:locale\" content=\"fr_FR\" \/>\n<meta property=\"og:type\" content=\"article\" \/>\n<meta property=\"og:title\" content=\"Retrouvez les articles de Vulcania sur les ph\u00e9nom\u00e8nes naturels\" \/>\n<meta property=\"og:description\" content=\"Consultez les ressources des scientifiques de Vulcania sur les ph\u00e9nom\u00e8nes naturels : risques li\u00e9s aux s\u00e9ismes et structure terrestre.\" \/>\n<meta property=\"og:url\" content=\"https:\/\/www.vulcania.com\/science\/les-phenomenes-naturels\/\" \/>\n<meta property=\"og:site_name\" content=\"Vulcania Sciences\" \/>\n<meta property=\"article:publisher\" content=\"https:\/\/www.facebook.com\/ParcVulcania\" \/>\n<meta property=\"article:modified_time\" content=\"2023-03-08T11:01:26+00:00\" \/>\n<meta property=\"og:image\" content=\"https:\/\/www.vulcania.com\/science\/wp-content\/uploads\/2023\/02\/opengraph_les-phenomenes-naturels_1200x630.jpg\" \/>\n\t<meta property=\"og:image:width\" content=\"1200\" \/>\n\t<meta property=\"og:image:height\" content=\"630\" \/>\n\t<meta property=\"og:image:type\" content=\"image\/jpeg\" \/>\n<meta name=\"twitter:card\" content=\"summary_large_image\" \/>\n<meta name=\"twitter:title\" content=\"Retrouvez les articles de Vulcania sur les ph\u00e9nom\u00e8nes naturels\" \/>\n<meta name=\"twitter:description\" content=\"Consultez les ressources des scientifiques de Vulcania sur les ph\u00e9nom\u00e8nes naturels : risques li\u00e9s aux s\u00e9ismes et structure terrestre.\" \/>\n<meta name=\"twitter:image\" content=\"https:\/\/www.vulcania.com\/science\/wp-content\/uploads\/2023\/02\/opengraph_les-phenomenes-naturels_1200x630.jpg\" \/>\n<meta name=\"twitter:site\" content=\"@parc_vulcania\" \/>\n<meta name=\"twitter:label1\" content=\"Dur\u00e9e de lecture estim\u00e9e\" \/>\n\t<meta name=\"twitter:data1\" content=\"1 minute\" \/>\n<script type=\"application\/ld+json\" class=\"yoast-schema-graph\">{\"@context\":\"https:\/\/schema.org\",\"@graph\":[{\"@type\":\"WebPage\",\"@id\":\"https:\/\/www.vulcania.com\/science\/les-phenomenes-naturels\/\",\"url\":\"https:\/\/www.vulcania.com\/science\/les-phenomenes-naturels\/\",\"name\":\"Retrouvez les articles de Vulcania sur les ph\u00e9nom\u00e8nes naturels\",\"isPartOf\":{\"@id\":\"https:\/\/www.vulcania.com\/science\/#website\"},\"datePublished\":\"2022-11-03T09:24:56+00:00\",\"dateModified\":\"2023-03-08T11:01:26+00:00\",\"description\":\"Consultez les ressources des scientifiques de Vulcania sur les ph\u00e9nom\u00e8nes naturels : risques li\u00e9s aux s\u00e9ismes et structure terrestre.\",\"breadcrumb\":{\"@id\":\"https:\/\/www.vulcania.com\/science\/les-phenomenes-naturels\/#breadcrumb\"},\"inLanguage\":\"fr-FR\",\"potentialAction\":[{\"@type\":\"ReadAction\",\"target\":[\"https:\/\/www.vulcania.com\/science\/les-phenomenes-naturels\/\"]}]},{\"@type\":\"BreadcrumbList\",\"@id\":\"https:\/\/www.vulcania.com\/science\/les-phenomenes-naturels\/#breadcrumb\",\"itemListElement\":[{\"@type\":\"ListItem\",\"position\":1,\"name\":\"Accueil\",\"item\":\"https:\/\/www.vulcania.com\/science\/\"},{\"@type\":\"ListItem\",\"position\":2,\"name\":\"Les ph\u00e9nom\u00e8nes naturels\"}]},{\"@type\":\"WebSite\",\"@id\":\"https:\/\/www.vulcania.com\/science\/#website\",\"url\":\"https:\/\/www.vulcania.com\/science\/\",\"name\":\"Vulcania Sciences\",\"description\":\"\",\"publisher\":{\"@id\":\"https:\/\/www.vulcania.com\/science\/#organization\"},\"potentialAction\":[{\"@type\":\"SearchAction\",\"target\":{\"@type\":\"EntryPoint\",\"urlTemplate\":\"https:\/\/www.vulcania.com\/science\/?s={search_term_string}\"},\"query-input\":\"required name=search_term_string\"}],\"inLanguage\":\"fr-FR\"},{\"@type\":\"Organization\",\"@id\":\"https:\/\/www.vulcania.com\/science\/#organization\",\"name\":\"Vulcania Sciences\",\"url\":\"https:\/\/www.vulcania.com\/science\/\",\"logo\":{\"@type\":\"ImageObject\",\"inLanguage\":\"fr-FR\",\"@id\":\"https:\/\/www.vulcania.com\/science\/#\/schema\/logo\/image\/\",\"url\":\"https:\/\/www.vulcania.com\/science\/wp-content\/uploads\/2017\/06\/logo.png\",\"contentUrl\":\"https:\/\/www.vulcania.com\/science\/wp-content\/uploads\/2017\/06\/logo.png\",\"width\":314,\"height\":142,\"caption\":\"Vulcania Sciences\"},\"image\":{\"@id\":\"https:\/\/www.vulcania.com\/science\/#\/schema\/logo\/image\/\"},\"sameAs\":[\"https:\/\/www.facebook.com\/ParcVulcania\",\"https:\/\/twitter.com\/parc_vulcania\",\"https:\/\/www.youtube.com\/user\/ParcVulcania\"]}]}<\/script>\n<!-- \/ Yoast SEO plugin. -->","yoast_head_json":{"title":"Retrouvez les articles de Vulcania sur les ph\u00e9nom\u00e8nes naturels","description":"Consultez les ressources des scientifiques de Vulcania sur les ph\u00e9nom\u00e8nes naturels : risques li\u00e9s aux s\u00e9ismes et structure terrestre.","robots":{"index":"index","follow":"follow","max-snippet":"max-snippet:-1","max-image-preview":"max-image-preview:large","max-video-preview":"max-video-preview:-1"},"canonical":"https:\/\/www.vulcania.com\/science\/les-phenomenes-naturels\/","og_locale":"fr_FR","og_type":"article","og_title":"Retrouvez les articles de Vulcania sur les ph\u00e9nom\u00e8nes naturels","og_description":"Consultez les ressources des scientifiques de Vulcania sur les ph\u00e9nom\u00e8nes naturels : risques li\u00e9s aux s\u00e9ismes et structure terrestre.","og_url":"https:\/\/www.vulcania.com\/science\/les-phenomenes-naturels\/","og_site_name":"Vulcania Sciences","article_publisher":"https:\/\/www.facebook.com\/ParcVulcania","article_modified_time":"2023-03-08T11:01:26+00:00","og_image":[{"width":1200,"height":630,"url":"https:\/\/www.vulcania.com\/science\/wp-content\/uploads\/2023\/02\/opengraph_les-phenomenes-naturels_1200x630.jpg","type":"image\/jpeg"}],"twitter_card":"summary_large_image","twitter_title":"Retrouvez les articles de Vulcania sur les ph\u00e9nom\u00e8nes naturels","twitter_description":"Consultez les ressources des scientifiques de Vulcania sur les ph\u00e9nom\u00e8nes naturels : risques li\u00e9s aux s\u00e9ismes et structure terrestre.","twitter_image":"https:\/\/www.vulcania.com\/science\/wp-content\/uploads\/2023\/02\/opengraph_les-phenomenes-naturels_1200x630.jpg","twitter_site":"@parc_vulcania","twitter_misc":{"Dur\u00e9e de lecture estim\u00e9e":"1 minute"},"schema":{"@context":"https:\/\/schema.org","@graph":[{"@type":"WebPage","@id":"https:\/\/www.vulcania.com\/science\/les-phenomenes-naturels\/","url":"https:\/\/www.vulcania.com\/science\/les-phenomenes-naturels\/","name":"Retrouvez les articles de Vulcania sur les ph\u00e9nom\u00e8nes naturels","isPartOf":{"@id":"https:\/\/www.vulcania.com\/science\/#website"},"datePublished":"2022-11-03T09:24:56+00:00","dateModified":"2023-03-08T11:01:26+00:00","description":"Consultez les ressources des scientifiques de Vulcania sur les ph\u00e9nom\u00e8nes naturels : risques li\u00e9s aux s\u00e9ismes et structure terrestre.","breadcrumb":{"@id":"https:\/\/www.vulcania.com\/science\/les-phenomenes-naturels\/#breadcrumb"},"inLanguage":"fr-FR","potentialAction":[{"@type":"ReadAction","target":["https:\/\/www.vulcania.com\/science\/les-phenomenes-naturels\/"]}]},{"@type":"BreadcrumbList","@id":"https:\/\/www.vulcania.com\/science\/les-phenomenes-naturels\/#breadcrumb","itemListElement":[{"@type":"ListItem","position":1,"name":"Accueil","item":"https:\/\/www.vulcania.com\/science\/"},{"@type":"ListItem","position":2,"name":"Les ph\u00e9nom\u00e8nes naturels"}]},{"@type":"WebSite","@id":"https:\/\/www.vulcania.com\/science\/#website","url":"https:\/\/www.vulcania.com\/science\/","name":"Vulcania Sciences","description":"","publisher":{"@id":"https:\/\/www.vulcania.com\/science\/#organization"},"potentialAction":[{"@type":"SearchAction","target":{"@type":"EntryPoint","urlTemplate":"https:\/\/www.vulcania.com\/science\/?s={search_term_string}"},"query-input":"required name=search_term_string"}],"inLanguage":"fr-FR"},{"@type":"Organization","@id":"https:\/\/www.vulcania.com\/science\/#organization","name":"Vulcania Sciences","url":"https:\/\/www.vulcania.com\/science\/","logo":{"@type":"ImageObject","inLanguage":"fr-FR","@id":"https:\/\/www.vulcania.com\/science\/#\/schema\/logo\/image\/","url":"https:\/\/www.vulcania.com\/science\/wp-content\/uploads\/2017\/06\/logo.png","contentUrl":"https:\/\/www.vulcania.com\/science\/wp-content\/uploads\/2017\/06\/logo.png","width":314,"height":142,"caption":"Vulcania Sciences"},"image":{"@id":"https:\/\/www.vulcania.com\/science\/#\/schema\/logo\/image\/"},"sameAs":["https:\/\/www.facebook.com\/ParcVulcania","https:\/\/twitter.com\/parc_vulcania","https:\/\/www.youtube.com\/user\/ParcVulcania"]}]}},"_links":{"self":[{"href":"https:\/\/www.vulcania.com\/science\/wp-json\/wp\/v2\/pages\/684"}],"collection":[{"href":"https:\/\/www.vulcania.com\/science\/wp-json\/wp\/v2\/pages"}],"about":[{"href":"https:\/\/www.vulcania.com\/science\/wp-json\/wp\/v2\/types\/page"}],"author":[{"embeddable":true,"href":"https:\/\/www.vulcania.com\/science\/wp-json\/wp\/v2\/users\/1"}],"replies":[{"embeddable":true,"href":"https:\/\/www.vulcania.com\/science\/wp-json\/wp\/v2\/comments?post=684"}],"version-history":[{"count":6,"href":"https:\/\/www.vulcania.com\/science\/wp-json\/wp\/v2\/pages\/684\/revisions"}],"predecessor-version":[{"id":1344,"href":"https:\/\/www.vulcania.com\/science\/wp-json\/wp\/v2\/pages\/684\/revisions\/1344"}],"wp:featuredmedia":[{"embeddable":true,"href":"https:\/\/www.vulcania.com\/science\/wp-json\/wp\/v2\/media\/946"}],"wp:attachment":[{"href":"https:\/\/www.vulcania.com\/science\/wp-json\/wp\/v2\/media?parent=684"}],"wp:term":[{"taxonomy":"tags","embeddable":true,"href":"https:\/\/www.vulcania.com\/science\/wp-json\/wp\/v2\/tags?post=684"}],"curies":[{"name":"wp","href":"https:\/\/api.w.org\/{rel}","templated":true}]}}