{"id":686,"date":"2022-11-03T10:26:22","date_gmt":"2022-11-03T09:26:22","guid":{"rendered":"https:\/\/www.vulcania.com\/science\/?page_id=686"},"modified":"2025-10-22T15:11:24","modified_gmt":"2025-10-22T13:11:24","slug":"la-terre-dans-lespace","status":"publish","type":"page","link":"https:\/\/www.vulcania.com\/science\/la-terre-dans-lespace\/","title":{"rendered":"La Terre dans l&rsquo;espace"},"content":{"rendered":"<div class=\"wpb-content-wrapper\"><p>[vc_row][vc_column][vc_column_text el_class=\u00a0\u00bbintro\u00a0\u00bb]Apprenez-en plus sur la structure de la plan\u00e8te Bleue et sur son environnement avec nos dossiers d\u00e9di\u00e9s \u00e0 l&rsquo;espace : parce que le volcanisme n\u2019est pas un ph\u00e9nom\u00e8ne uniquement pr\u00e9sent sur Terre, notre \u00e9quipe scientifique vous embarque dans un voyage au c\u0153ur de notre Syst\u00e8me Solaire, \u00e0 la d\u00e9couverte de <a href=\"\/science\/volcans\/volcanisme-extraterrestre\/\" target=\"_blank\" rel=\"noopener\">volcans sur d\u2019autres plan\u00e8tes et satellites<\/a> proches de nous.<\/p>\n<p>Levez \u00e9galement le myst\u00e8re sur les ph\u00e9nom\u00e8nes astronomiques\u00a0: comment se produit une \u00e9clipse et quelles sont <a href=\"\/science\/espace\/quest-ce-quune-eclipse\/\" target=\"_blank\" rel=\"noopener\">les diff\u00e9rents types d\u2019\u00e9clipses<\/a> observables ? D&rsquo;o\u00f9 viennent les <a href=\"\/science\/auvergne\/asteroides-et-meteorites\/\">ast\u00e9ro\u00efdes et les m\u00e9t\u00e9orites<\/a> et quels sont les risques pour notre plan\u00e8te ?\u00a0? Nos scientifiques vous r\u00e9pondent\u00a0![\/vc_column_text][vc_basic_grid post_type=\u00a0\u00bbpage\u00a0\u00bb max_items=\u00a0\u00bb-1&Prime; element_width=\u00a0\u00bb3&Prime; item=\u00a0\u00bb573&Prime; grid_id=\u00a0\u00bbvc_gid:1720425710745-8ed7c4a4-1505-0&Prime; taxonomies=\u00a0\u00bb21&Prime;][\/vc_column][\/vc_row]<\/p>\n<\/div>","protected":false},"excerpt":{"rendered":"<p>[vc_row][vc_column][vc_column_text el_class=\u00a0\u00bbintro\u00a0\u00bb]Apprenez-en plus sur la structure de la plan\u00e8te Bleue et sur son environnement avec nos dossiers d\u00e9di\u00e9s \u00e0 l&rsquo;espace : parce que le volcanisme n\u2019est pas un ph\u00e9nom\u00e8ne uniquement pr\u00e9sent sur Terre, notre \u00e9quipe scientifique vous embarque dans un voyage au c\u0153ur de notre Syst\u00e8me Solaire, \u00e0 la d\u00e9couverte de volcans sur d\u2019autres plan\u00e8tes [&hellip;]<\/p>\n","protected":false},"author":1,"featured_media":662,"parent":0,"menu_order":3,"comment_status":"closed","ping_status":"closed","template":"","meta":{"footnotes":""},"tags":[11],"acf":[],"yoast_head":"<!-- This site is optimized with the Yoast SEO plugin v21.9.1 - https:\/\/yoast.com\/wordpress\/plugins\/seo\/ -->\n<title>La Terre dans l&#039;espace<\/title>\n<meta name=\"description\" content=\"Comment notre plan\u00e8te interagit-elle avec son environnement cosmique ? Explorez la place de La Terre dans l&#039;Espace et ses influences.\" \/>\n<meta name=\"robots\" content=\"index, follow, max-snippet:-1, max-image-preview:large, max-video-preview:-1\" \/>\n<link rel=\"canonical\" href=\"https:\/\/www.vulcania.com\/science\/la-terre-dans-lespace\/\" \/>\n<meta property=\"og:locale\" content=\"fr_FR\" \/>\n<meta property=\"og:type\" content=\"article\" \/>\n<meta property=\"og:title\" content=\"La Terre dans l&#039;espace\" \/>\n<meta property=\"og:description\" content=\"Comment notre plan\u00e8te interagit-elle avec son environnement cosmique ? Explorez la place de La Terre dans l&#039;Espace et ses influences.\" \/>\n<meta property=\"og:url\" content=\"https:\/\/www.vulcania.com\/science\/la-terre-dans-lespace\/\" \/>\n<meta property=\"og:site_name\" content=\"Vulcania Sciences\" \/>\n<meta property=\"article:publisher\" content=\"https:\/\/www.facebook.com\/ParcVulcania\" \/>\n<meta property=\"article:modified_time\" content=\"2025-10-22T13:11:24+00:00\" \/>\n<meta property=\"og:image\" content=\"https:\/\/www.vulcania.com\/science\/wp-content\/uploads\/2022\/10\/thematique-la-terre-dans-l-espace.jpg\" \/>\n\t<meta property=\"og:image:width\" content=\"1170\" \/>\n\t<meta property=\"og:image:height\" content=\"1000\" \/>\n\t<meta property=\"og:image:type\" content=\"image\/jpeg\" \/>\n<meta name=\"twitter:card\" content=\"summary_large_image\" \/>\n<meta name=\"twitter:site\" content=\"@parc_vulcania\" \/>\n<meta name=\"twitter:label1\" content=\"Dur\u00e9e de lecture estim\u00e9e\" \/>\n\t<meta name=\"twitter:data1\" content=\"1 minute\" \/>\n<script type=\"application\/ld+json\" class=\"yoast-schema-graph\">{\"@context\":\"https:\/\/schema.org\",\"@graph\":[{\"@type\":\"WebPage\",\"@id\":\"https:\/\/www.vulcania.com\/science\/la-terre-dans-lespace\/\",\"url\":\"https:\/\/www.vulcania.com\/science\/la-terre-dans-lespace\/\",\"name\":\"La Terre dans l'espace\",\"isPartOf\":{\"@id\":\"https:\/\/www.vulcania.com\/science\/#website\"},\"datePublished\":\"2022-11-03T09:26:22+00:00\",\"dateModified\":\"2025-10-22T13:11:24+00:00\",\"description\":\"Comment notre plan\u00e8te interagit-elle avec son environnement cosmique ? Explorez la place de La Terre dans l'Espace et ses influences.\",\"breadcrumb\":{\"@id\":\"https:\/\/www.vulcania.com\/science\/la-terre-dans-lespace\/#breadcrumb\"},\"inLanguage\":\"fr-FR\",\"potentialAction\":[{\"@type\":\"ReadAction\",\"target\":[\"https:\/\/www.vulcania.com\/science\/la-terre-dans-lespace\/\"]}]},{\"@type\":\"BreadcrumbList\",\"@id\":\"https:\/\/www.vulcania.com\/science\/la-terre-dans-lespace\/#breadcrumb\",\"itemListElement\":[{\"@type\":\"ListItem\",\"position\":1,\"name\":\"Accueil\",\"item\":\"https:\/\/www.vulcania.com\/science\/\"},{\"@type\":\"ListItem\",\"position\":2,\"name\":\"La Terre dans l&rsquo;espace\"}]},{\"@type\":\"WebSite\",\"@id\":\"https:\/\/www.vulcania.com\/science\/#website\",\"url\":\"https:\/\/www.vulcania.com\/science\/\",\"name\":\"Vulcania Sciences\",\"description\":\"\",\"publisher\":{\"@id\":\"https:\/\/www.vulcania.com\/science\/#organization\"},\"potentialAction\":[{\"@type\":\"SearchAction\",\"target\":{\"@type\":\"EntryPoint\",\"urlTemplate\":\"https:\/\/www.vulcania.com\/science\/?s={search_term_string}\"},\"query-input\":\"required name=search_term_string\"}],\"inLanguage\":\"fr-FR\"},{\"@type\":\"Organization\",\"@id\":\"https:\/\/www.vulcania.com\/science\/#organization\",\"name\":\"Vulcania Sciences\",\"url\":\"https:\/\/www.vulcania.com\/science\/\",\"logo\":{\"@type\":\"ImageObject\",\"inLanguage\":\"fr-FR\",\"@id\":\"https:\/\/www.vulcania.com\/science\/#\/schema\/logo\/image\/\",\"url\":\"https:\/\/www.vulcania.com\/science\/wp-content\/uploads\/2017\/06\/logo.png\",\"contentUrl\":\"https:\/\/www.vulcania.com\/science\/wp-content\/uploads\/2017\/06\/logo.png\",\"width\":314,\"height\":142,\"caption\":\"Vulcania Sciences\"},\"image\":{\"@id\":\"https:\/\/www.vulcania.com\/science\/#\/schema\/logo\/image\/\"},\"sameAs\":[\"https:\/\/www.facebook.com\/ParcVulcania\",\"https:\/\/twitter.com\/parc_vulcania\",\"https:\/\/www.youtube.com\/user\/ParcVulcania\"]}]}<\/script>\n<!-- \/ Yoast SEO plugin. -->","yoast_head_json":{"title":"La Terre dans l'espace","description":"Comment notre plan\u00e8te interagit-elle avec son environnement cosmique ? Explorez la place de La Terre dans l'Espace et ses influences.","robots":{"index":"index","follow":"follow","max-snippet":"max-snippet:-1","max-image-preview":"max-image-preview:large","max-video-preview":"max-video-preview:-1"},"canonical":"https:\/\/www.vulcania.com\/science\/la-terre-dans-lespace\/","og_locale":"fr_FR","og_type":"article","og_title":"La Terre dans l'espace","og_description":"Comment notre plan\u00e8te interagit-elle avec son environnement cosmique ? Explorez la place de La Terre dans l'Espace et ses influences.","og_url":"https:\/\/www.vulcania.com\/science\/la-terre-dans-lespace\/","og_site_name":"Vulcania Sciences","article_publisher":"https:\/\/www.facebook.com\/ParcVulcania","article_modified_time":"2025-10-22T13:11:24+00:00","og_image":[{"width":1170,"height":1000,"url":"https:\/\/www.vulcania.com\/science\/wp-content\/uploads\/2022\/10\/thematique-la-terre-dans-l-espace.jpg","type":"image\/jpeg"}],"twitter_card":"summary_large_image","twitter_site":"@parc_vulcania","twitter_misc":{"Dur\u00e9e de lecture estim\u00e9e":"1 minute"},"schema":{"@context":"https:\/\/schema.org","@graph":[{"@type":"WebPage","@id":"https:\/\/www.vulcania.com\/science\/la-terre-dans-lespace\/","url":"https:\/\/www.vulcania.com\/science\/la-terre-dans-lespace\/","name":"La Terre dans l'espace","isPartOf":{"@id":"https:\/\/www.vulcania.com\/science\/#website"},"datePublished":"2022-11-03T09:26:22+00:00","dateModified":"2025-10-22T13:11:24+00:00","description":"Comment notre plan\u00e8te interagit-elle avec son environnement cosmique ? Explorez la place de La Terre dans l'Espace et ses influences.","breadcrumb":{"@id":"https:\/\/www.vulcania.com\/science\/la-terre-dans-lespace\/#breadcrumb"},"inLanguage":"fr-FR","potentialAction":[{"@type":"ReadAction","target":["https:\/\/www.vulcania.com\/science\/la-terre-dans-lespace\/"]}]},{"@type":"BreadcrumbList","@id":"https:\/\/www.vulcania.com\/science\/la-terre-dans-lespace\/#breadcrumb","itemListElement":[{"@type":"ListItem","position":1,"name":"Accueil","item":"https:\/\/www.vulcania.com\/science\/"},{"@type":"ListItem","position":2,"name":"La Terre dans l&rsquo;espace"}]},{"@type":"WebSite","@id":"https:\/\/www.vulcania.com\/science\/#website","url":"https:\/\/www.vulcania.com\/science\/","name":"Vulcania Sciences","description":"","publisher":{"@id":"https:\/\/www.vulcania.com\/science\/#organization"},"potentialAction":[{"@type":"SearchAction","target":{"@type":"EntryPoint","urlTemplate":"https:\/\/www.vulcania.com\/science\/?s={search_term_string}"},"query-input":"required name=search_term_string"}],"inLanguage":"fr-FR"},{"@type":"Organization","@id":"https:\/\/www.vulcania.com\/science\/#organization","name":"Vulcania Sciences","url":"https:\/\/www.vulcania.com\/science\/","logo":{"@type":"ImageObject","inLanguage":"fr-FR","@id":"https:\/\/www.vulcania.com\/science\/#\/schema\/logo\/image\/","url":"https:\/\/www.vulcania.com\/science\/wp-content\/uploads\/2017\/06\/logo.png","contentUrl":"https:\/\/www.vulcania.com\/science\/wp-content\/uploads\/2017\/06\/logo.png","width":314,"height":142,"caption":"Vulcania Sciences"},"image":{"@id":"https:\/\/www.vulcania.com\/science\/#\/schema\/logo\/image\/"},"sameAs":["https:\/\/www.facebook.com\/ParcVulcania","https:\/\/twitter.com\/parc_vulcania","https:\/\/www.youtube.com\/user\/ParcVulcania"]}]}},"_links":{"self":[{"href":"https:\/\/www.vulcania.com\/science\/wp-json\/wp\/v2\/pages\/686"}],"collection":[{"href":"https:\/\/www.vulcania.com\/science\/wp-json\/wp\/v2\/pages"}],"about":[{"href":"https:\/\/www.vulcania.com\/science\/wp-json\/wp\/v2\/types\/page"}],"author":[{"embeddable":true,"href":"https:\/\/www.vulcania.com\/science\/wp-json\/wp\/v2\/users\/1"}],"replies":[{"embeddable":true,"href":"https:\/\/www.vulcania.com\/science\/wp-json\/wp\/v2\/comments?post=686"}],"version-history":[{"count":10,"href":"https:\/\/www.vulcania.com\/science\/wp-json\/wp\/v2\/pages\/686\/revisions"}],"predecessor-version":[{"id":1707,"href":"https:\/\/www.vulcania.com\/science\/wp-json\/wp\/v2\/pages\/686\/revisions\/1707"}],"wp:featuredmedia":[{"embeddable":true,"href":"https:\/\/www.vulcania.com\/science\/wp-json\/wp\/v2\/media\/662"}],"wp:attachment":[{"href":"https:\/\/www.vulcania.com\/science\/wp-json\/wp\/v2\/media?parent=686"}],"wp:term":[{"taxonomy":"tags","embeddable":true,"href":"https:\/\/www.vulcania.com\/science\/wp-json\/wp\/v2\/tags?post=686"}],"curies":[{"name":"wp","href":"https:\/\/api.w.org\/{rel}","templated":true}]}}