{"id":95,"date":"2017-05-17T11:49:56","date_gmt":"2017-05-17T09:49:56","guid":{"rendered":"http:\/\/vulcania-sciences.scopika.com\/?page_id=95"},"modified":"2025-10-31T11:55:42","modified_gmt":"2025-10-31T10:55:42","slug":"volcans","status":"publish","type":"page","link":"https:\/\/www.vulcania.com\/science\/volcans\/","title":{"rendered":"Volcans"},"content":{"rendered":"<div class=\"wpb-content-wrapper\"><p>[vc_row][vc_column][vc_column_text el_class=\u00a0\u00bbintro\u00a0\u00bb]Explorez la section du blog scientifique de Vulcania d\u00e9di\u00e9e aux volcans, des ph\u00e9nom\u00e8nes terrestres complexes aux \u00e9ruptions spectaculaires. Retrouvez sur cette page l&rsquo;essentiel pour comprendre la volcanologie.[\/vc_column_text][vc_column_text]<\/p>\n<h2>Fonctionnement et Localisation<\/h2>\n<p>D\u00e9couvrez les m\u00e9canismes fondamentaux qui animent ces g\u00e9ants de la Terre.<\/p>\n<h3>Les volcans, comment \u00e7a marche ?<\/h3>\n<p>Apprenez-en plus sur la formation du magma et son ascension.<\/p>\n<h3>O\u00f9 se trouvent les volcans ?<\/h3>\n<p>L&rsquo;activit\u00e9 volcanique est directement li\u00e9e \u00e0 la tectonique des plaques, dessinant des zones g\u00e9ographiques sp\u00e9cifiques \u00e0 travers le monde.<\/p>\n<h2>Typologie des \u00e9ruptions volcaniques<\/h2>\n<p>Tous les volcans n&rsquo;entrent pas en \u00e9ruption de la m\u00eame mani\u00e8re. Plongez dans les <b>diff\u00e9rents types d&rsquo;\u00e9ruptions<\/b>, des plus effusives aux plus explosives, pour saisir la diversit\u00e9 et la puissance de ces \u00e9v\u00e9nements naturels.<\/p>\n<h2>Le volcanisme ailleurs<\/h2>\n<p>Les ph\u00e9nom\u00e8nes volcaniques ne se limitent pas \u00e0 notre plan\u00e8te&#8230; Abordez \u00e9galement le <b>volcanisme extraterrestre<\/b> pour comprendre comment la roche en fusion fa\u00e7onne d&rsquo;autres corps c\u00e9lestes de notre syst\u00e8me solaire.<\/p>\n<h2>Pour aller plus loin sur les volcans&#8230;<\/h2>\n<p>Retrouvez des faits insolites dans la rubrique <b>Le saviez-vous ? \u2013 Volcans<\/b>, ainsi que des <b>podcasts<\/b> pour approfondir vos connaissances sur le Massif Central.[\/vc_column_text][vc_basic_grid post_type=\u00a0\u00bbpage\u00a0\u00bb max_items=\u00a0\u00bb10&Prime; element_width=\u00a0\u00bb3&Prime; item=\u00a0\u00bb573&Prime; grid_id=\u00a0\u00bbvc_gid:1761908117263-d804ea48-97e8-10&Prime; taxonomies=\u00a0\u00bb16&Prime;][\/vc_column][\/vc_row]<\/p>\n<\/div>","protected":false},"excerpt":{"rendered":"<p>[vc_row][vc_column][vc_column_text el_class=\u00a0\u00bbintro\u00a0\u00bb]Explorez la section du blog scientifique de Vulcania d\u00e9di\u00e9e aux volcans, des ph\u00e9nom\u00e8nes terrestres complexes aux \u00e9ruptions spectaculaires. Retrouvez sur cette page l&rsquo;essentiel pour comprendre la volcanologie.[\/vc_column_text][vc_column_text] Fonctionnement et Localisation D\u00e9couvrez les m\u00e9canismes fondamentaux qui animent ces g\u00e9ants de la Terre. Les volcans, comment \u00e7a marche ? Apprenez-en plus sur la formation du magma [&hellip;]<\/p>\n","protected":false},"author":1,"featured_media":0,"parent":0,"menu_order":0,"comment_status":"closed","ping_status":"closed","template":"","meta":{"footnotes":""},"tags":[],"acf":[],"yoast_head":"<!-- This site is optimized with the Yoast SEO plugin v21.9.1 - https:\/\/yoast.com\/wordpress\/plugins\/seo\/ -->\n<title>Volcans<\/title>\n<meta name=\"description\" content=\"Tout savoir sur les volcans avec les articles r\u00e9dig\u00e9s par l&#039;\u00e9quipe scientifique de Vulcania : formation, types d&#039;\u00e9ruptions et impacts.\" \/>\n<meta name=\"robots\" content=\"index, follow, max-snippet:-1, max-image-preview:large, max-video-preview:-1\" \/>\n<link rel=\"canonical\" href=\"https:\/\/www.vulcania.com\/science\/volcans\/\" \/>\n<meta property=\"og:locale\" content=\"fr_FR\" \/>\n<meta property=\"og:type\" content=\"article\" \/>\n<meta property=\"og:title\" content=\"Volcans\" \/>\n<meta property=\"og:description\" content=\"Tout savoir sur les volcans avec les articles r\u00e9dig\u00e9s par l&#039;\u00e9quipe scientifique de Vulcania : formation, types d&#039;\u00e9ruptions et impacts.\" \/>\n<meta property=\"og:url\" content=\"https:\/\/www.vulcania.com\/science\/volcans\/\" \/>\n<meta property=\"og:site_name\" content=\"Vulcania Sciences\" \/>\n<meta property=\"article:publisher\" content=\"https:\/\/www.facebook.com\/ParcVulcania\" \/>\n<meta property=\"article:modified_time\" content=\"2025-10-31T10:55:42+00:00\" \/>\n<meta property=\"og:image\" content=\"https:\/\/www.vulcania.com\/science\/wp-content\/uploads\/2022\/10\/logo-vulcania-sciences.png\" \/>\n\t<meta property=\"og:image:width\" content=\"750\" \/>\n\t<meta property=\"og:image:height\" content=\"300\" \/>\n\t<meta property=\"og:image:type\" content=\"image\/png\" \/>\n<meta name=\"twitter:card\" content=\"summary_large_image\" \/>\n<meta name=\"twitter:site\" content=\"@parc_vulcania\" \/>\n<meta name=\"twitter:label1\" content=\"Dur\u00e9e de lecture estim\u00e9e\" \/>\n\t<meta name=\"twitter:data1\" content=\"1 minute\" \/>\n<script type=\"application\/ld+json\" class=\"yoast-schema-graph\">{\"@context\":\"https:\/\/schema.org\",\"@graph\":[{\"@type\":\"WebPage\",\"@id\":\"https:\/\/www.vulcania.com\/science\/volcans\/\",\"url\":\"https:\/\/www.vulcania.com\/science\/volcans\/\",\"name\":\"Volcans\",\"isPartOf\":{\"@id\":\"https:\/\/www.vulcania.com\/science\/#website\"},\"datePublished\":\"2017-05-17T09:49:56+00:00\",\"dateModified\":\"2025-10-31T10:55:42+00:00\",\"description\":\"Tout savoir sur les volcans avec les articles r\u00e9dig\u00e9s par l'\u00e9quipe scientifique de Vulcania : formation, types d'\u00e9ruptions et impacts.\",\"breadcrumb\":{\"@id\":\"https:\/\/www.vulcania.com\/science\/volcans\/#breadcrumb\"},\"inLanguage\":\"fr-FR\",\"potentialAction\":[{\"@type\":\"ReadAction\",\"target\":[\"https:\/\/www.vulcania.com\/science\/volcans\/\"]}]},{\"@type\":\"BreadcrumbList\",\"@id\":\"https:\/\/www.vulcania.com\/science\/volcans\/#breadcrumb\",\"itemListElement\":[{\"@type\":\"ListItem\",\"position\":1,\"name\":\"Accueil\",\"item\":\"https:\/\/www.vulcania.com\/science\/\"},{\"@type\":\"ListItem\",\"position\":2,\"name\":\"Volcans\"}]},{\"@type\":\"WebSite\",\"@id\":\"https:\/\/www.vulcania.com\/science\/#website\",\"url\":\"https:\/\/www.vulcania.com\/science\/\",\"name\":\"Vulcania Sciences\",\"description\":\"\",\"publisher\":{\"@id\":\"https:\/\/www.vulcania.com\/science\/#organization\"},\"potentialAction\":[{\"@type\":\"SearchAction\",\"target\":{\"@type\":\"EntryPoint\",\"urlTemplate\":\"https:\/\/www.vulcania.com\/science\/?s={search_term_string}\"},\"query-input\":\"required name=search_term_string\"}],\"inLanguage\":\"fr-FR\"},{\"@type\":\"Organization\",\"@id\":\"https:\/\/www.vulcania.com\/science\/#organization\",\"name\":\"Vulcania Sciences\",\"url\":\"https:\/\/www.vulcania.com\/science\/\",\"logo\":{\"@type\":\"ImageObject\",\"inLanguage\":\"fr-FR\",\"@id\":\"https:\/\/www.vulcania.com\/science\/#\/schema\/logo\/image\/\",\"url\":\"https:\/\/www.vulcania.com\/science\/wp-content\/uploads\/2017\/06\/logo.png\",\"contentUrl\":\"https:\/\/www.vulcania.com\/science\/wp-content\/uploads\/2017\/06\/logo.png\",\"width\":314,\"height\":142,\"caption\":\"Vulcania Sciences\"},\"image\":{\"@id\":\"https:\/\/www.vulcania.com\/science\/#\/schema\/logo\/image\/\"},\"sameAs\":[\"https:\/\/www.facebook.com\/ParcVulcania\",\"https:\/\/twitter.com\/parc_vulcania\",\"https:\/\/www.youtube.com\/user\/ParcVulcania\"]}]}<\/script>\n<!-- \/ Yoast SEO plugin. -->","yoast_head_json":{"title":"Volcans","description":"Tout savoir sur les volcans avec les articles r\u00e9dig\u00e9s par l'\u00e9quipe scientifique de Vulcania : formation, types d'\u00e9ruptions et impacts.","robots":{"index":"index","follow":"follow","max-snippet":"max-snippet:-1","max-image-preview":"max-image-preview:large","max-video-preview":"max-video-preview:-1"},"canonical":"https:\/\/www.vulcania.com\/science\/volcans\/","og_locale":"fr_FR","og_type":"article","og_title":"Volcans","og_description":"Tout savoir sur les volcans avec les articles r\u00e9dig\u00e9s par l'\u00e9quipe scientifique de Vulcania : formation, types d'\u00e9ruptions et impacts.","og_url":"https:\/\/www.vulcania.com\/science\/volcans\/","og_site_name":"Vulcania Sciences","article_publisher":"https:\/\/www.facebook.com\/ParcVulcania","article_modified_time":"2025-10-31T10:55:42+00:00","og_image":[{"width":750,"height":300,"url":"https:\/\/www.vulcania.com\/science\/wp-content\/uploads\/2022\/10\/logo-vulcania-sciences.png","type":"image\/png"}],"twitter_card":"summary_large_image","twitter_site":"@parc_vulcania","twitter_misc":{"Dur\u00e9e de lecture estim\u00e9e":"1 minute"},"schema":{"@context":"https:\/\/schema.org","@graph":[{"@type":"WebPage","@id":"https:\/\/www.vulcania.com\/science\/volcans\/","url":"https:\/\/www.vulcania.com\/science\/volcans\/","name":"Volcans","isPartOf":{"@id":"https:\/\/www.vulcania.com\/science\/#website"},"datePublished":"2017-05-17T09:49:56+00:00","dateModified":"2025-10-31T10:55:42+00:00","description":"Tout savoir sur les volcans avec les articles r\u00e9dig\u00e9s par l'\u00e9quipe scientifique de Vulcania : formation, types d'\u00e9ruptions et impacts.","breadcrumb":{"@id":"https:\/\/www.vulcania.com\/science\/volcans\/#breadcrumb"},"inLanguage":"fr-FR","potentialAction":[{"@type":"ReadAction","target":["https:\/\/www.vulcania.com\/science\/volcans\/"]}]},{"@type":"BreadcrumbList","@id":"https:\/\/www.vulcania.com\/science\/volcans\/#breadcrumb","itemListElement":[{"@type":"ListItem","position":1,"name":"Accueil","item":"https:\/\/www.vulcania.com\/science\/"},{"@type":"ListItem","position":2,"name":"Volcans"}]},{"@type":"WebSite","@id":"https:\/\/www.vulcania.com\/science\/#website","url":"https:\/\/www.vulcania.com\/science\/","name":"Vulcania Sciences","description":"","publisher":{"@id":"https:\/\/www.vulcania.com\/science\/#organization"},"potentialAction":[{"@type":"SearchAction","target":{"@type":"EntryPoint","urlTemplate":"https:\/\/www.vulcania.com\/science\/?s={search_term_string}"},"query-input":"required name=search_term_string"}],"inLanguage":"fr-FR"},{"@type":"Organization","@id":"https:\/\/www.vulcania.com\/science\/#organization","name":"Vulcania Sciences","url":"https:\/\/www.vulcania.com\/science\/","logo":{"@type":"ImageObject","inLanguage":"fr-FR","@id":"https:\/\/www.vulcania.com\/science\/#\/schema\/logo\/image\/","url":"https:\/\/www.vulcania.com\/science\/wp-content\/uploads\/2017\/06\/logo.png","contentUrl":"https:\/\/www.vulcania.com\/science\/wp-content\/uploads\/2017\/06\/logo.png","width":314,"height":142,"caption":"Vulcania Sciences"},"image":{"@id":"https:\/\/www.vulcania.com\/science\/#\/schema\/logo\/image\/"},"sameAs":["https:\/\/www.facebook.com\/ParcVulcania","https:\/\/twitter.com\/parc_vulcania","https:\/\/www.youtube.com\/user\/ParcVulcania"]}]}},"_links":{"self":[{"href":"https:\/\/www.vulcania.com\/science\/wp-json\/wp\/v2\/pages\/95"}],"collection":[{"href":"https:\/\/www.vulcania.com\/science\/wp-json\/wp\/v2\/pages"}],"about":[{"href":"https:\/\/www.vulcania.com\/science\/wp-json\/wp\/v2\/types\/page"}],"author":[{"embeddable":true,"href":"https:\/\/www.vulcania.com\/science\/wp-json\/wp\/v2\/users\/1"}],"replies":[{"embeddable":true,"href":"https:\/\/www.vulcania.com\/science\/wp-json\/wp\/v2\/comments?post=95"}],"version-history":[{"count":6,"href":"https:\/\/www.vulcania.com\/science\/wp-json\/wp\/v2\/pages\/95\/revisions"}],"predecessor-version":[{"id":1942,"href":"https:\/\/www.vulcania.com\/science\/wp-json\/wp\/v2\/pages\/95\/revisions\/1942"}],"wp:attachment":[{"href":"https:\/\/www.vulcania.com\/science\/wp-json\/wp\/v2\/media?parent=95"}],"wp:term":[{"taxonomy":"tags","embeddable":true,"href":"https:\/\/www.vulcania.com\/science\/wp-json\/wp\/v2\/tags?post=95"}],"curies":[{"name":"wp","href":"https:\/\/api.w.org\/{rel}","templated":true}]}}